{"id":41683,"date":"2025-04-07T13:14:48","date_gmt":"2025-04-07T11:14:48","guid":{"rendered":"https:\/\/www.antderground.com\/producto\/echeveria-desmetiana\/"},"modified":"2025-04-07T13:14:48","modified_gmt":"2025-04-07T11:14:48","slug":"echeveria-desmetiana","status":"publish","type":"product","link":"https:\/\/antderground.com\/fr\/produit\/echeveria-desmetiana\/","title":{"rendered":"Echeveria desmetiana"},"content":{"rendered":"<h3 class=\"\" data-start=\"190\" data-end=\"236\"><strong data-start=\"194\" data-end=\"236\">Fiche technique : Echeveria desmetiana<\/strong><\/h3>\n<p class=\"\" data-start=\"238\" data-end=\"352\"><strong data-start=\"238\" data-end=\"254\">Nom commun :<\/strong> Echeveria desmetiana<br data-start=\"275\" data-end=\"278\" \/><strong data-start=\"278\" data-end=\"300\">Nom scientifique :<\/strong> <em data-start=\"301\" data-end=\"323\">Echeveria desmetiana<\/em><br data-start=\"323\" data-end=\"326\" \/><strong data-start=\"326\" data-end=\"339\">Famille :<\/strong> Crassulaceae<\/p>\n<p class=\"\" data-start=\"354\" data-end=\"732\"><strong data-start=\"354\" data-end=\"371\">Description :<\/strong><br data-start=\"371\" data-end=\"374\" \/><em data-start=\"374\" data-end=\"396\">Echeveria desmetiana<\/em> est une plante succulente originaire du Mexique, appr\u00e9ci\u00e9e pour ses feuilles \u00e9paisses, charnues et de couleur vert p\u00e2le \u00e0 gris\u00e2tre. Elle forme une rosette compacte, avec des bords ros\u00e9s lorsqu\u2019elle re\u00e7oit une lumi\u00e8re directe. Elle pousse lentement et est id\u00e9ale pour les jardins secs, les compositions de succulentes ou les terrariums.<\/p>\n<p class=\"\" data-start=\"734\" data-end=\"748\"><strong data-start=\"734\" data-end=\"746\">Taille :<\/strong><\/p>\n<ul data-start=\"749\" data-end=\"827\">\n<li class=\"\" data-start=\"749\" data-end=\"775\">\n<p class=\"\" data-start=\"751\" data-end=\"775\"><strong data-start=\"751\" data-end=\"764\">Hauteur :<\/strong> 15-20 cm<\/p>\n<\/li>\n<li class=\"\" data-start=\"776\" data-end=\"802\">\n<p class=\"\" data-start=\"778\" data-end=\"802\"><strong data-start=\"778\" data-end=\"791\">Largeur :<\/strong> 20-30 cm<\/p>\n<\/li>\n<li class=\"\" data-start=\"803\" data-end=\"827\">\n<p class=\"\" data-start=\"805\" data-end=\"827\"><strong data-start=\"805\" data-end=\"821\">Croissance :<\/strong> Lente<\/p>\n<\/li>\n<\/ul>\n<p class=\"\" data-start=\"829\" data-end=\"846\"><strong data-start=\"829\" data-end=\"844\">Entretien :<\/strong><\/p>\n<ul data-start=\"847\" data-end=\"1283\">\n<li class=\"\" data-start=\"847\" data-end=\"924\">\n<p class=\"\" data-start=\"849\" data-end=\"924\"><strong data-start=\"849\" data-end=\"862\">Lumi\u00e8re :<\/strong> Lumi\u00e8re directe ou indirecte intense. \u00c9viter l\u2019ombre dense.<\/p>\n<\/li>\n<li class=\"\" data-start=\"925\" data-end=\"999\">\n<p class=\"\" data-start=\"927\" data-end=\"999\"><strong data-start=\"927\" data-end=\"944\">Temp\u00e9rature :<\/strong> Id\u00e9alement entre 18 et 25\u00b0C. Ne supporte pas le gel.<\/p>\n<\/li>\n<li class=\"\" data-start=\"1000\" data-end=\"1110\">\n<p class=\"\" data-start=\"1002\" data-end=\"1110\"><strong data-start=\"1002\" data-end=\"1016\">Arrosage :<\/strong> Mod\u00e9r\u00e9, laisser le substrat s\u00e9cher compl\u00e8tement entre deux arrosages. \u00c9viter l&#8217;exc\u00e8s d&#8217;eau.<\/p>\n<\/li>\n<li class=\"\" data-start=\"1111\" data-end=\"1192\">\n<p class=\"\" data-start=\"1113\" data-end=\"1192\"><strong data-start=\"1113\" data-end=\"1127\">Substrat :<\/strong> Bien drain\u00e9, m\u00e9lange sp\u00e9cial cactus ou succulentes recommand\u00e9.<\/p>\n<\/li>\n<li class=\"\" data-start=\"1193\" data-end=\"1283\">\n<p class=\"\" data-start=\"1195\" data-end=\"1283\"><strong data-start=\"1195\" data-end=\"1208\">Engrais :<\/strong> Une fois par mois au printemps et en \u00e9t\u00e9, avec un engrais faible en azote.<\/p>\n<\/li>\n<\/ul>\n<p class=\"\" data-start=\"1285\" data-end=\"1305\"><strong data-start=\"1285\" data-end=\"1303\">Utilisations :<\/strong><\/p>\n<ul data-start=\"1306\" data-end=\"1510\">\n<li class=\"\" data-start=\"1306\" data-end=\"1401\">\n<p class=\"\" data-start=\"1308\" data-end=\"1401\"><strong data-start=\"1308\" data-end=\"1324\">D\u00e9coration :<\/strong> Parfaite pour les terrariums secs, pots d\u00e9coratifs et jardins de rocaille.<\/p>\n<\/li>\n<li class=\"\" data-start=\"1402\" data-end=\"1510\">\n<p class=\"\" data-start=\"1404\" data-end=\"1510\"><strong data-start=\"1404\" data-end=\"1428\">Valeur ornementale :<\/strong> Feuillage attrayant et forme harmonieuse, id\u00e9ale pour les compositions v\u00e9g\u00e9tales.<\/p>\n<\/li>\n<\/ul>\n<p class=\"\" data-start=\"1512\" data-end=\"1529\"><strong data-start=\"1512\" data-end=\"1527\">Avantages :<\/strong><\/p>\n<ul data-start=\"1530\" data-end=\"1782\">\n<li class=\"\" data-start=\"1530\" data-end=\"1599\">\n<p class=\"\" data-start=\"1532\" data-end=\"1599\"><strong data-start=\"1532\" data-end=\"1553\">Peu d\u2019entretien :<\/strong> Tr\u00e8s facile \u00e0 vivre, adapt\u00e9e aux d\u00e9butants.<\/p>\n<\/li>\n<li class=\"\" data-start=\"1600\" data-end=\"1688\">\n<p class=\"\" data-start=\"1602\" data-end=\"1688\"><strong data-start=\"1602\" data-end=\"1618\">R\u00e9sistante :<\/strong> Int\u00e9rieure comme ext\u00e9rieure, elle s\u2019adapte \u00e0 divers environnements.<\/p>\n<\/li>\n<li class=\"\" data-start=\"1689\" data-end=\"1782\">\n<p class=\"\" data-start=\"1691\" data-end=\"1782\"><strong data-start=\"1691\" data-end=\"1707\">D\u00e9corative :<\/strong> Couleurs douces et forme originale qui embellissent n\u2019importe quel espace.<\/p>\n<\/li>\n<\/ul>\n<p class=\"\" data-start=\"1784\" data-end=\"1806\"><strong data-start=\"1784\" data-end=\"1804\">Multiplication :<\/strong><\/p>\n<ul data-start=\"1807\" data-end=\"1987\">\n<li class=\"\" data-start=\"1807\" data-end=\"1987\">\n<p class=\"\" data-start=\"1809\" data-end=\"1987\"><strong data-start=\"1809\" data-end=\"1840\">Par bouturage de feuilles :<\/strong> Laisser s\u00e9cher quelques jours avant de planter dans un substrat sec et bien drain\u00e9. Placer \u00e0 la lumi\u00e8re sans soleil direct jusqu\u2019\u00e0 l\u2019enracinement.<\/p>\n<\/li>\n<\/ul>\n<p class=\"\" data-start=\"1989\" data-end=\"2005\"><strong data-start=\"1989\" data-end=\"2003\">Toxicit\u00e9 :<\/strong><\/p>\n<ul data-start=\"2006\" data-end=\"2054\">\n<li class=\"\" data-start=\"2006\" data-end=\"2054\">\n<p class=\"\" data-start=\"2008\" data-end=\"2054\"><strong data-start=\"2008\" data-end=\"2023\">Non toxique<\/strong> pour les animaux de compagnie.<\/p>\n<\/li>\n<\/ul>\n","protected":false},"excerpt":{"rendered":"<p>L\u2019Echeveria desmetiana est une succulente d\u00e9corative et simple \u00e0 entretenir. Id\u00e9ale pour les terrariums ou les coins lumineux, elle apporte une touche color\u00e9e et naturelle \u00e0 votre int\u00e9rieur sans demander beaucoup d\u2019effort.<\/p>\n<p data-start=\"0\" data-end=\"24\"><strong data-start=\"0\" data-end=\"22\">Caract\u00e9ristiques :<\/strong><\/p>\n<ul data-start=\"26\" data-end=\"63\" data-is-last-node=\"\" data-is-only-node=\"\">\n<li data-start=\"26\" data-end=\"46\"><strong data-start=\"28\" data-end=\"37\">Pot :<\/strong>\u00a05,5 (cm).<\/li>\n<li data-start=\"47\" data-end=\"63\" data-is-last-node=\"\"><strong data-start=\"49\" data-end=\"63\" data-is-last-node=\"\">Int\u00e9rieur\/ext\u00e9rieur .<\/strong><\/li>\n<\/ul>\n","protected":false},"featured_media":41634,"template":"","meta":[],"product_brand":[],"product_cat":[637],"product_tag":[],"class_list":{"0":"post-41683","1":"product","2":"type-product","3":"status-publish","4":"has-post-thumbnail","6":"product_cat-plantes-naturelles","8":"first","9":"outofstock","10":"shipping-taxable","11":"purchasable","12":"product-type-simple"},"yoast_head":"<!-- This site is optimized with the Yoast SEO plugin v27.4 - https:\/\/yoast.com\/product\/yoast-seo-wordpress\/ -->\n<title>Echeveria desmetiana | Plantes succulentes - ANTDERGROUND<\/title>\n<meta name=\"description\" content=\"Apportez de la couleur \u00e0 votre int\u00e9rieur avec l\u2019Echeveria desmetiana \ud83c\udf3f. Facile d\u2019entretien, parfaite pour terrariums et pi\u00e8ces lumineuses.\" \/>\n<meta name=\"robots\" content=\"index, follow, max-snippet:-1, max-image-preview:large, max-video-preview:-1\" \/>\n<link rel=\"canonical\" href=\"https:\/\/antderground.com\/fr\/produit\/echeveria-desmetiana\/\" \/>\n<meta property=\"og:locale\" content=\"fr_FR\" \/>\n<meta property=\"og:type\" content=\"article\" \/>\n<meta property=\"og:title\" content=\"Echeveria desmetiana | Plantes succulentes - ANTDERGROUND\" \/>\n<meta property=\"og:description\" content=\"Apportez de la couleur \u00e0 votre int\u00e9rieur avec l\u2019Echeveria desmetiana \ud83c\udf3f. Facile d\u2019entretien, parfaite pour terrariums et pi\u00e8ces lumineuses.\" \/>\n<meta property=\"og:url\" content=\"https:\/\/antderground.com\/fr\/produit\/echeveria-desmetiana\/\" \/>\n<meta property=\"og:site_name\" content=\"ANTDERGROUND\" \/>\n<meta property=\"og:image\" content=\"https:\/\/antderground.com\/wp-content\/uploads\/2025\/04\/Echeveria-desmetiana.jpeg\" \/>\n\t<meta property=\"og:image:width\" content=\"1600\" \/>\n\t<meta property=\"og:image:height\" content=\"1600\" \/>\n\t<meta property=\"og:image:type\" content=\"image\/jpeg\" \/>\n<meta name=\"twitter:card\" content=\"summary_large_image\" \/>\n<meta name=\"twitter:label1\" content=\"Dur\u00e9e de lecture estim\u00e9e\" \/>\n\t<meta name=\"twitter:data1\" content=\"1 minute\" \/>\n<script type=\"application\/ld+json\" class=\"yoast-schema-graph\">{\"@context\":\"https:\\\/\\\/schema.org\",\"@graph\":[{\"@type\":\"WebPage\",\"@id\":\"https:\\\/\\\/antderground.com\\\/fr\\\/produit\\\/echeveria-desmetiana\\\/\",\"url\":\"https:\\\/\\\/antderground.com\\\/fr\\\/produit\\\/echeveria-desmetiana\\\/\",\"name\":\"Echeveria desmetiana | Plantes succulentes - ANTDERGROUND\",\"isPartOf\":{\"@id\":\"https:\\\/\\\/antderground.com\\\/fr\\\/#website\"},\"primaryImageOfPage\":{\"@id\":\"https:\\\/\\\/antderground.com\\\/fr\\\/produit\\\/echeveria-desmetiana\\\/#primaryimage\"},\"image\":{\"@id\":\"https:\\\/\\\/antderground.com\\\/fr\\\/produit\\\/echeveria-desmetiana\\\/#primaryimage\"},\"thumbnailUrl\":\"https:\\\/\\\/antderground.com\\\/wp-content\\\/uploads\\\/2025\\\/04\\\/Echeveria-desmetiana.jpeg\",\"datePublished\":\"2025-04-07T11:14:48+00:00\",\"description\":\"Apportez de la couleur \u00e0 votre int\u00e9rieur avec l\u2019Echeveria desmetiana \ud83c\udf3f. Facile d\u2019entretien, parfaite pour terrariums et pi\u00e8ces lumineuses.\",\"breadcrumb\":{\"@id\":\"https:\\\/\\\/antderground.com\\\/fr\\\/produit\\\/echeveria-desmetiana\\\/#breadcrumb\"},\"inLanguage\":\"fr-FR\",\"potentialAction\":[{\"@type\":\"ReadAction\",\"target\":[\"https:\\\/\\\/antderground.com\\\/fr\\\/produit\\\/echeveria-desmetiana\\\/\"]}]},{\"@type\":\"ImageObject\",\"inLanguage\":\"fr-FR\",\"@id\":\"https:\\\/\\\/antderground.com\\\/fr\\\/produit\\\/echeveria-desmetiana\\\/#primaryimage\",\"url\":\"https:\\\/\\\/antderground.com\\\/wp-content\\\/uploads\\\/2025\\\/04\\\/Echeveria-desmetiana.jpeg\",\"contentUrl\":\"https:\\\/\\\/antderground.com\\\/wp-content\\\/uploads\\\/2025\\\/04\\\/Echeveria-desmetiana.jpeg\",\"width\":1600,\"height\":1600,\"caption\":\"plantas suculentas\"},{\"@type\":\"BreadcrumbList\",\"@id\":\"https:\\\/\\\/antderground.com\\\/fr\\\/produit\\\/echeveria-desmetiana\\\/#breadcrumb\",\"itemListElement\":[{\"@type\":\"ListItem\",\"position\":1,\"name\":\"Portada\",\"item\":\"https:\\\/\\\/antderground.com\\\/fr\\\/\"},{\"@type\":\"ListItem\",\"position\":2,\"name\":\"Boutique\",\"item\":\"https:\\\/\\\/antderground.com\\\/fr\\\/boutique\\\/\"},{\"@type\":\"ListItem\",\"position\":3,\"name\":\"Echeveria desmetiana\"}]},{\"@type\":\"WebSite\",\"@id\":\"https:\\\/\\\/antderground.com\\\/fr\\\/#website\",\"url\":\"https:\\\/\\\/antderground.com\\\/fr\\\/\",\"name\":\"ANTDERGROUND\",\"description\":\"Tu tienda de hormigas, gran variedad de hormigueros acr\u00edlicos,madera,arena,3D y mas.. Pide tus hormigas gratis con tu pedido, somos expertos en hormigueros antifugas.\",\"publisher\":{\"@id\":\"https:\\\/\\\/antderground.com\\\/fr\\\/#\\\/schema\\\/person\\\/0e322c505e84fe72c65e2f6d08f96b81\"},\"alternateName\":\"Antderground\",\"potentialAction\":[{\"@type\":\"SearchAction\",\"target\":{\"@type\":\"EntryPoint\",\"urlTemplate\":\"https:\\\/\\\/antderground.com\\\/fr\\\/?s={search_term_string}\"},\"query-input\":{\"@type\":\"PropertyValueSpecification\",\"valueRequired\":true,\"valueName\":\"search_term_string\"}}],\"inLanguage\":\"fr-FR\"},{\"@type\":[\"Person\",\"Organization\"],\"@id\":\"https:\\\/\\\/antderground.com\\\/fr\\\/#\\\/schema\\\/person\\\/0e322c505e84fe72c65e2f6d08f96b81\",\"name\":\"Eric de Antderground\",\"image\":{\"@type\":\"ImageObject\",\"inLanguage\":\"fr-FR\",\"@id\":\"https:\\\/\\\/secure.gravatar.com\\\/avatar\\\/c49a1b9f79216d1498cb73c1e85cd47f4465dda35f2a94c03790d491bd4423c3?s=96&d=mm&r=g\",\"url\":\"https:\\\/\\\/secure.gravatar.com\\\/avatar\\\/c49a1b9f79216d1498cb73c1e85cd47f4465dda35f2a94c03790d491bd4423c3?s=96&d=mm&r=g\",\"contentUrl\":\"https:\\\/\\\/secure.gravatar.com\\\/avatar\\\/c49a1b9f79216d1498cb73c1e85cd47f4465dda35f2a94c03790d491bd4423c3?s=96&d=mm&r=g\",\"caption\":\"Eric de Antderground\"},\"logo\":{\"@id\":\"https:\\\/\\\/secure.gravatar.com\\\/avatar\\\/c49a1b9f79216d1498cb73c1e85cd47f4465dda35f2a94c03790d491bd4423c3?s=96&d=mm&r=g\"},\"description\":\"Eric es el especialista y fundador de Antderground, con una amplia trayectoria en artr\u00f3podos y enfocado en la mirmecolog\u00eda y el dise\u00f1o de hormigueros artificiales. Su enfoque combina la innovaci\u00f3n t\u00e9cnica con el respeto por la biolog\u00eda de las hormigas, is\u00f3podos y otros, desarrollando sistemas de nidos modulares 3D y acr\u00edlicos que son referentes para aficionados y profesionales en toda Europa. Su objetivo es facilitar la cr\u00eda de hormigas y otros artr\u00f3podos mediante soluciones seguras y divulgaci\u00f3n de calidad.\",\"sameAs\":[\"https:\\\/\\\/antderground.com\\\/\",\"https:\\\/\\\/www.youtube.com\\\/channel\\\/UCio72z7TlbufkAthAJIJfPw\"]}]}<\/script>\n<!-- \/ Yoast SEO plugin. -->","yoast_head_json":{"title":"Echeveria desmetiana | Plantes succulentes - ANTDERGROUND","description":"Apportez de la couleur \u00e0 votre int\u00e9rieur avec l\u2019Echeveria desmetiana \ud83c\udf3f. Facile d\u2019entretien, parfaite pour terrariums et pi\u00e8ces lumineuses.","robots":{"index":"index","follow":"follow","max-snippet":"max-snippet:-1","max-image-preview":"max-image-preview:large","max-video-preview":"max-video-preview:-1"},"canonical":"https:\/\/antderground.com\/fr\/produit\/echeveria-desmetiana\/","og_locale":"fr_FR","og_type":"article","og_title":"Echeveria desmetiana | Plantes succulentes - ANTDERGROUND","og_description":"Apportez de la couleur \u00e0 votre int\u00e9rieur avec l\u2019Echeveria desmetiana \ud83c\udf3f. Facile d\u2019entretien, parfaite pour terrariums et pi\u00e8ces lumineuses.","og_url":"https:\/\/antderground.com\/fr\/produit\/echeveria-desmetiana\/","og_site_name":"ANTDERGROUND","og_image":[{"width":1600,"height":1600,"url":"https:\/\/antderground.com\/wp-content\/uploads\/2025\/04\/Echeveria-desmetiana.jpeg","type":"image\/jpeg"}],"twitter_card":"summary_large_image","twitter_misc":{"Dur\u00e9e de lecture estim\u00e9e":"1 minute"},"schema":{"@context":"https:\/\/schema.org","@graph":[{"@type":"WebPage","@id":"https:\/\/antderground.com\/fr\/produit\/echeveria-desmetiana\/","url":"https:\/\/antderground.com\/fr\/produit\/echeveria-desmetiana\/","name":"Echeveria desmetiana | Plantes succulentes - ANTDERGROUND","isPartOf":{"@id":"https:\/\/antderground.com\/fr\/#website"},"primaryImageOfPage":{"@id":"https:\/\/antderground.com\/fr\/produit\/echeveria-desmetiana\/#primaryimage"},"image":{"@id":"https:\/\/antderground.com\/fr\/produit\/echeveria-desmetiana\/#primaryimage"},"thumbnailUrl":"https:\/\/antderground.com\/wp-content\/uploads\/2025\/04\/Echeveria-desmetiana.jpeg","datePublished":"2025-04-07T11:14:48+00:00","description":"Apportez de la couleur \u00e0 votre int\u00e9rieur avec l\u2019Echeveria desmetiana \ud83c\udf3f. Facile d\u2019entretien, parfaite pour terrariums et pi\u00e8ces lumineuses.","breadcrumb":{"@id":"https:\/\/antderground.com\/fr\/produit\/echeveria-desmetiana\/#breadcrumb"},"inLanguage":"fr-FR","potentialAction":[{"@type":"ReadAction","target":["https:\/\/antderground.com\/fr\/produit\/echeveria-desmetiana\/"]}]},{"@type":"ImageObject","inLanguage":"fr-FR","@id":"https:\/\/antderground.com\/fr\/produit\/echeveria-desmetiana\/#primaryimage","url":"https:\/\/antderground.com\/wp-content\/uploads\/2025\/04\/Echeveria-desmetiana.jpeg","contentUrl":"https:\/\/antderground.com\/wp-content\/uploads\/2025\/04\/Echeveria-desmetiana.jpeg","width":1600,"height":1600,"caption":"plantas suculentas"},{"@type":"BreadcrumbList","@id":"https:\/\/antderground.com\/fr\/produit\/echeveria-desmetiana\/#breadcrumb","itemListElement":[{"@type":"ListItem","position":1,"name":"Portada","item":"https:\/\/antderground.com\/fr\/"},{"@type":"ListItem","position":2,"name":"Boutique","item":"https:\/\/antderground.com\/fr\/boutique\/"},{"@type":"ListItem","position":3,"name":"Echeveria desmetiana"}]},{"@type":"WebSite","@id":"https:\/\/antderground.com\/fr\/#website","url":"https:\/\/antderground.com\/fr\/","name":"ANTDERGROUND","description":"Tu tienda de hormigas, gran variedad de hormigueros acr\u00edlicos,madera,arena,3D y mas.. Pide tus hormigas gratis con tu pedido, somos expertos en hormigueros antifugas.","publisher":{"@id":"https:\/\/antderground.com\/fr\/#\/schema\/person\/0e322c505e84fe72c65e2f6d08f96b81"},"alternateName":"Antderground","potentialAction":[{"@type":"SearchAction","target":{"@type":"EntryPoint","urlTemplate":"https:\/\/antderground.com\/fr\/?s={search_term_string}"},"query-input":{"@type":"PropertyValueSpecification","valueRequired":true,"valueName":"search_term_string"}}],"inLanguage":"fr-FR"},{"@type":["Person","Organization"],"@id":"https:\/\/antderground.com\/fr\/#\/schema\/person\/0e322c505e84fe72c65e2f6d08f96b81","name":"Eric de Antderground","image":{"@type":"ImageObject","inLanguage":"fr-FR","@id":"https:\/\/secure.gravatar.com\/avatar\/c49a1b9f79216d1498cb73c1e85cd47f4465dda35f2a94c03790d491bd4423c3?s=96&d=mm&r=g","url":"https:\/\/secure.gravatar.com\/avatar\/c49a1b9f79216d1498cb73c1e85cd47f4465dda35f2a94c03790d491bd4423c3?s=96&d=mm&r=g","contentUrl":"https:\/\/secure.gravatar.com\/avatar\/c49a1b9f79216d1498cb73c1e85cd47f4465dda35f2a94c03790d491bd4423c3?s=96&d=mm&r=g","caption":"Eric de Antderground"},"logo":{"@id":"https:\/\/secure.gravatar.com\/avatar\/c49a1b9f79216d1498cb73c1e85cd47f4465dda35f2a94c03790d491bd4423c3?s=96&d=mm&r=g"},"description":"Eric es el especialista y fundador de Antderground, con una amplia trayectoria en artr\u00f3podos y enfocado en la mirmecolog\u00eda y el dise\u00f1o de hormigueros artificiales. Su enfoque combina la innovaci\u00f3n t\u00e9cnica con el respeto por la biolog\u00eda de las hormigas, is\u00f3podos y otros, desarrollando sistemas de nidos modulares 3D y acr\u00edlicos que son referentes para aficionados y profesionales en toda Europa. Su objetivo es facilitar la cr\u00eda de hormigas y otros artr\u00f3podos mediante soluciones seguras y divulgaci\u00f3n de calidad.","sameAs":["https:\/\/antderground.com\/","https:\/\/www.youtube.com\/channel\/UCio72z7TlbufkAthAJIJfPw"]}]}},"_links":{"self":[{"href":"https:\/\/antderground.com\/fr\/wp-json\/wp\/v2\/product\/41683","targetHints":{"allow":["GET"]}}],"collection":[{"href":"https:\/\/antderground.com\/fr\/wp-json\/wp\/v2\/product"}],"about":[{"href":"https:\/\/antderground.com\/fr\/wp-json\/wp\/v2\/types\/product"}],"version-history":[{"count":0,"href":"https:\/\/antderground.com\/fr\/wp-json\/wp\/v2\/product\/41683\/revisions"}],"wp:featuredmedia":[{"embeddable":true,"href":"https:\/\/antderground.com\/fr\/wp-json\/wp\/v2\/media\/41634"}],"wp:attachment":[{"href":"https:\/\/antderground.com\/fr\/wp-json\/wp\/v2\/media?parent=41683"}],"wp:term":[{"taxonomy":"product_brand","embeddable":true,"href":"https:\/\/antderground.com\/fr\/wp-json\/wp\/v2\/product_brand?post=41683"},{"taxonomy":"product_cat","embeddable":true,"href":"https:\/\/antderground.com\/fr\/wp-json\/wp\/v2\/product_cat?post=41683"},{"taxonomy":"product_tag","embeddable":true,"href":"https:\/\/antderground.com\/fr\/wp-json\/wp\/v2\/product_tag?post=41683"}],"curies":[{"name":"wp","href":"https:\/\/api.w.org\/{rel}","templated":true}]}}