{"id":41686,"date":"2025-04-07T12:40:00","date_gmt":"2025-04-07T10:40:00","guid":{"rendered":"https:\/\/www.antderground.com\/producto\/crassula-obvallata\/"},"modified":"2025-04-07T12:40:00","modified_gmt":"2025-04-07T10:40:00","slug":"crassula-obvallata","status":"publish","type":"product","link":"https:\/\/antderground.com\/fr\/produit\/crassula-obvallata\/","title":{"rendered":"Crassula obvallata"},"content":{"rendered":"<h4 class=\"\" data-start=\"109\" data-end=\"154\"><strong data-start=\"114\" data-end=\"154\">Fiche technique \u2013 Crassula obvallata<\/strong><\/h4>\n<p class=\"\" data-start=\"156\" data-end=\"261\"><strong data-start=\"156\" data-end=\"170\">Nom commun<\/strong> : Jade en fleur<br data-start=\"186\" data-end=\"189\" \/><strong data-start=\"189\" data-end=\"209\">Nom scientifique<\/strong> : Crassula obvallata<br data-start=\"230\" data-end=\"233\" \/><strong data-start=\"233\" data-end=\"244\">Famille<\/strong> : Crassulaceae<\/p>\n<h3 class=\"\" data-start=\"263\" data-end=\"280\">Description :<\/h3>\n<p class=\"\" data-start=\"281\" data-end=\"489\">La <strong data-start=\"284\" data-end=\"306\">Crassula obvallata<\/strong>, appel\u00e9e aussi &#8220;Jade en fleur&#8221;, est une plante succulente aux feuilles \u00e9paisses et ovales. Elle produit de jolies fleurs blanches \u00e0 ros\u00e9es lorsqu\u2019elle re\u00e7oit suffisamment de lumi\u00e8re.<\/p>\n<h3 class=\"\" data-start=\"491\" data-end=\"506\">Entretien :<\/h3>\n<ul data-start=\"507\" data-end=\"855\">\n<li class=\"\" data-start=\"507\" data-end=\"605\">\n<p class=\"\" data-start=\"509\" data-end=\"605\"><strong data-start=\"509\" data-end=\"520\">Lumi\u00e8re<\/strong> : Aime la lumi\u00e8re directe du soleil. \u00c0 l\u2019int\u00e9rieur, privil\u00e9gier une pi\u00e8ce lumineuse.<\/p>\n<\/li>\n<li class=\"\" data-start=\"606\" data-end=\"715\">\n<p class=\"\" data-start=\"608\" data-end=\"715\"><strong data-start=\"608\" data-end=\"620\">Arrosage<\/strong> : Arroser mod\u00e9r\u00e9ment et laisser le substrat s\u00e9cher entre deux arrosages. \u00c9viter l\u2019exc\u00e8s d\u2019eau.<\/p>\n<\/li>\n<li class=\"\" data-start=\"716\" data-end=\"786\">\n<p class=\"\" data-start=\"718\" data-end=\"786\"><strong data-start=\"718\" data-end=\"733\">Temp\u00e9rature<\/strong> : Id\u00e9ale entre 15\u00b0C et 25\u00b0C. Ne supporte pas le gel.<\/p>\n<\/li>\n<li class=\"\" data-start=\"787\" data-end=\"855\">\n<p class=\"\" data-start=\"789\" data-end=\"855\"><strong data-start=\"789\" data-end=\"801\">Substrat<\/strong> : Terre bien drain\u00e9e, type cactus ou plantes grasses.<\/p>\n<\/li>\n<\/ul>\n<h3 class=\"\" data-start=\"857\" data-end=\"872\">Avantages :<\/h3>\n<ul data-start=\"873\" data-end=\"1085\">\n<li class=\"\" data-start=\"873\" data-end=\"953\">\n<p class=\"\" data-start=\"875\" data-end=\"953\"><strong data-start=\"875\" data-end=\"892\">Peu exigeante<\/strong> : Parfaite pour les d\u00e9butants ou ceux qui manquent de temps.<\/p>\n<\/li>\n<li class=\"\" data-start=\"954\" data-end=\"1024\">\n<p class=\"\" data-start=\"956\" data-end=\"1024\"><strong data-start=\"956\" data-end=\"970\">D\u00e9corative<\/strong> : Id\u00e9ale en int\u00e9rieur, en terrarium ou en jardin sec.<\/p>\n<\/li>\n<li class=\"\" data-start=\"1025\" data-end=\"1085\">\n<p class=\"\" data-start=\"1027\" data-end=\"1085\"><strong data-start=\"1027\" data-end=\"1057\">R\u00e9sistante \u00e0 la s\u00e9cheresse<\/strong> : Adapt\u00e9e aux climats secs.<\/p>\n<\/li>\n<\/ul>\n<h3 class=\"\" data-start=\"1087\" data-end=\"1105\">Utilisations :<\/h3>\n<ul data-start=\"1106\" data-end=\"1248\">\n<li class=\"\" data-start=\"1106\" data-end=\"1171\">\n<p class=\"\" data-start=\"1108\" data-end=\"1171\"><strong data-start=\"1108\" data-end=\"1121\">Int\u00e9rieur<\/strong> : Apporte une touche verte aux pi\u00e8ces lumineuses.<\/p>\n<\/li>\n<li class=\"\" data-start=\"1172\" data-end=\"1248\">\n<p class=\"\" data-start=\"1174\" data-end=\"1248\"><strong data-start=\"1174\" data-end=\"1187\">Ext\u00e9rieur<\/strong> : Parfaite en rocaille ou jardini\u00e8re, dans les climats doux.<\/p>\n<\/li>\n<\/ul>\n<h3 class=\"\" data-start=\"1250\" data-end=\"1264\">Toxicit\u00e9 :<\/h3>\n<p class=\"\" data-start=\"1265\" data-end=\"1306\">Non toxique pour les animaux domestiques.<\/p>\n","protected":false},"excerpt":{"rendered":"<p class=\"\" data-start=\"1361\" data-end=\"1580\">La Crassula obvallata, ou &#8220;Jade en fleur&#8221;, est une jolie succulente facile \u00e0 vivre \ud83c\udf3f. Son feuillage charnu et ses fleurs douces en font une alli\u00e9e parfaite pour votre int\u00e9rieur. Peu d\u2019entretien, beaucoup de charme ! \ud83c\udf38<\/p>\n<p data-start=\"0\" data-end=\"24\"><strong data-start=\"0\" data-end=\"22\">Caract\u00e9ristiques :<\/strong><\/p>\n<ul data-start=\"26\" data-end=\"63\" data-is-last-node=\"\" data-is-only-node=\"\">\n<li data-start=\"26\" data-end=\"46\"><strong data-start=\"28\" data-end=\"37\">Pot :<\/strong>\u00a05,5 (cm).<\/li>\n<li data-start=\"47\" data-end=\"63\" data-is-last-node=\"\"><strong data-start=\"49\" data-end=\"63\" data-is-last-node=\"\">Int\u00e9rieur<\/strong><\/li>\n<\/ul>\n","protected":false},"featured_media":41625,"template":"","meta":[],"product_brand":[],"product_cat":[637],"product_tag":[],"class_list":{"0":"post-41686","1":"product","2":"type-product","3":"status-publish","4":"has-post-thumbnail","6":"product_cat-plantes-naturelles","8":"first","9":"outofstock","10":"shipping-taxable","11":"purchasable","12":"product-type-simple"},"yoast_head":"<!-- This site is optimized with the Yoast SEO plugin v27.3 - https:\/\/yoast.com\/product\/yoast-seo-wordpress\/ -->\n<title>Crassula obvallata | Plantes succulente - ANTDERGROUND<\/title>\n<meta name=\"description\" content=\"Crassula obvallata : plante succulente d\u00e9corative, facile \u00e0 entretenir. Parfaite en int\u00e9rieur avec ses fleurs d\u00e9licates et son feuillage \u00e9pais.\" \/>\n<meta name=\"robots\" content=\"index, follow, max-snippet:-1, max-image-preview:large, max-video-preview:-1\" \/>\n<link rel=\"canonical\" href=\"https:\/\/antderground.com\/fr\/produit\/crassula-obvallata\/\" \/>\n<meta property=\"og:locale\" content=\"fr_FR\" \/>\n<meta property=\"og:type\" content=\"article\" \/>\n<meta property=\"og:title\" content=\"Crassula obvallata | Plantes succulente - ANTDERGROUND\" \/>\n<meta property=\"og:description\" content=\"Crassula obvallata : plante succulente d\u00e9corative, facile \u00e0 entretenir. Parfaite en int\u00e9rieur avec ses fleurs d\u00e9licates et son feuillage \u00e9pais.\" \/>\n<meta property=\"og:url\" content=\"https:\/\/antderground.com\/fr\/produit\/crassula-obvallata\/\" \/>\n<meta property=\"og:site_name\" content=\"ANTDERGROUND\" \/>\n<meta property=\"og:image\" content=\"https:\/\/antderground.com\/wp-content\/uploads\/2025\/04\/Crassula-obvallata.jpeg\" \/>\n\t<meta property=\"og:image:width\" content=\"1600\" \/>\n\t<meta property=\"og:image:height\" content=\"1600\" \/>\n\t<meta property=\"og:image:type\" content=\"image\/jpeg\" \/>\n<meta name=\"twitter:card\" content=\"summary_large_image\" \/>\n<meta name=\"twitter:label1\" content=\"Dur\u00e9e de lecture estim\u00e9e\" \/>\n\t<meta name=\"twitter:data1\" content=\"1 minute\" \/>\n<script type=\"application\/ld+json\" class=\"yoast-schema-graph\">{\"@context\":\"https:\\\/\\\/schema.org\",\"@graph\":[{\"@type\":\"WebPage\",\"@id\":\"https:\\\/\\\/antderground.com\\\/fr\\\/produit\\\/crassula-obvallata\\\/\",\"url\":\"https:\\\/\\\/antderground.com\\\/fr\\\/produit\\\/crassula-obvallata\\\/\",\"name\":\"Crassula obvallata | Plantes succulente - ANTDERGROUND\",\"isPartOf\":{\"@id\":\"https:\\\/\\\/antderground.com\\\/fr\\\/#website\"},\"primaryImageOfPage\":{\"@id\":\"https:\\\/\\\/antderground.com\\\/fr\\\/produit\\\/crassula-obvallata\\\/#primaryimage\"},\"image\":{\"@id\":\"https:\\\/\\\/antderground.com\\\/fr\\\/produit\\\/crassula-obvallata\\\/#primaryimage\"},\"thumbnailUrl\":\"https:\\\/\\\/antderground.com\\\/wp-content\\\/uploads\\\/2025\\\/04\\\/Crassula-obvallata.jpeg\",\"datePublished\":\"2025-04-07T10:40:00+00:00\",\"description\":\"Crassula obvallata : plante succulente d\u00e9corative, facile \u00e0 entretenir. Parfaite en int\u00e9rieur avec ses fleurs d\u00e9licates et son feuillage \u00e9pais.\",\"breadcrumb\":{\"@id\":\"https:\\\/\\\/antderground.com\\\/fr\\\/produit\\\/crassula-obvallata\\\/#breadcrumb\"},\"inLanguage\":\"fr-FR\",\"potentialAction\":[{\"@type\":\"ReadAction\",\"target\":[\"https:\\\/\\\/antderground.com\\\/fr\\\/produit\\\/crassula-obvallata\\\/\"]}]},{\"@type\":\"ImageObject\",\"inLanguage\":\"fr-FR\",\"@id\":\"https:\\\/\\\/antderground.com\\\/fr\\\/produit\\\/crassula-obvallata\\\/#primaryimage\",\"url\":\"https:\\\/\\\/antderground.com\\\/wp-content\\\/uploads\\\/2025\\\/04\\\/Crassula-obvallata.jpeg\",\"contentUrl\":\"https:\\\/\\\/antderground.com\\\/wp-content\\\/uploads\\\/2025\\\/04\\\/Crassula-obvallata.jpeg\",\"width\":1600,\"height\":1600,\"caption\":\"Crassula obvallata\"},{\"@type\":\"BreadcrumbList\",\"@id\":\"https:\\\/\\\/antderground.com\\\/fr\\\/produit\\\/crassula-obvallata\\\/#breadcrumb\",\"itemListElement\":[{\"@type\":\"ListItem\",\"position\":1,\"name\":\"Portada\",\"item\":\"https:\\\/\\\/antderground.com\\\/fr\\\/\"},{\"@type\":\"ListItem\",\"position\":2,\"name\":\"Boutique\",\"item\":\"https:\\\/\\\/antderground.com\\\/fr\\\/boutique\\\/\"},{\"@type\":\"ListItem\",\"position\":3,\"name\":\"Crassula obvallata\"}]},{\"@type\":\"WebSite\",\"@id\":\"https:\\\/\\\/antderground.com\\\/fr\\\/#website\",\"url\":\"https:\\\/\\\/antderground.com\\\/fr\\\/\",\"name\":\"ANTDERGROUND\",\"description\":\"Tu tienda de hormigas, gran variedad de hormigueros acr\u00edlicos,madera,arena,3D y mas.. Pide tus hormigas gratis con tu pedido, somos expertos en hormigueros antifugas.\",\"publisher\":{\"@id\":\"https:\\\/\\\/antderground.com\\\/fr\\\/#\\\/schema\\\/person\\\/0e322c505e84fe72c65e2f6d08f96b81\"},\"alternateName\":\"Antderground\",\"potentialAction\":[{\"@type\":\"SearchAction\",\"target\":{\"@type\":\"EntryPoint\",\"urlTemplate\":\"https:\\\/\\\/antderground.com\\\/fr\\\/?s={search_term_string}\"},\"query-input\":{\"@type\":\"PropertyValueSpecification\",\"valueRequired\":true,\"valueName\":\"search_term_string\"}}],\"inLanguage\":\"fr-FR\"},{\"@type\":[\"Person\",\"Organization\"],\"@id\":\"https:\\\/\\\/antderground.com\\\/fr\\\/#\\\/schema\\\/person\\\/0e322c505e84fe72c65e2f6d08f96b81\",\"name\":\"Eric de Antderground\",\"image\":{\"@type\":\"ImageObject\",\"inLanguage\":\"fr-FR\",\"@id\":\"https:\\\/\\\/secure.gravatar.com\\\/avatar\\\/c49a1b9f79216d1498cb73c1e85cd47f4465dda35f2a94c03790d491bd4423c3?s=96&d=mm&r=g\",\"url\":\"https:\\\/\\\/secure.gravatar.com\\\/avatar\\\/c49a1b9f79216d1498cb73c1e85cd47f4465dda35f2a94c03790d491bd4423c3?s=96&d=mm&r=g\",\"contentUrl\":\"https:\\\/\\\/secure.gravatar.com\\\/avatar\\\/c49a1b9f79216d1498cb73c1e85cd47f4465dda35f2a94c03790d491bd4423c3?s=96&d=mm&r=g\",\"caption\":\"Eric de Antderground\"},\"logo\":{\"@id\":\"https:\\\/\\\/secure.gravatar.com\\\/avatar\\\/c49a1b9f79216d1498cb73c1e85cd47f4465dda35f2a94c03790d491bd4423c3?s=96&d=mm&r=g\"},\"description\":\"Eric es el especialista y fundador de Antderground, con una amplia trayectoria en artr\u00f3podos y enfocado en la mirmecolog\u00eda y el dise\u00f1o de hormigueros artificiales. Su enfoque combina la innovaci\u00f3n t\u00e9cnica con el respeto por la biolog\u00eda de las hormigas, is\u00f3podos y otros, desarrollando sistemas de nidos modulares 3D y acr\u00edlicos que son referentes para aficionados y profesionales en toda Europa. Su objetivo es facilitar la cr\u00eda de hormigas y otros artr\u00f3podos mediante soluciones seguras y divulgaci\u00f3n de calidad.\",\"sameAs\":[\"https:\\\/\\\/antderground.com\\\/\",\"https:\\\/\\\/www.youtube.com\\\/channel\\\/UCio72z7TlbufkAthAJIJfPw\"]}]}<\/script>\n<!-- \/ Yoast SEO plugin. -->","yoast_head_json":{"title":"Crassula obvallata | Plantes succulente - ANTDERGROUND","description":"Crassula obvallata : plante succulente d\u00e9corative, facile \u00e0 entretenir. Parfaite en int\u00e9rieur avec ses fleurs d\u00e9licates et son feuillage \u00e9pais.","robots":{"index":"index","follow":"follow","max-snippet":"max-snippet:-1","max-image-preview":"max-image-preview:large","max-video-preview":"max-video-preview:-1"},"canonical":"https:\/\/antderground.com\/fr\/produit\/crassula-obvallata\/","og_locale":"fr_FR","og_type":"article","og_title":"Crassula obvallata | Plantes succulente - ANTDERGROUND","og_description":"Crassula obvallata : plante succulente d\u00e9corative, facile \u00e0 entretenir. Parfaite en int\u00e9rieur avec ses fleurs d\u00e9licates et son feuillage \u00e9pais.","og_url":"https:\/\/antderground.com\/fr\/produit\/crassula-obvallata\/","og_site_name":"ANTDERGROUND","og_image":[{"width":1600,"height":1600,"url":"https:\/\/antderground.com\/wp-content\/uploads\/2025\/04\/Crassula-obvallata.jpeg","type":"image\/jpeg"}],"twitter_card":"summary_large_image","twitter_misc":{"Dur\u00e9e de lecture estim\u00e9e":"1 minute"},"schema":{"@context":"https:\/\/schema.org","@graph":[{"@type":"WebPage","@id":"https:\/\/antderground.com\/fr\/produit\/crassula-obvallata\/","url":"https:\/\/antderground.com\/fr\/produit\/crassula-obvallata\/","name":"Crassula obvallata | Plantes succulente - ANTDERGROUND","isPartOf":{"@id":"https:\/\/antderground.com\/fr\/#website"},"primaryImageOfPage":{"@id":"https:\/\/antderground.com\/fr\/produit\/crassula-obvallata\/#primaryimage"},"image":{"@id":"https:\/\/antderground.com\/fr\/produit\/crassula-obvallata\/#primaryimage"},"thumbnailUrl":"https:\/\/antderground.com\/wp-content\/uploads\/2025\/04\/Crassula-obvallata.jpeg","datePublished":"2025-04-07T10:40:00+00:00","description":"Crassula obvallata : plante succulente d\u00e9corative, facile \u00e0 entretenir. Parfaite en int\u00e9rieur avec ses fleurs d\u00e9licates et son feuillage \u00e9pais.","breadcrumb":{"@id":"https:\/\/antderground.com\/fr\/produit\/crassula-obvallata\/#breadcrumb"},"inLanguage":"fr-FR","potentialAction":[{"@type":"ReadAction","target":["https:\/\/antderground.com\/fr\/produit\/crassula-obvallata\/"]}]},{"@type":"ImageObject","inLanguage":"fr-FR","@id":"https:\/\/antderground.com\/fr\/produit\/crassula-obvallata\/#primaryimage","url":"https:\/\/antderground.com\/wp-content\/uploads\/2025\/04\/Crassula-obvallata.jpeg","contentUrl":"https:\/\/antderground.com\/wp-content\/uploads\/2025\/04\/Crassula-obvallata.jpeg","width":1600,"height":1600,"caption":"Crassula obvallata"},{"@type":"BreadcrumbList","@id":"https:\/\/antderground.com\/fr\/produit\/crassula-obvallata\/#breadcrumb","itemListElement":[{"@type":"ListItem","position":1,"name":"Portada","item":"https:\/\/antderground.com\/fr\/"},{"@type":"ListItem","position":2,"name":"Boutique","item":"https:\/\/antderground.com\/fr\/boutique\/"},{"@type":"ListItem","position":3,"name":"Crassula obvallata"}]},{"@type":"WebSite","@id":"https:\/\/antderground.com\/fr\/#website","url":"https:\/\/antderground.com\/fr\/","name":"ANTDERGROUND","description":"Tu tienda de hormigas, gran variedad de hormigueros acr\u00edlicos,madera,arena,3D y mas.. Pide tus hormigas gratis con tu pedido, somos expertos en hormigueros antifugas.","publisher":{"@id":"https:\/\/antderground.com\/fr\/#\/schema\/person\/0e322c505e84fe72c65e2f6d08f96b81"},"alternateName":"Antderground","potentialAction":[{"@type":"SearchAction","target":{"@type":"EntryPoint","urlTemplate":"https:\/\/antderground.com\/fr\/?s={search_term_string}"},"query-input":{"@type":"PropertyValueSpecification","valueRequired":true,"valueName":"search_term_string"}}],"inLanguage":"fr-FR"},{"@type":["Person","Organization"],"@id":"https:\/\/antderground.com\/fr\/#\/schema\/person\/0e322c505e84fe72c65e2f6d08f96b81","name":"Eric de Antderground","image":{"@type":"ImageObject","inLanguage":"fr-FR","@id":"https:\/\/secure.gravatar.com\/avatar\/c49a1b9f79216d1498cb73c1e85cd47f4465dda35f2a94c03790d491bd4423c3?s=96&d=mm&r=g","url":"https:\/\/secure.gravatar.com\/avatar\/c49a1b9f79216d1498cb73c1e85cd47f4465dda35f2a94c03790d491bd4423c3?s=96&d=mm&r=g","contentUrl":"https:\/\/secure.gravatar.com\/avatar\/c49a1b9f79216d1498cb73c1e85cd47f4465dda35f2a94c03790d491bd4423c3?s=96&d=mm&r=g","caption":"Eric de Antderground"},"logo":{"@id":"https:\/\/secure.gravatar.com\/avatar\/c49a1b9f79216d1498cb73c1e85cd47f4465dda35f2a94c03790d491bd4423c3?s=96&d=mm&r=g"},"description":"Eric es el especialista y fundador de Antderground, con una amplia trayectoria en artr\u00f3podos y enfocado en la mirmecolog\u00eda y el dise\u00f1o de hormigueros artificiales. Su enfoque combina la innovaci\u00f3n t\u00e9cnica con el respeto por la biolog\u00eda de las hormigas, is\u00f3podos y otros, desarrollando sistemas de nidos modulares 3D y acr\u00edlicos que son referentes para aficionados y profesionales en toda Europa. Su objetivo es facilitar la cr\u00eda de hormigas y otros artr\u00f3podos mediante soluciones seguras y divulgaci\u00f3n de calidad.","sameAs":["https:\/\/antderground.com\/","https:\/\/www.youtube.com\/channel\/UCio72z7TlbufkAthAJIJfPw"]}]}},"_links":{"self":[{"href":"https:\/\/antderground.com\/fr\/wp-json\/wp\/v2\/product\/41686","targetHints":{"allow":["GET"]}}],"collection":[{"href":"https:\/\/antderground.com\/fr\/wp-json\/wp\/v2\/product"}],"about":[{"href":"https:\/\/antderground.com\/fr\/wp-json\/wp\/v2\/types\/product"}],"version-history":[{"count":0,"href":"https:\/\/antderground.com\/fr\/wp-json\/wp\/v2\/product\/41686\/revisions"}],"wp:featuredmedia":[{"embeddable":true,"href":"https:\/\/antderground.com\/fr\/wp-json\/wp\/v2\/media\/41625"}],"wp:attachment":[{"href":"https:\/\/antderground.com\/fr\/wp-json\/wp\/v2\/media?parent=41686"}],"wp:term":[{"taxonomy":"product_brand","embeddable":true,"href":"https:\/\/antderground.com\/fr\/wp-json\/wp\/v2\/product_brand?post=41686"},{"taxonomy":"product_cat","embeddable":true,"href":"https:\/\/antderground.com\/fr\/wp-json\/wp\/v2\/product_cat?post=41686"},{"taxonomy":"product_tag","embeddable":true,"href":"https:\/\/antderground.com\/fr\/wp-json\/wp\/v2\/product_tag?post=41686"}],"curies":[{"name":"wp","href":"https:\/\/api.w.org\/{rel}","templated":true}]}}