{"id":41688,"date":"2025-04-07T12:12:50","date_gmt":"2025-04-07T10:12:50","guid":{"rendered":"https:\/\/www.antderground.com\/producto\/crassula-perforata\/"},"modified":"2025-04-07T12:12:50","modified_gmt":"2025-04-07T10:12:50","slug":"crassula-perforata","status":"publish","type":"product","link":"https:\/\/antderground.com\/fr\/produit\/crassula-perforata\/","title":{"rendered":"Crassula perforata"},"content":{"rendered":"<h4 class=\"\" data-start=\"119\" data-end=\"162\">\u2705 Fiche technique \u2013 Crassula perforata<\/h4>\n<p class=\"\" data-start=\"164\" data-end=\"303\"><strong data-start=\"164\" data-end=\"180\">Nom commun :<\/strong> Plante en cha\u00eene<br data-start=\"197\" data-end=\"200\" \/><strong data-start=\"200\" data-end=\"222\">Nom scientifique :<\/strong> Crassula perforata<br data-start=\"241\" data-end=\"244\" \/><strong data-start=\"244\" data-end=\"257\">Famille :<\/strong> Crassulaceae<br data-start=\"270\" data-end=\"273\" \/><strong data-start=\"273\" data-end=\"286\">Origine :<\/strong> Sud de l\u2019Afrique<\/p>\n<p class=\"\" data-start=\"305\" data-end=\"561\"><strong data-start=\"305\" data-end=\"322\">Description :<\/strong><br data-start=\"322\" data-end=\"325\" \/>La <strong data-start=\"328\" data-end=\"350\">Crassula perforata<\/strong> est une succulente originale aux feuilles charnues dispos\u00e9es en cha\u00eene. De couleur vert p\u00e2le, ses feuilles prennent des reflets rouges au soleil. Sa croissance verticale et ramifi\u00e9e la rend id\u00e9ale pour la d\u00e9co.<\/p>\n<p class=\"\" data-start=\"563\" data-end=\"577\"><strong data-start=\"563\" data-end=\"575\">Taille :<\/strong><\/p>\n<ul data-start=\"578\" data-end=\"626\">\n<li class=\"\" data-start=\"578\" data-end=\"605\">\n<p class=\"\" data-start=\"580\" data-end=\"605\">Hauteur : jusqu\u2019\u00e0 30 cm<\/p>\n<\/li>\n<li class=\"\" data-start=\"606\" data-end=\"626\">\n<p class=\"\" data-start=\"608\" data-end=\"626\">Largeur : 20-30 cm<\/p>\n<\/li>\n<\/ul>\n<p class=\"\" data-start=\"628\" data-end=\"645\"><strong data-start=\"628\" data-end=\"643\">Entretien :<\/strong><\/p>\n<ul data-start=\"646\" data-end=\"933\">\n<li class=\"\" data-start=\"646\" data-end=\"721\">\n<p class=\"\" data-start=\"648\" data-end=\"721\"><strong data-start=\"648\" data-end=\"661\">Lumi\u00e8re :<\/strong> Lumi\u00e8re vive indirecte, supporte un peu de soleil direct.<\/p>\n<\/li>\n<li class=\"\" data-start=\"722\" data-end=\"810\">\n<p class=\"\" data-start=\"724\" data-end=\"810\"><strong data-start=\"724\" data-end=\"738\">Arrosage :<\/strong> Mod\u00e9r\u00e9. Laisser s\u00e9cher compl\u00e8tement le substrat entre deux arrosages.<\/p>\n<\/li>\n<li class=\"\" data-start=\"811\" data-end=\"875\">\n<p class=\"\" data-start=\"813\" data-end=\"875\"><strong data-start=\"813\" data-end=\"830\">Temp\u00e9rature :<\/strong> Pr\u00e9f\u00e8re 18\u00b0C \u00e0 24\u00b0C. Ne tol\u00e8re pas le gel.<\/p>\n<\/li>\n<li class=\"\" data-start=\"876\" data-end=\"933\">\n<p class=\"\" data-start=\"878\" data-end=\"933\"><strong data-start=\"878\" data-end=\"892\">Substrat :<\/strong> Bien drain\u00e9, adapt\u00e9 aux plantes grasses.<\/p>\n<\/li>\n<\/ul>\n<p class=\"\" data-start=\"935\" data-end=\"954\"><strong data-start=\"935\" data-end=\"952\">Utilisation :<\/strong><\/p>\n<ul data-start=\"955\" data-end=\"1109\">\n<li class=\"\" data-start=\"955\" data-end=\"1038\">\n<p class=\"\" data-start=\"957\" data-end=\"1038\"><strong data-start=\"957\" data-end=\"973\">D\u00e9coration :<\/strong> Parfaite pour l\u2019int\u00e9rieur, les terrariums et les jardins secs.<\/p>\n<\/li>\n<li class=\"\" data-start=\"1039\" data-end=\"1109\">\n<p class=\"\" data-start=\"1041\" data-end=\"1109\"><strong data-start=\"1041\" data-end=\"1056\">Avantages :<\/strong> Tr\u00e8s facile \u00e0 entretenir, id\u00e9ale pour les d\u00e9butants.<\/p>\n<\/li>\n<\/ul>\n<p class=\"\" data-start=\"1111\" data-end=\"1140\"><strong data-start=\"1111\" data-end=\"1138\">Ravageurs et maladies :<\/strong><\/p>\n<ul data-start=\"1141\" data-end=\"1210\">\n<li class=\"\" data-start=\"1141\" data-end=\"1210\">\n<p class=\"\" data-start=\"1143\" data-end=\"1210\">Sensible aux cochenilles et aux acariens. Surveiller r\u00e9guli\u00e8rement.<\/p>\n<\/li>\n<\/ul>\n<p class=\"\" data-start=\"1212\" data-end=\"1229\"><strong data-start=\"1212\" data-end=\"1227\">Avantages :<\/strong><\/p>\n<ul data-start=\"1230\" data-end=\"1312\">\n<li class=\"\" data-start=\"1230\" data-end=\"1260\">\n<p class=\"\" data-start=\"1232\" data-end=\"1260\">R\u00e9sistante \u00e0 la s\u00e9cheresse<\/p>\n<\/li>\n<li class=\"\" data-start=\"1261\" data-end=\"1280\">\n<p class=\"\" data-start=\"1263\" data-end=\"1280\">Peu d\u2019entretien<\/p>\n<\/li>\n<li class=\"\" data-start=\"1281\" data-end=\"1312\">\n<p class=\"\" data-start=\"1283\" data-end=\"1312\">Forme originale et d\u00e9corative<\/p>\n<\/li>\n<\/ul>\n<p class=\"\" data-start=\"1314\" data-end=\"1358\"><strong data-start=\"1314\" data-end=\"1328\">Toxicit\u00e9 :<\/strong> Non toxique pour les animaux.<\/p>\n<p class=\"\" data-start=\"1360\" data-end=\"1461\"><strong data-start=\"1360\" data-end=\"1380\">Multiplication :<\/strong><br data-start=\"1380\" data-end=\"1383\" \/>Se bouture facilement avec des tiges ou feuilles, qui s\u2019enracinent rapidement.<\/p>\n","protected":false},"excerpt":{"rendered":"<p class=\"\" data-start=\"1514\" data-end=\"1740\">Ajoute une touche originale avec la <strong data-start=\"1550\" data-end=\"1572\">Crassula perforata<\/strong> ! \ud83c\udf3f Facile \u00e0 entretenir, jolie et r\u00e9sistante, elle adore le soleil. Id\u00e9ale pour ton salon, ton bureau ou m\u00eame un petit jardin sec. Une vraie petite perle v\u00e9g\u00e9tale ! \u2728<\/p>\n<p data-start=\"0\" data-end=\"24\"><strong data-start=\"0\" data-end=\"22\">Caract\u00e9ristiques :<\/strong><\/p>\n<ul data-start=\"26\" data-end=\"63\" data-is-last-node=\"\" data-is-only-node=\"\">\n<li data-start=\"26\" data-end=\"46\"><strong data-start=\"28\" data-end=\"37\">Pot :<\/strong>\u00a05,5 (cm).<\/li>\n<li data-start=\"47\" data-end=\"63\" data-is-last-node=\"\"><strong data-start=\"49\" data-end=\"63\" data-is-last-node=\"\">Int\u00e9rieur\/ext\u00e9rieur .<\/strong><\/li>\n<\/ul>\n","protected":false},"featured_media":41616,"template":"","meta":[],"product_brand":[],"product_cat":[637],"product_tag":[],"class_list":{"0":"post-41688","1":"product","2":"type-product","3":"status-publish","4":"has-post-thumbnail","6":"product_cat-plantes-naturelles","8":"first","9":"instock","10":"shipping-taxable","11":"purchasable","12":"product-type-simple"},"yoast_head":"<!-- This site is optimized with the Yoast SEO plugin v27.3 - https:\/\/yoast.com\/product\/yoast-seo-wordpress\/ -->\n<title>Crassula perforata | PPlante succulente facile d&#039;entretien - ANTDERGROUND<\/title>\n<meta name=\"description\" content=\"Crassula perforata \ud83c\udf3f : succulente facile \u00e0 entretenir, parfaite pour int\u00e9rieur et jardin sec. Originale, robuste et d\u00e9corative. \ud83c\udf1e\" \/>\n<meta name=\"robots\" content=\"index, follow, max-snippet:-1, max-image-preview:large, max-video-preview:-1\" \/>\n<link rel=\"canonical\" href=\"https:\/\/antderground.com\/fr\/produit\/crassula-perforata\/\" \/>\n<meta property=\"og:locale\" content=\"fr_FR\" \/>\n<meta property=\"og:type\" content=\"article\" \/>\n<meta property=\"og:title\" content=\"Crassula perforata | PPlante succulente facile d&#039;entretien - ANTDERGROUND\" \/>\n<meta property=\"og:description\" content=\"Crassula perforata \ud83c\udf3f : succulente facile \u00e0 entretenir, parfaite pour int\u00e9rieur et jardin sec. Originale, robuste et d\u00e9corative. \ud83c\udf1e\" \/>\n<meta property=\"og:url\" content=\"https:\/\/antderground.com\/fr\/produit\/crassula-perforata\/\" \/>\n<meta property=\"og:site_name\" content=\"ANTDERGROUND\" \/>\n<meta property=\"og:image\" content=\"https:\/\/antderground.com\/wp-content\/uploads\/2025\/04\/Crassula-perforata.jpeg\" \/>\n\t<meta property=\"og:image:width\" content=\"1600\" \/>\n\t<meta property=\"og:image:height\" content=\"1600\" \/>\n\t<meta property=\"og:image:type\" content=\"image\/jpeg\" \/>\n<meta name=\"twitter:card\" content=\"summary_large_image\" \/>\n<meta name=\"twitter:label1\" content=\"Dur\u00e9e de lecture estim\u00e9e\" \/>\n\t<meta name=\"twitter:data1\" content=\"1 minute\" \/>\n<script type=\"application\/ld+json\" class=\"yoast-schema-graph\">{\"@context\":\"https:\\\/\\\/schema.org\",\"@graph\":[{\"@type\":\"WebPage\",\"@id\":\"https:\\\/\\\/antderground.com\\\/fr\\\/produit\\\/crassula-perforata\\\/\",\"url\":\"https:\\\/\\\/antderground.com\\\/fr\\\/produit\\\/crassula-perforata\\\/\",\"name\":\"Crassula perforata | PPlante succulente facile d'entretien - ANTDERGROUND\",\"isPartOf\":{\"@id\":\"https:\\\/\\\/antderground.com\\\/fr\\\/#website\"},\"primaryImageOfPage\":{\"@id\":\"https:\\\/\\\/antderground.com\\\/fr\\\/produit\\\/crassula-perforata\\\/#primaryimage\"},\"image\":{\"@id\":\"https:\\\/\\\/antderground.com\\\/fr\\\/produit\\\/crassula-perforata\\\/#primaryimage\"},\"thumbnailUrl\":\"https:\\\/\\\/antderground.com\\\/wp-content\\\/uploads\\\/2025\\\/04\\\/Crassula-perforata.jpeg\",\"datePublished\":\"2025-04-07T10:12:50+00:00\",\"description\":\"Crassula perforata \ud83c\udf3f : succulente facile \u00e0 entretenir, parfaite pour int\u00e9rieur et jardin sec. Originale, robuste et d\u00e9corative. \ud83c\udf1e\",\"breadcrumb\":{\"@id\":\"https:\\\/\\\/antderground.com\\\/fr\\\/produit\\\/crassula-perforata\\\/#breadcrumb\"},\"inLanguage\":\"fr-FR\",\"potentialAction\":[{\"@type\":\"ReadAction\",\"target\":[\"https:\\\/\\\/antderground.com\\\/fr\\\/produit\\\/crassula-perforata\\\/\"]}]},{\"@type\":\"ImageObject\",\"inLanguage\":\"fr-FR\",\"@id\":\"https:\\\/\\\/antderground.com\\\/fr\\\/produit\\\/crassula-perforata\\\/#primaryimage\",\"url\":\"https:\\\/\\\/antderground.com\\\/wp-content\\\/uploads\\\/2025\\\/04\\\/Crassula-perforata.jpeg\",\"contentUrl\":\"https:\\\/\\\/antderground.com\\\/wp-content\\\/uploads\\\/2025\\\/04\\\/Crassula-perforata.jpeg\",\"width\":1600,\"height\":1600,\"caption\":\"Crassula perforata\"},{\"@type\":\"BreadcrumbList\",\"@id\":\"https:\\\/\\\/antderground.com\\\/fr\\\/produit\\\/crassula-perforata\\\/#breadcrumb\",\"itemListElement\":[{\"@type\":\"ListItem\",\"position\":1,\"name\":\"Portada\",\"item\":\"https:\\\/\\\/antderground.com\\\/fr\\\/\"},{\"@type\":\"ListItem\",\"position\":2,\"name\":\"Boutique\",\"item\":\"https:\\\/\\\/antderground.com\\\/fr\\\/boutique\\\/\"},{\"@type\":\"ListItem\",\"position\":3,\"name\":\"Crassula perforata\"}]},{\"@type\":\"WebSite\",\"@id\":\"https:\\\/\\\/antderground.com\\\/fr\\\/#website\",\"url\":\"https:\\\/\\\/antderground.com\\\/fr\\\/\",\"name\":\"ANTDERGROUND\",\"description\":\"Tu tienda de hormigas, gran variedad de hormigueros acr\u00edlicos,madera,arena,3D y mas.. Pide tus hormigas gratis con tu pedido, somos expertos en hormigueros antifugas.\",\"publisher\":{\"@id\":\"https:\\\/\\\/antderground.com\\\/fr\\\/#\\\/schema\\\/person\\\/0e322c505e84fe72c65e2f6d08f96b81\"},\"alternateName\":\"Antderground\",\"potentialAction\":[{\"@type\":\"SearchAction\",\"target\":{\"@type\":\"EntryPoint\",\"urlTemplate\":\"https:\\\/\\\/antderground.com\\\/fr\\\/?s={search_term_string}\"},\"query-input\":{\"@type\":\"PropertyValueSpecification\",\"valueRequired\":true,\"valueName\":\"search_term_string\"}}],\"inLanguage\":\"fr-FR\"},{\"@type\":[\"Person\",\"Organization\"],\"@id\":\"https:\\\/\\\/antderground.com\\\/fr\\\/#\\\/schema\\\/person\\\/0e322c505e84fe72c65e2f6d08f96b81\",\"name\":\"Eric de Antderground\",\"image\":{\"@type\":\"ImageObject\",\"inLanguage\":\"fr-FR\",\"@id\":\"https:\\\/\\\/secure.gravatar.com\\\/avatar\\\/c49a1b9f79216d1498cb73c1e85cd47f4465dda35f2a94c03790d491bd4423c3?s=96&d=mm&r=g\",\"url\":\"https:\\\/\\\/secure.gravatar.com\\\/avatar\\\/c49a1b9f79216d1498cb73c1e85cd47f4465dda35f2a94c03790d491bd4423c3?s=96&d=mm&r=g\",\"contentUrl\":\"https:\\\/\\\/secure.gravatar.com\\\/avatar\\\/c49a1b9f79216d1498cb73c1e85cd47f4465dda35f2a94c03790d491bd4423c3?s=96&d=mm&r=g\",\"caption\":\"Eric de Antderground\"},\"logo\":{\"@id\":\"https:\\\/\\\/secure.gravatar.com\\\/avatar\\\/c49a1b9f79216d1498cb73c1e85cd47f4465dda35f2a94c03790d491bd4423c3?s=96&d=mm&r=g\"},\"description\":\"Eric es el especialista y fundador de Antderground, con una amplia trayectoria en artr\u00f3podos y enfocado en la mirmecolog\u00eda y el dise\u00f1o de hormigueros artificiales. Su enfoque combina la innovaci\u00f3n t\u00e9cnica con el respeto por la biolog\u00eda de las hormigas, is\u00f3podos y otros, desarrollando sistemas de nidos modulares 3D y acr\u00edlicos que son referentes para aficionados y profesionales en toda Europa. Su objetivo es facilitar la cr\u00eda de hormigas y otros artr\u00f3podos mediante soluciones seguras y divulgaci\u00f3n de calidad.\",\"sameAs\":[\"https:\\\/\\\/antderground.com\\\/\",\"https:\\\/\\\/www.youtube.com\\\/channel\\\/UCio72z7TlbufkAthAJIJfPw\"]}]}<\/script>\n<!-- \/ Yoast SEO plugin. -->","yoast_head_json":{"title":"Crassula perforata | PPlante succulente facile d'entretien - ANTDERGROUND","description":"Crassula perforata \ud83c\udf3f : succulente facile \u00e0 entretenir, parfaite pour int\u00e9rieur et jardin sec. Originale, robuste et d\u00e9corative. \ud83c\udf1e","robots":{"index":"index","follow":"follow","max-snippet":"max-snippet:-1","max-image-preview":"max-image-preview:large","max-video-preview":"max-video-preview:-1"},"canonical":"https:\/\/antderground.com\/fr\/produit\/crassula-perforata\/","og_locale":"fr_FR","og_type":"article","og_title":"Crassula perforata | PPlante succulente facile d'entretien - ANTDERGROUND","og_description":"Crassula perforata \ud83c\udf3f : succulente facile \u00e0 entretenir, parfaite pour int\u00e9rieur et jardin sec. Originale, robuste et d\u00e9corative. \ud83c\udf1e","og_url":"https:\/\/antderground.com\/fr\/produit\/crassula-perforata\/","og_site_name":"ANTDERGROUND","og_image":[{"width":1600,"height":1600,"url":"https:\/\/antderground.com\/wp-content\/uploads\/2025\/04\/Crassula-perforata.jpeg","type":"image\/jpeg"}],"twitter_card":"summary_large_image","twitter_misc":{"Dur\u00e9e de lecture estim\u00e9e":"1 minute"},"schema":{"@context":"https:\/\/schema.org","@graph":[{"@type":"WebPage","@id":"https:\/\/antderground.com\/fr\/produit\/crassula-perforata\/","url":"https:\/\/antderground.com\/fr\/produit\/crassula-perforata\/","name":"Crassula perforata | PPlante succulente facile d'entretien - ANTDERGROUND","isPartOf":{"@id":"https:\/\/antderground.com\/fr\/#website"},"primaryImageOfPage":{"@id":"https:\/\/antderground.com\/fr\/produit\/crassula-perforata\/#primaryimage"},"image":{"@id":"https:\/\/antderground.com\/fr\/produit\/crassula-perforata\/#primaryimage"},"thumbnailUrl":"https:\/\/antderground.com\/wp-content\/uploads\/2025\/04\/Crassula-perforata.jpeg","datePublished":"2025-04-07T10:12:50+00:00","description":"Crassula perforata \ud83c\udf3f : succulente facile \u00e0 entretenir, parfaite pour int\u00e9rieur et jardin sec. Originale, robuste et d\u00e9corative. \ud83c\udf1e","breadcrumb":{"@id":"https:\/\/antderground.com\/fr\/produit\/crassula-perforata\/#breadcrumb"},"inLanguage":"fr-FR","potentialAction":[{"@type":"ReadAction","target":["https:\/\/antderground.com\/fr\/produit\/crassula-perforata\/"]}]},{"@type":"ImageObject","inLanguage":"fr-FR","@id":"https:\/\/antderground.com\/fr\/produit\/crassula-perforata\/#primaryimage","url":"https:\/\/antderground.com\/wp-content\/uploads\/2025\/04\/Crassula-perforata.jpeg","contentUrl":"https:\/\/antderground.com\/wp-content\/uploads\/2025\/04\/Crassula-perforata.jpeg","width":1600,"height":1600,"caption":"Crassula perforata"},{"@type":"BreadcrumbList","@id":"https:\/\/antderground.com\/fr\/produit\/crassula-perforata\/#breadcrumb","itemListElement":[{"@type":"ListItem","position":1,"name":"Portada","item":"https:\/\/antderground.com\/fr\/"},{"@type":"ListItem","position":2,"name":"Boutique","item":"https:\/\/antderground.com\/fr\/boutique\/"},{"@type":"ListItem","position":3,"name":"Crassula perforata"}]},{"@type":"WebSite","@id":"https:\/\/antderground.com\/fr\/#website","url":"https:\/\/antderground.com\/fr\/","name":"ANTDERGROUND","description":"Tu tienda de hormigas, gran variedad de hormigueros acr\u00edlicos,madera,arena,3D y mas.. Pide tus hormigas gratis con tu pedido, somos expertos en hormigueros antifugas.","publisher":{"@id":"https:\/\/antderground.com\/fr\/#\/schema\/person\/0e322c505e84fe72c65e2f6d08f96b81"},"alternateName":"Antderground","potentialAction":[{"@type":"SearchAction","target":{"@type":"EntryPoint","urlTemplate":"https:\/\/antderground.com\/fr\/?s={search_term_string}"},"query-input":{"@type":"PropertyValueSpecification","valueRequired":true,"valueName":"search_term_string"}}],"inLanguage":"fr-FR"},{"@type":["Person","Organization"],"@id":"https:\/\/antderground.com\/fr\/#\/schema\/person\/0e322c505e84fe72c65e2f6d08f96b81","name":"Eric de Antderground","image":{"@type":"ImageObject","inLanguage":"fr-FR","@id":"https:\/\/secure.gravatar.com\/avatar\/c49a1b9f79216d1498cb73c1e85cd47f4465dda35f2a94c03790d491bd4423c3?s=96&d=mm&r=g","url":"https:\/\/secure.gravatar.com\/avatar\/c49a1b9f79216d1498cb73c1e85cd47f4465dda35f2a94c03790d491bd4423c3?s=96&d=mm&r=g","contentUrl":"https:\/\/secure.gravatar.com\/avatar\/c49a1b9f79216d1498cb73c1e85cd47f4465dda35f2a94c03790d491bd4423c3?s=96&d=mm&r=g","caption":"Eric de Antderground"},"logo":{"@id":"https:\/\/secure.gravatar.com\/avatar\/c49a1b9f79216d1498cb73c1e85cd47f4465dda35f2a94c03790d491bd4423c3?s=96&d=mm&r=g"},"description":"Eric es el especialista y fundador de Antderground, con una amplia trayectoria en artr\u00f3podos y enfocado en la mirmecolog\u00eda y el dise\u00f1o de hormigueros artificiales. Su enfoque combina la innovaci\u00f3n t\u00e9cnica con el respeto por la biolog\u00eda de las hormigas, is\u00f3podos y otros, desarrollando sistemas de nidos modulares 3D y acr\u00edlicos que son referentes para aficionados y profesionales en toda Europa. Su objetivo es facilitar la cr\u00eda de hormigas y otros artr\u00f3podos mediante soluciones seguras y divulgaci\u00f3n de calidad.","sameAs":["https:\/\/antderground.com\/","https:\/\/www.youtube.com\/channel\/UCio72z7TlbufkAthAJIJfPw"]}]}},"_links":{"self":[{"href":"https:\/\/antderground.com\/fr\/wp-json\/wp\/v2\/product\/41688","targetHints":{"allow":["GET"]}}],"collection":[{"href":"https:\/\/antderground.com\/fr\/wp-json\/wp\/v2\/product"}],"about":[{"href":"https:\/\/antderground.com\/fr\/wp-json\/wp\/v2\/types\/product"}],"version-history":[{"count":0,"href":"https:\/\/antderground.com\/fr\/wp-json\/wp\/v2\/product\/41688\/revisions"}],"wp:featuredmedia":[{"embeddable":true,"href":"https:\/\/antderground.com\/fr\/wp-json\/wp\/v2\/media\/41616"}],"wp:attachment":[{"href":"https:\/\/antderground.com\/fr\/wp-json\/wp\/v2\/media?parent=41688"}],"wp:term":[{"taxonomy":"product_brand","embeddable":true,"href":"https:\/\/antderground.com\/fr\/wp-json\/wp\/v2\/product_brand?post=41688"},{"taxonomy":"product_cat","embeddable":true,"href":"https:\/\/antderground.com\/fr\/wp-json\/wp\/v2\/product_cat?post=41688"},{"taxonomy":"product_tag","embeddable":true,"href":"https:\/\/antderground.com\/fr\/wp-json\/wp\/v2\/product_tag?post=41688"}],"curies":[{"name":"wp","href":"https:\/\/api.w.org\/{rel}","templated":true}]}}