{"id":41692,"date":"2025-04-07T11:17:07","date_gmt":"2025-04-07T09:17:07","guid":{"rendered":"https:\/\/www.antderground.com\/producto\/delosperma-echinatum\/"},"modified":"2025-04-07T11:17:07","modified_gmt":"2025-04-07T09:17:07","slug":"delosperma-echinatum","status":"publish","type":"product","link":"https:\/\/antderground.com\/fr\/produit\/delosperma-echinatum\/","title":{"rendered":"Delosperma echinatum"},"content":{"rendered":"<h3 class=\"\" data-start=\"199\" data-end=\"245\"><strong data-start=\"203\" data-end=\"245\">Fiche technique : Delosperma echinatum<\/strong><\/h3>\n<p class=\"\" data-start=\"247\" data-end=\"362\"><strong data-start=\"247\" data-end=\"261\">Nom commun<\/strong> : <em data-start=\"264\" data-end=\"286\">Delosperma echinatum<\/em><br data-start=\"286\" data-end=\"289\" \/><strong data-start=\"289\" data-end=\"309\">Nom scientifique<\/strong> : <em data-start=\"312\" data-end=\"334\">Delosperma echinatum<\/em><br data-start=\"334\" data-end=\"337\" \/><strong data-start=\"337\" data-end=\"348\">Famille<\/strong> : Aizoaceae<\/p>\n<h4 class=\"\" data-start=\"364\" data-end=\"388\"><strong data-start=\"369\" data-end=\"386\">Description :<\/strong><\/h4>\n<p class=\"\" data-start=\"389\" data-end=\"687\"><em data-start=\"389\" data-end=\"411\">Delosperma echinatum<\/em> est une succulente vivace originaire d\u2019Afrique du Sud. Elle se distingue par ses feuilles charnues recouvertes de petits poils rigides qui lui donnent un aspect de petit cactus. Elle produit des fleurs roses vives en \u00e9t\u00e9, contrastant joliment avec le vert clair du feuillage.<\/p>\n<h4 class=\"\" data-start=\"689\" data-end=\"720\"><strong data-start=\"694\" data-end=\"720\">Taille et croissance :<\/strong><\/h4>\n<ul data-start=\"721\" data-end=\"871\">\n<li class=\"\" data-start=\"721\" data-end=\"755\">\n<p class=\"\" data-start=\"723\" data-end=\"755\"><strong data-start=\"723\" data-end=\"734\">Hauteur<\/strong> : Environ 15-20 cm<\/p>\n<\/li>\n<li class=\"\" data-start=\"756\" data-end=\"799\">\n<p class=\"\" data-start=\"758\" data-end=\"799\"><strong data-start=\"758\" data-end=\"769\">Largeur<\/strong> : Jusqu\u2019\u00e0 30 cm d\u2019\u00e9talement<\/p>\n<\/li>\n<li class=\"\" data-start=\"800\" data-end=\"871\">\n<p class=\"\" data-start=\"802\" data-end=\"871\"><strong data-start=\"802\" data-end=\"816\">Croissance<\/strong> : Mod\u00e9r\u00e9e, adapt\u00e9e aux jardins secs, rocailles ou pots<\/p>\n<\/li>\n<\/ul>\n<h4 class=\"\" data-start=\"873\" data-end=\"894\"><strong data-start=\"878\" data-end=\"894\">Exposition :<\/strong><\/h4>\n<ul data-start=\"895\" data-end=\"1014\">\n<li class=\"\" data-start=\"895\" data-end=\"949\">\n<p class=\"\" data-start=\"897\" data-end=\"949\">Soleil direct de pr\u00e9f\u00e9rence, mais tol\u00e8re la mi-ombre<\/p>\n<\/li>\n<li class=\"\" data-start=\"950\" data-end=\"1014\">\n<p class=\"\" data-start=\"952\" data-end=\"1014\">Id\u00e9ale pour les balcons, terrasses ou int\u00e9rieurs bien \u00e9clair\u00e9s<\/p>\n<\/li>\n<\/ul>\n<h4 class=\"\" data-start=\"1016\" data-end=\"1035\"><strong data-start=\"1021\" data-end=\"1035\">Arrosage :<\/strong><\/h4>\n<ul data-start=\"1036\" data-end=\"1135\">\n<li class=\"\" data-start=\"1036\" data-end=\"1084\">\n<p class=\"\" data-start=\"1038\" data-end=\"1084\">Mod\u00e9r\u00e9, uniquement lorsque le substrat est sec<\/p>\n<\/li>\n<li class=\"\" data-start=\"1085\" data-end=\"1135\">\n<p class=\"\" data-start=\"1087\" data-end=\"1135\">\u00c9viter l\u2019exc\u00e8s d\u2019eau pour pr\u00e9venir la pourriture<\/p>\n<\/li>\n<\/ul>\n<h4 class=\"\" data-start=\"1137\" data-end=\"1151\"><strong data-start=\"1142\" data-end=\"1151\">Sol :<\/strong><\/h4>\n<ul data-start=\"1152\" data-end=\"1248\">\n<li class=\"\" data-start=\"1152\" data-end=\"1195\">\n<p class=\"\" data-start=\"1154\" data-end=\"1195\">L\u00e9ger, bien drain\u00e9, de pr\u00e9f\u00e9rence sableux<\/p>\n<\/li>\n<li class=\"\" data-start=\"1196\" data-end=\"1248\">\n<p class=\"\" data-start=\"1198\" data-end=\"1248\">Substrat pour cactus ou plantes grasses recommand\u00e9<\/p>\n<\/li>\n<\/ul>\n<h4 class=\"\" data-start=\"1250\" data-end=\"1272\"><strong data-start=\"1255\" data-end=\"1272\">Temp\u00e9rature :<\/strong><\/h4>\n<ul data-start=\"1273\" data-end=\"1363\">\n<li class=\"\" data-start=\"1273\" data-end=\"1290\">\n<p class=\"\" data-start=\"1275\" data-end=\"1290\">Aime la chaleur<\/p>\n<\/li>\n<li class=\"\" data-start=\"1291\" data-end=\"1363\">\n<p class=\"\" data-start=\"1293\" data-end=\"1363\">Ne supporte pas le gel, \u00e0 prot\u00e9ger en hiver ou \u00e0 cultiver en int\u00e9rieur<\/p>\n<\/li>\n<\/ul>\n<h4 class=\"\" data-start=\"1365\" data-end=\"1388\"><strong data-start=\"1370\" data-end=\"1388\">Utilisations :<\/strong><\/h4>\n<ul data-start=\"1389\" data-end=\"1459\">\n<li class=\"\" data-start=\"1389\" data-end=\"1459\">\n<p class=\"\" data-start=\"1391\" data-end=\"1459\">Parfaite en plante ornementale pour rocailles, balcons ou terrariums<\/p>\n<\/li>\n<\/ul>\n<h4 class=\"\" data-start=\"1461\" data-end=\"1481\"><strong data-start=\"1466\" data-end=\"1481\">Avantages :<\/strong><\/h4>\n<ul data-start=\"1482\" data-end=\"1559\">\n<li class=\"\" data-start=\"1482\" data-end=\"1510\">\n<p class=\"\" data-start=\"1484\" data-end=\"1510\">R\u00e9sistante \u00e0 la s\u00e9cheresse<\/p>\n<\/li>\n<li class=\"\" data-start=\"1511\" data-end=\"1531\">\n<p class=\"\" data-start=\"1513\" data-end=\"1531\">Facile d\u2019entretien<\/p>\n<\/li>\n<li class=\"\" data-start=\"1532\" data-end=\"1559\">\n<p class=\"\" data-start=\"1534\" data-end=\"1559\">Attire les pollinisateurs<\/p>\n<\/li>\n<\/ul>\n<h4 class=\"\" data-start=\"1561\" data-end=\"1580\"><strong data-start=\"1566\" data-end=\"1580\">Toxicit\u00e9 :<\/strong><\/h4>\n<ul data-start=\"1581\" data-end=\"1626\">\n<li class=\"\" data-start=\"1581\" data-end=\"1626\">\n<p class=\"\" data-start=\"1583\" data-end=\"1626\">Non toxique pour les animaux<\/p>\n<\/li>\n<\/ul>\n","protected":false},"excerpt":{"rendered":"<p class=\"\" data-start=\"1682\" data-end=\"1872\">Ajoutez une touche originale \u00e0 votre espace avec le Delosperma echinatum \ud83c\udf35 ! Facile \u00e0 vivre, il aime le soleil et ne craint pas la s\u00e9cheresse. Parfait pour pots, terrasses ou terrariums. \ud83c\udf38<\/p>\n<p data-start=\"0\" data-end=\"24\"><strong data-start=\"0\" data-end=\"22\">Caract\u00e9ristiques :<\/strong><\/p>\n<ul data-start=\"26\" data-end=\"63\" data-is-last-node=\"\" data-is-only-node=\"\">\n<li data-start=\"26\" data-end=\"46\">Pot<strong data-start=\"28\" data-end=\"37\"> :<\/strong>\u00a05,5 (cm).<\/li>\n<li data-start=\"47\" data-end=\"63\" data-is-last-node=\"\">Int\u00e9rieur et ext\u00e9rieur<\/li>\n<\/ul>\n","protected":false},"featured_media":41606,"template":"","meta":[],"product_brand":[],"product_cat":[637],"product_tag":[],"class_list":{"0":"post-41692","1":"product","2":"type-product","3":"status-publish","4":"has-post-thumbnail","6":"product_cat-plantes-naturelles","8":"first","9":"outofstock","10":"shipping-taxable","11":"purchasable","12":"product-type-simple"},"yoast_head":"<!-- This site is optimized with the Yoast SEO plugin v27.3 - https:\/\/yoast.com\/product\/yoast-seo-wordpress\/ -->\n<title>Delosperma echinatum | Plantes succulentes - ANTDERGROUND<\/title>\n<meta name=\"description\" content=\"Delosperma echinatum \ud83c\udf35, plante grasse facile \u00e0 entretenir, parfaite pour terrasses, int\u00e9rieurs et terrariums. Apportez du style \ud83c\udf38\" \/>\n<meta name=\"robots\" content=\"index, follow, max-snippet:-1, max-image-preview:large, max-video-preview:-1\" \/>\n<link rel=\"canonical\" href=\"https:\/\/antderground.com\/fr\/produit\/delosperma-echinatum\/\" \/>\n<meta property=\"og:locale\" content=\"fr_FR\" \/>\n<meta property=\"og:type\" content=\"article\" \/>\n<meta property=\"og:title\" content=\"Delosperma echinatum | Plantes succulentes - ANTDERGROUND\" \/>\n<meta property=\"og:description\" content=\"Delosperma echinatum \ud83c\udf35, plante grasse facile \u00e0 entretenir, parfaite pour terrasses, int\u00e9rieurs et terrariums. Apportez du style \ud83c\udf38\" \/>\n<meta property=\"og:url\" content=\"https:\/\/antderground.com\/fr\/produit\/delosperma-echinatum\/\" \/>\n<meta property=\"og:site_name\" content=\"ANTDERGROUND\" \/>\n<meta property=\"og:image\" content=\"https:\/\/antderground.com\/wp-content\/uploads\/2025\/04\/Delosperma-echinatum.jpeg\" \/>\n\t<meta property=\"og:image:width\" content=\"1600\" \/>\n\t<meta property=\"og:image:height\" content=\"1600\" \/>\n\t<meta property=\"og:image:type\" content=\"image\/jpeg\" \/>\n<meta name=\"twitter:card\" content=\"summary_large_image\" \/>\n<meta name=\"twitter:label1\" content=\"Dur\u00e9e de lecture estim\u00e9e\" \/>\n\t<meta name=\"twitter:data1\" content=\"1 minute\" \/>\n<script type=\"application\/ld+json\" class=\"yoast-schema-graph\">{\"@context\":\"https:\\\/\\\/schema.org\",\"@graph\":[{\"@type\":\"WebPage\",\"@id\":\"https:\\\/\\\/antderground.com\\\/fr\\\/produit\\\/delosperma-echinatum\\\/\",\"url\":\"https:\\\/\\\/antderground.com\\\/fr\\\/produit\\\/delosperma-echinatum\\\/\",\"name\":\"Delosperma echinatum | Plantes succulentes - ANTDERGROUND\",\"isPartOf\":{\"@id\":\"https:\\\/\\\/antderground.com\\\/fr\\\/#website\"},\"primaryImageOfPage\":{\"@id\":\"https:\\\/\\\/antderground.com\\\/fr\\\/produit\\\/delosperma-echinatum\\\/#primaryimage\"},\"image\":{\"@id\":\"https:\\\/\\\/antderground.com\\\/fr\\\/produit\\\/delosperma-echinatum\\\/#primaryimage\"},\"thumbnailUrl\":\"https:\\\/\\\/antderground.com\\\/wp-content\\\/uploads\\\/2025\\\/04\\\/Delosperma-echinatum.jpeg\",\"datePublished\":\"2025-04-07T09:17:07+00:00\",\"description\":\"Delosperma echinatum \ud83c\udf35, plante grasse facile \u00e0 entretenir, parfaite pour terrasses, int\u00e9rieurs et terrariums. Apportez du style \ud83c\udf38\",\"breadcrumb\":{\"@id\":\"https:\\\/\\\/antderground.com\\\/fr\\\/produit\\\/delosperma-echinatum\\\/#breadcrumb\"},\"inLanguage\":\"fr-FR\",\"potentialAction\":[{\"@type\":\"ReadAction\",\"target\":[\"https:\\\/\\\/antderground.com\\\/fr\\\/produit\\\/delosperma-echinatum\\\/\"]}]},{\"@type\":\"ImageObject\",\"inLanguage\":\"fr-FR\",\"@id\":\"https:\\\/\\\/antderground.com\\\/fr\\\/produit\\\/delosperma-echinatum\\\/#primaryimage\",\"url\":\"https:\\\/\\\/antderground.com\\\/wp-content\\\/uploads\\\/2025\\\/04\\\/Delosperma-echinatum.jpeg\",\"contentUrl\":\"https:\\\/\\\/antderground.com\\\/wp-content\\\/uploads\\\/2025\\\/04\\\/Delosperma-echinatum.jpeg\",\"width\":1600,\"height\":1600,\"caption\":\"Delosperma echinatum\"},{\"@type\":\"BreadcrumbList\",\"@id\":\"https:\\\/\\\/antderground.com\\\/fr\\\/produit\\\/delosperma-echinatum\\\/#breadcrumb\",\"itemListElement\":[{\"@type\":\"ListItem\",\"position\":1,\"name\":\"Portada\",\"item\":\"https:\\\/\\\/antderground.com\\\/fr\\\/\"},{\"@type\":\"ListItem\",\"position\":2,\"name\":\"Boutique\",\"item\":\"https:\\\/\\\/antderground.com\\\/fr\\\/boutique\\\/\"},{\"@type\":\"ListItem\",\"position\":3,\"name\":\"Delosperma echinatum\"}]},{\"@type\":\"WebSite\",\"@id\":\"https:\\\/\\\/antderground.com\\\/fr\\\/#website\",\"url\":\"https:\\\/\\\/antderground.com\\\/fr\\\/\",\"name\":\"ANTDERGROUND\",\"description\":\"Tu tienda de hormigas, gran variedad de hormigueros acr\u00edlicos,madera,arena,3D y mas.. Pide tus hormigas gratis con tu pedido, somos expertos en hormigueros antifugas.\",\"publisher\":{\"@id\":\"https:\\\/\\\/antderground.com\\\/fr\\\/#\\\/schema\\\/person\\\/0e322c505e84fe72c65e2f6d08f96b81\"},\"alternateName\":\"Antderground\",\"potentialAction\":[{\"@type\":\"SearchAction\",\"target\":{\"@type\":\"EntryPoint\",\"urlTemplate\":\"https:\\\/\\\/antderground.com\\\/fr\\\/?s={search_term_string}\"},\"query-input\":{\"@type\":\"PropertyValueSpecification\",\"valueRequired\":true,\"valueName\":\"search_term_string\"}}],\"inLanguage\":\"fr-FR\"},{\"@type\":[\"Person\",\"Organization\"],\"@id\":\"https:\\\/\\\/antderground.com\\\/fr\\\/#\\\/schema\\\/person\\\/0e322c505e84fe72c65e2f6d08f96b81\",\"name\":\"Eric de Antderground\",\"image\":{\"@type\":\"ImageObject\",\"inLanguage\":\"fr-FR\",\"@id\":\"https:\\\/\\\/secure.gravatar.com\\\/avatar\\\/c49a1b9f79216d1498cb73c1e85cd47f4465dda35f2a94c03790d491bd4423c3?s=96&d=mm&r=g\",\"url\":\"https:\\\/\\\/secure.gravatar.com\\\/avatar\\\/c49a1b9f79216d1498cb73c1e85cd47f4465dda35f2a94c03790d491bd4423c3?s=96&d=mm&r=g\",\"contentUrl\":\"https:\\\/\\\/secure.gravatar.com\\\/avatar\\\/c49a1b9f79216d1498cb73c1e85cd47f4465dda35f2a94c03790d491bd4423c3?s=96&d=mm&r=g\",\"caption\":\"Eric de Antderground\"},\"logo\":{\"@id\":\"https:\\\/\\\/secure.gravatar.com\\\/avatar\\\/c49a1b9f79216d1498cb73c1e85cd47f4465dda35f2a94c03790d491bd4423c3?s=96&d=mm&r=g\"},\"description\":\"Eric es el especialista y fundador de Antderground, con una amplia trayectoria en artr\u00f3podos y enfocado en la mirmecolog\u00eda y el dise\u00f1o de hormigueros artificiales. Su enfoque combina la innovaci\u00f3n t\u00e9cnica con el respeto por la biolog\u00eda de las hormigas, is\u00f3podos y otros, desarrollando sistemas de nidos modulares 3D y acr\u00edlicos que son referentes para aficionados y profesionales en toda Europa. Su objetivo es facilitar la cr\u00eda de hormigas y otros artr\u00f3podos mediante soluciones seguras y divulgaci\u00f3n de calidad.\",\"sameAs\":[\"https:\\\/\\\/antderground.com\\\/\",\"https:\\\/\\\/www.youtube.com\\\/channel\\\/UCio72z7TlbufkAthAJIJfPw\"]}]}<\/script>\n<!-- \/ Yoast SEO plugin. -->","yoast_head_json":{"title":"Delosperma echinatum | Plantes succulentes - ANTDERGROUND","description":"Delosperma echinatum \ud83c\udf35, plante grasse facile \u00e0 entretenir, parfaite pour terrasses, int\u00e9rieurs et terrariums. Apportez du style \ud83c\udf38","robots":{"index":"index","follow":"follow","max-snippet":"max-snippet:-1","max-image-preview":"max-image-preview:large","max-video-preview":"max-video-preview:-1"},"canonical":"https:\/\/antderground.com\/fr\/produit\/delosperma-echinatum\/","og_locale":"fr_FR","og_type":"article","og_title":"Delosperma echinatum | Plantes succulentes - ANTDERGROUND","og_description":"Delosperma echinatum \ud83c\udf35, plante grasse facile \u00e0 entretenir, parfaite pour terrasses, int\u00e9rieurs et terrariums. Apportez du style \ud83c\udf38","og_url":"https:\/\/antderground.com\/fr\/produit\/delosperma-echinatum\/","og_site_name":"ANTDERGROUND","og_image":[{"width":1600,"height":1600,"url":"https:\/\/antderground.com\/wp-content\/uploads\/2025\/04\/Delosperma-echinatum.jpeg","type":"image\/jpeg"}],"twitter_card":"summary_large_image","twitter_misc":{"Dur\u00e9e de lecture estim\u00e9e":"1 minute"},"schema":{"@context":"https:\/\/schema.org","@graph":[{"@type":"WebPage","@id":"https:\/\/antderground.com\/fr\/produit\/delosperma-echinatum\/","url":"https:\/\/antderground.com\/fr\/produit\/delosperma-echinatum\/","name":"Delosperma echinatum | Plantes succulentes - ANTDERGROUND","isPartOf":{"@id":"https:\/\/antderground.com\/fr\/#website"},"primaryImageOfPage":{"@id":"https:\/\/antderground.com\/fr\/produit\/delosperma-echinatum\/#primaryimage"},"image":{"@id":"https:\/\/antderground.com\/fr\/produit\/delosperma-echinatum\/#primaryimage"},"thumbnailUrl":"https:\/\/antderground.com\/wp-content\/uploads\/2025\/04\/Delosperma-echinatum.jpeg","datePublished":"2025-04-07T09:17:07+00:00","description":"Delosperma echinatum \ud83c\udf35, plante grasse facile \u00e0 entretenir, parfaite pour terrasses, int\u00e9rieurs et terrariums. Apportez du style \ud83c\udf38","breadcrumb":{"@id":"https:\/\/antderground.com\/fr\/produit\/delosperma-echinatum\/#breadcrumb"},"inLanguage":"fr-FR","potentialAction":[{"@type":"ReadAction","target":["https:\/\/antderground.com\/fr\/produit\/delosperma-echinatum\/"]}]},{"@type":"ImageObject","inLanguage":"fr-FR","@id":"https:\/\/antderground.com\/fr\/produit\/delosperma-echinatum\/#primaryimage","url":"https:\/\/antderground.com\/wp-content\/uploads\/2025\/04\/Delosperma-echinatum.jpeg","contentUrl":"https:\/\/antderground.com\/wp-content\/uploads\/2025\/04\/Delosperma-echinatum.jpeg","width":1600,"height":1600,"caption":"Delosperma echinatum"},{"@type":"BreadcrumbList","@id":"https:\/\/antderground.com\/fr\/produit\/delosperma-echinatum\/#breadcrumb","itemListElement":[{"@type":"ListItem","position":1,"name":"Portada","item":"https:\/\/antderground.com\/fr\/"},{"@type":"ListItem","position":2,"name":"Boutique","item":"https:\/\/antderground.com\/fr\/boutique\/"},{"@type":"ListItem","position":3,"name":"Delosperma echinatum"}]},{"@type":"WebSite","@id":"https:\/\/antderground.com\/fr\/#website","url":"https:\/\/antderground.com\/fr\/","name":"ANTDERGROUND","description":"Tu tienda de hormigas, gran variedad de hormigueros acr\u00edlicos,madera,arena,3D y mas.. Pide tus hormigas gratis con tu pedido, somos expertos en hormigueros antifugas.","publisher":{"@id":"https:\/\/antderground.com\/fr\/#\/schema\/person\/0e322c505e84fe72c65e2f6d08f96b81"},"alternateName":"Antderground","potentialAction":[{"@type":"SearchAction","target":{"@type":"EntryPoint","urlTemplate":"https:\/\/antderground.com\/fr\/?s={search_term_string}"},"query-input":{"@type":"PropertyValueSpecification","valueRequired":true,"valueName":"search_term_string"}}],"inLanguage":"fr-FR"},{"@type":["Person","Organization"],"@id":"https:\/\/antderground.com\/fr\/#\/schema\/person\/0e322c505e84fe72c65e2f6d08f96b81","name":"Eric de Antderground","image":{"@type":"ImageObject","inLanguage":"fr-FR","@id":"https:\/\/secure.gravatar.com\/avatar\/c49a1b9f79216d1498cb73c1e85cd47f4465dda35f2a94c03790d491bd4423c3?s=96&d=mm&r=g","url":"https:\/\/secure.gravatar.com\/avatar\/c49a1b9f79216d1498cb73c1e85cd47f4465dda35f2a94c03790d491bd4423c3?s=96&d=mm&r=g","contentUrl":"https:\/\/secure.gravatar.com\/avatar\/c49a1b9f79216d1498cb73c1e85cd47f4465dda35f2a94c03790d491bd4423c3?s=96&d=mm&r=g","caption":"Eric de Antderground"},"logo":{"@id":"https:\/\/secure.gravatar.com\/avatar\/c49a1b9f79216d1498cb73c1e85cd47f4465dda35f2a94c03790d491bd4423c3?s=96&d=mm&r=g"},"description":"Eric es el especialista y fundador de Antderground, con una amplia trayectoria en artr\u00f3podos y enfocado en la mirmecolog\u00eda y el dise\u00f1o de hormigueros artificiales. Su enfoque combina la innovaci\u00f3n t\u00e9cnica con el respeto por la biolog\u00eda de las hormigas, is\u00f3podos y otros, desarrollando sistemas de nidos modulares 3D y acr\u00edlicos que son referentes para aficionados y profesionales en toda Europa. Su objetivo es facilitar la cr\u00eda de hormigas y otros artr\u00f3podos mediante soluciones seguras y divulgaci\u00f3n de calidad.","sameAs":["https:\/\/antderground.com\/","https:\/\/www.youtube.com\/channel\/UCio72z7TlbufkAthAJIJfPw"]}]}},"_links":{"self":[{"href":"https:\/\/antderground.com\/fr\/wp-json\/wp\/v2\/product\/41692","targetHints":{"allow":["GET"]}}],"collection":[{"href":"https:\/\/antderground.com\/fr\/wp-json\/wp\/v2\/product"}],"about":[{"href":"https:\/\/antderground.com\/fr\/wp-json\/wp\/v2\/types\/product"}],"version-history":[{"count":0,"href":"https:\/\/antderground.com\/fr\/wp-json\/wp\/v2\/product\/41692\/revisions"}],"wp:featuredmedia":[{"embeddable":true,"href":"https:\/\/antderground.com\/fr\/wp-json\/wp\/v2\/media\/41606"}],"wp:attachment":[{"href":"https:\/\/antderground.com\/fr\/wp-json\/wp\/v2\/media?parent=41692"}],"wp:term":[{"taxonomy":"product_brand","embeddable":true,"href":"https:\/\/antderground.com\/fr\/wp-json\/wp\/v2\/product_brand?post=41692"},{"taxonomy":"product_cat","embeddable":true,"href":"https:\/\/antderground.com\/fr\/wp-json\/wp\/v2\/product_cat?post=41692"},{"taxonomy":"product_tag","embeddable":true,"href":"https:\/\/antderground.com\/fr\/wp-json\/wp\/v2\/product_tag?post=41692"}],"curies":[{"name":"wp","href":"https:\/\/api.w.org\/{rel}","templated":true}]}}