{"id":41698,"date":"2025-04-07T10:49:56","date_gmt":"2025-04-07T08:49:56","guid":{"rendered":"https:\/\/www.antderground.com\/producto\/echeveria-purpusorum\/"},"modified":"2025-04-07T10:49:56","modified_gmt":"2025-04-07T08:49:56","slug":"echeveria-purpusorum","status":"publish","type":"product","link":"https:\/\/antderground.com\/fr\/produit\/echeveria-purpusorum\/","title":{"rendered":"Echeveria purpusorum"},"content":{"rendered":"<h3 class=\"\" data-start=\"219\" data-end=\"264\">\ud83c\udf3f Fiche Technique \u2013 Echeveria purpusorum<\/h3>\n<p class=\"\" data-start=\"266\" data-end=\"420\"><strong data-start=\"266\" data-end=\"282\">Nom commun :<\/strong> Echeveria<br data-start=\"292\" data-end=\"295\" \/><strong data-start=\"295\" data-end=\"317\">Nom scientifique :<\/strong> <em data-start=\"318\" data-end=\"340\">Echeveria purpusorum<\/em><br data-start=\"340\" data-end=\"343\" \/><strong data-start=\"343\" data-end=\"356\">Famille :<\/strong> Crassulaceae<br data-start=\"369\" data-end=\"372\" \/><strong data-start=\"372\" data-end=\"385\">Origine :<\/strong> Mexique (surtout Oaxaca et Puebla)<\/p>\n<h3 class=\"\" data-start=\"427\" data-end=\"442\">\ud83d\udccf Taille<\/h3>\n<ul data-start=\"443\" data-end=\"532\">\n<li class=\"\" data-start=\"443\" data-end=\"474\">\n<p class=\"\" data-start=\"445\" data-end=\"474\"><strong data-start=\"445\" data-end=\"458\">Hauteur :<\/strong> Jusqu\u2019\u00e0 15 cm<\/p>\n<\/li>\n<li class=\"\" data-start=\"475\" data-end=\"507\">\n<p class=\"\" data-start=\"477\" data-end=\"507\"><strong data-start=\"477\" data-end=\"491\">Diam\u00e8tre :<\/strong> Jusqu\u2019\u00e0 15 cm<\/p>\n<\/li>\n<li class=\"\" data-start=\"508\" data-end=\"532\">\n<p class=\"\" data-start=\"510\" data-end=\"532\"><strong data-start=\"510\" data-end=\"526\">Croissance :<\/strong> Lente<\/p>\n<\/li>\n<\/ul>\n<h3 class=\"\" data-start=\"539\" data-end=\"555\">\ud83c\udf1e Lumi\u00e8re<\/h3>\n<ul data-start=\"556\" data-end=\"690\">\n<li class=\"\" data-start=\"556\" data-end=\"590\">\n<p class=\"\" data-start=\"558\" data-end=\"590\">Lumi\u00e8re <strong data-start=\"566\" data-end=\"587\">vive et indirecte<\/strong>.<\/p>\n<\/li>\n<li class=\"\" data-start=\"591\" data-end=\"690\">\n<p class=\"\" data-start=\"593\" data-end=\"690\">Supporte le soleil doux du matin, mais \u00e9viter le plein soleil de l\u2019apr\u00e8s-midi sans acclimatation.<\/p>\n<\/li>\n<\/ul>\n<h3 class=\"\" data-start=\"697\" data-end=\"718\">\ud83c\udf21\ufe0f Temp\u00e9rature<\/h3>\n<ul data-start=\"719\" data-end=\"807\">\n<li class=\"\" data-start=\"719\" data-end=\"746\">\n<p class=\"\" data-start=\"721\" data-end=\"746\">Id\u00e9al : <strong data-start=\"729\" data-end=\"744\">15\u00b0C \u00e0 27\u00b0C<\/strong><\/p>\n<\/li>\n<li class=\"\" data-start=\"747\" data-end=\"786\">\n<p class=\"\" data-start=\"749\" data-end=\"786\">Ne tol\u00e8re pas le gel (minimum 5\u00b0C).<\/p>\n<\/li>\n<li class=\"\" data-start=\"787\" data-end=\"807\">\n<p class=\"\" data-start=\"789\" data-end=\"807\">Prot\u00e9ger du froid.<\/p>\n<\/li>\n<\/ul>\n<h3 class=\"\" data-start=\"814\" data-end=\"831\">\ud83d\udca7 Arrosage<\/h3>\n<ul data-start=\"832\" data-end=\"970\">\n<li class=\"\" data-start=\"832\" data-end=\"910\">\n<p class=\"\" data-start=\"834\" data-end=\"910\"><strong data-start=\"834\" data-end=\"844\">Mod\u00e9r\u00e9<\/strong> : laisser s\u00e9cher compl\u00e8tement le substrat entre deux arrosages.<\/p>\n<\/li>\n<li class=\"\" data-start=\"911\" data-end=\"946\">\n<p class=\"\" data-start=\"913\" data-end=\"946\">R\u00e9duire les arrosages en hiver.<\/p>\n<\/li>\n<li class=\"\" data-start=\"947\" data-end=\"970\">\n<p class=\"\" data-start=\"949\" data-end=\"970\">\u00c9viter l\u2019exc\u00e8s d\u2019eau.<\/p>\n<\/li>\n<\/ul>\n<h3 class=\"\" data-start=\"977\" data-end=\"994\">\ud83e\udeb4 Substrat<\/h3>\n<ul data-start=\"995\" data-end=\"1130\">\n<li class=\"\" data-start=\"995\" data-end=\"1063\">\n<p class=\"\" data-start=\"997\" data-end=\"1063\">Bien drainant, type <strong data-start=\"1017\" data-end=\"1060\">substrat pour cactus et plantes grasses<\/strong>.<\/p>\n<\/li>\n<li class=\"\" data-start=\"1064\" data-end=\"1130\">\n<p class=\"\" data-start=\"1066\" data-end=\"1130\">Id\u00e9al : terreau universel + perlite\/pouzzolane + sable grossier.<\/p>\n<\/li>\n<\/ul>\n<h3 class=\"\" data-start=\"1137\" data-end=\"1160\">\ud83c\udf31 Multiplication<\/h3>\n<ul data-start=\"1161\" data-end=\"1289\">\n<li class=\"\" data-start=\"1161\" data-end=\"1231\">\n<p class=\"\" data-start=\"1163\" data-end=\"1231\">Par <strong data-start=\"1167\" data-end=\"1177\">rejets<\/strong>, mais aussi possible par <strong data-start=\"1203\" data-end=\"1215\">feuilles<\/strong> ou <strong data-start=\"1219\" data-end=\"1228\">semis<\/strong>.<\/p>\n<\/li>\n<li class=\"\" data-start=\"1232\" data-end=\"1289\">\n<p class=\"\" data-start=\"1234\" data-end=\"1289\">S\u00e9parer les rejets quand ils ont leurs propres racines.<\/p>\n<\/li>\n<\/ul>\n<h3 class=\"\" data-start=\"1296\" data-end=\"1316\">\ud83d\udc3e Non toxique<\/h3>\n<ul data-start=\"1317\" data-end=\"1394\">\n<li class=\"\" data-start=\"1317\" data-end=\"1394\">\n<p class=\"\" data-start=\"1319\" data-end=\"1394\"><strong data-start=\"1319\" data-end=\"1334\">Non toxique<\/strong> pour les animaux de compagnie, mais ingestion d\u00e9conseill\u00e9e.<\/p>\n<\/li>\n<\/ul>\n<h3 class=\"\" data-start=\"1401\" data-end=\"1423\">\ud83d\udee0\ufe0f Utilisations<\/h3>\n<ul data-start=\"1424\" data-end=\"1538\">\n<li class=\"\" data-start=\"1424\" data-end=\"1486\">\n<p class=\"\" data-start=\"1426\" data-end=\"1486\">Parfaite en pot d\u00e9coratif, jardin sec ou terrarium ouvert.<\/p>\n<\/li>\n<li class=\"\" data-start=\"1487\" data-end=\"1538\">\n<p class=\"\" data-start=\"1489\" data-end=\"1538\">Appr\u00e9ci\u00e9e pour ses feuilles \u00e9paisses et color\u00e9es.<\/p>\n<\/li>\n<\/ul>\n","protected":false},"excerpt":{"rendered":"<p class=\"\" data-start=\"1584\" data-end=\"1793\">L\u2019Echeveria purpusorum est une petite plante grasse superbe, aux feuilles vertes et rouges avec des motifs uniques \ud83c\udf35 Facile \u00e0 entretenir, elle est parfaite pour les d\u00e9butants et les passionn\u00e9s de succulentes.<\/p>\n<p data-start=\"0\" data-end=\"24\"><strong data-start=\"0\" data-end=\"22\">Caract\u00e9ristiques :<\/strong><\/p>\n<ul data-start=\"26\" data-end=\"63\" data-is-last-node=\"\" data-is-only-node=\"\">\n<li data-start=\"26\" data-end=\"46\"><strong data-start=\"28\" data-end=\"37\">Pot :<\/strong>\u00a05,5 (cm).<\/li>\n<li data-start=\"47\" data-end=\"63\" data-is-last-node=\"\"><strong data-start=\"49\" data-end=\"63\" data-is-last-node=\"\">Int\u00e9rieur\u00a0<\/strong><\/li>\n<\/ul>\n","protected":false},"featured_media":41595,"template":"","meta":[],"product_brand":[],"product_cat":[637],"product_tag":[],"class_list":{"0":"post-41698","1":"product","2":"type-product","3":"status-publish","4":"has-post-thumbnail","6":"product_cat-plantes-naturelles","8":"first","9":"outofstock","10":"shipping-taxable","11":"purchasable","12":"product-type-simple"},"yoast_head":"<!-- This site is optimized with the Yoast SEO plugin v27.3 - https:\/\/yoast.com\/product\/yoast-seo-wordpress\/ -->\n<title>Echeveria purpusorum | Plantes faciles d&#039;entretien - ANTDERGROUND<\/title>\n<meta name=\"description\" content=\"Echeveria purpusorum \ud83c\udf35 petite succulente aux tons verts et rouges. Facile \u00e0 entretenir, id\u00e9ale pour d\u00e9corer tous les espaces.\" \/>\n<meta name=\"robots\" content=\"index, follow, max-snippet:-1, max-image-preview:large, max-video-preview:-1\" \/>\n<link rel=\"canonical\" href=\"https:\/\/antderground.com\/fr\/produit\/echeveria-purpusorum\/\" \/>\n<meta property=\"og:locale\" content=\"fr_FR\" \/>\n<meta property=\"og:type\" content=\"article\" \/>\n<meta property=\"og:title\" content=\"Echeveria purpusorum | Plantes faciles d&#039;entretien - ANTDERGROUND\" \/>\n<meta property=\"og:description\" content=\"Echeveria purpusorum \ud83c\udf35 petite succulente aux tons verts et rouges. Facile \u00e0 entretenir, id\u00e9ale pour d\u00e9corer tous les espaces.\" \/>\n<meta property=\"og:url\" content=\"https:\/\/antderground.com\/fr\/produit\/echeveria-purpusorum\/\" \/>\n<meta property=\"og:site_name\" content=\"ANTDERGROUND\" \/>\n<meta property=\"og:image\" content=\"https:\/\/antderground.com\/wp-content\/uploads\/2025\/04\/Echeveria-purpusorum.jpeg\" \/>\n\t<meta property=\"og:image:width\" content=\"1600\" \/>\n\t<meta property=\"og:image:height\" content=\"1600\" \/>\n\t<meta property=\"og:image:type\" content=\"image\/jpeg\" \/>\n<meta name=\"twitter:card\" content=\"summary_large_image\" \/>\n<meta name=\"twitter:label1\" content=\"Dur\u00e9e de lecture estim\u00e9e\" \/>\n\t<meta name=\"twitter:data1\" content=\"1 minute\" \/>\n<script type=\"application\/ld+json\" class=\"yoast-schema-graph\">{\"@context\":\"https:\\\/\\\/schema.org\",\"@graph\":[{\"@type\":\"WebPage\",\"@id\":\"https:\\\/\\\/antderground.com\\\/fr\\\/produit\\\/echeveria-purpusorum\\\/\",\"url\":\"https:\\\/\\\/antderground.com\\\/fr\\\/produit\\\/echeveria-purpusorum\\\/\",\"name\":\"Echeveria purpusorum | Plantes faciles d'entretien - ANTDERGROUND\",\"isPartOf\":{\"@id\":\"https:\\\/\\\/antderground.com\\\/fr\\\/#website\"},\"primaryImageOfPage\":{\"@id\":\"https:\\\/\\\/antderground.com\\\/fr\\\/produit\\\/echeveria-purpusorum\\\/#primaryimage\"},\"image\":{\"@id\":\"https:\\\/\\\/antderground.com\\\/fr\\\/produit\\\/echeveria-purpusorum\\\/#primaryimage\"},\"thumbnailUrl\":\"https:\\\/\\\/antderground.com\\\/wp-content\\\/uploads\\\/2025\\\/04\\\/Echeveria-purpusorum.jpeg\",\"datePublished\":\"2025-04-07T08:49:56+00:00\",\"description\":\"Echeveria purpusorum \ud83c\udf35 petite succulente aux tons verts et rouges. Facile \u00e0 entretenir, id\u00e9ale pour d\u00e9corer tous les espaces.\",\"breadcrumb\":{\"@id\":\"https:\\\/\\\/antderground.com\\\/fr\\\/produit\\\/echeveria-purpusorum\\\/#breadcrumb\"},\"inLanguage\":\"fr-FR\",\"potentialAction\":[{\"@type\":\"ReadAction\",\"target\":[\"https:\\\/\\\/antderground.com\\\/fr\\\/produit\\\/echeveria-purpusorum\\\/\"]}]},{\"@type\":\"ImageObject\",\"inLanguage\":\"fr-FR\",\"@id\":\"https:\\\/\\\/antderground.com\\\/fr\\\/produit\\\/echeveria-purpusorum\\\/#primaryimage\",\"url\":\"https:\\\/\\\/antderground.com\\\/wp-content\\\/uploads\\\/2025\\\/04\\\/Echeveria-purpusorum.jpeg\",\"contentUrl\":\"https:\\\/\\\/antderground.com\\\/wp-content\\\/uploads\\\/2025\\\/04\\\/Echeveria-purpusorum.jpeg\",\"width\":1600,\"height\":1600,\"caption\":\"Echeveria purpusorum\"},{\"@type\":\"BreadcrumbList\",\"@id\":\"https:\\\/\\\/antderground.com\\\/fr\\\/produit\\\/echeveria-purpusorum\\\/#breadcrumb\",\"itemListElement\":[{\"@type\":\"ListItem\",\"position\":1,\"name\":\"Portada\",\"item\":\"https:\\\/\\\/antderground.com\\\/fr\\\/\"},{\"@type\":\"ListItem\",\"position\":2,\"name\":\"Boutique\",\"item\":\"https:\\\/\\\/antderground.com\\\/fr\\\/boutique\\\/\"},{\"@type\":\"ListItem\",\"position\":3,\"name\":\"Echeveria purpusorum\"}]},{\"@type\":\"WebSite\",\"@id\":\"https:\\\/\\\/antderground.com\\\/fr\\\/#website\",\"url\":\"https:\\\/\\\/antderground.com\\\/fr\\\/\",\"name\":\"ANTDERGROUND\",\"description\":\"Tu tienda de hormigas, gran variedad de hormigueros acr\u00edlicos,madera,arena,3D y mas.. Pide tus hormigas gratis con tu pedido, somos expertos en hormigueros antifugas.\",\"publisher\":{\"@id\":\"https:\\\/\\\/antderground.com\\\/fr\\\/#\\\/schema\\\/person\\\/0e322c505e84fe72c65e2f6d08f96b81\"},\"alternateName\":\"Antderground\",\"potentialAction\":[{\"@type\":\"SearchAction\",\"target\":{\"@type\":\"EntryPoint\",\"urlTemplate\":\"https:\\\/\\\/antderground.com\\\/fr\\\/?s={search_term_string}\"},\"query-input\":{\"@type\":\"PropertyValueSpecification\",\"valueRequired\":true,\"valueName\":\"search_term_string\"}}],\"inLanguage\":\"fr-FR\"},{\"@type\":[\"Person\",\"Organization\"],\"@id\":\"https:\\\/\\\/antderground.com\\\/fr\\\/#\\\/schema\\\/person\\\/0e322c505e84fe72c65e2f6d08f96b81\",\"name\":\"Eric de Antderground\",\"image\":{\"@type\":\"ImageObject\",\"inLanguage\":\"fr-FR\",\"@id\":\"https:\\\/\\\/secure.gravatar.com\\\/avatar\\\/c49a1b9f79216d1498cb73c1e85cd47f4465dda35f2a94c03790d491bd4423c3?s=96&d=mm&r=g\",\"url\":\"https:\\\/\\\/secure.gravatar.com\\\/avatar\\\/c49a1b9f79216d1498cb73c1e85cd47f4465dda35f2a94c03790d491bd4423c3?s=96&d=mm&r=g\",\"contentUrl\":\"https:\\\/\\\/secure.gravatar.com\\\/avatar\\\/c49a1b9f79216d1498cb73c1e85cd47f4465dda35f2a94c03790d491bd4423c3?s=96&d=mm&r=g\",\"caption\":\"Eric de Antderground\"},\"logo\":{\"@id\":\"https:\\\/\\\/secure.gravatar.com\\\/avatar\\\/c49a1b9f79216d1498cb73c1e85cd47f4465dda35f2a94c03790d491bd4423c3?s=96&d=mm&r=g\"},\"description\":\"Eric es el especialista y fundador de Antderground, con una amplia trayectoria en artr\u00f3podos y enfocado en la mirmecolog\u00eda y el dise\u00f1o de hormigueros artificiales. Su enfoque combina la innovaci\u00f3n t\u00e9cnica con el respeto por la biolog\u00eda de las hormigas, is\u00f3podos y otros, desarrollando sistemas de nidos modulares 3D y acr\u00edlicos que son referentes para aficionados y profesionales en toda Europa. Su objetivo es facilitar la cr\u00eda de hormigas y otros artr\u00f3podos mediante soluciones seguras y divulgaci\u00f3n de calidad.\",\"sameAs\":[\"https:\\\/\\\/antderground.com\\\/\",\"https:\\\/\\\/www.youtube.com\\\/channel\\\/UCio72z7TlbufkAthAJIJfPw\"]}]}<\/script>\n<!-- \/ Yoast SEO plugin. -->","yoast_head_json":{"title":"Echeveria purpusorum | Plantes faciles d'entretien - ANTDERGROUND","description":"Echeveria purpusorum \ud83c\udf35 petite succulente aux tons verts et rouges. Facile \u00e0 entretenir, id\u00e9ale pour d\u00e9corer tous les espaces.","robots":{"index":"index","follow":"follow","max-snippet":"max-snippet:-1","max-image-preview":"max-image-preview:large","max-video-preview":"max-video-preview:-1"},"canonical":"https:\/\/antderground.com\/fr\/produit\/echeveria-purpusorum\/","og_locale":"fr_FR","og_type":"article","og_title":"Echeveria purpusorum | Plantes faciles d'entretien - ANTDERGROUND","og_description":"Echeveria purpusorum \ud83c\udf35 petite succulente aux tons verts et rouges. Facile \u00e0 entretenir, id\u00e9ale pour d\u00e9corer tous les espaces.","og_url":"https:\/\/antderground.com\/fr\/produit\/echeveria-purpusorum\/","og_site_name":"ANTDERGROUND","og_image":[{"width":1600,"height":1600,"url":"https:\/\/antderground.com\/wp-content\/uploads\/2025\/04\/Echeveria-purpusorum.jpeg","type":"image\/jpeg"}],"twitter_card":"summary_large_image","twitter_misc":{"Dur\u00e9e de lecture estim\u00e9e":"1 minute"},"schema":{"@context":"https:\/\/schema.org","@graph":[{"@type":"WebPage","@id":"https:\/\/antderground.com\/fr\/produit\/echeveria-purpusorum\/","url":"https:\/\/antderground.com\/fr\/produit\/echeveria-purpusorum\/","name":"Echeveria purpusorum | Plantes faciles d'entretien - ANTDERGROUND","isPartOf":{"@id":"https:\/\/antderground.com\/fr\/#website"},"primaryImageOfPage":{"@id":"https:\/\/antderground.com\/fr\/produit\/echeveria-purpusorum\/#primaryimage"},"image":{"@id":"https:\/\/antderground.com\/fr\/produit\/echeveria-purpusorum\/#primaryimage"},"thumbnailUrl":"https:\/\/antderground.com\/wp-content\/uploads\/2025\/04\/Echeveria-purpusorum.jpeg","datePublished":"2025-04-07T08:49:56+00:00","description":"Echeveria purpusorum \ud83c\udf35 petite succulente aux tons verts et rouges. Facile \u00e0 entretenir, id\u00e9ale pour d\u00e9corer tous les espaces.","breadcrumb":{"@id":"https:\/\/antderground.com\/fr\/produit\/echeveria-purpusorum\/#breadcrumb"},"inLanguage":"fr-FR","potentialAction":[{"@type":"ReadAction","target":["https:\/\/antderground.com\/fr\/produit\/echeveria-purpusorum\/"]}]},{"@type":"ImageObject","inLanguage":"fr-FR","@id":"https:\/\/antderground.com\/fr\/produit\/echeveria-purpusorum\/#primaryimage","url":"https:\/\/antderground.com\/wp-content\/uploads\/2025\/04\/Echeveria-purpusorum.jpeg","contentUrl":"https:\/\/antderground.com\/wp-content\/uploads\/2025\/04\/Echeveria-purpusorum.jpeg","width":1600,"height":1600,"caption":"Echeveria purpusorum"},{"@type":"BreadcrumbList","@id":"https:\/\/antderground.com\/fr\/produit\/echeveria-purpusorum\/#breadcrumb","itemListElement":[{"@type":"ListItem","position":1,"name":"Portada","item":"https:\/\/antderground.com\/fr\/"},{"@type":"ListItem","position":2,"name":"Boutique","item":"https:\/\/antderground.com\/fr\/boutique\/"},{"@type":"ListItem","position":3,"name":"Echeveria purpusorum"}]},{"@type":"WebSite","@id":"https:\/\/antderground.com\/fr\/#website","url":"https:\/\/antderground.com\/fr\/","name":"ANTDERGROUND","description":"Tu tienda de hormigas, gran variedad de hormigueros acr\u00edlicos,madera,arena,3D y mas.. Pide tus hormigas gratis con tu pedido, somos expertos en hormigueros antifugas.","publisher":{"@id":"https:\/\/antderground.com\/fr\/#\/schema\/person\/0e322c505e84fe72c65e2f6d08f96b81"},"alternateName":"Antderground","potentialAction":[{"@type":"SearchAction","target":{"@type":"EntryPoint","urlTemplate":"https:\/\/antderground.com\/fr\/?s={search_term_string}"},"query-input":{"@type":"PropertyValueSpecification","valueRequired":true,"valueName":"search_term_string"}}],"inLanguage":"fr-FR"},{"@type":["Person","Organization"],"@id":"https:\/\/antderground.com\/fr\/#\/schema\/person\/0e322c505e84fe72c65e2f6d08f96b81","name":"Eric de Antderground","image":{"@type":"ImageObject","inLanguage":"fr-FR","@id":"https:\/\/secure.gravatar.com\/avatar\/c49a1b9f79216d1498cb73c1e85cd47f4465dda35f2a94c03790d491bd4423c3?s=96&d=mm&r=g","url":"https:\/\/secure.gravatar.com\/avatar\/c49a1b9f79216d1498cb73c1e85cd47f4465dda35f2a94c03790d491bd4423c3?s=96&d=mm&r=g","contentUrl":"https:\/\/secure.gravatar.com\/avatar\/c49a1b9f79216d1498cb73c1e85cd47f4465dda35f2a94c03790d491bd4423c3?s=96&d=mm&r=g","caption":"Eric de Antderground"},"logo":{"@id":"https:\/\/secure.gravatar.com\/avatar\/c49a1b9f79216d1498cb73c1e85cd47f4465dda35f2a94c03790d491bd4423c3?s=96&d=mm&r=g"},"description":"Eric es el especialista y fundador de Antderground, con una amplia trayectoria en artr\u00f3podos y enfocado en la mirmecolog\u00eda y el dise\u00f1o de hormigueros artificiales. Su enfoque combina la innovaci\u00f3n t\u00e9cnica con el respeto por la biolog\u00eda de las hormigas, is\u00f3podos y otros, desarrollando sistemas de nidos modulares 3D y acr\u00edlicos que son referentes para aficionados y profesionales en toda Europa. Su objetivo es facilitar la cr\u00eda de hormigas y otros artr\u00f3podos mediante soluciones seguras y divulgaci\u00f3n de calidad.","sameAs":["https:\/\/antderground.com\/","https:\/\/www.youtube.com\/channel\/UCio72z7TlbufkAthAJIJfPw"]}]}},"_links":{"self":[{"href":"https:\/\/antderground.com\/fr\/wp-json\/wp\/v2\/product\/41698","targetHints":{"allow":["GET"]}}],"collection":[{"href":"https:\/\/antderground.com\/fr\/wp-json\/wp\/v2\/product"}],"about":[{"href":"https:\/\/antderground.com\/fr\/wp-json\/wp\/v2\/types\/product"}],"version-history":[{"count":0,"href":"https:\/\/antderground.com\/fr\/wp-json\/wp\/v2\/product\/41698\/revisions"}],"wp:featuredmedia":[{"embeddable":true,"href":"https:\/\/antderground.com\/fr\/wp-json\/wp\/v2\/media\/41595"}],"wp:attachment":[{"href":"https:\/\/antderground.com\/fr\/wp-json\/wp\/v2\/media?parent=41698"}],"wp:term":[{"taxonomy":"product_brand","embeddable":true,"href":"https:\/\/antderground.com\/fr\/wp-json\/wp\/v2\/product_brand?post=41698"},{"taxonomy":"product_cat","embeddable":true,"href":"https:\/\/antderground.com\/fr\/wp-json\/wp\/v2\/product_cat?post=41698"},{"taxonomy":"product_tag","embeddable":true,"href":"https:\/\/antderground.com\/fr\/wp-json\/wp\/v2\/product_tag?post=41698"}],"curies":[{"name":"wp","href":"https:\/\/api.w.org\/{rel}","templated":true}]}}