{"id":41805,"date":"2025-04-15T16:00:15","date_gmt":"2025-04-15T14:00:15","guid":{"rendered":"https:\/\/www.antderground.com\/producto\/armadillidium-granulatum-white-pearl\/"},"modified":"2025-05-14T02:46:31","modified_gmt":"2025-05-14T00:46:31","slug":"armadillidium-granulatum-white-pearl","status":"publish","type":"product","link":"https:\/\/antderground.com\/fr\/produit\/armadillidium-granulatum-white-pearl\/","title":{"rendered":"Armadillidium granulatum &#8220;White Pearl&#8221;"},"content":{"rendered":"<h3 class=\"\" data-start=\"113\" data-end=\"178\">\ud83d\udcdd Fiche technique \u2013 <em data-start=\"138\" data-end=\"164\">Armadillidium granulatum<\/em> &#8220;White Pearl&#8221;<\/h3>\n<p class=\"\" data-start=\"180\" data-end=\"378\"><strong data-start=\"180\" data-end=\"196\">Nom commun :<\/strong> Cloporte White Pearl<br data-start=\"217\" data-end=\"220\" \/><strong data-start=\"220\" data-end=\"242\">Nom scientifique :<\/strong> <em data-start=\"243\" data-end=\"269\">Armadillidium granulatum<\/em> &#8220;White Pearl&#8221;<br data-start=\"283\" data-end=\"286\" \/><strong data-start=\"286\" data-end=\"299\">Famille :<\/strong> Armadillidiidae<br data-start=\"315\" data-end=\"318\" \/><strong data-start=\"318\" data-end=\"331\">Origine :<\/strong> Europe (variante s\u00e9lectionn\u00e9e pour sa couleur)<\/p>\n<h3 class=\"\" data-start=\"385\" data-end=\"398\">\n\ud83d\udccf Taille<\/h3>\n<ul data-start=\"399\" data-end=\"468\">\n<li class=\"\" data-start=\"399\" data-end=\"441\">\n<p class=\"\" data-start=\"401\" data-end=\"441\"><strong data-start=\"401\" data-end=\"420\">Taille adulte :<\/strong> Environ 1,5 \u2013 2 cm<\/p>\n<\/li>\n<li class=\"\" data-start=\"442\" data-end=\"468\">\n<p class=\"\" data-start=\"444\" data-end=\"468\"><strong data-start=\"444\" data-end=\"460\">Croissance :<\/strong> Moyenne<\/p>\n<\/li>\n<\/ul>\n<h3 class=\"\" data-start=\"475\" data-end=\"500\">\n\ud83c\udf21\ufe0f Param\u00e8tres id\u00e9aux<\/h3>\n<ul data-start=\"501\" data-end=\"624\">\n<li class=\"\" data-start=\"501\" data-end=\"533\">\n<p class=\"\" data-start=\"503\" data-end=\"533\"><strong data-start=\"503\" data-end=\"520\">Temp\u00e9rature :<\/strong> 20 \u2013 26\u202f\u00b0C<\/p>\n<\/li>\n<li class=\"\" data-start=\"534\" data-end=\"570\">\n<p class=\"\" data-start=\"536\" data-end=\"570\"><strong data-start=\"536\" data-end=\"550\">Humidit\u00e9 :<\/strong> Moyenne (60\u201375\u202f%)<\/p>\n<\/li>\n<li class=\"\" data-start=\"571\" data-end=\"624\">\n<p class=\"\" data-start=\"573\" data-end=\"624\"><strong data-start=\"573\" data-end=\"590\">Ventilation :<\/strong> Bonne, sans ass\u00e9cher le terrarium<\/p>\n<\/li>\n<\/ul>\n<h3 class=\"\" data-start=\"631\" data-end=\"647\">\n\ud83c\udfe0 Terrarium<\/h3>\n<ul data-start=\"648\" data-end=\"873\">\n<li class=\"\" data-start=\"648\" data-end=\"701\">\n<p class=\"\" data-start=\"650\" data-end=\"701\"><strong data-start=\"650\" data-end=\"670\">Type d\u2019habitat :<\/strong> Terrariums humides ou mixtes<\/p>\n<\/li>\n<li class=\"\" data-start=\"702\" data-end=\"818\">\n<p class=\"\" data-start=\"704\" data-end=\"818\"><strong data-start=\"704\" data-end=\"718\">Substrat :<\/strong> Fibre de coco, sphaigne, feuilles mortes, \u00e9corce, calcium (os de seiche ou coquille d&#8217;\u0153uf moulue)<\/p>\n<\/li>\n<li class=\"\" data-start=\"819\" data-end=\"873\">\n<p class=\"\" data-start=\"821\" data-end=\"873\"><strong data-start=\"821\" data-end=\"837\">D\u00e9coration :<\/strong> \u00c9corces, pierres, cachettes vari\u00e9es<\/p>\n<\/li>\n<\/ul>\n<h3 class=\"\" data-start=\"880\" data-end=\"900\">\n\ud83c\udf7d\ufe0f Alimentation<\/h3>\n<ul data-start=\"901\" data-end=\"1155\">\n<li class=\"\" data-start=\"901\" data-end=\"1155\">\n<p class=\"\" data-start=\"903\" data-end=\"927\">D\u00e9tritivore omnivore :<\/p>\n<ul data-start=\"930\" data-end=\"1155\">\n<li class=\"\" data-start=\"930\" data-end=\"973\">\n<p class=\"\" data-start=\"932\" data-end=\"973\">Feuilles mortes (ch\u00eane, magnolia, etc.)<\/p>\n<\/li>\n<li class=\"\" data-start=\"976\" data-end=\"1001\">\n<p class=\"\" data-start=\"978\" data-end=\"1001\">Bois en d\u00e9composition<\/p>\n<\/li>\n<li class=\"\" data-start=\"1004\" data-end=\"1043\">\n<p class=\"\" data-start=\"1006\" data-end=\"1043\">Fruits et l\u00e9gumes (avec mod\u00e9ration)<\/p>\n<\/li>\n<li class=\"\" data-start=\"1046\" data-end=\"1071\">\n<p class=\"\" data-start=\"1048\" data-end=\"1071\">Suppl\u00e9ment de calcium<\/p>\n<\/li>\n<li class=\"\" data-start=\"1074\" data-end=\"1155\">\n<p class=\"\" data-start=\"1076\" data-end=\"1155\">Prot\u00e9ines animales occasionnelles (poisson s\u00e9ch\u00e9, nourriture pour insectivores)<\/p>\n<\/li>\n<\/ul>\n<\/li>\n<\/ul>\n<h3 class=\"\" data-start=\"1162\" data-end=\"1197\">\n\ud83c\udf31 Compatibilit\u00e9 et utilisation<\/h3>\n<ul data-start=\"1198\" data-end=\"1347\">\n<li class=\"\" data-start=\"1198\" data-end=\"1233\">\n<p class=\"\" data-start=\"1200\" data-end=\"1233\">Id\u00e9al pour terrariums bioactifs<\/p>\n<\/li>\n<li class=\"\" data-start=\"1234\" data-end=\"1304\">\n<p class=\"\" data-start=\"1236\" data-end=\"1304\">Compatible avec reptiles, amphibiens et arthropodes non pr\u00e9dateurs<\/p>\n<\/li>\n<li class=\"\" data-start=\"1305\" data-end=\"1347\">\n<p class=\"\" data-start=\"1307\" data-end=\"1347\">Excellent recycleur de mati\u00e8re organique<\/p>\n<\/li>\n<\/ul>\n<h3 class=\"\" data-start=\"1354\" data-end=\"1377\">\n\ud83c\udfa8 Caract\u00e9ristiques<\/h3>\n<ul data-start=\"1378\" data-end=\"1526\">\n<li class=\"\" data-start=\"1378\" data-end=\"1437\">\n<p class=\"\" data-start=\"1380\" data-end=\"1437\">Couleur blanche nacr\u00e9e, tr\u00e8s d\u00e9corative sur le substrat<\/p>\n<\/li>\n<li class=\"\" data-start=\"1438\" data-end=\"1488\">\n<p class=\"\" data-start=\"1440\" data-end=\"1488\">Capacit\u00e9 \u00e0 se rouler en boule pour se prot\u00e9ger<\/p>\n<\/li>\n<li class=\"\" data-start=\"1489\" data-end=\"1526\">\n<p class=\"\" data-start=\"1491\" data-end=\"1526\">Actif, visible et facile \u00e0 observer<\/p>\n<\/li>\n<\/ul>\n","protected":false},"excerpt":{"rendered":"<p class=\"\" data-start=\"1578\" data-end=\"1773\">Le cloporte <em data-start=\"1590\" data-end=\"1616\">Armadillidium granulatum<\/em> &#8220;White Pearl&#8221; est blanc nacr\u00e9, r\u00e9sistant et parfait pour terrariums bioactifs. Un vrai alli\u00e9 naturel pour l\u2019entretien \ud83c\udf3f, facile \u00e0 \u00e9lever et tr\u00e8s d\u00e9coratif.<\/p>\n","protected":false},"featured_media":41798,"template":"","meta":[],"product_brand":[],"product_cat":[417,419,712],"product_tag":[],"class_list":{"0":"post-41805","1":"product","2":"type-product","3":"status-publish","4":"has-post-thumbnail","6":"product_cat-arthropodes","7":"product_cat-isopodes","8":"product_cat-armadillidium","10":"first","11":"instock","12":"shipping-taxable","13":"purchasable","14":"product-type-variable"},"yoast_head":"<!-- This site is optimized with the Yoast SEO plugin v27.4 - https:\/\/yoast.com\/product\/yoast-seo-wordpress\/ -->\n<title>Armadillidium granulatum &quot;White Pearl&quot; | Isopodes exotiques - ANTDERGROUND<\/title>\n<meta name=\"description\" content=\"Cloporte Armadillidium granulatum &quot;White Pearl&quot;, blanc nacr\u00e9, facile \u00e0 \u00e9lever. Id\u00e9al pour terrariums bioactifs et tr\u00e8s d\u00e9coratif. \ud83c\udf3f\" \/>\n<meta name=\"robots\" content=\"index, follow, max-snippet:-1, max-image-preview:large, max-video-preview:-1\" \/>\n<link rel=\"canonical\" href=\"https:\/\/antderground.com\/fr\/produit\/armadillidium-granulatum-white-pearl\/\" \/>\n<meta property=\"og:locale\" content=\"fr_FR\" \/>\n<meta property=\"og:type\" content=\"article\" \/>\n<meta property=\"og:title\" content=\"Armadillidium granulatum &quot;White Pearl&quot; | Isopodes exotiques - ANTDERGROUND\" \/>\n<meta property=\"og:description\" content=\"Cloporte Armadillidium granulatum &quot;White Pearl&quot;, blanc nacr\u00e9, facile \u00e0 \u00e9lever. Id\u00e9al pour terrariums bioactifs et tr\u00e8s d\u00e9coratif. \ud83c\udf3f\" \/>\n<meta property=\"og:url\" content=\"https:\/\/antderground.com\/fr\/produit\/armadillidium-granulatum-white-pearl\/\" \/>\n<meta property=\"og:site_name\" content=\"ANTDERGROUND\" \/>\n<meta property=\"article:modified_time\" content=\"2025-05-14T00:46:31+00:00\" \/>\n<meta property=\"og:image\" content=\"https:\/\/antderground.com\/wp-content\/uploads\/2025\/04\/Armadillidium-granulatum-White-Pearl.jpg\" \/>\n\t<meta property=\"og:image:width\" content=\"2048\" \/>\n\t<meta property=\"og:image:height\" content=\"2048\" \/>\n\t<meta property=\"og:image:type\" content=\"image\/jpeg\" \/>\n<meta name=\"twitter:card\" content=\"summary_large_image\" \/>\n<meta name=\"twitter:label1\" content=\"Dur\u00e9e de lecture estim\u00e9e\" \/>\n\t<meta name=\"twitter:data1\" content=\"1 minute\" \/>\n<script type=\"application\/ld+json\" class=\"yoast-schema-graph\">{\"@context\":\"https:\\\/\\\/schema.org\",\"@graph\":[{\"@type\":\"WebPage\",\"@id\":\"https:\\\/\\\/antderground.com\\\/fr\\\/produit\\\/armadillidium-granulatum-white-pearl\\\/\",\"url\":\"https:\\\/\\\/antderground.com\\\/fr\\\/produit\\\/armadillidium-granulatum-white-pearl\\\/\",\"name\":\"Armadillidium granulatum \\\"White Pearl\\\" | Isopodes exotiques - ANTDERGROUND\",\"isPartOf\":{\"@id\":\"https:\\\/\\\/antderground.com\\\/fr\\\/#website\"},\"primaryImageOfPage\":{\"@id\":\"https:\\\/\\\/antderground.com\\\/fr\\\/produit\\\/armadillidium-granulatum-white-pearl\\\/#primaryimage\"},\"image\":{\"@id\":\"https:\\\/\\\/antderground.com\\\/fr\\\/produit\\\/armadillidium-granulatum-white-pearl\\\/#primaryimage\"},\"thumbnailUrl\":\"https:\\\/\\\/antderground.com\\\/wp-content\\\/uploads\\\/2025\\\/04\\\/Armadillidium-granulatum-White-Pearl.jpg\",\"datePublished\":\"2025-04-15T14:00:15+00:00\",\"dateModified\":\"2025-05-14T00:46:31+00:00\",\"description\":\"Cloporte Armadillidium granulatum \\\"White Pearl\\\", blanc nacr\u00e9, facile \u00e0 \u00e9lever. Id\u00e9al pour terrariums bioactifs et tr\u00e8s d\u00e9coratif. \ud83c\udf3f\",\"breadcrumb\":{\"@id\":\"https:\\\/\\\/antderground.com\\\/fr\\\/produit\\\/armadillidium-granulatum-white-pearl\\\/#breadcrumb\"},\"inLanguage\":\"fr-FR\",\"potentialAction\":[{\"@type\":\"ReadAction\",\"target\":[\"https:\\\/\\\/antderground.com\\\/fr\\\/produit\\\/armadillidium-granulatum-white-pearl\\\/\"]}]},{\"@type\":\"ImageObject\",\"inLanguage\":\"fr-FR\",\"@id\":\"https:\\\/\\\/antderground.com\\\/fr\\\/produit\\\/armadillidium-granulatum-white-pearl\\\/#primaryimage\",\"url\":\"https:\\\/\\\/antderground.com\\\/wp-content\\\/uploads\\\/2025\\\/04\\\/Armadillidium-granulatum-White-Pearl.jpg\",\"contentUrl\":\"https:\\\/\\\/antderground.com\\\/wp-content\\\/uploads\\\/2025\\\/04\\\/Armadillidium-granulatum-White-Pearl.jpg\",\"width\":2048,\"height\":2048,\"caption\":\"Armadillidium granulatum White Pearl\"},{\"@type\":\"BreadcrumbList\",\"@id\":\"https:\\\/\\\/antderground.com\\\/fr\\\/produit\\\/armadillidium-granulatum-white-pearl\\\/#breadcrumb\",\"itemListElement\":[{\"@type\":\"ListItem\",\"position\":1,\"name\":\"Portada\",\"item\":\"https:\\\/\\\/antderground.com\\\/fr\\\/\"},{\"@type\":\"ListItem\",\"position\":2,\"name\":\"Boutique\",\"item\":\"https:\\\/\\\/antderground.com\\\/fr\\\/boutique\\\/\"},{\"@type\":\"ListItem\",\"position\":3,\"name\":\"Armadillidium granulatum &#8220;White Pearl&#8221;\"}]},{\"@type\":\"WebSite\",\"@id\":\"https:\\\/\\\/antderground.com\\\/fr\\\/#website\",\"url\":\"https:\\\/\\\/antderground.com\\\/fr\\\/\",\"name\":\"ANTDERGROUND\",\"description\":\"Tu tienda de hormigas, gran variedad de hormigueros acr\u00edlicos,madera,arena,3D y mas.. Pide tus hormigas gratis con tu pedido, somos expertos en hormigueros antifugas.\",\"publisher\":{\"@id\":\"https:\\\/\\\/antderground.com\\\/fr\\\/#\\\/schema\\\/person\\\/0e322c505e84fe72c65e2f6d08f96b81\"},\"alternateName\":\"Antderground\",\"potentialAction\":[{\"@type\":\"SearchAction\",\"target\":{\"@type\":\"EntryPoint\",\"urlTemplate\":\"https:\\\/\\\/antderground.com\\\/fr\\\/?s={search_term_string}\"},\"query-input\":{\"@type\":\"PropertyValueSpecification\",\"valueRequired\":true,\"valueName\":\"search_term_string\"}}],\"inLanguage\":\"fr-FR\"},{\"@type\":[\"Person\",\"Organization\"],\"@id\":\"https:\\\/\\\/antderground.com\\\/fr\\\/#\\\/schema\\\/person\\\/0e322c505e84fe72c65e2f6d08f96b81\",\"name\":\"Eric de Antderground\",\"image\":{\"@type\":\"ImageObject\",\"inLanguage\":\"fr-FR\",\"@id\":\"https:\\\/\\\/secure.gravatar.com\\\/avatar\\\/c49a1b9f79216d1498cb73c1e85cd47f4465dda35f2a94c03790d491bd4423c3?s=96&d=mm&r=g\",\"url\":\"https:\\\/\\\/secure.gravatar.com\\\/avatar\\\/c49a1b9f79216d1498cb73c1e85cd47f4465dda35f2a94c03790d491bd4423c3?s=96&d=mm&r=g\",\"contentUrl\":\"https:\\\/\\\/secure.gravatar.com\\\/avatar\\\/c49a1b9f79216d1498cb73c1e85cd47f4465dda35f2a94c03790d491bd4423c3?s=96&d=mm&r=g\",\"caption\":\"Eric de Antderground\"},\"logo\":{\"@id\":\"https:\\\/\\\/secure.gravatar.com\\\/avatar\\\/c49a1b9f79216d1498cb73c1e85cd47f4465dda35f2a94c03790d491bd4423c3?s=96&d=mm&r=g\"},\"description\":\"Eric es el especialista y fundador de Antderground, con una amplia trayectoria en artr\u00f3podos y enfocado en la mirmecolog\u00eda y el dise\u00f1o de hormigueros artificiales. Su enfoque combina la innovaci\u00f3n t\u00e9cnica con el respeto por la biolog\u00eda de las hormigas, is\u00f3podos y otros, desarrollando sistemas de nidos modulares 3D y acr\u00edlicos que son referentes para aficionados y profesionales en toda Europa. Su objetivo es facilitar la cr\u00eda de hormigas y otros artr\u00f3podos mediante soluciones seguras y divulgaci\u00f3n de calidad.\",\"sameAs\":[\"https:\\\/\\\/antderground.com\\\/\",\"https:\\\/\\\/www.youtube.com\\\/channel\\\/UCio72z7TlbufkAthAJIJfPw\"]}]}<\/script>\n<!-- \/ Yoast SEO plugin. -->","yoast_head_json":{"title":"Armadillidium granulatum \"White Pearl\" | Isopodes exotiques - ANTDERGROUND","description":"Cloporte Armadillidium granulatum \"White Pearl\", blanc nacr\u00e9, facile \u00e0 \u00e9lever. Id\u00e9al pour terrariums bioactifs et tr\u00e8s d\u00e9coratif. \ud83c\udf3f","robots":{"index":"index","follow":"follow","max-snippet":"max-snippet:-1","max-image-preview":"max-image-preview:large","max-video-preview":"max-video-preview:-1"},"canonical":"https:\/\/antderground.com\/fr\/produit\/armadillidium-granulatum-white-pearl\/","og_locale":"fr_FR","og_type":"article","og_title":"Armadillidium granulatum \"White Pearl\" | Isopodes exotiques - ANTDERGROUND","og_description":"Cloporte Armadillidium granulatum \"White Pearl\", blanc nacr\u00e9, facile \u00e0 \u00e9lever. Id\u00e9al pour terrariums bioactifs et tr\u00e8s d\u00e9coratif. \ud83c\udf3f","og_url":"https:\/\/antderground.com\/fr\/produit\/armadillidium-granulatum-white-pearl\/","og_site_name":"ANTDERGROUND","article_modified_time":"2025-05-14T00:46:31+00:00","og_image":[{"width":2048,"height":2048,"url":"https:\/\/antderground.com\/wp-content\/uploads\/2025\/04\/Armadillidium-granulatum-White-Pearl.jpg","type":"image\/jpeg"}],"twitter_card":"summary_large_image","twitter_misc":{"Dur\u00e9e de lecture estim\u00e9e":"1 minute"},"schema":{"@context":"https:\/\/schema.org","@graph":[{"@type":"WebPage","@id":"https:\/\/antderground.com\/fr\/produit\/armadillidium-granulatum-white-pearl\/","url":"https:\/\/antderground.com\/fr\/produit\/armadillidium-granulatum-white-pearl\/","name":"Armadillidium granulatum \"White Pearl\" | Isopodes exotiques - ANTDERGROUND","isPartOf":{"@id":"https:\/\/antderground.com\/fr\/#website"},"primaryImageOfPage":{"@id":"https:\/\/antderground.com\/fr\/produit\/armadillidium-granulatum-white-pearl\/#primaryimage"},"image":{"@id":"https:\/\/antderground.com\/fr\/produit\/armadillidium-granulatum-white-pearl\/#primaryimage"},"thumbnailUrl":"https:\/\/antderground.com\/wp-content\/uploads\/2025\/04\/Armadillidium-granulatum-White-Pearl.jpg","datePublished":"2025-04-15T14:00:15+00:00","dateModified":"2025-05-14T00:46:31+00:00","description":"Cloporte Armadillidium granulatum \"White Pearl\", blanc nacr\u00e9, facile \u00e0 \u00e9lever. Id\u00e9al pour terrariums bioactifs et tr\u00e8s d\u00e9coratif. \ud83c\udf3f","breadcrumb":{"@id":"https:\/\/antderground.com\/fr\/produit\/armadillidium-granulatum-white-pearl\/#breadcrumb"},"inLanguage":"fr-FR","potentialAction":[{"@type":"ReadAction","target":["https:\/\/antderground.com\/fr\/produit\/armadillidium-granulatum-white-pearl\/"]}]},{"@type":"ImageObject","inLanguage":"fr-FR","@id":"https:\/\/antderground.com\/fr\/produit\/armadillidium-granulatum-white-pearl\/#primaryimage","url":"https:\/\/antderground.com\/wp-content\/uploads\/2025\/04\/Armadillidium-granulatum-White-Pearl.jpg","contentUrl":"https:\/\/antderground.com\/wp-content\/uploads\/2025\/04\/Armadillidium-granulatum-White-Pearl.jpg","width":2048,"height":2048,"caption":"Armadillidium granulatum White Pearl"},{"@type":"BreadcrumbList","@id":"https:\/\/antderground.com\/fr\/produit\/armadillidium-granulatum-white-pearl\/#breadcrumb","itemListElement":[{"@type":"ListItem","position":1,"name":"Portada","item":"https:\/\/antderground.com\/fr\/"},{"@type":"ListItem","position":2,"name":"Boutique","item":"https:\/\/antderground.com\/fr\/boutique\/"},{"@type":"ListItem","position":3,"name":"Armadillidium granulatum &#8220;White Pearl&#8221;"}]},{"@type":"WebSite","@id":"https:\/\/antderground.com\/fr\/#website","url":"https:\/\/antderground.com\/fr\/","name":"ANTDERGROUND","description":"Tu tienda de hormigas, gran variedad de hormigueros acr\u00edlicos,madera,arena,3D y mas.. Pide tus hormigas gratis con tu pedido, somos expertos en hormigueros antifugas.","publisher":{"@id":"https:\/\/antderground.com\/fr\/#\/schema\/person\/0e322c505e84fe72c65e2f6d08f96b81"},"alternateName":"Antderground","potentialAction":[{"@type":"SearchAction","target":{"@type":"EntryPoint","urlTemplate":"https:\/\/antderground.com\/fr\/?s={search_term_string}"},"query-input":{"@type":"PropertyValueSpecification","valueRequired":true,"valueName":"search_term_string"}}],"inLanguage":"fr-FR"},{"@type":["Person","Organization"],"@id":"https:\/\/antderground.com\/fr\/#\/schema\/person\/0e322c505e84fe72c65e2f6d08f96b81","name":"Eric de Antderground","image":{"@type":"ImageObject","inLanguage":"fr-FR","@id":"https:\/\/secure.gravatar.com\/avatar\/c49a1b9f79216d1498cb73c1e85cd47f4465dda35f2a94c03790d491bd4423c3?s=96&d=mm&r=g","url":"https:\/\/secure.gravatar.com\/avatar\/c49a1b9f79216d1498cb73c1e85cd47f4465dda35f2a94c03790d491bd4423c3?s=96&d=mm&r=g","contentUrl":"https:\/\/secure.gravatar.com\/avatar\/c49a1b9f79216d1498cb73c1e85cd47f4465dda35f2a94c03790d491bd4423c3?s=96&d=mm&r=g","caption":"Eric de Antderground"},"logo":{"@id":"https:\/\/secure.gravatar.com\/avatar\/c49a1b9f79216d1498cb73c1e85cd47f4465dda35f2a94c03790d491bd4423c3?s=96&d=mm&r=g"},"description":"Eric es el especialista y fundador de Antderground, con una amplia trayectoria en artr\u00f3podos y enfocado en la mirmecolog\u00eda y el dise\u00f1o de hormigueros artificiales. Su enfoque combina la innovaci\u00f3n t\u00e9cnica con el respeto por la biolog\u00eda de las hormigas, is\u00f3podos y otros, desarrollando sistemas de nidos modulares 3D y acr\u00edlicos que son referentes para aficionados y profesionales en toda Europa. Su objetivo es facilitar la cr\u00eda de hormigas y otros artr\u00f3podos mediante soluciones seguras y divulgaci\u00f3n de calidad.","sameAs":["https:\/\/antderground.com\/","https:\/\/www.youtube.com\/channel\/UCio72z7TlbufkAthAJIJfPw"]}]}},"_links":{"self":[{"href":"https:\/\/antderground.com\/fr\/wp-json\/wp\/v2\/product\/41805","targetHints":{"allow":["GET"]}}],"collection":[{"href":"https:\/\/antderground.com\/fr\/wp-json\/wp\/v2\/product"}],"about":[{"href":"https:\/\/antderground.com\/fr\/wp-json\/wp\/v2\/types\/product"}],"version-history":[{"count":0,"href":"https:\/\/antderground.com\/fr\/wp-json\/wp\/v2\/product\/41805\/revisions"}],"wp:featuredmedia":[{"embeddable":true,"href":"https:\/\/antderground.com\/fr\/wp-json\/wp\/v2\/media\/41798"}],"wp:attachment":[{"href":"https:\/\/antderground.com\/fr\/wp-json\/wp\/v2\/media?parent=41805"}],"wp:term":[{"taxonomy":"product_brand","embeddable":true,"href":"https:\/\/antderground.com\/fr\/wp-json\/wp\/v2\/product_brand?post=41805"},{"taxonomy":"product_cat","embeddable":true,"href":"https:\/\/antderground.com\/fr\/wp-json\/wp\/v2\/product_cat?post=41805"},{"taxonomy":"product_tag","embeddable":true,"href":"https:\/\/antderground.com\/fr\/wp-json\/wp\/v2\/product_tag?post=41805"}],"curies":[{"name":"wp","href":"https:\/\/api.w.org\/{rel}","templated":true}]}}