{"id":41870,"date":"2025-04-17T22:39:51","date_gmt":"2025-04-17T20:39:51","guid":{"rendered":"https:\/\/www.antderground.com\/producto\/porcellio-ornatus-tangerine-dream\/"},"modified":"2025-04-17T22:45:21","modified_gmt":"2025-04-17T20:45:21","slug":"porcellio-ornatus-tangerine-dream","status":"publish","type":"product","link":"https:\/\/antderground.com\/fr\/produit\/porcellio-ornatus-tangerine-dream\/","title":{"rendered":"Porcellio ornatus &#8220;Tangerine Dream&#8221;"},"content":{"rendered":"<h3 class=\"\" data-start=\"204\" data-end=\"266\">\ud83d\udc1b Fiche technique : <em data-start=\"229\" data-end=\"248\">Porcellio ornatus<\/em> &#8220;Tangerine Dream&#8221;<\/h3>\n<p class=\"\" data-start=\"268\" data-end=\"418\"><strong data-start=\"268\" data-end=\"290\">Nom scientifique :<\/strong> <em data-start=\"291\" data-end=\"310\">Porcellio ornatus<\/em><br data-start=\"310\" data-end=\"313\" \/><strong data-start=\"313\" data-end=\"329\">Nom commun :<\/strong> Isopode Tangerine Dream<br data-start=\"353\" data-end=\"356\" \/><strong data-start=\"356\" data-end=\"369\">Vari\u00e9t\u00e9 :<\/strong> &#8220;Tangerine Dream&#8221;<br data-start=\"387\" data-end=\"390\" \/><strong data-start=\"390\" data-end=\"403\">Famille :<\/strong> Porcellionidae<\/p>\n<h3 class=\"\" data-start=\"420\" data-end=\"440\">\ud83c\udf08 Description<\/h3>\n<p class=\"\" data-start=\"441\" data-end=\"712\">Cette vari\u00e9t\u00e9 se distingue par sa couleur orange vive, orn\u00e9e de taches blanches ou jaun\u00e2tres, qui lui donne un aspect exotique et d\u00e9coratif. C\u2019est un isopode de taille moyenne \u00e0 grande, tr\u00e8s actif et souvent visible, id\u00e9al pour les terrariums bioactifs ou pour sa beaut\u00e9.<\/p>\n<h3 class=\"\" data-start=\"714\" data-end=\"736\">\ud83d\udccf Taille adulte<\/h3>\n<p class=\"\" data-start=\"737\" data-end=\"756\">Entre 1,5 et 2,2 cm<\/p>\n<h3 class=\"\" data-start=\"758\" data-end=\"786\">\ud83c\udf21\ufe0f Temp\u00e9rature id\u00e9ale<\/h3>\n<p class=\"\" data-start=\"787\" data-end=\"800\">20\u202f\u00b0C \u00e0 26\u202f\u00b0C<\/p>\n<h3 class=\"\" data-start=\"802\" data-end=\"819\">\ud83d\udca7 Humidit\u00e9<\/h3>\n<p class=\"\" data-start=\"820\" data-end=\"931\">Mod\u00e9r\u00e9e \u00e0 \u00e9lev\u00e9e (60\u201380\u202f%). Il appr\u00e9cie les zones bien humides avec des parties plus s\u00e8ches pour s\u2019autor\u00e9guler.<\/p>\n<h3 class=\"\" data-start=\"933\" data-end=\"950\">\ud83c\udfdd\ufe0f Habitat<\/h3>\n<p class=\"\" data-start=\"951\" data-end=\"1104\">Il pr\u00e9f\u00e8re se cacher sous l\u2019\u00e9corce, les pierres ou la mousse. Il a besoin d\u2019une zone toujours humide et d\u2019une bonne a\u00e9ration pour \u00e9viter les moisissures.<\/p>\n<h3 class=\"\" data-start=\"1106\" data-end=\"1128\">\ud83c\udf7d\ufe0f Alimentation<\/h3>\n<p class=\"\" data-start=\"1129\" data-end=\"1347\">Omnivore d\u00e9tritivore. Il consomme des mati\u00e8res v\u00e9g\u00e9tales en d\u00e9composition, des feuilles mortes, du bois pourri, des apports calciques, des paillettes pour poissons ou encore des restes de l\u00e9gumes (carotte, courgette\u2026).<\/p>\n<h3 class=\"\" data-start=\"1349\" data-end=\"1370\">\ud83d\udd04 Reproduction<\/h3>\n<p class=\"\" data-start=\"1371\" data-end=\"1511\">Sexu\u00e9e. Le rythme de reproduction est moyen \u00e0 \u00e9lev\u00e9 si les conditions sont favorables. Les jeunes naissent enti\u00e8rement form\u00e9s, en miniature.<\/p>\n<h3 class=\"\" data-start=\"1513\" data-end=\"1531\">\u26a0\ufe0f Remarques<\/h3>\n<p class=\"\" data-start=\"1532\" data-end=\"1773\">Non toxique pour les autres animaux du terrarium.<br data-start=\"1581\" data-end=\"1584\" \/>Recommand\u00e9 aux d\u00e9butants comme aux passionn\u00e9s pour sa facilit\u00e9 d\u2019\u00e9levage et ses couleurs \u00e9clatantes.<br data-start=\"1684\" data-end=\"1687\" \/>Utile dans les terrariums bioactifs pour le recyclage naturel de la mati\u00e8re organique.<\/p>\n","protected":false},"excerpt":{"rendered":"<p class=\"\" data-start=\"1826\" data-end=\"1995\">Isopode <em data-start=\"1834\" data-end=\"1853\">Porcellio ornatus<\/em> &#8220;Tangerine Dream&#8221;, orange vif et facile \u00e0 \u00e9lever \ud83c\udf3f. Parfait pour les terrariums bioactifs ou pour apporter une touche naturelle et exotique.<\/p>\n","protected":false},"featured_media":41863,"template":"","meta":[],"product_brand":[],"product_cat":[417,419,724],"product_tag":[],"class_list":{"0":"post-41870","1":"product","2":"type-product","3":"status-publish","4":"has-post-thumbnail","6":"product_cat-arthropodes","7":"product_cat-isopodes","8":"product_cat-porcellio","10":"first","11":"outofstock","12":"shipping-taxable","13":"purchasable","14":"product-type-variable"},"yoast_head":"<!-- This site is optimized with the Yoast SEO plugin v27.4 - https:\/\/yoast.com\/product\/yoast-seo-wordpress\/ -->\n<title>Porcellio ornatus &quot;Tangerine Dream&quot; | Isopodes | Cloportes - ANTDERGROUND<\/title>\n<meta name=\"description\" content=\"Isopode Porcellio ornatus &quot;Tangerine Dream&quot; \ud83d\udc1c. Couleur intense, facile d\u2019entretien, parfait pour les terrariums bioactifs et d\u00e9coratifs.\" \/>\n<meta name=\"robots\" content=\"index, follow, max-snippet:-1, max-image-preview:large, max-video-preview:-1\" \/>\n<link rel=\"canonical\" href=\"https:\/\/antderground.com\/fr\/produit\/porcellio-ornatus-tangerine-dream\/\" \/>\n<meta property=\"og:locale\" content=\"fr_FR\" \/>\n<meta property=\"og:type\" content=\"article\" \/>\n<meta property=\"og:title\" content=\"Porcellio ornatus &quot;Tangerine Dream&quot; | Isopodes | Cloportes - ANTDERGROUND\" \/>\n<meta property=\"og:description\" content=\"Isopode Porcellio ornatus &quot;Tangerine Dream&quot; \ud83d\udc1c. Couleur intense, facile d\u2019entretien, parfait pour les terrariums bioactifs et d\u00e9coratifs.\" \/>\n<meta property=\"og:url\" content=\"https:\/\/antderground.com\/fr\/produit\/porcellio-ornatus-tangerine-dream\/\" \/>\n<meta property=\"og:site_name\" content=\"ANTDERGROUND\" \/>\n<meta property=\"article:modified_time\" content=\"2025-04-17T20:45:21+00:00\" \/>\n<meta property=\"og:image\" content=\"https:\/\/antderground.com\/wp-content\/uploads\/2025\/04\/Porcellio-ornatus-tangerine-dream-e1744922131310.jpg\" \/>\n\t<meta property=\"og:image:width\" content=\"2048\" \/>\n\t<meta property=\"og:image:height\" content=\"2048\" \/>\n\t<meta property=\"og:image:type\" content=\"image\/jpeg\" \/>\n<meta name=\"twitter:card\" content=\"summary_large_image\" \/>\n<meta name=\"twitter:label1\" content=\"Dur\u00e9e de lecture estim\u00e9e\" \/>\n\t<meta name=\"twitter:data1\" content=\"1 minute\" \/>\n<script type=\"application\/ld+json\" class=\"yoast-schema-graph\">{\"@context\":\"https:\\\/\\\/schema.org\",\"@graph\":[{\"@type\":\"WebPage\",\"@id\":\"https:\\\/\\\/antderground.com\\\/fr\\\/produit\\\/porcellio-ornatus-tangerine-dream\\\/\",\"url\":\"https:\\\/\\\/antderground.com\\\/fr\\\/produit\\\/porcellio-ornatus-tangerine-dream\\\/\",\"name\":\"Porcellio ornatus \\\"Tangerine Dream\\\" | Isopodes | Cloportes - ANTDERGROUND\",\"isPartOf\":{\"@id\":\"https:\\\/\\\/antderground.com\\\/fr\\\/#website\"},\"primaryImageOfPage\":{\"@id\":\"https:\\\/\\\/antderground.com\\\/fr\\\/produit\\\/porcellio-ornatus-tangerine-dream\\\/#primaryimage\"},\"image\":{\"@id\":\"https:\\\/\\\/antderground.com\\\/fr\\\/produit\\\/porcellio-ornatus-tangerine-dream\\\/#primaryimage\"},\"thumbnailUrl\":\"https:\\\/\\\/antderground.com\\\/wp-content\\\/uploads\\\/2025\\\/04\\\/Porcellio-ornatus-tangerine-dream-e1744922131310.jpg\",\"datePublished\":\"2025-04-17T20:39:51+00:00\",\"dateModified\":\"2025-04-17T20:45:21+00:00\",\"description\":\"Isopode Porcellio ornatus \\\"Tangerine Dream\\\" \ud83d\udc1c. Couleur intense, facile d\u2019entretien, parfait pour les terrariums bioactifs et d\u00e9coratifs.\",\"breadcrumb\":{\"@id\":\"https:\\\/\\\/antderground.com\\\/fr\\\/produit\\\/porcellio-ornatus-tangerine-dream\\\/#breadcrumb\"},\"inLanguage\":\"fr-FR\",\"potentialAction\":[{\"@type\":\"ReadAction\",\"target\":[\"https:\\\/\\\/antderground.com\\\/fr\\\/produit\\\/porcellio-ornatus-tangerine-dream\\\/\"]}]},{\"@type\":\"ImageObject\",\"inLanguage\":\"fr-FR\",\"@id\":\"https:\\\/\\\/antderground.com\\\/fr\\\/produit\\\/porcellio-ornatus-tangerine-dream\\\/#primaryimage\",\"url\":\"https:\\\/\\\/antderground.com\\\/wp-content\\\/uploads\\\/2025\\\/04\\\/Porcellio-ornatus-tangerine-dream-e1744922131310.jpg\",\"contentUrl\":\"https:\\\/\\\/antderground.com\\\/wp-content\\\/uploads\\\/2025\\\/04\\\/Porcellio-ornatus-tangerine-dream-e1744922131310.jpg\",\"width\":2048,\"height\":2048,\"caption\":\"isodopodes Porcellio ornatus tangerine dream\"},{\"@type\":\"BreadcrumbList\",\"@id\":\"https:\\\/\\\/antderground.com\\\/fr\\\/produit\\\/porcellio-ornatus-tangerine-dream\\\/#breadcrumb\",\"itemListElement\":[{\"@type\":\"ListItem\",\"position\":1,\"name\":\"Portada\",\"item\":\"https:\\\/\\\/antderground.com\\\/fr\\\/\"},{\"@type\":\"ListItem\",\"position\":2,\"name\":\"Boutique\",\"item\":\"https:\\\/\\\/antderground.com\\\/fr\\\/boutique\\\/\"},{\"@type\":\"ListItem\",\"position\":3,\"name\":\"Porcellio ornatus &#8220;Tangerine Dream&#8221;\"}]},{\"@type\":\"WebSite\",\"@id\":\"https:\\\/\\\/antderground.com\\\/fr\\\/#website\",\"url\":\"https:\\\/\\\/antderground.com\\\/fr\\\/\",\"name\":\"ANTDERGROUND\",\"description\":\"Tu tienda de hormigas, gran variedad de hormigueros acr\u00edlicos,madera,arena,3D y mas.. Pide tus hormigas gratis con tu pedido, somos expertos en hormigueros antifugas.\",\"publisher\":{\"@id\":\"https:\\\/\\\/antderground.com\\\/fr\\\/#\\\/schema\\\/person\\\/0e322c505e84fe72c65e2f6d08f96b81\"},\"alternateName\":\"Antderground\",\"potentialAction\":[{\"@type\":\"SearchAction\",\"target\":{\"@type\":\"EntryPoint\",\"urlTemplate\":\"https:\\\/\\\/antderground.com\\\/fr\\\/?s={search_term_string}\"},\"query-input\":{\"@type\":\"PropertyValueSpecification\",\"valueRequired\":true,\"valueName\":\"search_term_string\"}}],\"inLanguage\":\"fr-FR\"},{\"@type\":[\"Person\",\"Organization\"],\"@id\":\"https:\\\/\\\/antderground.com\\\/fr\\\/#\\\/schema\\\/person\\\/0e322c505e84fe72c65e2f6d08f96b81\",\"name\":\"Eric de Antderground\",\"image\":{\"@type\":\"ImageObject\",\"inLanguage\":\"fr-FR\",\"@id\":\"https:\\\/\\\/secure.gravatar.com\\\/avatar\\\/c49a1b9f79216d1498cb73c1e85cd47f4465dda35f2a94c03790d491bd4423c3?s=96&d=mm&r=g\",\"url\":\"https:\\\/\\\/secure.gravatar.com\\\/avatar\\\/c49a1b9f79216d1498cb73c1e85cd47f4465dda35f2a94c03790d491bd4423c3?s=96&d=mm&r=g\",\"contentUrl\":\"https:\\\/\\\/secure.gravatar.com\\\/avatar\\\/c49a1b9f79216d1498cb73c1e85cd47f4465dda35f2a94c03790d491bd4423c3?s=96&d=mm&r=g\",\"caption\":\"Eric de Antderground\"},\"logo\":{\"@id\":\"https:\\\/\\\/secure.gravatar.com\\\/avatar\\\/c49a1b9f79216d1498cb73c1e85cd47f4465dda35f2a94c03790d491bd4423c3?s=96&d=mm&r=g\"},\"description\":\"Eric es el especialista y fundador de Antderground, con una amplia trayectoria en artr\u00f3podos y enfocado en la mirmecolog\u00eda y el dise\u00f1o de hormigueros artificiales. Su enfoque combina la innovaci\u00f3n t\u00e9cnica con el respeto por la biolog\u00eda de las hormigas, is\u00f3podos y otros, desarrollando sistemas de nidos modulares 3D y acr\u00edlicos que son referentes para aficionados y profesionales en toda Europa. Su objetivo es facilitar la cr\u00eda de hormigas y otros artr\u00f3podos mediante soluciones seguras y divulgaci\u00f3n de calidad.\",\"sameAs\":[\"https:\\\/\\\/antderground.com\\\/\",\"https:\\\/\\\/www.youtube.com\\\/channel\\\/UCio72z7TlbufkAthAJIJfPw\"]}]}<\/script>\n<!-- \/ Yoast SEO plugin. -->","yoast_head_json":{"title":"Porcellio ornatus \"Tangerine Dream\" | Isopodes | Cloportes - ANTDERGROUND","description":"Isopode Porcellio ornatus \"Tangerine Dream\" \ud83d\udc1c. Couleur intense, facile d\u2019entretien, parfait pour les terrariums bioactifs et d\u00e9coratifs.","robots":{"index":"index","follow":"follow","max-snippet":"max-snippet:-1","max-image-preview":"max-image-preview:large","max-video-preview":"max-video-preview:-1"},"canonical":"https:\/\/antderground.com\/fr\/produit\/porcellio-ornatus-tangerine-dream\/","og_locale":"fr_FR","og_type":"article","og_title":"Porcellio ornatus \"Tangerine Dream\" | Isopodes | Cloportes - ANTDERGROUND","og_description":"Isopode Porcellio ornatus \"Tangerine Dream\" \ud83d\udc1c. Couleur intense, facile d\u2019entretien, parfait pour les terrariums bioactifs et d\u00e9coratifs.","og_url":"https:\/\/antderground.com\/fr\/produit\/porcellio-ornatus-tangerine-dream\/","og_site_name":"ANTDERGROUND","article_modified_time":"2025-04-17T20:45:21+00:00","og_image":[{"width":2048,"height":2048,"url":"https:\/\/antderground.com\/wp-content\/uploads\/2025\/04\/Porcellio-ornatus-tangerine-dream-e1744922131310.jpg","type":"image\/jpeg"}],"twitter_card":"summary_large_image","twitter_misc":{"Dur\u00e9e de lecture estim\u00e9e":"1 minute"},"schema":{"@context":"https:\/\/schema.org","@graph":[{"@type":"WebPage","@id":"https:\/\/antderground.com\/fr\/produit\/porcellio-ornatus-tangerine-dream\/","url":"https:\/\/antderground.com\/fr\/produit\/porcellio-ornatus-tangerine-dream\/","name":"Porcellio ornatus \"Tangerine Dream\" | Isopodes | Cloportes - ANTDERGROUND","isPartOf":{"@id":"https:\/\/antderground.com\/fr\/#website"},"primaryImageOfPage":{"@id":"https:\/\/antderground.com\/fr\/produit\/porcellio-ornatus-tangerine-dream\/#primaryimage"},"image":{"@id":"https:\/\/antderground.com\/fr\/produit\/porcellio-ornatus-tangerine-dream\/#primaryimage"},"thumbnailUrl":"https:\/\/antderground.com\/wp-content\/uploads\/2025\/04\/Porcellio-ornatus-tangerine-dream-e1744922131310.jpg","datePublished":"2025-04-17T20:39:51+00:00","dateModified":"2025-04-17T20:45:21+00:00","description":"Isopode Porcellio ornatus \"Tangerine Dream\" \ud83d\udc1c. Couleur intense, facile d\u2019entretien, parfait pour les terrariums bioactifs et d\u00e9coratifs.","breadcrumb":{"@id":"https:\/\/antderground.com\/fr\/produit\/porcellio-ornatus-tangerine-dream\/#breadcrumb"},"inLanguage":"fr-FR","potentialAction":[{"@type":"ReadAction","target":["https:\/\/antderground.com\/fr\/produit\/porcellio-ornatus-tangerine-dream\/"]}]},{"@type":"ImageObject","inLanguage":"fr-FR","@id":"https:\/\/antderground.com\/fr\/produit\/porcellio-ornatus-tangerine-dream\/#primaryimage","url":"https:\/\/antderground.com\/wp-content\/uploads\/2025\/04\/Porcellio-ornatus-tangerine-dream-e1744922131310.jpg","contentUrl":"https:\/\/antderground.com\/wp-content\/uploads\/2025\/04\/Porcellio-ornatus-tangerine-dream-e1744922131310.jpg","width":2048,"height":2048,"caption":"isodopodes Porcellio ornatus tangerine dream"},{"@type":"BreadcrumbList","@id":"https:\/\/antderground.com\/fr\/produit\/porcellio-ornatus-tangerine-dream\/#breadcrumb","itemListElement":[{"@type":"ListItem","position":1,"name":"Portada","item":"https:\/\/antderground.com\/fr\/"},{"@type":"ListItem","position":2,"name":"Boutique","item":"https:\/\/antderground.com\/fr\/boutique\/"},{"@type":"ListItem","position":3,"name":"Porcellio ornatus &#8220;Tangerine Dream&#8221;"}]},{"@type":"WebSite","@id":"https:\/\/antderground.com\/fr\/#website","url":"https:\/\/antderground.com\/fr\/","name":"ANTDERGROUND","description":"Tu tienda de hormigas, gran variedad de hormigueros acr\u00edlicos,madera,arena,3D y mas.. Pide tus hormigas gratis con tu pedido, somos expertos en hormigueros antifugas.","publisher":{"@id":"https:\/\/antderground.com\/fr\/#\/schema\/person\/0e322c505e84fe72c65e2f6d08f96b81"},"alternateName":"Antderground","potentialAction":[{"@type":"SearchAction","target":{"@type":"EntryPoint","urlTemplate":"https:\/\/antderground.com\/fr\/?s={search_term_string}"},"query-input":{"@type":"PropertyValueSpecification","valueRequired":true,"valueName":"search_term_string"}}],"inLanguage":"fr-FR"},{"@type":["Person","Organization"],"@id":"https:\/\/antderground.com\/fr\/#\/schema\/person\/0e322c505e84fe72c65e2f6d08f96b81","name":"Eric de Antderground","image":{"@type":"ImageObject","inLanguage":"fr-FR","@id":"https:\/\/secure.gravatar.com\/avatar\/c49a1b9f79216d1498cb73c1e85cd47f4465dda35f2a94c03790d491bd4423c3?s=96&d=mm&r=g","url":"https:\/\/secure.gravatar.com\/avatar\/c49a1b9f79216d1498cb73c1e85cd47f4465dda35f2a94c03790d491bd4423c3?s=96&d=mm&r=g","contentUrl":"https:\/\/secure.gravatar.com\/avatar\/c49a1b9f79216d1498cb73c1e85cd47f4465dda35f2a94c03790d491bd4423c3?s=96&d=mm&r=g","caption":"Eric de Antderground"},"logo":{"@id":"https:\/\/secure.gravatar.com\/avatar\/c49a1b9f79216d1498cb73c1e85cd47f4465dda35f2a94c03790d491bd4423c3?s=96&d=mm&r=g"},"description":"Eric es el especialista y fundador de Antderground, con una amplia trayectoria en artr\u00f3podos y enfocado en la mirmecolog\u00eda y el dise\u00f1o de hormigueros artificiales. Su enfoque combina la innovaci\u00f3n t\u00e9cnica con el respeto por la biolog\u00eda de las hormigas, is\u00f3podos y otros, desarrollando sistemas de nidos modulares 3D y acr\u00edlicos que son referentes para aficionados y profesionales en toda Europa. Su objetivo es facilitar la cr\u00eda de hormigas y otros artr\u00f3podos mediante soluciones seguras y divulgaci\u00f3n de calidad.","sameAs":["https:\/\/antderground.com\/","https:\/\/www.youtube.com\/channel\/UCio72z7TlbufkAthAJIJfPw"]}]}},"_links":{"self":[{"href":"https:\/\/antderground.com\/fr\/wp-json\/wp\/v2\/product\/41870","targetHints":{"allow":["GET"]}}],"collection":[{"href":"https:\/\/antderground.com\/fr\/wp-json\/wp\/v2\/product"}],"about":[{"href":"https:\/\/antderground.com\/fr\/wp-json\/wp\/v2\/types\/product"}],"version-history":[{"count":0,"href":"https:\/\/antderground.com\/fr\/wp-json\/wp\/v2\/product\/41870\/revisions"}],"wp:featuredmedia":[{"embeddable":true,"href":"https:\/\/antderground.com\/fr\/wp-json\/wp\/v2\/media\/41863"}],"wp:attachment":[{"href":"https:\/\/antderground.com\/fr\/wp-json\/wp\/v2\/media?parent=41870"}],"wp:term":[{"taxonomy":"product_brand","embeddable":true,"href":"https:\/\/antderground.com\/fr\/wp-json\/wp\/v2\/product_brand?post=41870"},{"taxonomy":"product_cat","embeddable":true,"href":"https:\/\/antderground.com\/fr\/wp-json\/wp\/v2\/product_cat?post=41870"},{"taxonomy":"product_tag","embeddable":true,"href":"https:\/\/antderground.com\/fr\/wp-json\/wp\/v2\/product_tag?post=41870"}],"curies":[{"name":"wp","href":"https:\/\/api.w.org\/{rel}","templated":true}]}}