{"id":41951,"date":"2025-04-21T11:52:21","date_gmt":"2025-04-21T09:52:21","guid":{"rendered":"https:\/\/www.antderground.com\/producto\/harpactira-pulchripes\/"},"modified":"2025-04-22T15:04:11","modified_gmt":"2025-04-22T13:04:11","slug":"harpactira-pulchripes","status":"publish","type":"product","link":"https:\/\/antderground.com\/fr\/produit\/harpactira-pulchripes\/","title":{"rendered":"Harpactira pulchripes"},"content":{"rendered":"<h3 class=\"\" data-start=\"128\" data-end=\"177\">\ud83d\udd77\ufe0f Fiche technique \u2013 <em data-start=\"154\" data-end=\"177\">Harpactira pulchripes<\/em><\/h3>\n<p class=\"\" data-start=\"179\" data-end=\"450\"><strong data-start=\"179\" data-end=\"195\">Nom commun :<\/strong> Babouin dor\u00e9 aux pattes bleues<br data-start=\"226\" data-end=\"229\" \/><strong data-start=\"229\" data-end=\"251\">Nom scientifique :<\/strong> <em data-start=\"252\" data-end=\"275\">Harpactira pulchripes<\/em><br data-start=\"275\" data-end=\"278\" \/><strong data-start=\"278\" data-end=\"291\">Famille :<\/strong> Theraphosidae<br data-start=\"305\" data-end=\"308\" \/><strong data-start=\"308\" data-end=\"321\">Origine :<\/strong> Afrique du Sud<br data-start=\"336\" data-end=\"339\" \/><strong data-start=\"339\" data-end=\"360\">Habitat naturel :<\/strong> R\u00e9gions semi-arides et savanes, avec des sols compacts, secs et des temp\u00e9ratures \u00e9lev\u00e9es.<\/p>\n<h3 class=\"\" data-start=\"452\" data-end=\"465\">\ud83d\udccf Taille<\/h3>\n<p class=\"\" data-start=\"467\" data-end=\"592\"><strong data-start=\"467\" data-end=\"488\">Taille du corps :<\/strong> 4 \u00e0 6 cm<br data-start=\"497\" data-end=\"500\" \/><strong data-start=\"500\" data-end=\"515\">Envergure :<\/strong> Jusqu\u2019\u00e0 12 cm<br data-start=\"529\" data-end=\"532\" \/><strong data-start=\"532\" data-end=\"548\">Croissance :<\/strong> Moyenne \u00e0 rapide<br data-start=\"565\" data-end=\"568\" \/><strong data-start=\"568\" data-end=\"590\">Esp\u00e9rance de vie :<\/strong><\/p>\n<ul data-start=\"593\" data-end=\"639\">\n<li class=\"\" data-start=\"593\" data-end=\"619\">\n<p class=\"\" data-start=\"595\" data-end=\"619\">Femelles : 12 \u00e0 15 ans<\/p>\n<\/li>\n<li class=\"\" data-start=\"620\" data-end=\"639\">\n<p class=\"\" data-start=\"622\" data-end=\"639\">M\u00e2les : 3 \u00e0 4 ans<\/p>\n<\/li>\n<\/ul>\n<h3 class=\"\" data-start=\"641\" data-end=\"656\">\ud83c\udfa8 Couleurs<\/h3>\n<p class=\"\" data-start=\"658\" data-end=\"848\">Corps dor\u00e9 \u00e9clatant aux reflets m\u00e9talliques.<br data-start=\"702\" data-end=\"705\" \/>Pattes d\u2019un bleu intense, particuli\u00e8rement aux extr\u00e9mit\u00e9s.<br data-start=\"763\" data-end=\"766\" \/>L\u2019une des tarentules les plus spectaculaires et pris\u00e9es pour ses couleurs uniques.<\/p>\n<h3 class=\"\" data-start=\"850\" data-end=\"874\">\ud83c\udfe1 Type de terrarium<\/h3>\n<p class=\"\" data-start=\"876\" data-end=\"1329\"><strong data-start=\"876\" data-end=\"886\">Type :<\/strong> Terrestre \u00e0 tendance fouisseuse (semi-fossoriale)<br data-start=\"936\" data-end=\"939\" \/><strong data-start=\"939\" data-end=\"978\">Dimensions minimales recommand\u00e9es :<\/strong> 30 x 30 x 30 cm<br data-start=\"994\" data-end=\"997\" \/><strong data-start=\"997\" data-end=\"1011\">Substrat :<\/strong> \u00c9pais (minimum 10\u201315 cm), \u00e0 base de fibre de coco, tourbe ou m\u00e9lange pour esp\u00e8ces fouisseuses<br data-start=\"1105\" data-end=\"1108\" \/><strong data-start=\"1108\" data-end=\"1124\">D\u00e9coration :<\/strong> \u00c9corces, cachettes, \u00e9l\u00e9ments secs<br data-start=\"1158\" data-end=\"1161\" \/><strong data-start=\"1161\" data-end=\"1175\">A\u00e9ration :<\/strong> Bonne, sans courants d\u2019air<br data-start=\"1202\" data-end=\"1205\" \/><strong data-start=\"1205\" data-end=\"1219\">Humidit\u00e9 :<\/strong> 60 \u00e0 70 %<br data-start=\"1229\" data-end=\"1232\" \/><strong data-start=\"1232\" data-end=\"1249\">Temp\u00e9rature :<\/strong> 24 \u00e0 28\u202f\u00b0C<br data-start=\"1260\" data-end=\"1263\" \/><strong data-start=\"1263\" data-end=\"1278\">\u00c9clairage :<\/strong> Non n\u00e9cessaire ; \u00e9viter la lumi\u00e8re directe intense<\/p>\n<h3 class=\"\" data-start=\"1331\" data-end=\"1351\">\ud83c\udf7d\ufe0f Alimentation<\/h3>\n<p class=\"\" data-start=\"1353\" data-end=\"1444\"><strong data-start=\"1353\" data-end=\"1365\">R\u00e9gime :<\/strong> Insectes vivants (grillons, blattes, vers de farine, etc.)<br data-start=\"1424\" data-end=\"1427\" \/><strong data-start=\"1427\" data-end=\"1442\">Fr\u00e9quence :<\/strong><\/p>\n<ul data-start=\"1445\" data-end=\"1564\">\n<li class=\"\" data-start=\"1445\" data-end=\"1476\">\n<p class=\"\" data-start=\"1447\" data-end=\"1476\">Jeunes : tous les 4\u20135 jours<\/p>\n<\/li>\n<li class=\"\" data-start=\"1477\" data-end=\"1564\">\n<p class=\"\" data-start=\"1479\" data-end=\"1564\">Adultes : tous les 7\u201310 jours<br data-start=\"1508\" data-end=\"1511\" \/><strong data-start=\"1511\" data-end=\"1520\">Eau :<\/strong> Toujours disponible dans un petit abreuvoir<\/p>\n<\/li>\n<\/ul>\n<h3 class=\"\" data-start=\"1566\" data-end=\"1585\">\ud83d\ude08 Comportement<\/h3>\n<p class=\"\" data-start=\"1587\" data-end=\"1811\"><strong data-start=\"1587\" data-end=\"1604\">Temp\u00e9rament :<\/strong> Plut\u00f4t timide mais peut se montrer d\u00e9fensive si d\u00e9rang\u00e9e<br data-start=\"1661\" data-end=\"1664\" \/><strong data-start=\"1664\" data-end=\"1682\">Manipulation :<\/strong> Non recommand\u00e9e ; stressante pour l\u2019animal<br data-start=\"1725\" data-end=\"1728\" \/><strong data-start=\"1728\" data-end=\"1742\">Activit\u00e9 :<\/strong> Nocturne, passe la journ\u00e9e cach\u00e9e dans sa galerie ou sous une \u00e9corce<\/p>\n<h3 class=\"\" data-start=\"1813\" data-end=\"1851\">\u26a0\ufe0f Remarques et soins particuliers<\/h3>\n<p class=\"\" data-start=\"1853\" data-end=\"2130\">Creuse facilement des galeries si le substrat est adapt\u00e9.<br data-start=\"1910\" data-end=\"1913\" \/>Malgr\u00e9 sa beaut\u00e9, elle n\u2019est pas conseill\u00e9e pour les d\u00e9butants en raison de sa vitesse et de son caract\u00e8re nerveux.<br data-start=\"2028\" data-end=\"2031\" \/>Ne poss\u00e8de pas de poils urticants, mais ses crochets sont puissants.<br data-start=\"2099\" data-end=\"2102\" \/>\u00c0 observer, pas \u00e0 manipuler.<\/p>\n","protected":false},"excerpt":{"rendered":"<p class=\"\" data-start=\"2175\" data-end=\"2420\">Admirez la <em data-start=\"2186\" data-end=\"2209\">Harpactira pulchripes<\/em>, une tarentule sud-africaine aux couleurs saisissantes : pattes bleu \u00e9lectrique et corps dor\u00e9 \u2728. Un joyau pour les passionn\u00e9s confirm\u00e9s, non adapt\u00e9e aux d\u00e9butants. Un v\u00e9ritable tr\u00e9sor dans votre terrarium ! \ud83d\udd77\ufe0f Il est important de noter que cette tarentule fait des mouvements rapides.<\/p>\n","protected":false},"featured_media":41944,"template":"","meta":[],"product_brand":[],"product_cat":[417,585],"product_tag":[],"class_list":{"0":"post-41951","1":"product","2":"type-product","3":"status-publish","4":"has-post-thumbnail","6":"product_cat-arthropodes","7":"product_cat-tarentules","9":"first","10":"outofstock","11":"sale","12":"shipping-taxable","13":"purchasable","14":"product-type-variable"},"yoast_head":"<!-- This site is optimized with the Yoast SEO plugin v27.3 - https:\/\/yoast.com\/product\/yoast-seo-wordpress\/ -->\n<title>Harpactira pulchripes | Tarentule exotique - ANTDERGROUND<\/title>\n<meta name=\"description\" content=\"Tarentule Harpactira pulchripes \u00e0 vendre. Esp\u00e8ce rare d\u2019Afrique du Sud aux pattes bleues et au corps dor\u00e9. Pour terrariophiles exp\u00e9riment\u00e9s.\" \/>\n<meta name=\"robots\" content=\"index, follow, max-snippet:-1, max-image-preview:large, max-video-preview:-1\" \/>\n<link rel=\"canonical\" href=\"https:\/\/antderground.com\/fr\/produit\/harpactira-pulchripes\/\" \/>\n<meta property=\"og:locale\" content=\"fr_FR\" \/>\n<meta property=\"og:type\" content=\"article\" \/>\n<meta property=\"og:title\" content=\"Harpactira pulchripes | Tarentule exotique - ANTDERGROUND\" \/>\n<meta property=\"og:description\" content=\"Tarentule Harpactira pulchripes \u00e0 vendre. Esp\u00e8ce rare d\u2019Afrique du Sud aux pattes bleues et au corps dor\u00e9. Pour terrariophiles exp\u00e9riment\u00e9s.\" \/>\n<meta property=\"og:url\" content=\"https:\/\/antderground.com\/fr\/produit\/harpactira-pulchripes\/\" \/>\n<meta property=\"og:site_name\" content=\"ANTDERGROUND\" \/>\n<meta property=\"article:modified_time\" content=\"2025-04-22T13:04:11+00:00\" \/>\n<meta property=\"og:image\" content=\"https:\/\/antderground.com\/wp-content\/uploads\/2025\/04\/Harpactira-pulchripes.jpg\" \/>\n\t<meta property=\"og:image:width\" content=\"1600\" \/>\n\t<meta property=\"og:image:height\" content=\"1567\" \/>\n\t<meta property=\"og:image:type\" content=\"image\/jpeg\" \/>\n<meta name=\"twitter:card\" content=\"summary_large_image\" \/>\n<meta name=\"twitter:label1\" content=\"Dur\u00e9e de lecture estim\u00e9e\" \/>\n\t<meta name=\"twitter:data1\" content=\"1 minute\" \/>\n<script type=\"application\/ld+json\" class=\"yoast-schema-graph\">{\"@context\":\"https:\\\/\\\/schema.org\",\"@graph\":[{\"@type\":\"WebPage\",\"@id\":\"https:\\\/\\\/antderground.com\\\/fr\\\/produit\\\/harpactira-pulchripes\\\/\",\"url\":\"https:\\\/\\\/antderground.com\\\/fr\\\/produit\\\/harpactira-pulchripes\\\/\",\"name\":\"Harpactira pulchripes | Tarentule exotique - ANTDERGROUND\",\"isPartOf\":{\"@id\":\"https:\\\/\\\/antderground.com\\\/fr\\\/#website\"},\"primaryImageOfPage\":{\"@id\":\"https:\\\/\\\/antderground.com\\\/fr\\\/produit\\\/harpactira-pulchripes\\\/#primaryimage\"},\"image\":{\"@id\":\"https:\\\/\\\/antderground.com\\\/fr\\\/produit\\\/harpactira-pulchripes\\\/#primaryimage\"},\"thumbnailUrl\":\"https:\\\/\\\/antderground.com\\\/wp-content\\\/uploads\\\/2025\\\/04\\\/Harpactira-pulchripes.jpg\",\"datePublished\":\"2025-04-21T09:52:21+00:00\",\"dateModified\":\"2025-04-22T13:04:11+00:00\",\"description\":\"Tarentule Harpactira pulchripes \u00e0 vendre. Esp\u00e8ce rare d\u2019Afrique du Sud aux pattes bleues et au corps dor\u00e9. Pour terrariophiles exp\u00e9riment\u00e9s.\",\"breadcrumb\":{\"@id\":\"https:\\\/\\\/antderground.com\\\/fr\\\/produit\\\/harpactira-pulchripes\\\/#breadcrumb\"},\"inLanguage\":\"fr-FR\",\"potentialAction\":[{\"@type\":\"ReadAction\",\"target\":[\"https:\\\/\\\/antderground.com\\\/fr\\\/produit\\\/harpactira-pulchripes\\\/\"]}]},{\"@type\":\"ImageObject\",\"inLanguage\":\"fr-FR\",\"@id\":\"https:\\\/\\\/antderground.com\\\/fr\\\/produit\\\/harpactira-pulchripes\\\/#primaryimage\",\"url\":\"https:\\\/\\\/antderground.com\\\/wp-content\\\/uploads\\\/2025\\\/04\\\/Harpactira-pulchripes.jpg\",\"contentUrl\":\"https:\\\/\\\/antderground.com\\\/wp-content\\\/uploads\\\/2025\\\/04\\\/Harpactira-pulchripes.jpg\",\"width\":1600,\"height\":1567,\"caption\":\"Harpactira pulchripes\"},{\"@type\":\"BreadcrumbList\",\"@id\":\"https:\\\/\\\/antderground.com\\\/fr\\\/produit\\\/harpactira-pulchripes\\\/#breadcrumb\",\"itemListElement\":[{\"@type\":\"ListItem\",\"position\":1,\"name\":\"Portada\",\"item\":\"https:\\\/\\\/antderground.com\\\/fr\\\/\"},{\"@type\":\"ListItem\",\"position\":2,\"name\":\"Boutique\",\"item\":\"https:\\\/\\\/antderground.com\\\/fr\\\/boutique\\\/\"},{\"@type\":\"ListItem\",\"position\":3,\"name\":\"Harpactira pulchripes\"}]},{\"@type\":\"WebSite\",\"@id\":\"https:\\\/\\\/antderground.com\\\/fr\\\/#website\",\"url\":\"https:\\\/\\\/antderground.com\\\/fr\\\/\",\"name\":\"ANTDERGROUND\",\"description\":\"Tu tienda de hormigas, gran variedad de hormigueros acr\u00edlicos,madera,arena,3D y mas.. Pide tus hormigas gratis con tu pedido, somos expertos en hormigueros antifugas.\",\"publisher\":{\"@id\":\"https:\\\/\\\/antderground.com\\\/fr\\\/#\\\/schema\\\/person\\\/0e322c505e84fe72c65e2f6d08f96b81\"},\"alternateName\":\"Antderground\",\"potentialAction\":[{\"@type\":\"SearchAction\",\"target\":{\"@type\":\"EntryPoint\",\"urlTemplate\":\"https:\\\/\\\/antderground.com\\\/fr\\\/?s={search_term_string}\"},\"query-input\":{\"@type\":\"PropertyValueSpecification\",\"valueRequired\":true,\"valueName\":\"search_term_string\"}}],\"inLanguage\":\"fr-FR\"},{\"@type\":[\"Person\",\"Organization\"],\"@id\":\"https:\\\/\\\/antderground.com\\\/fr\\\/#\\\/schema\\\/person\\\/0e322c505e84fe72c65e2f6d08f96b81\",\"name\":\"Eric de Antderground\",\"image\":{\"@type\":\"ImageObject\",\"inLanguage\":\"fr-FR\",\"@id\":\"https:\\\/\\\/secure.gravatar.com\\\/avatar\\\/c49a1b9f79216d1498cb73c1e85cd47f4465dda35f2a94c03790d491bd4423c3?s=96&d=mm&r=g\",\"url\":\"https:\\\/\\\/secure.gravatar.com\\\/avatar\\\/c49a1b9f79216d1498cb73c1e85cd47f4465dda35f2a94c03790d491bd4423c3?s=96&d=mm&r=g\",\"contentUrl\":\"https:\\\/\\\/secure.gravatar.com\\\/avatar\\\/c49a1b9f79216d1498cb73c1e85cd47f4465dda35f2a94c03790d491bd4423c3?s=96&d=mm&r=g\",\"caption\":\"Eric de Antderground\"},\"logo\":{\"@id\":\"https:\\\/\\\/secure.gravatar.com\\\/avatar\\\/c49a1b9f79216d1498cb73c1e85cd47f4465dda35f2a94c03790d491bd4423c3?s=96&d=mm&r=g\"},\"description\":\"Eric es el especialista y fundador de Antderground, con una amplia trayectoria en artr\u00f3podos y enfocado en la mirmecolog\u00eda y el dise\u00f1o de hormigueros artificiales. Su enfoque combina la innovaci\u00f3n t\u00e9cnica con el respeto por la biolog\u00eda de las hormigas, is\u00f3podos y otros, desarrollando sistemas de nidos modulares 3D y acr\u00edlicos que son referentes para aficionados y profesionales en toda Europa. Su objetivo es facilitar la cr\u00eda de hormigas y otros artr\u00f3podos mediante soluciones seguras y divulgaci\u00f3n de calidad.\",\"sameAs\":[\"https:\\\/\\\/antderground.com\\\/\",\"https:\\\/\\\/www.youtube.com\\\/channel\\\/UCio72z7TlbufkAthAJIJfPw\"]}]}<\/script>\n<!-- \/ Yoast SEO plugin. -->","yoast_head_json":{"title":"Harpactira pulchripes | Tarentule exotique - ANTDERGROUND","description":"Tarentule Harpactira pulchripes \u00e0 vendre. Esp\u00e8ce rare d\u2019Afrique du Sud aux pattes bleues et au corps dor\u00e9. Pour terrariophiles exp\u00e9riment\u00e9s.","robots":{"index":"index","follow":"follow","max-snippet":"max-snippet:-1","max-image-preview":"max-image-preview:large","max-video-preview":"max-video-preview:-1"},"canonical":"https:\/\/antderground.com\/fr\/produit\/harpactira-pulchripes\/","og_locale":"fr_FR","og_type":"article","og_title":"Harpactira pulchripes | Tarentule exotique - ANTDERGROUND","og_description":"Tarentule Harpactira pulchripes \u00e0 vendre. Esp\u00e8ce rare d\u2019Afrique du Sud aux pattes bleues et au corps dor\u00e9. Pour terrariophiles exp\u00e9riment\u00e9s.","og_url":"https:\/\/antderground.com\/fr\/produit\/harpactira-pulchripes\/","og_site_name":"ANTDERGROUND","article_modified_time":"2025-04-22T13:04:11+00:00","og_image":[{"width":1600,"height":1567,"url":"https:\/\/antderground.com\/wp-content\/uploads\/2025\/04\/Harpactira-pulchripes.jpg","type":"image\/jpeg"}],"twitter_card":"summary_large_image","twitter_misc":{"Dur\u00e9e de lecture estim\u00e9e":"1 minute"},"schema":{"@context":"https:\/\/schema.org","@graph":[{"@type":"WebPage","@id":"https:\/\/antderground.com\/fr\/produit\/harpactira-pulchripes\/","url":"https:\/\/antderground.com\/fr\/produit\/harpactira-pulchripes\/","name":"Harpactira pulchripes | Tarentule exotique - ANTDERGROUND","isPartOf":{"@id":"https:\/\/antderground.com\/fr\/#website"},"primaryImageOfPage":{"@id":"https:\/\/antderground.com\/fr\/produit\/harpactira-pulchripes\/#primaryimage"},"image":{"@id":"https:\/\/antderground.com\/fr\/produit\/harpactira-pulchripes\/#primaryimage"},"thumbnailUrl":"https:\/\/antderground.com\/wp-content\/uploads\/2025\/04\/Harpactira-pulchripes.jpg","datePublished":"2025-04-21T09:52:21+00:00","dateModified":"2025-04-22T13:04:11+00:00","description":"Tarentule Harpactira pulchripes \u00e0 vendre. Esp\u00e8ce rare d\u2019Afrique du Sud aux pattes bleues et au corps dor\u00e9. Pour terrariophiles exp\u00e9riment\u00e9s.","breadcrumb":{"@id":"https:\/\/antderground.com\/fr\/produit\/harpactira-pulchripes\/#breadcrumb"},"inLanguage":"fr-FR","potentialAction":[{"@type":"ReadAction","target":["https:\/\/antderground.com\/fr\/produit\/harpactira-pulchripes\/"]}]},{"@type":"ImageObject","inLanguage":"fr-FR","@id":"https:\/\/antderground.com\/fr\/produit\/harpactira-pulchripes\/#primaryimage","url":"https:\/\/antderground.com\/wp-content\/uploads\/2025\/04\/Harpactira-pulchripes.jpg","contentUrl":"https:\/\/antderground.com\/wp-content\/uploads\/2025\/04\/Harpactira-pulchripes.jpg","width":1600,"height":1567,"caption":"Harpactira pulchripes"},{"@type":"BreadcrumbList","@id":"https:\/\/antderground.com\/fr\/produit\/harpactira-pulchripes\/#breadcrumb","itemListElement":[{"@type":"ListItem","position":1,"name":"Portada","item":"https:\/\/antderground.com\/fr\/"},{"@type":"ListItem","position":2,"name":"Boutique","item":"https:\/\/antderground.com\/fr\/boutique\/"},{"@type":"ListItem","position":3,"name":"Harpactira pulchripes"}]},{"@type":"WebSite","@id":"https:\/\/antderground.com\/fr\/#website","url":"https:\/\/antderground.com\/fr\/","name":"ANTDERGROUND","description":"Tu tienda de hormigas, gran variedad de hormigueros acr\u00edlicos,madera,arena,3D y mas.. Pide tus hormigas gratis con tu pedido, somos expertos en hormigueros antifugas.","publisher":{"@id":"https:\/\/antderground.com\/fr\/#\/schema\/person\/0e322c505e84fe72c65e2f6d08f96b81"},"alternateName":"Antderground","potentialAction":[{"@type":"SearchAction","target":{"@type":"EntryPoint","urlTemplate":"https:\/\/antderground.com\/fr\/?s={search_term_string}"},"query-input":{"@type":"PropertyValueSpecification","valueRequired":true,"valueName":"search_term_string"}}],"inLanguage":"fr-FR"},{"@type":["Person","Organization"],"@id":"https:\/\/antderground.com\/fr\/#\/schema\/person\/0e322c505e84fe72c65e2f6d08f96b81","name":"Eric de Antderground","image":{"@type":"ImageObject","inLanguage":"fr-FR","@id":"https:\/\/secure.gravatar.com\/avatar\/c49a1b9f79216d1498cb73c1e85cd47f4465dda35f2a94c03790d491bd4423c3?s=96&d=mm&r=g","url":"https:\/\/secure.gravatar.com\/avatar\/c49a1b9f79216d1498cb73c1e85cd47f4465dda35f2a94c03790d491bd4423c3?s=96&d=mm&r=g","contentUrl":"https:\/\/secure.gravatar.com\/avatar\/c49a1b9f79216d1498cb73c1e85cd47f4465dda35f2a94c03790d491bd4423c3?s=96&d=mm&r=g","caption":"Eric de Antderground"},"logo":{"@id":"https:\/\/secure.gravatar.com\/avatar\/c49a1b9f79216d1498cb73c1e85cd47f4465dda35f2a94c03790d491bd4423c3?s=96&d=mm&r=g"},"description":"Eric es el especialista y fundador de Antderground, con una amplia trayectoria en artr\u00f3podos y enfocado en la mirmecolog\u00eda y el dise\u00f1o de hormigueros artificiales. Su enfoque combina la innovaci\u00f3n t\u00e9cnica con el respeto por la biolog\u00eda de las hormigas, is\u00f3podos y otros, desarrollando sistemas de nidos modulares 3D y acr\u00edlicos que son referentes para aficionados y profesionales en toda Europa. Su objetivo es facilitar la cr\u00eda de hormigas y otros artr\u00f3podos mediante soluciones seguras y divulgaci\u00f3n de calidad.","sameAs":["https:\/\/antderground.com\/","https:\/\/www.youtube.com\/channel\/UCio72z7TlbufkAthAJIJfPw"]}]}},"_links":{"self":[{"href":"https:\/\/antderground.com\/fr\/wp-json\/wp\/v2\/product\/41951","targetHints":{"allow":["GET"]}}],"collection":[{"href":"https:\/\/antderground.com\/fr\/wp-json\/wp\/v2\/product"}],"about":[{"href":"https:\/\/antderground.com\/fr\/wp-json\/wp\/v2\/types\/product"}],"version-history":[{"count":0,"href":"https:\/\/antderground.com\/fr\/wp-json\/wp\/v2\/product\/41951\/revisions"}],"wp:featuredmedia":[{"embeddable":true,"href":"https:\/\/antderground.com\/fr\/wp-json\/wp\/v2\/media\/41944"}],"wp:attachment":[{"href":"https:\/\/antderground.com\/fr\/wp-json\/wp\/v2\/media?parent=41951"}],"wp:term":[{"taxonomy":"product_brand","embeddable":true,"href":"https:\/\/antderground.com\/fr\/wp-json\/wp\/v2\/product_brand?post=41951"},{"taxonomy":"product_cat","embeddable":true,"href":"https:\/\/antderground.com\/fr\/wp-json\/wp\/v2\/product_cat?post=41951"},{"taxonomy":"product_tag","embeddable":true,"href":"https:\/\/antderground.com\/fr\/wp-json\/wp\/v2\/product_tag?post=41951"}],"curies":[{"name":"wp","href":"https:\/\/api.w.org\/{rel}","templated":true}]}}