{"id":42004,"date":"2025-04-23T17:20:32","date_gmt":"2025-04-23T15:20:32","guid":{"rendered":"https:\/\/www.antderground.com\/producto\/micro-grillons-acheta-domesticus\/"},"modified":"2025-05-30T01:14:34","modified_gmt":"2025-05-29T23:14:34","slug":"micro-grillons-acheta-domesticus","status":"publish","type":"product","link":"https:\/\/antderground.com\/fr\/produit\/micro-grillons-acheta-domesticus\/","title":{"rendered":"Micro grillons Acheta domesticus"},"content":{"rendered":"<h3 class=\"\" data-start=\"75\" data-end=\"142\">\ud83e\udd97 Fiche technique \u2013 Micro grillons Acheta domesticus (3-7 jours)<\/h3>\n<p class=\"\" data-start=\"144\" data-end=\"452\"><strong data-start=\"144\" data-end=\"160\">Nom commun :<\/strong> Grillon domestique (micro)<br data-start=\"187\" data-end=\"190\" \/><strong data-start=\"190\" data-end=\"212\">Nom scientifique :<\/strong> Acheta domesticus<br data-start=\"230\" data-end=\"233\" \/><strong data-start=\"233\" data-end=\"246\">Famille :<\/strong> Gryllidae<br data-start=\"256\" data-end=\"259\" \/><strong data-start=\"259\" data-end=\"270\">Genre :<\/strong> Acheta<br data-start=\"277\" data-end=\"280\" \/><strong data-start=\"280\" data-end=\"302\">\u00c2ge approximatif :<\/strong> 3-7 jours<br data-start=\"310\" data-end=\"313\" \/><strong data-start=\"313\" data-end=\"325\">Taille :<\/strong> 1\u20132 mm<br data-start=\"332\" data-end=\"335\" \/><strong data-start=\"335\" data-end=\"348\">Origine :<\/strong> Cosmopolite, \u00e9lev\u00e9 en ferme sp\u00e9cialis\u00e9e sous conditions contr\u00f4l\u00e9es<br data-start=\"415\" data-end=\"418\" \/><strong data-start=\"418\" data-end=\"436\">Dur\u00e9e de vie :<\/strong> 8 \u00e0 10 semaines<\/p>\n<h3 class=\"\" data-start=\"459\" data-end=\"488\">\u2705 Avantages nutritionnels<\/h3>\n<ul data-start=\"490\" data-end=\"794\">\n<li class=\"\" data-start=\"490\" data-end=\"594\">\n<p class=\"\" data-start=\"492\" data-end=\"594\"><strong data-start=\"492\" data-end=\"514\">Riche en prot\u00e9ines<\/strong> : 60 \u00e0 70 %, id\u00e9al pour la croissance des jeunes animaux ou de petite taille.<\/p>\n<\/li>\n<li class=\"\" data-start=\"595\" data-end=\"676\">\n<p class=\"\" data-start=\"597\" data-end=\"676\"><strong data-start=\"597\" data-end=\"627\">Faible en mati\u00e8res grasses<\/strong> : Fournit de l\u2019\u00e9nergie sans exc\u00e8s de calories.<\/p>\n<\/li>\n<li class=\"\" data-start=\"677\" data-end=\"794\">\n<p class=\"\" data-start=\"679\" data-end=\"794\"><strong data-start=\"679\" data-end=\"708\">Source de micronutriments<\/strong> : Calcium, fer, magn\u00e9sium et vitamine B12 pour un syst\u00e8me immunitaire et osseux fort.<\/p>\n<\/li>\n<\/ul>\n<h3 class=\"\" data-start=\"801\" data-end=\"818\">\ud83d\udc38 Id\u00e9al pour<\/h3>\n<p class=\"\" data-start=\"820\" data-end=\"1066\">Reptiles, amphibiens, oiseaux insectivores, poissons, arthropodes et petits mammif\u00e8res n\u00e9cessitant une alimentation vivante adapt\u00e9e \u00e0 leur taille.<br data-start=\"966\" data-end=\"969\" \/>Ils stimulent l\u2019instinct de chasse et sont <strong data-start=\"1012\" data-end=\"1033\">faciles \u00e0 dig\u00e9rer<\/strong>, m\u00eame pour les animaux fragiles.<\/p>\n<h3 class=\"\" data-start=\"1073\" data-end=\"1104\">\ud83e\uddca Conseils de conservation<\/h3>\n<ul data-start=\"1106\" data-end=\"1262\">\n<li class=\"\" data-start=\"1106\" data-end=\"1208\">\n<p class=\"\" data-start=\"1108\" data-end=\"1208\">Conserver dans un r\u00e9cipient bien a\u00e9r\u00e9 avec une source d\u2019humidit\u00e9 (gel hydratant ou l\u00e9gumes frais).<\/p>\n<\/li>\n<li class=\"\" data-start=\"1209\" data-end=\"1262\">\n<p class=\"\" data-start=\"1211\" data-end=\"1262\">\u00c9viter les temp\u00e9ratures extr\u00eames. Id\u00e9al : 20\u201325 \u00b0C.<\/p>\n<\/li>\n<\/ul>\n<p class=\"\" data-start=\"1269\" data-end=\"1445\">\u26a0\ufe0f <strong data-start=\"1272\" data-end=\"1284\">Remarque<\/strong> : Les micro grillons <em data-start=\"1306\" data-end=\"1325\">Acheta domesticus<\/em> vendus sur notre boutique <strong data-start=\"1352\" data-end=\"1402\">ne sont pas destin\u00e9s \u00e0 la consommation humaine<\/strong>. Produit r\u00e9serv\u00e9 \u00e0 l\u2019alimentation animale.<\/p>\n","protected":false},"excerpt":{"rendered":"<p class=\"\" data-start=\"1501\" data-end=\"1764\">Offrez \u00e0 vos petites b\u00eates une \u00e9nergie vivante ! \ud83e\udd97 Nos <strong data-start=\"1557\" data-end=\"1593\">micro grillons Acheta domesticus<\/strong> (3-7 jours) sont parfaits pour reptiles, amphibiens et arthropodes. Tr\u00e8s digestes, riches en prot\u00e9ines et adapt\u00e9s aux jeunes animaux. Donnez-leur le meilleur d\u00e8s le d\u00e9but !<\/p>\n","protected":false},"featured_media":41998,"template":"","meta":[],"product_brand":[],"product_cat":[109,661],"product_tag":[],"class_list":{"0":"post-42004","1":"product","2":"type-product","3":"status-publish","4":"has-post-thumbnail","6":"product_cat-aliments","7":"product_cat-nourriture-vivante","9":"first","10":"outofstock","11":"shipping-taxable","12":"purchasable","13":"product-type-variable"},"yoast_head":"<!-- This site is optimized with the Yoast SEO plugin v27.4 - https:\/\/yoast.com\/product\/yoast-seo-wordpress\/ -->\n<title>Micro grillons Acheta domesticus | Nourriture vivante - ANTDERGROUND<\/title>\n<meta name=\"description\" content=\"Achetez des micro grillons Acheta domesticus de 5 jours. Nourriture vivante riche en prot\u00e9ines, id\u00e9ale pour reptiles et amphibiens juv\u00e9niles.\" \/>\n<meta name=\"robots\" content=\"index, follow, max-snippet:-1, max-image-preview:large, max-video-preview:-1\" \/>\n<link rel=\"canonical\" href=\"https:\/\/antderground.com\/fr\/produit\/micro-grillons-acheta-domesticus\/\" \/>\n<meta property=\"og:locale\" content=\"fr_FR\" \/>\n<meta property=\"og:type\" content=\"article\" \/>\n<meta property=\"og:title\" content=\"Micro grillons Acheta domesticus | Nourriture vivante - ANTDERGROUND\" \/>\n<meta property=\"og:description\" content=\"Achetez des micro grillons Acheta domesticus de 5 jours. Nourriture vivante riche en prot\u00e9ines, id\u00e9ale pour reptiles et amphibiens juv\u00e9niles.\" \/>\n<meta property=\"og:url\" content=\"https:\/\/antderground.com\/fr\/produit\/micro-grillons-acheta-domesticus\/\" \/>\n<meta property=\"og:site_name\" content=\"ANTDERGROUND\" \/>\n<meta property=\"article:modified_time\" content=\"2025-05-29T23:14:34+00:00\" \/>\n<meta property=\"og:image\" content=\"https:\/\/antderground.com\/wp-content\/uploads\/2025\/04\/Micro-grillos-Acheta-domesticus.jpg\" \/>\n\t<meta property=\"og:image:width\" content=\"2048\" \/>\n\t<meta property=\"og:image:height\" content=\"2048\" \/>\n\t<meta property=\"og:image:type\" content=\"image\/jpeg\" \/>\n<meta name=\"twitter:card\" content=\"summary_large_image\" \/>\n<meta name=\"twitter:label1\" content=\"Dur\u00e9e de lecture estim\u00e9e\" \/>\n\t<meta name=\"twitter:data1\" content=\"1 minute\" \/>\n<script type=\"application\/ld+json\" class=\"yoast-schema-graph\">{\"@context\":\"https:\\\/\\\/schema.org\",\"@graph\":[{\"@type\":\"WebPage\",\"@id\":\"https:\\\/\\\/antderground.com\\\/fr\\\/produit\\\/micro-grillons-acheta-domesticus\\\/\",\"url\":\"https:\\\/\\\/antderground.com\\\/fr\\\/produit\\\/micro-grillons-acheta-domesticus\\\/\",\"name\":\"Micro grillons Acheta domesticus | Nourriture vivante - ANTDERGROUND\",\"isPartOf\":{\"@id\":\"https:\\\/\\\/antderground.com\\\/fr\\\/#website\"},\"primaryImageOfPage\":{\"@id\":\"https:\\\/\\\/antderground.com\\\/fr\\\/produit\\\/micro-grillons-acheta-domesticus\\\/#primaryimage\"},\"image\":{\"@id\":\"https:\\\/\\\/antderground.com\\\/fr\\\/produit\\\/micro-grillons-acheta-domesticus\\\/#primaryimage\"},\"thumbnailUrl\":\"https:\\\/\\\/antderground.com\\\/wp-content\\\/uploads\\\/2025\\\/04\\\/Micro-grillos-Acheta-domesticus.jpg\",\"datePublished\":\"2025-04-23T15:20:32+00:00\",\"dateModified\":\"2025-05-29T23:14:34+00:00\",\"description\":\"Achetez des micro grillons Acheta domesticus de 5 jours. Nourriture vivante riche en prot\u00e9ines, id\u00e9ale pour reptiles et amphibiens juv\u00e9niles.\",\"breadcrumb\":{\"@id\":\"https:\\\/\\\/antderground.com\\\/fr\\\/produit\\\/micro-grillons-acheta-domesticus\\\/#breadcrumb\"},\"inLanguage\":\"fr-FR\",\"potentialAction\":[{\"@type\":\"ReadAction\",\"target\":[\"https:\\\/\\\/antderground.com\\\/fr\\\/produit\\\/micro-grillons-acheta-domesticus\\\/\"]}]},{\"@type\":\"ImageObject\",\"inLanguage\":\"fr-FR\",\"@id\":\"https:\\\/\\\/antderground.com\\\/fr\\\/produit\\\/micro-grillons-acheta-domesticus\\\/#primaryimage\",\"url\":\"https:\\\/\\\/antderground.com\\\/wp-content\\\/uploads\\\/2025\\\/04\\\/Micro-grillos-Acheta-domesticus.jpg\",\"contentUrl\":\"https:\\\/\\\/antderground.com\\\/wp-content\\\/uploads\\\/2025\\\/04\\\/Micro-grillos-Acheta-domesticus.jpg\",\"width\":2048,\"height\":2048,\"caption\":\"Micro grillons Acheta domesticus\"},{\"@type\":\"BreadcrumbList\",\"@id\":\"https:\\\/\\\/antderground.com\\\/fr\\\/produit\\\/micro-grillons-acheta-domesticus\\\/#breadcrumb\",\"itemListElement\":[{\"@type\":\"ListItem\",\"position\":1,\"name\":\"Portada\",\"item\":\"https:\\\/\\\/antderground.com\\\/fr\\\/\"},{\"@type\":\"ListItem\",\"position\":2,\"name\":\"Boutique\",\"item\":\"https:\\\/\\\/antderground.com\\\/fr\\\/boutique\\\/\"},{\"@type\":\"ListItem\",\"position\":3,\"name\":\"Micro grillons Acheta domesticus\"}]},{\"@type\":\"WebSite\",\"@id\":\"https:\\\/\\\/antderground.com\\\/fr\\\/#website\",\"url\":\"https:\\\/\\\/antderground.com\\\/fr\\\/\",\"name\":\"ANTDERGROUND\",\"description\":\"Tu tienda de hormigas, gran variedad de hormigueros acr\u00edlicos,madera,arena,3D y mas.. Pide tus hormigas gratis con tu pedido, somos expertos en hormigueros antifugas.\",\"publisher\":{\"@id\":\"https:\\\/\\\/antderground.com\\\/fr\\\/#\\\/schema\\\/person\\\/0e322c505e84fe72c65e2f6d08f96b81\"},\"alternateName\":\"Antderground\",\"potentialAction\":[{\"@type\":\"SearchAction\",\"target\":{\"@type\":\"EntryPoint\",\"urlTemplate\":\"https:\\\/\\\/antderground.com\\\/fr\\\/?s={search_term_string}\"},\"query-input\":{\"@type\":\"PropertyValueSpecification\",\"valueRequired\":true,\"valueName\":\"search_term_string\"}}],\"inLanguage\":\"fr-FR\"},{\"@type\":[\"Person\",\"Organization\"],\"@id\":\"https:\\\/\\\/antderground.com\\\/fr\\\/#\\\/schema\\\/person\\\/0e322c505e84fe72c65e2f6d08f96b81\",\"name\":\"Eric de Antderground\",\"image\":{\"@type\":\"ImageObject\",\"inLanguage\":\"fr-FR\",\"@id\":\"https:\\\/\\\/secure.gravatar.com\\\/avatar\\\/c49a1b9f79216d1498cb73c1e85cd47f4465dda35f2a94c03790d491bd4423c3?s=96&d=mm&r=g\",\"url\":\"https:\\\/\\\/secure.gravatar.com\\\/avatar\\\/c49a1b9f79216d1498cb73c1e85cd47f4465dda35f2a94c03790d491bd4423c3?s=96&d=mm&r=g\",\"contentUrl\":\"https:\\\/\\\/secure.gravatar.com\\\/avatar\\\/c49a1b9f79216d1498cb73c1e85cd47f4465dda35f2a94c03790d491bd4423c3?s=96&d=mm&r=g\",\"caption\":\"Eric de Antderground\"},\"logo\":{\"@id\":\"https:\\\/\\\/secure.gravatar.com\\\/avatar\\\/c49a1b9f79216d1498cb73c1e85cd47f4465dda35f2a94c03790d491bd4423c3?s=96&d=mm&r=g\"},\"description\":\"Eric es el especialista y fundador de Antderground, con una amplia trayectoria en artr\u00f3podos y enfocado en la mirmecolog\u00eda y el dise\u00f1o de hormigueros artificiales. Su enfoque combina la innovaci\u00f3n t\u00e9cnica con el respeto por la biolog\u00eda de las hormigas, is\u00f3podos y otros, desarrollando sistemas de nidos modulares 3D y acr\u00edlicos que son referentes para aficionados y profesionales en toda Europa. Su objetivo es facilitar la cr\u00eda de hormigas y otros artr\u00f3podos mediante soluciones seguras y divulgaci\u00f3n de calidad.\",\"sameAs\":[\"https:\\\/\\\/antderground.com\\\/\",\"https:\\\/\\\/www.youtube.com\\\/channel\\\/UCio72z7TlbufkAthAJIJfPw\"]}]}<\/script>\n<!-- \/ Yoast SEO plugin. -->","yoast_head_json":{"title":"Micro grillons Acheta domesticus | Nourriture vivante - ANTDERGROUND","description":"Achetez des micro grillons Acheta domesticus de 5 jours. Nourriture vivante riche en prot\u00e9ines, id\u00e9ale pour reptiles et amphibiens juv\u00e9niles.","robots":{"index":"index","follow":"follow","max-snippet":"max-snippet:-1","max-image-preview":"max-image-preview:large","max-video-preview":"max-video-preview:-1"},"canonical":"https:\/\/antderground.com\/fr\/produit\/micro-grillons-acheta-domesticus\/","og_locale":"fr_FR","og_type":"article","og_title":"Micro grillons Acheta domesticus | Nourriture vivante - ANTDERGROUND","og_description":"Achetez des micro grillons Acheta domesticus de 5 jours. Nourriture vivante riche en prot\u00e9ines, id\u00e9ale pour reptiles et amphibiens juv\u00e9niles.","og_url":"https:\/\/antderground.com\/fr\/produit\/micro-grillons-acheta-domesticus\/","og_site_name":"ANTDERGROUND","article_modified_time":"2025-05-29T23:14:34+00:00","og_image":[{"width":2048,"height":2048,"url":"https:\/\/antderground.com\/wp-content\/uploads\/2025\/04\/Micro-grillos-Acheta-domesticus.jpg","type":"image\/jpeg"}],"twitter_card":"summary_large_image","twitter_misc":{"Dur\u00e9e de lecture estim\u00e9e":"1 minute"},"schema":{"@context":"https:\/\/schema.org","@graph":[{"@type":"WebPage","@id":"https:\/\/antderground.com\/fr\/produit\/micro-grillons-acheta-domesticus\/","url":"https:\/\/antderground.com\/fr\/produit\/micro-grillons-acheta-domesticus\/","name":"Micro grillons Acheta domesticus | Nourriture vivante - ANTDERGROUND","isPartOf":{"@id":"https:\/\/antderground.com\/fr\/#website"},"primaryImageOfPage":{"@id":"https:\/\/antderground.com\/fr\/produit\/micro-grillons-acheta-domesticus\/#primaryimage"},"image":{"@id":"https:\/\/antderground.com\/fr\/produit\/micro-grillons-acheta-domesticus\/#primaryimage"},"thumbnailUrl":"https:\/\/antderground.com\/wp-content\/uploads\/2025\/04\/Micro-grillos-Acheta-domesticus.jpg","datePublished":"2025-04-23T15:20:32+00:00","dateModified":"2025-05-29T23:14:34+00:00","description":"Achetez des micro grillons Acheta domesticus de 5 jours. Nourriture vivante riche en prot\u00e9ines, id\u00e9ale pour reptiles et amphibiens juv\u00e9niles.","breadcrumb":{"@id":"https:\/\/antderground.com\/fr\/produit\/micro-grillons-acheta-domesticus\/#breadcrumb"},"inLanguage":"fr-FR","potentialAction":[{"@type":"ReadAction","target":["https:\/\/antderground.com\/fr\/produit\/micro-grillons-acheta-domesticus\/"]}]},{"@type":"ImageObject","inLanguage":"fr-FR","@id":"https:\/\/antderground.com\/fr\/produit\/micro-grillons-acheta-domesticus\/#primaryimage","url":"https:\/\/antderground.com\/wp-content\/uploads\/2025\/04\/Micro-grillos-Acheta-domesticus.jpg","contentUrl":"https:\/\/antderground.com\/wp-content\/uploads\/2025\/04\/Micro-grillos-Acheta-domesticus.jpg","width":2048,"height":2048,"caption":"Micro grillons Acheta domesticus"},{"@type":"BreadcrumbList","@id":"https:\/\/antderground.com\/fr\/produit\/micro-grillons-acheta-domesticus\/#breadcrumb","itemListElement":[{"@type":"ListItem","position":1,"name":"Portada","item":"https:\/\/antderground.com\/fr\/"},{"@type":"ListItem","position":2,"name":"Boutique","item":"https:\/\/antderground.com\/fr\/boutique\/"},{"@type":"ListItem","position":3,"name":"Micro grillons Acheta domesticus"}]},{"@type":"WebSite","@id":"https:\/\/antderground.com\/fr\/#website","url":"https:\/\/antderground.com\/fr\/","name":"ANTDERGROUND","description":"Tu tienda de hormigas, gran variedad de hormigueros acr\u00edlicos,madera,arena,3D y mas.. Pide tus hormigas gratis con tu pedido, somos expertos en hormigueros antifugas.","publisher":{"@id":"https:\/\/antderground.com\/fr\/#\/schema\/person\/0e322c505e84fe72c65e2f6d08f96b81"},"alternateName":"Antderground","potentialAction":[{"@type":"SearchAction","target":{"@type":"EntryPoint","urlTemplate":"https:\/\/antderground.com\/fr\/?s={search_term_string}"},"query-input":{"@type":"PropertyValueSpecification","valueRequired":true,"valueName":"search_term_string"}}],"inLanguage":"fr-FR"},{"@type":["Person","Organization"],"@id":"https:\/\/antderground.com\/fr\/#\/schema\/person\/0e322c505e84fe72c65e2f6d08f96b81","name":"Eric de Antderground","image":{"@type":"ImageObject","inLanguage":"fr-FR","@id":"https:\/\/secure.gravatar.com\/avatar\/c49a1b9f79216d1498cb73c1e85cd47f4465dda35f2a94c03790d491bd4423c3?s=96&d=mm&r=g","url":"https:\/\/secure.gravatar.com\/avatar\/c49a1b9f79216d1498cb73c1e85cd47f4465dda35f2a94c03790d491bd4423c3?s=96&d=mm&r=g","contentUrl":"https:\/\/secure.gravatar.com\/avatar\/c49a1b9f79216d1498cb73c1e85cd47f4465dda35f2a94c03790d491bd4423c3?s=96&d=mm&r=g","caption":"Eric de Antderground"},"logo":{"@id":"https:\/\/secure.gravatar.com\/avatar\/c49a1b9f79216d1498cb73c1e85cd47f4465dda35f2a94c03790d491bd4423c3?s=96&d=mm&r=g"},"description":"Eric es el especialista y fundador de Antderground, con una amplia trayectoria en artr\u00f3podos y enfocado en la mirmecolog\u00eda y el dise\u00f1o de hormigueros artificiales. Su enfoque combina la innovaci\u00f3n t\u00e9cnica con el respeto por la biolog\u00eda de las hormigas, is\u00f3podos y otros, desarrollando sistemas de nidos modulares 3D y acr\u00edlicos que son referentes para aficionados y profesionales en toda Europa. Su objetivo es facilitar la cr\u00eda de hormigas y otros artr\u00f3podos mediante soluciones seguras y divulgaci\u00f3n de calidad.","sameAs":["https:\/\/antderground.com\/","https:\/\/www.youtube.com\/channel\/UCio72z7TlbufkAthAJIJfPw"]}]}},"_links":{"self":[{"href":"https:\/\/antderground.com\/fr\/wp-json\/wp\/v2\/product\/42004","targetHints":{"allow":["GET"]}}],"collection":[{"href":"https:\/\/antderground.com\/fr\/wp-json\/wp\/v2\/product"}],"about":[{"href":"https:\/\/antderground.com\/fr\/wp-json\/wp\/v2\/types\/product"}],"version-history":[{"count":0,"href":"https:\/\/antderground.com\/fr\/wp-json\/wp\/v2\/product\/42004\/revisions"}],"wp:featuredmedia":[{"embeddable":true,"href":"https:\/\/antderground.com\/fr\/wp-json\/wp\/v2\/media\/41998"}],"wp:attachment":[{"href":"https:\/\/antderground.com\/fr\/wp-json\/wp\/v2\/media?parent=42004"}],"wp:term":[{"taxonomy":"product_brand","embeddable":true,"href":"https:\/\/antderground.com\/fr\/wp-json\/wp\/v2\/product_brand?post=42004"},{"taxonomy":"product_cat","embeddable":true,"href":"https:\/\/antderground.com\/fr\/wp-json\/wp\/v2\/product_cat?post=42004"},{"taxonomy":"product_tag","embeddable":true,"href":"https:\/\/antderground.com\/fr\/wp-json\/wp\/v2\/product_tag?post=42004"}],"curies":[{"name":"wp","href":"https:\/\/api.w.org\/{rel}","templated":true}]}}