{"id":42117,"date":"2025-04-20T22:23:39","date_gmt":"2025-04-20T20:23:39","guid":{"rendered":"https:\/\/www.antderground.com\/producto\/echeveria-pulidonis\/"},"modified":"2025-04-29T10:07:26","modified_gmt":"2025-04-29T08:07:26","slug":"echeveria-pulidonis","status":"publish","type":"product","link":"https:\/\/antderground.com\/fr\/produit\/echeveria-pulidonis\/","title":{"rendered":"Echeveria Pulidonis"},"content":{"rendered":"<h3 class=\"\" data-start=\"110\" data-end=\"154\">\ud83c\udf35 Fiche Technique \u2013 Echeveria pulidonis<\/h3>\n<p class=\"\" data-start=\"156\" data-end=\"318\"><strong data-start=\"156\" data-end=\"172\">Nom commun :<\/strong> Echeveria<br data-start=\"182\" data-end=\"185\" \/><strong data-start=\"185\" data-end=\"207\">Nom scientifique :<\/strong> <em data-start=\"208\" data-end=\"229\">Echeveria pulidonis<\/em><br data-start=\"229\" data-end=\"232\" \/><strong data-start=\"232\" data-end=\"245\">Famille :<\/strong> Crassulac\u00e9es (Crassulaceae)<br data-start=\"273\" data-end=\"276\" \/><strong data-start=\"276\" data-end=\"289\">Origine :<\/strong> Mexique et Am\u00e9rique centrale<\/p>\n<h3 class=\"\" data-start=\"325\" data-end=\"343\">\ud83e\udeb4 Description<\/h3>\n<p class=\"\" data-start=\"345\" data-end=\"696\">L\u2019<em data-start=\"347\" data-end=\"368\">Echeveria pulidonis<\/em> est une plante succulente vivace tr\u00e8s appr\u00e9ci\u00e9e pour sa rosette compacte aux feuilles charnues vert bleu\u00e2tre aux bords rouges. Cette coloration s\u2019accentue avec l\u2019exposition au soleil. De croissance lente et de taille moyenne, elle est id\u00e9ale pour les pots d\u00e9coratifs, les jardins de rocaille ou les compositions de succulentes.<\/p>\n<h3 class=\"\" data-start=\"703\" data-end=\"717\">\u2600\ufe0f Lumi\u00e8re<\/h3>\n<ul data-start=\"719\" data-end=\"914\">\n<li class=\"\" data-start=\"719\" data-end=\"767\">\n<p class=\"\" data-start=\"721\" data-end=\"767\">N\u00e9cessite <strong data-start=\"731\" data-end=\"764\">beaucoup de lumi\u00e8re naturelle<\/strong>.<\/p>\n<\/li>\n<li class=\"\" data-start=\"768\" data-end=\"851\">\n<p class=\"\" data-start=\"770\" data-end=\"851\">Pr\u00e9f\u00e8re une <strong data-start=\"782\" data-end=\"814\">exposition directe au soleil<\/strong> pendant plusieurs heures par jour.<\/p>\n<\/li>\n<li class=\"\" data-start=\"852\" data-end=\"914\">\n<p class=\"\" data-start=\"854\" data-end=\"914\">\u00c0 l\u2019int\u00e9rieur, placer pr\u00e8s d\u2019une <strong data-start=\"887\" data-end=\"913\">fen\u00eatre tr\u00e8s lumineuse<\/strong>.<\/p>\n<\/li>\n<\/ul>\n<h3 class=\"\" data-start=\"921\" data-end=\"936\">\ud83d\udca7 Arrosage<\/h3>\n<ul data-start=\"938\" data-end=\"1118\">\n<li class=\"\" data-start=\"938\" data-end=\"1004\">\n<p class=\"\" data-start=\"940\" data-end=\"1004\">Arroser uniquement lorsque le substrat est <strong data-start=\"983\" data-end=\"1001\">totalement sec<\/strong>.<\/p>\n<\/li>\n<li class=\"\" data-start=\"1005\" data-end=\"1040\">\n<p class=\"\" data-start=\"1007\" data-end=\"1040\">R\u00e9duire les arrosages en hiver.<\/p>\n<\/li>\n<li class=\"\" data-start=\"1041\" data-end=\"1118\">\n<p class=\"\" data-start=\"1043\" data-end=\"1118\"><strong data-start=\"1043\" data-end=\"1069\">\u00c9viter les exc\u00e8s d\u2019eau<\/strong> qui peuvent provoquer la pourriture des racines.<\/p>\n<\/li>\n<\/ul>\n<h3 class=\"\" data-start=\"1125\" data-end=\"1144\">\ud83c\udf21\ufe0f Temp\u00e9rature<\/h3>\n<ul data-start=\"1146\" data-end=\"1308\">\n<li class=\"\" data-start=\"1146\" data-end=\"1189\">\n<p class=\"\" data-start=\"1148\" data-end=\"1189\">Temp\u00e9rature id\u00e9ale : <strong data-start=\"1169\" data-end=\"1186\">15\u202f\u00b0C \u00e0 26\u202f\u00b0C<\/strong>.<\/p>\n<\/li>\n<li class=\"\" data-start=\"1190\" data-end=\"1250\">\n<p class=\"\" data-start=\"1192\" data-end=\"1250\">Supporte des temp\u00e9ratures plus \u00e9lev\u00e9es si bien ventil\u00e9e.<\/p>\n<\/li>\n<li class=\"\" data-start=\"1251\" data-end=\"1308\">\n<p class=\"\" data-start=\"1253\" data-end=\"1308\">Ne tol\u00e8re pas le gel : prot\u00e9ger en dessous de <strong data-start=\"1299\" data-end=\"1307\">5\u202f\u00b0C<\/strong>.<\/p>\n<\/li>\n<\/ul>\n<h3 class=\"\" data-start=\"1315\" data-end=\"1330\">\ud83c\udf31 Substrat<\/h3>\n<ul data-start=\"1332\" data-end=\"1460\">\n<li class=\"\" data-start=\"1332\" data-end=\"1393\">\n<p class=\"\" data-start=\"1334\" data-end=\"1393\">Terreau tr\u00e8s drainant, sp\u00e9cial plantes grasses ou cactus.<\/p>\n<\/li>\n<li class=\"\" data-start=\"1394\" data-end=\"1460\">\n<p class=\"\" data-start=\"1396\" data-end=\"1460\">Id\u00e9al : m\u00e9lange de terreau universel, sable grossier et perlite.<\/p>\n<\/li>\n<\/ul>\n<h3 class=\"\" data-start=\"1467\" data-end=\"1487\">\ud83e\uddea Fertilisation<\/h3>\n<ul data-start=\"1489\" data-end=\"1621\">\n<li class=\"\" data-start=\"1489\" data-end=\"1591\">\n<p class=\"\" data-start=\"1491\" data-end=\"1591\">Fertiliser au printemps et en \u00e9t\u00e9 avec un engrais pour succulentes, toutes les <strong data-start=\"1570\" data-end=\"1588\">4 \u00e0 6 semaines<\/strong>.<\/p>\n<\/li>\n<li class=\"\" data-start=\"1592\" data-end=\"1621\">\n<p class=\"\" data-start=\"1594\" data-end=\"1621\">Ne pas fertiliser en hiver.<\/p>\n<\/li>\n<\/ul>\n<h3 class=\"\" data-start=\"1628\" data-end=\"1644\">\ud83c\udf38 Floraison<\/h3>\n<ul data-start=\"1646\" data-end=\"1747\">\n<li class=\"\" data-start=\"1646\" data-end=\"1683\">\n<p class=\"\" data-start=\"1648\" data-end=\"1683\">Floraison au printemps ou en \u00e9t\u00e9.<\/p>\n<\/li>\n<li class=\"\" data-start=\"1684\" data-end=\"1747\">\n<p class=\"\" data-start=\"1686\" data-end=\"1747\">Hampes florales portant de petites fleurs jaunes ou orang\u00e9es.<\/p>\n<\/li>\n<\/ul>\n<h3 class=\"\" data-start=\"1754\" data-end=\"1773\">\u267b\ufe0f Reproduction<\/h3>\n<ul data-start=\"1775\" data-end=\"1938\">\n<li class=\"\" data-start=\"1775\" data-end=\"1828\">\n<p class=\"\" data-start=\"1777\" data-end=\"1828\">Par <strong data-start=\"1781\" data-end=\"1791\">rejets<\/strong> produits autour de la plante m\u00e8re.<\/p>\n<\/li>\n<li class=\"\" data-start=\"1829\" data-end=\"1889\">\n<p class=\"\" data-start=\"1831\" data-end=\"1889\">\u00c9galement par <strong data-start=\"1845\" data-end=\"1870\">bouturage de feuilles<\/strong>, plus lentement.<\/p>\n<\/li>\n<li class=\"\" data-start=\"1890\" data-end=\"1938\">\n<p class=\"\" data-start=\"1892\" data-end=\"1938\">Laisser s\u00e9cher la bouture avant de la planter.<\/p>\n<\/li>\n<\/ul>\n<h3 class=\"\" data-start=\"1945\" data-end=\"1960\">\ud83d\udc3e S\u00e9curit\u00e9<\/h3>\n<ul data-start=\"1962\" data-end=\"2012\">\n<li class=\"\" data-start=\"1962\" data-end=\"2012\">\n<p class=\"\" data-start=\"1964\" data-end=\"2012\"><strong data-start=\"1964\" data-end=\"1979\">Non toxique<\/strong> pour les animaux.<\/p>\n<\/li>\n<\/ul>\n","protected":false},"excerpt":{"rendered":"<p class=\"\" data-start=\"2064\" data-end=\"2215\">Echeveria pulidonis, une succulente robuste aux feuilles vert bleu\u00e2tre et bords rouges. Facile \u00e0 entretenir, parfaite pour illuminer vos espaces ! \ud83c\udf3f\ud83d\ude09<\/p>\n","protected":false},"featured_media":41916,"template":"","meta":[],"product_brand":[],"product_cat":[637],"product_tag":[],"class_list":{"0":"post-42117","1":"product","2":"type-product","3":"status-publish","4":"has-post-thumbnail","6":"product_cat-plantes-naturelles","8":"first","9":"instock","10":"shipping-taxable","11":"purchasable","12":"product-type-variable"},"yoast_head":"<!-- This site is optimized with the Yoast SEO plugin v27.4 - https:\/\/yoast.com\/product\/yoast-seo-wordpress\/ -->\n<title>Echeveria Pulidonis | Succulente facile \u00e0 entretenir - ANTDERGROUND<\/title>\n<meta name=\"description\" content=\"D\u00e9couvrez l&#039;Echeveria pulidonis \ud83c\udf35, une succulente r\u00e9sistante aux feuilles vertes et rouges. Id\u00e9ale pour la maison ou le jardin.\" \/>\n<meta name=\"robots\" content=\"index, follow, max-snippet:-1, max-image-preview:large, max-video-preview:-1\" \/>\n<link rel=\"canonical\" href=\"https:\/\/antderground.com\/fr\/produit\/echeveria-pulidonis\/\" \/>\n<meta property=\"og:locale\" content=\"fr_FR\" \/>\n<meta property=\"og:type\" content=\"article\" \/>\n<meta property=\"og:title\" content=\"Echeveria Pulidonis | Succulente facile \u00e0 entretenir - ANTDERGROUND\" \/>\n<meta property=\"og:description\" content=\"D\u00e9couvrez l&#039;Echeveria pulidonis \ud83c\udf35, une succulente r\u00e9sistante aux feuilles vertes et rouges. Id\u00e9ale pour la maison ou le jardin.\" \/>\n<meta property=\"og:url\" content=\"https:\/\/antderground.com\/fr\/produit\/echeveria-pulidonis\/\" \/>\n<meta property=\"og:site_name\" content=\"ANTDERGROUND\" \/>\n<meta property=\"article:modified_time\" content=\"2025-04-29T08:07:26+00:00\" \/>\n<meta property=\"og:image\" content=\"https:\/\/antderground.com\/wp-content\/uploads\/2025\/04\/Echeveria-Pulidonis.jpg\" \/>\n\t<meta property=\"og:image:width\" content=\"1280\" \/>\n\t<meta property=\"og:image:height\" content=\"1280\" \/>\n\t<meta property=\"og:image:type\" content=\"image\/jpeg\" \/>\n<meta name=\"twitter:card\" content=\"summary_large_image\" \/>\n<meta name=\"twitter:label1\" content=\"Dur\u00e9e de lecture estim\u00e9e\" \/>\n\t<meta name=\"twitter:data1\" content=\"1 minute\" \/>\n<script type=\"application\/ld+json\" class=\"yoast-schema-graph\">{\"@context\":\"https:\\\/\\\/schema.org\",\"@graph\":[{\"@type\":\"WebPage\",\"@id\":\"https:\\\/\\\/antderground.com\\\/fr\\\/produit\\\/echeveria-pulidonis\\\/\",\"url\":\"https:\\\/\\\/antderground.com\\\/fr\\\/produit\\\/echeveria-pulidonis\\\/\",\"name\":\"Echeveria Pulidonis | Succulente facile \u00e0 entretenir - ANTDERGROUND\",\"isPartOf\":{\"@id\":\"https:\\\/\\\/antderground.com\\\/fr\\\/#website\"},\"primaryImageOfPage\":{\"@id\":\"https:\\\/\\\/antderground.com\\\/fr\\\/produit\\\/echeveria-pulidonis\\\/#primaryimage\"},\"image\":{\"@id\":\"https:\\\/\\\/antderground.com\\\/fr\\\/produit\\\/echeveria-pulidonis\\\/#primaryimage\"},\"thumbnailUrl\":\"https:\\\/\\\/antderground.com\\\/wp-content\\\/uploads\\\/2025\\\/04\\\/Echeveria-Pulidonis.jpg\",\"datePublished\":\"2025-04-20T20:23:39+00:00\",\"dateModified\":\"2025-04-29T08:07:26+00:00\",\"description\":\"D\u00e9couvrez l'Echeveria pulidonis \ud83c\udf35, une succulente r\u00e9sistante aux feuilles vertes et rouges. Id\u00e9ale pour la maison ou le jardin.\",\"breadcrumb\":{\"@id\":\"https:\\\/\\\/antderground.com\\\/fr\\\/produit\\\/echeveria-pulidonis\\\/#breadcrumb\"},\"inLanguage\":\"fr-FR\",\"potentialAction\":[{\"@type\":\"ReadAction\",\"target\":[\"https:\\\/\\\/antderground.com\\\/fr\\\/produit\\\/echeveria-pulidonis\\\/\"]}]},{\"@type\":\"ImageObject\",\"inLanguage\":\"fr-FR\",\"@id\":\"https:\\\/\\\/antderground.com\\\/fr\\\/produit\\\/echeveria-pulidonis\\\/#primaryimage\",\"url\":\"https:\\\/\\\/antderground.com\\\/wp-content\\\/uploads\\\/2025\\\/04\\\/Echeveria-Pulidonis.jpg\",\"contentUrl\":\"https:\\\/\\\/antderground.com\\\/wp-content\\\/uploads\\\/2025\\\/04\\\/Echeveria-Pulidonis.jpg\",\"width\":1280,\"height\":1280,\"caption\":\"Echeveria Pulidonis\"},{\"@type\":\"BreadcrumbList\",\"@id\":\"https:\\\/\\\/antderground.com\\\/fr\\\/produit\\\/echeveria-pulidonis\\\/#breadcrumb\",\"itemListElement\":[{\"@type\":\"ListItem\",\"position\":1,\"name\":\"Portada\",\"item\":\"https:\\\/\\\/antderground.com\\\/fr\\\/\"},{\"@type\":\"ListItem\",\"position\":2,\"name\":\"Boutique\",\"item\":\"https:\\\/\\\/antderground.com\\\/fr\\\/boutique\\\/\"},{\"@type\":\"ListItem\",\"position\":3,\"name\":\"Echeveria Pulidonis\"}]},{\"@type\":\"WebSite\",\"@id\":\"https:\\\/\\\/antderground.com\\\/fr\\\/#website\",\"url\":\"https:\\\/\\\/antderground.com\\\/fr\\\/\",\"name\":\"ANTDERGROUND\",\"description\":\"Tu tienda de hormigas, gran variedad de hormigueros acr\u00edlicos,madera,arena,3D y mas.. Pide tus hormigas gratis con tu pedido, somos expertos en hormigueros antifugas.\",\"publisher\":{\"@id\":\"https:\\\/\\\/antderground.com\\\/fr\\\/#\\\/schema\\\/person\\\/0e322c505e84fe72c65e2f6d08f96b81\"},\"alternateName\":\"Antderground\",\"potentialAction\":[{\"@type\":\"SearchAction\",\"target\":{\"@type\":\"EntryPoint\",\"urlTemplate\":\"https:\\\/\\\/antderground.com\\\/fr\\\/?s={search_term_string}\"},\"query-input\":{\"@type\":\"PropertyValueSpecification\",\"valueRequired\":true,\"valueName\":\"search_term_string\"}}],\"inLanguage\":\"fr-FR\"},{\"@type\":[\"Person\",\"Organization\"],\"@id\":\"https:\\\/\\\/antderground.com\\\/fr\\\/#\\\/schema\\\/person\\\/0e322c505e84fe72c65e2f6d08f96b81\",\"name\":\"Eric de Antderground\",\"image\":{\"@type\":\"ImageObject\",\"inLanguage\":\"fr-FR\",\"@id\":\"https:\\\/\\\/secure.gravatar.com\\\/avatar\\\/c49a1b9f79216d1498cb73c1e85cd47f4465dda35f2a94c03790d491bd4423c3?s=96&d=mm&r=g\",\"url\":\"https:\\\/\\\/secure.gravatar.com\\\/avatar\\\/c49a1b9f79216d1498cb73c1e85cd47f4465dda35f2a94c03790d491bd4423c3?s=96&d=mm&r=g\",\"contentUrl\":\"https:\\\/\\\/secure.gravatar.com\\\/avatar\\\/c49a1b9f79216d1498cb73c1e85cd47f4465dda35f2a94c03790d491bd4423c3?s=96&d=mm&r=g\",\"caption\":\"Eric de Antderground\"},\"logo\":{\"@id\":\"https:\\\/\\\/secure.gravatar.com\\\/avatar\\\/c49a1b9f79216d1498cb73c1e85cd47f4465dda35f2a94c03790d491bd4423c3?s=96&d=mm&r=g\"},\"description\":\"Eric es el especialista y fundador de Antderground, con una amplia trayectoria en artr\u00f3podos y enfocado en la mirmecolog\u00eda y el dise\u00f1o de hormigueros artificiales. Su enfoque combina la innovaci\u00f3n t\u00e9cnica con el respeto por la biolog\u00eda de las hormigas, is\u00f3podos y otros, desarrollando sistemas de nidos modulares 3D y acr\u00edlicos que son referentes para aficionados y profesionales en toda Europa. Su objetivo es facilitar la cr\u00eda de hormigas y otros artr\u00f3podos mediante soluciones seguras y divulgaci\u00f3n de calidad.\",\"sameAs\":[\"https:\\\/\\\/antderground.com\\\/\",\"https:\\\/\\\/www.youtube.com\\\/channel\\\/UCio72z7TlbufkAthAJIJfPw\"]}]}<\/script>\n<!-- \/ Yoast SEO plugin. -->","yoast_head_json":{"title":"Echeveria Pulidonis | Succulente facile \u00e0 entretenir - ANTDERGROUND","description":"D\u00e9couvrez l'Echeveria pulidonis \ud83c\udf35, une succulente r\u00e9sistante aux feuilles vertes et rouges. Id\u00e9ale pour la maison ou le jardin.","robots":{"index":"index","follow":"follow","max-snippet":"max-snippet:-1","max-image-preview":"max-image-preview:large","max-video-preview":"max-video-preview:-1"},"canonical":"https:\/\/antderground.com\/fr\/produit\/echeveria-pulidonis\/","og_locale":"fr_FR","og_type":"article","og_title":"Echeveria Pulidonis | Succulente facile \u00e0 entretenir - ANTDERGROUND","og_description":"D\u00e9couvrez l'Echeveria pulidonis \ud83c\udf35, une succulente r\u00e9sistante aux feuilles vertes et rouges. Id\u00e9ale pour la maison ou le jardin.","og_url":"https:\/\/antderground.com\/fr\/produit\/echeveria-pulidonis\/","og_site_name":"ANTDERGROUND","article_modified_time":"2025-04-29T08:07:26+00:00","og_image":[{"width":1280,"height":1280,"url":"https:\/\/antderground.com\/wp-content\/uploads\/2025\/04\/Echeveria-Pulidonis.jpg","type":"image\/jpeg"}],"twitter_card":"summary_large_image","twitter_misc":{"Dur\u00e9e de lecture estim\u00e9e":"1 minute"},"schema":{"@context":"https:\/\/schema.org","@graph":[{"@type":"WebPage","@id":"https:\/\/antderground.com\/fr\/produit\/echeveria-pulidonis\/","url":"https:\/\/antderground.com\/fr\/produit\/echeveria-pulidonis\/","name":"Echeveria Pulidonis | Succulente facile \u00e0 entretenir - ANTDERGROUND","isPartOf":{"@id":"https:\/\/antderground.com\/fr\/#website"},"primaryImageOfPage":{"@id":"https:\/\/antderground.com\/fr\/produit\/echeveria-pulidonis\/#primaryimage"},"image":{"@id":"https:\/\/antderground.com\/fr\/produit\/echeveria-pulidonis\/#primaryimage"},"thumbnailUrl":"https:\/\/antderground.com\/wp-content\/uploads\/2025\/04\/Echeveria-Pulidonis.jpg","datePublished":"2025-04-20T20:23:39+00:00","dateModified":"2025-04-29T08:07:26+00:00","description":"D\u00e9couvrez l'Echeveria pulidonis \ud83c\udf35, une succulente r\u00e9sistante aux feuilles vertes et rouges. Id\u00e9ale pour la maison ou le jardin.","breadcrumb":{"@id":"https:\/\/antderground.com\/fr\/produit\/echeveria-pulidonis\/#breadcrumb"},"inLanguage":"fr-FR","potentialAction":[{"@type":"ReadAction","target":["https:\/\/antderground.com\/fr\/produit\/echeveria-pulidonis\/"]}]},{"@type":"ImageObject","inLanguage":"fr-FR","@id":"https:\/\/antderground.com\/fr\/produit\/echeveria-pulidonis\/#primaryimage","url":"https:\/\/antderground.com\/wp-content\/uploads\/2025\/04\/Echeveria-Pulidonis.jpg","contentUrl":"https:\/\/antderground.com\/wp-content\/uploads\/2025\/04\/Echeveria-Pulidonis.jpg","width":1280,"height":1280,"caption":"Echeveria Pulidonis"},{"@type":"BreadcrumbList","@id":"https:\/\/antderground.com\/fr\/produit\/echeveria-pulidonis\/#breadcrumb","itemListElement":[{"@type":"ListItem","position":1,"name":"Portada","item":"https:\/\/antderground.com\/fr\/"},{"@type":"ListItem","position":2,"name":"Boutique","item":"https:\/\/antderground.com\/fr\/boutique\/"},{"@type":"ListItem","position":3,"name":"Echeveria Pulidonis"}]},{"@type":"WebSite","@id":"https:\/\/antderground.com\/fr\/#website","url":"https:\/\/antderground.com\/fr\/","name":"ANTDERGROUND","description":"Tu tienda de hormigas, gran variedad de hormigueros acr\u00edlicos,madera,arena,3D y mas.. Pide tus hormigas gratis con tu pedido, somos expertos en hormigueros antifugas.","publisher":{"@id":"https:\/\/antderground.com\/fr\/#\/schema\/person\/0e322c505e84fe72c65e2f6d08f96b81"},"alternateName":"Antderground","potentialAction":[{"@type":"SearchAction","target":{"@type":"EntryPoint","urlTemplate":"https:\/\/antderground.com\/fr\/?s={search_term_string}"},"query-input":{"@type":"PropertyValueSpecification","valueRequired":true,"valueName":"search_term_string"}}],"inLanguage":"fr-FR"},{"@type":["Person","Organization"],"@id":"https:\/\/antderground.com\/fr\/#\/schema\/person\/0e322c505e84fe72c65e2f6d08f96b81","name":"Eric de Antderground","image":{"@type":"ImageObject","inLanguage":"fr-FR","@id":"https:\/\/secure.gravatar.com\/avatar\/c49a1b9f79216d1498cb73c1e85cd47f4465dda35f2a94c03790d491bd4423c3?s=96&d=mm&r=g","url":"https:\/\/secure.gravatar.com\/avatar\/c49a1b9f79216d1498cb73c1e85cd47f4465dda35f2a94c03790d491bd4423c3?s=96&d=mm&r=g","contentUrl":"https:\/\/secure.gravatar.com\/avatar\/c49a1b9f79216d1498cb73c1e85cd47f4465dda35f2a94c03790d491bd4423c3?s=96&d=mm&r=g","caption":"Eric de Antderground"},"logo":{"@id":"https:\/\/secure.gravatar.com\/avatar\/c49a1b9f79216d1498cb73c1e85cd47f4465dda35f2a94c03790d491bd4423c3?s=96&d=mm&r=g"},"description":"Eric es el especialista y fundador de Antderground, con una amplia trayectoria en artr\u00f3podos y enfocado en la mirmecolog\u00eda y el dise\u00f1o de hormigueros artificiales. Su enfoque combina la innovaci\u00f3n t\u00e9cnica con el respeto por la biolog\u00eda de las hormigas, is\u00f3podos y otros, desarrollando sistemas de nidos modulares 3D y acr\u00edlicos que son referentes para aficionados y profesionales en toda Europa. Su objetivo es facilitar la cr\u00eda de hormigas y otros artr\u00f3podos mediante soluciones seguras y divulgaci\u00f3n de calidad.","sameAs":["https:\/\/antderground.com\/","https:\/\/www.youtube.com\/channel\/UCio72z7TlbufkAthAJIJfPw"]}]}},"_links":{"self":[{"href":"https:\/\/antderground.com\/fr\/wp-json\/wp\/v2\/product\/42117","targetHints":{"allow":["GET"]}}],"collection":[{"href":"https:\/\/antderground.com\/fr\/wp-json\/wp\/v2\/product"}],"about":[{"href":"https:\/\/antderground.com\/fr\/wp-json\/wp\/v2\/types\/product"}],"version-history":[{"count":0,"href":"https:\/\/antderground.com\/fr\/wp-json\/wp\/v2\/product\/42117\/revisions"}],"wp:featuredmedia":[{"embeddable":true,"href":"https:\/\/antderground.com\/fr\/wp-json\/wp\/v2\/media\/41916"}],"wp:attachment":[{"href":"https:\/\/antderground.com\/fr\/wp-json\/wp\/v2\/media?parent=42117"}],"wp:term":[{"taxonomy":"product_brand","embeddable":true,"href":"https:\/\/antderground.com\/fr\/wp-json\/wp\/v2\/product_brand?post=42117"},{"taxonomy":"product_cat","embeddable":true,"href":"https:\/\/antderground.com\/fr\/wp-json\/wp\/v2\/product_cat?post=42117"},{"taxonomy":"product_tag","embeddable":true,"href":"https:\/\/antderground.com\/fr\/wp-json\/wp\/v2\/product_tag?post=42117"}],"curies":[{"name":"wp","href":"https:\/\/api.w.org\/{rel}","templated":true}]}}