{"id":42151,"date":"2025-04-18T21:03:52","date_gmt":"2025-04-18T19:03:52","guid":{"rendered":"https:\/\/www.antderground.com\/producto\/pleiospilos-nelii\/"},"modified":"2025-05-27T13:23:10","modified_gmt":"2025-05-27T11:23:10","slug":"pleiospilos-nelii","status":"publish","type":"product","link":"https:\/\/antderground.com\/fr\/produit\/pleiospilos-nelii\/","title":{"rendered":"Pleiospilos nelii"},"content":{"rendered":"<h3 class=\"\" data-start=\"167\" data-end=\"211\">\ud83c\udf3f Fiche technique \u2013 <em data-start=\"192\" data-end=\"211\">Pleiospilos nelii<\/em><\/h3>\n<p class=\"\" data-start=\"213\" data-end=\"360\"><strong data-start=\"213\" data-end=\"229\">Nom commun :<\/strong> Plante pierre, pierre fendue<br data-start=\"258\" data-end=\"261\" \/><strong data-start=\"261\" data-end=\"283\">Nom scientifique :<\/strong> <em data-start=\"284\" data-end=\"303\">Pleiospilos nelii<\/em><br data-start=\"303\" data-end=\"306\" \/><strong data-start=\"306\" data-end=\"319\">Famille :<\/strong> Aizoaceae<br data-start=\"329\" data-end=\"332\" \/><strong data-start=\"332\" data-end=\"345\">Origine :<\/strong> Afrique du Sud<\/p>\n<h3 class=\"\" data-start=\"362\" data-end=\"382\">\ud83d\udcdd Description<\/h3>\n<p class=\"\" data-start=\"383\" data-end=\"887\"><em data-start=\"383\" data-end=\"402\">Pleiospilos nelii<\/em> est une succulente vivace tr\u00e8s originale, ressemblant \u00e0 une pierre fendue en deux. Cet aspect min\u00e9ral lui permet de se camoufler naturellement dans son habitat. Appr\u00e9ci\u00e9e pour sa raret\u00e9 et son esth\u00e9tique, elle est parfaite pour les collections ou les jardins secs. Elle produit une \u00e0 deux feuilles \u00e9paisses, arrondies, de couleur vert gris\u00e2tre mouchet\u00e9es de taches fonc\u00e9es. En fin d\u2019hiver ou au printemps, elle offre une grande fleur solitaire en forme de marguerite, jaune \u00e0 orang\u00e9e.<\/p>\n<h3 class=\"\" data-start=\"889\" data-end=\"920\">\ud83c\udf1e Lumi\u00e8re et emplacement<\/h3>\n<p class=\"\" data-start=\"921\" data-end=\"1108\"><strong data-start=\"921\" data-end=\"934\">Lumi\u00e8re :<\/strong> Exposition tr\u00e8s lumineuse. Soleil direct tol\u00e9r\u00e9, sauf aux heures les plus chaudes.<br data-start=\"1017\" data-end=\"1020\" \/><strong data-start=\"1020\" data-end=\"1037\">Emplacement :<\/strong> \u00c0 l\u2019ext\u00e9rieur dans les r\u00e9gions chaudes, ou en int\u00e9rieur tr\u00e8s lumineux.<\/p>\n<h3 class=\"\" data-start=\"1110\" data-end=\"1127\">\ud83d\udca7 Arrosage<\/h3>\n<p class=\"\" data-start=\"1128\" data-end=\"1367\"><strong data-start=\"1128\" data-end=\"1143\">Fr\u00e9quence :<\/strong> Tr\u00e8s faible. Arroser uniquement lorsque le substrat est compl\u00e8tement sec.<br data-start=\"1217\" data-end=\"1220\" \/><strong data-start=\"1220\" data-end=\"1241\">Repos v\u00e9g\u00e9tatif :<\/strong> R\u00e9duire voire suspendre les arrosages en hiver.<br data-start=\"1289\" data-end=\"1292\" \/><strong data-start=\"1292\" data-end=\"1307\">Attention :<\/strong> Sensible \u00e0 l\u2019exc\u00e8s d\u2019eau, qui peut provoquer la pourriture.<\/p>\n<h3 class=\"\" data-start=\"1369\" data-end=\"1390\">\ud83c\udf21\ufe0f Temp\u00e9rature<\/h3>\n<p class=\"\" data-start=\"1391\" data-end=\"1485\"><strong data-start=\"1391\" data-end=\"1403\">Id\u00e9ale :<\/strong> Entre 18 \u00b0C et 28 \u00b0C<br data-start=\"1424\" data-end=\"1427\" \/><strong data-start=\"1427\" data-end=\"1449\">Minimale tol\u00e9r\u00e9e :<\/strong> 5 \u00b0C (hors gel). Prot\u00e9ger du froid.<\/p>\n<h3 class=\"\" data-start=\"1487\" data-end=\"1504\">\ud83c\udf31 Substrat<\/h3>\n<p class=\"\" data-start=\"1505\" data-end=\"1652\">Substrat tr\u00e8s drainant, adapt\u00e9 aux cactus et plantes grasses.<br data-start=\"1566\" data-end=\"1569\" \/>Un m\u00e9lange de terre universelle, sable grossier, perlite ou gravier est recommand\u00e9.<\/p>\n<h3 class=\"\" data-start=\"1654\" data-end=\"1672\">\ud83c\udf3c Floraison<\/h3>\n<p class=\"\" data-start=\"1673\" data-end=\"1850\"><strong data-start=\"1673\" data-end=\"1686\">P\u00e9riode :<\/strong> Fin de l\u2019hiver ou d\u00e9but du printemps<br data-start=\"1723\" data-end=\"1726\" \/><strong data-start=\"1726\" data-end=\"1739\">Couleur :<\/strong> Jaune vif, parfois orang\u00e9e<br data-start=\"1766\" data-end=\"1769\" \/><strong data-start=\"1769\" data-end=\"1788\">Particularit\u00e9 :<\/strong> Fleurs disproportionn\u00e9es par rapport \u00e0 la taille de la plante<\/p>\n<h3 class=\"\" data-start=\"1852\" data-end=\"1875\">\ud83c\udf3e Multiplication<\/h3>\n<p class=\"\" data-start=\"1876\" data-end=\"2008\"><strong data-start=\"1876\" data-end=\"1893\">Par graines :<\/strong> Le plus courant. Germination en 1 \u00e0 3 semaines<br data-start=\"1940\" data-end=\"1943\" \/><strong data-start=\"1943\" data-end=\"1961\">Par division :<\/strong> Possible si la plante forme plusieurs rosettes<\/p>\n<h3 class=\"\" data-start=\"2010\" data-end=\"2027\">\ud83d\udc36 Toxicit\u00e9<\/h3>\n<p class=\"\" data-start=\"2028\" data-end=\"2154\"><strong data-start=\"2028\" data-end=\"2045\">Non toxique :<\/strong> Sans danger pour les animaux.<br data-start=\"2089\" data-end=\"2092\" \/><strong data-start=\"2092\" data-end=\"2106\">Remarque :<\/strong> Ne pas ing\u00e9rer malgr\u00e9 son apparence inoffensive.<\/p>\n","protected":false},"excerpt":{"rendered":"<p class=\"\" data-start=\"2207\" data-end=\"2391\">Une succulente rare qui ressemble \u00e0 une pierre fendue ! <em data-start=\"2263\" data-end=\"2282\">Pleiospilos nelii<\/em> s\u00e9duit avec sa forme originale et sa fleur jaune \u00e9clatante \ud83c\udf3c Parfaite en int\u00e9rieur lumineux ou en rocaille.<\/p>\n","protected":false},"featured_media":41893,"template":"","meta":[],"product_brand":[],"product_cat":[637],"product_tag":[],"class_list":{"0":"post-42151","1":"product","2":"type-product","3":"status-publish","4":"has-post-thumbnail","6":"product_cat-plantes-naturelles","8":"first","9":"outofstock","10":"shipping-taxable","11":"purchasable","12":"product-type-simple"},"yoast_head":"<!-- This site is optimized with the Yoast SEO plugin v27.4 - https:\/\/yoast.com\/product\/yoast-seo-wordpress\/ -->\n<title>Pleiospilos nelii | Plante succulente - ANTDERGROUND<\/title>\n<meta name=\"description\" content=\"Adoptez la succulente Pleiospilos nelii, une plante pierre \u00e9tonnante \u00e0 fleur jaune \ud83c\udf3f Id\u00e9ale en int\u00e9rieur lumineux ou en serre.\" \/>\n<meta name=\"robots\" content=\"index, follow, max-snippet:-1, max-image-preview:large, max-video-preview:-1\" \/>\n<link rel=\"canonical\" href=\"https:\/\/antderground.com\/fr\/produit\/pleiospilos-nelii\/\" \/>\n<meta property=\"og:locale\" content=\"fr_FR\" \/>\n<meta property=\"og:type\" content=\"article\" \/>\n<meta property=\"og:title\" content=\"Pleiospilos nelii | Plante succulente - ANTDERGROUND\" \/>\n<meta property=\"og:description\" content=\"Adoptez la succulente Pleiospilos nelii, une plante pierre \u00e9tonnante \u00e0 fleur jaune \ud83c\udf3f Id\u00e9ale en int\u00e9rieur lumineux ou en serre.\" \/>\n<meta property=\"og:url\" content=\"https:\/\/antderground.com\/fr\/produit\/pleiospilos-nelii\/\" \/>\n<meta property=\"og:site_name\" content=\"ANTDERGROUND\" \/>\n<meta property=\"article:modified_time\" content=\"2025-05-27T11:23:10+00:00\" \/>\n<meta property=\"og:image\" content=\"https:\/\/antderground.com\/wp-content\/uploads\/2025\/04\/imatge1.jpg\" \/>\n\t<meta property=\"og:image:width\" content=\"1280\" \/>\n\t<meta property=\"og:image:height\" content=\"1280\" \/>\n\t<meta property=\"og:image:type\" content=\"image\/jpeg\" \/>\n<meta name=\"twitter:card\" content=\"summary_large_image\" \/>\n<meta name=\"twitter:label1\" content=\"Dur\u00e9e de lecture estim\u00e9e\" \/>\n\t<meta name=\"twitter:data1\" content=\"1 minute\" \/>\n<script type=\"application\/ld+json\" class=\"yoast-schema-graph\">{\"@context\":\"https:\\\/\\\/schema.org\",\"@graph\":[{\"@type\":\"WebPage\",\"@id\":\"https:\\\/\\\/antderground.com\\\/fr\\\/produit\\\/pleiospilos-nelii\\\/\",\"url\":\"https:\\\/\\\/antderground.com\\\/fr\\\/produit\\\/pleiospilos-nelii\\\/\",\"name\":\"Pleiospilos nelii | Plante succulente - ANTDERGROUND\",\"isPartOf\":{\"@id\":\"https:\\\/\\\/antderground.com\\\/fr\\\/#website\"},\"primaryImageOfPage\":{\"@id\":\"https:\\\/\\\/antderground.com\\\/fr\\\/produit\\\/pleiospilos-nelii\\\/#primaryimage\"},\"image\":{\"@id\":\"https:\\\/\\\/antderground.com\\\/fr\\\/produit\\\/pleiospilos-nelii\\\/#primaryimage\"},\"thumbnailUrl\":\"https:\\\/\\\/antderground.com\\\/wp-content\\\/uploads\\\/2025\\\/04\\\/imatge1.jpg\",\"datePublished\":\"2025-04-18T19:03:52+00:00\",\"dateModified\":\"2025-05-27T11:23:10+00:00\",\"description\":\"Adoptez la succulente Pleiospilos nelii, une plante pierre \u00e9tonnante \u00e0 fleur jaune \ud83c\udf3f Id\u00e9ale en int\u00e9rieur lumineux ou en serre.\",\"breadcrumb\":{\"@id\":\"https:\\\/\\\/antderground.com\\\/fr\\\/produit\\\/pleiospilos-nelii\\\/#breadcrumb\"},\"inLanguage\":\"fr-FR\",\"potentialAction\":[{\"@type\":\"ReadAction\",\"target\":[\"https:\\\/\\\/antderground.com\\\/fr\\\/produit\\\/pleiospilos-nelii\\\/\"]}]},{\"@type\":\"ImageObject\",\"inLanguage\":\"fr-FR\",\"@id\":\"https:\\\/\\\/antderground.com\\\/fr\\\/produit\\\/pleiospilos-nelii\\\/#primaryimage\",\"url\":\"https:\\\/\\\/antderground.com\\\/wp-content\\\/uploads\\\/2025\\\/04\\\/imatge1.jpg\",\"contentUrl\":\"https:\\\/\\\/antderground.com\\\/wp-content\\\/uploads\\\/2025\\\/04\\\/imatge1.jpg\",\"width\":1280,\"height\":1280,\"caption\":\"la succulente Pleiospilos nelii, une plante exotique\"},{\"@type\":\"BreadcrumbList\",\"@id\":\"https:\\\/\\\/antderground.com\\\/fr\\\/produit\\\/pleiospilos-nelii\\\/#breadcrumb\",\"itemListElement\":[{\"@type\":\"ListItem\",\"position\":1,\"name\":\"Portada\",\"item\":\"https:\\\/\\\/antderground.com\\\/fr\\\/\"},{\"@type\":\"ListItem\",\"position\":2,\"name\":\"Boutique\",\"item\":\"https:\\\/\\\/antderground.com\\\/fr\\\/boutique\\\/\"},{\"@type\":\"ListItem\",\"position\":3,\"name\":\"Pleiospilos nelii\"}]},{\"@type\":\"WebSite\",\"@id\":\"https:\\\/\\\/antderground.com\\\/fr\\\/#website\",\"url\":\"https:\\\/\\\/antderground.com\\\/fr\\\/\",\"name\":\"ANTDERGROUND\",\"description\":\"Tu tienda de hormigas, gran variedad de hormigueros acr\u00edlicos,madera,arena,3D y mas.. Pide tus hormigas gratis con tu pedido, somos expertos en hormigueros antifugas.\",\"publisher\":{\"@id\":\"https:\\\/\\\/antderground.com\\\/fr\\\/#\\\/schema\\\/person\\\/0e322c505e84fe72c65e2f6d08f96b81\"},\"alternateName\":\"Antderground\",\"potentialAction\":[{\"@type\":\"SearchAction\",\"target\":{\"@type\":\"EntryPoint\",\"urlTemplate\":\"https:\\\/\\\/antderground.com\\\/fr\\\/?s={search_term_string}\"},\"query-input\":{\"@type\":\"PropertyValueSpecification\",\"valueRequired\":true,\"valueName\":\"search_term_string\"}}],\"inLanguage\":\"fr-FR\"},{\"@type\":[\"Person\",\"Organization\"],\"@id\":\"https:\\\/\\\/antderground.com\\\/fr\\\/#\\\/schema\\\/person\\\/0e322c505e84fe72c65e2f6d08f96b81\",\"name\":\"Eric de Antderground\",\"image\":{\"@type\":\"ImageObject\",\"inLanguage\":\"fr-FR\",\"@id\":\"https:\\\/\\\/secure.gravatar.com\\\/avatar\\\/c49a1b9f79216d1498cb73c1e85cd47f4465dda35f2a94c03790d491bd4423c3?s=96&d=mm&r=g\",\"url\":\"https:\\\/\\\/secure.gravatar.com\\\/avatar\\\/c49a1b9f79216d1498cb73c1e85cd47f4465dda35f2a94c03790d491bd4423c3?s=96&d=mm&r=g\",\"contentUrl\":\"https:\\\/\\\/secure.gravatar.com\\\/avatar\\\/c49a1b9f79216d1498cb73c1e85cd47f4465dda35f2a94c03790d491bd4423c3?s=96&d=mm&r=g\",\"caption\":\"Eric de Antderground\"},\"logo\":{\"@id\":\"https:\\\/\\\/secure.gravatar.com\\\/avatar\\\/c49a1b9f79216d1498cb73c1e85cd47f4465dda35f2a94c03790d491bd4423c3?s=96&d=mm&r=g\"},\"description\":\"Eric es el especialista y fundador de Antderground, con una amplia trayectoria en artr\u00f3podos y enfocado en la mirmecolog\u00eda y el dise\u00f1o de hormigueros artificiales. Su enfoque combina la innovaci\u00f3n t\u00e9cnica con el respeto por la biolog\u00eda de las hormigas, is\u00f3podos y otros, desarrollando sistemas de nidos modulares 3D y acr\u00edlicos que son referentes para aficionados y profesionales en toda Europa. Su objetivo es facilitar la cr\u00eda de hormigas y otros artr\u00f3podos mediante soluciones seguras y divulgaci\u00f3n de calidad.\",\"sameAs\":[\"https:\\\/\\\/antderground.com\\\/\",\"https:\\\/\\\/www.youtube.com\\\/channel\\\/UCio72z7TlbufkAthAJIJfPw\"]}]}<\/script>\n<!-- \/ Yoast SEO plugin. -->","yoast_head_json":{"title":"Pleiospilos nelii | Plante succulente - ANTDERGROUND","description":"Adoptez la succulente Pleiospilos nelii, une plante pierre \u00e9tonnante \u00e0 fleur jaune \ud83c\udf3f Id\u00e9ale en int\u00e9rieur lumineux ou en serre.","robots":{"index":"index","follow":"follow","max-snippet":"max-snippet:-1","max-image-preview":"max-image-preview:large","max-video-preview":"max-video-preview:-1"},"canonical":"https:\/\/antderground.com\/fr\/produit\/pleiospilos-nelii\/","og_locale":"fr_FR","og_type":"article","og_title":"Pleiospilos nelii | Plante succulente - ANTDERGROUND","og_description":"Adoptez la succulente Pleiospilos nelii, une plante pierre \u00e9tonnante \u00e0 fleur jaune \ud83c\udf3f Id\u00e9ale en int\u00e9rieur lumineux ou en serre.","og_url":"https:\/\/antderground.com\/fr\/produit\/pleiospilos-nelii\/","og_site_name":"ANTDERGROUND","article_modified_time":"2025-05-27T11:23:10+00:00","og_image":[{"width":1280,"height":1280,"url":"https:\/\/antderground.com\/wp-content\/uploads\/2025\/04\/imatge1.jpg","type":"image\/jpeg"}],"twitter_card":"summary_large_image","twitter_misc":{"Dur\u00e9e de lecture estim\u00e9e":"1 minute"},"schema":{"@context":"https:\/\/schema.org","@graph":[{"@type":"WebPage","@id":"https:\/\/antderground.com\/fr\/produit\/pleiospilos-nelii\/","url":"https:\/\/antderground.com\/fr\/produit\/pleiospilos-nelii\/","name":"Pleiospilos nelii | Plante succulente - ANTDERGROUND","isPartOf":{"@id":"https:\/\/antderground.com\/fr\/#website"},"primaryImageOfPage":{"@id":"https:\/\/antderground.com\/fr\/produit\/pleiospilos-nelii\/#primaryimage"},"image":{"@id":"https:\/\/antderground.com\/fr\/produit\/pleiospilos-nelii\/#primaryimage"},"thumbnailUrl":"https:\/\/antderground.com\/wp-content\/uploads\/2025\/04\/imatge1.jpg","datePublished":"2025-04-18T19:03:52+00:00","dateModified":"2025-05-27T11:23:10+00:00","description":"Adoptez la succulente Pleiospilos nelii, une plante pierre \u00e9tonnante \u00e0 fleur jaune \ud83c\udf3f Id\u00e9ale en int\u00e9rieur lumineux ou en serre.","breadcrumb":{"@id":"https:\/\/antderground.com\/fr\/produit\/pleiospilos-nelii\/#breadcrumb"},"inLanguage":"fr-FR","potentialAction":[{"@type":"ReadAction","target":["https:\/\/antderground.com\/fr\/produit\/pleiospilos-nelii\/"]}]},{"@type":"ImageObject","inLanguage":"fr-FR","@id":"https:\/\/antderground.com\/fr\/produit\/pleiospilos-nelii\/#primaryimage","url":"https:\/\/antderground.com\/wp-content\/uploads\/2025\/04\/imatge1.jpg","contentUrl":"https:\/\/antderground.com\/wp-content\/uploads\/2025\/04\/imatge1.jpg","width":1280,"height":1280,"caption":"la succulente Pleiospilos nelii, une plante exotique"},{"@type":"BreadcrumbList","@id":"https:\/\/antderground.com\/fr\/produit\/pleiospilos-nelii\/#breadcrumb","itemListElement":[{"@type":"ListItem","position":1,"name":"Portada","item":"https:\/\/antderground.com\/fr\/"},{"@type":"ListItem","position":2,"name":"Boutique","item":"https:\/\/antderground.com\/fr\/boutique\/"},{"@type":"ListItem","position":3,"name":"Pleiospilos nelii"}]},{"@type":"WebSite","@id":"https:\/\/antderground.com\/fr\/#website","url":"https:\/\/antderground.com\/fr\/","name":"ANTDERGROUND","description":"Tu tienda de hormigas, gran variedad de hormigueros acr\u00edlicos,madera,arena,3D y mas.. Pide tus hormigas gratis con tu pedido, somos expertos en hormigueros antifugas.","publisher":{"@id":"https:\/\/antderground.com\/fr\/#\/schema\/person\/0e322c505e84fe72c65e2f6d08f96b81"},"alternateName":"Antderground","potentialAction":[{"@type":"SearchAction","target":{"@type":"EntryPoint","urlTemplate":"https:\/\/antderground.com\/fr\/?s={search_term_string}"},"query-input":{"@type":"PropertyValueSpecification","valueRequired":true,"valueName":"search_term_string"}}],"inLanguage":"fr-FR"},{"@type":["Person","Organization"],"@id":"https:\/\/antderground.com\/fr\/#\/schema\/person\/0e322c505e84fe72c65e2f6d08f96b81","name":"Eric de Antderground","image":{"@type":"ImageObject","inLanguage":"fr-FR","@id":"https:\/\/secure.gravatar.com\/avatar\/c49a1b9f79216d1498cb73c1e85cd47f4465dda35f2a94c03790d491bd4423c3?s=96&d=mm&r=g","url":"https:\/\/secure.gravatar.com\/avatar\/c49a1b9f79216d1498cb73c1e85cd47f4465dda35f2a94c03790d491bd4423c3?s=96&d=mm&r=g","contentUrl":"https:\/\/secure.gravatar.com\/avatar\/c49a1b9f79216d1498cb73c1e85cd47f4465dda35f2a94c03790d491bd4423c3?s=96&d=mm&r=g","caption":"Eric de Antderground"},"logo":{"@id":"https:\/\/secure.gravatar.com\/avatar\/c49a1b9f79216d1498cb73c1e85cd47f4465dda35f2a94c03790d491bd4423c3?s=96&d=mm&r=g"},"description":"Eric es el especialista y fundador de Antderground, con una amplia trayectoria en artr\u00f3podos y enfocado en la mirmecolog\u00eda y el dise\u00f1o de hormigueros artificiales. Su enfoque combina la innovaci\u00f3n t\u00e9cnica con el respeto por la biolog\u00eda de las hormigas, is\u00f3podos y otros, desarrollando sistemas de nidos modulares 3D y acr\u00edlicos que son referentes para aficionados y profesionales en toda Europa. Su objetivo es facilitar la cr\u00eda de hormigas y otros artr\u00f3podos mediante soluciones seguras y divulgaci\u00f3n de calidad.","sameAs":["https:\/\/antderground.com\/","https:\/\/www.youtube.com\/channel\/UCio72z7TlbufkAthAJIJfPw"]}]}},"_links":{"self":[{"href":"https:\/\/antderground.com\/fr\/wp-json\/wp\/v2\/product\/42151","targetHints":{"allow":["GET"]}}],"collection":[{"href":"https:\/\/antderground.com\/fr\/wp-json\/wp\/v2\/product"}],"about":[{"href":"https:\/\/antderground.com\/fr\/wp-json\/wp\/v2\/types\/product"}],"version-history":[{"count":0,"href":"https:\/\/antderground.com\/fr\/wp-json\/wp\/v2\/product\/42151\/revisions"}],"wp:featuredmedia":[{"embeddable":true,"href":"https:\/\/antderground.com\/fr\/wp-json\/wp\/v2\/media\/41893"}],"wp:attachment":[{"href":"https:\/\/antderground.com\/fr\/wp-json\/wp\/v2\/media?parent=42151"}],"wp:term":[{"taxonomy":"product_brand","embeddable":true,"href":"https:\/\/antderground.com\/fr\/wp-json\/wp\/v2\/product_brand?post=42151"},{"taxonomy":"product_cat","embeddable":true,"href":"https:\/\/antderground.com\/fr\/wp-json\/wp\/v2\/product_cat?post=42151"},{"taxonomy":"product_tag","embeddable":true,"href":"https:\/\/antderground.com\/fr\/wp-json\/wp\/v2\/product_tag?post=42151"}],"curies":[{"name":"wp","href":"https:\/\/api.w.org\/{rel}","templated":true}]}}