{"id":47524,"date":"2025-11-19T16:18:23","date_gmt":"2025-11-19T15:18:23","guid":{"rendered":"https:\/\/www.antderground.com\/producto\/kit-de-demarrage-pour-isopodes-v2\/"},"modified":"2025-11-19T16:18:23","modified_gmt":"2025-11-19T15:18:23","slug":"kit-de-demarrage-pour-isopodes-v2","status":"publish","type":"product","link":"https:\/\/antderground.com\/fr\/produit\/kit-de-demarrage-pour-isopodes-v2\/","title":{"rendered":"Kit de d\u00e9marrage pour isopodes v2"},"content":{"rendered":"<p>D\u00e9couvrez la mani\u00e8re la plus compl\u00e8te de d\u00e9buter avec les isopodes gr\u00e2ce \u00e0 notre <strong>Kit de d\u00e9marrage v2<\/strong>, une version am\u00e9lior\u00e9e avec davantage d\u2019\u00e9l\u00e9ments botaniques et de produits pour cr\u00e9er un environnement naturel et sain.<\/p>\n<p>Le kit comprend :<\/p>\n<ul>\n<li>Conteneur de <strong>1,3 litre<\/strong> (18,5 x 12,5 x 7,5 cm).<\/li>\n<li><strong>500 ml de substrat sp\u00e9cial isopodes<\/strong>, pr\u00eat \u00e0 l\u2019emploi.<\/li>\n<li><strong>\u00c9corce de li\u00e8ge (Bornizo)<\/strong> pour offrir abris et cachettes.<\/li>\n<li><strong>Feuilles naturelles<\/strong> de ch\u00eane, saule ou magnolia (selon disponibilit\u00e9).<\/li>\n<li><strong>IsoSnack<\/strong>, aliment compl\u00e9mentaire.<\/li>\n<li><strong>Gousse de magnolia<\/strong> pour enrichir l\u2019habitat.<\/li>\n<li><strong>Mangeoire pour isopodes<\/strong>, pratique et facile \u00e0 nettoyer.<\/li>\n<\/ul>\n<p><strong>Options suppl\u00e9mentaires :<\/strong><br \/>\nVous pouvez ajouter plusieurs esp\u00e8ces d\u2019isopodes \u00e0 un prix r\u00e9duit lorsque vous les achetez avec le kit, id\u00e9al pour d\u00e9marrer votre colonie d\u00e8s le premier jour.<\/p>\n<p>Avec le <strong>Kit v2<\/strong>, vous disposez de tout le n\u00e9cessaire pour cr\u00e9er un micro-\u00e9cosyst\u00e8me \u00e9quilibr\u00e9, naturel et fonctionnel, parfait aussi bien pour les d\u00e9butants que pour les passionn\u00e9s.<\/p>\n","protected":false},"excerpt":{"rendered":"<p>Commencez facilement avec notre<strong> Kit de d\u00e9marrage v2<\/strong> pour isopodes : conteneur, substrat, feuilles, \u00e9corce, IsoSnack, mangeoire et gousse de magnolia. Ajoutez des isopodes \u00e0 prix r\u00e9duit et cr\u00e9ez un habitat sain et naturel d\u00e8s le premier jour.<\/p>\n","protected":false},"featured_media":47438,"template":"","meta":[],"product_brand":[],"product_cat":[597],"product_tag":[],"class_list":{"0":"post-47524","1":"product","2":"type-product","3":"status-publish","4":"has-post-thumbnail","6":"product_cat-kits-pour-isopodes","8":"first","9":"instock","10":"shipping-taxable","11":"purchasable","12":"product-type-variable"},"yoast_head":"<!-- This site is optimized with the Yoast SEO plugin v27.4 - https:\/\/yoast.com\/product\/yoast-seo-wordpress\/ -->\n<title>Kit de d\u00e9marrage pour isopodes v2 - ANTDERGROUND<\/title>\n<meta name=\"description\" content=\"Kit de d\u00e9marrage parfait pour isopodes V2, avec tout le mat\u00e9riel pour commencer. Conteneur avec accessoires et possibilit\u00e9 d\u2019ajouter des isopodes \/ cloportes.\" \/>\n<meta name=\"robots\" content=\"index, follow, max-snippet:-1, max-image-preview:large, max-video-preview:-1\" \/>\n<link rel=\"canonical\" href=\"https:\/\/antderground.com\/fr\/produit\/kit-de-demarrage-pour-isopodes-v2\/\" \/>\n<meta property=\"og:locale\" content=\"fr_FR\" \/>\n<meta property=\"og:type\" content=\"article\" \/>\n<meta property=\"og:title\" content=\"Kit de d\u00e9marrage pour isopodes v2 - ANTDERGROUND\" \/>\n<meta property=\"og:description\" content=\"Kit de d\u00e9marrage parfait pour isopodes V2, avec tout le mat\u00e9riel pour commencer. Conteneur avec accessoires et possibilit\u00e9 d\u2019ajouter des isopodes \/ cloportes.\" \/>\n<meta property=\"og:url\" content=\"https:\/\/antderground.com\/fr\/produit\/kit-de-demarrage-pour-isopodes-v2\/\" \/>\n<meta property=\"og:site_name\" content=\"ANTDERGROUND\" \/>\n<meta property=\"og:image\" content=\"https:\/\/antderground.com\/wp-content\/uploads\/2025\/11\/kit-inicio-v2-blanc2.jpg\" \/>\n\t<meta property=\"og:image:width\" content=\"800\" \/>\n\t<meta property=\"og:image:height\" content=\"800\" \/>\n\t<meta property=\"og:image:type\" content=\"image\/jpeg\" \/>\n<meta name=\"twitter:card\" content=\"summary_large_image\" \/>\n<meta name=\"twitter:label1\" content=\"Dur\u00e9e de lecture estim\u00e9e\" \/>\n\t<meta name=\"twitter:data1\" content=\"1 minute\" \/>\n<script type=\"application\/ld+json\" class=\"yoast-schema-graph\">{\"@context\":\"https:\\\/\\\/schema.org\",\"@graph\":[{\"@type\":\"WebPage\",\"@id\":\"https:\\\/\\\/antderground.com\\\/fr\\\/produit\\\/kit-de-demarrage-pour-isopodes-v2\\\/\",\"url\":\"https:\\\/\\\/antderground.com\\\/fr\\\/produit\\\/kit-de-demarrage-pour-isopodes-v2\\\/\",\"name\":\"Kit de d\u00e9marrage pour isopodes v2 - ANTDERGROUND\",\"isPartOf\":{\"@id\":\"https:\\\/\\\/antderground.com\\\/fr\\\/#website\"},\"primaryImageOfPage\":{\"@id\":\"https:\\\/\\\/antderground.com\\\/fr\\\/produit\\\/kit-de-demarrage-pour-isopodes-v2\\\/#primaryimage\"},\"image\":{\"@id\":\"https:\\\/\\\/antderground.com\\\/fr\\\/produit\\\/kit-de-demarrage-pour-isopodes-v2\\\/#primaryimage\"},\"thumbnailUrl\":\"https:\\\/\\\/antderground.com\\\/wp-content\\\/uploads\\\/2025\\\/11\\\/kit-inicio-v2-blanc2.jpg\",\"datePublished\":\"2025-11-19T15:18:23+00:00\",\"description\":\"Kit de d\u00e9marrage parfait pour isopodes V2, avec tout le mat\u00e9riel pour commencer. Conteneur avec accessoires et possibilit\u00e9 d\u2019ajouter des isopodes \\\/ cloportes.\",\"breadcrumb\":{\"@id\":\"https:\\\/\\\/antderground.com\\\/fr\\\/produit\\\/kit-de-demarrage-pour-isopodes-v2\\\/#breadcrumb\"},\"inLanguage\":\"fr-FR\",\"potentialAction\":[{\"@type\":\"ReadAction\",\"target\":[\"https:\\\/\\\/antderground.com\\\/fr\\\/produit\\\/kit-de-demarrage-pour-isopodes-v2\\\/\"]}]},{\"@type\":\"ImageObject\",\"inLanguage\":\"fr-FR\",\"@id\":\"https:\\\/\\\/antderground.com\\\/fr\\\/produit\\\/kit-de-demarrage-pour-isopodes-v2\\\/#primaryimage\",\"url\":\"https:\\\/\\\/antderground.com\\\/wp-content\\\/uploads\\\/2025\\\/11\\\/kit-inicio-v2-blanc2.jpg\",\"contentUrl\":\"https:\\\/\\\/antderground.com\\\/wp-content\\\/uploads\\\/2025\\\/11\\\/kit-inicio-v2-blanc2.jpg\",\"width\":800,\"height\":800,\"caption\":\"Kit de d\u00e9marrage pour isopodes v2\"},{\"@type\":\"BreadcrumbList\",\"@id\":\"https:\\\/\\\/antderground.com\\\/fr\\\/produit\\\/kit-de-demarrage-pour-isopodes-v2\\\/#breadcrumb\",\"itemListElement\":[{\"@type\":\"ListItem\",\"position\":1,\"name\":\"Portada\",\"item\":\"https:\\\/\\\/antderground.com\\\/fr\\\/\"},{\"@type\":\"ListItem\",\"position\":2,\"name\":\"Boutique\",\"item\":\"https:\\\/\\\/antderground.com\\\/fr\\\/boutique\\\/\"},{\"@type\":\"ListItem\",\"position\":3,\"name\":\"Kit de d\u00e9marrage pour isopodes v2\"}]},{\"@type\":\"WebSite\",\"@id\":\"https:\\\/\\\/antderground.com\\\/fr\\\/#website\",\"url\":\"https:\\\/\\\/antderground.com\\\/fr\\\/\",\"name\":\"ANTDERGROUND\",\"description\":\"Tu tienda de hormigas, gran variedad de hormigueros acr\u00edlicos,madera,arena,3D y mas.. Pide tus hormigas gratis con tu pedido, somos expertos en hormigueros antifugas.\",\"publisher\":{\"@id\":\"https:\\\/\\\/antderground.com\\\/fr\\\/#\\\/schema\\\/person\\\/0e322c505e84fe72c65e2f6d08f96b81\"},\"alternateName\":\"Antderground\",\"potentialAction\":[{\"@type\":\"SearchAction\",\"target\":{\"@type\":\"EntryPoint\",\"urlTemplate\":\"https:\\\/\\\/antderground.com\\\/fr\\\/?s={search_term_string}\"},\"query-input\":{\"@type\":\"PropertyValueSpecification\",\"valueRequired\":true,\"valueName\":\"search_term_string\"}}],\"inLanguage\":\"fr-FR\"},{\"@type\":[\"Person\",\"Organization\"],\"@id\":\"https:\\\/\\\/antderground.com\\\/fr\\\/#\\\/schema\\\/person\\\/0e322c505e84fe72c65e2f6d08f96b81\",\"name\":\"Eric de Antderground\",\"image\":{\"@type\":\"ImageObject\",\"inLanguage\":\"fr-FR\",\"@id\":\"https:\\\/\\\/secure.gravatar.com\\\/avatar\\\/c49a1b9f79216d1498cb73c1e85cd47f4465dda35f2a94c03790d491bd4423c3?s=96&d=mm&r=g\",\"url\":\"https:\\\/\\\/secure.gravatar.com\\\/avatar\\\/c49a1b9f79216d1498cb73c1e85cd47f4465dda35f2a94c03790d491bd4423c3?s=96&d=mm&r=g\",\"contentUrl\":\"https:\\\/\\\/secure.gravatar.com\\\/avatar\\\/c49a1b9f79216d1498cb73c1e85cd47f4465dda35f2a94c03790d491bd4423c3?s=96&d=mm&r=g\",\"caption\":\"Eric de Antderground\"},\"logo\":{\"@id\":\"https:\\\/\\\/secure.gravatar.com\\\/avatar\\\/c49a1b9f79216d1498cb73c1e85cd47f4465dda35f2a94c03790d491bd4423c3?s=96&d=mm&r=g\"},\"description\":\"Eric es el especialista y fundador de Antderground, con una amplia trayectoria en artr\u00f3podos y enfocado en la mirmecolog\u00eda y el dise\u00f1o de hormigueros artificiales. Su enfoque combina la innovaci\u00f3n t\u00e9cnica con el respeto por la biolog\u00eda de las hormigas, is\u00f3podos y otros, desarrollando sistemas de nidos modulares 3D y acr\u00edlicos que son referentes para aficionados y profesionales en toda Europa. Su objetivo es facilitar la cr\u00eda de hormigas y otros artr\u00f3podos mediante soluciones seguras y divulgaci\u00f3n de calidad.\",\"sameAs\":[\"https:\\\/\\\/antderground.com\\\/\",\"https:\\\/\\\/www.youtube.com\\\/channel\\\/UCio72z7TlbufkAthAJIJfPw\"]}]}<\/script>\n<!-- \/ Yoast SEO plugin. -->","yoast_head_json":{"title":"Kit de d\u00e9marrage pour isopodes v2 - ANTDERGROUND","description":"Kit de d\u00e9marrage parfait pour isopodes V2, avec tout le mat\u00e9riel pour commencer. Conteneur avec accessoires et possibilit\u00e9 d\u2019ajouter des isopodes \/ cloportes.","robots":{"index":"index","follow":"follow","max-snippet":"max-snippet:-1","max-image-preview":"max-image-preview:large","max-video-preview":"max-video-preview:-1"},"canonical":"https:\/\/antderground.com\/fr\/produit\/kit-de-demarrage-pour-isopodes-v2\/","og_locale":"fr_FR","og_type":"article","og_title":"Kit de d\u00e9marrage pour isopodes v2 - ANTDERGROUND","og_description":"Kit de d\u00e9marrage parfait pour isopodes V2, avec tout le mat\u00e9riel pour commencer. Conteneur avec accessoires et possibilit\u00e9 d\u2019ajouter des isopodes \/ cloportes.","og_url":"https:\/\/antderground.com\/fr\/produit\/kit-de-demarrage-pour-isopodes-v2\/","og_site_name":"ANTDERGROUND","og_image":[{"width":800,"height":800,"url":"https:\/\/antderground.com\/wp-content\/uploads\/2025\/11\/kit-inicio-v2-blanc2.jpg","type":"image\/jpeg"}],"twitter_card":"summary_large_image","twitter_misc":{"Dur\u00e9e de lecture estim\u00e9e":"1 minute"},"schema":{"@context":"https:\/\/schema.org","@graph":[{"@type":"WebPage","@id":"https:\/\/antderground.com\/fr\/produit\/kit-de-demarrage-pour-isopodes-v2\/","url":"https:\/\/antderground.com\/fr\/produit\/kit-de-demarrage-pour-isopodes-v2\/","name":"Kit de d\u00e9marrage pour isopodes v2 - ANTDERGROUND","isPartOf":{"@id":"https:\/\/antderground.com\/fr\/#website"},"primaryImageOfPage":{"@id":"https:\/\/antderground.com\/fr\/produit\/kit-de-demarrage-pour-isopodes-v2\/#primaryimage"},"image":{"@id":"https:\/\/antderground.com\/fr\/produit\/kit-de-demarrage-pour-isopodes-v2\/#primaryimage"},"thumbnailUrl":"https:\/\/antderground.com\/wp-content\/uploads\/2025\/11\/kit-inicio-v2-blanc2.jpg","datePublished":"2025-11-19T15:18:23+00:00","description":"Kit de d\u00e9marrage parfait pour isopodes V2, avec tout le mat\u00e9riel pour commencer. Conteneur avec accessoires et possibilit\u00e9 d\u2019ajouter des isopodes \/ cloportes.","breadcrumb":{"@id":"https:\/\/antderground.com\/fr\/produit\/kit-de-demarrage-pour-isopodes-v2\/#breadcrumb"},"inLanguage":"fr-FR","potentialAction":[{"@type":"ReadAction","target":["https:\/\/antderground.com\/fr\/produit\/kit-de-demarrage-pour-isopodes-v2\/"]}]},{"@type":"ImageObject","inLanguage":"fr-FR","@id":"https:\/\/antderground.com\/fr\/produit\/kit-de-demarrage-pour-isopodes-v2\/#primaryimage","url":"https:\/\/antderground.com\/wp-content\/uploads\/2025\/11\/kit-inicio-v2-blanc2.jpg","contentUrl":"https:\/\/antderground.com\/wp-content\/uploads\/2025\/11\/kit-inicio-v2-blanc2.jpg","width":800,"height":800,"caption":"Kit de d\u00e9marrage pour isopodes v2"},{"@type":"BreadcrumbList","@id":"https:\/\/antderground.com\/fr\/produit\/kit-de-demarrage-pour-isopodes-v2\/#breadcrumb","itemListElement":[{"@type":"ListItem","position":1,"name":"Portada","item":"https:\/\/antderground.com\/fr\/"},{"@type":"ListItem","position":2,"name":"Boutique","item":"https:\/\/antderground.com\/fr\/boutique\/"},{"@type":"ListItem","position":3,"name":"Kit de d\u00e9marrage pour isopodes v2"}]},{"@type":"WebSite","@id":"https:\/\/antderground.com\/fr\/#website","url":"https:\/\/antderground.com\/fr\/","name":"ANTDERGROUND","description":"Tu tienda de hormigas, gran variedad de hormigueros acr\u00edlicos,madera,arena,3D y mas.. Pide tus hormigas gratis con tu pedido, somos expertos en hormigueros antifugas.","publisher":{"@id":"https:\/\/antderground.com\/fr\/#\/schema\/person\/0e322c505e84fe72c65e2f6d08f96b81"},"alternateName":"Antderground","potentialAction":[{"@type":"SearchAction","target":{"@type":"EntryPoint","urlTemplate":"https:\/\/antderground.com\/fr\/?s={search_term_string}"},"query-input":{"@type":"PropertyValueSpecification","valueRequired":true,"valueName":"search_term_string"}}],"inLanguage":"fr-FR"},{"@type":["Person","Organization"],"@id":"https:\/\/antderground.com\/fr\/#\/schema\/person\/0e322c505e84fe72c65e2f6d08f96b81","name":"Eric de Antderground","image":{"@type":"ImageObject","inLanguage":"fr-FR","@id":"https:\/\/secure.gravatar.com\/avatar\/c49a1b9f79216d1498cb73c1e85cd47f4465dda35f2a94c03790d491bd4423c3?s=96&d=mm&r=g","url":"https:\/\/secure.gravatar.com\/avatar\/c49a1b9f79216d1498cb73c1e85cd47f4465dda35f2a94c03790d491bd4423c3?s=96&d=mm&r=g","contentUrl":"https:\/\/secure.gravatar.com\/avatar\/c49a1b9f79216d1498cb73c1e85cd47f4465dda35f2a94c03790d491bd4423c3?s=96&d=mm&r=g","caption":"Eric de Antderground"},"logo":{"@id":"https:\/\/secure.gravatar.com\/avatar\/c49a1b9f79216d1498cb73c1e85cd47f4465dda35f2a94c03790d491bd4423c3?s=96&d=mm&r=g"},"description":"Eric es el especialista y fundador de Antderground, con una amplia trayectoria en artr\u00f3podos y enfocado en la mirmecolog\u00eda y el dise\u00f1o de hormigueros artificiales. Su enfoque combina la innovaci\u00f3n t\u00e9cnica con el respeto por la biolog\u00eda de las hormigas, is\u00f3podos y otros, desarrollando sistemas de nidos modulares 3D y acr\u00edlicos que son referentes para aficionados y profesionales en toda Europa. Su objetivo es facilitar la cr\u00eda de hormigas y otros artr\u00f3podos mediante soluciones seguras y divulgaci\u00f3n de calidad.","sameAs":["https:\/\/antderground.com\/","https:\/\/www.youtube.com\/channel\/UCio72z7TlbufkAthAJIJfPw"]}]}},"_links":{"self":[{"href":"https:\/\/antderground.com\/fr\/wp-json\/wp\/v2\/product\/47524","targetHints":{"allow":["GET"]}}],"collection":[{"href":"https:\/\/antderground.com\/fr\/wp-json\/wp\/v2\/product"}],"about":[{"href":"https:\/\/antderground.com\/fr\/wp-json\/wp\/v2\/types\/product"}],"version-history":[{"count":0,"href":"https:\/\/antderground.com\/fr\/wp-json\/wp\/v2\/product\/47524\/revisions"}],"wp:featuredmedia":[{"embeddable":true,"href":"https:\/\/antderground.com\/fr\/wp-json\/wp\/v2\/media\/47438"}],"wp:attachment":[{"href":"https:\/\/antderground.com\/fr\/wp-json\/wp\/v2\/media?parent=47524"}],"wp:term":[{"taxonomy":"product_brand","embeddable":true,"href":"https:\/\/antderground.com\/fr\/wp-json\/wp\/v2\/product_brand?post=47524"},{"taxonomy":"product_cat","embeddable":true,"href":"https:\/\/antderground.com\/fr\/wp-json\/wp\/v2\/product_cat?post=47524"},{"taxonomy":"product_tag","embeddable":true,"href":"https:\/\/antderground.com\/fr\/wp-json\/wp\/v2\/product_tag?post=47524"}],"curies":[{"name":"wp","href":"https:\/\/api.w.org\/{rel}","templated":true}]}}