{"id":52816,"date":"2026-04-24T15:50:12","date_gmt":"2026-04-24T13:50:12","guid":{"rendered":"https:\/\/antderground.com\/producto\/lasiocyano-sazimai\/"},"modified":"2026-04-24T15:50:12","modified_gmt":"2026-04-24T13:50:12","slug":"lasiocyano-sazimai","status":"publish","type":"product","link":"https:\/\/antderground.com\/fr\/produit\/lasiocyano-sazimai\/","title":{"rendered":"Lasiocyano sazimai"},"content":{"rendered":"<h1>Fiche technique \u2013 Lasiocyano sazimai<\/h1>\n<p><strong>Nom scientifique :<\/strong> Lasiocyano sazimai<\/p>\n<p><strong>Nom commun :<\/strong> Mygale Bleue du Br\u00e9sil<\/p>\n<p><strong>Classification :<\/strong><\/p>\n<ul>\n<li>Ordre : Araneae<\/li>\n<li>Famille : Theraphosidae<\/li>\n<li>Sous-famille : Theraphosinae<\/li>\n<li>Genre : Lasiocyano<\/li>\n<li>Esp\u00e8ce : Lasiocyano sazimai<\/li>\n<\/ul>\n<p><strong>Ancien nom :<\/strong> Anciennement connue sous le nom de <em>Pterinopelma sazimai<\/em><\/p>\n<p><strong>Origine :<\/strong> Br\u00e9sil, principalement dans les r\u00e9gions de Bahia, Minas Gerais et Chapada Diamantina.<\/p>\n<p><strong>Habitat naturel :<\/strong> Elle vit dans des zones s\u00e8ches, rocheuses et de savane semi-aride, utilisant les fissures entre les rochers, les refuges naturels et les terriers. C\u2019est une esp\u00e8ce terrestre et fouisseuse opportuniste.<\/p>\n<p><strong>Taille adulte :<\/strong> 14 \u00e0 16 cm d\u2019envergure approximative<\/p>\n<p><strong>Esp\u00e9rance de vie :<\/strong><br \/>\nFemelles : 10 \u00e0 15 ans environ<br \/>\nM\u00e2les : 3 \u00e0 5 ans environ<\/p>\n<p><strong>Croissance :<\/strong> Moyenne<\/p>\n<p><strong>Comportement :<\/strong> C\u2019est une esp\u00e8ce rapide, nerveuse et g\u00e9n\u00e9ralement fuyante. Elle pr\u00e9f\u00e8re fuir plut\u00f4t que d\u2019attaquer, bien qu\u2019elle puisse adopter une posture d\u00e9fensive si elle se sent menac\u00e9e.<\/p>\n<p><strong>Niveau d\u2019exp\u00e9rience recommand\u00e9 :<\/strong> Interm\u00e9diaire<\/p>\n<p><strong>Type :<\/strong> Terrestre \/ Fouisseuse opportuniste<\/p>\n<p><strong>Coloration :<\/strong> Elle pr\u00e9sente une intense coloration bleu m\u00e9tallique iridescente, particuli\u00e8rement visible sur les pattes et le c\u00e9phalothorax. L\u2019abdomen pr\u00e9sente g\u00e9n\u00e9ralement des tons fonc\u00e9s avec des poils rouge\u00e2tres ou cuivr\u00e9s. Sa couleur s\u2019intensifie nettement apr\u00e8s la mue.<\/p>\n<p><strong>Poils urticants :<\/strong> Oui. Il est recommand\u00e9 de surveiller les \u00e9ventuelles r\u00e9actions allergiques.<\/p>\n<p><strong>Venin :<\/strong> L\u00e9ger, non m\u00e9dicalement significatif pour les humains en bonne sant\u00e9. Toutefois, la prudence reste toujours recommand\u00e9e, car certaines personnes peuvent pr\u00e9senter des r\u00e9actions allergiques ou une sensibilit\u00e9 individuelle \u00e0 une morsure. Il convient d\u2019\u00e9viter toute manipulation inutile.<\/p>\n<h2>Recommandations d\u2019habitat<\/h2>\n<p><strong>Terrarium :<\/strong> Terrarium horizontal avec une bonne ventilation et une plus grande surface au sol qu\u2019en hauteur.<\/p>\n<p><strong>Dimensions recommand\u00e9es :<\/strong><\/p>\n<ul>\n<li>Juv\u00e9nile : 20x20x20 cm<\/li>\n<li>Adulte : 30x30x25 cm ou plus<\/li>\n<\/ul>\n<p><strong>Substrat recommand\u00e9 :<\/strong> Fibre de coco, tourbe sans engrais, terre pour arthropodes ou m\u00e9lange bioactif, avec une profondeur minimale de 8 \u00e0 12 cm pour permettre le creusement.<\/p>\n<p><strong>D\u00e9coration :<\/strong> Refuge en li\u00e8ge, \u00e9corces naturelles, pierres bien stables, cachettes s\u00e9curis\u00e9es et abreuvoir peu profond.<\/p>\n<p><strong>Temp\u00e9rature :<\/strong> 22\u201326\u00b0C<\/p>\n<p><strong>Humidit\u00e9 :<\/strong> 60\u201370%<\/p>\n<p>Il est recommand\u00e9 de maintenir une zone l\u00e9g\u00e8rement humide et une autre plus s\u00e8che afin de permettre son autor\u00e9gulation.<\/p>\n<p><strong>Ventilation :<\/strong> Bonne ventilation pour \u00e9viter l\u2019humidit\u00e9 stagnante, les moisissures et l\u2019exc\u00e8s de condensation.<\/p>\n<h2>Alimentation<\/h2>\n<p><strong>R\u00e9gime alimentaire :<\/strong><\/p>\n<p><strong>Insectivore :<\/strong><\/p>\n<ul>\n<li>grillons<\/li>\n<li>blattes<\/li>\n<li>petites sauterelles<\/li>\n<li>larves adapt\u00e9es \u00e0 sa taille<\/li>\n<li>autres insectes-proies appropri\u00e9s<\/li>\n<\/ul>\n<p><strong>Fr\u00e9quence :<\/strong><\/p>\n<ul>\n<li>Slings : 2 fois par semaine<\/li>\n<li>Juv\u00e9niles : tous les 5 \u00e0 7 jours<\/li>\n<li>Adultes : tous les 7 \u00e0 14 jours<\/li>\n<\/ul>\n<p>Toujours retirer les proies non consomm\u00e9es.<\/p>\n<h3>Reproduction<\/h3>\n<p>C\u2019est une esp\u00e8ce ovipare. La femelle peut produire des sacs ovig\u00e8res contenant un grand nombre de jeunes selon son \u00e2ge, sa taille et les conditions de maintenance.<\/p>\n<h3>Remarques<\/h3>\n<p>C\u2019est l\u2019une des mygales les plus appr\u00e9ci\u00e9es en terrariophilie pour son spectaculaire bleu m\u00e9tallique. Bien qu\u2019elle ne soit g\u00e9n\u00e9ralement pas excessivement agressive, sa rapidit\u00e9 et son temp\u00e9rament nerveux en font une esp\u00e8ce peu adapt\u00e9e aux d\u00e9butants absolus.<\/p>\n","protected":false},"excerpt":{"rendered":"<p>Lasiocyano sazimai, connue sous le nom de Mygale Bleue du Br\u00e9sil, se distingue par son intense coloration bleu m\u00e9tallique et son mode de vie terrestre. Id\u00e9ale pour les passionn\u00e9s de mygales exotiques, cette esp\u00e8ce allie beaut\u00e9, comportement actif et grande valeur en terrariophilie sp\u00e9cialis\u00e9e.<\/p>\n","protected":false},"featured_media":52716,"template":"","meta":[],"product_brand":[],"product_cat":[417,585],"product_tag":[],"class_list":{"0":"post-52816","1":"product","2":"type-product","3":"status-publish","4":"has-post-thumbnail","6":"product_cat-arthropodes","7":"product_cat-tarentules","9":"first","10":"instock","11":"shipping-taxable","12":"purchasable","13":"product-type-variable"},"yoast_head":"<!-- This site is optimized with the Yoast SEO plugin v27.4 - https:\/\/yoast.com\/product\/yoast-seo-wordpress\/ -->\n<title>Mygale Lasiocyano sazimai | terrariums exotiques \ud83d\udd77\ufe0f - ANTDERGROUND<\/title>\n<meta name=\"description\" content=\"Achetez Lasiocyano sazimai, la Mygale Bleue du Br\u00e9sil \u00e0 l\u2019intense coloration bleu m\u00e9tallique, id\u00e9ale pour les terrariums exotiques. \ud83d\udd77\ufe0f\ud83d\udd77\ufe0f Theraphosidae !\" \/>\n<meta name=\"robots\" content=\"index, follow, max-snippet:-1, max-image-preview:large, max-video-preview:-1\" \/>\n<link rel=\"canonical\" href=\"https:\/\/antderground.com\/fr\/produit\/lasiocyano-sazimai\/\" \/>\n<meta property=\"og:locale\" content=\"fr_FR\" \/>\n<meta property=\"og:type\" content=\"article\" \/>\n<meta property=\"og:title\" content=\"Mygale Lasiocyano sazimai | terrariums exotiques \ud83d\udd77\ufe0f - ANTDERGROUND\" \/>\n<meta property=\"og:description\" content=\"Achetez Lasiocyano sazimai, la Mygale Bleue du Br\u00e9sil \u00e0 l\u2019intense coloration bleu m\u00e9tallique, id\u00e9ale pour les terrariums exotiques. \ud83d\udd77\ufe0f\ud83d\udd77\ufe0f Theraphosidae !\" \/>\n<meta property=\"og:url\" content=\"https:\/\/antderground.com\/fr\/produit\/lasiocyano-sazimai\/\" \/>\n<meta property=\"og:site_name\" content=\"ANTDERGROUND\" \/>\n<meta property=\"og:image\" content=\"https:\/\/antderground.com\/wp-content\/uploads\/2026\/04\/Lasiocyano-sazimai-tarantula.png\" \/>\n\t<meta property=\"og:image:width\" content=\"1080\" \/>\n\t<meta property=\"og:image:height\" content=\"1080\" \/>\n\t<meta property=\"og:image:type\" content=\"image\/png\" \/>\n<meta name=\"twitter:card\" content=\"summary_large_image\" \/>\n<meta name=\"twitter:label1\" content=\"Dur\u00e9e de lecture estim\u00e9e\" \/>\n\t<meta name=\"twitter:data1\" content=\"3 minutes\" \/>\n<script type=\"application\/ld+json\" class=\"yoast-schema-graph\">{\"@context\":\"https:\\\/\\\/schema.org\",\"@graph\":[{\"@type\":\"WebPage\",\"@id\":\"https:\\\/\\\/antderground.com\\\/fr\\\/produit\\\/lasiocyano-sazimai\\\/\",\"url\":\"https:\\\/\\\/antderground.com\\\/fr\\\/produit\\\/lasiocyano-sazimai\\\/\",\"name\":\"Mygale Lasiocyano sazimai | terrariums exotiques \ud83d\udd77\ufe0f - ANTDERGROUND\",\"isPartOf\":{\"@id\":\"https:\\\/\\\/antderground.com\\\/fr\\\/#website\"},\"primaryImageOfPage\":{\"@id\":\"https:\\\/\\\/antderground.com\\\/fr\\\/produit\\\/lasiocyano-sazimai\\\/#primaryimage\"},\"image\":{\"@id\":\"https:\\\/\\\/antderground.com\\\/fr\\\/produit\\\/lasiocyano-sazimai\\\/#primaryimage\"},\"thumbnailUrl\":\"https:\\\/\\\/antderground.com\\\/wp-content\\\/uploads\\\/2026\\\/04\\\/Lasiocyano-sazimai-tarantula.png\",\"datePublished\":\"2026-04-24T13:50:12+00:00\",\"description\":\"Achetez Lasiocyano sazimai, la Mygale Bleue du Br\u00e9sil \u00e0 l\u2019intense coloration bleu m\u00e9tallique, id\u00e9ale pour les terrariums exotiques. \ud83d\udd77\ufe0f\ud83d\udd77\ufe0f Theraphosidae !\",\"breadcrumb\":{\"@id\":\"https:\\\/\\\/antderground.com\\\/fr\\\/produit\\\/lasiocyano-sazimai\\\/#breadcrumb\"},\"inLanguage\":\"fr-FR\",\"potentialAction\":[{\"@type\":\"ReadAction\",\"target\":[\"https:\\\/\\\/antderground.com\\\/fr\\\/produit\\\/lasiocyano-sazimai\\\/\"]}]},{\"@type\":\"ImageObject\",\"inLanguage\":\"fr-FR\",\"@id\":\"https:\\\/\\\/antderground.com\\\/fr\\\/produit\\\/lasiocyano-sazimai\\\/#primaryimage\",\"url\":\"https:\\\/\\\/antderground.com\\\/wp-content\\\/uploads\\\/2026\\\/04\\\/Lasiocyano-sazimai-tarantula.png\",\"contentUrl\":\"https:\\\/\\\/antderground.com\\\/wp-content\\\/uploads\\\/2026\\\/04\\\/Lasiocyano-sazimai-tarantula.png\",\"width\":1080,\"height\":1080,\"caption\":\"Mygale Bleue du Br\u00e9sil\"},{\"@type\":\"BreadcrumbList\",\"@id\":\"https:\\\/\\\/antderground.com\\\/fr\\\/produit\\\/lasiocyano-sazimai\\\/#breadcrumb\",\"itemListElement\":[{\"@type\":\"ListItem\",\"position\":1,\"name\":\"Portada\",\"item\":\"https:\\\/\\\/antderground.com\\\/fr\\\/\"},{\"@type\":\"ListItem\",\"position\":2,\"name\":\"Boutique\",\"item\":\"https:\\\/\\\/antderground.com\\\/fr\\\/boutique\\\/\"},{\"@type\":\"ListItem\",\"position\":3,\"name\":\"Lasiocyano sazimai\"}]},{\"@type\":\"WebSite\",\"@id\":\"https:\\\/\\\/antderground.com\\\/fr\\\/#website\",\"url\":\"https:\\\/\\\/antderground.com\\\/fr\\\/\",\"name\":\"ANTDERGROUND\",\"description\":\"Tu tienda de hormigas, gran variedad de hormigueros acr\u00edlicos,madera,arena,3D y mas.. Pide tus hormigas gratis con tu pedido, somos expertos en hormigueros antifugas.\",\"publisher\":{\"@id\":\"https:\\\/\\\/antderground.com\\\/fr\\\/#\\\/schema\\\/person\\\/0e322c505e84fe72c65e2f6d08f96b81\"},\"alternateName\":\"Antderground\",\"potentialAction\":[{\"@type\":\"SearchAction\",\"target\":{\"@type\":\"EntryPoint\",\"urlTemplate\":\"https:\\\/\\\/antderground.com\\\/fr\\\/?s={search_term_string}\"},\"query-input\":{\"@type\":\"PropertyValueSpecification\",\"valueRequired\":true,\"valueName\":\"search_term_string\"}}],\"inLanguage\":\"fr-FR\"},{\"@type\":[\"Person\",\"Organization\"],\"@id\":\"https:\\\/\\\/antderground.com\\\/fr\\\/#\\\/schema\\\/person\\\/0e322c505e84fe72c65e2f6d08f96b81\",\"name\":\"Eric de Antderground\",\"image\":{\"@type\":\"ImageObject\",\"inLanguage\":\"fr-FR\",\"@id\":\"https:\\\/\\\/secure.gravatar.com\\\/avatar\\\/c49a1b9f79216d1498cb73c1e85cd47f4465dda35f2a94c03790d491bd4423c3?s=96&d=mm&r=g\",\"url\":\"https:\\\/\\\/secure.gravatar.com\\\/avatar\\\/c49a1b9f79216d1498cb73c1e85cd47f4465dda35f2a94c03790d491bd4423c3?s=96&d=mm&r=g\",\"contentUrl\":\"https:\\\/\\\/secure.gravatar.com\\\/avatar\\\/c49a1b9f79216d1498cb73c1e85cd47f4465dda35f2a94c03790d491bd4423c3?s=96&d=mm&r=g\",\"caption\":\"Eric de Antderground\"},\"logo\":{\"@id\":\"https:\\\/\\\/secure.gravatar.com\\\/avatar\\\/c49a1b9f79216d1498cb73c1e85cd47f4465dda35f2a94c03790d491bd4423c3?s=96&d=mm&r=g\"},\"description\":\"Eric es el especialista y fundador de Antderground, con una amplia trayectoria en artr\u00f3podos y enfocado en la mirmecolog\u00eda y el dise\u00f1o de hormigueros artificiales. Su enfoque combina la innovaci\u00f3n t\u00e9cnica con el respeto por la biolog\u00eda de las hormigas, is\u00f3podos y otros, desarrollando sistemas de nidos modulares 3D y acr\u00edlicos que son referentes para aficionados y profesionales en toda Europa. Su objetivo es facilitar la cr\u00eda de hormigas y otros artr\u00f3podos mediante soluciones seguras y divulgaci\u00f3n de calidad.\",\"sameAs\":[\"https:\\\/\\\/antderground.com\\\/\",\"https:\\\/\\\/www.youtube.com\\\/channel\\\/UCio72z7TlbufkAthAJIJfPw\"]}]}<\/script>\n<!-- \/ Yoast SEO plugin. -->","yoast_head_json":{"title":"Mygale Lasiocyano sazimai | terrariums exotiques \ud83d\udd77\ufe0f - ANTDERGROUND","description":"Achetez Lasiocyano sazimai, la Mygale Bleue du Br\u00e9sil \u00e0 l\u2019intense coloration bleu m\u00e9tallique, id\u00e9ale pour les terrariums exotiques. \ud83d\udd77\ufe0f\ud83d\udd77\ufe0f Theraphosidae !","robots":{"index":"index","follow":"follow","max-snippet":"max-snippet:-1","max-image-preview":"max-image-preview:large","max-video-preview":"max-video-preview:-1"},"canonical":"https:\/\/antderground.com\/fr\/produit\/lasiocyano-sazimai\/","og_locale":"fr_FR","og_type":"article","og_title":"Mygale Lasiocyano sazimai | terrariums exotiques \ud83d\udd77\ufe0f - ANTDERGROUND","og_description":"Achetez Lasiocyano sazimai, la Mygale Bleue du Br\u00e9sil \u00e0 l\u2019intense coloration bleu m\u00e9tallique, id\u00e9ale pour les terrariums exotiques. \ud83d\udd77\ufe0f\ud83d\udd77\ufe0f Theraphosidae !","og_url":"https:\/\/antderground.com\/fr\/produit\/lasiocyano-sazimai\/","og_site_name":"ANTDERGROUND","og_image":[{"width":1080,"height":1080,"url":"https:\/\/antderground.com\/wp-content\/uploads\/2026\/04\/Lasiocyano-sazimai-tarantula.png","type":"image\/png"}],"twitter_card":"summary_large_image","twitter_misc":{"Dur\u00e9e de lecture estim\u00e9e":"3 minutes"},"schema":{"@context":"https:\/\/schema.org","@graph":[{"@type":"WebPage","@id":"https:\/\/antderground.com\/fr\/produit\/lasiocyano-sazimai\/","url":"https:\/\/antderground.com\/fr\/produit\/lasiocyano-sazimai\/","name":"Mygale Lasiocyano sazimai | terrariums exotiques \ud83d\udd77\ufe0f - ANTDERGROUND","isPartOf":{"@id":"https:\/\/antderground.com\/fr\/#website"},"primaryImageOfPage":{"@id":"https:\/\/antderground.com\/fr\/produit\/lasiocyano-sazimai\/#primaryimage"},"image":{"@id":"https:\/\/antderground.com\/fr\/produit\/lasiocyano-sazimai\/#primaryimage"},"thumbnailUrl":"https:\/\/antderground.com\/wp-content\/uploads\/2026\/04\/Lasiocyano-sazimai-tarantula.png","datePublished":"2026-04-24T13:50:12+00:00","description":"Achetez Lasiocyano sazimai, la Mygale Bleue du Br\u00e9sil \u00e0 l\u2019intense coloration bleu m\u00e9tallique, id\u00e9ale pour les terrariums exotiques. \ud83d\udd77\ufe0f\ud83d\udd77\ufe0f Theraphosidae !","breadcrumb":{"@id":"https:\/\/antderground.com\/fr\/produit\/lasiocyano-sazimai\/#breadcrumb"},"inLanguage":"fr-FR","potentialAction":[{"@type":"ReadAction","target":["https:\/\/antderground.com\/fr\/produit\/lasiocyano-sazimai\/"]}]},{"@type":"ImageObject","inLanguage":"fr-FR","@id":"https:\/\/antderground.com\/fr\/produit\/lasiocyano-sazimai\/#primaryimage","url":"https:\/\/antderground.com\/wp-content\/uploads\/2026\/04\/Lasiocyano-sazimai-tarantula.png","contentUrl":"https:\/\/antderground.com\/wp-content\/uploads\/2026\/04\/Lasiocyano-sazimai-tarantula.png","width":1080,"height":1080,"caption":"Mygale Bleue du Br\u00e9sil"},{"@type":"BreadcrumbList","@id":"https:\/\/antderground.com\/fr\/produit\/lasiocyano-sazimai\/#breadcrumb","itemListElement":[{"@type":"ListItem","position":1,"name":"Portada","item":"https:\/\/antderground.com\/fr\/"},{"@type":"ListItem","position":2,"name":"Boutique","item":"https:\/\/antderground.com\/fr\/boutique\/"},{"@type":"ListItem","position":3,"name":"Lasiocyano sazimai"}]},{"@type":"WebSite","@id":"https:\/\/antderground.com\/fr\/#website","url":"https:\/\/antderground.com\/fr\/","name":"ANTDERGROUND","description":"Tu tienda de hormigas, gran variedad de hormigueros acr\u00edlicos,madera,arena,3D y mas.. Pide tus hormigas gratis con tu pedido, somos expertos en hormigueros antifugas.","publisher":{"@id":"https:\/\/antderground.com\/fr\/#\/schema\/person\/0e322c505e84fe72c65e2f6d08f96b81"},"alternateName":"Antderground","potentialAction":[{"@type":"SearchAction","target":{"@type":"EntryPoint","urlTemplate":"https:\/\/antderground.com\/fr\/?s={search_term_string}"},"query-input":{"@type":"PropertyValueSpecification","valueRequired":true,"valueName":"search_term_string"}}],"inLanguage":"fr-FR"},{"@type":["Person","Organization"],"@id":"https:\/\/antderground.com\/fr\/#\/schema\/person\/0e322c505e84fe72c65e2f6d08f96b81","name":"Eric de Antderground","image":{"@type":"ImageObject","inLanguage":"fr-FR","@id":"https:\/\/secure.gravatar.com\/avatar\/c49a1b9f79216d1498cb73c1e85cd47f4465dda35f2a94c03790d491bd4423c3?s=96&d=mm&r=g","url":"https:\/\/secure.gravatar.com\/avatar\/c49a1b9f79216d1498cb73c1e85cd47f4465dda35f2a94c03790d491bd4423c3?s=96&d=mm&r=g","contentUrl":"https:\/\/secure.gravatar.com\/avatar\/c49a1b9f79216d1498cb73c1e85cd47f4465dda35f2a94c03790d491bd4423c3?s=96&d=mm&r=g","caption":"Eric de Antderground"},"logo":{"@id":"https:\/\/secure.gravatar.com\/avatar\/c49a1b9f79216d1498cb73c1e85cd47f4465dda35f2a94c03790d491bd4423c3?s=96&d=mm&r=g"},"description":"Eric es el especialista y fundador de Antderground, con una amplia trayectoria en artr\u00f3podos y enfocado en la mirmecolog\u00eda y el dise\u00f1o de hormigueros artificiales. Su enfoque combina la innovaci\u00f3n t\u00e9cnica con el respeto por la biolog\u00eda de las hormigas, is\u00f3podos y otros, desarrollando sistemas de nidos modulares 3D y acr\u00edlicos que son referentes para aficionados y profesionales en toda Europa. Su objetivo es facilitar la cr\u00eda de hormigas y otros artr\u00f3podos mediante soluciones seguras y divulgaci\u00f3n de calidad.","sameAs":["https:\/\/antderground.com\/","https:\/\/www.youtube.com\/channel\/UCio72z7TlbufkAthAJIJfPw"]}]}},"_links":{"self":[{"href":"https:\/\/antderground.com\/fr\/wp-json\/wp\/v2\/product\/52816","targetHints":{"allow":["GET"]}}],"collection":[{"href":"https:\/\/antderground.com\/fr\/wp-json\/wp\/v2\/product"}],"about":[{"href":"https:\/\/antderground.com\/fr\/wp-json\/wp\/v2\/types\/product"}],"version-history":[{"count":0,"href":"https:\/\/antderground.com\/fr\/wp-json\/wp\/v2\/product\/52816\/revisions"}],"wp:featuredmedia":[{"embeddable":true,"href":"https:\/\/antderground.com\/fr\/wp-json\/wp\/v2\/media\/52716"}],"wp:attachment":[{"href":"https:\/\/antderground.com\/fr\/wp-json\/wp\/v2\/media?parent=52816"}],"wp:term":[{"taxonomy":"product_brand","embeddable":true,"href":"https:\/\/antderground.com\/fr\/wp-json\/wp\/v2\/product_brand?post=52816"},{"taxonomy":"product_cat","embeddable":true,"href":"https:\/\/antderground.com\/fr\/wp-json\/wp\/v2\/product_cat?post=52816"},{"taxonomy":"product_tag","embeddable":true,"href":"https:\/\/antderground.com\/fr\/wp-json\/wp\/v2\/product_tag?post=52816"}],"curies":[{"name":"wp","href":"https:\/\/api.w.org\/{rel}","templated":true}]}}