{"id":7572,"date":"2020-05-27T21:05:23","date_gmt":"2020-05-27T19:05:23","guid":{"rendered":"https:\/\/www.antderground.com\/producto\/abreuvoir-de-fourmis-15-ml\/"},"modified":"2021-10-28T16:07:19","modified_gmt":"2021-10-28T14:07:19","slug":"abreuvoir-de-fourmis-15-ml","status":"publish","type":"product","link":"https:\/\/antderground.com\/fr\/produit\/abreuvoir-de-fourmis-15-ml\/","title":{"rendered":"Abreuvoir de fourmis 1,5 ml"},"content":{"rendered":"<p><strong> Abreuvoir pour fourmis <\/strong><\/p>\n<p>Avec l&#8217;abreuvoir de fourmis Antderground, vos fourmis auront toujours un point d&#8217;hydratation et \/ ou de nourriture liquide \u00e0 proximit\u00e9, confortable et propre.<\/p>\n<p>Con\u00e7u pour que plusieurs fourmis puissent l&#8217;utiliser en m\u00eame temps, sans perte de liquide, et pour que la nourriture soit conserv\u00e9e le plus longtemps possible, puisque sa bouteille en verre ambr\u00e9 retarde l&#8217;oxydation du contenu.<\/p>\n","protected":false},"excerpt":{"rendered":"<p>Abreuvoir de fourmis avec une bouteille en verre ambr\u00e9 pour une meilleure conservation des aliments<\/p>\n","protected":false},"featured_media":14263,"template":"","meta":[],"product_brand":[],"product_cat":[107,110],"product_tag":[],"class_list":{"0":"post-7572","1":"product","2":"type-product","3":"status-publish","4":"has-post-thumbnail","6":"product_cat-accessoires","7":"product_cat-mangeoires-et-abreuvoirs","9":"first","10":"outofstock","11":"sale","12":"shipping-taxable","13":"purchasable","14":"product-type-simple"},"yoast_head":"<!-- This site is optimized with the Yoast SEO plugin v27.3 - https:\/\/yoast.com\/product\/yoast-seo-wordpress\/ -->\n<title>Abreuvoir \u00e0 fourmis, cr\u00e9\u00e9 par Antderground. Nourriture pour fourmis,<\/title>\n<meta name=\"description\" content=\"D\u00e9couvrez les buveurs de fourmis cr\u00e9\u00e9s par antderground avec des mat\u00e9riaux de premi\u00e8re qualit\u00e9 pour mieux conserver les aliments. Nouvelle gamme de produits. Nous prenons soin de vos fourmis. Experts en myrm\u00e9cologie.\" \/>\n<meta name=\"robots\" content=\"index, follow, max-snippet:-1, max-image-preview:large, max-video-preview:-1\" \/>\n<link rel=\"canonical\" href=\"https:\/\/antderground.com\/fr\/produit\/abreuvoir-de-fourmis-15-ml\/\" \/>\n<meta property=\"og:locale\" content=\"fr_FR\" \/>\n<meta property=\"og:type\" content=\"article\" \/>\n<meta property=\"og:title\" content=\"Abreuvoir \u00e0 fourmis, cr\u00e9\u00e9 par Antderground. Nourriture pour fourmis,\" \/>\n<meta property=\"og:description\" content=\"D\u00e9couvrez les buveurs de fourmis cr\u00e9\u00e9s par antderground avec des mat\u00e9riaux de premi\u00e8re qualit\u00e9 pour mieux conserver les aliments. Nouvelle gamme de produits. Nous prenons soin de vos fourmis. Experts en myrm\u00e9cologie.\" \/>\n<meta property=\"og:url\" content=\"https:\/\/antderground.com\/fr\/produit\/abreuvoir-de-fourmis-15-ml\/\" \/>\n<meta property=\"og:site_name\" content=\"ANTDERGROUND\" \/>\n<meta property=\"article:modified_time\" content=\"2021-10-28T14:07:19+00:00\" \/>\n<meta property=\"og:image\" content=\"https:\/\/antderground.com\/wp-content\/uploads\/2020\/05\/IMG-20230211-WA0000.jpg\" \/>\n\t<meta property=\"og:image:width\" content=\"1078\" \/>\n\t<meta property=\"og:image:height\" content=\"1078\" \/>\n\t<meta property=\"og:image:type\" content=\"image\/jpeg\" \/>\n<meta name=\"twitter:card\" content=\"summary_large_image\" \/>\n<script type=\"application\/ld+json\" class=\"yoast-schema-graph\">{\"@context\":\"https:\\\/\\\/schema.org\",\"@graph\":[{\"@type\":\"WebPage\",\"@id\":\"https:\\\/\\\/antderground.com\\\/fr\\\/produit\\\/abreuvoir-de-fourmis-15-ml\\\/\",\"url\":\"https:\\\/\\\/antderground.com\\\/fr\\\/produit\\\/abreuvoir-de-fourmis-15-ml\\\/\",\"name\":\"Abreuvoir \u00e0 fourmis, cr\u00e9\u00e9 par Antderground. Nourriture pour fourmis,\",\"isPartOf\":{\"@id\":\"https:\\\/\\\/antderground.com\\\/fr\\\/#website\"},\"primaryImageOfPage\":{\"@id\":\"https:\\\/\\\/antderground.com\\\/fr\\\/produit\\\/abreuvoir-de-fourmis-15-ml\\\/#primaryimage\"},\"image\":{\"@id\":\"https:\\\/\\\/antderground.com\\\/fr\\\/produit\\\/abreuvoir-de-fourmis-15-ml\\\/#primaryimage\"},\"thumbnailUrl\":\"https:\\\/\\\/antderground.com\\\/wp-content\\\/uploads\\\/2020\\\/05\\\/bebedero-ant-feeder.jpg\",\"datePublished\":\"2020-05-27T19:05:23+00:00\",\"dateModified\":\"2021-10-28T14:07:19+00:00\",\"description\":\"D\u00e9couvrez les buveurs de fourmis cr\u00e9\u00e9s par antderground avec des mat\u00e9riaux de premi\u00e8re qualit\u00e9 pour mieux conserver les aliments. Nouvelle gamme de produits. Nous prenons soin de vos fourmis. Experts en myrm\u00e9cologie.\",\"breadcrumb\":{\"@id\":\"https:\\\/\\\/antderground.com\\\/fr\\\/produit\\\/abreuvoir-de-fourmis-15-ml\\\/#breadcrumb\"},\"inLanguage\":\"fr-FR\",\"potentialAction\":[{\"@type\":\"ReadAction\",\"target\":[\"https:\\\/\\\/antderground.com\\\/fr\\\/produit\\\/abreuvoir-de-fourmis-15-ml\\\/\"]}]},{\"@type\":\"ImageObject\",\"inLanguage\":\"fr-FR\",\"@id\":\"https:\\\/\\\/antderground.com\\\/fr\\\/produit\\\/abreuvoir-de-fourmis-15-ml\\\/#primaryimage\",\"url\":\"https:\\\/\\\/antderground.com\\\/wp-content\\\/uploads\\\/2020\\\/05\\\/bebedero-ant-feeder.jpg\",\"contentUrl\":\"https:\\\/\\\/antderground.com\\\/wp-content\\\/uploads\\\/2020\\\/05\\\/bebedero-ant-feeder.jpg\",\"width\":591,\"height\":601,\"caption\":\"buveur de fourmis\"},{\"@type\":\"BreadcrumbList\",\"@id\":\"https:\\\/\\\/antderground.com\\\/fr\\\/produit\\\/abreuvoir-de-fourmis-15-ml\\\/#breadcrumb\",\"itemListElement\":[{\"@type\":\"ListItem\",\"position\":1,\"name\":\"Portada\",\"item\":\"https:\\\/\\\/antderground.com\\\/fr\\\/\"},{\"@type\":\"ListItem\",\"position\":2,\"name\":\"Boutique\",\"item\":\"https:\\\/\\\/antderground.com\\\/fr\\\/boutique\\\/\"},{\"@type\":\"ListItem\",\"position\":3,\"name\":\"Abreuvoir de fourmis 1,5 ml\"}]},{\"@type\":\"WebSite\",\"@id\":\"https:\\\/\\\/antderground.com\\\/fr\\\/#website\",\"url\":\"https:\\\/\\\/antderground.com\\\/fr\\\/\",\"name\":\"ANTDERGROUND\",\"description\":\"Tu tienda de hormigas, gran variedad de hormigueros acr\u00edlicos,madera,arena,3D y mas.. Pide tus hormigas gratis con tu pedido, somos expertos en hormigueros antifugas.\",\"publisher\":{\"@id\":\"https:\\\/\\\/antderground.com\\\/fr\\\/#\\\/schema\\\/person\\\/0e322c505e84fe72c65e2f6d08f96b81\"},\"alternateName\":\"Antderground\",\"potentialAction\":[{\"@type\":\"SearchAction\",\"target\":{\"@type\":\"EntryPoint\",\"urlTemplate\":\"https:\\\/\\\/antderground.com\\\/fr\\\/?s={search_term_string}\"},\"query-input\":{\"@type\":\"PropertyValueSpecification\",\"valueRequired\":true,\"valueName\":\"search_term_string\"}}],\"inLanguage\":\"fr-FR\"},{\"@type\":[\"Person\",\"Organization\"],\"@id\":\"https:\\\/\\\/antderground.com\\\/fr\\\/#\\\/schema\\\/person\\\/0e322c505e84fe72c65e2f6d08f96b81\",\"name\":\"Eric de Antderground\",\"image\":{\"@type\":\"ImageObject\",\"inLanguage\":\"fr-FR\",\"@id\":\"https:\\\/\\\/secure.gravatar.com\\\/avatar\\\/c49a1b9f79216d1498cb73c1e85cd47f4465dda35f2a94c03790d491bd4423c3?s=96&d=mm&r=g\",\"url\":\"https:\\\/\\\/secure.gravatar.com\\\/avatar\\\/c49a1b9f79216d1498cb73c1e85cd47f4465dda35f2a94c03790d491bd4423c3?s=96&d=mm&r=g\",\"contentUrl\":\"https:\\\/\\\/secure.gravatar.com\\\/avatar\\\/c49a1b9f79216d1498cb73c1e85cd47f4465dda35f2a94c03790d491bd4423c3?s=96&d=mm&r=g\",\"caption\":\"Eric de Antderground\"},\"logo\":{\"@id\":\"https:\\\/\\\/secure.gravatar.com\\\/avatar\\\/c49a1b9f79216d1498cb73c1e85cd47f4465dda35f2a94c03790d491bd4423c3?s=96&d=mm&r=g\"},\"description\":\"Eric es el especialista y fundador de Antderground, con una amplia trayectoria en artr\u00f3podos y enfocado en la mirmecolog\u00eda y el dise\u00f1o de hormigueros artificiales. Su enfoque combina la innovaci\u00f3n t\u00e9cnica con el respeto por la biolog\u00eda de las hormigas, is\u00f3podos y otros, desarrollando sistemas de nidos modulares 3D y acr\u00edlicos que son referentes para aficionados y profesionales en toda Europa. Su objetivo es facilitar la cr\u00eda de hormigas y otros artr\u00f3podos mediante soluciones seguras y divulgaci\u00f3n de calidad.\",\"sameAs\":[\"https:\\\/\\\/antderground.com\\\/\",\"https:\\\/\\\/www.youtube.com\\\/channel\\\/UCio72z7TlbufkAthAJIJfPw\"]}]}<\/script>\n<!-- \/ Yoast SEO plugin. -->","yoast_head_json":{"title":"Abreuvoir \u00e0 fourmis, cr\u00e9\u00e9 par Antderground. Nourriture pour fourmis,","description":"D\u00e9couvrez les buveurs de fourmis cr\u00e9\u00e9s par antderground avec des mat\u00e9riaux de premi\u00e8re qualit\u00e9 pour mieux conserver les aliments. Nouvelle gamme de produits. Nous prenons soin de vos fourmis. Experts en myrm\u00e9cologie.","robots":{"index":"index","follow":"follow","max-snippet":"max-snippet:-1","max-image-preview":"max-image-preview:large","max-video-preview":"max-video-preview:-1"},"canonical":"https:\/\/antderground.com\/fr\/produit\/abreuvoir-de-fourmis-15-ml\/","og_locale":"fr_FR","og_type":"article","og_title":"Abreuvoir \u00e0 fourmis, cr\u00e9\u00e9 par Antderground. Nourriture pour fourmis,","og_description":"D\u00e9couvrez les buveurs de fourmis cr\u00e9\u00e9s par antderground avec des mat\u00e9riaux de premi\u00e8re qualit\u00e9 pour mieux conserver les aliments. Nouvelle gamme de produits. Nous prenons soin de vos fourmis. Experts en myrm\u00e9cologie.","og_url":"https:\/\/antderground.com\/fr\/produit\/abreuvoir-de-fourmis-15-ml\/","og_site_name":"ANTDERGROUND","article_modified_time":"2021-10-28T14:07:19+00:00","og_image":[{"width":1078,"height":1078,"url":"https:\/\/antderground.com\/wp-content\/uploads\/2020\/05\/IMG-20230211-WA0000.jpg","type":"image\/jpeg"}],"twitter_card":"summary_large_image","schema":{"@context":"https:\/\/schema.org","@graph":[{"@type":"WebPage","@id":"https:\/\/antderground.com\/fr\/produit\/abreuvoir-de-fourmis-15-ml\/","url":"https:\/\/antderground.com\/fr\/produit\/abreuvoir-de-fourmis-15-ml\/","name":"Abreuvoir \u00e0 fourmis, cr\u00e9\u00e9 par Antderground. Nourriture pour fourmis,","isPartOf":{"@id":"https:\/\/antderground.com\/fr\/#website"},"primaryImageOfPage":{"@id":"https:\/\/antderground.com\/fr\/produit\/abreuvoir-de-fourmis-15-ml\/#primaryimage"},"image":{"@id":"https:\/\/antderground.com\/fr\/produit\/abreuvoir-de-fourmis-15-ml\/#primaryimage"},"thumbnailUrl":"https:\/\/antderground.com\/wp-content\/uploads\/2020\/05\/bebedero-ant-feeder.jpg","datePublished":"2020-05-27T19:05:23+00:00","dateModified":"2021-10-28T14:07:19+00:00","description":"D\u00e9couvrez les buveurs de fourmis cr\u00e9\u00e9s par antderground avec des mat\u00e9riaux de premi\u00e8re qualit\u00e9 pour mieux conserver les aliments. Nouvelle gamme de produits. Nous prenons soin de vos fourmis. Experts en myrm\u00e9cologie.","breadcrumb":{"@id":"https:\/\/antderground.com\/fr\/produit\/abreuvoir-de-fourmis-15-ml\/#breadcrumb"},"inLanguage":"fr-FR","potentialAction":[{"@type":"ReadAction","target":["https:\/\/antderground.com\/fr\/produit\/abreuvoir-de-fourmis-15-ml\/"]}]},{"@type":"ImageObject","inLanguage":"fr-FR","@id":"https:\/\/antderground.com\/fr\/produit\/abreuvoir-de-fourmis-15-ml\/#primaryimage","url":"https:\/\/antderground.com\/wp-content\/uploads\/2020\/05\/bebedero-ant-feeder.jpg","contentUrl":"https:\/\/antderground.com\/wp-content\/uploads\/2020\/05\/bebedero-ant-feeder.jpg","width":591,"height":601,"caption":"buveur de fourmis"},{"@type":"BreadcrumbList","@id":"https:\/\/antderground.com\/fr\/produit\/abreuvoir-de-fourmis-15-ml\/#breadcrumb","itemListElement":[{"@type":"ListItem","position":1,"name":"Portada","item":"https:\/\/antderground.com\/fr\/"},{"@type":"ListItem","position":2,"name":"Boutique","item":"https:\/\/antderground.com\/fr\/boutique\/"},{"@type":"ListItem","position":3,"name":"Abreuvoir de fourmis 1,5 ml"}]},{"@type":"WebSite","@id":"https:\/\/antderground.com\/fr\/#website","url":"https:\/\/antderground.com\/fr\/","name":"ANTDERGROUND","description":"Tu tienda de hormigas, gran variedad de hormigueros acr\u00edlicos,madera,arena,3D y mas.. Pide tus hormigas gratis con tu pedido, somos expertos en hormigueros antifugas.","publisher":{"@id":"https:\/\/antderground.com\/fr\/#\/schema\/person\/0e322c505e84fe72c65e2f6d08f96b81"},"alternateName":"Antderground","potentialAction":[{"@type":"SearchAction","target":{"@type":"EntryPoint","urlTemplate":"https:\/\/antderground.com\/fr\/?s={search_term_string}"},"query-input":{"@type":"PropertyValueSpecification","valueRequired":true,"valueName":"search_term_string"}}],"inLanguage":"fr-FR"},{"@type":["Person","Organization"],"@id":"https:\/\/antderground.com\/fr\/#\/schema\/person\/0e322c505e84fe72c65e2f6d08f96b81","name":"Eric de Antderground","image":{"@type":"ImageObject","inLanguage":"fr-FR","@id":"https:\/\/secure.gravatar.com\/avatar\/c49a1b9f79216d1498cb73c1e85cd47f4465dda35f2a94c03790d491bd4423c3?s=96&d=mm&r=g","url":"https:\/\/secure.gravatar.com\/avatar\/c49a1b9f79216d1498cb73c1e85cd47f4465dda35f2a94c03790d491bd4423c3?s=96&d=mm&r=g","contentUrl":"https:\/\/secure.gravatar.com\/avatar\/c49a1b9f79216d1498cb73c1e85cd47f4465dda35f2a94c03790d491bd4423c3?s=96&d=mm&r=g","caption":"Eric de Antderground"},"logo":{"@id":"https:\/\/secure.gravatar.com\/avatar\/c49a1b9f79216d1498cb73c1e85cd47f4465dda35f2a94c03790d491bd4423c3?s=96&d=mm&r=g"},"description":"Eric es el especialista y fundador de Antderground, con una amplia trayectoria en artr\u00f3podos y enfocado en la mirmecolog\u00eda y el dise\u00f1o de hormigueros artificiales. Su enfoque combina la innovaci\u00f3n t\u00e9cnica con el respeto por la biolog\u00eda de las hormigas, is\u00f3podos y otros, desarrollando sistemas de nidos modulares 3D y acr\u00edlicos que son referentes para aficionados y profesionales en toda Europa. Su objetivo es facilitar la cr\u00eda de hormigas y otros artr\u00f3podos mediante soluciones seguras y divulgaci\u00f3n de calidad.","sameAs":["https:\/\/antderground.com\/","https:\/\/www.youtube.com\/channel\/UCio72z7TlbufkAthAJIJfPw"]}]}},"_links":{"self":[{"href":"https:\/\/antderground.com\/fr\/wp-json\/wp\/v2\/product\/7572","targetHints":{"allow":["GET"]}}],"collection":[{"href":"https:\/\/antderground.com\/fr\/wp-json\/wp\/v2\/product"}],"about":[{"href":"https:\/\/antderground.com\/fr\/wp-json\/wp\/v2\/types\/product"}],"version-history":[{"count":0,"href":"https:\/\/antderground.com\/fr\/wp-json\/wp\/v2\/product\/7572\/revisions"}],"wp:featuredmedia":[{"embeddable":true,"href":"https:\/\/antderground.com\/fr\/wp-json\/wp\/v2\/media\/14263"}],"wp:attachment":[{"href":"https:\/\/antderground.com\/fr\/wp-json\/wp\/v2\/media?parent=7572"}],"wp:term":[{"taxonomy":"product_brand","embeddable":true,"href":"https:\/\/antderground.com\/fr\/wp-json\/wp\/v2\/product_brand?post=7572"},{"taxonomy":"product_cat","embeddable":true,"href":"https:\/\/antderground.com\/fr\/wp-json\/wp\/v2\/product_cat?post=7572"},{"taxonomy":"product_tag","embeddable":true,"href":"https:\/\/antderground.com\/fr\/wp-json\/wp\/v2\/product_tag?post=7572"}],"curies":[{"name":"wp","href":"https:\/\/api.w.org\/{rel}","templated":true}]}}