{"id":7573,"date":"2020-04-14T22:56:45","date_gmt":"2020-04-14T20:56:45","guid":{"rendered":"https:\/\/www.antderground.com\/producto\/fourmilieres-anti-fuite-champignon\/"},"modified":"2023-03-10T15:29:46","modified_gmt":"2023-03-10T14:29:46","slug":"fourmilieres-anti-fuite-champignon","status":"publish","type":"product","link":"https:\/\/antderground.com\/fr\/produit\/fourmilieres-anti-fuite-champignon\/","title":{"rendered":"Fourmili\u00e8res anti fuite Champignon"},"content":{"rendered":"<p>Fourmili\u00e8res anti fuite, champignon<\/p>\n<p>La fourmili\u00e8re anti-fuite se compose de galeries disponibles en hauteur de 6 mm et d&#8217;un syst\u00e8me d&#8217;humidit\u00e9 avec r\u00e9servoir int\u00e9gr\u00e9.<\/p>\n<p>Il dispose \u00e9galement de 2 \u00e9ponges situ\u00e9es de chaque c\u00f4t\u00e9 de la fourmili\u00e8re pour renforcer le taux d&#8217;humidit\u00e9 si n\u00e9cessaire.<\/p>\n<p>Con\u00e7u pour les micro et mini esp\u00e8ces qui n\u00e9cessitent un haut niveau d&#8217;humidit\u00e9.<\/p>\n<p>Il a un double bord pour atteindre une opacit\u00e9 de 100% pour les esp\u00e8ces extr\u00eamement photosensibles, avec un capuchon rouge et un capuchon d&#8217;obscurcissement en m\u00e9thacrylate opaque.<\/p>\n<p>Il dispose d&#8217;un bac d&#8217;alimentation int\u00e9gr\u00e9, d&#8217;une hauteur de 3 cm, pour pouvoir nettoyer et \/ ou nourrir les fourmis, r\u00e9duire les risques de fuite et \/ ou l&#8217;utiliser avec de l&#8217;huile min\u00e9rale anti-fuite.<\/p>\n<p>Avec bo\u00eete d&#8217;alimentation en acrylique rouge en option pour minimiser l&#8217;exposition \u00e0 la lumi\u00e8re, au moment de l&#8217;alimentation, des esp\u00e8ces qui se nourrissent naturellement dans des conditions de faible ou pas de lumi\u00e8re.<\/p>\n<p>Une fourmili\u00e8re anti-fuite con\u00e7ue pour les fourmis et les clients les plus exigeants et fabriqu\u00e9e avec les meilleurs mat\u00e9riaux.<\/p>\n<p>Comme toujours avec la garantie de qualit\u00e9 d&#8217;Antderground.<\/p>\n<p>Votre magasin de fourmili\u00e8re et de myrm\u00e9cologie.<\/p>\n","protected":false},"excerpt":{"rendered":"<p>Fourmili\u00e8res anti fuite, champignon La fourmili\u00e8re anti-fuite se compose de galeries disponibles en hauteur de 6 mm et d&#8217;un syst\u00e8me<\/p>\n","protected":false},"featured_media":14548,"template":"","meta":[],"product_brand":[],"product_cat":[114,437,115],"product_tag":[],"class_list":{"0":"post-7573","1":"product","2":"type-product","3":"status-publish","4":"has-post-thumbnail","6":"product_cat-fourmilieres","7":"product_cat-fourmilieres-acryliques","8":"product_cat-fourmilieres-anti-fuite","10":"first","11":"instock","12":"shipping-taxable","13":"purchasable","14":"product-type-simple"},"yoast_head":"<!-- This site is optimized with the Yoast SEO plugin v27.4 - https:\/\/yoast.com\/product\/yoast-seo-wordpress\/ -->\n<title>Fourmili\u00e8res anti fuite Champignon - ANTDERGROUND<\/title>\n<meta name=\"description\" content=\"D\u00e9couvrez cette gamme de fourmili\u00e8re anti-fuites de qualit\u00e9 sup\u00e9rieure. Ces fourmili\u00e8re sont plus s\u00fbrs que la prison d&#039;Alcatraz ;-). N&#039;oubliez pas que dans le magasin Antderground, vous trouverez du mat\u00e9riel de myrm\u00e9cologie de niveau professionnel.\" \/>\n<meta name=\"robots\" content=\"index, follow, max-snippet:-1, max-image-preview:large, max-video-preview:-1\" \/>\n<link rel=\"canonical\" href=\"https:\/\/antderground.com\/fr\/produit\/fourmilieres-anti-fuite-champignon\/\" \/>\n<meta property=\"og:locale\" content=\"fr_FR\" \/>\n<meta property=\"og:type\" content=\"article\" \/>\n<meta property=\"og:title\" content=\"Fourmili\u00e8res anti fuite Champignon - ANTDERGROUND\" \/>\n<meta property=\"og:description\" content=\"D\u00e9couvrez cette gamme de fourmili\u00e8re anti-fuites de qualit\u00e9 sup\u00e9rieure. Ces fourmili\u00e8re sont plus s\u00fbrs que la prison d&#039;Alcatraz ;-). N&#039;oubliez pas que dans le magasin Antderground, vous trouverez du mat\u00e9riel de myrm\u00e9cologie de niveau professionnel.\" \/>\n<meta property=\"og:url\" content=\"https:\/\/antderground.com\/fr\/produit\/fourmilieres-anti-fuite-champignon\/\" \/>\n<meta property=\"og:site_name\" content=\"ANTDERGROUND\" \/>\n<meta property=\"article:modified_time\" content=\"2023-03-10T14:29:46+00:00\" \/>\n<meta property=\"og:image\" content=\"https:\/\/antderground.com\/wp-content\/uploads\/2020\/04\/hormiguero-antifugas-seta-.jpg\" \/>\n\t<meta property=\"og:image:width\" content=\"591\" \/>\n\t<meta property=\"og:image:height\" content=\"601\" \/>\n\t<meta property=\"og:image:type\" content=\"image\/jpeg\" \/>\n<meta name=\"twitter:card\" content=\"summary_large_image\" \/>\n<meta name=\"twitter:label1\" content=\"Dur\u00e9e de lecture estim\u00e9e\" \/>\n\t<meta name=\"twitter:data1\" content=\"1 minute\" \/>\n<script type=\"application\/ld+json\" class=\"yoast-schema-graph\">{\"@context\":\"https:\\\/\\\/schema.org\",\"@graph\":[{\"@type\":\"WebPage\",\"@id\":\"https:\\\/\\\/antderground.com\\\/fr\\\/produit\\\/fourmilieres-anti-fuite-champignon\\\/\",\"url\":\"https:\\\/\\\/antderground.com\\\/fr\\\/produit\\\/fourmilieres-anti-fuite-champignon\\\/\",\"name\":\"Fourmili\u00e8res anti fuite Champignon - ANTDERGROUND\",\"isPartOf\":{\"@id\":\"https:\\\/\\\/antderground.com\\\/fr\\\/#website\"},\"primaryImageOfPage\":{\"@id\":\"https:\\\/\\\/antderground.com\\\/fr\\\/produit\\\/fourmilieres-anti-fuite-champignon\\\/#primaryimage\"},\"image\":{\"@id\":\"https:\\\/\\\/antderground.com\\\/fr\\\/produit\\\/fourmilieres-anti-fuite-champignon\\\/#primaryimage\"},\"thumbnailUrl\":\"https:\\\/\\\/antderground.com\\\/wp-content\\\/uploads\\\/2020\\\/04\\\/hormiguero-antifugas-seta-.jpg\",\"datePublished\":\"2020-04-14T20:56:45+00:00\",\"dateModified\":\"2023-03-10T14:29:46+00:00\",\"description\":\"D\u00e9couvrez cette gamme de fourmili\u00e8re anti-fuites de qualit\u00e9 sup\u00e9rieure. Ces fourmili\u00e8re sont plus s\u00fbrs que la prison d'Alcatraz ;-). N'oubliez pas que dans le magasin Antderground, vous trouverez du mat\u00e9riel de myrm\u00e9cologie de niveau professionnel.\",\"breadcrumb\":{\"@id\":\"https:\\\/\\\/antderground.com\\\/fr\\\/produit\\\/fourmilieres-anti-fuite-champignon\\\/#breadcrumb\"},\"inLanguage\":\"fr-FR\",\"potentialAction\":[{\"@type\":\"ReadAction\",\"target\":[\"https:\\\/\\\/antderground.com\\\/fr\\\/produit\\\/fourmilieres-anti-fuite-champignon\\\/\"]}]},{\"@type\":\"ImageObject\",\"inLanguage\":\"fr-FR\",\"@id\":\"https:\\\/\\\/antderground.com\\\/fr\\\/produit\\\/fourmilieres-anti-fuite-champignon\\\/#primaryimage\",\"url\":\"https:\\\/\\\/antderground.com\\\/wp-content\\\/uploads\\\/2020\\\/04\\\/hormiguero-antifugas-seta-.jpg\",\"contentUrl\":\"https:\\\/\\\/antderground.com\\\/wp-content\\\/uploads\\\/2020\\\/04\\\/hormiguero-antifugas-seta-.jpg\",\"width\":591,\"height\":601},{\"@type\":\"BreadcrumbList\",\"@id\":\"https:\\\/\\\/antderground.com\\\/fr\\\/produit\\\/fourmilieres-anti-fuite-champignon\\\/#breadcrumb\",\"itemListElement\":[{\"@type\":\"ListItem\",\"position\":1,\"name\":\"Portada\",\"item\":\"https:\\\/\\\/antderground.com\\\/fr\\\/\"},{\"@type\":\"ListItem\",\"position\":2,\"name\":\"Boutique\",\"item\":\"https:\\\/\\\/antderground.com\\\/fr\\\/boutique\\\/\"},{\"@type\":\"ListItem\",\"position\":3,\"name\":\"Fourmili\u00e8res anti fuite Champignon\"}]},{\"@type\":\"WebSite\",\"@id\":\"https:\\\/\\\/antderground.com\\\/fr\\\/#website\",\"url\":\"https:\\\/\\\/antderground.com\\\/fr\\\/\",\"name\":\"ANTDERGROUND\",\"description\":\"Tu tienda de hormigas, gran variedad de hormigueros acr\u00edlicos,madera,arena,3D y mas.. Pide tus hormigas gratis con tu pedido, somos expertos en hormigueros antifugas.\",\"publisher\":{\"@id\":\"https:\\\/\\\/antderground.com\\\/fr\\\/#\\\/schema\\\/person\\\/0e322c505e84fe72c65e2f6d08f96b81\"},\"alternateName\":\"Antderground\",\"potentialAction\":[{\"@type\":\"SearchAction\",\"target\":{\"@type\":\"EntryPoint\",\"urlTemplate\":\"https:\\\/\\\/antderground.com\\\/fr\\\/?s={search_term_string}\"},\"query-input\":{\"@type\":\"PropertyValueSpecification\",\"valueRequired\":true,\"valueName\":\"search_term_string\"}}],\"inLanguage\":\"fr-FR\"},{\"@type\":[\"Person\",\"Organization\"],\"@id\":\"https:\\\/\\\/antderground.com\\\/fr\\\/#\\\/schema\\\/person\\\/0e322c505e84fe72c65e2f6d08f96b81\",\"name\":\"Eric de Antderground\",\"image\":{\"@type\":\"ImageObject\",\"inLanguage\":\"fr-FR\",\"@id\":\"https:\\\/\\\/secure.gravatar.com\\\/avatar\\\/c49a1b9f79216d1498cb73c1e85cd47f4465dda35f2a94c03790d491bd4423c3?s=96&d=mm&r=g\",\"url\":\"https:\\\/\\\/secure.gravatar.com\\\/avatar\\\/c49a1b9f79216d1498cb73c1e85cd47f4465dda35f2a94c03790d491bd4423c3?s=96&d=mm&r=g\",\"contentUrl\":\"https:\\\/\\\/secure.gravatar.com\\\/avatar\\\/c49a1b9f79216d1498cb73c1e85cd47f4465dda35f2a94c03790d491bd4423c3?s=96&d=mm&r=g\",\"caption\":\"Eric de Antderground\"},\"logo\":{\"@id\":\"https:\\\/\\\/secure.gravatar.com\\\/avatar\\\/c49a1b9f79216d1498cb73c1e85cd47f4465dda35f2a94c03790d491bd4423c3?s=96&d=mm&r=g\"},\"description\":\"Eric es el especialista y fundador de Antderground, con una amplia trayectoria en artr\u00f3podos y enfocado en la mirmecolog\u00eda y el dise\u00f1o de hormigueros artificiales. Su enfoque combina la innovaci\u00f3n t\u00e9cnica con el respeto por la biolog\u00eda de las hormigas, is\u00f3podos y otros, desarrollando sistemas de nidos modulares 3D y acr\u00edlicos que son referentes para aficionados y profesionales en toda Europa. Su objetivo es facilitar la cr\u00eda de hormigas y otros artr\u00f3podos mediante soluciones seguras y divulgaci\u00f3n de calidad.\",\"sameAs\":[\"https:\\\/\\\/antderground.com\\\/\",\"https:\\\/\\\/www.youtube.com\\\/channel\\\/UCio72z7TlbufkAthAJIJfPw\"]}]}<\/script>\n<!-- \/ Yoast SEO plugin. -->","yoast_head_json":{"title":"Fourmili\u00e8res anti fuite Champignon - ANTDERGROUND","description":"D\u00e9couvrez cette gamme de fourmili\u00e8re anti-fuites de qualit\u00e9 sup\u00e9rieure. Ces fourmili\u00e8re sont plus s\u00fbrs que la prison d'Alcatraz ;-). N'oubliez pas que dans le magasin Antderground, vous trouverez du mat\u00e9riel de myrm\u00e9cologie de niveau professionnel.","robots":{"index":"index","follow":"follow","max-snippet":"max-snippet:-1","max-image-preview":"max-image-preview:large","max-video-preview":"max-video-preview:-1"},"canonical":"https:\/\/antderground.com\/fr\/produit\/fourmilieres-anti-fuite-champignon\/","og_locale":"fr_FR","og_type":"article","og_title":"Fourmili\u00e8res anti fuite Champignon - ANTDERGROUND","og_description":"D\u00e9couvrez cette gamme de fourmili\u00e8re anti-fuites de qualit\u00e9 sup\u00e9rieure. Ces fourmili\u00e8re sont plus s\u00fbrs que la prison d'Alcatraz ;-). N'oubliez pas que dans le magasin Antderground, vous trouverez du mat\u00e9riel de myrm\u00e9cologie de niveau professionnel.","og_url":"https:\/\/antderground.com\/fr\/produit\/fourmilieres-anti-fuite-champignon\/","og_site_name":"ANTDERGROUND","article_modified_time":"2023-03-10T14:29:46+00:00","og_image":[{"width":591,"height":601,"url":"https:\/\/antderground.com\/wp-content\/uploads\/2020\/04\/hormiguero-antifugas-seta-.jpg","type":"image\/jpeg"}],"twitter_card":"summary_large_image","twitter_misc":{"Dur\u00e9e de lecture estim\u00e9e":"1 minute"},"schema":{"@context":"https:\/\/schema.org","@graph":[{"@type":"WebPage","@id":"https:\/\/antderground.com\/fr\/produit\/fourmilieres-anti-fuite-champignon\/","url":"https:\/\/antderground.com\/fr\/produit\/fourmilieres-anti-fuite-champignon\/","name":"Fourmili\u00e8res anti fuite Champignon - ANTDERGROUND","isPartOf":{"@id":"https:\/\/antderground.com\/fr\/#website"},"primaryImageOfPage":{"@id":"https:\/\/antderground.com\/fr\/produit\/fourmilieres-anti-fuite-champignon\/#primaryimage"},"image":{"@id":"https:\/\/antderground.com\/fr\/produit\/fourmilieres-anti-fuite-champignon\/#primaryimage"},"thumbnailUrl":"https:\/\/antderground.com\/wp-content\/uploads\/2020\/04\/hormiguero-antifugas-seta-.jpg","datePublished":"2020-04-14T20:56:45+00:00","dateModified":"2023-03-10T14:29:46+00:00","description":"D\u00e9couvrez cette gamme de fourmili\u00e8re anti-fuites de qualit\u00e9 sup\u00e9rieure. Ces fourmili\u00e8re sont plus s\u00fbrs que la prison d'Alcatraz ;-). N'oubliez pas que dans le magasin Antderground, vous trouverez du mat\u00e9riel de myrm\u00e9cologie de niveau professionnel.","breadcrumb":{"@id":"https:\/\/antderground.com\/fr\/produit\/fourmilieres-anti-fuite-champignon\/#breadcrumb"},"inLanguage":"fr-FR","potentialAction":[{"@type":"ReadAction","target":["https:\/\/antderground.com\/fr\/produit\/fourmilieres-anti-fuite-champignon\/"]}]},{"@type":"ImageObject","inLanguage":"fr-FR","@id":"https:\/\/antderground.com\/fr\/produit\/fourmilieres-anti-fuite-champignon\/#primaryimage","url":"https:\/\/antderground.com\/wp-content\/uploads\/2020\/04\/hormiguero-antifugas-seta-.jpg","contentUrl":"https:\/\/antderground.com\/wp-content\/uploads\/2020\/04\/hormiguero-antifugas-seta-.jpg","width":591,"height":601},{"@type":"BreadcrumbList","@id":"https:\/\/antderground.com\/fr\/produit\/fourmilieres-anti-fuite-champignon\/#breadcrumb","itemListElement":[{"@type":"ListItem","position":1,"name":"Portada","item":"https:\/\/antderground.com\/fr\/"},{"@type":"ListItem","position":2,"name":"Boutique","item":"https:\/\/antderground.com\/fr\/boutique\/"},{"@type":"ListItem","position":3,"name":"Fourmili\u00e8res anti fuite Champignon"}]},{"@type":"WebSite","@id":"https:\/\/antderground.com\/fr\/#website","url":"https:\/\/antderground.com\/fr\/","name":"ANTDERGROUND","description":"Tu tienda de hormigas, gran variedad de hormigueros acr\u00edlicos,madera,arena,3D y mas.. Pide tus hormigas gratis con tu pedido, somos expertos en hormigueros antifugas.","publisher":{"@id":"https:\/\/antderground.com\/fr\/#\/schema\/person\/0e322c505e84fe72c65e2f6d08f96b81"},"alternateName":"Antderground","potentialAction":[{"@type":"SearchAction","target":{"@type":"EntryPoint","urlTemplate":"https:\/\/antderground.com\/fr\/?s={search_term_string}"},"query-input":{"@type":"PropertyValueSpecification","valueRequired":true,"valueName":"search_term_string"}}],"inLanguage":"fr-FR"},{"@type":["Person","Organization"],"@id":"https:\/\/antderground.com\/fr\/#\/schema\/person\/0e322c505e84fe72c65e2f6d08f96b81","name":"Eric de Antderground","image":{"@type":"ImageObject","inLanguage":"fr-FR","@id":"https:\/\/secure.gravatar.com\/avatar\/c49a1b9f79216d1498cb73c1e85cd47f4465dda35f2a94c03790d491bd4423c3?s=96&d=mm&r=g","url":"https:\/\/secure.gravatar.com\/avatar\/c49a1b9f79216d1498cb73c1e85cd47f4465dda35f2a94c03790d491bd4423c3?s=96&d=mm&r=g","contentUrl":"https:\/\/secure.gravatar.com\/avatar\/c49a1b9f79216d1498cb73c1e85cd47f4465dda35f2a94c03790d491bd4423c3?s=96&d=mm&r=g","caption":"Eric de Antderground"},"logo":{"@id":"https:\/\/secure.gravatar.com\/avatar\/c49a1b9f79216d1498cb73c1e85cd47f4465dda35f2a94c03790d491bd4423c3?s=96&d=mm&r=g"},"description":"Eric es el especialista y fundador de Antderground, con una amplia trayectoria en artr\u00f3podos y enfocado en la mirmecolog\u00eda y el dise\u00f1o de hormigueros artificiales. Su enfoque combina la innovaci\u00f3n t\u00e9cnica con el respeto por la biolog\u00eda de las hormigas, is\u00f3podos y otros, desarrollando sistemas de nidos modulares 3D y acr\u00edlicos que son referentes para aficionados y profesionales en toda Europa. Su objetivo es facilitar la cr\u00eda de hormigas y otros artr\u00f3podos mediante soluciones seguras y divulgaci\u00f3n de calidad.","sameAs":["https:\/\/antderground.com\/","https:\/\/www.youtube.com\/channel\/UCio72z7TlbufkAthAJIJfPw"]}]}},"_links":{"self":[{"href":"https:\/\/antderground.com\/fr\/wp-json\/wp\/v2\/product\/7573","targetHints":{"allow":["GET"]}}],"collection":[{"href":"https:\/\/antderground.com\/fr\/wp-json\/wp\/v2\/product"}],"about":[{"href":"https:\/\/antderground.com\/fr\/wp-json\/wp\/v2\/types\/product"}],"version-history":[{"count":0,"href":"https:\/\/antderground.com\/fr\/wp-json\/wp\/v2\/product\/7573\/revisions"}],"wp:featuredmedia":[{"embeddable":true,"href":"https:\/\/antderground.com\/fr\/wp-json\/wp\/v2\/media\/14548"}],"wp:attachment":[{"href":"https:\/\/antderground.com\/fr\/wp-json\/wp\/v2\/media?parent=7573"}],"wp:term":[{"taxonomy":"product_brand","embeddable":true,"href":"https:\/\/antderground.com\/fr\/wp-json\/wp\/v2\/product_brand?post=7573"},{"taxonomy":"product_cat","embeddable":true,"href":"https:\/\/antderground.com\/fr\/wp-json\/wp\/v2\/product_cat?post=7573"},{"taxonomy":"product_tag","embeddable":true,"href":"https:\/\/antderground.com\/fr\/wp-json\/wp\/v2\/product_tag?post=7573"}],"curies":[{"name":"wp","href":"https:\/\/api.w.org\/{rel}","templated":true}]}}