{"id":7629,"date":"2020-01-11T14:25:29","date_gmt":"2020-01-11T13:25:29","guid":{"rendered":"https:\/\/www.antderground.com\/producto\/fourmiliere-verticale-de-bois-et-methacrylate\/"},"modified":"2023-01-11T15:56:52","modified_gmt":"2023-01-11T14:56:52","slug":"fourmiliere-verticale-de-bois-et-methacrylate","status":"publish","type":"product","link":"https:\/\/antderground.com\/fr\/produit\/fourmiliere-verticale-de-bois-et-methacrylate\/","title":{"rendered":"Fourmili\u00e8re verticale de bois et m\u00e9thacrylate (+couverture Rouge)"},"content":{"rendered":"<p><strong>Fourmili\u00e8re verticale en bois.<\/strong><\/p>\n<p>Une fourmili\u00e8re id\u00e9ale pour les esp\u00e8ces d&#8217;arbres..<\/p>\n<p><strong>Galeries de bois<\/strong><\/p>\n<p>Ses galeries sont con\u00e7ues pour avoir suffisamment d&#8217;espace pour tout type de fourmi que nous voulons avoir.<\/p>\n<p>Les galeries en bois sont int\u00e9gr\u00e9es dans une &#8220;capsule&#8221; en m\u00e9thacrylate pour \u00e9viter les fuites et offrir une ventilation aux esp\u00e8ces qui en ont besoin..<\/p>\n<p>le m\u00e9thacrylate qui forme la capsule en bois est d&#8217;un blanc opaque pour que la lumi\u00e8re n&#8217;entre pas dans le nid.<\/p>\n<p><strong>Abreuvoir de fourmis <\/strong><\/p>\n<p>L&#8217;abreuvoir se compose d&#8217;un tube s\u00e9par\u00e9 de la zone du nid de fourmis, car les esp\u00e8ces de fourmis arboricoles n&#8217;ont pas besoin de beaucoup d&#8217;humidit\u00e9 et emp\u00eachent le bois d&#8217;\u00eatre endommag\u00e9 par l&#8217;eau.<\/p>\n<p>Il a \u00e9galement une ventilation lat\u00e9rale et une porte qui permet l&#8217;entr\u00e9e et la sortie de la fourmili\u00e8re pour les \u00e9ventuels d\u00e9m\u00e9nagements ou les connexions \u00e0 d&#8217;autres nids.<\/p>\n","protected":false},"excerpt":{"rendered":"<p>Fourmili\u00e8re verticale en bois. Une fourmili\u00e8re id\u00e9ale pour les esp\u00e8ces d&#8217;arbres.. Galeries de bois Ses galeries sont con\u00e7ues pour avoir<\/p>\n","protected":false},"featured_media":27488,"template":"","meta":[],"product_brand":[],"product_cat":[114,436,117,458],"product_tag":[136,141,140],"class_list":{"0":"post-7629","1":"product","2":"type-product","3":"status-publish","4":"has-post-thumbnail","6":"product_cat-fourmilieres","7":"product_cat-fourmilieres-en-bois-fourmilieres","8":"product_cat-fourmilieres-verticales","9":"product_cat-offres","10":"product_tag-fourmiliere-en-bois","11":"product_tag-fourmiliere-verticale-en-bois","12":"product_tag-fourmilieres-verticales-fr","14":"first","15":"instock","16":"shipping-taxable","17":"purchasable","18":"product-type-simple"},"yoast_head":"<!-- This site is optimized with the Yoast SEO plugin v27.4 - https:\/\/yoast.com\/product\/yoast-seo-wordpress\/ -->\n<title>Fourmili\u00e8re verticale de bois - Antderground Fourmili\u00e8res<\/title>\n<meta name=\"description\" content=\"Fourmili\u00e8re verticale de bois - Antderground Fourmili\u00e8res\" \/>\n<meta name=\"robots\" content=\"index, follow, max-snippet:-1, max-image-preview:large, max-video-preview:-1\" \/>\n<link rel=\"canonical\" href=\"https:\/\/antderground.com\/fr\/produit\/fourmiliere-verticale-de-bois-et-methacrylate\/\" \/>\n<meta property=\"og:locale\" content=\"fr_FR\" \/>\n<meta property=\"og:type\" content=\"article\" \/>\n<meta property=\"og:title\" content=\"Fourmili\u00e8re verticale de bois - Antderground Fourmili\u00e8res\" \/>\n<meta property=\"og:description\" content=\"Fourmili\u00e8re verticale de bois - Antderground Fourmili\u00e8res\" \/>\n<meta property=\"og:url\" content=\"https:\/\/antderground.com\/fr\/produit\/fourmiliere-verticale-de-bois-et-methacrylate\/\" \/>\n<meta property=\"og:site_name\" content=\"ANTDERGROUND\" \/>\n<meta property=\"article:modified_time\" content=\"2023-01-11T14:56:52+00:00\" \/>\n<meta property=\"og:image\" content=\"https:\/\/antderground.com\/wp-content\/uploads\/2020\/01\/formiguer-de-fusta-1-1.jpg\" \/>\n\t<meta property=\"og:image:width\" content=\"591\" \/>\n\t<meta property=\"og:image:height\" content=\"601\" \/>\n\t<meta property=\"og:image:type\" content=\"image\/jpeg\" \/>\n<meta name=\"twitter:card\" content=\"summary_large_image\" \/>\n<meta name=\"twitter:label1\" content=\"Dur\u00e9e de lecture estim\u00e9e\" \/>\n\t<meta name=\"twitter:data1\" content=\"1 minute\" \/>\n<script type=\"application\/ld+json\" class=\"yoast-schema-graph\">{\"@context\":\"https:\\\/\\\/schema.org\",\"@graph\":[{\"@type\":\"WebPage\",\"@id\":\"https:\\\/\\\/antderground.com\\\/fr\\\/produit\\\/fourmiliere-verticale-de-bois-et-methacrylate\\\/\",\"url\":\"https:\\\/\\\/antderground.com\\\/fr\\\/produit\\\/fourmiliere-verticale-de-bois-et-methacrylate\\\/\",\"name\":\"Fourmili\u00e8re verticale de bois - Antderground Fourmili\u00e8res\",\"isPartOf\":{\"@id\":\"https:\\\/\\\/antderground.com\\\/fr\\\/#website\"},\"primaryImageOfPage\":{\"@id\":\"https:\\\/\\\/antderground.com\\\/fr\\\/produit\\\/fourmiliere-verticale-de-bois-et-methacrylate\\\/#primaryimage\"},\"image\":{\"@id\":\"https:\\\/\\\/antderground.com\\\/fr\\\/produit\\\/fourmiliere-verticale-de-bois-et-methacrylate\\\/#primaryimage\"},\"thumbnailUrl\":\"https:\\\/\\\/antderground.com\\\/wp-content\\\/uploads\\\/2020\\\/01\\\/formiguer-de-fusta-1-1.jpg\",\"datePublished\":\"2020-01-11T13:25:29+00:00\",\"dateModified\":\"2023-01-11T14:56:52+00:00\",\"description\":\"Fourmili\u00e8re verticale de bois - Antderground Fourmili\u00e8res\",\"breadcrumb\":{\"@id\":\"https:\\\/\\\/antderground.com\\\/fr\\\/produit\\\/fourmiliere-verticale-de-bois-et-methacrylate\\\/#breadcrumb\"},\"inLanguage\":\"fr-FR\",\"potentialAction\":[{\"@type\":\"ReadAction\",\"target\":[\"https:\\\/\\\/antderground.com\\\/fr\\\/produit\\\/fourmiliere-verticale-de-bois-et-methacrylate\\\/\"]}]},{\"@type\":\"ImageObject\",\"inLanguage\":\"fr-FR\",\"@id\":\"https:\\\/\\\/antderground.com\\\/fr\\\/produit\\\/fourmiliere-verticale-de-bois-et-methacrylate\\\/#primaryimage\",\"url\":\"https:\\\/\\\/antderground.com\\\/wp-content\\\/uploads\\\/2020\\\/01\\\/formiguer-de-fusta-1-1.jpg\",\"contentUrl\":\"https:\\\/\\\/antderground.com\\\/wp-content\\\/uploads\\\/2020\\\/01\\\/formiguer-de-fusta-1-1.jpg\",\"width\":591,\"height\":601},{\"@type\":\"BreadcrumbList\",\"@id\":\"https:\\\/\\\/antderground.com\\\/fr\\\/produit\\\/fourmiliere-verticale-de-bois-et-methacrylate\\\/#breadcrumb\",\"itemListElement\":[{\"@type\":\"ListItem\",\"position\":1,\"name\":\"Portada\",\"item\":\"https:\\\/\\\/antderground.com\\\/fr\\\/\"},{\"@type\":\"ListItem\",\"position\":2,\"name\":\"Boutique\",\"item\":\"https:\\\/\\\/antderground.com\\\/fr\\\/boutique\\\/\"},{\"@type\":\"ListItem\",\"position\":3,\"name\":\"Fourmili\u00e8re verticale de bois et m\u00e9thacrylate (+couverture Rouge)\"}]},{\"@type\":\"WebSite\",\"@id\":\"https:\\\/\\\/antderground.com\\\/fr\\\/#website\",\"url\":\"https:\\\/\\\/antderground.com\\\/fr\\\/\",\"name\":\"ANTDERGROUND\",\"description\":\"Tu tienda de hormigas, gran variedad de hormigueros acr\u00edlicos,madera,arena,3D y mas.. Pide tus hormigas gratis con tu pedido, somos expertos en hormigueros antifugas.\",\"publisher\":{\"@id\":\"https:\\\/\\\/antderground.com\\\/fr\\\/#\\\/schema\\\/person\\\/0e322c505e84fe72c65e2f6d08f96b81\"},\"alternateName\":\"Antderground\",\"potentialAction\":[{\"@type\":\"SearchAction\",\"target\":{\"@type\":\"EntryPoint\",\"urlTemplate\":\"https:\\\/\\\/antderground.com\\\/fr\\\/?s={search_term_string}\"},\"query-input\":{\"@type\":\"PropertyValueSpecification\",\"valueRequired\":true,\"valueName\":\"search_term_string\"}}],\"inLanguage\":\"fr-FR\"},{\"@type\":[\"Person\",\"Organization\"],\"@id\":\"https:\\\/\\\/antderground.com\\\/fr\\\/#\\\/schema\\\/person\\\/0e322c505e84fe72c65e2f6d08f96b81\",\"name\":\"Eric de Antderground\",\"image\":{\"@type\":\"ImageObject\",\"inLanguage\":\"fr-FR\",\"@id\":\"https:\\\/\\\/secure.gravatar.com\\\/avatar\\\/c49a1b9f79216d1498cb73c1e85cd47f4465dda35f2a94c03790d491bd4423c3?s=96&d=mm&r=g\",\"url\":\"https:\\\/\\\/secure.gravatar.com\\\/avatar\\\/c49a1b9f79216d1498cb73c1e85cd47f4465dda35f2a94c03790d491bd4423c3?s=96&d=mm&r=g\",\"contentUrl\":\"https:\\\/\\\/secure.gravatar.com\\\/avatar\\\/c49a1b9f79216d1498cb73c1e85cd47f4465dda35f2a94c03790d491bd4423c3?s=96&d=mm&r=g\",\"caption\":\"Eric de Antderground\"},\"logo\":{\"@id\":\"https:\\\/\\\/secure.gravatar.com\\\/avatar\\\/c49a1b9f79216d1498cb73c1e85cd47f4465dda35f2a94c03790d491bd4423c3?s=96&d=mm&r=g\"},\"description\":\"Eric es el especialista y fundador de Antderground, con una amplia trayectoria en artr\u00f3podos y enfocado en la mirmecolog\u00eda y el dise\u00f1o de hormigueros artificiales. Su enfoque combina la innovaci\u00f3n t\u00e9cnica con el respeto por la biolog\u00eda de las hormigas, is\u00f3podos y otros, desarrollando sistemas de nidos modulares 3D y acr\u00edlicos que son referentes para aficionados y profesionales en toda Europa. Su objetivo es facilitar la cr\u00eda de hormigas y otros artr\u00f3podos mediante soluciones seguras y divulgaci\u00f3n de calidad.\",\"sameAs\":[\"https:\\\/\\\/antderground.com\\\/\",\"https:\\\/\\\/www.youtube.com\\\/channel\\\/UCio72z7TlbufkAthAJIJfPw\"]}]}<\/script>\n<!-- \/ Yoast SEO plugin. -->","yoast_head_json":{"title":"Fourmili\u00e8re verticale de bois - Antderground Fourmili\u00e8res","description":"Fourmili\u00e8re verticale de bois - Antderground Fourmili\u00e8res","robots":{"index":"index","follow":"follow","max-snippet":"max-snippet:-1","max-image-preview":"max-image-preview:large","max-video-preview":"max-video-preview:-1"},"canonical":"https:\/\/antderground.com\/fr\/produit\/fourmiliere-verticale-de-bois-et-methacrylate\/","og_locale":"fr_FR","og_type":"article","og_title":"Fourmili\u00e8re verticale de bois - Antderground Fourmili\u00e8res","og_description":"Fourmili\u00e8re verticale de bois - Antderground Fourmili\u00e8res","og_url":"https:\/\/antderground.com\/fr\/produit\/fourmiliere-verticale-de-bois-et-methacrylate\/","og_site_name":"ANTDERGROUND","article_modified_time":"2023-01-11T14:56:52+00:00","og_image":[{"width":591,"height":601,"url":"https:\/\/antderground.com\/wp-content\/uploads\/2020\/01\/formiguer-de-fusta-1-1.jpg","type":"image\/jpeg"}],"twitter_card":"summary_large_image","twitter_misc":{"Dur\u00e9e de lecture estim\u00e9e":"1 minute"},"schema":{"@context":"https:\/\/schema.org","@graph":[{"@type":"WebPage","@id":"https:\/\/antderground.com\/fr\/produit\/fourmiliere-verticale-de-bois-et-methacrylate\/","url":"https:\/\/antderground.com\/fr\/produit\/fourmiliere-verticale-de-bois-et-methacrylate\/","name":"Fourmili\u00e8re verticale de bois - Antderground Fourmili\u00e8res","isPartOf":{"@id":"https:\/\/antderground.com\/fr\/#website"},"primaryImageOfPage":{"@id":"https:\/\/antderground.com\/fr\/produit\/fourmiliere-verticale-de-bois-et-methacrylate\/#primaryimage"},"image":{"@id":"https:\/\/antderground.com\/fr\/produit\/fourmiliere-verticale-de-bois-et-methacrylate\/#primaryimage"},"thumbnailUrl":"https:\/\/antderground.com\/wp-content\/uploads\/2020\/01\/formiguer-de-fusta-1-1.jpg","datePublished":"2020-01-11T13:25:29+00:00","dateModified":"2023-01-11T14:56:52+00:00","description":"Fourmili\u00e8re verticale de bois - Antderground Fourmili\u00e8res","breadcrumb":{"@id":"https:\/\/antderground.com\/fr\/produit\/fourmiliere-verticale-de-bois-et-methacrylate\/#breadcrumb"},"inLanguage":"fr-FR","potentialAction":[{"@type":"ReadAction","target":["https:\/\/antderground.com\/fr\/produit\/fourmiliere-verticale-de-bois-et-methacrylate\/"]}]},{"@type":"ImageObject","inLanguage":"fr-FR","@id":"https:\/\/antderground.com\/fr\/produit\/fourmiliere-verticale-de-bois-et-methacrylate\/#primaryimage","url":"https:\/\/antderground.com\/wp-content\/uploads\/2020\/01\/formiguer-de-fusta-1-1.jpg","contentUrl":"https:\/\/antderground.com\/wp-content\/uploads\/2020\/01\/formiguer-de-fusta-1-1.jpg","width":591,"height":601},{"@type":"BreadcrumbList","@id":"https:\/\/antderground.com\/fr\/produit\/fourmiliere-verticale-de-bois-et-methacrylate\/#breadcrumb","itemListElement":[{"@type":"ListItem","position":1,"name":"Portada","item":"https:\/\/antderground.com\/fr\/"},{"@type":"ListItem","position":2,"name":"Boutique","item":"https:\/\/antderground.com\/fr\/boutique\/"},{"@type":"ListItem","position":3,"name":"Fourmili\u00e8re verticale de bois et m\u00e9thacrylate (+couverture Rouge)"}]},{"@type":"WebSite","@id":"https:\/\/antderground.com\/fr\/#website","url":"https:\/\/antderground.com\/fr\/","name":"ANTDERGROUND","description":"Tu tienda de hormigas, gran variedad de hormigueros acr\u00edlicos,madera,arena,3D y mas.. Pide tus hormigas gratis con tu pedido, somos expertos en hormigueros antifugas.","publisher":{"@id":"https:\/\/antderground.com\/fr\/#\/schema\/person\/0e322c505e84fe72c65e2f6d08f96b81"},"alternateName":"Antderground","potentialAction":[{"@type":"SearchAction","target":{"@type":"EntryPoint","urlTemplate":"https:\/\/antderground.com\/fr\/?s={search_term_string}"},"query-input":{"@type":"PropertyValueSpecification","valueRequired":true,"valueName":"search_term_string"}}],"inLanguage":"fr-FR"},{"@type":["Person","Organization"],"@id":"https:\/\/antderground.com\/fr\/#\/schema\/person\/0e322c505e84fe72c65e2f6d08f96b81","name":"Eric de Antderground","image":{"@type":"ImageObject","inLanguage":"fr-FR","@id":"https:\/\/secure.gravatar.com\/avatar\/c49a1b9f79216d1498cb73c1e85cd47f4465dda35f2a94c03790d491bd4423c3?s=96&d=mm&r=g","url":"https:\/\/secure.gravatar.com\/avatar\/c49a1b9f79216d1498cb73c1e85cd47f4465dda35f2a94c03790d491bd4423c3?s=96&d=mm&r=g","contentUrl":"https:\/\/secure.gravatar.com\/avatar\/c49a1b9f79216d1498cb73c1e85cd47f4465dda35f2a94c03790d491bd4423c3?s=96&d=mm&r=g","caption":"Eric de Antderground"},"logo":{"@id":"https:\/\/secure.gravatar.com\/avatar\/c49a1b9f79216d1498cb73c1e85cd47f4465dda35f2a94c03790d491bd4423c3?s=96&d=mm&r=g"},"description":"Eric es el especialista y fundador de Antderground, con una amplia trayectoria en artr\u00f3podos y enfocado en la mirmecolog\u00eda y el dise\u00f1o de hormigueros artificiales. Su enfoque combina la innovaci\u00f3n t\u00e9cnica con el respeto por la biolog\u00eda de las hormigas, is\u00f3podos y otros, desarrollando sistemas de nidos modulares 3D y acr\u00edlicos que son referentes para aficionados y profesionales en toda Europa. Su objetivo es facilitar la cr\u00eda de hormigas y otros artr\u00f3podos mediante soluciones seguras y divulgaci\u00f3n de calidad.","sameAs":["https:\/\/antderground.com\/","https:\/\/www.youtube.com\/channel\/UCio72z7TlbufkAthAJIJfPw"]}]}},"_links":{"self":[{"href":"https:\/\/antderground.com\/fr\/wp-json\/wp\/v2\/product\/7629","targetHints":{"allow":["GET"]}}],"collection":[{"href":"https:\/\/antderground.com\/fr\/wp-json\/wp\/v2\/product"}],"about":[{"href":"https:\/\/antderground.com\/fr\/wp-json\/wp\/v2\/types\/product"}],"version-history":[{"count":0,"href":"https:\/\/antderground.com\/fr\/wp-json\/wp\/v2\/product\/7629\/revisions"}],"wp:featuredmedia":[{"embeddable":true,"href":"https:\/\/antderground.com\/fr\/wp-json\/wp\/v2\/media\/27488"}],"wp:attachment":[{"href":"https:\/\/antderground.com\/fr\/wp-json\/wp\/v2\/media?parent=7629"}],"wp:term":[{"taxonomy":"product_brand","embeddable":true,"href":"https:\/\/antderground.com\/fr\/wp-json\/wp\/v2\/product_brand?post=7629"},{"taxonomy":"product_cat","embeddable":true,"href":"https:\/\/antderground.com\/fr\/wp-json\/wp\/v2\/product_cat?post=7629"},{"taxonomy":"product_tag","embeddable":true,"href":"https:\/\/antderground.com\/fr\/wp-json\/wp\/v2\/product_tag?post=7629"}],"curies":[{"name":"wp","href":"https:\/\/api.w.org\/{rel}","templated":true}]}}