{"id":7646,"date":"2020-02-06T21:24:34","date_gmt":"2020-02-06T20:24:34","guid":{"rendered":"https:\/\/www.antderground.com\/producto\/accessoire-fourmiliere-reduite-special-colobopsis-truncata\/"},"modified":"2020-02-06T21:24:34","modified_gmt":"2020-02-06T20:24:34","slug":"accessoire-fourmiliere-reduite-special-colobopsis-truncata","status":"publish","type":"product","link":"https:\/\/antderground.com\/fr\/produit\/accessoire-fourmiliere-reduite-special-colobopsis-truncata\/","title":{"rendered":"Accessoire, micro fourmili\u00e8re, sp\u00e9cial COLOBOPSIS TRUNCATA"},"content":{"rendered":"<p> La micro fourmili\u00e8re est un accessoire qui est attach\u00e9 \u00e0 3 de nos p\u00e9pini\u00e8res ou nids de clo\u00eetre, pour (mod\u00e8le \u00e9ponge, mod\u00e8le li\u00e8ge et mod\u00e8le z\u00e9ro humidit\u00e9), pour pouvoir avoir des fourmis comme le Colobopsis Truncata dans le des conditions plus similaires \u00e0 leur habitat naturel. <br \/>\nTr\u00e8s utile \u00e9galement pour les micro-esp\u00e8ces comme le Temnothorax, pour d\u00e9marrer des colonies sans les avoir dans un tube \u00e0 essai ou dans une grande fourmili\u00e8re <\/p>\n","protected":false},"excerpt":{"rendered":"<p>La micro fourmili\u00e8re est un accessoire qui est attach\u00e9 \u00e0 3 de nos p\u00e9pini\u00e8res ou nids de clo\u00eetre, pour (mod\u00e8le<\/p>\n","protected":false},"featured_media":7652,"template":"","meta":[],"product_brand":[],"product_cat":[116],"product_tag":[],"class_list":{"0":"post-7646","1":"product","2":"type-product","3":"status-publish","4":"has-post-thumbnail","6":"product_cat-fourmilieres-speciales","8":"first","9":"instock","10":"shipping-taxable","11":"purchasable","12":"product-type-simple"},"yoast_head":"<!-- This site is optimized with the Yoast SEO plugin v27.3 - https:\/\/yoast.com\/product\/yoast-seo-wordpress\/ -->\n<title>Accessoire, micro fourmili\u00e8re, sp\u00e9cial COLOBOPSIS TRUNCATA - ANTDERGROUND<\/title>\n<meta name=\"robots\" content=\"index, follow, max-snippet:-1, max-image-preview:large, max-video-preview:-1\" \/>\n<link rel=\"canonical\" href=\"https:\/\/antderground.com\/fr\/produit\/accessoire-fourmiliere-reduite-special-colobopsis-truncata\/\" \/>\n<meta property=\"og:locale\" content=\"fr_FR\" \/>\n<meta property=\"og:type\" content=\"article\" \/>\n<meta property=\"og:title\" content=\"Accessoire, micro fourmili\u00e8re, sp\u00e9cial COLOBOPSIS TRUNCATA - ANTDERGROUND\" \/>\n<meta property=\"og:description\" content=\"La micro fourmili\u00e8re est un accessoire qui est attach\u00e9 \u00e0 3 de nos p\u00e9pini\u00e8res ou nids de clo\u00eetre, pour (mod\u00e8le\" \/>\n<meta property=\"og:url\" content=\"https:\/\/antderground.com\/fr\/produit\/accessoire-fourmiliere-reduite-special-colobopsis-truncata\/\" \/>\n<meta property=\"og:site_name\" content=\"ANTDERGROUND\" \/>\n<meta property=\"og:image\" content=\"https:\/\/antderground.com\/wp-content\/uploads\/2020\/02\/truncatero-2-pisos.jpg\" \/>\n\t<meta property=\"og:image:width\" content=\"567\" \/>\n\t<meta property=\"og:image:height\" content=\"567\" \/>\n\t<meta property=\"og:image:type\" content=\"image\/jpeg\" \/>\n<meta name=\"twitter:card\" content=\"summary_large_image\" \/>\n<script type=\"application\/ld+json\" class=\"yoast-schema-graph\">{\"@context\":\"https:\\\/\\\/schema.org\",\"@graph\":[{\"@type\":\"WebPage\",\"@id\":\"https:\\\/\\\/antderground.com\\\/fr\\\/produit\\\/accessoire-fourmiliere-reduite-special-colobopsis-truncata\\\/\",\"url\":\"https:\\\/\\\/antderground.com\\\/fr\\\/produit\\\/accessoire-fourmiliere-reduite-special-colobopsis-truncata\\\/\",\"name\":\"Accessoire, micro fourmili\u00e8re, sp\u00e9cial COLOBOPSIS TRUNCATA - ANTDERGROUND\",\"isPartOf\":{\"@id\":\"https:\\\/\\\/antderground.com\\\/fr\\\/#website\"},\"primaryImageOfPage\":{\"@id\":\"https:\\\/\\\/antderground.com\\\/fr\\\/produit\\\/accessoire-fourmiliere-reduite-special-colobopsis-truncata\\\/#primaryimage\"},\"image\":{\"@id\":\"https:\\\/\\\/antderground.com\\\/fr\\\/produit\\\/accessoire-fourmiliere-reduite-special-colobopsis-truncata\\\/#primaryimage\"},\"thumbnailUrl\":\"https:\\\/\\\/antderground.com\\\/wp-content\\\/uploads\\\/2020\\\/02\\\/truncatero-2-pisos.jpg\",\"datePublished\":\"2020-02-06T20:24:34+00:00\",\"breadcrumb\":{\"@id\":\"https:\\\/\\\/antderground.com\\\/fr\\\/produit\\\/accessoire-fourmiliere-reduite-special-colobopsis-truncata\\\/#breadcrumb\"},\"inLanguage\":\"fr-FR\",\"potentialAction\":[{\"@type\":\"ReadAction\",\"target\":[\"https:\\\/\\\/antderground.com\\\/fr\\\/produit\\\/accessoire-fourmiliere-reduite-special-colobopsis-truncata\\\/\"]}]},{\"@type\":\"ImageObject\",\"inLanguage\":\"fr-FR\",\"@id\":\"https:\\\/\\\/antderground.com\\\/fr\\\/produit\\\/accessoire-fourmiliere-reduite-special-colobopsis-truncata\\\/#primaryimage\",\"url\":\"https:\\\/\\\/antderground.com\\\/wp-content\\\/uploads\\\/2020\\\/02\\\/truncatero-2-pisos.jpg\",\"contentUrl\":\"https:\\\/\\\/antderground.com\\\/wp-content\\\/uploads\\\/2020\\\/02\\\/truncatero-2-pisos.jpg\",\"width\":567,\"height\":567},{\"@type\":\"BreadcrumbList\",\"@id\":\"https:\\\/\\\/antderground.com\\\/fr\\\/produit\\\/accessoire-fourmiliere-reduite-special-colobopsis-truncata\\\/#breadcrumb\",\"itemListElement\":[{\"@type\":\"ListItem\",\"position\":1,\"name\":\"Portada\",\"item\":\"https:\\\/\\\/antderground.com\\\/fr\\\/\"},{\"@type\":\"ListItem\",\"position\":2,\"name\":\"Boutique\",\"item\":\"https:\\\/\\\/antderground.com\\\/fr\\\/boutique\\\/\"},{\"@type\":\"ListItem\",\"position\":3,\"name\":\"Accessoire, micro fourmili\u00e8re, sp\u00e9cial COLOBOPSIS TRUNCATA\"}]},{\"@type\":\"WebSite\",\"@id\":\"https:\\\/\\\/antderground.com\\\/fr\\\/#website\",\"url\":\"https:\\\/\\\/antderground.com\\\/fr\\\/\",\"name\":\"ANTDERGROUND\",\"description\":\"Tu tienda de hormigas, gran variedad de hormigueros acr\u00edlicos,madera,arena,3D y mas.. Pide tus hormigas gratis con tu pedido, somos expertos en hormigueros antifugas.\",\"publisher\":{\"@id\":\"https:\\\/\\\/antderground.com\\\/fr\\\/#\\\/schema\\\/person\\\/0e322c505e84fe72c65e2f6d08f96b81\"},\"alternateName\":\"Antderground\",\"potentialAction\":[{\"@type\":\"SearchAction\",\"target\":{\"@type\":\"EntryPoint\",\"urlTemplate\":\"https:\\\/\\\/antderground.com\\\/fr\\\/?s={search_term_string}\"},\"query-input\":{\"@type\":\"PropertyValueSpecification\",\"valueRequired\":true,\"valueName\":\"search_term_string\"}}],\"inLanguage\":\"fr-FR\"},{\"@type\":[\"Person\",\"Organization\"],\"@id\":\"https:\\\/\\\/antderground.com\\\/fr\\\/#\\\/schema\\\/person\\\/0e322c505e84fe72c65e2f6d08f96b81\",\"name\":\"Eric de Antderground\",\"image\":{\"@type\":\"ImageObject\",\"inLanguage\":\"fr-FR\",\"@id\":\"https:\\\/\\\/secure.gravatar.com\\\/avatar\\\/c49a1b9f79216d1498cb73c1e85cd47f4465dda35f2a94c03790d491bd4423c3?s=96&d=mm&r=g\",\"url\":\"https:\\\/\\\/secure.gravatar.com\\\/avatar\\\/c49a1b9f79216d1498cb73c1e85cd47f4465dda35f2a94c03790d491bd4423c3?s=96&d=mm&r=g\",\"contentUrl\":\"https:\\\/\\\/secure.gravatar.com\\\/avatar\\\/c49a1b9f79216d1498cb73c1e85cd47f4465dda35f2a94c03790d491bd4423c3?s=96&d=mm&r=g\",\"caption\":\"Eric de Antderground\"},\"logo\":{\"@id\":\"https:\\\/\\\/secure.gravatar.com\\\/avatar\\\/c49a1b9f79216d1498cb73c1e85cd47f4465dda35f2a94c03790d491bd4423c3?s=96&d=mm&r=g\"},\"description\":\"Eric es el especialista y fundador de Antderground, con una amplia trayectoria en artr\u00f3podos y enfocado en la mirmecolog\u00eda y el dise\u00f1o de hormigueros artificiales. Su enfoque combina la innovaci\u00f3n t\u00e9cnica con el respeto por la biolog\u00eda de las hormigas, is\u00f3podos y otros, desarrollando sistemas de nidos modulares 3D y acr\u00edlicos que son referentes para aficionados y profesionales en toda Europa. Su objetivo es facilitar la cr\u00eda de hormigas y otros artr\u00f3podos mediante soluciones seguras y divulgaci\u00f3n de calidad.\",\"sameAs\":[\"https:\\\/\\\/antderground.com\\\/\",\"https:\\\/\\\/www.youtube.com\\\/channel\\\/UCio72z7TlbufkAthAJIJfPw\"]}]}<\/script>\n<!-- \/ Yoast SEO plugin. -->","yoast_head_json":{"title":"Accessoire, micro fourmili\u00e8re, sp\u00e9cial COLOBOPSIS TRUNCATA - ANTDERGROUND","robots":{"index":"index","follow":"follow","max-snippet":"max-snippet:-1","max-image-preview":"max-image-preview:large","max-video-preview":"max-video-preview:-1"},"canonical":"https:\/\/antderground.com\/fr\/produit\/accessoire-fourmiliere-reduite-special-colobopsis-truncata\/","og_locale":"fr_FR","og_type":"article","og_title":"Accessoire, micro fourmili\u00e8re, sp\u00e9cial COLOBOPSIS TRUNCATA - ANTDERGROUND","og_description":"La micro fourmili\u00e8re est un accessoire qui est attach\u00e9 \u00e0 3 de nos p\u00e9pini\u00e8res ou nids de clo\u00eetre, pour (mod\u00e8le","og_url":"https:\/\/antderground.com\/fr\/produit\/accessoire-fourmiliere-reduite-special-colobopsis-truncata\/","og_site_name":"ANTDERGROUND","og_image":[{"width":567,"height":567,"url":"https:\/\/antderground.com\/wp-content\/uploads\/2020\/02\/truncatero-2-pisos.jpg","type":"image\/jpeg"}],"twitter_card":"summary_large_image","schema":{"@context":"https:\/\/schema.org","@graph":[{"@type":"WebPage","@id":"https:\/\/antderground.com\/fr\/produit\/accessoire-fourmiliere-reduite-special-colobopsis-truncata\/","url":"https:\/\/antderground.com\/fr\/produit\/accessoire-fourmiliere-reduite-special-colobopsis-truncata\/","name":"Accessoire, micro fourmili\u00e8re, sp\u00e9cial COLOBOPSIS TRUNCATA - ANTDERGROUND","isPartOf":{"@id":"https:\/\/antderground.com\/fr\/#website"},"primaryImageOfPage":{"@id":"https:\/\/antderground.com\/fr\/produit\/accessoire-fourmiliere-reduite-special-colobopsis-truncata\/#primaryimage"},"image":{"@id":"https:\/\/antderground.com\/fr\/produit\/accessoire-fourmiliere-reduite-special-colobopsis-truncata\/#primaryimage"},"thumbnailUrl":"https:\/\/antderground.com\/wp-content\/uploads\/2020\/02\/truncatero-2-pisos.jpg","datePublished":"2020-02-06T20:24:34+00:00","breadcrumb":{"@id":"https:\/\/antderground.com\/fr\/produit\/accessoire-fourmiliere-reduite-special-colobopsis-truncata\/#breadcrumb"},"inLanguage":"fr-FR","potentialAction":[{"@type":"ReadAction","target":["https:\/\/antderground.com\/fr\/produit\/accessoire-fourmiliere-reduite-special-colobopsis-truncata\/"]}]},{"@type":"ImageObject","inLanguage":"fr-FR","@id":"https:\/\/antderground.com\/fr\/produit\/accessoire-fourmiliere-reduite-special-colobopsis-truncata\/#primaryimage","url":"https:\/\/antderground.com\/wp-content\/uploads\/2020\/02\/truncatero-2-pisos.jpg","contentUrl":"https:\/\/antderground.com\/wp-content\/uploads\/2020\/02\/truncatero-2-pisos.jpg","width":567,"height":567},{"@type":"BreadcrumbList","@id":"https:\/\/antderground.com\/fr\/produit\/accessoire-fourmiliere-reduite-special-colobopsis-truncata\/#breadcrumb","itemListElement":[{"@type":"ListItem","position":1,"name":"Portada","item":"https:\/\/antderground.com\/fr\/"},{"@type":"ListItem","position":2,"name":"Boutique","item":"https:\/\/antderground.com\/fr\/boutique\/"},{"@type":"ListItem","position":3,"name":"Accessoire, micro fourmili\u00e8re, sp\u00e9cial COLOBOPSIS TRUNCATA"}]},{"@type":"WebSite","@id":"https:\/\/antderground.com\/fr\/#website","url":"https:\/\/antderground.com\/fr\/","name":"ANTDERGROUND","description":"Tu tienda de hormigas, gran variedad de hormigueros acr\u00edlicos,madera,arena,3D y mas.. Pide tus hormigas gratis con tu pedido, somos expertos en hormigueros antifugas.","publisher":{"@id":"https:\/\/antderground.com\/fr\/#\/schema\/person\/0e322c505e84fe72c65e2f6d08f96b81"},"alternateName":"Antderground","potentialAction":[{"@type":"SearchAction","target":{"@type":"EntryPoint","urlTemplate":"https:\/\/antderground.com\/fr\/?s={search_term_string}"},"query-input":{"@type":"PropertyValueSpecification","valueRequired":true,"valueName":"search_term_string"}}],"inLanguage":"fr-FR"},{"@type":["Person","Organization"],"@id":"https:\/\/antderground.com\/fr\/#\/schema\/person\/0e322c505e84fe72c65e2f6d08f96b81","name":"Eric de Antderground","image":{"@type":"ImageObject","inLanguage":"fr-FR","@id":"https:\/\/secure.gravatar.com\/avatar\/c49a1b9f79216d1498cb73c1e85cd47f4465dda35f2a94c03790d491bd4423c3?s=96&d=mm&r=g","url":"https:\/\/secure.gravatar.com\/avatar\/c49a1b9f79216d1498cb73c1e85cd47f4465dda35f2a94c03790d491bd4423c3?s=96&d=mm&r=g","contentUrl":"https:\/\/secure.gravatar.com\/avatar\/c49a1b9f79216d1498cb73c1e85cd47f4465dda35f2a94c03790d491bd4423c3?s=96&d=mm&r=g","caption":"Eric de Antderground"},"logo":{"@id":"https:\/\/secure.gravatar.com\/avatar\/c49a1b9f79216d1498cb73c1e85cd47f4465dda35f2a94c03790d491bd4423c3?s=96&d=mm&r=g"},"description":"Eric es el especialista y fundador de Antderground, con una amplia trayectoria en artr\u00f3podos y enfocado en la mirmecolog\u00eda y el dise\u00f1o de hormigueros artificiales. Su enfoque combina la innovaci\u00f3n t\u00e9cnica con el respeto por la biolog\u00eda de las hormigas, is\u00f3podos y otros, desarrollando sistemas de nidos modulares 3D y acr\u00edlicos que son referentes para aficionados y profesionales en toda Europa. Su objetivo es facilitar la cr\u00eda de hormigas y otros artr\u00f3podos mediante soluciones seguras y divulgaci\u00f3n de calidad.","sameAs":["https:\/\/antderground.com\/","https:\/\/www.youtube.com\/channel\/UCio72z7TlbufkAthAJIJfPw"]}]}},"_links":{"self":[{"href":"https:\/\/antderground.com\/fr\/wp-json\/wp\/v2\/product\/7646","targetHints":{"allow":["GET"]}}],"collection":[{"href":"https:\/\/antderground.com\/fr\/wp-json\/wp\/v2\/product"}],"about":[{"href":"https:\/\/antderground.com\/fr\/wp-json\/wp\/v2\/types\/product"}],"version-history":[{"count":0,"href":"https:\/\/antderground.com\/fr\/wp-json\/wp\/v2\/product\/7646\/revisions"}],"wp:featuredmedia":[{"embeddable":true,"href":"https:\/\/antderground.com\/fr\/wp-json\/wp\/v2\/media\/7652"}],"wp:attachment":[{"href":"https:\/\/antderground.com\/fr\/wp-json\/wp\/v2\/media?parent=7646"}],"wp:term":[{"taxonomy":"product_brand","embeddable":true,"href":"https:\/\/antderground.com\/fr\/wp-json\/wp\/v2\/product_brand?post=7646"},{"taxonomy":"product_cat","embeddable":true,"href":"https:\/\/antderground.com\/fr\/wp-json\/wp\/v2\/product_cat?post=7646"},{"taxonomy":"product_tag","embeddable":true,"href":"https:\/\/antderground.com\/fr\/wp-json\/wp\/v2\/product_tag?post=7646"}],"curies":[{"name":"wp","href":"https:\/\/api.w.org\/{rel}","templated":true}]}}