{"id":7822,"date":"2020-06-25T22:37:05","date_gmt":"2020-06-25T20:37:05","guid":{"rendered":"https:\/\/www.antderground.com\/producto\/fourmiliere-modulaire-en-bois\/"},"modified":"2022-11-11T23:00:14","modified_gmt":"2022-11-11T22:00:14","slug":"fourmiliere-modulaire-en-bois","status":"publish","type":"product","link":"https:\/\/antderground.com\/fr\/produit\/fourmiliere-modulaire-en-bois\/","title":{"rendered":"Fourmili\u00e8re modulaire en bois"},"content":{"rendered":"<p>Fourmili\u00e8re en bois modulaire de 10 x 10 cm, sp\u00e9ciale pour les esp\u00e8ces qui habitent le bois dans la nature, soit du substrat du sol, soit des arbres.<\/p>\n<p>C&#8217;est une fourmili\u00e8re diff\u00e9rente du reste des fourmili\u00e8res modulaires, car elle a un design asym\u00e9trique qui la rend unique.<\/p>\n<p>M\u00eame si le sol et les murs des galeries sont en bois, c&#8217;est une fourmili\u00e8re s\u00fbre, car il est compl\u00e8tement envelopp\u00e9 de m\u00e9thacrylate pour qu&#8217;il n&#8217;y ait pas de fuites au cas o\u00f9 les fourmis perceraient le bois.<\/p>\n<p>Il peut \u00eatre connect\u00e9 dans tous les fourmili\u00e8res de notre catalogue, au moyen d&#8217;un connecteur fourmili\u00e8re \u00e0 fourmili\u00e8re, le m\u00eame que celui utilis\u00e9 pour le connecter \u00e0 la bo\u00eete d&#8217;alimentation.<br \/>\nDans la fourmili\u00e8re en bois modulaire, nous pouvons \u00e9galement connecter les bouchons du tube \u00e0 essai, pour fournir des points d&#8217;hydratation aux fourmis sans affecter l&#8217;\u00e9tat du bois.<\/p>\n<p>Comme dans tous les produits Antderground, nous esp\u00e9rons que vous et vos fourmis pourrez profiter pleinement de ce monde de fourmis et de myrm\u00e9cologie<\/p>\n<p>Antderground<\/p>\n","protected":false},"excerpt":{"rendered":"<p>Fourmili\u00e8re en bois modulaire de 10 x 10 cm, sp\u00e9ciale pour les esp\u00e8ces qui habitent le bois dans la nature,<\/p>\n","protected":false},"featured_media":14280,"template":"","meta":[],"product_brand":[],"product_cat":[114,436,301],"product_tag":[],"class_list":{"0":"post-7822","1":"product","2":"type-product","3":"status-publish","4":"has-post-thumbnail","6":"product_cat-fourmilieres","7":"product_cat-fourmilieres-en-bois-fourmilieres","8":"product_cat-fourmilieres-modulaire","10":"first","11":"instock","12":"sale","13":"shipping-taxable","14":"purchasable","15":"product-type-simple"},"yoast_head":"<!-- This site is optimized with the Yoast SEO plugin v27.4 - https:\/\/yoast.com\/product\/yoast-seo-wordpress\/ -->\n<title>Fourmili\u00e8re modulaire en bois 10x10 - Antderground<\/title>\n<meta name=\"description\" content=\"Fourmili\u00e8re en bois modulaire de 10 x 10 cm, sp\u00e9ciale pour les esp\u00e8ces de fourmis qui habitent le bois dans la nature, soit du substrat du sol, soit des arbres.\" \/>\n<meta name=\"robots\" content=\"index, follow, max-snippet:-1, max-image-preview:large, max-video-preview:-1\" \/>\n<link rel=\"canonical\" href=\"https:\/\/antderground.com\/fr\/produit\/fourmiliere-modulaire-en-bois\/\" \/>\n<meta property=\"og:locale\" content=\"fr_FR\" \/>\n<meta property=\"og:type\" content=\"article\" \/>\n<meta property=\"og:title\" content=\"Fourmili\u00e8re modulaire en bois 10x10 - Antderground\" \/>\n<meta property=\"og:description\" content=\"Fourmili\u00e8re en bois modulaire de 10 x 10 cm, sp\u00e9ciale pour les esp\u00e8ces de fourmis qui habitent le bois dans la nature, soit du substrat du sol, soit des arbres.\" \/>\n<meta property=\"og:url\" content=\"https:\/\/antderground.com\/fr\/produit\/fourmiliere-modulaire-en-bois\/\" \/>\n<meta property=\"og:site_name\" content=\"ANTDERGROUND\" \/>\n<meta property=\"article:modified_time\" content=\"2022-11-11T22:00:14+00:00\" \/>\n<meta property=\"og:image\" content=\"https:\/\/antderground.com\/wp-content\/uploads\/2020\/06\/hormiguero-modular-de-madera.jpg\" \/>\n\t<meta property=\"og:image:width\" content=\"591\" \/>\n\t<meta property=\"og:image:height\" content=\"601\" \/>\n\t<meta property=\"og:image:type\" content=\"image\/jpeg\" \/>\n<meta name=\"twitter:card\" content=\"summary_large_image\" \/>\n<meta name=\"twitter:label1\" content=\"Dur\u00e9e de lecture estim\u00e9e\" \/>\n\t<meta name=\"twitter:data1\" content=\"1 minute\" \/>\n<script type=\"application\/ld+json\" class=\"yoast-schema-graph\">{\"@context\":\"https:\\\/\\\/schema.org\",\"@graph\":[{\"@type\":\"WebPage\",\"@id\":\"https:\\\/\\\/antderground.com\\\/fr\\\/produit\\\/fourmiliere-modulaire-en-bois\\\/\",\"url\":\"https:\\\/\\\/antderground.com\\\/fr\\\/produit\\\/fourmiliere-modulaire-en-bois\\\/\",\"name\":\"Fourmili\u00e8re modulaire en bois 10x10 - Antderground\",\"isPartOf\":{\"@id\":\"https:\\\/\\\/antderground.com\\\/fr\\\/#website\"},\"primaryImageOfPage\":{\"@id\":\"https:\\\/\\\/antderground.com\\\/fr\\\/produit\\\/fourmiliere-modulaire-en-bois\\\/#primaryimage\"},\"image\":{\"@id\":\"https:\\\/\\\/antderground.com\\\/fr\\\/produit\\\/fourmiliere-modulaire-en-bois\\\/#primaryimage\"},\"thumbnailUrl\":\"https:\\\/\\\/antderground.com\\\/wp-content\\\/uploads\\\/2020\\\/06\\\/hormiguero-modular-de-madera.jpg\",\"datePublished\":\"2020-06-25T20:37:05+00:00\",\"dateModified\":\"2022-11-11T22:00:14+00:00\",\"description\":\"Fourmili\u00e8re en bois modulaire de 10 x 10 cm, sp\u00e9ciale pour les esp\u00e8ces de fourmis qui habitent le bois dans la nature, soit du substrat du sol, soit des arbres.\",\"breadcrumb\":{\"@id\":\"https:\\\/\\\/antderground.com\\\/fr\\\/produit\\\/fourmiliere-modulaire-en-bois\\\/#breadcrumb\"},\"inLanguage\":\"fr-FR\",\"potentialAction\":[{\"@type\":\"ReadAction\",\"target\":[\"https:\\\/\\\/antderground.com\\\/fr\\\/produit\\\/fourmiliere-modulaire-en-bois\\\/\"]}]},{\"@type\":\"ImageObject\",\"inLanguage\":\"fr-FR\",\"@id\":\"https:\\\/\\\/antderground.com\\\/fr\\\/produit\\\/fourmiliere-modulaire-en-bois\\\/#primaryimage\",\"url\":\"https:\\\/\\\/antderground.com\\\/wp-content\\\/uploads\\\/2020\\\/06\\\/hormiguero-modular-de-madera.jpg\",\"contentUrl\":\"https:\\\/\\\/antderground.com\\\/wp-content\\\/uploads\\\/2020\\\/06\\\/hormiguero-modular-de-madera.jpg\",\"width\":591,\"height\":601,\"caption\":\"fourmili\u00e8re en bois\"},{\"@type\":\"BreadcrumbList\",\"@id\":\"https:\\\/\\\/antderground.com\\\/fr\\\/produit\\\/fourmiliere-modulaire-en-bois\\\/#breadcrumb\",\"itemListElement\":[{\"@type\":\"ListItem\",\"position\":1,\"name\":\"Portada\",\"item\":\"https:\\\/\\\/antderground.com\\\/fr\\\/\"},{\"@type\":\"ListItem\",\"position\":2,\"name\":\"Boutique\",\"item\":\"https:\\\/\\\/antderground.com\\\/fr\\\/boutique\\\/\"},{\"@type\":\"ListItem\",\"position\":3,\"name\":\"Fourmili\u00e8re modulaire en bois\"}]},{\"@type\":\"WebSite\",\"@id\":\"https:\\\/\\\/antderground.com\\\/fr\\\/#website\",\"url\":\"https:\\\/\\\/antderground.com\\\/fr\\\/\",\"name\":\"ANTDERGROUND\",\"description\":\"Tu tienda de hormigas, gran variedad de hormigueros acr\u00edlicos,madera,arena,3D y mas.. Pide tus hormigas gratis con tu pedido, somos expertos en hormigueros antifugas.\",\"publisher\":{\"@id\":\"https:\\\/\\\/antderground.com\\\/fr\\\/#\\\/schema\\\/person\\\/0e322c505e84fe72c65e2f6d08f96b81\"},\"alternateName\":\"Antderground\",\"potentialAction\":[{\"@type\":\"SearchAction\",\"target\":{\"@type\":\"EntryPoint\",\"urlTemplate\":\"https:\\\/\\\/antderground.com\\\/fr\\\/?s={search_term_string}\"},\"query-input\":{\"@type\":\"PropertyValueSpecification\",\"valueRequired\":true,\"valueName\":\"search_term_string\"}}],\"inLanguage\":\"fr-FR\"},{\"@type\":[\"Person\",\"Organization\"],\"@id\":\"https:\\\/\\\/antderground.com\\\/fr\\\/#\\\/schema\\\/person\\\/0e322c505e84fe72c65e2f6d08f96b81\",\"name\":\"Eric de Antderground\",\"image\":{\"@type\":\"ImageObject\",\"inLanguage\":\"fr-FR\",\"@id\":\"https:\\\/\\\/secure.gravatar.com\\\/avatar\\\/c49a1b9f79216d1498cb73c1e85cd47f4465dda35f2a94c03790d491bd4423c3?s=96&d=mm&r=g\",\"url\":\"https:\\\/\\\/secure.gravatar.com\\\/avatar\\\/c49a1b9f79216d1498cb73c1e85cd47f4465dda35f2a94c03790d491bd4423c3?s=96&d=mm&r=g\",\"contentUrl\":\"https:\\\/\\\/secure.gravatar.com\\\/avatar\\\/c49a1b9f79216d1498cb73c1e85cd47f4465dda35f2a94c03790d491bd4423c3?s=96&d=mm&r=g\",\"caption\":\"Eric de Antderground\"},\"logo\":{\"@id\":\"https:\\\/\\\/secure.gravatar.com\\\/avatar\\\/c49a1b9f79216d1498cb73c1e85cd47f4465dda35f2a94c03790d491bd4423c3?s=96&d=mm&r=g\"},\"description\":\"Eric es el especialista y fundador de Antderground, con una amplia trayectoria en artr\u00f3podos y enfocado en la mirmecolog\u00eda y el dise\u00f1o de hormigueros artificiales. Su enfoque combina la innovaci\u00f3n t\u00e9cnica con el respeto por la biolog\u00eda de las hormigas, is\u00f3podos y otros, desarrollando sistemas de nidos modulares 3D y acr\u00edlicos que son referentes para aficionados y profesionales en toda Europa. Su objetivo es facilitar la cr\u00eda de hormigas y otros artr\u00f3podos mediante soluciones seguras y divulgaci\u00f3n de calidad.\",\"sameAs\":[\"https:\\\/\\\/antderground.com\\\/\",\"https:\\\/\\\/www.youtube.com\\\/channel\\\/UCio72z7TlbufkAthAJIJfPw\"]}]}<\/script>\n<!-- \/ Yoast SEO plugin. -->","yoast_head_json":{"title":"Fourmili\u00e8re modulaire en bois 10x10 - Antderground","description":"Fourmili\u00e8re en bois modulaire de 10 x 10 cm, sp\u00e9ciale pour les esp\u00e8ces de fourmis qui habitent le bois dans la nature, soit du substrat du sol, soit des arbres.","robots":{"index":"index","follow":"follow","max-snippet":"max-snippet:-1","max-image-preview":"max-image-preview:large","max-video-preview":"max-video-preview:-1"},"canonical":"https:\/\/antderground.com\/fr\/produit\/fourmiliere-modulaire-en-bois\/","og_locale":"fr_FR","og_type":"article","og_title":"Fourmili\u00e8re modulaire en bois 10x10 - Antderground","og_description":"Fourmili\u00e8re en bois modulaire de 10 x 10 cm, sp\u00e9ciale pour les esp\u00e8ces de fourmis qui habitent le bois dans la nature, soit du substrat du sol, soit des arbres.","og_url":"https:\/\/antderground.com\/fr\/produit\/fourmiliere-modulaire-en-bois\/","og_site_name":"ANTDERGROUND","article_modified_time":"2022-11-11T22:00:14+00:00","og_image":[{"width":591,"height":601,"url":"https:\/\/antderground.com\/wp-content\/uploads\/2020\/06\/hormiguero-modular-de-madera.jpg","type":"image\/jpeg"}],"twitter_card":"summary_large_image","twitter_misc":{"Dur\u00e9e de lecture estim\u00e9e":"1 minute"},"schema":{"@context":"https:\/\/schema.org","@graph":[{"@type":"WebPage","@id":"https:\/\/antderground.com\/fr\/produit\/fourmiliere-modulaire-en-bois\/","url":"https:\/\/antderground.com\/fr\/produit\/fourmiliere-modulaire-en-bois\/","name":"Fourmili\u00e8re modulaire en bois 10x10 - Antderground","isPartOf":{"@id":"https:\/\/antderground.com\/fr\/#website"},"primaryImageOfPage":{"@id":"https:\/\/antderground.com\/fr\/produit\/fourmiliere-modulaire-en-bois\/#primaryimage"},"image":{"@id":"https:\/\/antderground.com\/fr\/produit\/fourmiliere-modulaire-en-bois\/#primaryimage"},"thumbnailUrl":"https:\/\/antderground.com\/wp-content\/uploads\/2020\/06\/hormiguero-modular-de-madera.jpg","datePublished":"2020-06-25T20:37:05+00:00","dateModified":"2022-11-11T22:00:14+00:00","description":"Fourmili\u00e8re en bois modulaire de 10 x 10 cm, sp\u00e9ciale pour les esp\u00e8ces de fourmis qui habitent le bois dans la nature, soit du substrat du sol, soit des arbres.","breadcrumb":{"@id":"https:\/\/antderground.com\/fr\/produit\/fourmiliere-modulaire-en-bois\/#breadcrumb"},"inLanguage":"fr-FR","potentialAction":[{"@type":"ReadAction","target":["https:\/\/antderground.com\/fr\/produit\/fourmiliere-modulaire-en-bois\/"]}]},{"@type":"ImageObject","inLanguage":"fr-FR","@id":"https:\/\/antderground.com\/fr\/produit\/fourmiliere-modulaire-en-bois\/#primaryimage","url":"https:\/\/antderground.com\/wp-content\/uploads\/2020\/06\/hormiguero-modular-de-madera.jpg","contentUrl":"https:\/\/antderground.com\/wp-content\/uploads\/2020\/06\/hormiguero-modular-de-madera.jpg","width":591,"height":601,"caption":"fourmili\u00e8re en bois"},{"@type":"BreadcrumbList","@id":"https:\/\/antderground.com\/fr\/produit\/fourmiliere-modulaire-en-bois\/#breadcrumb","itemListElement":[{"@type":"ListItem","position":1,"name":"Portada","item":"https:\/\/antderground.com\/fr\/"},{"@type":"ListItem","position":2,"name":"Boutique","item":"https:\/\/antderground.com\/fr\/boutique\/"},{"@type":"ListItem","position":3,"name":"Fourmili\u00e8re modulaire en bois"}]},{"@type":"WebSite","@id":"https:\/\/antderground.com\/fr\/#website","url":"https:\/\/antderground.com\/fr\/","name":"ANTDERGROUND","description":"Tu tienda de hormigas, gran variedad de hormigueros acr\u00edlicos,madera,arena,3D y mas.. Pide tus hormigas gratis con tu pedido, somos expertos en hormigueros antifugas.","publisher":{"@id":"https:\/\/antderground.com\/fr\/#\/schema\/person\/0e322c505e84fe72c65e2f6d08f96b81"},"alternateName":"Antderground","potentialAction":[{"@type":"SearchAction","target":{"@type":"EntryPoint","urlTemplate":"https:\/\/antderground.com\/fr\/?s={search_term_string}"},"query-input":{"@type":"PropertyValueSpecification","valueRequired":true,"valueName":"search_term_string"}}],"inLanguage":"fr-FR"},{"@type":["Person","Organization"],"@id":"https:\/\/antderground.com\/fr\/#\/schema\/person\/0e322c505e84fe72c65e2f6d08f96b81","name":"Eric de Antderground","image":{"@type":"ImageObject","inLanguage":"fr-FR","@id":"https:\/\/secure.gravatar.com\/avatar\/c49a1b9f79216d1498cb73c1e85cd47f4465dda35f2a94c03790d491bd4423c3?s=96&d=mm&r=g","url":"https:\/\/secure.gravatar.com\/avatar\/c49a1b9f79216d1498cb73c1e85cd47f4465dda35f2a94c03790d491bd4423c3?s=96&d=mm&r=g","contentUrl":"https:\/\/secure.gravatar.com\/avatar\/c49a1b9f79216d1498cb73c1e85cd47f4465dda35f2a94c03790d491bd4423c3?s=96&d=mm&r=g","caption":"Eric de Antderground"},"logo":{"@id":"https:\/\/secure.gravatar.com\/avatar\/c49a1b9f79216d1498cb73c1e85cd47f4465dda35f2a94c03790d491bd4423c3?s=96&d=mm&r=g"},"description":"Eric es el especialista y fundador de Antderground, con una amplia trayectoria en artr\u00f3podos y enfocado en la mirmecolog\u00eda y el dise\u00f1o de hormigueros artificiales. Su enfoque combina la innovaci\u00f3n t\u00e9cnica con el respeto por la biolog\u00eda de las hormigas, is\u00f3podos y otros, desarrollando sistemas de nidos modulares 3D y acr\u00edlicos que son referentes para aficionados y profesionales en toda Europa. Su objetivo es facilitar la cr\u00eda de hormigas y otros artr\u00f3podos mediante soluciones seguras y divulgaci\u00f3n de calidad.","sameAs":["https:\/\/antderground.com\/","https:\/\/www.youtube.com\/channel\/UCio72z7TlbufkAthAJIJfPw"]}]}},"_links":{"self":[{"href":"https:\/\/antderground.com\/fr\/wp-json\/wp\/v2\/product\/7822","targetHints":{"allow":["GET"]}}],"collection":[{"href":"https:\/\/antderground.com\/fr\/wp-json\/wp\/v2\/product"}],"about":[{"href":"https:\/\/antderground.com\/fr\/wp-json\/wp\/v2\/types\/product"}],"version-history":[{"count":0,"href":"https:\/\/antderground.com\/fr\/wp-json\/wp\/v2\/product\/7822\/revisions"}],"wp:featuredmedia":[{"embeddable":true,"href":"https:\/\/antderground.com\/fr\/wp-json\/wp\/v2\/media\/14280"}],"wp:attachment":[{"href":"https:\/\/antderground.com\/fr\/wp-json\/wp\/v2\/media?parent=7822"}],"wp:term":[{"taxonomy":"product_brand","embeddable":true,"href":"https:\/\/antderground.com\/fr\/wp-json\/wp\/v2\/product_brand?post=7822"},{"taxonomy":"product_cat","embeddable":true,"href":"https:\/\/antderground.com\/fr\/wp-json\/wp\/v2\/product_cat?post=7822"},{"taxonomy":"product_tag","embeddable":true,"href":"https:\/\/antderground.com\/fr\/wp-json\/wp\/v2\/product_tag?post=7822"}],"curies":[{"name":"wp","href":"https:\/\/api.w.org\/{rel}","templated":true}]}}