{"id":7884,"date":"2019-09-06T13:33:49","date_gmt":"2019-09-06T11:33:49","guid":{"rendered":"https:\/\/www.antderground.com\/producto\/tenebrio-molitor\/"},"modified":"2024-01-08T18:26:06","modified_gmt":"2024-01-08T17:26:06","slug":"tenebrio-molitor","status":"publish","type":"product","link":"https:\/\/antderground.com\/fr\/produit\/tenebrio-molitor\/","title":{"rendered":"Tenebrio molitor"},"content":{"rendered":"<p>(25|100|500 grammes de tenebrio molitor)<\/p>\n<p><strong>Fiche Technique : Ver de farine (Tenebrio molitor)<\/strong><\/p>\n<p><strong>Classification :<\/strong><\/p>\n<ul>\n<li>R\u00e8gne : Animalia<\/li>\n<li>Phylum : Arthropoda<\/li>\n<li>Classe : Insecta<\/li>\n<li>Ordre : Coleoptera<\/li>\n<li>Famille : Tenebrionidae<\/li>\n<li>Genre : Tenebrio<\/li>\n<li>Esp\u00e8ce : Tenebrio molitor<\/li>\n<\/ul>\n<p><strong>Description :<\/strong><\/p>\n<ul>\n<li>Longueur : 1,5 \u00e0 2,5 centim\u00e8tres.<\/li>\n<li>Couleur : Marron fonc\u00e9.<\/li>\n<li>Morphologie : Corps divis\u00e9 en t\u00eate, thorax et abdomen. Poss\u00e8de six pattes, des antennes et des mandibules d\u00e9velopp\u00e9es.<\/li>\n<\/ul>\n<p><strong>Cycle de Vie :<\/strong><\/p>\n<ol>\n<li><strong>\u0152uf :<\/strong> Le cycle commence par la ponte d&#8217;\u0153ufs par la femelle.<\/li>\n<li><strong>Larve :<\/strong> La larve, commun\u00e9ment appel\u00e9e ver de farine, est la phase de croissance la plus active et se nourrit de mat\u00e9riaux riches en prot\u00e9ines.<\/li>\n<li><strong>Nymphe :<\/strong> La larve se transforme en nymphe, o\u00f9 se produit la m\u00e9tamorphose.<\/li>\n<li><strong>Adulte :<\/strong> La nymphe se d\u00e9veloppe en un scarab\u00e9e adulte.<\/li>\n<\/ol>\n<p><strong>Habitat :<\/strong><\/p>\n<ul>\n<li>Les vers de farine sont adaptatifs et se trouvent dans des environnements sombres et chauds, tels que les entrep\u00f4ts, les granges et les zones de stockage alimentaire.<\/li>\n<\/ul>\n<p><strong>Alimentation :<\/strong><\/p>\n<ul>\n<li>La phase larvaire se nourrit de mat\u00e9riaux riches en prot\u00e9ines, tels que la farine, les grains et d&#8217;autres produits organiques. Les adultes consomment principalement des aliments fibres.<\/li>\n<\/ul>\n<p><strong>Importance \u00c9conomique :<\/strong><\/p>\n<ul>\n<li>Utilis\u00e9s comme aliment pour les animaux exotiques, les reptiles, les oiseaux et les poissons en raison de leur teneur \u00e9lev\u00e9e en prot\u00e9ines et de leur valeur nutritionnelle.<\/li>\n<\/ul>\n<p><strong>Avantages Environnementaux :<\/strong><\/p>\n<ul>\n<li>D\u00e9composent les mat\u00e9riaux organiques, contribuant au processus de d\u00e9composition et de recyclage dans la nature.<\/li>\n<\/ul>\n","protected":false},"excerpt":{"rendered":"<p>Tenebrio molitor (appel\u00e9 vers de farine), un aliment vivant parfait pour les animaux exotiques et notamment pour certaines esp\u00e8ces de fourmis<\/p>\n","protected":false},"featured_media":7885,"template":"","meta":[],"product_brand":[],"product_cat":[109,661],"product_tag":[],"class_list":{"0":"post-7884","1":"product","2":"type-product","3":"status-publish","4":"has-post-thumbnail","6":"product_cat-aliments","7":"product_cat-nourriture-vivante","9":"first","10":"instock","11":"sale","12":"shipping-taxable","13":"purchasable","14":"product-type-variable"},"yoast_head":"<!-- This site is optimized with the Yoast SEO plugin v27.4 - https:\/\/yoast.com\/product\/yoast-seo-wordpress\/ -->\n<title>Tenebrio molitor (vers de farine) - ANTDERGROUND<\/title>\n<meta name=\"description\" content=\"Tenebrio Molitor ou connu sous le nom de vers de farine est un aliment vivant parfait pour nos fourmis et autres insectes. Le monde de la myrm\u00e9cologie !\" \/>\n<meta name=\"robots\" content=\"index, follow, max-snippet:-1, max-image-preview:large, max-video-preview:-1\" \/>\n<link rel=\"canonical\" href=\"https:\/\/antderground.com\/fr\/produit\/tenebrio-molitor\/\" \/>\n<meta property=\"og:locale\" content=\"fr_FR\" \/>\n<meta property=\"og:type\" content=\"article\" \/>\n<meta property=\"og:title\" content=\"Tenebrio molitor (vers de farine) - ANTDERGROUND\" \/>\n<meta property=\"og:description\" content=\"Tenebrio Molitor ou connu sous le nom de vers de farine est un aliment vivant parfait pour nos fourmis et autres insectes. Le monde de la myrm\u00e9cologie !\" \/>\n<meta property=\"og:url\" content=\"https:\/\/antderground.com\/fr\/produit\/tenebrio-molitor\/\" \/>\n<meta property=\"og:site_name\" content=\"ANTDERGROUND\" \/>\n<meta property=\"article:modified_time\" content=\"2024-01-08T17:26:06+00:00\" \/>\n<meta property=\"og:image\" content=\"https:\/\/antderground.com\/wp-content\/uploads\/2019\/09\/TENEBRIOS-PARA-HORMIGAS.jpg\" \/>\n\t<meta property=\"og:image:width\" content=\"567\" \/>\n\t<meta property=\"og:image:height\" content=\"567\" \/>\n\t<meta property=\"og:image:type\" content=\"image\/jpeg\" \/>\n<meta name=\"twitter:card\" content=\"summary_large_image\" \/>\n<meta name=\"twitter:label1\" content=\"Dur\u00e9e de lecture estim\u00e9e\" \/>\n\t<meta name=\"twitter:data1\" content=\"1 minute\" \/>\n<script type=\"application\/ld+json\" class=\"yoast-schema-graph\">{\"@context\":\"https:\\\/\\\/schema.org\",\"@graph\":[{\"@type\":\"WebPage\",\"@id\":\"https:\\\/\\\/antderground.com\\\/fr\\\/produit\\\/tenebrio-molitor\\\/\",\"url\":\"https:\\\/\\\/antderground.com\\\/fr\\\/produit\\\/tenebrio-molitor\\\/\",\"name\":\"Tenebrio molitor (vers de farine) - ANTDERGROUND\",\"isPartOf\":{\"@id\":\"https:\\\/\\\/antderground.com\\\/fr\\\/#website\"},\"primaryImageOfPage\":{\"@id\":\"https:\\\/\\\/antderground.com\\\/fr\\\/produit\\\/tenebrio-molitor\\\/#primaryimage\"},\"image\":{\"@id\":\"https:\\\/\\\/antderground.com\\\/fr\\\/produit\\\/tenebrio-molitor\\\/#primaryimage\"},\"thumbnailUrl\":\"https:\\\/\\\/antderground.com\\\/wp-content\\\/uploads\\\/2019\\\/09\\\/TENEBRIOS-PARA-HORMIGAS.jpg\",\"datePublished\":\"2019-09-06T11:33:49+00:00\",\"dateModified\":\"2024-01-08T17:26:06+00:00\",\"description\":\"Tenebrio Molitor ou connu sous le nom de vers de farine est un aliment vivant parfait pour nos fourmis et autres insectes. Le monde de la myrm\u00e9cologie !\",\"breadcrumb\":{\"@id\":\"https:\\\/\\\/antderground.com\\\/fr\\\/produit\\\/tenebrio-molitor\\\/#breadcrumb\"},\"inLanguage\":\"fr-FR\",\"potentialAction\":[{\"@type\":\"ReadAction\",\"target\":[\"https:\\\/\\\/antderground.com\\\/fr\\\/produit\\\/tenebrio-molitor\\\/\"]}]},{\"@type\":\"ImageObject\",\"inLanguage\":\"fr-FR\",\"@id\":\"https:\\\/\\\/antderground.com\\\/fr\\\/produit\\\/tenebrio-molitor\\\/#primaryimage\",\"url\":\"https:\\\/\\\/antderground.com\\\/wp-content\\\/uploads\\\/2019\\\/09\\\/TENEBRIOS-PARA-HORMIGAS.jpg\",\"contentUrl\":\"https:\\\/\\\/antderground.com\\\/wp-content\\\/uploads\\\/2019\\\/09\\\/TENEBRIOS-PARA-HORMIGAS.jpg\",\"width\":567,\"height\":567,\"caption\":\"vers de farine\"},{\"@type\":\"BreadcrumbList\",\"@id\":\"https:\\\/\\\/antderground.com\\\/fr\\\/produit\\\/tenebrio-molitor\\\/#breadcrumb\",\"itemListElement\":[{\"@type\":\"ListItem\",\"position\":1,\"name\":\"Portada\",\"item\":\"https:\\\/\\\/antderground.com\\\/fr\\\/\"},{\"@type\":\"ListItem\",\"position\":2,\"name\":\"Boutique\",\"item\":\"https:\\\/\\\/antderground.com\\\/fr\\\/boutique\\\/\"},{\"@type\":\"ListItem\",\"position\":3,\"name\":\"Tenebrio molitor\"}]},{\"@type\":\"WebSite\",\"@id\":\"https:\\\/\\\/antderground.com\\\/fr\\\/#website\",\"url\":\"https:\\\/\\\/antderground.com\\\/fr\\\/\",\"name\":\"ANTDERGROUND\",\"description\":\"Tu tienda de hormigas, gran variedad de hormigueros acr\u00edlicos,madera,arena,3D y mas.. Pide tus hormigas gratis con tu pedido, somos expertos en hormigueros antifugas.\",\"publisher\":{\"@id\":\"https:\\\/\\\/antderground.com\\\/fr\\\/#\\\/schema\\\/person\\\/0e322c505e84fe72c65e2f6d08f96b81\"},\"alternateName\":\"Antderground\",\"potentialAction\":[{\"@type\":\"SearchAction\",\"target\":{\"@type\":\"EntryPoint\",\"urlTemplate\":\"https:\\\/\\\/antderground.com\\\/fr\\\/?s={search_term_string}\"},\"query-input\":{\"@type\":\"PropertyValueSpecification\",\"valueRequired\":true,\"valueName\":\"search_term_string\"}}],\"inLanguage\":\"fr-FR\"},{\"@type\":[\"Person\",\"Organization\"],\"@id\":\"https:\\\/\\\/antderground.com\\\/fr\\\/#\\\/schema\\\/person\\\/0e322c505e84fe72c65e2f6d08f96b81\",\"name\":\"Eric de Antderground\",\"image\":{\"@type\":\"ImageObject\",\"inLanguage\":\"fr-FR\",\"@id\":\"https:\\\/\\\/secure.gravatar.com\\\/avatar\\\/c49a1b9f79216d1498cb73c1e85cd47f4465dda35f2a94c03790d491bd4423c3?s=96&d=mm&r=g\",\"url\":\"https:\\\/\\\/secure.gravatar.com\\\/avatar\\\/c49a1b9f79216d1498cb73c1e85cd47f4465dda35f2a94c03790d491bd4423c3?s=96&d=mm&r=g\",\"contentUrl\":\"https:\\\/\\\/secure.gravatar.com\\\/avatar\\\/c49a1b9f79216d1498cb73c1e85cd47f4465dda35f2a94c03790d491bd4423c3?s=96&d=mm&r=g\",\"caption\":\"Eric de Antderground\"},\"logo\":{\"@id\":\"https:\\\/\\\/secure.gravatar.com\\\/avatar\\\/c49a1b9f79216d1498cb73c1e85cd47f4465dda35f2a94c03790d491bd4423c3?s=96&d=mm&r=g\"},\"description\":\"Eric es el especialista y fundador de Antderground, con una amplia trayectoria en artr\u00f3podos y enfocado en la mirmecolog\u00eda y el dise\u00f1o de hormigueros artificiales. Su enfoque combina la innovaci\u00f3n t\u00e9cnica con el respeto por la biolog\u00eda de las hormigas, is\u00f3podos y otros, desarrollando sistemas de nidos modulares 3D y acr\u00edlicos que son referentes para aficionados y profesionales en toda Europa. Su objetivo es facilitar la cr\u00eda de hormigas y otros artr\u00f3podos mediante soluciones seguras y divulgaci\u00f3n de calidad.\",\"sameAs\":[\"https:\\\/\\\/antderground.com\\\/\",\"https:\\\/\\\/www.youtube.com\\\/channel\\\/UCio72z7TlbufkAthAJIJfPw\"]}]}<\/script>\n<!-- \/ Yoast SEO plugin. -->","yoast_head_json":{"title":"Tenebrio molitor (vers de farine) - ANTDERGROUND","description":"Tenebrio Molitor ou connu sous le nom de vers de farine est un aliment vivant parfait pour nos fourmis et autres insectes. Le monde de la myrm\u00e9cologie !","robots":{"index":"index","follow":"follow","max-snippet":"max-snippet:-1","max-image-preview":"max-image-preview:large","max-video-preview":"max-video-preview:-1"},"canonical":"https:\/\/antderground.com\/fr\/produit\/tenebrio-molitor\/","og_locale":"fr_FR","og_type":"article","og_title":"Tenebrio molitor (vers de farine) - ANTDERGROUND","og_description":"Tenebrio Molitor ou connu sous le nom de vers de farine est un aliment vivant parfait pour nos fourmis et autres insectes. Le monde de la myrm\u00e9cologie !","og_url":"https:\/\/antderground.com\/fr\/produit\/tenebrio-molitor\/","og_site_name":"ANTDERGROUND","article_modified_time":"2024-01-08T17:26:06+00:00","og_image":[{"width":567,"height":567,"url":"https:\/\/antderground.com\/wp-content\/uploads\/2019\/09\/TENEBRIOS-PARA-HORMIGAS.jpg","type":"image\/jpeg"}],"twitter_card":"summary_large_image","twitter_misc":{"Dur\u00e9e de lecture estim\u00e9e":"1 minute"},"schema":{"@context":"https:\/\/schema.org","@graph":[{"@type":"WebPage","@id":"https:\/\/antderground.com\/fr\/produit\/tenebrio-molitor\/","url":"https:\/\/antderground.com\/fr\/produit\/tenebrio-molitor\/","name":"Tenebrio molitor (vers de farine) - ANTDERGROUND","isPartOf":{"@id":"https:\/\/antderground.com\/fr\/#website"},"primaryImageOfPage":{"@id":"https:\/\/antderground.com\/fr\/produit\/tenebrio-molitor\/#primaryimage"},"image":{"@id":"https:\/\/antderground.com\/fr\/produit\/tenebrio-molitor\/#primaryimage"},"thumbnailUrl":"https:\/\/antderground.com\/wp-content\/uploads\/2019\/09\/TENEBRIOS-PARA-HORMIGAS.jpg","datePublished":"2019-09-06T11:33:49+00:00","dateModified":"2024-01-08T17:26:06+00:00","description":"Tenebrio Molitor ou connu sous le nom de vers de farine est un aliment vivant parfait pour nos fourmis et autres insectes. Le monde de la myrm\u00e9cologie !","breadcrumb":{"@id":"https:\/\/antderground.com\/fr\/produit\/tenebrio-molitor\/#breadcrumb"},"inLanguage":"fr-FR","potentialAction":[{"@type":"ReadAction","target":["https:\/\/antderground.com\/fr\/produit\/tenebrio-molitor\/"]}]},{"@type":"ImageObject","inLanguage":"fr-FR","@id":"https:\/\/antderground.com\/fr\/produit\/tenebrio-molitor\/#primaryimage","url":"https:\/\/antderground.com\/wp-content\/uploads\/2019\/09\/TENEBRIOS-PARA-HORMIGAS.jpg","contentUrl":"https:\/\/antderground.com\/wp-content\/uploads\/2019\/09\/TENEBRIOS-PARA-HORMIGAS.jpg","width":567,"height":567,"caption":"vers de farine"},{"@type":"BreadcrumbList","@id":"https:\/\/antderground.com\/fr\/produit\/tenebrio-molitor\/#breadcrumb","itemListElement":[{"@type":"ListItem","position":1,"name":"Portada","item":"https:\/\/antderground.com\/fr\/"},{"@type":"ListItem","position":2,"name":"Boutique","item":"https:\/\/antderground.com\/fr\/boutique\/"},{"@type":"ListItem","position":3,"name":"Tenebrio molitor"}]},{"@type":"WebSite","@id":"https:\/\/antderground.com\/fr\/#website","url":"https:\/\/antderground.com\/fr\/","name":"ANTDERGROUND","description":"Tu tienda de hormigas, gran variedad de hormigueros acr\u00edlicos,madera,arena,3D y mas.. Pide tus hormigas gratis con tu pedido, somos expertos en hormigueros antifugas.","publisher":{"@id":"https:\/\/antderground.com\/fr\/#\/schema\/person\/0e322c505e84fe72c65e2f6d08f96b81"},"alternateName":"Antderground","potentialAction":[{"@type":"SearchAction","target":{"@type":"EntryPoint","urlTemplate":"https:\/\/antderground.com\/fr\/?s={search_term_string}"},"query-input":{"@type":"PropertyValueSpecification","valueRequired":true,"valueName":"search_term_string"}}],"inLanguage":"fr-FR"},{"@type":["Person","Organization"],"@id":"https:\/\/antderground.com\/fr\/#\/schema\/person\/0e322c505e84fe72c65e2f6d08f96b81","name":"Eric de Antderground","image":{"@type":"ImageObject","inLanguage":"fr-FR","@id":"https:\/\/secure.gravatar.com\/avatar\/c49a1b9f79216d1498cb73c1e85cd47f4465dda35f2a94c03790d491bd4423c3?s=96&d=mm&r=g","url":"https:\/\/secure.gravatar.com\/avatar\/c49a1b9f79216d1498cb73c1e85cd47f4465dda35f2a94c03790d491bd4423c3?s=96&d=mm&r=g","contentUrl":"https:\/\/secure.gravatar.com\/avatar\/c49a1b9f79216d1498cb73c1e85cd47f4465dda35f2a94c03790d491bd4423c3?s=96&d=mm&r=g","caption":"Eric de Antderground"},"logo":{"@id":"https:\/\/secure.gravatar.com\/avatar\/c49a1b9f79216d1498cb73c1e85cd47f4465dda35f2a94c03790d491bd4423c3?s=96&d=mm&r=g"},"description":"Eric es el especialista y fundador de Antderground, con una amplia trayectoria en artr\u00f3podos y enfocado en la mirmecolog\u00eda y el dise\u00f1o de hormigueros artificiales. Su enfoque combina la innovaci\u00f3n t\u00e9cnica con el respeto por la biolog\u00eda de las hormigas, is\u00f3podos y otros, desarrollando sistemas de nidos modulares 3D y acr\u00edlicos que son referentes para aficionados y profesionales en toda Europa. Su objetivo es facilitar la cr\u00eda de hormigas y otros artr\u00f3podos mediante soluciones seguras y divulgaci\u00f3n de calidad.","sameAs":["https:\/\/antderground.com\/","https:\/\/www.youtube.com\/channel\/UCio72z7TlbufkAthAJIJfPw"]}]}},"_links":{"self":[{"href":"https:\/\/antderground.com\/fr\/wp-json\/wp\/v2\/product\/7884","targetHints":{"allow":["GET"]}}],"collection":[{"href":"https:\/\/antderground.com\/fr\/wp-json\/wp\/v2\/product"}],"about":[{"href":"https:\/\/antderground.com\/fr\/wp-json\/wp\/v2\/types\/product"}],"version-history":[{"count":0,"href":"https:\/\/antderground.com\/fr\/wp-json\/wp\/v2\/product\/7884\/revisions"}],"wp:featuredmedia":[{"embeddable":true,"href":"https:\/\/antderground.com\/fr\/wp-json\/wp\/v2\/media\/7885"}],"wp:attachment":[{"href":"https:\/\/antderground.com\/fr\/wp-json\/wp\/v2\/media?parent=7884"}],"wp:term":[{"taxonomy":"product_brand","embeddable":true,"href":"https:\/\/antderground.com\/fr\/wp-json\/wp\/v2\/product_brand?post=7884"},{"taxonomy":"product_cat","embeddable":true,"href":"https:\/\/antderground.com\/fr\/wp-json\/wp\/v2\/product_cat?post=7884"},{"taxonomy":"product_tag","embeddable":true,"href":"https:\/\/antderground.com\/fr\/wp-json\/wp\/v2\/product_tag?post=7884"}],"curies":[{"name":"wp","href":"https:\/\/api.w.org\/{rel}","templated":true}]}}