{"id":7909,"date":"2019-07-03T22:48:23","date_gmt":"2019-07-03T20:48:23","guid":{"rendered":"https:\/\/www.antderground.com\/producto\/eponge-avec-caisse-de-nourriture-anti-fuite\/"},"modified":"2023-03-10T15:32:28","modified_gmt":"2023-03-10T14:32:28","slug":"eponge-avec-caisse-de-nourriture-anti-fuite","status":"publish","type":"product","link":"https:\/\/antderground.com\/fr\/produit\/eponge-avec-caisse-de-nourriture-anti-fuite\/","title":{"rendered":"Fourmili\u00e8re 10 x 10 \u00c9ponge avec caisse de nourriture Anti-fuite"},"content":{"rendered":"<p>Fourmili\u00e8re 10 x 10 avec caisse de nourriture int\u00e9gr\u00e9e.<\/p>\n<p>Un des premiers mod\u00e8les Antderground.<\/p>\n<p>L&#8217;\u00e9ponge est amovible sans avoir \u00e0 d\u00e9monter la fourmili\u00e8re, facilitant le changement si elle subit un quelconque type de d\u00e9t\u00e9rioration.<\/p>\n<p>Bien que nous ayons mis \u00e0 jour le mod\u00e8le, il maintient la s\u00e9paration des chambres et offre un acc\u00e8s \u00e0 la chambre humide et \u00e0 la chambre s\u00e8che depuis le d\u00e9but.<\/p>\n","protected":false},"excerpt":{"rendered":"<p>Fourmili\u00e8re 10 x 10 avec caisse de nourriture int\u00e9gr\u00e9e. Un des premiers mod\u00e8les Antderground. L&#8217;\u00e9ponge est amovible sans avoir \u00e0<\/p>\n","protected":false},"featured_media":7785,"template":"","meta":[],"product_brand":[],"product_cat":[114,437,115],"product_tag":[],"class_list":{"0":"post-7909","1":"product","2":"type-product","3":"status-publish","4":"has-post-thumbnail","6":"product_cat-fourmilieres","7":"product_cat-fourmilieres-acryliques","8":"product_cat-fourmilieres-anti-fuite","10":"first","11":"instock","12":"shipping-taxable","13":"purchasable","14":"product-type-simple"},"yoast_head":"<!-- This site is optimized with the Yoast SEO plugin v27.4 - https:\/\/yoast.com\/product\/yoast-seo-wordpress\/ -->\n<title>Fourmili\u00e8re 10 x 10 \u00c9ponge avec caisse de nourriture Anti-fuite - ANTDERGROUND<\/title>\n<meta name=\"description\" content=\"Fourmili\u00e8re 10 x 10 avec caisse de nourriture int\u00e9gr\u00e9e. Un des premiers mod\u00e8les Antderground. L\u2019\u00e9ponge est amovible sans avoir \u00e0 d\u00e9monter la fourmili\u00e8re.\" \/>\n<meta name=\"robots\" content=\"index, follow, max-snippet:-1, max-image-preview:large, max-video-preview:-1\" \/>\n<link rel=\"canonical\" href=\"https:\/\/antderground.com\/fr\/produit\/eponge-avec-caisse-de-nourriture-anti-fuite\/\" \/>\n<meta property=\"og:locale\" content=\"fr_FR\" \/>\n<meta property=\"og:type\" content=\"article\" \/>\n<meta property=\"og:title\" content=\"Fourmili\u00e8re 10 x 10 \u00c9ponge avec caisse de nourriture Anti-fuite - ANTDERGROUND\" \/>\n<meta property=\"og:description\" content=\"Fourmili\u00e8re 10 x 10 avec caisse de nourriture int\u00e9gr\u00e9e. Un des premiers mod\u00e8les Antderground. L\u2019\u00e9ponge est amovible sans avoir \u00e0 d\u00e9monter la fourmili\u00e8re.\" \/>\n<meta property=\"og:url\" content=\"https:\/\/antderground.com\/fr\/produit\/eponge-avec-caisse-de-nourriture-anti-fuite\/\" \/>\n<meta property=\"og:site_name\" content=\"ANTDERGROUND\" \/>\n<meta property=\"article:modified_time\" content=\"2023-03-10T14:32:28+00:00\" \/>\n<meta property=\"og:image\" content=\"https:\/\/antderground.com\/wp-content\/uploads\/2019\/07\/10-X-10-ESPONJA-ANTIFUGAS-ANTDERGROUND.jpg\" \/>\n\t<meta property=\"og:image:width\" content=\"567\" \/>\n\t<meta property=\"og:image:height\" content=\"567\" \/>\n\t<meta property=\"og:image:type\" content=\"image\/jpeg\" \/>\n<meta name=\"twitter:card\" content=\"summary_large_image\" \/>\n<script type=\"application\/ld+json\" class=\"yoast-schema-graph\">{\"@context\":\"https:\\\/\\\/schema.org\",\"@graph\":[{\"@type\":\"WebPage\",\"@id\":\"https:\\\/\\\/antderground.com\\\/fr\\\/produit\\\/eponge-avec-caisse-de-nourriture-anti-fuite\\\/\",\"url\":\"https:\\\/\\\/antderground.com\\\/fr\\\/produit\\\/eponge-avec-caisse-de-nourriture-anti-fuite\\\/\",\"name\":\"Fourmili\u00e8re 10 x 10 \u00c9ponge avec caisse de nourriture Anti-fuite - ANTDERGROUND\",\"isPartOf\":{\"@id\":\"https:\\\/\\\/antderground.com\\\/fr\\\/#website\"},\"primaryImageOfPage\":{\"@id\":\"https:\\\/\\\/antderground.com\\\/fr\\\/produit\\\/eponge-avec-caisse-de-nourriture-anti-fuite\\\/#primaryimage\"},\"image\":{\"@id\":\"https:\\\/\\\/antderground.com\\\/fr\\\/produit\\\/eponge-avec-caisse-de-nourriture-anti-fuite\\\/#primaryimage\"},\"thumbnailUrl\":\"https:\\\/\\\/antderground.com\\\/wp-content\\\/uploads\\\/2019\\\/07\\\/10-X-10-ESPONJA-ANTIFUGAS-ANTDERGROUND.jpg\",\"datePublished\":\"2019-07-03T20:48:23+00:00\",\"dateModified\":\"2023-03-10T14:32:28+00:00\",\"description\":\"Fourmili\u00e8re 10 x 10 avec caisse de nourriture int\u00e9gr\u00e9e. Un des premiers mod\u00e8les Antderground. L\u2019\u00e9ponge est amovible sans avoir \u00e0 d\u00e9monter la fourmili\u00e8re.\",\"breadcrumb\":{\"@id\":\"https:\\\/\\\/antderground.com\\\/fr\\\/produit\\\/eponge-avec-caisse-de-nourriture-anti-fuite\\\/#breadcrumb\"},\"inLanguage\":\"fr-FR\",\"potentialAction\":[{\"@type\":\"ReadAction\",\"target\":[\"https:\\\/\\\/antderground.com\\\/fr\\\/produit\\\/eponge-avec-caisse-de-nourriture-anti-fuite\\\/\"]}]},{\"@type\":\"ImageObject\",\"inLanguage\":\"fr-FR\",\"@id\":\"https:\\\/\\\/antderground.com\\\/fr\\\/produit\\\/eponge-avec-caisse-de-nourriture-anti-fuite\\\/#primaryimage\",\"url\":\"https:\\\/\\\/antderground.com\\\/wp-content\\\/uploads\\\/2019\\\/07\\\/10-X-10-ESPONJA-ANTIFUGAS-ANTDERGROUND.jpg\",\"contentUrl\":\"https:\\\/\\\/antderground.com\\\/wp-content\\\/uploads\\\/2019\\\/07\\\/10-X-10-ESPONJA-ANTIFUGAS-ANTDERGROUND.jpg\",\"width\":567,\"height\":567,\"caption\":\"Un des premiers mod\u00e8les Antderground.\"},{\"@type\":\"BreadcrumbList\",\"@id\":\"https:\\\/\\\/antderground.com\\\/fr\\\/produit\\\/eponge-avec-caisse-de-nourriture-anti-fuite\\\/#breadcrumb\",\"itemListElement\":[{\"@type\":\"ListItem\",\"position\":1,\"name\":\"Portada\",\"item\":\"https:\\\/\\\/antderground.com\\\/fr\\\/\"},{\"@type\":\"ListItem\",\"position\":2,\"name\":\"Boutique\",\"item\":\"https:\\\/\\\/antderground.com\\\/fr\\\/boutique\\\/\"},{\"@type\":\"ListItem\",\"position\":3,\"name\":\"Fourmili\u00e8re 10 x 10 \u00c9ponge avec caisse de nourriture Anti-fuite\"}]},{\"@type\":\"WebSite\",\"@id\":\"https:\\\/\\\/antderground.com\\\/fr\\\/#website\",\"url\":\"https:\\\/\\\/antderground.com\\\/fr\\\/\",\"name\":\"ANTDERGROUND\",\"description\":\"Tu tienda de hormigas, gran variedad de hormigueros acr\u00edlicos,madera,arena,3D y mas.. Pide tus hormigas gratis con tu pedido, somos expertos en hormigueros antifugas.\",\"publisher\":{\"@id\":\"https:\\\/\\\/antderground.com\\\/fr\\\/#\\\/schema\\\/person\\\/0e322c505e84fe72c65e2f6d08f96b81\"},\"alternateName\":\"Antderground\",\"potentialAction\":[{\"@type\":\"SearchAction\",\"target\":{\"@type\":\"EntryPoint\",\"urlTemplate\":\"https:\\\/\\\/antderground.com\\\/fr\\\/?s={search_term_string}\"},\"query-input\":{\"@type\":\"PropertyValueSpecification\",\"valueRequired\":true,\"valueName\":\"search_term_string\"}}],\"inLanguage\":\"fr-FR\"},{\"@type\":[\"Person\",\"Organization\"],\"@id\":\"https:\\\/\\\/antderground.com\\\/fr\\\/#\\\/schema\\\/person\\\/0e322c505e84fe72c65e2f6d08f96b81\",\"name\":\"Eric de Antderground\",\"image\":{\"@type\":\"ImageObject\",\"inLanguage\":\"fr-FR\",\"@id\":\"https:\\\/\\\/secure.gravatar.com\\\/avatar\\\/c49a1b9f79216d1498cb73c1e85cd47f4465dda35f2a94c03790d491bd4423c3?s=96&d=mm&r=g\",\"url\":\"https:\\\/\\\/secure.gravatar.com\\\/avatar\\\/c49a1b9f79216d1498cb73c1e85cd47f4465dda35f2a94c03790d491bd4423c3?s=96&d=mm&r=g\",\"contentUrl\":\"https:\\\/\\\/secure.gravatar.com\\\/avatar\\\/c49a1b9f79216d1498cb73c1e85cd47f4465dda35f2a94c03790d491bd4423c3?s=96&d=mm&r=g\",\"caption\":\"Eric de Antderground\"},\"logo\":{\"@id\":\"https:\\\/\\\/secure.gravatar.com\\\/avatar\\\/c49a1b9f79216d1498cb73c1e85cd47f4465dda35f2a94c03790d491bd4423c3?s=96&d=mm&r=g\"},\"description\":\"Eric es el especialista y fundador de Antderground, con una amplia trayectoria en artr\u00f3podos y enfocado en la mirmecolog\u00eda y el dise\u00f1o de hormigueros artificiales. Su enfoque combina la innovaci\u00f3n t\u00e9cnica con el respeto por la biolog\u00eda de las hormigas, is\u00f3podos y otros, desarrollando sistemas de nidos modulares 3D y acr\u00edlicos que son referentes para aficionados y profesionales en toda Europa. Su objetivo es facilitar la cr\u00eda de hormigas y otros artr\u00f3podos mediante soluciones seguras y divulgaci\u00f3n de calidad.\",\"sameAs\":[\"https:\\\/\\\/antderground.com\\\/\",\"https:\\\/\\\/www.youtube.com\\\/channel\\\/UCio72z7TlbufkAthAJIJfPw\"]}]}<\/script>\n<!-- \/ Yoast SEO plugin. -->","yoast_head_json":{"title":"Fourmili\u00e8re 10 x 10 \u00c9ponge avec caisse de nourriture Anti-fuite - ANTDERGROUND","description":"Fourmili\u00e8re 10 x 10 avec caisse de nourriture int\u00e9gr\u00e9e. Un des premiers mod\u00e8les Antderground. L\u2019\u00e9ponge est amovible sans avoir \u00e0 d\u00e9monter la fourmili\u00e8re.","robots":{"index":"index","follow":"follow","max-snippet":"max-snippet:-1","max-image-preview":"max-image-preview:large","max-video-preview":"max-video-preview:-1"},"canonical":"https:\/\/antderground.com\/fr\/produit\/eponge-avec-caisse-de-nourriture-anti-fuite\/","og_locale":"fr_FR","og_type":"article","og_title":"Fourmili\u00e8re 10 x 10 \u00c9ponge avec caisse de nourriture Anti-fuite - ANTDERGROUND","og_description":"Fourmili\u00e8re 10 x 10 avec caisse de nourriture int\u00e9gr\u00e9e. Un des premiers mod\u00e8les Antderground. L\u2019\u00e9ponge est amovible sans avoir \u00e0 d\u00e9monter la fourmili\u00e8re.","og_url":"https:\/\/antderground.com\/fr\/produit\/eponge-avec-caisse-de-nourriture-anti-fuite\/","og_site_name":"ANTDERGROUND","article_modified_time":"2023-03-10T14:32:28+00:00","og_image":[{"width":567,"height":567,"url":"https:\/\/antderground.com\/wp-content\/uploads\/2019\/07\/10-X-10-ESPONJA-ANTIFUGAS-ANTDERGROUND.jpg","type":"image\/jpeg"}],"twitter_card":"summary_large_image","schema":{"@context":"https:\/\/schema.org","@graph":[{"@type":"WebPage","@id":"https:\/\/antderground.com\/fr\/produit\/eponge-avec-caisse-de-nourriture-anti-fuite\/","url":"https:\/\/antderground.com\/fr\/produit\/eponge-avec-caisse-de-nourriture-anti-fuite\/","name":"Fourmili\u00e8re 10 x 10 \u00c9ponge avec caisse de nourriture Anti-fuite - ANTDERGROUND","isPartOf":{"@id":"https:\/\/antderground.com\/fr\/#website"},"primaryImageOfPage":{"@id":"https:\/\/antderground.com\/fr\/produit\/eponge-avec-caisse-de-nourriture-anti-fuite\/#primaryimage"},"image":{"@id":"https:\/\/antderground.com\/fr\/produit\/eponge-avec-caisse-de-nourriture-anti-fuite\/#primaryimage"},"thumbnailUrl":"https:\/\/antderground.com\/wp-content\/uploads\/2019\/07\/10-X-10-ESPONJA-ANTIFUGAS-ANTDERGROUND.jpg","datePublished":"2019-07-03T20:48:23+00:00","dateModified":"2023-03-10T14:32:28+00:00","description":"Fourmili\u00e8re 10 x 10 avec caisse de nourriture int\u00e9gr\u00e9e. Un des premiers mod\u00e8les Antderground. L\u2019\u00e9ponge est amovible sans avoir \u00e0 d\u00e9monter la fourmili\u00e8re.","breadcrumb":{"@id":"https:\/\/antderground.com\/fr\/produit\/eponge-avec-caisse-de-nourriture-anti-fuite\/#breadcrumb"},"inLanguage":"fr-FR","potentialAction":[{"@type":"ReadAction","target":["https:\/\/antderground.com\/fr\/produit\/eponge-avec-caisse-de-nourriture-anti-fuite\/"]}]},{"@type":"ImageObject","inLanguage":"fr-FR","@id":"https:\/\/antderground.com\/fr\/produit\/eponge-avec-caisse-de-nourriture-anti-fuite\/#primaryimage","url":"https:\/\/antderground.com\/wp-content\/uploads\/2019\/07\/10-X-10-ESPONJA-ANTIFUGAS-ANTDERGROUND.jpg","contentUrl":"https:\/\/antderground.com\/wp-content\/uploads\/2019\/07\/10-X-10-ESPONJA-ANTIFUGAS-ANTDERGROUND.jpg","width":567,"height":567,"caption":"Un des premiers mod\u00e8les Antderground."},{"@type":"BreadcrumbList","@id":"https:\/\/antderground.com\/fr\/produit\/eponge-avec-caisse-de-nourriture-anti-fuite\/#breadcrumb","itemListElement":[{"@type":"ListItem","position":1,"name":"Portada","item":"https:\/\/antderground.com\/fr\/"},{"@type":"ListItem","position":2,"name":"Boutique","item":"https:\/\/antderground.com\/fr\/boutique\/"},{"@type":"ListItem","position":3,"name":"Fourmili\u00e8re 10 x 10 \u00c9ponge avec caisse de nourriture Anti-fuite"}]},{"@type":"WebSite","@id":"https:\/\/antderground.com\/fr\/#website","url":"https:\/\/antderground.com\/fr\/","name":"ANTDERGROUND","description":"Tu tienda de hormigas, gran variedad de hormigueros acr\u00edlicos,madera,arena,3D y mas.. Pide tus hormigas gratis con tu pedido, somos expertos en hormigueros antifugas.","publisher":{"@id":"https:\/\/antderground.com\/fr\/#\/schema\/person\/0e322c505e84fe72c65e2f6d08f96b81"},"alternateName":"Antderground","potentialAction":[{"@type":"SearchAction","target":{"@type":"EntryPoint","urlTemplate":"https:\/\/antderground.com\/fr\/?s={search_term_string}"},"query-input":{"@type":"PropertyValueSpecification","valueRequired":true,"valueName":"search_term_string"}}],"inLanguage":"fr-FR"},{"@type":["Person","Organization"],"@id":"https:\/\/antderground.com\/fr\/#\/schema\/person\/0e322c505e84fe72c65e2f6d08f96b81","name":"Eric de Antderground","image":{"@type":"ImageObject","inLanguage":"fr-FR","@id":"https:\/\/secure.gravatar.com\/avatar\/c49a1b9f79216d1498cb73c1e85cd47f4465dda35f2a94c03790d491bd4423c3?s=96&d=mm&r=g","url":"https:\/\/secure.gravatar.com\/avatar\/c49a1b9f79216d1498cb73c1e85cd47f4465dda35f2a94c03790d491bd4423c3?s=96&d=mm&r=g","contentUrl":"https:\/\/secure.gravatar.com\/avatar\/c49a1b9f79216d1498cb73c1e85cd47f4465dda35f2a94c03790d491bd4423c3?s=96&d=mm&r=g","caption":"Eric de Antderground"},"logo":{"@id":"https:\/\/secure.gravatar.com\/avatar\/c49a1b9f79216d1498cb73c1e85cd47f4465dda35f2a94c03790d491bd4423c3?s=96&d=mm&r=g"},"description":"Eric es el especialista y fundador de Antderground, con una amplia trayectoria en artr\u00f3podos y enfocado en la mirmecolog\u00eda y el dise\u00f1o de hormigueros artificiales. Su enfoque combina la innovaci\u00f3n t\u00e9cnica con el respeto por la biolog\u00eda de las hormigas, is\u00f3podos y otros, desarrollando sistemas de nidos modulares 3D y acr\u00edlicos que son referentes para aficionados y profesionales en toda Europa. Su objetivo es facilitar la cr\u00eda de hormigas y otros artr\u00f3podos mediante soluciones seguras y divulgaci\u00f3n de calidad.","sameAs":["https:\/\/antderground.com\/","https:\/\/www.youtube.com\/channel\/UCio72z7TlbufkAthAJIJfPw"]}]}},"_links":{"self":[{"href":"https:\/\/antderground.com\/fr\/wp-json\/wp\/v2\/product\/7909","targetHints":{"allow":["GET"]}}],"collection":[{"href":"https:\/\/antderground.com\/fr\/wp-json\/wp\/v2\/product"}],"about":[{"href":"https:\/\/antderground.com\/fr\/wp-json\/wp\/v2\/types\/product"}],"version-history":[{"count":0,"href":"https:\/\/antderground.com\/fr\/wp-json\/wp\/v2\/product\/7909\/revisions"}],"wp:featuredmedia":[{"embeddable":true,"href":"https:\/\/antderground.com\/fr\/wp-json\/wp\/v2\/media\/7785"}],"wp:attachment":[{"href":"https:\/\/antderground.com\/fr\/wp-json\/wp\/v2\/media?parent=7909"}],"wp:term":[{"taxonomy":"product_brand","embeddable":true,"href":"https:\/\/antderground.com\/fr\/wp-json\/wp\/v2\/product_brand?post=7909"},{"taxonomy":"product_cat","embeddable":true,"href":"https:\/\/antderground.com\/fr\/wp-json\/wp\/v2\/product_cat?post=7909"},{"taxonomy":"product_tag","embeddable":true,"href":"https:\/\/antderground.com\/fr\/wp-json\/wp\/v2\/product_tag?post=7909"}],"curies":[{"name":"wp","href":"https:\/\/api.w.org\/{rel}","templated":true}]}}