{"id":7952,"date":"2019-08-25T13:51:03","date_gmt":"2019-08-25T11:51:03","guid":{"rendered":"https:\/\/www.antderground.com\/producto\/nid-pour-fourmis-reine-et-premieres-fourmis-sans-systeme-dhumidite\/"},"modified":"2023-03-10T15:31:27","modified_gmt":"2023-03-10T14:31:27","slug":"nid-pour-fourmis-reine-et-premieres-fourmis-sans-systeme-dhumidite","status":"publish","type":"product","link":"https:\/\/antderground.com\/fr\/produit\/nid-pour-fourmis-reine-et-premieres-fourmis-sans-systeme-dhumidite\/","title":{"rendered":"Nid pour fourmis reine et premi\u00e8res fourmis sans syst\u00e8me d&#8217;humidit\u00e9."},"content":{"rendered":"<p>Nid pour les reines et premi\u00e8res fourmis ou fourmili\u00e8re pour les colonies de micro-esp\u00e8ces.<\/p>\n<p>Il a deux connexions, dans lesquelles vous pouvez connecter un tube mobile ou \u00e0 caisse de nourriture ou une autre fourmili\u00e8re.<\/p>\n<p>Les chambres s&#8217;ouvrent individuellement, permettant un nettoyage et une alimentation faciles des fourmis.<\/p>\n","protected":false},"excerpt":{"rendered":"<p>Nid pour les fourmis Reines et premi\u00e8res fourmis.<br \/>\n1.5 Hauteur int\u00e9rieure.<br \/>\nChambres \u00e0 ouverture individuelle.<\/p>\n","protected":false},"featured_media":9572,"template":"","meta":[],"product_brand":[],"product_cat":[114,437,122],"product_tag":[],"class_list":{"0":"post-7952","1":"product","2":"type-product","3":"status-publish","4":"has-post-thumbnail","6":"product_cat-fourmilieres","7":"product_cat-fourmilieres-acryliques","8":"product_cat-nid-cloitre","10":"first","11":"instock","12":"shipping-taxable","13":"purchasable","14":"product-type-simple"},"yoast_head":"<!-- This site is optimized with the Yoast SEO plugin v27.4 - https:\/\/yoast.com\/product\/yoast-seo-wordpress\/ -->\n<title>Nid pour fourmis reine et premi\u00e8res fourmis sans syst\u00e8me d&#039;humidit\u00e9. - ANTDERGROUND<\/title>\n<meta name=\"robots\" content=\"index, follow, max-snippet:-1, max-image-preview:large, max-video-preview:-1\" \/>\n<link rel=\"canonical\" href=\"https:\/\/antderground.com\/fr\/produit\/nid-pour-fourmis-reine-et-premieres-fourmis-sans-systeme-dhumidite\/\" \/>\n<meta property=\"og:locale\" content=\"fr_FR\" \/>\n<meta property=\"og:type\" content=\"article\" \/>\n<meta property=\"og:title\" content=\"Nid pour fourmis reine et premi\u00e8res fourmis sans syst\u00e8me d&#039;humidit\u00e9. - ANTDERGROUND\" \/>\n<meta property=\"og:description\" content=\"Nid pour les fourmis Reines et premi\u00e8res fourmis. 1.5 Hauteur int\u00e9rieure. Chambres \u00e0 ouverture individuelle.\" \/>\n<meta property=\"og:url\" content=\"https:\/\/antderground.com\/fr\/produit\/nid-pour-fourmis-reine-et-premieres-fourmis-sans-systeme-dhumidite\/\" \/>\n<meta property=\"og:site_name\" content=\"ANTDERGROUND\" \/>\n<meta property=\"article:modified_time\" content=\"2023-03-10T14:31:27+00:00\" \/>\n<meta property=\"og:image\" content=\"https:\/\/antderground.com\/wp-content\/uploads\/2019\/10\/guarderia-nido-claustraL-SIN-SISTEMA-DE-HUMEDAD-INTEGRADO.jpg\" \/>\n\t<meta property=\"og:image:width\" content=\"849\" \/>\n\t<meta property=\"og:image:height\" content=\"849\" \/>\n\t<meta property=\"og:image:type\" content=\"image\/jpeg\" \/>\n<meta name=\"twitter:card\" content=\"summary_large_image\" \/>\n<script type=\"application\/ld+json\" class=\"yoast-schema-graph\">{\"@context\":\"https:\\\/\\\/schema.org\",\"@graph\":[{\"@type\":\"WebPage\",\"@id\":\"https:\\\/\\\/antderground.com\\\/fr\\\/produit\\\/nid-pour-fourmis-reine-et-premieres-fourmis-sans-systeme-dhumidite\\\/\",\"url\":\"https:\\\/\\\/antderground.com\\\/fr\\\/produit\\\/nid-pour-fourmis-reine-et-premieres-fourmis-sans-systeme-dhumidite\\\/\",\"name\":\"Nid pour fourmis reine et premi\u00e8res fourmis sans syst\u00e8me d'humidit\u00e9. - ANTDERGROUND\",\"isPartOf\":{\"@id\":\"https:\\\/\\\/antderground.com\\\/fr\\\/#website\"},\"primaryImageOfPage\":{\"@id\":\"https:\\\/\\\/antderground.com\\\/fr\\\/produit\\\/nid-pour-fourmis-reine-et-premieres-fourmis-sans-systeme-dhumidite\\\/#primaryimage\"},\"image\":{\"@id\":\"https:\\\/\\\/antderground.com\\\/fr\\\/produit\\\/nid-pour-fourmis-reine-et-premieres-fourmis-sans-systeme-dhumidite\\\/#primaryimage\"},\"thumbnailUrl\":\"https:\\\/\\\/antderground.com\\\/wp-content\\\/uploads\\\/2019\\\/10\\\/guarderia-nido-claustraL-SIN-SISTEMA-DE-HUMEDAD-INTEGRADO.jpg\",\"datePublished\":\"2019-08-25T11:51:03+00:00\",\"dateModified\":\"2023-03-10T14:31:27+00:00\",\"breadcrumb\":{\"@id\":\"https:\\\/\\\/antderground.com\\\/fr\\\/produit\\\/nid-pour-fourmis-reine-et-premieres-fourmis-sans-systeme-dhumidite\\\/#breadcrumb\"},\"inLanguage\":\"fr-FR\",\"potentialAction\":[{\"@type\":\"ReadAction\",\"target\":[\"https:\\\/\\\/antderground.com\\\/fr\\\/produit\\\/nid-pour-fourmis-reine-et-premieres-fourmis-sans-systeme-dhumidite\\\/\"]}]},{\"@type\":\"ImageObject\",\"inLanguage\":\"fr-FR\",\"@id\":\"https:\\\/\\\/antderground.com\\\/fr\\\/produit\\\/nid-pour-fourmis-reine-et-premieres-fourmis-sans-systeme-dhumidite\\\/#primaryimage\",\"url\":\"https:\\\/\\\/antderground.com\\\/wp-content\\\/uploads\\\/2019\\\/10\\\/guarderia-nido-claustraL-SIN-SISTEMA-DE-HUMEDAD-INTEGRADO.jpg\",\"contentUrl\":\"https:\\\/\\\/antderground.com\\\/wp-content\\\/uploads\\\/2019\\\/10\\\/guarderia-nido-claustraL-SIN-SISTEMA-DE-HUMEDAD-INTEGRADO.jpg\",\"width\":849,\"height\":849},{\"@type\":\"BreadcrumbList\",\"@id\":\"https:\\\/\\\/antderground.com\\\/fr\\\/produit\\\/nid-pour-fourmis-reine-et-premieres-fourmis-sans-systeme-dhumidite\\\/#breadcrumb\",\"itemListElement\":[{\"@type\":\"ListItem\",\"position\":1,\"name\":\"Portada\",\"item\":\"https:\\\/\\\/antderground.com\\\/fr\\\/\"},{\"@type\":\"ListItem\",\"position\":2,\"name\":\"Boutique\",\"item\":\"https:\\\/\\\/antderground.com\\\/fr\\\/boutique\\\/\"},{\"@type\":\"ListItem\",\"position\":3,\"name\":\"Nid pour fourmis reine et premi\u00e8res fourmis sans syst\u00e8me d&#8217;humidit\u00e9.\"}]},{\"@type\":\"WebSite\",\"@id\":\"https:\\\/\\\/antderground.com\\\/fr\\\/#website\",\"url\":\"https:\\\/\\\/antderground.com\\\/fr\\\/\",\"name\":\"ANTDERGROUND\",\"description\":\"Tu tienda de hormigas, gran variedad de hormigueros acr\u00edlicos,madera,arena,3D y mas.. Pide tus hormigas gratis con tu pedido, somos expertos en hormigueros antifugas.\",\"publisher\":{\"@id\":\"https:\\\/\\\/antderground.com\\\/fr\\\/#\\\/schema\\\/person\\\/0e322c505e84fe72c65e2f6d08f96b81\"},\"alternateName\":\"Antderground\",\"potentialAction\":[{\"@type\":\"SearchAction\",\"target\":{\"@type\":\"EntryPoint\",\"urlTemplate\":\"https:\\\/\\\/antderground.com\\\/fr\\\/?s={search_term_string}\"},\"query-input\":{\"@type\":\"PropertyValueSpecification\",\"valueRequired\":true,\"valueName\":\"search_term_string\"}}],\"inLanguage\":\"fr-FR\"},{\"@type\":[\"Person\",\"Organization\"],\"@id\":\"https:\\\/\\\/antderground.com\\\/fr\\\/#\\\/schema\\\/person\\\/0e322c505e84fe72c65e2f6d08f96b81\",\"name\":\"Eric de Antderground\",\"image\":{\"@type\":\"ImageObject\",\"inLanguage\":\"fr-FR\",\"@id\":\"https:\\\/\\\/secure.gravatar.com\\\/avatar\\\/c49a1b9f79216d1498cb73c1e85cd47f4465dda35f2a94c03790d491bd4423c3?s=96&d=mm&r=g\",\"url\":\"https:\\\/\\\/secure.gravatar.com\\\/avatar\\\/c49a1b9f79216d1498cb73c1e85cd47f4465dda35f2a94c03790d491bd4423c3?s=96&d=mm&r=g\",\"contentUrl\":\"https:\\\/\\\/secure.gravatar.com\\\/avatar\\\/c49a1b9f79216d1498cb73c1e85cd47f4465dda35f2a94c03790d491bd4423c3?s=96&d=mm&r=g\",\"caption\":\"Eric de Antderground\"},\"logo\":{\"@id\":\"https:\\\/\\\/secure.gravatar.com\\\/avatar\\\/c49a1b9f79216d1498cb73c1e85cd47f4465dda35f2a94c03790d491bd4423c3?s=96&d=mm&r=g\"},\"description\":\"Eric es el especialista y fundador de Antderground, con una amplia trayectoria en artr\u00f3podos y enfocado en la mirmecolog\u00eda y el dise\u00f1o de hormigueros artificiales. Su enfoque combina la innovaci\u00f3n t\u00e9cnica con el respeto por la biolog\u00eda de las hormigas, is\u00f3podos y otros, desarrollando sistemas de nidos modulares 3D y acr\u00edlicos que son referentes para aficionados y profesionales en toda Europa. Su objetivo es facilitar la cr\u00eda de hormigas y otros artr\u00f3podos mediante soluciones seguras y divulgaci\u00f3n de calidad.\",\"sameAs\":[\"https:\\\/\\\/antderground.com\\\/\",\"https:\\\/\\\/www.youtube.com\\\/channel\\\/UCio72z7TlbufkAthAJIJfPw\"]}]}<\/script>\n<!-- \/ Yoast SEO plugin. -->","yoast_head_json":{"title":"Nid pour fourmis reine et premi\u00e8res fourmis sans syst\u00e8me d'humidit\u00e9. - ANTDERGROUND","robots":{"index":"index","follow":"follow","max-snippet":"max-snippet:-1","max-image-preview":"max-image-preview:large","max-video-preview":"max-video-preview:-1"},"canonical":"https:\/\/antderground.com\/fr\/produit\/nid-pour-fourmis-reine-et-premieres-fourmis-sans-systeme-dhumidite\/","og_locale":"fr_FR","og_type":"article","og_title":"Nid pour fourmis reine et premi\u00e8res fourmis sans syst\u00e8me d'humidit\u00e9. - ANTDERGROUND","og_description":"Nid pour les fourmis Reines et premi\u00e8res fourmis. 1.5 Hauteur int\u00e9rieure. Chambres \u00e0 ouverture individuelle.","og_url":"https:\/\/antderground.com\/fr\/produit\/nid-pour-fourmis-reine-et-premieres-fourmis-sans-systeme-dhumidite\/","og_site_name":"ANTDERGROUND","article_modified_time":"2023-03-10T14:31:27+00:00","og_image":[{"width":849,"height":849,"url":"https:\/\/antderground.com\/wp-content\/uploads\/2019\/10\/guarderia-nido-claustraL-SIN-SISTEMA-DE-HUMEDAD-INTEGRADO.jpg","type":"image\/jpeg"}],"twitter_card":"summary_large_image","schema":{"@context":"https:\/\/schema.org","@graph":[{"@type":"WebPage","@id":"https:\/\/antderground.com\/fr\/produit\/nid-pour-fourmis-reine-et-premieres-fourmis-sans-systeme-dhumidite\/","url":"https:\/\/antderground.com\/fr\/produit\/nid-pour-fourmis-reine-et-premieres-fourmis-sans-systeme-dhumidite\/","name":"Nid pour fourmis reine et premi\u00e8res fourmis sans syst\u00e8me d'humidit\u00e9. - ANTDERGROUND","isPartOf":{"@id":"https:\/\/antderground.com\/fr\/#website"},"primaryImageOfPage":{"@id":"https:\/\/antderground.com\/fr\/produit\/nid-pour-fourmis-reine-et-premieres-fourmis-sans-systeme-dhumidite\/#primaryimage"},"image":{"@id":"https:\/\/antderground.com\/fr\/produit\/nid-pour-fourmis-reine-et-premieres-fourmis-sans-systeme-dhumidite\/#primaryimage"},"thumbnailUrl":"https:\/\/antderground.com\/wp-content\/uploads\/2019\/10\/guarderia-nido-claustraL-SIN-SISTEMA-DE-HUMEDAD-INTEGRADO.jpg","datePublished":"2019-08-25T11:51:03+00:00","dateModified":"2023-03-10T14:31:27+00:00","breadcrumb":{"@id":"https:\/\/antderground.com\/fr\/produit\/nid-pour-fourmis-reine-et-premieres-fourmis-sans-systeme-dhumidite\/#breadcrumb"},"inLanguage":"fr-FR","potentialAction":[{"@type":"ReadAction","target":["https:\/\/antderground.com\/fr\/produit\/nid-pour-fourmis-reine-et-premieres-fourmis-sans-systeme-dhumidite\/"]}]},{"@type":"ImageObject","inLanguage":"fr-FR","@id":"https:\/\/antderground.com\/fr\/produit\/nid-pour-fourmis-reine-et-premieres-fourmis-sans-systeme-dhumidite\/#primaryimage","url":"https:\/\/antderground.com\/wp-content\/uploads\/2019\/10\/guarderia-nido-claustraL-SIN-SISTEMA-DE-HUMEDAD-INTEGRADO.jpg","contentUrl":"https:\/\/antderground.com\/wp-content\/uploads\/2019\/10\/guarderia-nido-claustraL-SIN-SISTEMA-DE-HUMEDAD-INTEGRADO.jpg","width":849,"height":849},{"@type":"BreadcrumbList","@id":"https:\/\/antderground.com\/fr\/produit\/nid-pour-fourmis-reine-et-premieres-fourmis-sans-systeme-dhumidite\/#breadcrumb","itemListElement":[{"@type":"ListItem","position":1,"name":"Portada","item":"https:\/\/antderground.com\/fr\/"},{"@type":"ListItem","position":2,"name":"Boutique","item":"https:\/\/antderground.com\/fr\/boutique\/"},{"@type":"ListItem","position":3,"name":"Nid pour fourmis reine et premi\u00e8res fourmis sans syst\u00e8me d&#8217;humidit\u00e9."}]},{"@type":"WebSite","@id":"https:\/\/antderground.com\/fr\/#website","url":"https:\/\/antderground.com\/fr\/","name":"ANTDERGROUND","description":"Tu tienda de hormigas, gran variedad de hormigueros acr\u00edlicos,madera,arena,3D y mas.. Pide tus hormigas gratis con tu pedido, somos expertos en hormigueros antifugas.","publisher":{"@id":"https:\/\/antderground.com\/fr\/#\/schema\/person\/0e322c505e84fe72c65e2f6d08f96b81"},"alternateName":"Antderground","potentialAction":[{"@type":"SearchAction","target":{"@type":"EntryPoint","urlTemplate":"https:\/\/antderground.com\/fr\/?s={search_term_string}"},"query-input":{"@type":"PropertyValueSpecification","valueRequired":true,"valueName":"search_term_string"}}],"inLanguage":"fr-FR"},{"@type":["Person","Organization"],"@id":"https:\/\/antderground.com\/fr\/#\/schema\/person\/0e322c505e84fe72c65e2f6d08f96b81","name":"Eric de Antderground","image":{"@type":"ImageObject","inLanguage":"fr-FR","@id":"https:\/\/secure.gravatar.com\/avatar\/c49a1b9f79216d1498cb73c1e85cd47f4465dda35f2a94c03790d491bd4423c3?s=96&d=mm&r=g","url":"https:\/\/secure.gravatar.com\/avatar\/c49a1b9f79216d1498cb73c1e85cd47f4465dda35f2a94c03790d491bd4423c3?s=96&d=mm&r=g","contentUrl":"https:\/\/secure.gravatar.com\/avatar\/c49a1b9f79216d1498cb73c1e85cd47f4465dda35f2a94c03790d491bd4423c3?s=96&d=mm&r=g","caption":"Eric de Antderground"},"logo":{"@id":"https:\/\/secure.gravatar.com\/avatar\/c49a1b9f79216d1498cb73c1e85cd47f4465dda35f2a94c03790d491bd4423c3?s=96&d=mm&r=g"},"description":"Eric es el especialista y fundador de Antderground, con una amplia trayectoria en artr\u00f3podos y enfocado en la mirmecolog\u00eda y el dise\u00f1o de hormigueros artificiales. Su enfoque combina la innovaci\u00f3n t\u00e9cnica con el respeto por la biolog\u00eda de las hormigas, is\u00f3podos y otros, desarrollando sistemas de nidos modulares 3D y acr\u00edlicos que son referentes para aficionados y profesionales en toda Europa. Su objetivo es facilitar la cr\u00eda de hormigas y otros artr\u00f3podos mediante soluciones seguras y divulgaci\u00f3n de calidad.","sameAs":["https:\/\/antderground.com\/","https:\/\/www.youtube.com\/channel\/UCio72z7TlbufkAthAJIJfPw"]}]}},"_links":{"self":[{"href":"https:\/\/antderground.com\/fr\/wp-json\/wp\/v2\/product\/7952","targetHints":{"allow":["GET"]}}],"collection":[{"href":"https:\/\/antderground.com\/fr\/wp-json\/wp\/v2\/product"}],"about":[{"href":"https:\/\/antderground.com\/fr\/wp-json\/wp\/v2\/types\/product"}],"version-history":[{"count":0,"href":"https:\/\/antderground.com\/fr\/wp-json\/wp\/v2\/product\/7952\/revisions"}],"wp:featuredmedia":[{"embeddable":true,"href":"https:\/\/antderground.com\/fr\/wp-json\/wp\/v2\/media\/9572"}],"wp:attachment":[{"href":"https:\/\/antderground.com\/fr\/wp-json\/wp\/v2\/media?parent=7952"}],"wp:term":[{"taxonomy":"product_brand","embeddable":true,"href":"https:\/\/antderground.com\/fr\/wp-json\/wp\/v2\/product_brand?post=7952"},{"taxonomy":"product_cat","embeddable":true,"href":"https:\/\/antderground.com\/fr\/wp-json\/wp\/v2\/product_cat?post=7952"},{"taxonomy":"product_tag","embeddable":true,"href":"https:\/\/antderground.com\/fr\/wp-json\/wp\/v2\/product_tag?post=7952"}],"curies":[{"name":"wp","href":"https:\/\/api.w.org\/{rel}","templated":true}]}}