{"id":17835,"date":"2020-03-19T18:30:02","date_gmt":"2020-03-19T17:30:02","guid":{"rendered":"https:\/\/www.antderground.com\/somos-tu-tienda-de-hormigueros\/"},"modified":"2022-01-05T15:48:19","modified_gmt":"2022-01-05T14:48:19","slug":"il-tuo-negozio-di-formicai","status":"publish","type":"page","link":"https:\/\/antderground.com\/it\/il-tuo-negozio-di-formicai\/","title":{"rendered":"Il tuo negozio di formicai"},"content":{"rendered":"\n<p>Siamo il tuo negozio specializzato in formicaio Antderground, nato dall&#8217;illusione di un bambino di 5 anni: il mio piccolo figlio Marc.<\/p>\n\n\n\n<p>Siamo entrambi amanti della natura e degli animali, e ovviamente anche delle formiche, quindi abbiamo deciso di realizzare dei formicai da donare alla sua scuola, ed \u00e8 cos\u00ec che \u00e8 iniziato tutto.<\/p>\n\n\n\n<p>Siamo diventati presto un&#8217;azienda giovane.<\/p>\n\n\n\n<p>Nato a Berga nel maggio 2019 e con nuove e recenti aggiunte al team di lavoro.<\/p>\n\n\n\n<p>Tutti i nostri prodotti sono fabbricati internamente, al fine di cercare di offrire i migliori prodotti per la cura delle formiche e realizzare design personalizzati adatti a ciascun cliente.<\/p>\n\n\n\n<p>Abbiamo un gruppo <a href=\"https:\/\/www.facebook.com\/groups\/antderground\" target=\"_blank\" rel=\"noreferrer noopener\">facebook<\/a> in cui abbiamo un contatto diretto con clienti e follower.<\/p>\n\n\n\n<p>Vi invitiamo a far parte del gruppo, dove potrete contribuire con le vostre idee, postare foto delle vostre colonie, fare domande, risolvere dubbi ed essere al corrente di tutte le novit\u00e0 che presenteremo.<\/p>\n\n\n\n<p>Ti invitiamo a entrare a far parte di questo mondo curioso ed emozionante che \u00e8 il mondo delle formiche. A proposito, il nostro negozio Antderground ha gi\u00e0 formiche autoctoca e formiche esotiche.<\/p>\n\n\n\n<p>Da Antderground speriamo che tu abbia un&#8217;esperienza piacevole e non esitare a contattarci per qualsiasi domanda.<\/p>\n\n\n\n<p>Molte grazie:<\/p>\n\n\n\n<p>Il tuo negozio di <a href=\"https:\/\/antderground.com\/it\/\" target=\"_blank\" rel=\"noreferrer noopener\">formiche Antderground<\/a><\/p>\n\n\n\n<p><\/p>\n","protected":false},"excerpt":{"rendered":"<p>Siamo il tuo negozio specializzato in formicaio Antderground, nato dall&#8217;illusione di un bambino di 5 anni: il mio piccolo figlio<\/p>\n","protected":false},"author":1,"featured_media":17039,"parent":0,"menu_order":0,"comment_status":"closed","ping_status":"closed","template":"","meta":{"footnotes":""},"class_list":["post-17835","page","type-page","status-publish","has-post-thumbnail","hentry"],"yoast_head":"<!-- This site is optimized with the Yoast SEO plugin v27.3 - https:\/\/yoast.com\/product\/yoast-seo-wordpress\/ -->\n<title>Il tuo negozio di formicai e formiche - Antderground<\/title>\n<meta name=\"description\" content=\"Il tuo negozio di formicai e formiche. Formicai di propria fabbricazione. Ampia variet\u00e0 di formiche esotiche. Formicai modulari.\" \/>\n<meta name=\"robots\" content=\"index, follow, max-snippet:-1, max-image-preview:large, max-video-preview:-1\" \/>\n<link rel=\"canonical\" href=\"https:\/\/antderground.com\/it\/il-tuo-negozio-di-formicai\/\" \/>\n<meta property=\"og:locale\" content=\"it_IT\" \/>\n<meta property=\"og:type\" content=\"article\" \/>\n<meta property=\"og:title\" content=\"Il tuo negozio di formicai e formiche - Antderground\" \/>\n<meta property=\"og:description\" content=\"Il tuo negozio di formicai e formiche. Formicai di propria fabbricazione. Ampia variet\u00e0 di formiche esotiche. Formicai modulari.\" \/>\n<meta property=\"og:url\" content=\"https:\/\/antderground.com\/it\/il-tuo-negozio-di-formicai\/\" \/>\n<meta property=\"og:site_name\" content=\"ANTDERGROUND\" \/>\n<meta property=\"article:modified_time\" content=\"2022-01-05T14:48:19+00:00\" \/>\n<meta property=\"og:image\" content=\"https:\/\/antderground.com\/wp-content\/uploads\/2019\/05\/WhatsApp-Image-2019-05-07-at-7.25.58-PM.jpeg\" \/>\n\t<meta property=\"og:image:width\" content=\"1266\" \/>\n\t<meta property=\"og:image:height\" content=\"674\" \/>\n\t<meta property=\"og:image:type\" content=\"image\/jpeg\" \/>\n<meta name=\"twitter:card\" content=\"summary_large_image\" \/>\n<meta name=\"twitter:label1\" content=\"Tempo di lettura stimato\" \/>\n\t<meta name=\"twitter:data1\" content=\"1 minuto\" \/>\n<script type=\"application\/ld+json\" class=\"yoast-schema-graph\">{\"@context\":\"https:\\\/\\\/schema.org\",\"@graph\":[{\"@type\":\"WebPage\",\"@id\":\"https:\\\/\\\/antderground.com\\\/it\\\/il-tuo-negozio-di-formicai\\\/\",\"url\":\"https:\\\/\\\/antderground.com\\\/it\\\/il-tuo-negozio-di-formicai\\\/\",\"name\":\"Il tuo negozio di formicai e formiche - Antderground\",\"isPartOf\":{\"@id\":\"https:\\\/\\\/antderground.com\\\/it\\\/#website\"},\"primaryImageOfPage\":{\"@id\":\"https:\\\/\\\/antderground.com\\\/it\\\/il-tuo-negozio-di-formicai\\\/#primaryimage\"},\"image\":{\"@id\":\"https:\\\/\\\/antderground.com\\\/it\\\/il-tuo-negozio-di-formicai\\\/#primaryimage\"},\"thumbnailUrl\":\"https:\\\/\\\/antderground.com\\\/wp-content\\\/uploads\\\/2019\\\/05\\\/WhatsApp-Image-2019-05-07-at-7.25.58-PM.jpeg\",\"datePublished\":\"2020-03-19T17:30:02+00:00\",\"dateModified\":\"2022-01-05T14:48:19+00:00\",\"description\":\"Il tuo negozio di formicai e formiche. Formicai di propria fabbricazione. Ampia variet\u00e0 di formiche esotiche. Formicai modulari.\",\"breadcrumb\":{\"@id\":\"https:\\\/\\\/antderground.com\\\/it\\\/il-tuo-negozio-di-formicai\\\/#breadcrumb\"},\"inLanguage\":\"it-IT\",\"potentialAction\":[{\"@type\":\"ReadAction\",\"target\":[\"https:\\\/\\\/antderground.com\\\/it\\\/il-tuo-negozio-di-formicai\\\/\"]}]},{\"@type\":\"ImageObject\",\"inLanguage\":\"it-IT\",\"@id\":\"https:\\\/\\\/antderground.com\\\/it\\\/il-tuo-negozio-di-formicai\\\/#primaryimage\",\"url\":\"https:\\\/\\\/antderground.com\\\/wp-content\\\/uploads\\\/2019\\\/05\\\/WhatsApp-Image-2019-05-07-at-7.25.58-PM.jpeg\",\"contentUrl\":\"https:\\\/\\\/antderground.com\\\/wp-content\\\/uploads\\\/2019\\\/05\\\/WhatsApp-Image-2019-05-07-at-7.25.58-PM.jpeg\",\"width\":1266,\"height\":674,\"caption\":\"somos tu tienda de hormigueros\"},{\"@type\":\"BreadcrumbList\",\"@id\":\"https:\\\/\\\/antderground.com\\\/it\\\/il-tuo-negozio-di-formicai\\\/#breadcrumb\",\"itemListElement\":[{\"@type\":\"ListItem\",\"position\":1,\"name\":\"Portada\",\"item\":\"https:\\\/\\\/antderground.com\\\/it\\\/\"},{\"@type\":\"ListItem\",\"position\":2,\"name\":\"Il tuo negozio di formicai\"}]},{\"@type\":\"WebSite\",\"@id\":\"https:\\\/\\\/antderground.com\\\/it\\\/#website\",\"url\":\"https:\\\/\\\/antderground.com\\\/it\\\/\",\"name\":\"ANTDERGROUND\",\"description\":\"Tu tienda de hormigas, gran variedad de hormigueros acr\u00edlicos,madera,arena,3D y mas.. Pide tus hormigas gratis con tu pedido, somos expertos en hormigueros antifugas.\",\"publisher\":{\"@id\":\"https:\\\/\\\/antderground.com\\\/it\\\/#\\\/schema\\\/person\\\/0e322c505e84fe72c65e2f6d08f96b81\"},\"alternateName\":\"Antderground\",\"potentialAction\":[{\"@type\":\"SearchAction\",\"target\":{\"@type\":\"EntryPoint\",\"urlTemplate\":\"https:\\\/\\\/antderground.com\\\/it\\\/?s={search_term_string}\"},\"query-input\":{\"@type\":\"PropertyValueSpecification\",\"valueRequired\":true,\"valueName\":\"search_term_string\"}}],\"inLanguage\":\"it-IT\"},{\"@type\":[\"Person\",\"Organization\"],\"@id\":\"https:\\\/\\\/antderground.com\\\/it\\\/#\\\/schema\\\/person\\\/0e322c505e84fe72c65e2f6d08f96b81\",\"name\":\"Eric de Antderground\",\"image\":{\"@type\":\"ImageObject\",\"inLanguage\":\"it-IT\",\"@id\":\"https:\\\/\\\/secure.gravatar.com\\\/avatar\\\/c49a1b9f79216d1498cb73c1e85cd47f4465dda35f2a94c03790d491bd4423c3?s=96&d=mm&r=g\",\"url\":\"https:\\\/\\\/secure.gravatar.com\\\/avatar\\\/c49a1b9f79216d1498cb73c1e85cd47f4465dda35f2a94c03790d491bd4423c3?s=96&d=mm&r=g\",\"contentUrl\":\"https:\\\/\\\/secure.gravatar.com\\\/avatar\\\/c49a1b9f79216d1498cb73c1e85cd47f4465dda35f2a94c03790d491bd4423c3?s=96&d=mm&r=g\",\"caption\":\"Eric de Antderground\"},\"logo\":{\"@id\":\"https:\\\/\\\/secure.gravatar.com\\\/avatar\\\/c49a1b9f79216d1498cb73c1e85cd47f4465dda35f2a94c03790d491bd4423c3?s=96&d=mm&r=g\"},\"description\":\"Eric es el especialista y fundador de Antderground, con una amplia trayectoria en artr\u00f3podos y enfocado en la mirmecolog\u00eda y el dise\u00f1o de hormigueros artificiales. Su enfoque combina la innovaci\u00f3n t\u00e9cnica con el respeto por la biolog\u00eda de las hormigas, is\u00f3podos y otros, desarrollando sistemas de nidos modulares 3D y acr\u00edlicos que son referentes para aficionados y profesionales en toda Europa. Su objetivo es facilitar la cr\u00eda de hormigas y otros artr\u00f3podos mediante soluciones seguras y divulgaci\u00f3n de calidad.\",\"sameAs\":[\"https:\\\/\\\/antderground.com\\\/\",\"https:\\\/\\\/www.youtube.com\\\/channel\\\/UCio72z7TlbufkAthAJIJfPw\"]}]}<\/script>\n<!-- \/ Yoast SEO plugin. -->","yoast_head_json":{"title":"Il tuo negozio di formicai e formiche - Antderground","description":"Il tuo negozio di formicai e formiche. Formicai di propria fabbricazione. Ampia variet\u00e0 di formiche esotiche. Formicai modulari.","robots":{"index":"index","follow":"follow","max-snippet":"max-snippet:-1","max-image-preview":"max-image-preview:large","max-video-preview":"max-video-preview:-1"},"canonical":"https:\/\/antderground.com\/it\/il-tuo-negozio-di-formicai\/","og_locale":"it_IT","og_type":"article","og_title":"Il tuo negozio di formicai e formiche - Antderground","og_description":"Il tuo negozio di formicai e formiche. Formicai di propria fabbricazione. Ampia variet\u00e0 di formiche esotiche. Formicai modulari.","og_url":"https:\/\/antderground.com\/it\/il-tuo-negozio-di-formicai\/","og_site_name":"ANTDERGROUND","article_modified_time":"2022-01-05T14:48:19+00:00","og_image":[{"width":1266,"height":674,"url":"https:\/\/antderground.com\/wp-content\/uploads\/2019\/05\/WhatsApp-Image-2019-05-07-at-7.25.58-PM.jpeg","type":"image\/jpeg"}],"twitter_card":"summary_large_image","twitter_misc":{"Tempo di lettura stimato":"1 minuto"},"schema":{"@context":"https:\/\/schema.org","@graph":[{"@type":"WebPage","@id":"https:\/\/antderground.com\/it\/il-tuo-negozio-di-formicai\/","url":"https:\/\/antderground.com\/it\/il-tuo-negozio-di-formicai\/","name":"Il tuo negozio di formicai e formiche - Antderground","isPartOf":{"@id":"https:\/\/antderground.com\/it\/#website"},"primaryImageOfPage":{"@id":"https:\/\/antderground.com\/it\/il-tuo-negozio-di-formicai\/#primaryimage"},"image":{"@id":"https:\/\/antderground.com\/it\/il-tuo-negozio-di-formicai\/#primaryimage"},"thumbnailUrl":"https:\/\/antderground.com\/wp-content\/uploads\/2019\/05\/WhatsApp-Image-2019-05-07-at-7.25.58-PM.jpeg","datePublished":"2020-03-19T17:30:02+00:00","dateModified":"2022-01-05T14:48:19+00:00","description":"Il tuo negozio di formicai e formiche. Formicai di propria fabbricazione. Ampia variet\u00e0 di formiche esotiche. Formicai modulari.","breadcrumb":{"@id":"https:\/\/antderground.com\/it\/il-tuo-negozio-di-formicai\/#breadcrumb"},"inLanguage":"it-IT","potentialAction":[{"@type":"ReadAction","target":["https:\/\/antderground.com\/it\/il-tuo-negozio-di-formicai\/"]}]},{"@type":"ImageObject","inLanguage":"it-IT","@id":"https:\/\/antderground.com\/it\/il-tuo-negozio-di-formicai\/#primaryimage","url":"https:\/\/antderground.com\/wp-content\/uploads\/2019\/05\/WhatsApp-Image-2019-05-07-at-7.25.58-PM.jpeg","contentUrl":"https:\/\/antderground.com\/wp-content\/uploads\/2019\/05\/WhatsApp-Image-2019-05-07-at-7.25.58-PM.jpeg","width":1266,"height":674,"caption":"somos tu tienda de hormigueros"},{"@type":"BreadcrumbList","@id":"https:\/\/antderground.com\/it\/il-tuo-negozio-di-formicai\/#breadcrumb","itemListElement":[{"@type":"ListItem","position":1,"name":"Portada","item":"https:\/\/antderground.com\/it\/"},{"@type":"ListItem","position":2,"name":"Il tuo negozio di formicai"}]},{"@type":"WebSite","@id":"https:\/\/antderground.com\/it\/#website","url":"https:\/\/antderground.com\/it\/","name":"ANTDERGROUND","description":"Tu tienda de hormigas, gran variedad de hormigueros acr\u00edlicos,madera,arena,3D y mas.. Pide tus hormigas gratis con tu pedido, somos expertos en hormigueros antifugas.","publisher":{"@id":"https:\/\/antderground.com\/it\/#\/schema\/person\/0e322c505e84fe72c65e2f6d08f96b81"},"alternateName":"Antderground","potentialAction":[{"@type":"SearchAction","target":{"@type":"EntryPoint","urlTemplate":"https:\/\/antderground.com\/it\/?s={search_term_string}"},"query-input":{"@type":"PropertyValueSpecification","valueRequired":true,"valueName":"search_term_string"}}],"inLanguage":"it-IT"},{"@type":["Person","Organization"],"@id":"https:\/\/antderground.com\/it\/#\/schema\/person\/0e322c505e84fe72c65e2f6d08f96b81","name":"Eric de Antderground","image":{"@type":"ImageObject","inLanguage":"it-IT","@id":"https:\/\/secure.gravatar.com\/avatar\/c49a1b9f79216d1498cb73c1e85cd47f4465dda35f2a94c03790d491bd4423c3?s=96&d=mm&r=g","url":"https:\/\/secure.gravatar.com\/avatar\/c49a1b9f79216d1498cb73c1e85cd47f4465dda35f2a94c03790d491bd4423c3?s=96&d=mm&r=g","contentUrl":"https:\/\/secure.gravatar.com\/avatar\/c49a1b9f79216d1498cb73c1e85cd47f4465dda35f2a94c03790d491bd4423c3?s=96&d=mm&r=g","caption":"Eric de Antderground"},"logo":{"@id":"https:\/\/secure.gravatar.com\/avatar\/c49a1b9f79216d1498cb73c1e85cd47f4465dda35f2a94c03790d491bd4423c3?s=96&d=mm&r=g"},"description":"Eric es el especialista y fundador de Antderground, con una amplia trayectoria en artr\u00f3podos y enfocado en la mirmecolog\u00eda y el dise\u00f1o de hormigueros artificiales. Su enfoque combina la innovaci\u00f3n t\u00e9cnica con el respeto por la biolog\u00eda de las hormigas, is\u00f3podos y otros, desarrollando sistemas de nidos modulares 3D y acr\u00edlicos que son referentes para aficionados y profesionales en toda Europa. Su objetivo es facilitar la cr\u00eda de hormigas y otros artr\u00f3podos mediante soluciones seguras y divulgaci\u00f3n de calidad.","sameAs":["https:\/\/antderground.com\/","https:\/\/www.youtube.com\/channel\/UCio72z7TlbufkAthAJIJfPw"]}]}},"_links":{"self":[{"href":"https:\/\/antderground.com\/it\/wp-json\/wp\/v2\/pages\/17835","targetHints":{"allow":["GET"]}}],"collection":[{"href":"https:\/\/antderground.com\/it\/wp-json\/wp\/v2\/pages"}],"about":[{"href":"https:\/\/antderground.com\/it\/wp-json\/wp\/v2\/types\/page"}],"author":[{"embeddable":true,"href":"https:\/\/antderground.com\/it\/wp-json\/wp\/v2\/users\/1"}],"replies":[{"embeddable":true,"href":"https:\/\/antderground.com\/it\/wp-json\/wp\/v2\/comments?post=17835"}],"version-history":[{"count":0,"href":"https:\/\/antderground.com\/it\/wp-json\/wp\/v2\/pages\/17835\/revisions"}],"wp:featuredmedia":[{"embeddable":true,"href":"https:\/\/antderground.com\/it\/wp-json\/wp\/v2\/media\/17039"}],"wp:attachment":[{"href":"https:\/\/antderground.com\/it\/wp-json\/wp\/v2\/media?parent=17835"}],"curies":[{"name":"wp","href":"https:\/\/api.w.org\/{rel}","templated":true}]}}