{"id":53044,"date":"2025-11-04T16:43:13","date_gmt":"2025-11-04T15:43:13","guid":{"rendered":"https:\/\/antderground.com\/mapa-del-sitio\/"},"modified":"2026-05-04T15:53:59","modified_gmt":"2026-05-04T13:53:59","slug":"mappa-del-sito","status":"publish","type":"page","link":"https:\/\/antderground.com\/it\/mappa-del-sito\/","title":{"rendered":"Mappa del sito"},"content":{"rendered":"\t\t<div data-elementor-type=\"wp-page\" data-elementor-id=\"53044\" class=\"elementor elementor-53044 elementor-47049\">\n\t\t\t\t<div class=\"wd-negative-gap elementor-element elementor-element-69f95b8 e-flex e-con-boxed e-con e-parent\" data-id=\"69f95b8\" data-element_type=\"container\" data-e-type=\"container\">\n\t\t\t\t\t<div class=\"e-con-inner\">\n\t\t\t\t<div class=\"elementor-element elementor-element-be6125a wd-width-100 elementor-widget elementor-widget-wd_title\" data-id=\"be6125a\" data-element_type=\"widget\" data-e-type=\"widget\" data-widget_type=\"wd_title.default\">\n\t\t\t\t<div class=\"elementor-widget-container\">\n\t\t\t\t\t\t\t<div class=\"title-wrapper wd-set-mb reset-last-child wd-title-color-default wd-title-style-default wd-title-size-default text-left\">\n\n\t\t\t\n\t\t\t<div class=\"liner-continer\">\n\t\t\t\t<h2 class=\"woodmart-title-container title wd-fontsize-l\">Pagine informative<\/h2> \n\t\t\t\t\t\t\t<\/div>\n\n\t\t\t\t\t\t\t<div class=\"title-after_title reset-last-child wd-fontsize-xs\">\n\t\t\t\t\t<p>Trova le pagine in modo rapido e semplice<\/p>\t\t\t\t<\/div>\n\t\t\t\t\t<\/div>\n\t\t\t\t\t\t<\/div>\n\t\t\t\t<\/div>\n\t\t\t\t<div class=\"elementor-element elementor-element-75f0c2f elementor-widget elementor-widget-wd_text_block\" data-id=\"75f0c2f\" data-element_type=\"widget\" data-e-type=\"widget\" data-widget_type=\"wd_text_block.default\">\n\t\t\t\t<div class=\"elementor-widget-container\">\n\t\t\t\t\t\t\t<div class=\"wd-text-block reset-last-child text-left\">\n\t\t\t\n\t\t\t<ul>\n<li><a title=\"Pagina principale di Antderground\" href=\"https:\/\/antderground.com\/it\/\">Inizio<\/a> (pagina principale)<\/li>\n<li>\u00a0<a href=\"https:\/\/antderground.com\/it\/il-tuo-negozio-di-formicai\/\">Chi siamo<\/a> (Come abbiamo iniziato)<\/li>\n<li><a href=\"https:\/\/antderground.com\/it\/faq\/\">\u00a0Domande Frequenti<\/a> (FAQ)<\/li>\n<li><a href=\"https:\/\/antderground.com\/it\/contatto\/\">Contatto<\/a><\/li>\n<p><!-- falta categoria\n\n<li>\u00a0<a href=\"\/category\/info-blog\/\">Blog<\/a> (Encuentra novedades sobre los artropodos)<\/li>\n\n-->\n<\/ul>\n\n\t\t\t\t\t<\/div>\n\t\t\t\t\t\t<\/div>\n\t\t\t\t<\/div>\n\t\t\t\t<div class=\"elementor-element elementor-element-7108b7b wd-width-100 elementor-widget elementor-widget-wd_title\" data-id=\"7108b7b\" data-element_type=\"widget\" data-e-type=\"widget\" data-widget_type=\"wd_title.default\">\n\t\t\t\t<div class=\"elementor-widget-container\">\n\t\t\t\t\t\t\t<div class=\"title-wrapper wd-set-mb reset-last-child wd-title-color-default wd-title-style-default wd-title-size-default text-left\">\n\n\t\t\t\n\t\t\t<div class=\"liner-continer\">\n\t\t\t\t<h2 class=\"woodmart-title-container title wd-fontsize-l\">Categorie di prodotti<\/h2> \n\t\t\t\t\t\t\t<\/div>\n\n\t\t\t\t\t\t\t<div class=\"title-after_title reset-last-child wd-fontsize-xs\">\n\t\t\t\t\t<p>Trova i prodotti per categoria<\/p>\t\t\t\t<\/div>\n\t\t\t\t\t<\/div>\n\t\t\t\t\t\t<\/div>\n\t\t\t\t<\/div>\n\t\t\t\t\t<\/div>\n\t\t\t\t<\/div>\n\t\t<div class=\"wd-negative-gap elementor-element elementor-element-3034994 e-grid e-con-boxed e-con e-parent\" data-id=\"3034994\" data-element_type=\"container\" data-e-type=\"container\">\n\t\t\t\t\t<div class=\"e-con-inner\">\n\t\t\t\t<div class=\"elementor-element elementor-element-ab34d36 elementor-widget elementor-widget-wd_text_block\" data-id=\"ab34d36\" data-element_type=\"widget\" data-e-type=\"widget\" data-widget_type=\"wd_text_block.default\">\n\t\t\t\t<div class=\"elementor-widget-container\">\n\t\t\t\t\t\t\t<div class=\"wd-text-block reset-last-child text-left\">\n\t\t\t\n\t\t\t<h3><a style=\"font-size: 22px;\" title=\"Esplora tutti i tipi di formicai e nidi per formiche\" href=\"https:\/\/antderground.com\/it\/categorie-prodotto\/formicai\/\">Formicai<\/a><\/h3>\n<section>\n<ul class=\"subcategorias\">\n<li><a href=\"https:\/\/antderground.com\/it\/categorie-prodotto\/formicai\/formicaio-3d\/\">Formicaio 3D<\/a><\/li>\n<li><a href=\"https:\/\/antderground.com\/it\/categorie-prodotto\/formicai\/fungo-spugna\/\">Fungo - Spugna<\/a><\/li>\n<li><a href=\"https:\/\/antderground.com\/it\/categorie-prodotto\/formicai\/formicai-di-gesso\/\">Formicai di gesso<br \/>\n<\/a><\/li>\n<li><a href=\"https:\/\/antderground.com\/it\/categorie-prodotto\/formicai\/formicai-di-ytong\/\">Formicai di Ytong<br \/>\n<\/a><\/li>\n<li><a href=\"https:\/\/antderground.com\/it\/categorie-prodotto\/formicai\/formicai-speciali\/\">Formicai speciali<br \/>\n<\/a><\/li>\n<li><a href=\"https:\/\/antderground.com\/it\/categorie-prodotto\/formicai\/formicai-modulari\/\">Formicai modulari<br \/>\n<\/a><\/li>\n<li><a href=\"https:\/\/antderground.com\/it\/categorie-prodotto\/formicai\/formicaio-iniziale-trasportino\/\">Formicaio iniziale \/ trasportino<\/a><\/li>\n<li><a href=\"https:\/\/antderground.com\/it\/categorie-prodotto\/formicai\/formicai-verticali\/\">Formicai verticali<\/a><\/li>\n<\/ul>\n<h3>Altre categorie importanti<\/h3>\n<ul class=\"lista-miscelanea\">\n<li><a href=\"https:\/\/antderground.com\/it\/categorie-prodotto\/materiali-botanici\/\">Botanici<\/a><\/li>\n<li><a href=\"https:\/\/antderground.com\/it\/categorie-prodotto\/scatole-di-foraggiamento\/\">Scatole di foraggiamento<br \/>\n<\/a><\/li>\n<li><a href=\"https:\/\/antderground.com\/it\/categorie-prodotto\/decor-it\/\">Decorazione<\/a><\/li>\n<li><a href=\"https:\/\/antderground.com\/it\/categorie-prodotto\/kit-formicaio\/\">Kit formicaio<\/a><\/li>\n<li><a href=\"https:\/\/antderground.com\/it\/categorie-prodotto\/kit-per-isopodi\/\">Kit per isopodi<\/a><\/li>\n<li><a href=\"https:\/\/antderground.com\/it\/categorie-prodotto\/merchandising\/\">Merchandising<\/a>\n<ul class=\"tercer-nivel\">\n<li><a href=\"https:\/\/antderground.com\/it\/categorie-prodotto\/tazze\/\">Tazze<\/a><\/li>\n<\/ul>\n<\/li>\n<li><a href=\"https:\/\/antderground.com\/it\/categorie-prodotto\/nuovi-prodotti\/\">Nuovi Prodotti<\/a><\/li>\n<li><a href=\"https:\/\/antderground.com\/it\/categorie-prodotto\/offerte\/\">Offerte<\/a><\/li>\n<li><a href=\"https:\/\/antderground.com\/it\/categorie-prodotto\/piante-naturali\/\">Piante naturali<\/a><\/li>\n<li><a href=\"https:\/\/antderground.com\/it\/categorie-prodotto\/portaprovette\/\">Portaprovette<\/a><\/li>\n<li><a href=\"https:\/\/antderground.com\/it\/categorie-prodotto\/pezzi-di-ricambio\/\">Pezzi di ricambio<\/a><\/li>\n<li><a href=\"https:\/\/antderground.com\/it\/categorie-prodotto\/substrati\/\">Substrati<\/a><\/li>\n<li><a href=\"https:\/\/antderground.com\/it\/categorie-prodotto\/buono-regalo\/\">Buono regalo<\/a><\/li>\n<li><a href=\"https:\/\/antderground.com\/it\/categorie-prodotto\/terrari\/\">Terrari<\/a><\/li>\n<li><a href=\"https:\/\/antderground.com\/it\/categorie-prodotto\/terrari-eterni\/\">Terrari eterni<\/a><\/li>\n<\/ul>\n<\/section>\n<section>\n<ul class=\"subcategorias\">\n<li style=\"list-style-type: none;\"><\/li>\n<\/ul>\n<\/section>\n<section><\/section>\n<section><\/section>\n\n\t\t\t\t\t<\/div>\n\t\t\t\t\t\t<\/div>\n\t\t\t\t<\/div>\n\t\t\t\t<div class=\"elementor-element elementor-element-19e559a elementor-widget elementor-widget-wd_text_block\" data-id=\"19e559a\" data-element_type=\"widget\" data-e-type=\"widget\" data-widget_type=\"wd_text_block.default\">\n\t\t\t\t<div class=\"elementor-widget-container\">\n\t\t\t\t\t\t\t<div class=\"wd-text-block reset-last-child text-left\">\n\t\t\t\n\t\t\t<section>\n<h3><strong><a style=\"font-size: 22px;\" title=\"Scopri tutti i tipi di artropodi: isopodi, tarantole e altro\" href=\"https:\/\/antderground.com\/it\/categorie-prodotto\/artropodi\/\">Artropodi<\/a><\/strong><\/h3>\n<\/section>\n<section>\n<ul class=\"subcategorias\">\n<li><a href=\"https:\/\/antderground.com\/it\/categorie-prodotto\/artropodi\/coleotteri\/\">Coleotteri<\/a><\/li>\n<li><a href=\"https:\/\/antderground.com\/it\/categorie-prodotto\/artropodi\/blatte\/\">Blatte<\/a><\/li>\n<li><a href=\"https:\/\/antderground.com\/it\/categorie-prodotto\/artropodi\/fasmidi\/\">Fasmidi<\/a><\/li>\n<li><a title=\"Tutte le specie e variet\u00e0 de isopodi\" href=\"https:\/\/antderground.com\/it\/categorie-prodotto\/artropodi\/isopodi\/\">Isopodi<\/a>\n<ul class=\"tercer-nivel\">\n<li><a href=\"https:\/\/antderground.com\/it\/categorie-prodotto\/artropodi\/isopodi\/ardentiella\/\">Ardentiella<\/a><\/li>\n<li><a href=\"https:\/\/antderground.com\/it\/categorie-prodotto\/artropodi\/isopodi\/armadillidium\/\">Armadillidium<\/a><\/li>\n<li><a href=\"#\">Cristarmadillidium<\/a><\/li>\n<li><a href=\"https:\/\/antderground.com\/it\/categorie-prodotto\/artropodi\/isopodi\/cubaris\/\">Cubaris<\/a><\/li>\n<li><a href=\"https:\/\/antderground.com\/it\/categorie-prodotto\/artropodi\/isopodi\/porcellio\/\">Porcellio<\/a><\/li>\n<li><a href=\"https:\/\/antderground.com\/it\/categorie-prodotto\/artropodi\/isopodi\/porcellionides\/\">Porcellionides<\/a><\/li>\n<li><a href=\"https:\/\/antderground.com\/it\/categorie-prodotto\/artropodi\/isopodi\/trichorhina\/\">Trichorhina<\/a><\/li>\n<li><a href=\"https:\/\/antderground.com\/it\/categorie-prodotto\/artropodi\/isopodi\/troglodillo\/\">Troglodillo<\/a><\/li>\n<\/ul>\n<\/li>\n<li><a href=\"https:\/\/antderground.com\/it\/categorie-prodotto\/artropodi\/isotteri\/\">Isotteri<\/a><\/li>\n<li><a href=\"https:\/\/antderground.com\/it\/categorie-prodotto\/artropodi\/mantodea-it\/\">Mantide<\/a><\/li>\n<li><a href=\"https:\/\/antderground.com\/it\/categorie-prodotto\/artropodi\/altri-ragni\/\">Altri ragni<\/a><\/li>\n<li><a href=\"https:\/\/antderground.com\/it\/categorie-prodotto\/artropodi\/tarantole\/\">Tarantole<\/a><\/li>\n<li><a href=\"https:\/\/antderground.com\/it\/categorie-prodotto\/formiche\/\">Formiche (Tutte le specie)<\/a>\n<ul class=\"tercer-nivel\">\n<li><a href=\"https:\/\/antderground.com\/it\/categorie-prodotto\/formiche-europee\/\">Formiche europee<\/a><\/li>\n<li><a href=\"https:\/\/antderground.com\/it\/categorie-prodotto\/formiche-esotiche\/\">Formiche Esotiche<\/a><\/li>\n<\/ul>\n<\/li>\n<\/ul>\n<section>\n<h3><a title=\"Tutto il necessario per nutrire le tue colonie\" href=\"https:\/\/antderground.com\/it\/categorie-prodotto\/alimentazione\/\">Alimentazione<\/a><\/h3>\n<ul class=\"subcategorias\">\n<li><a href=\"https:\/\/antderground.com\/it\/categorie-prodotto\/alimentazione\/cibo-vivo\/\">Cibo vivo<\/a><\/li>\n<li><a href=\"https:\/\/antderground.com\/it\/categorie-prodotto\/alimentazione\/disidratati-e-altri\/\">Disidratati e altri<\/a><\/li>\n<li><a href=\"https:\/\/antderground.com\/it\/categorie-prodotto\/alimentazione\/gelatine-e-liquidi\/\">Gelatine e Liquidi<\/a><\/li>\n<li><a href=\"https:\/\/antderground.com\/it\/categorie-prodotto\/alimentazione\/mangimi-secchi-semi-e-cereali\/\">Mangimi secchi, semi e cereali<br \/>\n<\/a><\/li>\n<li><a href=\"https:\/\/antderground.com\/it\/categorie-prodotto\/alimentazione\/complementi\/\">Complementi<br \/>\n<\/a><\/li>\n<\/ul>\n<\/section>\n<section>\n<h3><a title=\"Tutti gli accessori per l'allevamento e la manutenzione\" href=\"https:\/\/antderground.com\/it\/categorie-prodotto\/accessori\/\">Accessori<\/a><\/h3>\n<ul class=\"subcategorias\">\n<li><a href=\"https:\/\/antderground.com\/it\/categorie-prodotto\/accessori\/olio-antifuga\/\">Olio antifuga<\/a><\/li>\n<li><a href=\"https:\/\/antderground.com\/it\/categorie-prodotto\/accessori\/abbeveratoio-e-mangiatoia\/\">Abbeveratoio e Mangiatoia<\/a><\/li>\n<li><a href=\"https:\/\/antderground.com\/it\/categorie-prodotto\/accessori\/connettori\/\">Connettori<\/a><\/li>\n<li><a href=\"https:\/\/antderground.com\/it\/categorie-prodotto\/accessori\/contenitori\/\">Contenitori<\/a><\/li>\n<li><a href=\"https:\/\/antderground.com\/it\/categorie-prodotto\/accessori\/lente-ingrandimento\/\">Lente Ingrandimento<br \/>\n<\/a><\/li>\n<li><a href=\"https:\/\/antderground.com\/it\/categorie-prodotto\/accessori\/pinzette\/\">Pinzette<\/a><\/li>\n<li><a href=\"https:\/\/antderground.com\/it\/categorie-prodotto\/accessori\/coperchi-rossi\/\">Coperchi Rossi<\/a><\/li>\n<li><a href=\"https:\/\/antderground.com\/it\/categorie-prodotto\/accessori\/provetta\/\">Provetta<\/a><\/li>\n<\/ul>\n<\/section>\n<\/section>\n<section><\/section>\n<section><\/section>\n<section><\/section>\n\n\t\t\t\t\t<\/div>\n\t\t\t\t\t\t<\/div>\n\t\t\t\t<\/div>\n\t\t\t\t\t<\/div>\n\t\t\t\t<\/div>\n\t\t\t\t<\/div>\n\t\t","protected":false},"excerpt":{"rendered":"<p>Pagine informative Trova le pagine in modo rapido e semplice Inizio (pagina principale) \u00a0Chi siamo (Come abbiamo iniziato) \u00a0Domande Frequenti<\/p>\n","protected":false},"author":1,"featured_media":0,"parent":0,"menu_order":0,"comment_status":"closed","ping_status":"closed","template":"","meta":{"footnotes":""},"class_list":["post-53044","page","type-page","status-publish","hentry"],"yoast_head":"<!-- This site is optimized with the Yoast SEO plugin v27.5 - https:\/\/yoast.com\/product\/yoast-seo-wordpress\/ -->\n<title>Mappa del sito | Link ordinati ;-) - ANTDERGROUND<\/title>\n<meta name=\"description\" content=\"Trova i link diretti alle diverse sezioni del sito di artropodi e prodotti come formicai o terrari e altre informazioni. ;-)\" \/>\n<meta name=\"robots\" content=\"index, follow, max-snippet:-1, max-image-preview:large, max-video-preview:-1\" \/>\n<link rel=\"canonical\" href=\"https:\/\/antderground.com\/it\/mappa-del-sito\/\" \/>\n<meta property=\"og:locale\" content=\"it_IT\" \/>\n<meta property=\"og:type\" content=\"article\" \/>\n<meta property=\"og:title\" content=\"Mappa del sito | Link ordinati ;-) - ANTDERGROUND\" \/>\n<meta property=\"og:description\" content=\"Trova i link diretti alle diverse sezioni del sito di artropodi e prodotti come formicai o terrari e altre informazioni. ;-)\" \/>\n<meta property=\"og:url\" content=\"https:\/\/antderground.com\/it\/mappa-del-sito\/\" \/>\n<meta property=\"og:site_name\" content=\"ANTDERGROUND\" \/>\n<meta property=\"article:modified_time\" content=\"2026-05-04T13:53:59+00:00\" \/>\n<meta name=\"twitter:card\" content=\"summary_large_image\" \/>\n<meta name=\"twitter:label1\" content=\"Tempo di lettura stimato\" \/>\n\t<meta name=\"twitter:data1\" content=\"1 minuto\" \/>\n<script type=\"application\/ld+json\" class=\"yoast-schema-graph\">{\"@context\":\"https:\\\/\\\/schema.org\",\"@graph\":[{\"@type\":\"WebPage\",\"@id\":\"https:\\\/\\\/antderground.com\\\/it\\\/mappa-del-sito\\\/\",\"url\":\"https:\\\/\\\/antderground.com\\\/it\\\/mappa-del-sito\\\/\",\"name\":\"Mappa del sito | Link ordinati ;-) - ANTDERGROUND\",\"isPartOf\":{\"@id\":\"https:\\\/\\\/antderground.com\\\/it\\\/#website\"},\"datePublished\":\"2025-11-04T15:43:13+00:00\",\"dateModified\":\"2026-05-04T13:53:59+00:00\",\"description\":\"Trova i link diretti alle diverse sezioni del sito di artropodi e prodotti come formicai o terrari e altre informazioni. ;-)\",\"breadcrumb\":{\"@id\":\"https:\\\/\\\/antderground.com\\\/it\\\/mappa-del-sito\\\/#breadcrumb\"},\"inLanguage\":\"it-IT\",\"potentialAction\":[{\"@type\":\"ReadAction\",\"target\":[\"https:\\\/\\\/antderground.com\\\/it\\\/mappa-del-sito\\\/\"]}]},{\"@type\":\"BreadcrumbList\",\"@id\":\"https:\\\/\\\/antderground.com\\\/it\\\/mappa-del-sito\\\/#breadcrumb\",\"itemListElement\":[{\"@type\":\"ListItem\",\"position\":1,\"name\":\"Portada\",\"item\":\"https:\\\/\\\/antderground.com\\\/it\\\/\"},{\"@type\":\"ListItem\",\"position\":2,\"name\":\"Mappa del sito\"}]},{\"@type\":\"WebSite\",\"@id\":\"https:\\\/\\\/antderground.com\\\/it\\\/#website\",\"url\":\"https:\\\/\\\/antderground.com\\\/it\\\/\",\"name\":\"ANTDERGROUND\",\"description\":\"Tu tienda de hormigas, gran variedad de hormigueros acr\u00edlicos,madera,arena,3D y mas.. Pide tus hormigas gratis con tu pedido, somos expertos en hormigueros antifugas.\",\"publisher\":{\"@id\":\"https:\\\/\\\/antderground.com\\\/it\\\/#\\\/schema\\\/person\\\/0e322c505e84fe72c65e2f6d08f96b81\"},\"alternateName\":\"Antderground\",\"potentialAction\":[{\"@type\":\"SearchAction\",\"target\":{\"@type\":\"EntryPoint\",\"urlTemplate\":\"https:\\\/\\\/antderground.com\\\/it\\\/?s={search_term_string}\"},\"query-input\":{\"@type\":\"PropertyValueSpecification\",\"valueRequired\":true,\"valueName\":\"search_term_string\"}}],\"inLanguage\":\"it-IT\"},{\"@type\":[\"Person\",\"Organization\"],\"@id\":\"https:\\\/\\\/antderground.com\\\/it\\\/#\\\/schema\\\/person\\\/0e322c505e84fe72c65e2f6d08f96b81\",\"name\":\"Eric de Antderground\",\"image\":{\"@type\":\"ImageObject\",\"inLanguage\":\"it-IT\",\"@id\":\"https:\\\/\\\/secure.gravatar.com\\\/avatar\\\/c49a1b9f79216d1498cb73c1e85cd47f4465dda35f2a94c03790d491bd4423c3?s=96&d=mm&r=g\",\"url\":\"https:\\\/\\\/secure.gravatar.com\\\/avatar\\\/c49a1b9f79216d1498cb73c1e85cd47f4465dda35f2a94c03790d491bd4423c3?s=96&d=mm&r=g\",\"contentUrl\":\"https:\\\/\\\/secure.gravatar.com\\\/avatar\\\/c49a1b9f79216d1498cb73c1e85cd47f4465dda35f2a94c03790d491bd4423c3?s=96&d=mm&r=g\",\"caption\":\"Eric de Antderground\"},\"logo\":{\"@id\":\"https:\\\/\\\/secure.gravatar.com\\\/avatar\\\/c49a1b9f79216d1498cb73c1e85cd47f4465dda35f2a94c03790d491bd4423c3?s=96&d=mm&r=g\"},\"description\":\"Eric es el especialista y fundador de Antderground, con una amplia trayectoria en artr\u00f3podos y enfocado en la mirmecolog\u00eda y el dise\u00f1o de hormigueros artificiales. Su enfoque combina la innovaci\u00f3n t\u00e9cnica con el respeto por la biolog\u00eda de las hormigas, is\u00f3podos y otros, desarrollando sistemas de nidos modulares 3D y acr\u00edlicos que son referentes para aficionados y profesionales en toda Europa. Su objetivo es facilitar la cr\u00eda de hormigas y otros artr\u00f3podos mediante soluciones seguras y divulgaci\u00f3n de calidad.\",\"sameAs\":[\"https:\\\/\\\/antderground.com\\\/\",\"https:\\\/\\\/www.youtube.com\\\/channel\\\/UCio72z7TlbufkAthAJIJfPw\"]}]}<\/script>\n<!-- \/ Yoast SEO plugin. -->","yoast_head_json":{"title":"Mappa del sito | Link ordinati ;-) - ANTDERGROUND","description":"Trova i link diretti alle diverse sezioni del sito di artropodi e prodotti come formicai o terrari e altre informazioni. ;-)","robots":{"index":"index","follow":"follow","max-snippet":"max-snippet:-1","max-image-preview":"max-image-preview:large","max-video-preview":"max-video-preview:-1"},"canonical":"https:\/\/antderground.com\/it\/mappa-del-sito\/","og_locale":"it_IT","og_type":"article","og_title":"Mappa del sito | Link ordinati ;-) - ANTDERGROUND","og_description":"Trova i link diretti alle diverse sezioni del sito di artropodi e prodotti come formicai o terrari e altre informazioni. ;-)","og_url":"https:\/\/antderground.com\/it\/mappa-del-sito\/","og_site_name":"ANTDERGROUND","article_modified_time":"2026-05-04T13:53:59+00:00","twitter_card":"summary_large_image","twitter_misc":{"Tempo di lettura stimato":"1 minuto"},"schema":{"@context":"https:\/\/schema.org","@graph":[{"@type":"WebPage","@id":"https:\/\/antderground.com\/it\/mappa-del-sito\/","url":"https:\/\/antderground.com\/it\/mappa-del-sito\/","name":"Mappa del sito | Link ordinati ;-) - ANTDERGROUND","isPartOf":{"@id":"https:\/\/antderground.com\/it\/#website"},"datePublished":"2025-11-04T15:43:13+00:00","dateModified":"2026-05-04T13:53:59+00:00","description":"Trova i link diretti alle diverse sezioni del sito di artropodi e prodotti come formicai o terrari e altre informazioni. ;-)","breadcrumb":{"@id":"https:\/\/antderground.com\/it\/mappa-del-sito\/#breadcrumb"},"inLanguage":"it-IT","potentialAction":[{"@type":"ReadAction","target":["https:\/\/antderground.com\/it\/mappa-del-sito\/"]}]},{"@type":"BreadcrumbList","@id":"https:\/\/antderground.com\/it\/mappa-del-sito\/#breadcrumb","itemListElement":[{"@type":"ListItem","position":1,"name":"Portada","item":"https:\/\/antderground.com\/it\/"},{"@type":"ListItem","position":2,"name":"Mappa del sito"}]},{"@type":"WebSite","@id":"https:\/\/antderground.com\/it\/#website","url":"https:\/\/antderground.com\/it\/","name":"ANTDERGROUND","description":"Tu tienda de hormigas, gran variedad de hormigueros acr\u00edlicos,madera,arena,3D y mas.. Pide tus hormigas gratis con tu pedido, somos expertos en hormigueros antifugas.","publisher":{"@id":"https:\/\/antderground.com\/it\/#\/schema\/person\/0e322c505e84fe72c65e2f6d08f96b81"},"alternateName":"Antderground","potentialAction":[{"@type":"SearchAction","target":{"@type":"EntryPoint","urlTemplate":"https:\/\/antderground.com\/it\/?s={search_term_string}"},"query-input":{"@type":"PropertyValueSpecification","valueRequired":true,"valueName":"search_term_string"}}],"inLanguage":"it-IT"},{"@type":["Person","Organization"],"@id":"https:\/\/antderground.com\/it\/#\/schema\/person\/0e322c505e84fe72c65e2f6d08f96b81","name":"Eric de Antderground","image":{"@type":"ImageObject","inLanguage":"it-IT","@id":"https:\/\/secure.gravatar.com\/avatar\/c49a1b9f79216d1498cb73c1e85cd47f4465dda35f2a94c03790d491bd4423c3?s=96&d=mm&r=g","url":"https:\/\/secure.gravatar.com\/avatar\/c49a1b9f79216d1498cb73c1e85cd47f4465dda35f2a94c03790d491bd4423c3?s=96&d=mm&r=g","contentUrl":"https:\/\/secure.gravatar.com\/avatar\/c49a1b9f79216d1498cb73c1e85cd47f4465dda35f2a94c03790d491bd4423c3?s=96&d=mm&r=g","caption":"Eric de Antderground"},"logo":{"@id":"https:\/\/secure.gravatar.com\/avatar\/c49a1b9f79216d1498cb73c1e85cd47f4465dda35f2a94c03790d491bd4423c3?s=96&d=mm&r=g"},"description":"Eric es el especialista y fundador de Antderground, con una amplia trayectoria en artr\u00f3podos y enfocado en la mirmecolog\u00eda y el dise\u00f1o de hormigueros artificiales. Su enfoque combina la innovaci\u00f3n t\u00e9cnica con el respeto por la biolog\u00eda de las hormigas, is\u00f3podos y otros, desarrollando sistemas de nidos modulares 3D y acr\u00edlicos que son referentes para aficionados y profesionales en toda Europa. Su objetivo es facilitar la cr\u00eda de hormigas y otros artr\u00f3podos mediante soluciones seguras y divulgaci\u00f3n de calidad.","sameAs":["https:\/\/antderground.com\/","https:\/\/www.youtube.com\/channel\/UCio72z7TlbufkAthAJIJfPw"]}]}},"_links":{"self":[{"href":"https:\/\/antderground.com\/it\/wp-json\/wp\/v2\/pages\/53044","targetHints":{"allow":["GET"]}}],"collection":[{"href":"https:\/\/antderground.com\/it\/wp-json\/wp\/v2\/pages"}],"about":[{"href":"https:\/\/antderground.com\/it\/wp-json\/wp\/v2\/types\/page"}],"author":[{"embeddable":true,"href":"https:\/\/antderground.com\/it\/wp-json\/wp\/v2\/users\/1"}],"replies":[{"embeddable":true,"href":"https:\/\/antderground.com\/it\/wp-json\/wp\/v2\/comments?post=53044"}],"version-history":[{"count":30,"href":"https:\/\/antderground.com\/it\/wp-json\/wp\/v2\/pages\/53044\/revisions"}],"predecessor-version":[{"id":53171,"href":"https:\/\/antderground.com\/it\/wp-json\/wp\/v2\/pages\/53044\/revisions\/53171"}],"wp:attachment":[{"href":"https:\/\/antderground.com\/it\/wp-json\/wp\/v2\/media?parent=53044"}],"curies":[{"name":"wp","href":"https:\/\/api.w.org\/{rel}","templated":true}]}}