{"id":17434,"date":"2021-09-23T00:18:40","date_gmt":"2021-09-22T22:18:40","guid":{"rendered":"https:\/\/www.antderground.com\/producto\/kit-formicaio-di-iniziazione-grande\/"},"modified":"2021-12-28T23:20:47","modified_gmt":"2021-12-28T22:20:47","slug":"kit-formicaio-di-iniziazione-grande","status":"publish","type":"product","link":"https:\/\/antderground.com\/it\/prodotto\/kit-formicaio-di-iniziazione-grande\/","title":{"rendered":"Kit formicaio di iniziazione grande"},"content":{"rendered":"<p>Con il grande kit formicaio hai tutto il necessario per iniziare ad avere le tue formiche da 0.<br \/>\nInclude un formicaio 10 x 20 con un&#8217;ampia area di foraggiamento.<\/p>\n<p>Nel kit \u00e8 incluso anche cibo, abbeveratoio, connettore per provette in modo da poter iniziare non appena si dispone del kit.<\/p>\n<p>Che tu sia un principiante o un esperto, non puoi perderti il \u200b\u200bLarge Educational Starter Kit<\/p>\n<p>&#038; nbsp;<\/p>\n<p>NON \u00c8 UNA GIOCATTOLO, quindi \u00e8 molto importante utilizzarla sempre sotto la supervisione di un adulto.<\/p>\n","protected":false},"excerpt":{"rendered":"<p>Con il grande kit formicaio hai tutto il necessario per iniziare ad avere le tue formiche da 0. Include un<\/p>\n","protected":false},"featured_media":17435,"template":"","meta":[],"product_brand":[],"product_cat":[340,361,473],"product_tag":[],"class_list":{"0":"post-17434","1":"product","2":"type-product","3":"status-publish","4":"has-post-thumbnail","6":"product_cat-kit-formicaio","7":"product_cat-nuovi-prodotti","8":"product_cat-offerte","10":"first","11":"instock","12":"sale","13":"shipping-taxable","14":"purchasable","15":"product-type-simple"},"yoast_head":"<!-- This site is optimized with the Yoast SEO plugin v27.4 - https:\/\/yoast.com\/product\/yoast-seo-wordpress\/ -->\n<title>Kit formicaio di iniziazione grande - ANTDERGROUND<\/title>\n<meta name=\"description\" content=\"Inizia nel mondo delle formiche imparando da loro, con questo kit educativo formicaio. Imparare e divertirsi con la famiglia.\" \/>\n<meta name=\"robots\" content=\"index, follow, max-snippet:-1, max-image-preview:large, max-video-preview:-1\" \/>\n<link rel=\"canonical\" href=\"https:\/\/antderground.com\/it\/prodotto\/kit-formicaio-di-iniziazione-grande\/\" \/>\n<meta property=\"og:locale\" content=\"it_IT\" \/>\n<meta property=\"og:type\" content=\"article\" \/>\n<meta property=\"og:title\" content=\"Kit formicaio di iniziazione grande - ANTDERGROUND\" \/>\n<meta property=\"og:description\" content=\"Inizia nel mondo delle formiche imparando da loro, con questo kit educativo formicaio. Imparare e divertirsi con la famiglia.\" \/>\n<meta property=\"og:url\" content=\"https:\/\/antderground.com\/it\/prodotto\/kit-formicaio-di-iniziazione-grande\/\" \/>\n<meta property=\"og:site_name\" content=\"ANTDERGROUND\" \/>\n<meta property=\"article:modified_time\" content=\"2021-12-28T22:20:47+00:00\" \/>\n<meta property=\"og:image\" content=\"https:\/\/antderground.com\/wp-content\/uploads\/2021\/09\/oferta-bona5-1.jpg\" \/>\n\t<meta property=\"og:image:width\" content=\"850\" \/>\n\t<meta property=\"og:image:height\" content=\"850\" \/>\n\t<meta property=\"og:image:type\" content=\"image\/jpeg\" \/>\n<meta name=\"twitter:card\" content=\"summary_large_image\" \/>\n<script type=\"application\/ld+json\" class=\"yoast-schema-graph\">{\"@context\":\"https:\\\/\\\/schema.org\",\"@graph\":[{\"@type\":\"WebPage\",\"@id\":\"https:\\\/\\\/antderground.com\\\/it\\\/prodotto\\\/kit-formicaio-di-iniziazione-grande\\\/\",\"url\":\"https:\\\/\\\/antderground.com\\\/it\\\/prodotto\\\/kit-formicaio-di-iniziazione-grande\\\/\",\"name\":\"Kit formicaio di iniziazione grande - ANTDERGROUND\",\"isPartOf\":{\"@id\":\"https:\\\/\\\/antderground.com\\\/it\\\/#website\"},\"primaryImageOfPage\":{\"@id\":\"https:\\\/\\\/antderground.com\\\/it\\\/prodotto\\\/kit-formicaio-di-iniziazione-grande\\\/#primaryimage\"},\"image\":{\"@id\":\"https:\\\/\\\/antderground.com\\\/it\\\/prodotto\\\/kit-formicaio-di-iniziazione-grande\\\/#primaryimage\"},\"thumbnailUrl\":\"https:\\\/\\\/antderground.com\\\/wp-content\\\/uploads\\\/2021\\\/09\\\/kit-iniciacion-2.jpg\",\"datePublished\":\"2021-09-22T22:18:40+00:00\",\"dateModified\":\"2021-12-28T22:20:47+00:00\",\"description\":\"Inizia nel mondo delle formiche imparando da loro, con questo kit educativo formicaio. Imparare e divertirsi con la famiglia.\",\"breadcrumb\":{\"@id\":\"https:\\\/\\\/antderground.com\\\/it\\\/prodotto\\\/kit-formicaio-di-iniziazione-grande\\\/#breadcrumb\"},\"inLanguage\":\"it-IT\",\"potentialAction\":[{\"@type\":\"ReadAction\",\"target\":[\"https:\\\/\\\/antderground.com\\\/it\\\/prodotto\\\/kit-formicaio-di-iniziazione-grande\\\/\"]}]},{\"@type\":\"ImageObject\",\"inLanguage\":\"it-IT\",\"@id\":\"https:\\\/\\\/antderground.com\\\/it\\\/prodotto\\\/kit-formicaio-di-iniziazione-grande\\\/#primaryimage\",\"url\":\"https:\\\/\\\/antderground.com\\\/wp-content\\\/uploads\\\/2021\\\/09\\\/kit-iniciacion-2.jpg\",\"contentUrl\":\"https:\\\/\\\/antderground.com\\\/wp-content\\\/uploads\\\/2021\\\/09\\\/kit-iniciacion-2.jpg\",\"width\":591,\"height\":601,\"caption\":\"Kit formicaio di iniziazione grande\"},{\"@type\":\"BreadcrumbList\",\"@id\":\"https:\\\/\\\/antderground.com\\\/it\\\/prodotto\\\/kit-formicaio-di-iniziazione-grande\\\/#breadcrumb\",\"itemListElement\":[{\"@type\":\"ListItem\",\"position\":1,\"name\":\"Portada\",\"item\":\"https:\\\/\\\/antderground.com\\\/it\\\/\"},{\"@type\":\"ListItem\",\"position\":2,\"name\":\"Prodotti\",\"item\":\"https:\\\/\\\/antderground.com\\\/it\\\/prodotti\\\/\"},{\"@type\":\"ListItem\",\"position\":3,\"name\":\"Kit formicaio di iniziazione grande\"}]},{\"@type\":\"WebSite\",\"@id\":\"https:\\\/\\\/antderground.com\\\/it\\\/#website\",\"url\":\"https:\\\/\\\/antderground.com\\\/it\\\/\",\"name\":\"ANTDERGROUND\",\"description\":\"Tu tienda de hormigas, gran variedad de hormigueros acr\u00edlicos,madera,arena,3D y mas.. Pide tus hormigas gratis con tu pedido, somos expertos en hormigueros antifugas.\",\"publisher\":{\"@id\":\"https:\\\/\\\/antderground.com\\\/it\\\/#\\\/schema\\\/person\\\/0e322c505e84fe72c65e2f6d08f96b81\"},\"alternateName\":\"Antderground\",\"potentialAction\":[{\"@type\":\"SearchAction\",\"target\":{\"@type\":\"EntryPoint\",\"urlTemplate\":\"https:\\\/\\\/antderground.com\\\/it\\\/?s={search_term_string}\"},\"query-input\":{\"@type\":\"PropertyValueSpecification\",\"valueRequired\":true,\"valueName\":\"search_term_string\"}}],\"inLanguage\":\"it-IT\"},{\"@type\":[\"Person\",\"Organization\"],\"@id\":\"https:\\\/\\\/antderground.com\\\/it\\\/#\\\/schema\\\/person\\\/0e322c505e84fe72c65e2f6d08f96b81\",\"name\":\"Eric de Antderground\",\"image\":{\"@type\":\"ImageObject\",\"inLanguage\":\"it-IT\",\"@id\":\"https:\\\/\\\/secure.gravatar.com\\\/avatar\\\/c49a1b9f79216d1498cb73c1e85cd47f4465dda35f2a94c03790d491bd4423c3?s=96&d=mm&r=g\",\"url\":\"https:\\\/\\\/secure.gravatar.com\\\/avatar\\\/c49a1b9f79216d1498cb73c1e85cd47f4465dda35f2a94c03790d491bd4423c3?s=96&d=mm&r=g\",\"contentUrl\":\"https:\\\/\\\/secure.gravatar.com\\\/avatar\\\/c49a1b9f79216d1498cb73c1e85cd47f4465dda35f2a94c03790d491bd4423c3?s=96&d=mm&r=g\",\"caption\":\"Eric de Antderground\"},\"logo\":{\"@id\":\"https:\\\/\\\/secure.gravatar.com\\\/avatar\\\/c49a1b9f79216d1498cb73c1e85cd47f4465dda35f2a94c03790d491bd4423c3?s=96&d=mm&r=g\"},\"description\":\"Eric es el especialista y fundador de Antderground, con una amplia trayectoria en artr\u00f3podos y enfocado en la mirmecolog\u00eda y el dise\u00f1o de hormigueros artificiales. Su enfoque combina la innovaci\u00f3n t\u00e9cnica con el respeto por la biolog\u00eda de las hormigas, is\u00f3podos y otros, desarrollando sistemas de nidos modulares 3D y acr\u00edlicos que son referentes para aficionados y profesionales en toda Europa. Su objetivo es facilitar la cr\u00eda de hormigas y otros artr\u00f3podos mediante soluciones seguras y divulgaci\u00f3n de calidad.\",\"sameAs\":[\"https:\\\/\\\/antderground.com\\\/\",\"https:\\\/\\\/www.youtube.com\\\/channel\\\/UCio72z7TlbufkAthAJIJfPw\"]}]}<\/script>\n<!-- \/ Yoast SEO plugin. -->","yoast_head_json":{"title":"Kit formicaio di iniziazione grande - ANTDERGROUND","description":"Inizia nel mondo delle formiche imparando da loro, con questo kit educativo formicaio. Imparare e divertirsi con la famiglia.","robots":{"index":"index","follow":"follow","max-snippet":"max-snippet:-1","max-image-preview":"max-image-preview:large","max-video-preview":"max-video-preview:-1"},"canonical":"https:\/\/antderground.com\/it\/prodotto\/kit-formicaio-di-iniziazione-grande\/","og_locale":"it_IT","og_type":"article","og_title":"Kit formicaio di iniziazione grande - ANTDERGROUND","og_description":"Inizia nel mondo delle formiche imparando da loro, con questo kit educativo formicaio. Imparare e divertirsi con la famiglia.","og_url":"https:\/\/antderground.com\/it\/prodotto\/kit-formicaio-di-iniziazione-grande\/","og_site_name":"ANTDERGROUND","article_modified_time":"2021-12-28T22:20:47+00:00","og_image":[{"width":850,"height":850,"url":"https:\/\/antderground.com\/wp-content\/uploads\/2021\/09\/oferta-bona5-1.jpg","type":"image\/jpeg"}],"twitter_card":"summary_large_image","schema":{"@context":"https:\/\/schema.org","@graph":[{"@type":"WebPage","@id":"https:\/\/antderground.com\/it\/prodotto\/kit-formicaio-di-iniziazione-grande\/","url":"https:\/\/antderground.com\/it\/prodotto\/kit-formicaio-di-iniziazione-grande\/","name":"Kit formicaio di iniziazione grande - ANTDERGROUND","isPartOf":{"@id":"https:\/\/antderground.com\/it\/#website"},"primaryImageOfPage":{"@id":"https:\/\/antderground.com\/it\/prodotto\/kit-formicaio-di-iniziazione-grande\/#primaryimage"},"image":{"@id":"https:\/\/antderground.com\/it\/prodotto\/kit-formicaio-di-iniziazione-grande\/#primaryimage"},"thumbnailUrl":"https:\/\/antderground.com\/wp-content\/uploads\/2021\/09\/kit-iniciacion-2.jpg","datePublished":"2021-09-22T22:18:40+00:00","dateModified":"2021-12-28T22:20:47+00:00","description":"Inizia nel mondo delle formiche imparando da loro, con questo kit educativo formicaio. Imparare e divertirsi con la famiglia.","breadcrumb":{"@id":"https:\/\/antderground.com\/it\/prodotto\/kit-formicaio-di-iniziazione-grande\/#breadcrumb"},"inLanguage":"it-IT","potentialAction":[{"@type":"ReadAction","target":["https:\/\/antderground.com\/it\/prodotto\/kit-formicaio-di-iniziazione-grande\/"]}]},{"@type":"ImageObject","inLanguage":"it-IT","@id":"https:\/\/antderground.com\/it\/prodotto\/kit-formicaio-di-iniziazione-grande\/#primaryimage","url":"https:\/\/antderground.com\/wp-content\/uploads\/2021\/09\/kit-iniciacion-2.jpg","contentUrl":"https:\/\/antderground.com\/wp-content\/uploads\/2021\/09\/kit-iniciacion-2.jpg","width":591,"height":601,"caption":"Kit formicaio di iniziazione grande"},{"@type":"BreadcrumbList","@id":"https:\/\/antderground.com\/it\/prodotto\/kit-formicaio-di-iniziazione-grande\/#breadcrumb","itemListElement":[{"@type":"ListItem","position":1,"name":"Portada","item":"https:\/\/antderground.com\/it\/"},{"@type":"ListItem","position":2,"name":"Prodotti","item":"https:\/\/antderground.com\/it\/prodotti\/"},{"@type":"ListItem","position":3,"name":"Kit formicaio di iniziazione grande"}]},{"@type":"WebSite","@id":"https:\/\/antderground.com\/it\/#website","url":"https:\/\/antderground.com\/it\/","name":"ANTDERGROUND","description":"Tu tienda de hormigas, gran variedad de hormigueros acr\u00edlicos,madera,arena,3D y mas.. Pide tus hormigas gratis con tu pedido, somos expertos en hormigueros antifugas.","publisher":{"@id":"https:\/\/antderground.com\/it\/#\/schema\/person\/0e322c505e84fe72c65e2f6d08f96b81"},"alternateName":"Antderground","potentialAction":[{"@type":"SearchAction","target":{"@type":"EntryPoint","urlTemplate":"https:\/\/antderground.com\/it\/?s={search_term_string}"},"query-input":{"@type":"PropertyValueSpecification","valueRequired":true,"valueName":"search_term_string"}}],"inLanguage":"it-IT"},{"@type":["Person","Organization"],"@id":"https:\/\/antderground.com\/it\/#\/schema\/person\/0e322c505e84fe72c65e2f6d08f96b81","name":"Eric de Antderground","image":{"@type":"ImageObject","inLanguage":"it-IT","@id":"https:\/\/secure.gravatar.com\/avatar\/c49a1b9f79216d1498cb73c1e85cd47f4465dda35f2a94c03790d491bd4423c3?s=96&d=mm&r=g","url":"https:\/\/secure.gravatar.com\/avatar\/c49a1b9f79216d1498cb73c1e85cd47f4465dda35f2a94c03790d491bd4423c3?s=96&d=mm&r=g","contentUrl":"https:\/\/secure.gravatar.com\/avatar\/c49a1b9f79216d1498cb73c1e85cd47f4465dda35f2a94c03790d491bd4423c3?s=96&d=mm&r=g","caption":"Eric de Antderground"},"logo":{"@id":"https:\/\/secure.gravatar.com\/avatar\/c49a1b9f79216d1498cb73c1e85cd47f4465dda35f2a94c03790d491bd4423c3?s=96&d=mm&r=g"},"description":"Eric es el especialista y fundador de Antderground, con una amplia trayectoria en artr\u00f3podos y enfocado en la mirmecolog\u00eda y el dise\u00f1o de hormigueros artificiales. Su enfoque combina la innovaci\u00f3n t\u00e9cnica con el respeto por la biolog\u00eda de las hormigas, is\u00f3podos y otros, desarrollando sistemas de nidos modulares 3D y acr\u00edlicos que son referentes para aficionados y profesionales en toda Europa. Su objetivo es facilitar la cr\u00eda de hormigas y otros artr\u00f3podos mediante soluciones seguras y divulgaci\u00f3n de calidad.","sameAs":["https:\/\/antderground.com\/","https:\/\/www.youtube.com\/channel\/UCio72z7TlbufkAthAJIJfPw"]}]}},"_links":{"self":[{"href":"https:\/\/antderground.com\/it\/wp-json\/wp\/v2\/product\/17434","targetHints":{"allow":["GET"]}}],"collection":[{"href":"https:\/\/antderground.com\/it\/wp-json\/wp\/v2\/product"}],"about":[{"href":"https:\/\/antderground.com\/it\/wp-json\/wp\/v2\/types\/product"}],"version-history":[{"count":0,"href":"https:\/\/antderground.com\/it\/wp-json\/wp\/v2\/product\/17434\/revisions"}],"wp:featuredmedia":[{"embeddable":true,"href":"https:\/\/antderground.com\/it\/wp-json\/wp\/v2\/media\/17435"}],"wp:attachment":[{"href":"https:\/\/antderground.com\/it\/wp-json\/wp\/v2\/media?parent=17434"}],"wp:term":[{"taxonomy":"product_brand","embeddable":true,"href":"https:\/\/antderground.com\/it\/wp-json\/wp\/v2\/product_brand?post=17434"},{"taxonomy":"product_cat","embeddable":true,"href":"https:\/\/antderground.com\/it\/wp-json\/wp\/v2\/product_cat?post=17434"},{"taxonomy":"product_tag","embeddable":true,"href":"https:\/\/antderground.com\/it\/wp-json\/wp\/v2\/product_tag?post=17434"}],"curies":[{"name":"wp","href":"https:\/\/api.w.org\/{rel}","templated":true}]}}