{"id":17497,"date":"2021-08-17T22:23:40","date_gmt":"2021-08-17T20:23:40","guid":{"rendered":"https:\/\/www.antderground.com\/producto\/crematogaster-biroi-colonie\/"},"modified":"2025-06-23T10:46:59","modified_gmt":"2025-06-23T08:46:59","slug":"crematogaster-biroi-colonie","status":"publish","type":"product","link":"https:\/\/antderground.com\/it\/prodotto\/crematogaster-biroi-colonie\/","title":{"rendered":"Crematogaster Biroi (colonie)"},"content":{"rendered":"<h3>\ud83d\udc1c Scheda tecnica \u2013 <em>Crematogaster biroi<\/em><\/h3>\n<p><strong>Nome scientifico:<\/strong> <em>Crematogaster biroi<\/em><br \/>\n<strong>Genere:<\/strong> <em>Crematogaster<\/em><br \/>\n<strong>Origine:<\/strong> Sud-est asiatico (soprattutto in regioni tropicali)<br \/>\n<strong>Dimensioni:<\/strong><\/p>\n<ul>\n<li><strong>Regina:<\/strong> 7\u20138 mm<\/li>\n<li><strong>Operaia:<\/strong> 3\u20135 mm<\/li>\n<li><strong>Maschio:<\/strong> 2\u20133 mm<\/li>\n<\/ul>\n<p><strong>Colorazione:<\/strong><br \/>\nTonalit\u00e0 di marrone, talvolta con riflessi pi\u00f9 chiari o rossastri sul torace e sull\u2019addome, dalla tipica forma a cuore caratteristica del genere.<\/p>\n<p><strong>Tipo di colonia:<\/strong><br \/>\nPoliginica (pi\u00f9 regine per colonia)<\/p>\n<p><strong>Temperatura ideale:<\/strong><br \/>\n24\u202f\u00b0C \u2013 28\u202f\u00b0C<\/p>\n<p><strong>Umidit\u00e0:<\/strong><\/p>\n<ul>\n<li><strong>Nido:<\/strong> 60\u201380%<\/li>\n<li><strong>Area di foraggiamento:<\/strong> 50\u201360%<\/li>\n<\/ul>\n<p><strong>Alimentazione:<\/strong><br \/>\nOnnivore. Si nutrono di liquidi zuccherini (come nettare, miele d\u2019acqua o miscele fatte in casa a base di zucchero e miele) e di piccoli insetti per l\u2019apporto proteico.<\/p>\n<p><strong>Comportamento:<\/strong><br \/>\nMolto attive, curiose e rapide nei movimenti. Sono abili nella difesa: sollevano l\u2019addome in segno di minaccia, un comportamento tipico del genere. Quando trovano una fonte di cibo, formano sentieri ben definiti.<\/p>\n<p><strong>Difficolt\u00e0 di allevamento:<\/strong><br \/>\nMedia. Non sono particolarmente esigenti, ma richiedono una buona ventilazione e umidit\u00e0 costante. Adatte a chi ha gi\u00e0 un po\u2019 di esperienza.<\/p>\n<p><strong>Tipo di ibernazione:<\/strong><br \/>\nNon ibernano, ma possono ridurre l\u2019attivit\u00e0 se la temperatura scende troppo.<\/p>\n<p><strong>Dimensione della colonia in natura:<\/strong><br \/>\nPu\u00f2 superare diverse migliaia di individui.<\/p>\n<p><strong>Velocit\u00e0 di crescita:<\/strong><br \/>\nModerata. In condizioni ottimali e con una dieta adeguata, la colonia cresce regolarmente durante tutto l\u2019anno.<\/p>\n","protected":false},"excerpt":{"rendered":"<p>\ud83d\udc1c Scheda tecnica \u2013 Crematogaster biroi Nome scientifico: Crematogaster biroi Genere: Crematogaster Origine: Sud-est asiatico (soprattutto in regioni tropicali) Dimensioni:<\/p>\n","protected":false},"featured_media":17499,"template":"","meta":[],"product_brand":[],"product_cat":[332,476],"product_tag":[],"class_list":{"0":"post-17497","1":"product","2":"type-product","3":"status-publish","4":"has-post-thumbnail","6":"product_cat-formiche","7":"product_cat-formiche-esotiche","9":"first","10":"outofstock","11":"shipping-taxable","12":"purchasable","13":"product-type-variable"},"yoast_head":"<!-- This site is optimized with the Yoast SEO plugin v27.3 - https:\/\/yoast.com\/product\/yoast-seo-wordpress\/ -->\n<title>Crematogaster Biroi (colonie) | Formiche esotiche - ANTDERGROUND<\/title>\n<meta name=\"description\" content=\"Crematogaster biroi. Formiche del mondo, formicai in metacrilato, Specialisti in formiche. produciamo formicai in Spagna\" \/>\n<meta name=\"robots\" content=\"index, follow, max-snippet:-1, max-image-preview:large, max-video-preview:-1\" \/>\n<link rel=\"canonical\" href=\"https:\/\/antderground.com\/it\/prodotto\/crematogaster-biroi-colonie\/\" \/>\n<meta property=\"og:locale\" content=\"it_IT\" \/>\n<meta property=\"og:type\" content=\"article\" \/>\n<meta property=\"og:title\" content=\"Crematogaster Biroi (colonie) | Formiche esotiche - ANTDERGROUND\" \/>\n<meta property=\"og:description\" content=\"Crematogaster biroi. Formiche del mondo, formicai in metacrilato, Specialisti in formiche. produciamo formicai in Spagna\" \/>\n<meta property=\"og:url\" content=\"https:\/\/antderground.com\/it\/prodotto\/crematogaster-biroi-colonie\/\" \/>\n<meta property=\"og:site_name\" content=\"ANTDERGROUND\" \/>\n<meta property=\"article:modified_time\" content=\"2025-06-23T08:46:59+00:00\" \/>\n<meta property=\"og:image\" content=\"https:\/\/antderground.com\/wp-content\/uploads\/2021\/09\/crematogaster-biroi.jpg\" \/>\n\t<meta property=\"og:image:width\" content=\"591\" \/>\n\t<meta property=\"og:image:height\" content=\"601\" \/>\n\t<meta property=\"og:image:type\" content=\"image\/jpeg\" \/>\n<meta name=\"twitter:card\" content=\"summary_large_image\" \/>\n<meta name=\"twitter:label1\" content=\"Tempo di lettura stimato\" \/>\n\t<meta name=\"twitter:data1\" content=\"1 minuto\" \/>\n<script type=\"application\/ld+json\" class=\"yoast-schema-graph\">{\"@context\":\"https:\\\/\\\/schema.org\",\"@graph\":[{\"@type\":\"WebPage\",\"@id\":\"https:\\\/\\\/antderground.com\\\/it\\\/prodotto\\\/crematogaster-biroi-colonie\\\/\",\"url\":\"https:\\\/\\\/antderground.com\\\/it\\\/prodotto\\\/crematogaster-biroi-colonie\\\/\",\"name\":\"Crematogaster Biroi (colonie) | Formiche esotiche - ANTDERGROUND\",\"isPartOf\":{\"@id\":\"https:\\\/\\\/antderground.com\\\/it\\\/#website\"},\"primaryImageOfPage\":{\"@id\":\"https:\\\/\\\/antderground.com\\\/it\\\/prodotto\\\/crematogaster-biroi-colonie\\\/#primaryimage\"},\"image\":{\"@id\":\"https:\\\/\\\/antderground.com\\\/it\\\/prodotto\\\/crematogaster-biroi-colonie\\\/#primaryimage\"},\"thumbnailUrl\":\"https:\\\/\\\/antderground.com\\\/wp-content\\\/uploads\\\/2021\\\/09\\\/crematogaster-biroi.jpg\",\"datePublished\":\"2021-08-17T20:23:40+00:00\",\"dateModified\":\"2025-06-23T08:46:59+00:00\",\"description\":\"Crematogaster biroi. Formiche del mondo, formicai in metacrilato, Specialisti in formiche. produciamo formicai in Spagna\",\"breadcrumb\":{\"@id\":\"https:\\\/\\\/antderground.com\\\/it\\\/prodotto\\\/crematogaster-biroi-colonie\\\/#breadcrumb\"},\"inLanguage\":\"it-IT\",\"potentialAction\":[{\"@type\":\"ReadAction\",\"target\":[\"https:\\\/\\\/antderground.com\\\/it\\\/prodotto\\\/crematogaster-biroi-colonie\\\/\"]}]},{\"@type\":\"ImageObject\",\"inLanguage\":\"it-IT\",\"@id\":\"https:\\\/\\\/antderground.com\\\/it\\\/prodotto\\\/crematogaster-biroi-colonie\\\/#primaryimage\",\"url\":\"https:\\\/\\\/antderground.com\\\/wp-content\\\/uploads\\\/2021\\\/09\\\/crematogaster-biroi.jpg\",\"contentUrl\":\"https:\\\/\\\/antderground.com\\\/wp-content\\\/uploads\\\/2021\\\/09\\\/crematogaster-biroi.jpg\",\"width\":591,\"height\":601,\"caption\":\"Crematogaster biroi colonie\"},{\"@type\":\"BreadcrumbList\",\"@id\":\"https:\\\/\\\/antderground.com\\\/it\\\/prodotto\\\/crematogaster-biroi-colonie\\\/#breadcrumb\",\"itemListElement\":[{\"@type\":\"ListItem\",\"position\":1,\"name\":\"Portada\",\"item\":\"https:\\\/\\\/antderground.com\\\/it\\\/\"},{\"@type\":\"ListItem\",\"position\":2,\"name\":\"Prodotti\",\"item\":\"https:\\\/\\\/antderground.com\\\/it\\\/prodotti\\\/\"},{\"@type\":\"ListItem\",\"position\":3,\"name\":\"Crematogaster Biroi (colonie)\"}]},{\"@type\":\"WebSite\",\"@id\":\"https:\\\/\\\/antderground.com\\\/it\\\/#website\",\"url\":\"https:\\\/\\\/antderground.com\\\/it\\\/\",\"name\":\"ANTDERGROUND\",\"description\":\"Tu tienda de hormigas, gran variedad de hormigueros acr\u00edlicos,madera,arena,3D y mas.. Pide tus hormigas gratis con tu pedido, somos expertos en hormigueros antifugas.\",\"publisher\":{\"@id\":\"https:\\\/\\\/antderground.com\\\/it\\\/#\\\/schema\\\/person\\\/0e322c505e84fe72c65e2f6d08f96b81\"},\"alternateName\":\"Antderground\",\"potentialAction\":[{\"@type\":\"SearchAction\",\"target\":{\"@type\":\"EntryPoint\",\"urlTemplate\":\"https:\\\/\\\/antderground.com\\\/it\\\/?s={search_term_string}\"},\"query-input\":{\"@type\":\"PropertyValueSpecification\",\"valueRequired\":true,\"valueName\":\"search_term_string\"}}],\"inLanguage\":\"it-IT\"},{\"@type\":[\"Person\",\"Organization\"],\"@id\":\"https:\\\/\\\/antderground.com\\\/it\\\/#\\\/schema\\\/person\\\/0e322c505e84fe72c65e2f6d08f96b81\",\"name\":\"Eric de Antderground\",\"image\":{\"@type\":\"ImageObject\",\"inLanguage\":\"it-IT\",\"@id\":\"https:\\\/\\\/secure.gravatar.com\\\/avatar\\\/c49a1b9f79216d1498cb73c1e85cd47f4465dda35f2a94c03790d491bd4423c3?s=96&d=mm&r=g\",\"url\":\"https:\\\/\\\/secure.gravatar.com\\\/avatar\\\/c49a1b9f79216d1498cb73c1e85cd47f4465dda35f2a94c03790d491bd4423c3?s=96&d=mm&r=g\",\"contentUrl\":\"https:\\\/\\\/secure.gravatar.com\\\/avatar\\\/c49a1b9f79216d1498cb73c1e85cd47f4465dda35f2a94c03790d491bd4423c3?s=96&d=mm&r=g\",\"caption\":\"Eric de Antderground\"},\"logo\":{\"@id\":\"https:\\\/\\\/secure.gravatar.com\\\/avatar\\\/c49a1b9f79216d1498cb73c1e85cd47f4465dda35f2a94c03790d491bd4423c3?s=96&d=mm&r=g\"},\"description\":\"Eric es el especialista y fundador de Antderground, con una amplia trayectoria en artr\u00f3podos y enfocado en la mirmecolog\u00eda y el dise\u00f1o de hormigueros artificiales. Su enfoque combina la innovaci\u00f3n t\u00e9cnica con el respeto por la biolog\u00eda de las hormigas, is\u00f3podos y otros, desarrollando sistemas de nidos modulares 3D y acr\u00edlicos que son referentes para aficionados y profesionales en toda Europa. Su objetivo es facilitar la cr\u00eda de hormigas y otros artr\u00f3podos mediante soluciones seguras y divulgaci\u00f3n de calidad.\",\"sameAs\":[\"https:\\\/\\\/antderground.com\\\/\",\"https:\\\/\\\/www.youtube.com\\\/channel\\\/UCio72z7TlbufkAthAJIJfPw\"]}]}<\/script>\n<!-- \/ Yoast SEO plugin. -->","yoast_head_json":{"title":"Crematogaster Biroi (colonie) | Formiche esotiche - ANTDERGROUND","description":"Crematogaster biroi. Formiche del mondo, formicai in metacrilato, Specialisti in formiche. produciamo formicai in Spagna","robots":{"index":"index","follow":"follow","max-snippet":"max-snippet:-1","max-image-preview":"max-image-preview:large","max-video-preview":"max-video-preview:-1"},"canonical":"https:\/\/antderground.com\/it\/prodotto\/crematogaster-biroi-colonie\/","og_locale":"it_IT","og_type":"article","og_title":"Crematogaster Biroi (colonie) | Formiche esotiche - ANTDERGROUND","og_description":"Crematogaster biroi. Formiche del mondo, formicai in metacrilato, Specialisti in formiche. produciamo formicai in Spagna","og_url":"https:\/\/antderground.com\/it\/prodotto\/crematogaster-biroi-colonie\/","og_site_name":"ANTDERGROUND","article_modified_time":"2025-06-23T08:46:59+00:00","og_image":[{"width":591,"height":601,"url":"https:\/\/antderground.com\/wp-content\/uploads\/2021\/09\/crematogaster-biroi.jpg","type":"image\/jpeg"}],"twitter_card":"summary_large_image","twitter_misc":{"Tempo di lettura stimato":"1 minuto"},"schema":{"@context":"https:\/\/schema.org","@graph":[{"@type":"WebPage","@id":"https:\/\/antderground.com\/it\/prodotto\/crematogaster-biroi-colonie\/","url":"https:\/\/antderground.com\/it\/prodotto\/crematogaster-biroi-colonie\/","name":"Crematogaster Biroi (colonie) | Formiche esotiche - ANTDERGROUND","isPartOf":{"@id":"https:\/\/antderground.com\/it\/#website"},"primaryImageOfPage":{"@id":"https:\/\/antderground.com\/it\/prodotto\/crematogaster-biroi-colonie\/#primaryimage"},"image":{"@id":"https:\/\/antderground.com\/it\/prodotto\/crematogaster-biroi-colonie\/#primaryimage"},"thumbnailUrl":"https:\/\/antderground.com\/wp-content\/uploads\/2021\/09\/crematogaster-biroi.jpg","datePublished":"2021-08-17T20:23:40+00:00","dateModified":"2025-06-23T08:46:59+00:00","description":"Crematogaster biroi. Formiche del mondo, formicai in metacrilato, Specialisti in formiche. produciamo formicai in Spagna","breadcrumb":{"@id":"https:\/\/antderground.com\/it\/prodotto\/crematogaster-biroi-colonie\/#breadcrumb"},"inLanguage":"it-IT","potentialAction":[{"@type":"ReadAction","target":["https:\/\/antderground.com\/it\/prodotto\/crematogaster-biroi-colonie\/"]}]},{"@type":"ImageObject","inLanguage":"it-IT","@id":"https:\/\/antderground.com\/it\/prodotto\/crematogaster-biroi-colonie\/#primaryimage","url":"https:\/\/antderground.com\/wp-content\/uploads\/2021\/09\/crematogaster-biroi.jpg","contentUrl":"https:\/\/antderground.com\/wp-content\/uploads\/2021\/09\/crematogaster-biroi.jpg","width":591,"height":601,"caption":"Crematogaster biroi colonie"},{"@type":"BreadcrumbList","@id":"https:\/\/antderground.com\/it\/prodotto\/crematogaster-biroi-colonie\/#breadcrumb","itemListElement":[{"@type":"ListItem","position":1,"name":"Portada","item":"https:\/\/antderground.com\/it\/"},{"@type":"ListItem","position":2,"name":"Prodotti","item":"https:\/\/antderground.com\/it\/prodotti\/"},{"@type":"ListItem","position":3,"name":"Crematogaster Biroi (colonie)"}]},{"@type":"WebSite","@id":"https:\/\/antderground.com\/it\/#website","url":"https:\/\/antderground.com\/it\/","name":"ANTDERGROUND","description":"Tu tienda de hormigas, gran variedad de hormigueros acr\u00edlicos,madera,arena,3D y mas.. Pide tus hormigas gratis con tu pedido, somos expertos en hormigueros antifugas.","publisher":{"@id":"https:\/\/antderground.com\/it\/#\/schema\/person\/0e322c505e84fe72c65e2f6d08f96b81"},"alternateName":"Antderground","potentialAction":[{"@type":"SearchAction","target":{"@type":"EntryPoint","urlTemplate":"https:\/\/antderground.com\/it\/?s={search_term_string}"},"query-input":{"@type":"PropertyValueSpecification","valueRequired":true,"valueName":"search_term_string"}}],"inLanguage":"it-IT"},{"@type":["Person","Organization"],"@id":"https:\/\/antderground.com\/it\/#\/schema\/person\/0e322c505e84fe72c65e2f6d08f96b81","name":"Eric de Antderground","image":{"@type":"ImageObject","inLanguage":"it-IT","@id":"https:\/\/secure.gravatar.com\/avatar\/c49a1b9f79216d1498cb73c1e85cd47f4465dda35f2a94c03790d491bd4423c3?s=96&d=mm&r=g","url":"https:\/\/secure.gravatar.com\/avatar\/c49a1b9f79216d1498cb73c1e85cd47f4465dda35f2a94c03790d491bd4423c3?s=96&d=mm&r=g","contentUrl":"https:\/\/secure.gravatar.com\/avatar\/c49a1b9f79216d1498cb73c1e85cd47f4465dda35f2a94c03790d491bd4423c3?s=96&d=mm&r=g","caption":"Eric de Antderground"},"logo":{"@id":"https:\/\/secure.gravatar.com\/avatar\/c49a1b9f79216d1498cb73c1e85cd47f4465dda35f2a94c03790d491bd4423c3?s=96&d=mm&r=g"},"description":"Eric es el especialista y fundador de Antderground, con una amplia trayectoria en artr\u00f3podos y enfocado en la mirmecolog\u00eda y el dise\u00f1o de hormigueros artificiales. Su enfoque combina la innovaci\u00f3n t\u00e9cnica con el respeto por la biolog\u00eda de las hormigas, is\u00f3podos y otros, desarrollando sistemas de nidos modulares 3D y acr\u00edlicos que son referentes para aficionados y profesionales en toda Europa. Su objetivo es facilitar la cr\u00eda de hormigas y otros artr\u00f3podos mediante soluciones seguras y divulgaci\u00f3n de calidad.","sameAs":["https:\/\/antderground.com\/","https:\/\/www.youtube.com\/channel\/UCio72z7TlbufkAthAJIJfPw"]}]}},"_links":{"self":[{"href":"https:\/\/antderground.com\/it\/wp-json\/wp\/v2\/product\/17497","targetHints":{"allow":["GET"]}}],"collection":[{"href":"https:\/\/antderground.com\/it\/wp-json\/wp\/v2\/product"}],"about":[{"href":"https:\/\/antderground.com\/it\/wp-json\/wp\/v2\/types\/product"}],"version-history":[{"count":0,"href":"https:\/\/antderground.com\/it\/wp-json\/wp\/v2\/product\/17497\/revisions"}],"wp:featuredmedia":[{"embeddable":true,"href":"https:\/\/antderground.com\/it\/wp-json\/wp\/v2\/media\/17499"}],"wp:attachment":[{"href":"https:\/\/antderground.com\/it\/wp-json\/wp\/v2\/media?parent=17497"}],"wp:term":[{"taxonomy":"product_brand","embeddable":true,"href":"https:\/\/antderground.com\/it\/wp-json\/wp\/v2\/product_brand?post=17497"},{"taxonomy":"product_cat","embeddable":true,"href":"https:\/\/antderground.com\/it\/wp-json\/wp\/v2\/product_cat?post=17497"},{"taxonomy":"product_tag","embeddable":true,"href":"https:\/\/antderground.com\/it\/wp-json\/wp\/v2\/product_tag?post=17497"}],"curies":[{"name":"wp","href":"https:\/\/api.w.org\/{rel}","templated":true}]}}