{"id":20275,"date":"2022-06-14T20:39:44","date_gmt":"2022-06-14T18:39:44","guid":{"rendered":"https:\/\/www.antderground.com\/producto\/speciale-formicaio-per-regine-con-vasca-verticale\/"},"modified":"2024-08-19T12:38:06","modified_gmt":"2024-08-19T10:38:06","slug":"speciale-formicaio-per-regine-con-vasca-verticale","status":"publish","type":"product","link":"https:\/\/antderground.com\/it\/prodotto\/speciale-formicaio-per-regine-con-vasca-verticale\/","title":{"rendered":"3D Nest v2 7\u00d74,5 cm (Formicaio iniziale)"},"content":{"rendered":"<p>Scopri questo formicaio o nido ideale per le formiche regine, un formicaio ideale come area temporanea per la regina.<\/p>\n<p>Formicaio in 3D compatto con dispositivo verticale (mangiatoia) ideale per nutrire o idratare le nostre formiche regine.<\/p>\n<p>Come sempre i formicai Antderground offrono la garanzia dei formicai antifuga.<\/p>\n","protected":false},"excerpt":{"rendered":"<p>Scopri la versione 2 del nido iniziale 3D, ideale per avviare colonie di formiche. Questa nuova versione migliora i collegamenti e presenta una parte divisoria interna che non si chiude, facilitando l&#8217;espansione. Include un abbeveratoio per formiche con facile connessione, il nido \u00e8 realizzato in materiale PLA, che offre finiture migliori e la stessa resistenza.<\/p>\n<p>Caratteristiche del formicaio:<\/p>\n<p>Dimensioni: 7 cm x 4,5 cm<br \/>\nSerbatoio: 20 ml (nuovo sistema)<br \/>\nColore: bianco<br \/>\nCoperchio: Incluso, rosso<br \/>\nPorta: Girevole con sistema di sicurezza<\/p>\n","protected":false},"featured_media":35854,"template":"","meta":[],"product_brand":[],"product_cat":[337,433,360,361],"product_tag":[],"class_list":{"0":"post-20275","1":"product","2":"type-product","3":"status-publish","4":"has-post-thumbnail","6":"product_cat-formicai","7":"product_cat-formicaio-3d","8":"product_cat-formicaio-iniziale-trasportino","9":"product_cat-nuovi-prodotti","11":"first","12":"instock","13":"shipping-taxable","14":"purchasable","15":"product-type-simple"},"yoast_head":"<!-- This site is optimized with the Yoast SEO plugin v27.3 - https:\/\/yoast.com\/product\/yoast-seo-wordpress\/ -->\n<title>Formicaio 3D ideale per le nostre regine! ANTDERGROUND<\/title>\n<meta name=\"description\" content=\"Scopri questo formicaio ideale per avviare una colonia di formiche, un formicaio ideale per le nostre formiche regine!!\" \/>\n<meta name=\"robots\" content=\"index, follow, max-snippet:-1, max-image-preview:large, max-video-preview:-1\" \/>\n<link rel=\"canonical\" href=\"https:\/\/antderground.com\/it\/prodotto\/speciale-formicaio-per-regine-con-vasca-verticale\/\" \/>\n<meta property=\"og:locale\" content=\"it_IT\" \/>\n<meta property=\"og:type\" content=\"article\" \/>\n<meta property=\"og:title\" content=\"Formicaio 3D ideale per le nostre regine! ANTDERGROUND\" \/>\n<meta property=\"og:description\" content=\"Scopri questo formicaio ideale per avviare una colonia di formiche, un formicaio ideale per le nostre formiche regine!!\" \/>\n<meta property=\"og:url\" content=\"https:\/\/antderground.com\/it\/prodotto\/speciale-formicaio-per-regine-con-vasca-verticale\/\" \/>\n<meta property=\"og:site_name\" content=\"ANTDERGROUND\" \/>\n<meta property=\"article:modified_time\" content=\"2024-08-19T10:38:06+00:00\" \/>\n<meta property=\"og:image\" content=\"https:\/\/antderground.com\/wp-content\/uploads\/2022\/06\/reinerovv2.jpg\" \/>\n\t<meta property=\"og:image:width\" content=\"1600\" \/>\n\t<meta property=\"og:image:height\" content=\"1600\" \/>\n\t<meta property=\"og:image:type\" content=\"image\/jpeg\" \/>\n<meta name=\"twitter:card\" content=\"summary_large_image\" \/>\n<script type=\"application\/ld+json\" class=\"yoast-schema-graph\">{\"@context\":\"https:\\\/\\\/schema.org\",\"@graph\":[{\"@type\":\"WebPage\",\"@id\":\"https:\\\/\\\/antderground.com\\\/it\\\/prodotto\\\/speciale-formicaio-per-regine-con-vasca-verticale\\\/\",\"url\":\"https:\\\/\\\/antderground.com\\\/it\\\/prodotto\\\/speciale-formicaio-per-regine-con-vasca-verticale\\\/\",\"name\":\"Formicaio 3D ideale per le nostre regine! ANTDERGROUND\",\"isPartOf\":{\"@id\":\"https:\\\/\\\/antderground.com\\\/it\\\/#website\"},\"primaryImageOfPage\":{\"@id\":\"https:\\\/\\\/antderground.com\\\/it\\\/prodotto\\\/speciale-formicaio-per-regine-con-vasca-verticale\\\/#primaryimage\"},\"image\":{\"@id\":\"https:\\\/\\\/antderground.com\\\/it\\\/prodotto\\\/speciale-formicaio-per-regine-con-vasca-verticale\\\/#primaryimage\"},\"thumbnailUrl\":\"https:\\\/\\\/antderground.com\\\/wp-content\\\/uploads\\\/2022\\\/06\\\/reinerovv2.jpg\",\"datePublished\":\"2022-06-14T18:39:44+00:00\",\"dateModified\":\"2024-08-19T10:38:06+00:00\",\"description\":\"Scopri questo formicaio ideale per avviare una colonia di formiche, un formicaio ideale per le nostre formiche regine!!\",\"breadcrumb\":{\"@id\":\"https:\\\/\\\/antderground.com\\\/it\\\/prodotto\\\/speciale-formicaio-per-regine-con-vasca-verticale\\\/#breadcrumb\"},\"inLanguage\":\"it-IT\",\"potentialAction\":[{\"@type\":\"ReadAction\",\"target\":[\"https:\\\/\\\/antderground.com\\\/it\\\/prodotto\\\/speciale-formicaio-per-regine-con-vasca-verticale\\\/\"]}]},{\"@type\":\"ImageObject\",\"inLanguage\":\"it-IT\",\"@id\":\"https:\\\/\\\/antderground.com\\\/it\\\/prodotto\\\/speciale-formicaio-per-regine-con-vasca-verticale\\\/#primaryimage\",\"url\":\"https:\\\/\\\/antderground.com\\\/wp-content\\\/uploads\\\/2022\\\/06\\\/reinerovv2.jpg\",\"contentUrl\":\"https:\\\/\\\/antderground.com\\\/wp-content\\\/uploads\\\/2022\\\/06\\\/reinerovv2.jpg\",\"width\":1600,\"height\":1600,\"caption\":\"reinero 3d nido con deposito vertical\"},{\"@type\":\"BreadcrumbList\",\"@id\":\"https:\\\/\\\/antderground.com\\\/it\\\/prodotto\\\/speciale-formicaio-per-regine-con-vasca-verticale\\\/#breadcrumb\",\"itemListElement\":[{\"@type\":\"ListItem\",\"position\":1,\"name\":\"Portada\",\"item\":\"https:\\\/\\\/antderground.com\\\/it\\\/\"},{\"@type\":\"ListItem\",\"position\":2,\"name\":\"Prodotti\",\"item\":\"https:\\\/\\\/antderground.com\\\/it\\\/prodotti\\\/\"},{\"@type\":\"ListItem\",\"position\":3,\"name\":\"3D Nest v2 7\u00d74,5 cm (Formicaio iniziale)\"}]},{\"@type\":\"WebSite\",\"@id\":\"https:\\\/\\\/antderground.com\\\/it\\\/#website\",\"url\":\"https:\\\/\\\/antderground.com\\\/it\\\/\",\"name\":\"ANTDERGROUND\",\"description\":\"Tu tienda de hormigas, gran variedad de hormigueros acr\u00edlicos,madera,arena,3D y mas.. Pide tus hormigas gratis con tu pedido, somos expertos en hormigueros antifugas.\",\"publisher\":{\"@id\":\"https:\\\/\\\/antderground.com\\\/it\\\/#\\\/schema\\\/person\\\/0e322c505e84fe72c65e2f6d08f96b81\"},\"alternateName\":\"Antderground\",\"potentialAction\":[{\"@type\":\"SearchAction\",\"target\":{\"@type\":\"EntryPoint\",\"urlTemplate\":\"https:\\\/\\\/antderground.com\\\/it\\\/?s={search_term_string}\"},\"query-input\":{\"@type\":\"PropertyValueSpecification\",\"valueRequired\":true,\"valueName\":\"search_term_string\"}}],\"inLanguage\":\"it-IT\"},{\"@type\":[\"Person\",\"Organization\"],\"@id\":\"https:\\\/\\\/antderground.com\\\/it\\\/#\\\/schema\\\/person\\\/0e322c505e84fe72c65e2f6d08f96b81\",\"name\":\"Eric de Antderground\",\"image\":{\"@type\":\"ImageObject\",\"inLanguage\":\"it-IT\",\"@id\":\"https:\\\/\\\/secure.gravatar.com\\\/avatar\\\/c49a1b9f79216d1498cb73c1e85cd47f4465dda35f2a94c03790d491bd4423c3?s=96&d=mm&r=g\",\"url\":\"https:\\\/\\\/secure.gravatar.com\\\/avatar\\\/c49a1b9f79216d1498cb73c1e85cd47f4465dda35f2a94c03790d491bd4423c3?s=96&d=mm&r=g\",\"contentUrl\":\"https:\\\/\\\/secure.gravatar.com\\\/avatar\\\/c49a1b9f79216d1498cb73c1e85cd47f4465dda35f2a94c03790d491bd4423c3?s=96&d=mm&r=g\",\"caption\":\"Eric de Antderground\"},\"logo\":{\"@id\":\"https:\\\/\\\/secure.gravatar.com\\\/avatar\\\/c49a1b9f79216d1498cb73c1e85cd47f4465dda35f2a94c03790d491bd4423c3?s=96&d=mm&r=g\"},\"description\":\"Eric es el especialista y fundador de Antderground, con una amplia trayectoria en artr\u00f3podos y enfocado en la mirmecolog\u00eda y el dise\u00f1o de hormigueros artificiales. Su enfoque combina la innovaci\u00f3n t\u00e9cnica con el respeto por la biolog\u00eda de las hormigas, is\u00f3podos y otros, desarrollando sistemas de nidos modulares 3D y acr\u00edlicos que son referentes para aficionados y profesionales en toda Europa. Su objetivo es facilitar la cr\u00eda de hormigas y otros artr\u00f3podos mediante soluciones seguras y divulgaci\u00f3n de calidad.\",\"sameAs\":[\"https:\\\/\\\/antderground.com\\\/\",\"https:\\\/\\\/www.youtube.com\\\/channel\\\/UCio72z7TlbufkAthAJIJfPw\"]}]}<\/script>\n<!-- \/ Yoast SEO plugin. -->","yoast_head_json":{"title":"Formicaio 3D ideale per le nostre regine! ANTDERGROUND","description":"Scopri questo formicaio ideale per avviare una colonia di formiche, un formicaio ideale per le nostre formiche regine!!","robots":{"index":"index","follow":"follow","max-snippet":"max-snippet:-1","max-image-preview":"max-image-preview:large","max-video-preview":"max-video-preview:-1"},"canonical":"https:\/\/antderground.com\/it\/prodotto\/speciale-formicaio-per-regine-con-vasca-verticale\/","og_locale":"it_IT","og_type":"article","og_title":"Formicaio 3D ideale per le nostre regine! ANTDERGROUND","og_description":"Scopri questo formicaio ideale per avviare una colonia di formiche, un formicaio ideale per le nostre formiche regine!!","og_url":"https:\/\/antderground.com\/it\/prodotto\/speciale-formicaio-per-regine-con-vasca-verticale\/","og_site_name":"ANTDERGROUND","article_modified_time":"2024-08-19T10:38:06+00:00","og_image":[{"width":1600,"height":1600,"url":"https:\/\/antderground.com\/wp-content\/uploads\/2022\/06\/reinerovv2.jpg","type":"image\/jpeg"}],"twitter_card":"summary_large_image","schema":{"@context":"https:\/\/schema.org","@graph":[{"@type":"WebPage","@id":"https:\/\/antderground.com\/it\/prodotto\/speciale-formicaio-per-regine-con-vasca-verticale\/","url":"https:\/\/antderground.com\/it\/prodotto\/speciale-formicaio-per-regine-con-vasca-verticale\/","name":"Formicaio 3D ideale per le nostre regine! ANTDERGROUND","isPartOf":{"@id":"https:\/\/antderground.com\/it\/#website"},"primaryImageOfPage":{"@id":"https:\/\/antderground.com\/it\/prodotto\/speciale-formicaio-per-regine-con-vasca-verticale\/#primaryimage"},"image":{"@id":"https:\/\/antderground.com\/it\/prodotto\/speciale-formicaio-per-regine-con-vasca-verticale\/#primaryimage"},"thumbnailUrl":"https:\/\/antderground.com\/wp-content\/uploads\/2022\/06\/reinerovv2.jpg","datePublished":"2022-06-14T18:39:44+00:00","dateModified":"2024-08-19T10:38:06+00:00","description":"Scopri questo formicaio ideale per avviare una colonia di formiche, un formicaio ideale per le nostre formiche regine!!","breadcrumb":{"@id":"https:\/\/antderground.com\/it\/prodotto\/speciale-formicaio-per-regine-con-vasca-verticale\/#breadcrumb"},"inLanguage":"it-IT","potentialAction":[{"@type":"ReadAction","target":["https:\/\/antderground.com\/it\/prodotto\/speciale-formicaio-per-regine-con-vasca-verticale\/"]}]},{"@type":"ImageObject","inLanguage":"it-IT","@id":"https:\/\/antderground.com\/it\/prodotto\/speciale-formicaio-per-regine-con-vasca-verticale\/#primaryimage","url":"https:\/\/antderground.com\/wp-content\/uploads\/2022\/06\/reinerovv2.jpg","contentUrl":"https:\/\/antderground.com\/wp-content\/uploads\/2022\/06\/reinerovv2.jpg","width":1600,"height":1600,"caption":"reinero 3d nido con deposito vertical"},{"@type":"BreadcrumbList","@id":"https:\/\/antderground.com\/it\/prodotto\/speciale-formicaio-per-regine-con-vasca-verticale\/#breadcrumb","itemListElement":[{"@type":"ListItem","position":1,"name":"Portada","item":"https:\/\/antderground.com\/it\/"},{"@type":"ListItem","position":2,"name":"Prodotti","item":"https:\/\/antderground.com\/it\/prodotti\/"},{"@type":"ListItem","position":3,"name":"3D Nest v2 7\u00d74,5 cm (Formicaio iniziale)"}]},{"@type":"WebSite","@id":"https:\/\/antderground.com\/it\/#website","url":"https:\/\/antderground.com\/it\/","name":"ANTDERGROUND","description":"Tu tienda de hormigas, gran variedad de hormigueros acr\u00edlicos,madera,arena,3D y mas.. Pide tus hormigas gratis con tu pedido, somos expertos en hormigueros antifugas.","publisher":{"@id":"https:\/\/antderground.com\/it\/#\/schema\/person\/0e322c505e84fe72c65e2f6d08f96b81"},"alternateName":"Antderground","potentialAction":[{"@type":"SearchAction","target":{"@type":"EntryPoint","urlTemplate":"https:\/\/antderground.com\/it\/?s={search_term_string}"},"query-input":{"@type":"PropertyValueSpecification","valueRequired":true,"valueName":"search_term_string"}}],"inLanguage":"it-IT"},{"@type":["Person","Organization"],"@id":"https:\/\/antderground.com\/it\/#\/schema\/person\/0e322c505e84fe72c65e2f6d08f96b81","name":"Eric de Antderground","image":{"@type":"ImageObject","inLanguage":"it-IT","@id":"https:\/\/secure.gravatar.com\/avatar\/c49a1b9f79216d1498cb73c1e85cd47f4465dda35f2a94c03790d491bd4423c3?s=96&d=mm&r=g","url":"https:\/\/secure.gravatar.com\/avatar\/c49a1b9f79216d1498cb73c1e85cd47f4465dda35f2a94c03790d491bd4423c3?s=96&d=mm&r=g","contentUrl":"https:\/\/secure.gravatar.com\/avatar\/c49a1b9f79216d1498cb73c1e85cd47f4465dda35f2a94c03790d491bd4423c3?s=96&d=mm&r=g","caption":"Eric de Antderground"},"logo":{"@id":"https:\/\/secure.gravatar.com\/avatar\/c49a1b9f79216d1498cb73c1e85cd47f4465dda35f2a94c03790d491bd4423c3?s=96&d=mm&r=g"},"description":"Eric es el especialista y fundador de Antderground, con una amplia trayectoria en artr\u00f3podos y enfocado en la mirmecolog\u00eda y el dise\u00f1o de hormigueros artificiales. Su enfoque combina la innovaci\u00f3n t\u00e9cnica con el respeto por la biolog\u00eda de las hormigas, is\u00f3podos y otros, desarrollando sistemas de nidos modulares 3D y acr\u00edlicos que son referentes para aficionados y profesionales en toda Europa. Su objetivo es facilitar la cr\u00eda de hormigas y otros artr\u00f3podos mediante soluciones seguras y divulgaci\u00f3n de calidad.","sameAs":["https:\/\/antderground.com\/","https:\/\/www.youtube.com\/channel\/UCio72z7TlbufkAthAJIJfPw"]}]}},"_links":{"self":[{"href":"https:\/\/antderground.com\/it\/wp-json\/wp\/v2\/product\/20275","targetHints":{"allow":["GET"]}}],"collection":[{"href":"https:\/\/antderground.com\/it\/wp-json\/wp\/v2\/product"}],"about":[{"href":"https:\/\/antderground.com\/it\/wp-json\/wp\/v2\/types\/product"}],"version-history":[{"count":0,"href":"https:\/\/antderground.com\/it\/wp-json\/wp\/v2\/product\/20275\/revisions"}],"wp:featuredmedia":[{"embeddable":true,"href":"https:\/\/antderground.com\/it\/wp-json\/wp\/v2\/media\/35854"}],"wp:attachment":[{"href":"https:\/\/antderground.com\/it\/wp-json\/wp\/v2\/media?parent=20275"}],"wp:term":[{"taxonomy":"product_brand","embeddable":true,"href":"https:\/\/antderground.com\/it\/wp-json\/wp\/v2\/product_brand?post=20275"},{"taxonomy":"product_cat","embeddable":true,"href":"https:\/\/antderground.com\/it\/wp-json\/wp\/v2\/product_cat?post=20275"},{"taxonomy":"product_tag","embeddable":true,"href":"https:\/\/antderground.com\/it\/wp-json\/wp\/v2\/product_tag?post=20275"}],"curies":[{"name":"wp","href":"https:\/\/api.w.org\/{rel}","templated":true}]}}