{"id":22014,"date":"2022-10-05T22:47:30","date_gmt":"2022-10-05T20:47:30","guid":{"rendered":"https:\/\/www.antderground.com\/producto\/antdertube-tubo-formicaio-10x25\/"},"modified":"2024-12-02T10:34:20","modified_gmt":"2024-12-02T09:34:20","slug":"antdertube-tubo-formicaio-10x25","status":"publish","type":"product","link":"https:\/\/antderground.com\/it\/prodotto\/antdertube-tubo-formicaio-10x25\/","title":{"rendered":"AntderTube (Tubo formicaio) 10&#215;2,5"},"content":{"rendered":"<p>Scopri il nostro nuovo formicaio a tubo con deposito verticale (AntderTube), un design pensato per il comfort delle formiche e la facilit\u00e0 di tutti gli utenti.<\/p>\n<p>Come mostrato nella parte superiore, il formicaio versione tubo 3d \u00e8 composto da una dimensione di 10 cm di lunghezza per 2,5 cm di larghezza con un interno con diversi livelli per offrire pi\u00f9 realismo.<\/p>\n<p>Nella parte anteriore ha un tappo ideale per facilitare l&#8217;alimentazione della nostra formica regina o delle formiche in genere.<\/p>\n<p>Unire un tubo e un formicaio?<br \/>\nFacile! Fondendo questi due concetti possiamo offrire maggiore sicurezza e comfort per le diverse specie di formiche.<\/p>\n<p>Con abbeveratoio verticale!!<br \/>\nCon il nostro sistema di deposito verticale garantisci che le nostre formiche possano sfruttare fino all&#8217;ultima goccia.<\/p>\n","protected":false},"excerpt":{"rendered":"<p>Bye Bye tubi con cotone!! L&#8217;AntderTube di Antderground \u00e8 la fusione perfetta tra un formicaio 3d e un tubo, ideale per mantenere le nostre formiche ben curate.<\/p>\n<p>Caratteristiche del formicaio a tubo:<br \/>\nDimensioni: 10 cm x 2,5 cm<br \/>\nDeposito: 10 ml (nuovo sistema di connessione facile).<br \/>\nCamere\/galleria: Diverse altezze.<br \/>\nColore bianco<br \/>\nCoperchio: Rosso incluso.<br \/>\ntappo: s\u00ec<\/p>\n<p>Scopri altre funzionalit\u00e0 di seguito.<\/p>\n","protected":false},"featured_media":37490,"template":"","meta":[],"product_brand":[],"product_cat":[359,337,433],"product_tag":[],"class_list":{"0":"post-22014","1":"product","2":"type-product","3":"status-publish","4":"has-post-thumbnail","6":"product_cat-provetta","7":"product_cat-formicai","8":"product_cat-formicaio-3d","10":"first","11":"instock","12":"shipping-taxable","13":"purchasable","14":"product-type-simple"},"yoast_head":"<!-- This site is optimized with the Yoast SEO plugin v27.5 - https:\/\/yoast.com\/product\/yoast-seo-wordpress\/ -->\n<title>AntderTube (Tubo formicaio) 10x2,5 - ANTDERGROUND<\/title>\n<meta name=\"description\" content=\"L&#039; AntderTube di Antderground \u00e8 la fusione perfetta tra un formicaio 3d e un tubo, ideale per mantenere le nostre formiche ben curate.\" \/>\n<meta name=\"robots\" content=\"index, follow, max-snippet:-1, max-image-preview:large, max-video-preview:-1\" \/>\n<link rel=\"canonical\" href=\"https:\/\/antderground.com\/it\/prodotto\/antdertube-tubo-formicaio-10x25\/\" \/>\n<meta property=\"og:locale\" content=\"it_IT\" \/>\n<meta property=\"og:type\" content=\"article\" \/>\n<meta property=\"og:title\" content=\"AntderTube (Tubo formicaio) 10x2,5 - ANTDERGROUND\" \/>\n<meta property=\"og:description\" content=\"L&#039; AntderTube di Antderground \u00e8 la fusione perfetta tra un formicaio 3d e un tubo, ideale per mantenere le nostre formiche ben curate.\" \/>\n<meta property=\"og:url\" content=\"https:\/\/antderground.com\/it\/prodotto\/antdertube-tubo-formicaio-10x25\/\" \/>\n<meta property=\"og:site_name\" content=\"ANTDERGROUND\" \/>\n<meta property=\"article:modified_time\" content=\"2024-12-02T09:34:20+00:00\" \/>\n<meta property=\"og:image\" content=\"https:\/\/antderground.com\/wp-content\/uploads\/2022\/10\/WhatsApp-Image-2022-10-05-at-14.45.46-min.jpeg\" \/>\n\t<meta property=\"og:image:width\" content=\"1600\" \/>\n\t<meta property=\"og:image:height\" content=\"1600\" \/>\n\t<meta property=\"og:image:type\" content=\"image\/jpeg\" \/>\n<meta name=\"twitter:card\" content=\"summary_large_image\" \/>\n<meta name=\"twitter:label1\" content=\"Tempo di lettura stimato\" \/>\n\t<meta name=\"twitter:data1\" content=\"1 minuto\" \/>\n<script type=\"application\/ld+json\" class=\"yoast-schema-graph\">{\"@context\":\"https:\\\/\\\/schema.org\",\"@graph\":[{\"@type\":\"WebPage\",\"@id\":\"https:\\\/\\\/antderground.com\\\/it\\\/prodotto\\\/antdertube-tubo-formicaio-10x25\\\/\",\"url\":\"https:\\\/\\\/antderground.com\\\/it\\\/prodotto\\\/antdertube-tubo-formicaio-10x25\\\/\",\"name\":\"AntderTube (Tubo formicaio) 10x2,5 - ANTDERGROUND\",\"isPartOf\":{\"@id\":\"https:\\\/\\\/antderground.com\\\/it\\\/#website\"},\"primaryImageOfPage\":{\"@id\":\"https:\\\/\\\/antderground.com\\\/it\\\/prodotto\\\/antdertube-tubo-formicaio-10x25\\\/#primaryimage\"},\"image\":{\"@id\":\"https:\\\/\\\/antderground.com\\\/it\\\/prodotto\\\/antdertube-tubo-formicaio-10x25\\\/#primaryimage\"},\"thumbnailUrl\":\"https:\\\/\\\/antderground.com\\\/wp-content\\\/uploads\\\/2022\\\/10\\\/AntderTube-principal-bo.png\",\"datePublished\":\"2022-10-05T20:47:30+00:00\",\"dateModified\":\"2024-12-02T09:34:20+00:00\",\"description\":\"L' AntderTube di Antderground \u00e8 la fusione perfetta tra un formicaio 3d e un tubo, ideale per mantenere le nostre formiche ben curate.\",\"breadcrumb\":{\"@id\":\"https:\\\/\\\/antderground.com\\\/it\\\/prodotto\\\/antdertube-tubo-formicaio-10x25\\\/#breadcrumb\"},\"inLanguage\":\"it-IT\",\"potentialAction\":[{\"@type\":\"ReadAction\",\"target\":[\"https:\\\/\\\/antderground.com\\\/it\\\/prodotto\\\/antdertube-tubo-formicaio-10x25\\\/\"]}]},{\"@type\":\"ImageObject\",\"inLanguage\":\"it-IT\",\"@id\":\"https:\\\/\\\/antderground.com\\\/it\\\/prodotto\\\/antdertube-tubo-formicaio-10x25\\\/#primaryimage\",\"url\":\"https:\\\/\\\/antderground.com\\\/wp-content\\\/uploads\\\/2022\\\/10\\\/AntderTube-principal-bo.png\",\"contentUrl\":\"https:\\\/\\\/antderground.com\\\/wp-content\\\/uploads\\\/2022\\\/10\\\/AntderTube-principal-bo.png\",\"width\":1280,\"height\":1280,\"caption\":\"antdertube hormiguero\"},{\"@type\":\"BreadcrumbList\",\"@id\":\"https:\\\/\\\/antderground.com\\\/it\\\/prodotto\\\/antdertube-tubo-formicaio-10x25\\\/#breadcrumb\",\"itemListElement\":[{\"@type\":\"ListItem\",\"position\":1,\"name\":\"Portada\",\"item\":\"https:\\\/\\\/antderground.com\\\/it\\\/\"},{\"@type\":\"ListItem\",\"position\":2,\"name\":\"Prodotti\",\"item\":\"https:\\\/\\\/antderground.com\\\/it\\\/prodotti\\\/\"},{\"@type\":\"ListItem\",\"position\":3,\"name\":\"AntderTube (Tubo formicaio) 10&#215;2,5\"}]},{\"@type\":\"WebSite\",\"@id\":\"https:\\\/\\\/antderground.com\\\/it\\\/#website\",\"url\":\"https:\\\/\\\/antderground.com\\\/it\\\/\",\"name\":\"ANTDERGROUND\",\"description\":\"Tu tienda de hormigas, gran variedad de hormigueros acr\u00edlicos,madera,arena,3D y mas.. Pide tus hormigas gratis con tu pedido, somos expertos en hormigueros antifugas.\",\"publisher\":{\"@id\":\"https:\\\/\\\/antderground.com\\\/it\\\/#\\\/schema\\\/person\\\/0e322c505e84fe72c65e2f6d08f96b81\"},\"alternateName\":\"Antderground\",\"potentialAction\":[{\"@type\":\"SearchAction\",\"target\":{\"@type\":\"EntryPoint\",\"urlTemplate\":\"https:\\\/\\\/antderground.com\\\/it\\\/?s={search_term_string}\"},\"query-input\":{\"@type\":\"PropertyValueSpecification\",\"valueRequired\":true,\"valueName\":\"search_term_string\"}}],\"inLanguage\":\"it-IT\"},{\"@type\":[\"Person\",\"Organization\"],\"@id\":\"https:\\\/\\\/antderground.com\\\/it\\\/#\\\/schema\\\/person\\\/0e322c505e84fe72c65e2f6d08f96b81\",\"name\":\"Eric de Antderground\",\"image\":{\"@type\":\"ImageObject\",\"inLanguage\":\"it-IT\",\"@id\":\"https:\\\/\\\/secure.gravatar.com\\\/avatar\\\/c49a1b9f79216d1498cb73c1e85cd47f4465dda35f2a94c03790d491bd4423c3?s=96&d=mm&r=g\",\"url\":\"https:\\\/\\\/secure.gravatar.com\\\/avatar\\\/c49a1b9f79216d1498cb73c1e85cd47f4465dda35f2a94c03790d491bd4423c3?s=96&d=mm&r=g\",\"contentUrl\":\"https:\\\/\\\/secure.gravatar.com\\\/avatar\\\/c49a1b9f79216d1498cb73c1e85cd47f4465dda35f2a94c03790d491bd4423c3?s=96&d=mm&r=g\",\"caption\":\"Eric de Antderground\"},\"logo\":{\"@id\":\"https:\\\/\\\/secure.gravatar.com\\\/avatar\\\/c49a1b9f79216d1498cb73c1e85cd47f4465dda35f2a94c03790d491bd4423c3?s=96&d=mm&r=g\"},\"description\":\"Eric es el especialista y fundador de Antderground, con una amplia trayectoria en artr\u00f3podos y enfocado en la mirmecolog\u00eda y el dise\u00f1o de hormigueros artificiales. Su enfoque combina la innovaci\u00f3n t\u00e9cnica con el respeto por la biolog\u00eda de las hormigas, is\u00f3podos y otros, desarrollando sistemas de nidos modulares 3D y acr\u00edlicos que son referentes para aficionados y profesionales en toda Europa. Su objetivo es facilitar la cr\u00eda de hormigas y otros artr\u00f3podos mediante soluciones seguras y divulgaci\u00f3n de calidad.\",\"sameAs\":[\"https:\\\/\\\/antderground.com\\\/\",\"https:\\\/\\\/www.youtube.com\\\/channel\\\/UCio72z7TlbufkAthAJIJfPw\"]}]}<\/script>\n<!-- \/ Yoast SEO plugin. -->","yoast_head_json":{"title":"AntderTube (Tubo formicaio) 10x2,5 - ANTDERGROUND","description":"L' AntderTube di Antderground \u00e8 la fusione perfetta tra un formicaio 3d e un tubo, ideale per mantenere le nostre formiche ben curate.","robots":{"index":"index","follow":"follow","max-snippet":"max-snippet:-1","max-image-preview":"max-image-preview:large","max-video-preview":"max-video-preview:-1"},"canonical":"https:\/\/antderground.com\/it\/prodotto\/antdertube-tubo-formicaio-10x25\/","og_locale":"it_IT","og_type":"article","og_title":"AntderTube (Tubo formicaio) 10x2,5 - ANTDERGROUND","og_description":"L' AntderTube di Antderground \u00e8 la fusione perfetta tra un formicaio 3d e un tubo, ideale per mantenere le nostre formiche ben curate.","og_url":"https:\/\/antderground.com\/it\/prodotto\/antdertube-tubo-formicaio-10x25\/","og_site_name":"ANTDERGROUND","article_modified_time":"2024-12-02T09:34:20+00:00","og_image":[{"width":1600,"height":1600,"url":"https:\/\/antderground.com\/wp-content\/uploads\/2022\/10\/WhatsApp-Image-2022-10-05-at-14.45.46-min.jpeg","type":"image\/jpeg"}],"twitter_card":"summary_large_image","twitter_misc":{"Tempo di lettura stimato":"1 minuto"},"schema":{"@context":"https:\/\/schema.org","@graph":[{"@type":"WebPage","@id":"https:\/\/antderground.com\/it\/prodotto\/antdertube-tubo-formicaio-10x25\/","url":"https:\/\/antderground.com\/it\/prodotto\/antdertube-tubo-formicaio-10x25\/","name":"AntderTube (Tubo formicaio) 10x2,5 - ANTDERGROUND","isPartOf":{"@id":"https:\/\/antderground.com\/it\/#website"},"primaryImageOfPage":{"@id":"https:\/\/antderground.com\/it\/prodotto\/antdertube-tubo-formicaio-10x25\/#primaryimage"},"image":{"@id":"https:\/\/antderground.com\/it\/prodotto\/antdertube-tubo-formicaio-10x25\/#primaryimage"},"thumbnailUrl":"https:\/\/antderground.com\/wp-content\/uploads\/2022\/10\/AntderTube-principal-bo.png","datePublished":"2022-10-05T20:47:30+00:00","dateModified":"2024-12-02T09:34:20+00:00","description":"L' AntderTube di Antderground \u00e8 la fusione perfetta tra un formicaio 3d e un tubo, ideale per mantenere le nostre formiche ben curate.","breadcrumb":{"@id":"https:\/\/antderground.com\/it\/prodotto\/antdertube-tubo-formicaio-10x25\/#breadcrumb"},"inLanguage":"it-IT","potentialAction":[{"@type":"ReadAction","target":["https:\/\/antderground.com\/it\/prodotto\/antdertube-tubo-formicaio-10x25\/"]}]},{"@type":"ImageObject","inLanguage":"it-IT","@id":"https:\/\/antderground.com\/it\/prodotto\/antdertube-tubo-formicaio-10x25\/#primaryimage","url":"https:\/\/antderground.com\/wp-content\/uploads\/2022\/10\/AntderTube-principal-bo.png","contentUrl":"https:\/\/antderground.com\/wp-content\/uploads\/2022\/10\/AntderTube-principal-bo.png","width":1280,"height":1280,"caption":"antdertube hormiguero"},{"@type":"BreadcrumbList","@id":"https:\/\/antderground.com\/it\/prodotto\/antdertube-tubo-formicaio-10x25\/#breadcrumb","itemListElement":[{"@type":"ListItem","position":1,"name":"Portada","item":"https:\/\/antderground.com\/it\/"},{"@type":"ListItem","position":2,"name":"Prodotti","item":"https:\/\/antderground.com\/it\/prodotti\/"},{"@type":"ListItem","position":3,"name":"AntderTube (Tubo formicaio) 10&#215;2,5"}]},{"@type":"WebSite","@id":"https:\/\/antderground.com\/it\/#website","url":"https:\/\/antderground.com\/it\/","name":"ANTDERGROUND","description":"Tu tienda de hormigas, gran variedad de hormigueros acr\u00edlicos,madera,arena,3D y mas.. Pide tus hormigas gratis con tu pedido, somos expertos en hormigueros antifugas.","publisher":{"@id":"https:\/\/antderground.com\/it\/#\/schema\/person\/0e322c505e84fe72c65e2f6d08f96b81"},"alternateName":"Antderground","potentialAction":[{"@type":"SearchAction","target":{"@type":"EntryPoint","urlTemplate":"https:\/\/antderground.com\/it\/?s={search_term_string}"},"query-input":{"@type":"PropertyValueSpecification","valueRequired":true,"valueName":"search_term_string"}}],"inLanguage":"it-IT"},{"@type":["Person","Organization"],"@id":"https:\/\/antderground.com\/it\/#\/schema\/person\/0e322c505e84fe72c65e2f6d08f96b81","name":"Eric de Antderground","image":{"@type":"ImageObject","inLanguage":"it-IT","@id":"https:\/\/secure.gravatar.com\/avatar\/c49a1b9f79216d1498cb73c1e85cd47f4465dda35f2a94c03790d491bd4423c3?s=96&d=mm&r=g","url":"https:\/\/secure.gravatar.com\/avatar\/c49a1b9f79216d1498cb73c1e85cd47f4465dda35f2a94c03790d491bd4423c3?s=96&d=mm&r=g","contentUrl":"https:\/\/secure.gravatar.com\/avatar\/c49a1b9f79216d1498cb73c1e85cd47f4465dda35f2a94c03790d491bd4423c3?s=96&d=mm&r=g","caption":"Eric de Antderground"},"logo":{"@id":"https:\/\/secure.gravatar.com\/avatar\/c49a1b9f79216d1498cb73c1e85cd47f4465dda35f2a94c03790d491bd4423c3?s=96&d=mm&r=g"},"description":"Eric es el especialista y fundador de Antderground, con una amplia trayectoria en artr\u00f3podos y enfocado en la mirmecolog\u00eda y el dise\u00f1o de hormigueros artificiales. Su enfoque combina la innovaci\u00f3n t\u00e9cnica con el respeto por la biolog\u00eda de las hormigas, is\u00f3podos y otros, desarrollando sistemas de nidos modulares 3D y acr\u00edlicos que son referentes para aficionados y profesionales en toda Europa. Su objetivo es facilitar la cr\u00eda de hormigas y otros artr\u00f3podos mediante soluciones seguras y divulgaci\u00f3n de calidad.","sameAs":["https:\/\/antderground.com\/","https:\/\/www.youtube.com\/channel\/UCio72z7TlbufkAthAJIJfPw"]}]}},"_links":{"self":[{"href":"https:\/\/antderground.com\/it\/wp-json\/wp\/v2\/product\/22014","targetHints":{"allow":["GET"]}}],"collection":[{"href":"https:\/\/antderground.com\/it\/wp-json\/wp\/v2\/product"}],"about":[{"href":"https:\/\/antderground.com\/it\/wp-json\/wp\/v2\/types\/product"}],"version-history":[{"count":0,"href":"https:\/\/antderground.com\/it\/wp-json\/wp\/v2\/product\/22014\/revisions"}],"wp:featuredmedia":[{"embeddable":true,"href":"https:\/\/antderground.com\/it\/wp-json\/wp\/v2\/media\/37490"}],"wp:attachment":[{"href":"https:\/\/antderground.com\/it\/wp-json\/wp\/v2\/media?parent=22014"}],"wp:term":[{"taxonomy":"product_brand","embeddable":true,"href":"https:\/\/antderground.com\/it\/wp-json\/wp\/v2\/product_brand?post=22014"},{"taxonomy":"product_cat","embeddable":true,"href":"https:\/\/antderground.com\/it\/wp-json\/wp\/v2\/product_cat?post=22014"},{"taxonomy":"product_tag","embeddable":true,"href":"https:\/\/antderground.com\/it\/wp-json\/wp\/v2\/product_tag?post=22014"}],"curies":[{"name":"wp","href":"https:\/\/api.w.org\/{rel}","templated":true}]}}