{"id":22166,"date":"2022-02-24T17:28:41","date_gmt":"2022-02-24T16:28:41","guid":{"rendered":"https:\/\/www.antderground.com\/producto\/camponotus-habereri\/"},"modified":"2023-12-21T23:00:05","modified_gmt":"2023-12-21T22:00:05","slug":"camponotus-habereri","status":"publish","type":"product","link":"https:\/\/antderground.com\/it\/prodotto\/camponotus-habereri\/","title":{"rendered":"Camponotus habereri"},"content":{"rendered":"<ul>\n<li><strong>Nome scientifico:<\/strong> Camponotus habereri<\/li>\n<li><strong>Classificazione tassonomica:<\/strong>\n<ul>\n<li>Regno: Animalia<\/li>\n<li>Phylum: Arthropoda<\/li>\n<li>Classe: Insecta<\/li>\n<li>Ordine: Hymenoptera<\/li>\n<li>Famiglia: Formicidae<\/li>\n<li>Sottofamiglia: Formicinae<\/li>\n<li>Genere: Camponotus<\/li>\n<li>Specie: C. habereri<\/li>\n<\/ul>\n<\/li>\n<li><strong>Distribuzione geografica:<\/strong> Camponotus habereri \u00e8 una specie endemica di Taiwan, un&#8217;isola dell&#8217;Asia orientale.<\/li>\n<li><strong>Caratteristiche fisiche:<\/strong> Le operaie di Camponotus habereri variano in dimensione, con lunghezze tipiche di 6-10 mm. Hanno un corpo robusto e il loro colore pu\u00f2 variare dal nero al marrone scuro, con un addome dai toni pi\u00f9 chiari. Queste formiche sono polimorfiche, il che significa che hanno diverse caste di operaie con dimensioni e funzioni diverse.<\/li>\n<li><strong>Comportamento:<\/strong> Camponotus habereri \u00e8 una specie interessante a causa del suo comportamento sociale e dell&#8217;adattamento a diversi ambienti. Sono formiche carpentiere che possono scavare i loro nidi nel legno e in altri materiali. Sono anche raccoglitrici e si nutrono di una variet\u00e0 di sostanze, inclusi nettare, melata e piccoli insetti.<\/li>\n<li><strong>Stato di conservazione:<\/strong> Non ci sono informazioni specifiche disponibili sullo stato di conservazione di Camponotus habereri.<\/li>\n<li><strong>Note aggiuntive:<\/strong> Queste formiche sono importanti per il decomposizione della materia organica e svolgono un ruolo ecologico negli ecosistemi di Taiwan. A causa della loro presenza in una regione insulare unica, sono oggetto di studio nei campi dell&#8217;entomologia e dell&#8217;ecologia.<\/li>\n<\/ul>\n","protected":false},"excerpt":{"rendered":"<p>Nome scientifico: Camponotus habereri Classificazione tassonomica: Regno: Animalia Phylum: Arthropoda Classe: Insecta Ordine: Hymenoptera Famiglia: Formicidae Sottofamiglia: Formicinae Genere: Camponotus<\/p>\n","protected":false},"featured_media":19023,"template":"","meta":[],"product_brand":[],"product_cat":[332,476],"product_tag":[],"class_list":{"0":"post-22166","1":"product","2":"type-product","3":"status-publish","4":"has-post-thumbnail","6":"product_cat-formiche","7":"product_cat-formiche-esotiche","9":"first","10":"outofstock","11":"shipping-taxable","12":"purchasable","13":"product-type-variable"},"yoast_head":"<!-- This site is optimized with the Yoast SEO plugin v27.3 - https:\/\/yoast.com\/product\/yoast-seo-wordpress\/ -->\n<title>Camponotus habereri - ANTDERGROUND<\/title>\n<meta name=\"description\" content=\"Scopri le formiche Camponotus habereri, una formica esotica originaria dell&#039;Asia della zona di Taiwan. Tutto su entomologia \/ Formicarium.\" \/>\n<meta name=\"robots\" content=\"index, follow, max-snippet:-1, max-image-preview:large, max-video-preview:-1\" \/>\n<link rel=\"canonical\" href=\"https:\/\/antderground.com\/it\/prodotto\/camponotus-habereri\/\" \/>\n<meta property=\"og:locale\" content=\"it_IT\" \/>\n<meta property=\"og:type\" content=\"article\" \/>\n<meta property=\"og:title\" content=\"Camponotus habereri - ANTDERGROUND\" \/>\n<meta property=\"og:description\" content=\"Scopri le formiche Camponotus habereri, una formica esotica originaria dell&#039;Asia della zona di Taiwan. Tutto su entomologia \/ Formicarium.\" \/>\n<meta property=\"og:url\" content=\"https:\/\/antderground.com\/it\/prodotto\/camponotus-habereri\/\" \/>\n<meta property=\"og:site_name\" content=\"ANTDERGROUND\" \/>\n<meta property=\"article:modified_time\" content=\"2023-12-21T22:00:05+00:00\" \/>\n<meta property=\"og:image\" content=\"https:\/\/antderground.com\/wp-content\/uploads\/2022\/02\/camponotus-habereri.jpg\" \/>\n\t<meta property=\"og:image:width\" content=\"1027\" \/>\n\t<meta property=\"og:image:height\" content=\"1027\" \/>\n\t<meta property=\"og:image:type\" content=\"image\/jpeg\" \/>\n<meta name=\"twitter:card\" content=\"summary_large_image\" \/>\n<meta name=\"twitter:label1\" content=\"Tempo di lettura stimato\" \/>\n\t<meta name=\"twitter:data1\" content=\"1 minuto\" \/>\n<script type=\"application\/ld+json\" class=\"yoast-schema-graph\">{\"@context\":\"https:\\\/\\\/schema.org\",\"@graph\":[{\"@type\":\"WebPage\",\"@id\":\"https:\\\/\\\/antderground.com\\\/it\\\/prodotto\\\/camponotus-habereri\\\/\",\"url\":\"https:\\\/\\\/antderground.com\\\/it\\\/prodotto\\\/camponotus-habereri\\\/\",\"name\":\"Camponotus habereri - ANTDERGROUND\",\"isPartOf\":{\"@id\":\"https:\\\/\\\/antderground.com\\\/it\\\/#website\"},\"primaryImageOfPage\":{\"@id\":\"https:\\\/\\\/antderground.com\\\/it\\\/prodotto\\\/camponotus-habereri\\\/#primaryimage\"},\"image\":{\"@id\":\"https:\\\/\\\/antderground.com\\\/it\\\/prodotto\\\/camponotus-habereri\\\/#primaryimage\"},\"thumbnailUrl\":\"https:\\\/\\\/antderground.com\\\/wp-content\\\/uploads\\\/2022\\\/02\\\/camponotus-habereri.jpg\",\"datePublished\":\"2022-02-24T16:28:41+00:00\",\"dateModified\":\"2023-12-21T22:00:05+00:00\",\"description\":\"Scopri le formiche Camponotus habereri, una formica esotica originaria dell'Asia della zona di Taiwan. Tutto su entomologia \\\/ Formicarium.\",\"breadcrumb\":{\"@id\":\"https:\\\/\\\/antderground.com\\\/it\\\/prodotto\\\/camponotus-habereri\\\/#breadcrumb\"},\"inLanguage\":\"it-IT\",\"potentialAction\":[{\"@type\":\"ReadAction\",\"target\":[\"https:\\\/\\\/antderground.com\\\/it\\\/prodotto\\\/camponotus-habereri\\\/\"]}]},{\"@type\":\"ImageObject\",\"inLanguage\":\"it-IT\",\"@id\":\"https:\\\/\\\/antderground.com\\\/it\\\/prodotto\\\/camponotus-habereri\\\/#primaryimage\",\"url\":\"https:\\\/\\\/antderground.com\\\/wp-content\\\/uploads\\\/2022\\\/02\\\/camponotus-habereri.jpg\",\"contentUrl\":\"https:\\\/\\\/antderground.com\\\/wp-content\\\/uploads\\\/2022\\\/02\\\/camponotus-habereri.jpg\",\"width\":1027,\"height\":1027,\"caption\":\"Camponotus habereri\"},{\"@type\":\"BreadcrumbList\",\"@id\":\"https:\\\/\\\/antderground.com\\\/it\\\/prodotto\\\/camponotus-habereri\\\/#breadcrumb\",\"itemListElement\":[{\"@type\":\"ListItem\",\"position\":1,\"name\":\"Portada\",\"item\":\"https:\\\/\\\/antderground.com\\\/it\\\/\"},{\"@type\":\"ListItem\",\"position\":2,\"name\":\"Prodotti\",\"item\":\"https:\\\/\\\/antderground.com\\\/it\\\/prodotti\\\/\"},{\"@type\":\"ListItem\",\"position\":3,\"name\":\"Camponotus habereri\"}]},{\"@type\":\"WebSite\",\"@id\":\"https:\\\/\\\/antderground.com\\\/it\\\/#website\",\"url\":\"https:\\\/\\\/antderground.com\\\/it\\\/\",\"name\":\"ANTDERGROUND\",\"description\":\"Tu tienda de hormigas, gran variedad de hormigueros acr\u00edlicos,madera,arena,3D y mas.. Pide tus hormigas gratis con tu pedido, somos expertos en hormigueros antifugas.\",\"publisher\":{\"@id\":\"https:\\\/\\\/antderground.com\\\/it\\\/#\\\/schema\\\/person\\\/0e322c505e84fe72c65e2f6d08f96b81\"},\"alternateName\":\"Antderground\",\"potentialAction\":[{\"@type\":\"SearchAction\",\"target\":{\"@type\":\"EntryPoint\",\"urlTemplate\":\"https:\\\/\\\/antderground.com\\\/it\\\/?s={search_term_string}\"},\"query-input\":{\"@type\":\"PropertyValueSpecification\",\"valueRequired\":true,\"valueName\":\"search_term_string\"}}],\"inLanguage\":\"it-IT\"},{\"@type\":[\"Person\",\"Organization\"],\"@id\":\"https:\\\/\\\/antderground.com\\\/it\\\/#\\\/schema\\\/person\\\/0e322c505e84fe72c65e2f6d08f96b81\",\"name\":\"Eric de Antderground\",\"image\":{\"@type\":\"ImageObject\",\"inLanguage\":\"it-IT\",\"@id\":\"https:\\\/\\\/secure.gravatar.com\\\/avatar\\\/c49a1b9f79216d1498cb73c1e85cd47f4465dda35f2a94c03790d491bd4423c3?s=96&d=mm&r=g\",\"url\":\"https:\\\/\\\/secure.gravatar.com\\\/avatar\\\/c49a1b9f79216d1498cb73c1e85cd47f4465dda35f2a94c03790d491bd4423c3?s=96&d=mm&r=g\",\"contentUrl\":\"https:\\\/\\\/secure.gravatar.com\\\/avatar\\\/c49a1b9f79216d1498cb73c1e85cd47f4465dda35f2a94c03790d491bd4423c3?s=96&d=mm&r=g\",\"caption\":\"Eric de Antderground\"},\"logo\":{\"@id\":\"https:\\\/\\\/secure.gravatar.com\\\/avatar\\\/c49a1b9f79216d1498cb73c1e85cd47f4465dda35f2a94c03790d491bd4423c3?s=96&d=mm&r=g\"},\"description\":\"Eric es el especialista y fundador de Antderground, con una amplia trayectoria en artr\u00f3podos y enfocado en la mirmecolog\u00eda y el dise\u00f1o de hormigueros artificiales. Su enfoque combina la innovaci\u00f3n t\u00e9cnica con el respeto por la biolog\u00eda de las hormigas, is\u00f3podos y otros, desarrollando sistemas de nidos modulares 3D y acr\u00edlicos que son referentes para aficionados y profesionales en toda Europa. Su objetivo es facilitar la cr\u00eda de hormigas y otros artr\u00f3podos mediante soluciones seguras y divulgaci\u00f3n de calidad.\",\"sameAs\":[\"https:\\\/\\\/antderground.com\\\/\",\"https:\\\/\\\/www.youtube.com\\\/channel\\\/UCio72z7TlbufkAthAJIJfPw\"]}]}<\/script>\n<!-- \/ Yoast SEO plugin. -->","yoast_head_json":{"title":"Camponotus habereri - ANTDERGROUND","description":"Scopri le formiche Camponotus habereri, una formica esotica originaria dell'Asia della zona di Taiwan. Tutto su entomologia \/ Formicarium.","robots":{"index":"index","follow":"follow","max-snippet":"max-snippet:-1","max-image-preview":"max-image-preview:large","max-video-preview":"max-video-preview:-1"},"canonical":"https:\/\/antderground.com\/it\/prodotto\/camponotus-habereri\/","og_locale":"it_IT","og_type":"article","og_title":"Camponotus habereri - ANTDERGROUND","og_description":"Scopri le formiche Camponotus habereri, una formica esotica originaria dell'Asia della zona di Taiwan. Tutto su entomologia \/ Formicarium.","og_url":"https:\/\/antderground.com\/it\/prodotto\/camponotus-habereri\/","og_site_name":"ANTDERGROUND","article_modified_time":"2023-12-21T22:00:05+00:00","og_image":[{"width":1027,"height":1027,"url":"https:\/\/antderground.com\/wp-content\/uploads\/2022\/02\/camponotus-habereri.jpg","type":"image\/jpeg"}],"twitter_card":"summary_large_image","twitter_misc":{"Tempo di lettura stimato":"1 minuto"},"schema":{"@context":"https:\/\/schema.org","@graph":[{"@type":"WebPage","@id":"https:\/\/antderground.com\/it\/prodotto\/camponotus-habereri\/","url":"https:\/\/antderground.com\/it\/prodotto\/camponotus-habereri\/","name":"Camponotus habereri - ANTDERGROUND","isPartOf":{"@id":"https:\/\/antderground.com\/it\/#website"},"primaryImageOfPage":{"@id":"https:\/\/antderground.com\/it\/prodotto\/camponotus-habereri\/#primaryimage"},"image":{"@id":"https:\/\/antderground.com\/it\/prodotto\/camponotus-habereri\/#primaryimage"},"thumbnailUrl":"https:\/\/antderground.com\/wp-content\/uploads\/2022\/02\/camponotus-habereri.jpg","datePublished":"2022-02-24T16:28:41+00:00","dateModified":"2023-12-21T22:00:05+00:00","description":"Scopri le formiche Camponotus habereri, una formica esotica originaria dell'Asia della zona di Taiwan. Tutto su entomologia \/ Formicarium.","breadcrumb":{"@id":"https:\/\/antderground.com\/it\/prodotto\/camponotus-habereri\/#breadcrumb"},"inLanguage":"it-IT","potentialAction":[{"@type":"ReadAction","target":["https:\/\/antderground.com\/it\/prodotto\/camponotus-habereri\/"]}]},{"@type":"ImageObject","inLanguage":"it-IT","@id":"https:\/\/antderground.com\/it\/prodotto\/camponotus-habereri\/#primaryimage","url":"https:\/\/antderground.com\/wp-content\/uploads\/2022\/02\/camponotus-habereri.jpg","contentUrl":"https:\/\/antderground.com\/wp-content\/uploads\/2022\/02\/camponotus-habereri.jpg","width":1027,"height":1027,"caption":"Camponotus habereri"},{"@type":"BreadcrumbList","@id":"https:\/\/antderground.com\/it\/prodotto\/camponotus-habereri\/#breadcrumb","itemListElement":[{"@type":"ListItem","position":1,"name":"Portada","item":"https:\/\/antderground.com\/it\/"},{"@type":"ListItem","position":2,"name":"Prodotti","item":"https:\/\/antderground.com\/it\/prodotti\/"},{"@type":"ListItem","position":3,"name":"Camponotus habereri"}]},{"@type":"WebSite","@id":"https:\/\/antderground.com\/it\/#website","url":"https:\/\/antderground.com\/it\/","name":"ANTDERGROUND","description":"Tu tienda de hormigas, gran variedad de hormigueros acr\u00edlicos,madera,arena,3D y mas.. Pide tus hormigas gratis con tu pedido, somos expertos en hormigueros antifugas.","publisher":{"@id":"https:\/\/antderground.com\/it\/#\/schema\/person\/0e322c505e84fe72c65e2f6d08f96b81"},"alternateName":"Antderground","potentialAction":[{"@type":"SearchAction","target":{"@type":"EntryPoint","urlTemplate":"https:\/\/antderground.com\/it\/?s={search_term_string}"},"query-input":{"@type":"PropertyValueSpecification","valueRequired":true,"valueName":"search_term_string"}}],"inLanguage":"it-IT"},{"@type":["Person","Organization"],"@id":"https:\/\/antderground.com\/it\/#\/schema\/person\/0e322c505e84fe72c65e2f6d08f96b81","name":"Eric de Antderground","image":{"@type":"ImageObject","inLanguage":"it-IT","@id":"https:\/\/secure.gravatar.com\/avatar\/c49a1b9f79216d1498cb73c1e85cd47f4465dda35f2a94c03790d491bd4423c3?s=96&d=mm&r=g","url":"https:\/\/secure.gravatar.com\/avatar\/c49a1b9f79216d1498cb73c1e85cd47f4465dda35f2a94c03790d491bd4423c3?s=96&d=mm&r=g","contentUrl":"https:\/\/secure.gravatar.com\/avatar\/c49a1b9f79216d1498cb73c1e85cd47f4465dda35f2a94c03790d491bd4423c3?s=96&d=mm&r=g","caption":"Eric de Antderground"},"logo":{"@id":"https:\/\/secure.gravatar.com\/avatar\/c49a1b9f79216d1498cb73c1e85cd47f4465dda35f2a94c03790d491bd4423c3?s=96&d=mm&r=g"},"description":"Eric es el especialista y fundador de Antderground, con una amplia trayectoria en artr\u00f3podos y enfocado en la mirmecolog\u00eda y el dise\u00f1o de hormigueros artificiales. Su enfoque combina la innovaci\u00f3n t\u00e9cnica con el respeto por la biolog\u00eda de las hormigas, is\u00f3podos y otros, desarrollando sistemas de nidos modulares 3D y acr\u00edlicos que son referentes para aficionados y profesionales en toda Europa. Su objetivo es facilitar la cr\u00eda de hormigas y otros artr\u00f3podos mediante soluciones seguras y divulgaci\u00f3n de calidad.","sameAs":["https:\/\/antderground.com\/","https:\/\/www.youtube.com\/channel\/UCio72z7TlbufkAthAJIJfPw"]}]}},"_links":{"self":[{"href":"https:\/\/antderground.com\/it\/wp-json\/wp\/v2\/product\/22166","targetHints":{"allow":["GET"]}}],"collection":[{"href":"https:\/\/antderground.com\/it\/wp-json\/wp\/v2\/product"}],"about":[{"href":"https:\/\/antderground.com\/it\/wp-json\/wp\/v2\/types\/product"}],"version-history":[{"count":0,"href":"https:\/\/antderground.com\/it\/wp-json\/wp\/v2\/product\/22166\/revisions"}],"wp:featuredmedia":[{"embeddable":true,"href":"https:\/\/antderground.com\/it\/wp-json\/wp\/v2\/media\/19023"}],"wp:attachment":[{"href":"https:\/\/antderground.com\/it\/wp-json\/wp\/v2\/media?parent=22166"}],"wp:term":[{"taxonomy":"product_brand","embeddable":true,"href":"https:\/\/antderground.com\/it\/wp-json\/wp\/v2\/product_brand?post=22166"},{"taxonomy":"product_cat","embeddable":true,"href":"https:\/\/antderground.com\/it\/wp-json\/wp\/v2\/product_cat?post=22166"},{"taxonomy":"product_tag","embeddable":true,"href":"https:\/\/antderground.com\/it\/wp-json\/wp\/v2\/product_tag?post=22166"}],"curies":[{"name":"wp","href":"https:\/\/api.w.org\/{rel}","templated":true}]}}