{"id":27149,"date":"2023-02-21T10:49:42","date_gmt":"2023-02-21T09:49:42","guid":{"rendered":"https:\/\/www.antderground.com\/producto\/kit-3-abbeveratoi-per-formiche-3mlcolori-diversi\/"},"modified":"2023-02-21T16:28:54","modified_gmt":"2023-02-21T15:28:54","slug":"kit-3-abbeveratoi-per-formiche-3mlcolori-diversi","status":"publish","type":"product","link":"https:\/\/antderground.com\/it\/prodotto\/kit-3-abbeveratoi-per-formiche-3mlcolori-diversi\/","title":{"rendered":"Kit 3 abbeveratoi per formiche (3ml)(colori diversi)"},"content":{"rendered":"","protected":false},"excerpt":{"rendered":"<p>Kit con 3 abbeveratoi per formiche con capacit\u00e0 di (3 ml ciascuno). Bevitori ideali per le nostre formiche. Con 3 colori diversi.<\/p>\n<p>Bottiglia in vetro ambrato:<br \/>\n&#8211; Ideale per conservare alimenti\/liquidi.<\/p>\n<p>Abbeveratoi in totale: 3<br \/>\n&#8211; 1 abbeveratoio di colore rosso.<br \/>\n&#8211; 1 abbeveratoio blu.<br \/>\n&#8211; 1 abbeveratoio giallo<\/p>\n<p>Capacit\u00e0:<br \/>\n&#8211; 3 ml ciascuno.<\/p>\n","protected":false},"featured_media":26947,"template":"","meta":[],"product_brand":[],"product_cat":[339,345,473],"product_tag":[],"class_list":{"0":"post-27149","1":"product","2":"type-product","3":"status-publish","4":"has-post-thumbnail","6":"product_cat-accessori","7":"product_cat-abbeveratoio-e-mangiatoia","8":"product_cat-offerte","10":"first","11":"instock","12":"sale","13":"shipping-taxable","14":"purchasable","15":"product-type-simple"},"yoast_head":"<!-- This site is optimized with the Yoast SEO plugin v27.4 - https:\/\/yoast.com\/product\/yoast-seo-wordpress\/ -->\n<title>Kit 3 abbeveratoi per formiche (3ml)(colori diversi) - ANTDERGROUND<\/title>\n<meta name=\"description\" content=\"Kit con 3 abbeveratoi per formiche con capacit\u00e0 di (3 ml ciascuno). Bevitori ideali per le nostre formiche. Con 3 colori diversi.\" \/>\n<meta name=\"robots\" content=\"index, follow, max-snippet:-1, max-image-preview:large, max-video-preview:-1\" \/>\n<link rel=\"canonical\" href=\"https:\/\/antderground.com\/it\/prodotto\/kit-3-abbeveratoi-per-formiche-3mlcolori-diversi\/\" \/>\n<meta property=\"og:locale\" content=\"it_IT\" \/>\n<meta property=\"og:type\" content=\"article\" \/>\n<meta property=\"og:title\" content=\"Kit 3 abbeveratoi per formiche (3ml)(colori diversi) - ANTDERGROUND\" \/>\n<meta property=\"og:description\" content=\"Kit con 3 abbeveratoi per formiche con capacit\u00e0 di (3 ml ciascuno). Bevitori ideali per le nostre formiche. Con 3 colori diversi.\" \/>\n<meta property=\"og:url\" content=\"https:\/\/antderground.com\/it\/prodotto\/kit-3-abbeveratoi-per-formiche-3mlcolori-diversi\/\" \/>\n<meta property=\"og:site_name\" content=\"ANTDERGROUND\" \/>\n<meta property=\"article:modified_time\" content=\"2023-02-21T15:28:54+00:00\" \/>\n<meta property=\"og:image\" content=\"https:\/\/antderground.com\/wp-content\/uploads\/2020\/05\/IMG-20230211-WA0000.jpg\" \/>\n\t<meta property=\"og:image:width\" content=\"1078\" \/>\n\t<meta property=\"og:image:height\" content=\"1078\" \/>\n\t<meta property=\"og:image:type\" content=\"image\/jpeg\" \/>\n<meta name=\"twitter:card\" content=\"summary_large_image\" \/>\n<script type=\"application\/ld+json\" class=\"yoast-schema-graph\">{\"@context\":\"https:\\\/\\\/schema.org\",\"@graph\":[{\"@type\":\"WebPage\",\"@id\":\"https:\\\/\\\/antderground.com\\\/it\\\/prodotto\\\/kit-3-abbeveratoi-per-formiche-3mlcolori-diversi\\\/\",\"url\":\"https:\\\/\\\/antderground.com\\\/it\\\/prodotto\\\/kit-3-abbeveratoi-per-formiche-3mlcolori-diversi\\\/\",\"name\":\"Kit 3 abbeveratoi per formiche (3ml)(colori diversi) - ANTDERGROUND\",\"isPartOf\":{\"@id\":\"https:\\\/\\\/antderground.com\\\/it\\\/#website\"},\"primaryImageOfPage\":{\"@id\":\"https:\\\/\\\/antderground.com\\\/it\\\/prodotto\\\/kit-3-abbeveratoi-per-formiche-3mlcolori-diversi\\\/#primaryimage\"},\"image\":{\"@id\":\"https:\\\/\\\/antderground.com\\\/it\\\/prodotto\\\/kit-3-abbeveratoi-per-formiche-3mlcolori-diversi\\\/#primaryimage\"},\"thumbnailUrl\":\"https:\\\/\\\/antderground.com\\\/wp-content\\\/uploads\\\/2020\\\/05\\\/IMG-20230211-WA0000.jpg\",\"datePublished\":\"2023-02-21T09:49:42+00:00\",\"dateModified\":\"2023-02-21T15:28:54+00:00\",\"description\":\"Kit con 3 abbeveratoi per formiche con capacit\u00e0 di (3 ml ciascuno). Bevitori ideali per le nostre formiche. Con 3 colori diversi.\",\"breadcrumb\":{\"@id\":\"https:\\\/\\\/antderground.com\\\/it\\\/prodotto\\\/kit-3-abbeveratoi-per-formiche-3mlcolori-diversi\\\/#breadcrumb\"},\"inLanguage\":\"it-IT\",\"potentialAction\":[{\"@type\":\"ReadAction\",\"target\":[\"https:\\\/\\\/antderground.com\\\/it\\\/prodotto\\\/kit-3-abbeveratoi-per-formiche-3mlcolori-diversi\\\/\"]}]},{\"@type\":\"ImageObject\",\"inLanguage\":\"it-IT\",\"@id\":\"https:\\\/\\\/antderground.com\\\/it\\\/prodotto\\\/kit-3-abbeveratoi-per-formiche-3mlcolori-diversi\\\/#primaryimage\",\"url\":\"https:\\\/\\\/antderground.com\\\/wp-content\\\/uploads\\\/2020\\\/05\\\/IMG-20230211-WA0000.jpg\",\"contentUrl\":\"https:\\\/\\\/antderground.com\\\/wp-content\\\/uploads\\\/2020\\\/05\\\/IMG-20230211-WA0000.jpg\",\"width\":1078,\"height\":1078},{\"@type\":\"BreadcrumbList\",\"@id\":\"https:\\\/\\\/antderground.com\\\/it\\\/prodotto\\\/kit-3-abbeveratoi-per-formiche-3mlcolori-diversi\\\/#breadcrumb\",\"itemListElement\":[{\"@type\":\"ListItem\",\"position\":1,\"name\":\"Portada\",\"item\":\"https:\\\/\\\/antderground.com\\\/it\\\/\"},{\"@type\":\"ListItem\",\"position\":2,\"name\":\"Prodotti\",\"item\":\"https:\\\/\\\/antderground.com\\\/it\\\/prodotti\\\/\"},{\"@type\":\"ListItem\",\"position\":3,\"name\":\"Kit 3 abbeveratoi per formiche (3ml)(colori diversi)\"}]},{\"@type\":\"WebSite\",\"@id\":\"https:\\\/\\\/antderground.com\\\/it\\\/#website\",\"url\":\"https:\\\/\\\/antderground.com\\\/it\\\/\",\"name\":\"ANTDERGROUND\",\"description\":\"Tu tienda de hormigas, gran variedad de hormigueros acr\u00edlicos,madera,arena,3D y mas.. Pide tus hormigas gratis con tu pedido, somos expertos en hormigueros antifugas.\",\"publisher\":{\"@id\":\"https:\\\/\\\/antderground.com\\\/it\\\/#\\\/schema\\\/person\\\/0e322c505e84fe72c65e2f6d08f96b81\"},\"alternateName\":\"Antderground\",\"potentialAction\":[{\"@type\":\"SearchAction\",\"target\":{\"@type\":\"EntryPoint\",\"urlTemplate\":\"https:\\\/\\\/antderground.com\\\/it\\\/?s={search_term_string}\"},\"query-input\":{\"@type\":\"PropertyValueSpecification\",\"valueRequired\":true,\"valueName\":\"search_term_string\"}}],\"inLanguage\":\"it-IT\"},{\"@type\":[\"Person\",\"Organization\"],\"@id\":\"https:\\\/\\\/antderground.com\\\/it\\\/#\\\/schema\\\/person\\\/0e322c505e84fe72c65e2f6d08f96b81\",\"name\":\"Eric de Antderground\",\"image\":{\"@type\":\"ImageObject\",\"inLanguage\":\"it-IT\",\"@id\":\"https:\\\/\\\/secure.gravatar.com\\\/avatar\\\/c49a1b9f79216d1498cb73c1e85cd47f4465dda35f2a94c03790d491bd4423c3?s=96&d=mm&r=g\",\"url\":\"https:\\\/\\\/secure.gravatar.com\\\/avatar\\\/c49a1b9f79216d1498cb73c1e85cd47f4465dda35f2a94c03790d491bd4423c3?s=96&d=mm&r=g\",\"contentUrl\":\"https:\\\/\\\/secure.gravatar.com\\\/avatar\\\/c49a1b9f79216d1498cb73c1e85cd47f4465dda35f2a94c03790d491bd4423c3?s=96&d=mm&r=g\",\"caption\":\"Eric de Antderground\"},\"logo\":{\"@id\":\"https:\\\/\\\/secure.gravatar.com\\\/avatar\\\/c49a1b9f79216d1498cb73c1e85cd47f4465dda35f2a94c03790d491bd4423c3?s=96&d=mm&r=g\"},\"description\":\"Eric es el especialista y fundador de Antderground, con una amplia trayectoria en artr\u00f3podos y enfocado en la mirmecolog\u00eda y el dise\u00f1o de hormigueros artificiales. Su enfoque combina la innovaci\u00f3n t\u00e9cnica con el respeto por la biolog\u00eda de las hormigas, is\u00f3podos y otros, desarrollando sistemas de nidos modulares 3D y acr\u00edlicos que son referentes para aficionados y profesionales en toda Europa. Su objetivo es facilitar la cr\u00eda de hormigas y otros artr\u00f3podos mediante soluciones seguras y divulgaci\u00f3n de calidad.\",\"sameAs\":[\"https:\\\/\\\/antderground.com\\\/\",\"https:\\\/\\\/www.youtube.com\\\/channel\\\/UCio72z7TlbufkAthAJIJfPw\"]}]}<\/script>\n<!-- \/ Yoast SEO plugin. -->","yoast_head_json":{"title":"Kit 3 abbeveratoi per formiche (3ml)(colori diversi) - ANTDERGROUND","description":"Kit con 3 abbeveratoi per formiche con capacit\u00e0 di (3 ml ciascuno). Bevitori ideali per le nostre formiche. Con 3 colori diversi.","robots":{"index":"index","follow":"follow","max-snippet":"max-snippet:-1","max-image-preview":"max-image-preview:large","max-video-preview":"max-video-preview:-1"},"canonical":"https:\/\/antderground.com\/it\/prodotto\/kit-3-abbeveratoi-per-formiche-3mlcolori-diversi\/","og_locale":"it_IT","og_type":"article","og_title":"Kit 3 abbeveratoi per formiche (3ml)(colori diversi) - ANTDERGROUND","og_description":"Kit con 3 abbeveratoi per formiche con capacit\u00e0 di (3 ml ciascuno). Bevitori ideali per le nostre formiche. Con 3 colori diversi.","og_url":"https:\/\/antderground.com\/it\/prodotto\/kit-3-abbeveratoi-per-formiche-3mlcolori-diversi\/","og_site_name":"ANTDERGROUND","article_modified_time":"2023-02-21T15:28:54+00:00","og_image":[{"width":1078,"height":1078,"url":"https:\/\/antderground.com\/wp-content\/uploads\/2020\/05\/IMG-20230211-WA0000.jpg","type":"image\/jpeg"}],"twitter_card":"summary_large_image","schema":{"@context":"https:\/\/schema.org","@graph":[{"@type":"WebPage","@id":"https:\/\/antderground.com\/it\/prodotto\/kit-3-abbeveratoi-per-formiche-3mlcolori-diversi\/","url":"https:\/\/antderground.com\/it\/prodotto\/kit-3-abbeveratoi-per-formiche-3mlcolori-diversi\/","name":"Kit 3 abbeveratoi per formiche (3ml)(colori diversi) - ANTDERGROUND","isPartOf":{"@id":"https:\/\/antderground.com\/it\/#website"},"primaryImageOfPage":{"@id":"https:\/\/antderground.com\/it\/prodotto\/kit-3-abbeveratoi-per-formiche-3mlcolori-diversi\/#primaryimage"},"image":{"@id":"https:\/\/antderground.com\/it\/prodotto\/kit-3-abbeveratoi-per-formiche-3mlcolori-diversi\/#primaryimage"},"thumbnailUrl":"https:\/\/antderground.com\/wp-content\/uploads\/2020\/05\/IMG-20230211-WA0000.jpg","datePublished":"2023-02-21T09:49:42+00:00","dateModified":"2023-02-21T15:28:54+00:00","description":"Kit con 3 abbeveratoi per formiche con capacit\u00e0 di (3 ml ciascuno). Bevitori ideali per le nostre formiche. Con 3 colori diversi.","breadcrumb":{"@id":"https:\/\/antderground.com\/it\/prodotto\/kit-3-abbeveratoi-per-formiche-3mlcolori-diversi\/#breadcrumb"},"inLanguage":"it-IT","potentialAction":[{"@type":"ReadAction","target":["https:\/\/antderground.com\/it\/prodotto\/kit-3-abbeveratoi-per-formiche-3mlcolori-diversi\/"]}]},{"@type":"ImageObject","inLanguage":"it-IT","@id":"https:\/\/antderground.com\/it\/prodotto\/kit-3-abbeveratoi-per-formiche-3mlcolori-diversi\/#primaryimage","url":"https:\/\/antderground.com\/wp-content\/uploads\/2020\/05\/IMG-20230211-WA0000.jpg","contentUrl":"https:\/\/antderground.com\/wp-content\/uploads\/2020\/05\/IMG-20230211-WA0000.jpg","width":1078,"height":1078},{"@type":"BreadcrumbList","@id":"https:\/\/antderground.com\/it\/prodotto\/kit-3-abbeveratoi-per-formiche-3mlcolori-diversi\/#breadcrumb","itemListElement":[{"@type":"ListItem","position":1,"name":"Portada","item":"https:\/\/antderground.com\/it\/"},{"@type":"ListItem","position":2,"name":"Prodotti","item":"https:\/\/antderground.com\/it\/prodotti\/"},{"@type":"ListItem","position":3,"name":"Kit 3 abbeveratoi per formiche (3ml)(colori diversi)"}]},{"@type":"WebSite","@id":"https:\/\/antderground.com\/it\/#website","url":"https:\/\/antderground.com\/it\/","name":"ANTDERGROUND","description":"Tu tienda de hormigas, gran variedad de hormigueros acr\u00edlicos,madera,arena,3D y mas.. Pide tus hormigas gratis con tu pedido, somos expertos en hormigueros antifugas.","publisher":{"@id":"https:\/\/antderground.com\/it\/#\/schema\/person\/0e322c505e84fe72c65e2f6d08f96b81"},"alternateName":"Antderground","potentialAction":[{"@type":"SearchAction","target":{"@type":"EntryPoint","urlTemplate":"https:\/\/antderground.com\/it\/?s={search_term_string}"},"query-input":{"@type":"PropertyValueSpecification","valueRequired":true,"valueName":"search_term_string"}}],"inLanguage":"it-IT"},{"@type":["Person","Organization"],"@id":"https:\/\/antderground.com\/it\/#\/schema\/person\/0e322c505e84fe72c65e2f6d08f96b81","name":"Eric de Antderground","image":{"@type":"ImageObject","inLanguage":"it-IT","@id":"https:\/\/secure.gravatar.com\/avatar\/c49a1b9f79216d1498cb73c1e85cd47f4465dda35f2a94c03790d491bd4423c3?s=96&d=mm&r=g","url":"https:\/\/secure.gravatar.com\/avatar\/c49a1b9f79216d1498cb73c1e85cd47f4465dda35f2a94c03790d491bd4423c3?s=96&d=mm&r=g","contentUrl":"https:\/\/secure.gravatar.com\/avatar\/c49a1b9f79216d1498cb73c1e85cd47f4465dda35f2a94c03790d491bd4423c3?s=96&d=mm&r=g","caption":"Eric de Antderground"},"logo":{"@id":"https:\/\/secure.gravatar.com\/avatar\/c49a1b9f79216d1498cb73c1e85cd47f4465dda35f2a94c03790d491bd4423c3?s=96&d=mm&r=g"},"description":"Eric es el especialista y fundador de Antderground, con una amplia trayectoria en artr\u00f3podos y enfocado en la mirmecolog\u00eda y el dise\u00f1o de hormigueros artificiales. Su enfoque combina la innovaci\u00f3n t\u00e9cnica con el respeto por la biolog\u00eda de las hormigas, is\u00f3podos y otros, desarrollando sistemas de nidos modulares 3D y acr\u00edlicos que son referentes para aficionados y profesionales en toda Europa. Su objetivo es facilitar la cr\u00eda de hormigas y otros artr\u00f3podos mediante soluciones seguras y divulgaci\u00f3n de calidad.","sameAs":["https:\/\/antderground.com\/","https:\/\/www.youtube.com\/channel\/UCio72z7TlbufkAthAJIJfPw"]}]}},"_links":{"self":[{"href":"https:\/\/antderground.com\/it\/wp-json\/wp\/v2\/product\/27149","targetHints":{"allow":["GET"]}}],"collection":[{"href":"https:\/\/antderground.com\/it\/wp-json\/wp\/v2\/product"}],"about":[{"href":"https:\/\/antderground.com\/it\/wp-json\/wp\/v2\/types\/product"}],"version-history":[{"count":0,"href":"https:\/\/antderground.com\/it\/wp-json\/wp\/v2\/product\/27149\/revisions"}],"wp:featuredmedia":[{"embeddable":true,"href":"https:\/\/antderground.com\/it\/wp-json\/wp\/v2\/media\/26947"}],"wp:attachment":[{"href":"https:\/\/antderground.com\/it\/wp-json\/wp\/v2\/media?parent=27149"}],"wp:term":[{"taxonomy":"product_brand","embeddable":true,"href":"https:\/\/antderground.com\/it\/wp-json\/wp\/v2\/product_brand?post=27149"},{"taxonomy":"product_cat","embeddable":true,"href":"https:\/\/antderground.com\/it\/wp-json\/wp\/v2\/product_cat?post=27149"},{"taxonomy":"product_tag","embeddable":true,"href":"https:\/\/antderground.com\/it\/wp-json\/wp\/v2\/product_tag?post=27149"}],"curies":[{"name":"wp","href":"https:\/\/api.w.org\/{rel}","templated":true}]}}