{"id":27831,"date":"2022-12-05T12:05:02","date_gmt":"2022-12-05T11:05:02","guid":{"rendered":"https:\/\/www.antderground.com\/producto\/polyrhachis-dives\/"},"modified":"2022-12-05T12:05:02","modified_gmt":"2022-12-05T11:05:02","slug":"polyrhachis-dives","status":"publish","type":"product","link":"https:\/\/antderground.com\/it\/prodotto\/polyrhachis-dives\/","title":{"rendered":"Polyrhachis dives"},"content":{"rendered":"<p><strong>Nome scientifico:<\/strong> Polyrhachis dives<\/p>\n<p><strong>Classificazione tassonomica:<\/strong><\/p>\n<p>Regno: Animalia<br \/>\nFilo: Arthropoda<br \/>\nClasse: Insecta<br \/>\nOrdine: Hymenoptera<br \/>\nFamiglia: Formicidae<br \/>\nSottofamiglia: Formicinae<br \/>\nTrib\u00f9: Camponotini<br \/>\nGenere: Polyrhachis<br \/>\nSpecie: P. dives<\/p>\n<p><strong>Distribuzione geografica:<\/strong> Le formiche Polyrhachis dives si trovano in varie parti dell&#8217;Asia, tra cui Bangladesh, Cina, India, Indonesia, Laos, Malesia, Myanmar, Filippine, Singapore, Sri Lanka e Thailandia.<\/p>\n<p><strong>Caratteristiche fisiche:<\/strong><\/p>\n<p>Dimensioni: le operaie misurano circa 5-9 mm di lunghezza.<br \/>\nColore: il colore del loro corpo \u00e8 marrone-giallastro con sfumature nere o argento-scure, mentre le zampe sono pi\u00f9 scure.<br \/>\nHanno un corpo slanciato e allungato, con antenne lunghe e sottili e zampe sottili.<\/p>\n<p><strong>Comportamento:<\/strong><\/p>\n<p>Queste formiche nidificano principalmente nel suolo e sugli alberi.<br \/>\nSi nutrono principalmente di secrezioni di insetti e melata, ma a volte mangiano anche piccoli insetti e artropodi.<br \/>\nLe colonie sono relativamente piccole, con un numero limitato di operaie.<\/p>\n<p><strong>Stato di conservazione:<\/strong> Non ci sono informazioni disponibili sullo stato di conservazione delle formiche Polyrhachis dives.<\/p>\n<p><strong>Note aggiuntive:<\/strong> Polyrhachis dives \u00e8 una specie interessante per la sua unicit\u00e0 nell&#8217;aspetto e nel comportamento.<\/p>\n","protected":false},"excerpt":{"rendered":"<p>Nome scientifico: Polyrhachis dives Classificazione tassonomica: Regno: Animalia Filo: Arthropoda Classe: Insecta Ordine: Hymenoptera Famiglia: Formicidae Sottofamiglia: Formicinae Trib\u00f9: Camponotini<\/p>\n","protected":false},"featured_media":27766,"template":"","meta":[],"product_brand":[],"product_cat":[332,476],"product_tag":[],"class_list":{"0":"post-27831","1":"product","2":"type-product","3":"status-publish","4":"has-post-thumbnail","6":"product_cat-formiche","7":"product_cat-formiche-esotiche","9":"first","10":"outofstock","11":"shipping-taxable","12":"purchasable","13":"product-type-variable"},"yoast_head":"<!-- This site is optimized with the Yoast SEO plugin v27.3 - https:\/\/yoast.com\/product\/yoast-seo-wordpress\/ -->\n<title>Polyrhachis dives - ANTDERGROUND<\/title>\n<meta name=\"description\" content=\"Scoprite la formica esotica (Polyrhachis dives) conosciuta come formica tessitrice. Scoprite di pi\u00f9 sulla mirmecologia (formicarium).\" \/>\n<meta name=\"robots\" content=\"index, follow, max-snippet:-1, max-image-preview:large, max-video-preview:-1\" \/>\n<link rel=\"canonical\" href=\"https:\/\/antderground.com\/it\/prodotto\/polyrhachis-dives\/\" \/>\n<meta property=\"og:locale\" content=\"it_IT\" \/>\n<meta property=\"og:type\" content=\"article\" \/>\n<meta property=\"og:title\" content=\"Polyrhachis dives - ANTDERGROUND\" \/>\n<meta property=\"og:description\" content=\"Scoprite la formica esotica (Polyrhachis dives) conosciuta come formica tessitrice. Scoprite di pi\u00f9 sulla mirmecologia (formicarium).\" \/>\n<meta property=\"og:url\" content=\"https:\/\/antderground.com\/it\/prodotto\/polyrhachis-dives\/\" \/>\n<meta property=\"og:site_name\" content=\"ANTDERGROUND\" \/>\n<meta property=\"og:image\" content=\"https:\/\/antderground.com\/wp-content\/uploads\/2022\/12\/Imagen-de-WhatsApp-2023-04-11-a-las-19.57.47.jpg\" \/>\n\t<meta property=\"og:image:width\" content=\"1200\" \/>\n\t<meta property=\"og:image:height\" content=\"1600\" \/>\n\t<meta property=\"og:image:type\" content=\"image\/jpeg\" \/>\n<meta name=\"twitter:card\" content=\"summary_large_image\" \/>\n<meta name=\"twitter:label1\" content=\"Tempo di lettura stimato\" \/>\n\t<meta name=\"twitter:data1\" content=\"1 minuto\" \/>\n<script type=\"application\/ld+json\" class=\"yoast-schema-graph\">{\"@context\":\"https:\\\/\\\/schema.org\",\"@graph\":[{\"@type\":\"WebPage\",\"@id\":\"https:\\\/\\\/antderground.com\\\/it\\\/prodotto\\\/polyrhachis-dives\\\/\",\"url\":\"https:\\\/\\\/antderground.com\\\/it\\\/prodotto\\\/polyrhachis-dives\\\/\",\"name\":\"Polyrhachis dives - ANTDERGROUND\",\"isPartOf\":{\"@id\":\"https:\\\/\\\/antderground.com\\\/it\\\/#website\"},\"primaryImageOfPage\":{\"@id\":\"https:\\\/\\\/antderground.com\\\/it\\\/prodotto\\\/polyrhachis-dives\\\/#primaryimage\"},\"image\":{\"@id\":\"https:\\\/\\\/antderground.com\\\/it\\\/prodotto\\\/polyrhachis-dives\\\/#primaryimage\"},\"thumbnailUrl\":\"https:\\\/\\\/antderground.com\\\/wp-content\\\/uploads\\\/2022\\\/12\\\/Imagen-de-WhatsApp-2023-04-11-a-las-19.57.47.jpg\",\"datePublished\":\"2022-12-05T11:05:02+00:00\",\"description\":\"Scoprite la formica esotica (Polyrhachis dives) conosciuta come formica tessitrice. Scoprite di pi\u00f9 sulla mirmecologia (formicarium).\",\"breadcrumb\":{\"@id\":\"https:\\\/\\\/antderground.com\\\/it\\\/prodotto\\\/polyrhachis-dives\\\/#breadcrumb\"},\"inLanguage\":\"it-IT\",\"potentialAction\":[{\"@type\":\"ReadAction\",\"target\":[\"https:\\\/\\\/antderground.com\\\/it\\\/prodotto\\\/polyrhachis-dives\\\/\"]}]},{\"@type\":\"ImageObject\",\"inLanguage\":\"it-IT\",\"@id\":\"https:\\\/\\\/antderground.com\\\/it\\\/prodotto\\\/polyrhachis-dives\\\/#primaryimage\",\"url\":\"https:\\\/\\\/antderground.com\\\/wp-content\\\/uploads\\\/2022\\\/12\\\/Imagen-de-WhatsApp-2023-04-11-a-las-19.57.47.jpg\",\"contentUrl\":\"https:\\\/\\\/antderground.com\\\/wp-content\\\/uploads\\\/2022\\\/12\\\/Imagen-de-WhatsApp-2023-04-11-a-las-19.57.47.jpg\",\"width\":1200,\"height\":1600},{\"@type\":\"BreadcrumbList\",\"@id\":\"https:\\\/\\\/antderground.com\\\/it\\\/prodotto\\\/polyrhachis-dives\\\/#breadcrumb\",\"itemListElement\":[{\"@type\":\"ListItem\",\"position\":1,\"name\":\"Portada\",\"item\":\"https:\\\/\\\/antderground.com\\\/it\\\/\"},{\"@type\":\"ListItem\",\"position\":2,\"name\":\"Prodotti\",\"item\":\"https:\\\/\\\/antderground.com\\\/it\\\/prodotti\\\/\"},{\"@type\":\"ListItem\",\"position\":3,\"name\":\"Polyrhachis dives\"}]},{\"@type\":\"WebSite\",\"@id\":\"https:\\\/\\\/antderground.com\\\/it\\\/#website\",\"url\":\"https:\\\/\\\/antderground.com\\\/it\\\/\",\"name\":\"ANTDERGROUND\",\"description\":\"Tu tienda de hormigas, gran variedad de hormigueros acr\u00edlicos,madera,arena,3D y mas.. Pide tus hormigas gratis con tu pedido, somos expertos en hormigueros antifugas.\",\"publisher\":{\"@id\":\"https:\\\/\\\/antderground.com\\\/it\\\/#\\\/schema\\\/person\\\/0e322c505e84fe72c65e2f6d08f96b81\"},\"alternateName\":\"Antderground\",\"potentialAction\":[{\"@type\":\"SearchAction\",\"target\":{\"@type\":\"EntryPoint\",\"urlTemplate\":\"https:\\\/\\\/antderground.com\\\/it\\\/?s={search_term_string}\"},\"query-input\":{\"@type\":\"PropertyValueSpecification\",\"valueRequired\":true,\"valueName\":\"search_term_string\"}}],\"inLanguage\":\"it-IT\"},{\"@type\":[\"Person\",\"Organization\"],\"@id\":\"https:\\\/\\\/antderground.com\\\/it\\\/#\\\/schema\\\/person\\\/0e322c505e84fe72c65e2f6d08f96b81\",\"name\":\"Eric de Antderground\",\"image\":{\"@type\":\"ImageObject\",\"inLanguage\":\"it-IT\",\"@id\":\"https:\\\/\\\/secure.gravatar.com\\\/avatar\\\/c49a1b9f79216d1498cb73c1e85cd47f4465dda35f2a94c03790d491bd4423c3?s=96&d=mm&r=g\",\"url\":\"https:\\\/\\\/secure.gravatar.com\\\/avatar\\\/c49a1b9f79216d1498cb73c1e85cd47f4465dda35f2a94c03790d491bd4423c3?s=96&d=mm&r=g\",\"contentUrl\":\"https:\\\/\\\/secure.gravatar.com\\\/avatar\\\/c49a1b9f79216d1498cb73c1e85cd47f4465dda35f2a94c03790d491bd4423c3?s=96&d=mm&r=g\",\"caption\":\"Eric de Antderground\"},\"logo\":{\"@id\":\"https:\\\/\\\/secure.gravatar.com\\\/avatar\\\/c49a1b9f79216d1498cb73c1e85cd47f4465dda35f2a94c03790d491bd4423c3?s=96&d=mm&r=g\"},\"description\":\"Eric es el especialista y fundador de Antderground, con una amplia trayectoria en artr\u00f3podos y enfocado en la mirmecolog\u00eda y el dise\u00f1o de hormigueros artificiales. Su enfoque combina la innovaci\u00f3n t\u00e9cnica con el respeto por la biolog\u00eda de las hormigas, is\u00f3podos y otros, desarrollando sistemas de nidos modulares 3D y acr\u00edlicos que son referentes para aficionados y profesionales en toda Europa. Su objetivo es facilitar la cr\u00eda de hormigas y otros artr\u00f3podos mediante soluciones seguras y divulgaci\u00f3n de calidad.\",\"sameAs\":[\"https:\\\/\\\/antderground.com\\\/\",\"https:\\\/\\\/www.youtube.com\\\/channel\\\/UCio72z7TlbufkAthAJIJfPw\"]}]}<\/script>\n<!-- \/ Yoast SEO plugin. -->","yoast_head_json":{"title":"Polyrhachis dives - ANTDERGROUND","description":"Scoprite la formica esotica (Polyrhachis dives) conosciuta come formica tessitrice. Scoprite di pi\u00f9 sulla mirmecologia (formicarium).","robots":{"index":"index","follow":"follow","max-snippet":"max-snippet:-1","max-image-preview":"max-image-preview:large","max-video-preview":"max-video-preview:-1"},"canonical":"https:\/\/antderground.com\/it\/prodotto\/polyrhachis-dives\/","og_locale":"it_IT","og_type":"article","og_title":"Polyrhachis dives - ANTDERGROUND","og_description":"Scoprite la formica esotica (Polyrhachis dives) conosciuta come formica tessitrice. Scoprite di pi\u00f9 sulla mirmecologia (formicarium).","og_url":"https:\/\/antderground.com\/it\/prodotto\/polyrhachis-dives\/","og_site_name":"ANTDERGROUND","og_image":[{"width":1200,"height":1600,"url":"https:\/\/antderground.com\/wp-content\/uploads\/2022\/12\/Imagen-de-WhatsApp-2023-04-11-a-las-19.57.47.jpg","type":"image\/jpeg"}],"twitter_card":"summary_large_image","twitter_misc":{"Tempo di lettura stimato":"1 minuto"},"schema":{"@context":"https:\/\/schema.org","@graph":[{"@type":"WebPage","@id":"https:\/\/antderground.com\/it\/prodotto\/polyrhachis-dives\/","url":"https:\/\/antderground.com\/it\/prodotto\/polyrhachis-dives\/","name":"Polyrhachis dives - ANTDERGROUND","isPartOf":{"@id":"https:\/\/antderground.com\/it\/#website"},"primaryImageOfPage":{"@id":"https:\/\/antderground.com\/it\/prodotto\/polyrhachis-dives\/#primaryimage"},"image":{"@id":"https:\/\/antderground.com\/it\/prodotto\/polyrhachis-dives\/#primaryimage"},"thumbnailUrl":"https:\/\/antderground.com\/wp-content\/uploads\/2022\/12\/Imagen-de-WhatsApp-2023-04-11-a-las-19.57.47.jpg","datePublished":"2022-12-05T11:05:02+00:00","description":"Scoprite la formica esotica (Polyrhachis dives) conosciuta come formica tessitrice. Scoprite di pi\u00f9 sulla mirmecologia (formicarium).","breadcrumb":{"@id":"https:\/\/antderground.com\/it\/prodotto\/polyrhachis-dives\/#breadcrumb"},"inLanguage":"it-IT","potentialAction":[{"@type":"ReadAction","target":["https:\/\/antderground.com\/it\/prodotto\/polyrhachis-dives\/"]}]},{"@type":"ImageObject","inLanguage":"it-IT","@id":"https:\/\/antderground.com\/it\/prodotto\/polyrhachis-dives\/#primaryimage","url":"https:\/\/antderground.com\/wp-content\/uploads\/2022\/12\/Imagen-de-WhatsApp-2023-04-11-a-las-19.57.47.jpg","contentUrl":"https:\/\/antderground.com\/wp-content\/uploads\/2022\/12\/Imagen-de-WhatsApp-2023-04-11-a-las-19.57.47.jpg","width":1200,"height":1600},{"@type":"BreadcrumbList","@id":"https:\/\/antderground.com\/it\/prodotto\/polyrhachis-dives\/#breadcrumb","itemListElement":[{"@type":"ListItem","position":1,"name":"Portada","item":"https:\/\/antderground.com\/it\/"},{"@type":"ListItem","position":2,"name":"Prodotti","item":"https:\/\/antderground.com\/it\/prodotti\/"},{"@type":"ListItem","position":3,"name":"Polyrhachis dives"}]},{"@type":"WebSite","@id":"https:\/\/antderground.com\/it\/#website","url":"https:\/\/antderground.com\/it\/","name":"ANTDERGROUND","description":"Tu tienda de hormigas, gran variedad de hormigueros acr\u00edlicos,madera,arena,3D y mas.. Pide tus hormigas gratis con tu pedido, somos expertos en hormigueros antifugas.","publisher":{"@id":"https:\/\/antderground.com\/it\/#\/schema\/person\/0e322c505e84fe72c65e2f6d08f96b81"},"alternateName":"Antderground","potentialAction":[{"@type":"SearchAction","target":{"@type":"EntryPoint","urlTemplate":"https:\/\/antderground.com\/it\/?s={search_term_string}"},"query-input":{"@type":"PropertyValueSpecification","valueRequired":true,"valueName":"search_term_string"}}],"inLanguage":"it-IT"},{"@type":["Person","Organization"],"@id":"https:\/\/antderground.com\/it\/#\/schema\/person\/0e322c505e84fe72c65e2f6d08f96b81","name":"Eric de Antderground","image":{"@type":"ImageObject","inLanguage":"it-IT","@id":"https:\/\/secure.gravatar.com\/avatar\/c49a1b9f79216d1498cb73c1e85cd47f4465dda35f2a94c03790d491bd4423c3?s=96&d=mm&r=g","url":"https:\/\/secure.gravatar.com\/avatar\/c49a1b9f79216d1498cb73c1e85cd47f4465dda35f2a94c03790d491bd4423c3?s=96&d=mm&r=g","contentUrl":"https:\/\/secure.gravatar.com\/avatar\/c49a1b9f79216d1498cb73c1e85cd47f4465dda35f2a94c03790d491bd4423c3?s=96&d=mm&r=g","caption":"Eric de Antderground"},"logo":{"@id":"https:\/\/secure.gravatar.com\/avatar\/c49a1b9f79216d1498cb73c1e85cd47f4465dda35f2a94c03790d491bd4423c3?s=96&d=mm&r=g"},"description":"Eric es el especialista y fundador de Antderground, con una amplia trayectoria en artr\u00f3podos y enfocado en la mirmecolog\u00eda y el dise\u00f1o de hormigueros artificiales. Su enfoque combina la innovaci\u00f3n t\u00e9cnica con el respeto por la biolog\u00eda de las hormigas, is\u00f3podos y otros, desarrollando sistemas de nidos modulares 3D y acr\u00edlicos que son referentes para aficionados y profesionales en toda Europa. Su objetivo es facilitar la cr\u00eda de hormigas y otros artr\u00f3podos mediante soluciones seguras y divulgaci\u00f3n de calidad.","sameAs":["https:\/\/antderground.com\/","https:\/\/www.youtube.com\/channel\/UCio72z7TlbufkAthAJIJfPw"]}]}},"_links":{"self":[{"href":"https:\/\/antderground.com\/it\/wp-json\/wp\/v2\/product\/27831","targetHints":{"allow":["GET"]}}],"collection":[{"href":"https:\/\/antderground.com\/it\/wp-json\/wp\/v2\/product"}],"about":[{"href":"https:\/\/antderground.com\/it\/wp-json\/wp\/v2\/types\/product"}],"version-history":[{"count":0,"href":"https:\/\/antderground.com\/it\/wp-json\/wp\/v2\/product\/27831\/revisions"}],"wp:featuredmedia":[{"embeddable":true,"href":"https:\/\/antderground.com\/it\/wp-json\/wp\/v2\/media\/27766"}],"wp:attachment":[{"href":"https:\/\/antderground.com\/it\/wp-json\/wp\/v2\/media?parent=27831"}],"wp:term":[{"taxonomy":"product_brand","embeddable":true,"href":"https:\/\/antderground.com\/it\/wp-json\/wp\/v2\/product_brand?post=27831"},{"taxonomy":"product_cat","embeddable":true,"href":"https:\/\/antderground.com\/it\/wp-json\/wp\/v2\/product_cat?post=27831"},{"taxonomy":"product_tag","embeddable":true,"href":"https:\/\/antderground.com\/it\/wp-json\/wp\/v2\/product_tag?post=27831"}],"curies":[{"name":"wp","href":"https:\/\/api.w.org\/{rel}","templated":true}]}}