{"id":27859,"date":"2023-04-13T22:02:42","date_gmt":"2023-04-13T20:02:42","guid":{"rendered":"https:\/\/www.antderground.com\/producto\/diacamma-violaceum\/"},"modified":"2023-12-01T20:41:24","modified_gmt":"2023-12-01T19:41:24","slug":"diacamma-violaceum","status":"publish","type":"product","link":"https:\/\/antderground.com\/it\/prodotto\/diacamma-violaceum\/","title":{"rendered":"Diacamma violaceum"},"content":{"rendered":"<p><strong>Nome scientifico:<\/strong> Diacamma violaceum<\/p>\n<p><strong>Classificazione tassonomica:<\/strong><\/p>\n<ul>\n<li>Regno: Animalia<\/li>\n<li>Phylum: Arthropoda<\/li>\n<li>Classe: Insecta<\/li>\n<li>Ordine: Hymenoptera<\/li>\n<li>Famiglia: Formicidae<\/li>\n<li>Genere: Diacamma<\/li>\n<li>Specie: D. violaceum<\/li>\n<\/ul>\n<p><strong>Distribuzione geografica:<\/strong> Diacamma violaceum \u00e8 diffusa in Asia e Australia, compresi paesi come India, Sri Lanka, Thailandia, Vietnam, Indonesia e Australia.<\/p>\n<p><strong>Caratteristiche fisiche:<\/strong><\/p>\n<ul>\n<li>Dimensioni: le operaie misurano tra gli 8 e i 10 mm di lunghezza, mentre le regine possono raggiungere i 16 mm.<\/li>\n<li>Colore: il corpo della formica \u00e8 marrone scuro con sfumature viola.<\/li>\n<li>Le antenne hanno 12 segmenti.<\/li>\n<\/ul>\n<p><strong>Comportamento:<\/strong><\/p>\n<ul>\n<li>Le formiche Diacamma violaceum sono principalmente notturne e si nutrono di piccoli insetti, ragni e altri invertebrati.<\/li>\n<li>Costruiscono i loro nidi sul terreno, nella lettiera e sotto le pietre.<\/li>\n<li>Queste formiche sono conosciute per la loro capacit\u00e0 di cacciare termiti e altri insetti difficili da catturare.<\/li>\n<li>Inoltre, le operaie di Diacamma violaceum hanno la capacit\u00e0 di vibrare il loro corpo per comunicare tra di loro e muoversi al buio.<\/li>\n<li>Non si \u00e8 riscontrato che questa specie sia pericolosa o velenosa per gli esseri umani.<\/li>\n<\/ul>\n<p><strong>Stato di conservazione:<\/strong> Non ci sono informazioni sullo stato di conservazione di Diacamma violaceum.<\/p>\n<p><strong>Note aggiuntive:<\/strong> Le formiche Diacamma violaceum sono conosciute per la loro capacit\u00e0 di cacciare termiti e altri insetti difficili da catturare.<\/p>\n","protected":false},"excerpt":{"rendered":"<p>Nome scientifico: Diacamma violaceum Classificazione tassonomica: Regno: Animalia Phylum: Arthropoda Classe: Insecta Ordine: Hymenoptera Famiglia: Formicidae Genere: Diacamma Specie: D.<\/p>\n","protected":false},"featured_media":27872,"template":"","meta":[],"product_brand":[],"product_cat":[332,476],"product_tag":[],"class_list":{"0":"post-27859","1":"product","2":"type-product","3":"status-publish","4":"has-post-thumbnail","6":"product_cat-formiche","7":"product_cat-formiche-esotiche","9":"first","10":"outofstock","11":"shipping-taxable","12":"purchasable","13":"product-type-variable"},"yoast_head":"<!-- This site is optimized with the Yoast SEO plugin v27.4 - https:\/\/yoast.com\/product\/yoast-seo-wordpress\/ -->\n<title>Diacamma violaceum \/ Formicidae - ANTDERGROUND<\/title>\n<meta name=\"description\" content=\"Scoprite questa formica esotica (Diacamma violaceum), una formica forte e difensiva con grandi capacit\u00e0 di caccia. Il vostro negozio di formiche di tutto il mondo.\" \/>\n<meta name=\"robots\" content=\"index, follow, max-snippet:-1, max-image-preview:large, max-video-preview:-1\" \/>\n<link rel=\"canonical\" href=\"https:\/\/antderground.com\/it\/prodotto\/diacamma-violaceum\/\" \/>\n<meta property=\"og:locale\" content=\"it_IT\" \/>\n<meta property=\"og:type\" content=\"article\" \/>\n<meta property=\"og:title\" content=\"Diacamma violaceum \/ Formicidae - ANTDERGROUND\" \/>\n<meta property=\"og:description\" content=\"Scoprite questa formica esotica (Diacamma violaceum), una formica forte e difensiva con grandi capacit\u00e0 di caccia. Il vostro negozio di formiche di tutto il mondo.\" \/>\n<meta property=\"og:url\" content=\"https:\/\/antderground.com\/it\/prodotto\/diacamma-violaceum\/\" \/>\n<meta property=\"og:site_name\" content=\"ANTDERGROUND\" \/>\n<meta property=\"article:modified_time\" content=\"2023-12-01T19:41:24+00:00\" \/>\n<meta property=\"og:image\" content=\"https:\/\/antderground.com\/wp-content\/uploads\/2023\/04\/Diacamma-violaceum.jpg\" \/>\n\t<meta property=\"og:image:width\" content=\"1417\" \/>\n\t<meta property=\"og:image:height\" content=\"1417\" \/>\n\t<meta property=\"og:image:type\" content=\"image\/jpeg\" \/>\n<meta name=\"twitter:card\" content=\"summary_large_image\" \/>\n<meta name=\"twitter:label1\" content=\"Tempo di lettura stimato\" \/>\n\t<meta name=\"twitter:data1\" content=\"1 minuto\" \/>\n<script type=\"application\/ld+json\" class=\"yoast-schema-graph\">{\"@context\":\"https:\\\/\\\/schema.org\",\"@graph\":[{\"@type\":\"WebPage\",\"@id\":\"https:\\\/\\\/antderground.com\\\/it\\\/prodotto\\\/diacamma-violaceum\\\/\",\"url\":\"https:\\\/\\\/antderground.com\\\/it\\\/prodotto\\\/diacamma-violaceum\\\/\",\"name\":\"Diacamma violaceum \\\/ Formicidae - ANTDERGROUND\",\"isPartOf\":{\"@id\":\"https:\\\/\\\/antderground.com\\\/it\\\/#website\"},\"primaryImageOfPage\":{\"@id\":\"https:\\\/\\\/antderground.com\\\/it\\\/prodotto\\\/diacamma-violaceum\\\/#primaryimage\"},\"image\":{\"@id\":\"https:\\\/\\\/antderground.com\\\/it\\\/prodotto\\\/diacamma-violaceum\\\/#primaryimage\"},\"thumbnailUrl\":\"https:\\\/\\\/antderground.com\\\/wp-content\\\/uploads\\\/2023\\\/04\\\/Diacamma-violaceum.jpg\",\"datePublished\":\"2023-04-13T20:02:42+00:00\",\"dateModified\":\"2023-12-01T19:41:24+00:00\",\"description\":\"Scoprite questa formica esotica (Diacamma violaceum), una formica forte e difensiva con grandi capacit\u00e0 di caccia. Il vostro negozio di formiche di tutto il mondo.\",\"breadcrumb\":{\"@id\":\"https:\\\/\\\/antderground.com\\\/it\\\/prodotto\\\/diacamma-violaceum\\\/#breadcrumb\"},\"inLanguage\":\"it-IT\",\"potentialAction\":[{\"@type\":\"ReadAction\",\"target\":[\"https:\\\/\\\/antderground.com\\\/it\\\/prodotto\\\/diacamma-violaceum\\\/\"]}]},{\"@type\":\"ImageObject\",\"inLanguage\":\"it-IT\",\"@id\":\"https:\\\/\\\/antderground.com\\\/it\\\/prodotto\\\/diacamma-violaceum\\\/#primaryimage\",\"url\":\"https:\\\/\\\/antderground.com\\\/wp-content\\\/uploads\\\/2023\\\/04\\\/Diacamma-violaceum.jpg\",\"contentUrl\":\"https:\\\/\\\/antderground.com\\\/wp-content\\\/uploads\\\/2023\\\/04\\\/Diacamma-violaceum.jpg\",\"width\":1417,\"height\":1417},{\"@type\":\"BreadcrumbList\",\"@id\":\"https:\\\/\\\/antderground.com\\\/it\\\/prodotto\\\/diacamma-violaceum\\\/#breadcrumb\",\"itemListElement\":[{\"@type\":\"ListItem\",\"position\":1,\"name\":\"Portada\",\"item\":\"https:\\\/\\\/antderground.com\\\/it\\\/\"},{\"@type\":\"ListItem\",\"position\":2,\"name\":\"Prodotti\",\"item\":\"https:\\\/\\\/antderground.com\\\/it\\\/prodotti\\\/\"},{\"@type\":\"ListItem\",\"position\":3,\"name\":\"Diacamma violaceum\"}]},{\"@type\":\"WebSite\",\"@id\":\"https:\\\/\\\/antderground.com\\\/it\\\/#website\",\"url\":\"https:\\\/\\\/antderground.com\\\/it\\\/\",\"name\":\"ANTDERGROUND\",\"description\":\"Tu tienda de hormigas, gran variedad de hormigueros acr\u00edlicos,madera,arena,3D y mas.. Pide tus hormigas gratis con tu pedido, somos expertos en hormigueros antifugas.\",\"publisher\":{\"@id\":\"https:\\\/\\\/antderground.com\\\/it\\\/#\\\/schema\\\/person\\\/0e322c505e84fe72c65e2f6d08f96b81\"},\"alternateName\":\"Antderground\",\"potentialAction\":[{\"@type\":\"SearchAction\",\"target\":{\"@type\":\"EntryPoint\",\"urlTemplate\":\"https:\\\/\\\/antderground.com\\\/it\\\/?s={search_term_string}\"},\"query-input\":{\"@type\":\"PropertyValueSpecification\",\"valueRequired\":true,\"valueName\":\"search_term_string\"}}],\"inLanguage\":\"it-IT\"},{\"@type\":[\"Person\",\"Organization\"],\"@id\":\"https:\\\/\\\/antderground.com\\\/it\\\/#\\\/schema\\\/person\\\/0e322c505e84fe72c65e2f6d08f96b81\",\"name\":\"Eric de Antderground\",\"image\":{\"@type\":\"ImageObject\",\"inLanguage\":\"it-IT\",\"@id\":\"https:\\\/\\\/secure.gravatar.com\\\/avatar\\\/c49a1b9f79216d1498cb73c1e85cd47f4465dda35f2a94c03790d491bd4423c3?s=96&d=mm&r=g\",\"url\":\"https:\\\/\\\/secure.gravatar.com\\\/avatar\\\/c49a1b9f79216d1498cb73c1e85cd47f4465dda35f2a94c03790d491bd4423c3?s=96&d=mm&r=g\",\"contentUrl\":\"https:\\\/\\\/secure.gravatar.com\\\/avatar\\\/c49a1b9f79216d1498cb73c1e85cd47f4465dda35f2a94c03790d491bd4423c3?s=96&d=mm&r=g\",\"caption\":\"Eric de Antderground\"},\"logo\":{\"@id\":\"https:\\\/\\\/secure.gravatar.com\\\/avatar\\\/c49a1b9f79216d1498cb73c1e85cd47f4465dda35f2a94c03790d491bd4423c3?s=96&d=mm&r=g\"},\"description\":\"Eric es el especialista y fundador de Antderground, con una amplia trayectoria en artr\u00f3podos y enfocado en la mirmecolog\u00eda y el dise\u00f1o de hormigueros artificiales. Su enfoque combina la innovaci\u00f3n t\u00e9cnica con el respeto por la biolog\u00eda de las hormigas, is\u00f3podos y otros, desarrollando sistemas de nidos modulares 3D y acr\u00edlicos que son referentes para aficionados y profesionales en toda Europa. Su objetivo es facilitar la cr\u00eda de hormigas y otros artr\u00f3podos mediante soluciones seguras y divulgaci\u00f3n de calidad.\",\"sameAs\":[\"https:\\\/\\\/antderground.com\\\/\",\"https:\\\/\\\/www.youtube.com\\\/channel\\\/UCio72z7TlbufkAthAJIJfPw\"]}]}<\/script>\n<!-- \/ Yoast SEO plugin. -->","yoast_head_json":{"title":"Diacamma violaceum \/ Formicidae - ANTDERGROUND","description":"Scoprite questa formica esotica (Diacamma violaceum), una formica forte e difensiva con grandi capacit\u00e0 di caccia. Il vostro negozio di formiche di tutto il mondo.","robots":{"index":"index","follow":"follow","max-snippet":"max-snippet:-1","max-image-preview":"max-image-preview:large","max-video-preview":"max-video-preview:-1"},"canonical":"https:\/\/antderground.com\/it\/prodotto\/diacamma-violaceum\/","og_locale":"it_IT","og_type":"article","og_title":"Diacamma violaceum \/ Formicidae - ANTDERGROUND","og_description":"Scoprite questa formica esotica (Diacamma violaceum), una formica forte e difensiva con grandi capacit\u00e0 di caccia. Il vostro negozio di formiche di tutto il mondo.","og_url":"https:\/\/antderground.com\/it\/prodotto\/diacamma-violaceum\/","og_site_name":"ANTDERGROUND","article_modified_time":"2023-12-01T19:41:24+00:00","og_image":[{"width":1417,"height":1417,"url":"https:\/\/antderground.com\/wp-content\/uploads\/2023\/04\/Diacamma-violaceum.jpg","type":"image\/jpeg"}],"twitter_card":"summary_large_image","twitter_misc":{"Tempo di lettura stimato":"1 minuto"},"schema":{"@context":"https:\/\/schema.org","@graph":[{"@type":"WebPage","@id":"https:\/\/antderground.com\/it\/prodotto\/diacamma-violaceum\/","url":"https:\/\/antderground.com\/it\/prodotto\/diacamma-violaceum\/","name":"Diacamma violaceum \/ Formicidae - ANTDERGROUND","isPartOf":{"@id":"https:\/\/antderground.com\/it\/#website"},"primaryImageOfPage":{"@id":"https:\/\/antderground.com\/it\/prodotto\/diacamma-violaceum\/#primaryimage"},"image":{"@id":"https:\/\/antderground.com\/it\/prodotto\/diacamma-violaceum\/#primaryimage"},"thumbnailUrl":"https:\/\/antderground.com\/wp-content\/uploads\/2023\/04\/Diacamma-violaceum.jpg","datePublished":"2023-04-13T20:02:42+00:00","dateModified":"2023-12-01T19:41:24+00:00","description":"Scoprite questa formica esotica (Diacamma violaceum), una formica forte e difensiva con grandi capacit\u00e0 di caccia. Il vostro negozio di formiche di tutto il mondo.","breadcrumb":{"@id":"https:\/\/antderground.com\/it\/prodotto\/diacamma-violaceum\/#breadcrumb"},"inLanguage":"it-IT","potentialAction":[{"@type":"ReadAction","target":["https:\/\/antderground.com\/it\/prodotto\/diacamma-violaceum\/"]}]},{"@type":"ImageObject","inLanguage":"it-IT","@id":"https:\/\/antderground.com\/it\/prodotto\/diacamma-violaceum\/#primaryimage","url":"https:\/\/antderground.com\/wp-content\/uploads\/2023\/04\/Diacamma-violaceum.jpg","contentUrl":"https:\/\/antderground.com\/wp-content\/uploads\/2023\/04\/Diacamma-violaceum.jpg","width":1417,"height":1417},{"@type":"BreadcrumbList","@id":"https:\/\/antderground.com\/it\/prodotto\/diacamma-violaceum\/#breadcrumb","itemListElement":[{"@type":"ListItem","position":1,"name":"Portada","item":"https:\/\/antderground.com\/it\/"},{"@type":"ListItem","position":2,"name":"Prodotti","item":"https:\/\/antderground.com\/it\/prodotti\/"},{"@type":"ListItem","position":3,"name":"Diacamma violaceum"}]},{"@type":"WebSite","@id":"https:\/\/antderground.com\/it\/#website","url":"https:\/\/antderground.com\/it\/","name":"ANTDERGROUND","description":"Tu tienda de hormigas, gran variedad de hormigueros acr\u00edlicos,madera,arena,3D y mas.. Pide tus hormigas gratis con tu pedido, somos expertos en hormigueros antifugas.","publisher":{"@id":"https:\/\/antderground.com\/it\/#\/schema\/person\/0e322c505e84fe72c65e2f6d08f96b81"},"alternateName":"Antderground","potentialAction":[{"@type":"SearchAction","target":{"@type":"EntryPoint","urlTemplate":"https:\/\/antderground.com\/it\/?s={search_term_string}"},"query-input":{"@type":"PropertyValueSpecification","valueRequired":true,"valueName":"search_term_string"}}],"inLanguage":"it-IT"},{"@type":["Person","Organization"],"@id":"https:\/\/antderground.com\/it\/#\/schema\/person\/0e322c505e84fe72c65e2f6d08f96b81","name":"Eric de Antderground","image":{"@type":"ImageObject","inLanguage":"it-IT","@id":"https:\/\/secure.gravatar.com\/avatar\/c49a1b9f79216d1498cb73c1e85cd47f4465dda35f2a94c03790d491bd4423c3?s=96&d=mm&r=g","url":"https:\/\/secure.gravatar.com\/avatar\/c49a1b9f79216d1498cb73c1e85cd47f4465dda35f2a94c03790d491bd4423c3?s=96&d=mm&r=g","contentUrl":"https:\/\/secure.gravatar.com\/avatar\/c49a1b9f79216d1498cb73c1e85cd47f4465dda35f2a94c03790d491bd4423c3?s=96&d=mm&r=g","caption":"Eric de Antderground"},"logo":{"@id":"https:\/\/secure.gravatar.com\/avatar\/c49a1b9f79216d1498cb73c1e85cd47f4465dda35f2a94c03790d491bd4423c3?s=96&d=mm&r=g"},"description":"Eric es el especialista y fundador de Antderground, con una amplia trayectoria en artr\u00f3podos y enfocado en la mirmecolog\u00eda y el dise\u00f1o de hormigueros artificiales. Su enfoque combina la innovaci\u00f3n t\u00e9cnica con el respeto por la biolog\u00eda de las hormigas, is\u00f3podos y otros, desarrollando sistemas de nidos modulares 3D y acr\u00edlicos que son referentes para aficionados y profesionales en toda Europa. Su objetivo es facilitar la cr\u00eda de hormigas y otros artr\u00f3podos mediante soluciones seguras y divulgaci\u00f3n de calidad.","sameAs":["https:\/\/antderground.com\/","https:\/\/www.youtube.com\/channel\/UCio72z7TlbufkAthAJIJfPw"]}]}},"_links":{"self":[{"href":"https:\/\/antderground.com\/it\/wp-json\/wp\/v2\/product\/27859","targetHints":{"allow":["GET"]}}],"collection":[{"href":"https:\/\/antderground.com\/it\/wp-json\/wp\/v2\/product"}],"about":[{"href":"https:\/\/antderground.com\/it\/wp-json\/wp\/v2\/types\/product"}],"version-history":[{"count":0,"href":"https:\/\/antderground.com\/it\/wp-json\/wp\/v2\/product\/27859\/revisions"}],"wp:featuredmedia":[{"embeddable":true,"href":"https:\/\/antderground.com\/it\/wp-json\/wp\/v2\/media\/27872"}],"wp:attachment":[{"href":"https:\/\/antderground.com\/it\/wp-json\/wp\/v2\/media?parent=27859"}],"wp:term":[{"taxonomy":"product_brand","embeddable":true,"href":"https:\/\/antderground.com\/it\/wp-json\/wp\/v2\/product_brand?post=27859"},{"taxonomy":"product_cat","embeddable":true,"href":"https:\/\/antderground.com\/it\/wp-json\/wp\/v2\/product_cat?post=27859"},{"taxonomy":"product_tag","embeddable":true,"href":"https:\/\/antderground.com\/it\/wp-json\/wp\/v2\/product_tag?post=27859"}],"curies":[{"name":"wp","href":"https:\/\/api.w.org\/{rel}","templated":true}]}}