{"id":28866,"date":"2023-06-16T11:46:05","date_gmt":"2023-06-16T09:46:05","guid":{"rendered":"https:\/\/www.antderground.com\/producto\/blaptica-dubia-10-unita\/"},"modified":"2025-06-15T08:36:14","modified_gmt":"2025-06-15T06:36:14","slug":"blaptica-dubia-10-unita","status":"publish","type":"product","link":"https:\/\/antderground.com\/it\/prodotto\/blaptica-dubia-10-unita\/","title":{"rendered":"Blaptica Dubia"},"content":{"rendered":"<h3 data-start=\"111\" data-end=\"151\"><strong data-start=\"115\" data-end=\"149\">Scheda tecnica: Blaptica dubia<\/strong><\/h3>\n<p data-start=\"153\" data-end=\"268\"><strong data-start=\"153\" data-end=\"169\">Nome comune:<\/strong> Blatta Dubia, Blatta Argentina<br data-start=\"200\" data-end=\"203\" \/><strong data-start=\"203\" data-end=\"224\">Nome scientifico:<\/strong> Blaptica dubia<br data-start=\"239\" data-end=\"242\" \/><strong data-start=\"242\" data-end=\"255\">Famiglia:<\/strong> Blaberidae<\/p>\n<h4 data-start=\"270\" data-end=\"293\"><strong data-start=\"275\" data-end=\"291\">Descrizione:<\/strong><\/h4>\n<p data-start=\"294\" data-end=\"622\">Blaptica dubia \u00e8 una specie di blatta tropicale ampiamente utilizzata come cibo vivo per rettili, anfibi e altri artropodi grazie al suo alto valore nutrizionale e alla facilit\u00e0 di allevamento. Ha una crescita moderata e non \u00e8 in grado di arrampicarsi su superfici lisce, il che la rende ideale per l\u2019allevamento in cattivit\u00e0.<\/p>\n<h4 data-start=\"624\" data-end=\"646\"><strong data-start=\"629\" data-end=\"644\">Dimensioni:<\/strong><\/h4>\n<ul data-start=\"647\" data-end=\"730\">\n<li data-start=\"647\" data-end=\"683\">Adulti: da 4 a 5 cm di lunghezza<\/li>\n<li data-start=\"684\" data-end=\"730\">Ninfe: da 3 mm fino alla maturit\u00e0 completa<\/li>\n<\/ul>\n<h4 data-start=\"732\" data-end=\"755\"><strong data-start=\"737\" data-end=\"753\">Colorazione:<\/strong><\/h4>\n<ul data-start=\"756\" data-end=\"929\">\n<li data-start=\"756\" data-end=\"789\">Ninfe: Marrone scuro uniforme<\/li>\n<li data-start=\"790\" data-end=\"849\">Adulti: Marrone con tonalit\u00e0 scure e riflessi arancioni<\/li>\n<li data-start=\"850\" data-end=\"929\">I maschi hanno ali sviluppate, mentre le femmine possiedono ali rudimentali<\/li>\n<\/ul>\n<h4 data-start=\"931\" data-end=\"956\"><strong data-start=\"936\" data-end=\"954\">Ciclo di vita:<\/strong><\/h4>\n<ul data-start=\"957\" data-end=\"1180\">\n<li data-start=\"957\" data-end=\"985\">Longevit\u00e0: da 1 a 2 anni<\/li>\n<li data-start=\"986\" data-end=\"1066\">Riproduzione ovovivipara (le ninfe nascono vive dopo un&#8217;incubazione interna)<\/li>\n<li data-start=\"1067\" data-end=\"1108\">Maturit\u00e0 sessuale: tra i 4 e i 6 mesi<\/li>\n<li data-start=\"1109\" data-end=\"1180\">Ogni femmina pu\u00f2 produrre da 20 a 40 piccoli per ciclo riproduttivo<\/li>\n<\/ul>\n<h4 data-start=\"1182\" data-end=\"1219\"><strong data-start=\"1187\" data-end=\"1217\">Condizioni di allevamento:<\/strong><\/h4>\n<ul data-start=\"1220\" data-end=\"1490\">\n<li data-start=\"1220\" data-end=\"1248\"><strong data-start=\"1222\" data-end=\"1238\">Temperatura:<\/strong> 24-30\u00b0C<\/li>\n<li data-start=\"1249\" data-end=\"1272\"><strong data-start=\"1251\" data-end=\"1263\">Umidit\u00e0:<\/strong> 50-70%<\/li>\n<li data-start=\"1273\" data-end=\"1350\"><strong data-start=\"1275\" data-end=\"1289\">Substrato:<\/strong> Non necessario, ma si possono usare fibra di cocco o carta<\/li>\n<li data-start=\"1351\" data-end=\"1419\"><strong data-start=\"1353\" data-end=\"1371\">Alimentazione:<\/strong> Frutta, verdura e alimenti ricchi di proteine<\/li>\n<li data-start=\"1420\" data-end=\"1490\"><strong data-start=\"1422\" data-end=\"1439\">Ventilazione:<\/strong> Essenziale per evitare umidit\u00e0 e muffe eccessive<\/li>\n<\/ul>\n<h4 data-start=\"1492\" data-end=\"1522\"><strong data-start=\"1497\" data-end=\"1520\">Uso come cibo vivo:<\/strong><\/h4>\n<p data-start=\"1523\" data-end=\"1756\">Blaptica dubia \u00e8 un&#8217;ottima fonte di proteine con un basso contenuto di chitina, rendendola ideale per rettili, anfibi e altri animali insettivori. Il suo ciclo di vita consente un allevamento sostenibile e controllato in cattivit\u00e0.<\/p>\n<h4 data-start=\"1758\" data-end=\"1813\"><strong data-start=\"1763\" data-end=\"1811\">Vantaggi rispetto ad altri insetti da pasto:<\/strong><\/h4>\n<ul data-start=\"1814\" data-end=\"2015\">\n<li data-start=\"1814\" data-end=\"1861\">Incapace di arrampicarsi su superfici lisce<\/li>\n<li data-start=\"1862\" data-end=\"1888\">Non emette odori forti<\/li>\n<li data-start=\"1889\" data-end=\"1922\">Non produce rumori fastidiosi<\/li>\n<li data-start=\"1923\" data-end=\"1951\">Alto valore nutrizionale<\/li>\n<li data-start=\"1952\" data-end=\"2015\">Minore contenuto di chitina rispetto, ad esempio, ai grilli<\/li>\n<\/ul>\n<h4 data-start=\"2017\" data-end=\"2040\"><strong data-start=\"2022\" data-end=\"2038\">Precauzioni:<\/strong><\/h4>\n<ul data-start=\"2041\" data-end=\"2179\">\n<li data-start=\"2041\" data-end=\"2092\">Conservare in un luogo asciutto e ben ventilato<\/li>\n<li data-start=\"2093\" data-end=\"2179\">Evitare il contatto diretto con i predatori fino al momento della somministrazione<\/li>\n<\/ul>\n","protected":false},"excerpt":{"rendered":"<p><strong>Blaptica dubia. (cibo vivo)<\/strong><\/p>\n<p>Scopri questo fantastico alimento ricco di proteine, ideale per le colonie di formiche. Una fonte di energia ideale per avere un&#8217;intera colonia di formiche attiva. Questo cibo vivo \u00e8 ideale per nutrire alcuni insetti, rettili, anfibi.<\/p>\n","protected":false},"featured_media":28849,"template":"","meta":[],"product_brand":[],"product_cat":[348,665,481,566],"product_tag":[],"class_list":{"0":"post-28866","1":"product","2":"type-product","3":"status-publish","4":"has-post-thumbnail","6":"product_cat-alimentazione","7":"product_cat-cibo-vivo","8":"product_cat-artropodi","9":"product_cat-blatte","11":"first","12":"instock","13":"shipping-taxable","14":"purchasable","15":"product-type-variable"},"yoast_head":"<!-- This site is optimized with the Yoast SEO plugin v27.3 - https:\/\/yoast.com\/product\/yoast-seo-wordpress\/ -->\n<title>Blaptica Dubia (cibo vivo) | Blaberidae - ANTDERGROUND<\/title>\n<meta name=\"description\" content=\"Scopri la Blaptica dubia, un alimento vivo ricco di proteine, ideale per formiche, rettili e altri animali. Formicari \/ Terrari.\" \/>\n<meta name=\"robots\" content=\"index, follow, max-snippet:-1, max-image-preview:large, max-video-preview:-1\" \/>\n<link rel=\"canonical\" href=\"https:\/\/antderground.com\/it\/prodotto\/blaptica-dubia-10-unita\/\" \/>\n<meta property=\"og:locale\" content=\"it_IT\" \/>\n<meta property=\"og:type\" content=\"article\" \/>\n<meta property=\"og:title\" content=\"Blaptica Dubia (cibo vivo) | Blaberidae - ANTDERGROUND\" \/>\n<meta property=\"og:description\" content=\"Scopri la Blaptica dubia, un alimento vivo ricco di proteine, ideale per formiche, rettili e altri animali. Formicari \/ Terrari.\" \/>\n<meta property=\"og:url\" content=\"https:\/\/antderground.com\/it\/prodotto\/blaptica-dubia-10-unita\/\" \/>\n<meta property=\"og:site_name\" content=\"ANTDERGROUND\" \/>\n<meta property=\"article:modified_time\" content=\"2025-06-15T06:36:14+00:00\" \/>\n<meta property=\"og:image\" content=\"https:\/\/antderground.com\/wp-content\/uploads\/2023\/06\/Blaptica-dubia-1.png\" \/>\n\t<meta property=\"og:image:width\" content=\"580\" \/>\n\t<meta property=\"og:image:height\" content=\"574\" \/>\n\t<meta property=\"og:image:type\" content=\"image\/png\" \/>\n<meta name=\"twitter:card\" content=\"summary_large_image\" \/>\n<meta name=\"twitter:label1\" content=\"Tempo di lettura stimato\" \/>\n\t<meta name=\"twitter:data1\" content=\"1 minuto\" \/>\n<script type=\"application\/ld+json\" class=\"yoast-schema-graph\">{\"@context\":\"https:\\\/\\\/schema.org\",\"@graph\":[{\"@type\":\"WebPage\",\"@id\":\"https:\\\/\\\/antderground.com\\\/it\\\/prodotto\\\/blaptica-dubia-10-unita\\\/\",\"url\":\"https:\\\/\\\/antderground.com\\\/it\\\/prodotto\\\/blaptica-dubia-10-unita\\\/\",\"name\":\"Blaptica Dubia (cibo vivo) | Blaberidae - ANTDERGROUND\",\"isPartOf\":{\"@id\":\"https:\\\/\\\/antderground.com\\\/it\\\/#website\"},\"primaryImageOfPage\":{\"@id\":\"https:\\\/\\\/antderground.com\\\/it\\\/prodotto\\\/blaptica-dubia-10-unita\\\/#primaryimage\"},\"image\":{\"@id\":\"https:\\\/\\\/antderground.com\\\/it\\\/prodotto\\\/blaptica-dubia-10-unita\\\/#primaryimage\"},\"thumbnailUrl\":\"https:\\\/\\\/antderground.com\\\/wp-content\\\/uploads\\\/2023\\\/06\\\/Blaptica-dubia-1.png\",\"datePublished\":\"2023-06-16T09:46:05+00:00\",\"dateModified\":\"2025-06-15T06:36:14+00:00\",\"description\":\"Scopri la Blaptica dubia, un alimento vivo ricco di proteine, ideale per formiche, rettili e altri animali. Formicari \\\/ Terrari.\",\"breadcrumb\":{\"@id\":\"https:\\\/\\\/antderground.com\\\/it\\\/prodotto\\\/blaptica-dubia-10-unita\\\/#breadcrumb\"},\"inLanguage\":\"it-IT\",\"potentialAction\":[{\"@type\":\"ReadAction\",\"target\":[\"https:\\\/\\\/antderground.com\\\/it\\\/prodotto\\\/blaptica-dubia-10-unita\\\/\"]}]},{\"@type\":\"ImageObject\",\"inLanguage\":\"it-IT\",\"@id\":\"https:\\\/\\\/antderground.com\\\/it\\\/prodotto\\\/blaptica-dubia-10-unita\\\/#primaryimage\",\"url\":\"https:\\\/\\\/antderground.com\\\/wp-content\\\/uploads\\\/2023\\\/06\\\/Blaptica-dubia-1.png\",\"contentUrl\":\"https:\\\/\\\/antderground.com\\\/wp-content\\\/uploads\\\/2023\\\/06\\\/Blaptica-dubia-1.png\",\"width\":580,\"height\":574,\"caption\":\"Blaptica dubia cibo vivo\"},{\"@type\":\"BreadcrumbList\",\"@id\":\"https:\\\/\\\/antderground.com\\\/it\\\/prodotto\\\/blaptica-dubia-10-unita\\\/#breadcrumb\",\"itemListElement\":[{\"@type\":\"ListItem\",\"position\":1,\"name\":\"Portada\",\"item\":\"https:\\\/\\\/antderground.com\\\/it\\\/\"},{\"@type\":\"ListItem\",\"position\":2,\"name\":\"Prodotti\",\"item\":\"https:\\\/\\\/antderground.com\\\/it\\\/prodotti\\\/\"},{\"@type\":\"ListItem\",\"position\":3,\"name\":\"Blaptica Dubia\"}]},{\"@type\":\"WebSite\",\"@id\":\"https:\\\/\\\/antderground.com\\\/it\\\/#website\",\"url\":\"https:\\\/\\\/antderground.com\\\/it\\\/\",\"name\":\"ANTDERGROUND\",\"description\":\"Tu tienda de hormigas, gran variedad de hormigueros acr\u00edlicos,madera,arena,3D y mas.. Pide tus hormigas gratis con tu pedido, somos expertos en hormigueros antifugas.\",\"publisher\":{\"@id\":\"https:\\\/\\\/antderground.com\\\/it\\\/#\\\/schema\\\/person\\\/0e322c505e84fe72c65e2f6d08f96b81\"},\"alternateName\":\"Antderground\",\"potentialAction\":[{\"@type\":\"SearchAction\",\"target\":{\"@type\":\"EntryPoint\",\"urlTemplate\":\"https:\\\/\\\/antderground.com\\\/it\\\/?s={search_term_string}\"},\"query-input\":{\"@type\":\"PropertyValueSpecification\",\"valueRequired\":true,\"valueName\":\"search_term_string\"}}],\"inLanguage\":\"it-IT\"},{\"@type\":[\"Person\",\"Organization\"],\"@id\":\"https:\\\/\\\/antderground.com\\\/it\\\/#\\\/schema\\\/person\\\/0e322c505e84fe72c65e2f6d08f96b81\",\"name\":\"Eric de Antderground\",\"image\":{\"@type\":\"ImageObject\",\"inLanguage\":\"it-IT\",\"@id\":\"https:\\\/\\\/secure.gravatar.com\\\/avatar\\\/c49a1b9f79216d1498cb73c1e85cd47f4465dda35f2a94c03790d491bd4423c3?s=96&d=mm&r=g\",\"url\":\"https:\\\/\\\/secure.gravatar.com\\\/avatar\\\/c49a1b9f79216d1498cb73c1e85cd47f4465dda35f2a94c03790d491bd4423c3?s=96&d=mm&r=g\",\"contentUrl\":\"https:\\\/\\\/secure.gravatar.com\\\/avatar\\\/c49a1b9f79216d1498cb73c1e85cd47f4465dda35f2a94c03790d491bd4423c3?s=96&d=mm&r=g\",\"caption\":\"Eric de Antderground\"},\"logo\":{\"@id\":\"https:\\\/\\\/secure.gravatar.com\\\/avatar\\\/c49a1b9f79216d1498cb73c1e85cd47f4465dda35f2a94c03790d491bd4423c3?s=96&d=mm&r=g\"},\"description\":\"Eric es el especialista y fundador de Antderground, con una amplia trayectoria en artr\u00f3podos y enfocado en la mirmecolog\u00eda y el dise\u00f1o de hormigueros artificiales. Su enfoque combina la innovaci\u00f3n t\u00e9cnica con el respeto por la biolog\u00eda de las hormigas, is\u00f3podos y otros, desarrollando sistemas de nidos modulares 3D y acr\u00edlicos que son referentes para aficionados y profesionales en toda Europa. Su objetivo es facilitar la cr\u00eda de hormigas y otros artr\u00f3podos mediante soluciones seguras y divulgaci\u00f3n de calidad.\",\"sameAs\":[\"https:\\\/\\\/antderground.com\\\/\",\"https:\\\/\\\/www.youtube.com\\\/channel\\\/UCio72z7TlbufkAthAJIJfPw\"]}]}<\/script>\n<!-- \/ Yoast SEO plugin. -->","yoast_head_json":{"title":"Blaptica Dubia (cibo vivo) | Blaberidae - ANTDERGROUND","description":"Scopri la Blaptica dubia, un alimento vivo ricco di proteine, ideale per formiche, rettili e altri animali. Formicari \/ Terrari.","robots":{"index":"index","follow":"follow","max-snippet":"max-snippet:-1","max-image-preview":"max-image-preview:large","max-video-preview":"max-video-preview:-1"},"canonical":"https:\/\/antderground.com\/it\/prodotto\/blaptica-dubia-10-unita\/","og_locale":"it_IT","og_type":"article","og_title":"Blaptica Dubia (cibo vivo) | Blaberidae - ANTDERGROUND","og_description":"Scopri la Blaptica dubia, un alimento vivo ricco di proteine, ideale per formiche, rettili e altri animali. Formicari \/ Terrari.","og_url":"https:\/\/antderground.com\/it\/prodotto\/blaptica-dubia-10-unita\/","og_site_name":"ANTDERGROUND","article_modified_time":"2025-06-15T06:36:14+00:00","og_image":[{"width":580,"height":574,"url":"https:\/\/antderground.com\/wp-content\/uploads\/2023\/06\/Blaptica-dubia-1.png","type":"image\/png"}],"twitter_card":"summary_large_image","twitter_misc":{"Tempo di lettura stimato":"1 minuto"},"schema":{"@context":"https:\/\/schema.org","@graph":[{"@type":"WebPage","@id":"https:\/\/antderground.com\/it\/prodotto\/blaptica-dubia-10-unita\/","url":"https:\/\/antderground.com\/it\/prodotto\/blaptica-dubia-10-unita\/","name":"Blaptica Dubia (cibo vivo) | Blaberidae - ANTDERGROUND","isPartOf":{"@id":"https:\/\/antderground.com\/it\/#website"},"primaryImageOfPage":{"@id":"https:\/\/antderground.com\/it\/prodotto\/blaptica-dubia-10-unita\/#primaryimage"},"image":{"@id":"https:\/\/antderground.com\/it\/prodotto\/blaptica-dubia-10-unita\/#primaryimage"},"thumbnailUrl":"https:\/\/antderground.com\/wp-content\/uploads\/2023\/06\/Blaptica-dubia-1.png","datePublished":"2023-06-16T09:46:05+00:00","dateModified":"2025-06-15T06:36:14+00:00","description":"Scopri la Blaptica dubia, un alimento vivo ricco di proteine, ideale per formiche, rettili e altri animali. Formicari \/ Terrari.","breadcrumb":{"@id":"https:\/\/antderground.com\/it\/prodotto\/blaptica-dubia-10-unita\/#breadcrumb"},"inLanguage":"it-IT","potentialAction":[{"@type":"ReadAction","target":["https:\/\/antderground.com\/it\/prodotto\/blaptica-dubia-10-unita\/"]}]},{"@type":"ImageObject","inLanguage":"it-IT","@id":"https:\/\/antderground.com\/it\/prodotto\/blaptica-dubia-10-unita\/#primaryimage","url":"https:\/\/antderground.com\/wp-content\/uploads\/2023\/06\/Blaptica-dubia-1.png","contentUrl":"https:\/\/antderground.com\/wp-content\/uploads\/2023\/06\/Blaptica-dubia-1.png","width":580,"height":574,"caption":"Blaptica dubia cibo vivo"},{"@type":"BreadcrumbList","@id":"https:\/\/antderground.com\/it\/prodotto\/blaptica-dubia-10-unita\/#breadcrumb","itemListElement":[{"@type":"ListItem","position":1,"name":"Portada","item":"https:\/\/antderground.com\/it\/"},{"@type":"ListItem","position":2,"name":"Prodotti","item":"https:\/\/antderground.com\/it\/prodotti\/"},{"@type":"ListItem","position":3,"name":"Blaptica Dubia"}]},{"@type":"WebSite","@id":"https:\/\/antderground.com\/it\/#website","url":"https:\/\/antderground.com\/it\/","name":"ANTDERGROUND","description":"Tu tienda de hormigas, gran variedad de hormigueros acr\u00edlicos,madera,arena,3D y mas.. Pide tus hormigas gratis con tu pedido, somos expertos en hormigueros antifugas.","publisher":{"@id":"https:\/\/antderground.com\/it\/#\/schema\/person\/0e322c505e84fe72c65e2f6d08f96b81"},"alternateName":"Antderground","potentialAction":[{"@type":"SearchAction","target":{"@type":"EntryPoint","urlTemplate":"https:\/\/antderground.com\/it\/?s={search_term_string}"},"query-input":{"@type":"PropertyValueSpecification","valueRequired":true,"valueName":"search_term_string"}}],"inLanguage":"it-IT"},{"@type":["Person","Organization"],"@id":"https:\/\/antderground.com\/it\/#\/schema\/person\/0e322c505e84fe72c65e2f6d08f96b81","name":"Eric de Antderground","image":{"@type":"ImageObject","inLanguage":"it-IT","@id":"https:\/\/secure.gravatar.com\/avatar\/c49a1b9f79216d1498cb73c1e85cd47f4465dda35f2a94c03790d491bd4423c3?s=96&d=mm&r=g","url":"https:\/\/secure.gravatar.com\/avatar\/c49a1b9f79216d1498cb73c1e85cd47f4465dda35f2a94c03790d491bd4423c3?s=96&d=mm&r=g","contentUrl":"https:\/\/secure.gravatar.com\/avatar\/c49a1b9f79216d1498cb73c1e85cd47f4465dda35f2a94c03790d491bd4423c3?s=96&d=mm&r=g","caption":"Eric de Antderground"},"logo":{"@id":"https:\/\/secure.gravatar.com\/avatar\/c49a1b9f79216d1498cb73c1e85cd47f4465dda35f2a94c03790d491bd4423c3?s=96&d=mm&r=g"},"description":"Eric es el especialista y fundador de Antderground, con una amplia trayectoria en artr\u00f3podos y enfocado en la mirmecolog\u00eda y el dise\u00f1o de hormigueros artificiales. Su enfoque combina la innovaci\u00f3n t\u00e9cnica con el respeto por la biolog\u00eda de las hormigas, is\u00f3podos y otros, desarrollando sistemas de nidos modulares 3D y acr\u00edlicos que son referentes para aficionados y profesionales en toda Europa. Su objetivo es facilitar la cr\u00eda de hormigas y otros artr\u00f3podos mediante soluciones seguras y divulgaci\u00f3n de calidad.","sameAs":["https:\/\/antderground.com\/","https:\/\/www.youtube.com\/channel\/UCio72z7TlbufkAthAJIJfPw"]}]}},"_links":{"self":[{"href":"https:\/\/antderground.com\/it\/wp-json\/wp\/v2\/product\/28866","targetHints":{"allow":["GET"]}}],"collection":[{"href":"https:\/\/antderground.com\/it\/wp-json\/wp\/v2\/product"}],"about":[{"href":"https:\/\/antderground.com\/it\/wp-json\/wp\/v2\/types\/product"}],"version-history":[{"count":0,"href":"https:\/\/antderground.com\/it\/wp-json\/wp\/v2\/product\/28866\/revisions"}],"wp:featuredmedia":[{"embeddable":true,"href":"https:\/\/antderground.com\/it\/wp-json\/wp\/v2\/media\/28849"}],"wp:attachment":[{"href":"https:\/\/antderground.com\/it\/wp-json\/wp\/v2\/media?parent=28866"}],"wp:term":[{"taxonomy":"product_brand","embeddable":true,"href":"https:\/\/antderground.com\/it\/wp-json\/wp\/v2\/product_brand?post=28866"},{"taxonomy":"product_cat","embeddable":true,"href":"https:\/\/antderground.com\/it\/wp-json\/wp\/v2\/product_cat?post=28866"},{"taxonomy":"product_tag","embeddable":true,"href":"https:\/\/antderground.com\/it\/wp-json\/wp\/v2\/product_tag?post=28866"}],"curies":[{"name":"wp","href":"https:\/\/api.w.org\/{rel}","templated":true}]}}