{"id":29013,"date":"2023-06-12T18:00:34","date_gmt":"2023-06-12T16:00:34","guid":{"rendered":"https:\/\/www.antderground.com\/producto\/iridomyrmex-anceps\/"},"modified":"2023-06-23T15:52:04","modified_gmt":"2023-06-23T13:52:04","slug":"iridomyrmex-anceps","status":"publish","type":"product","link":"https:\/\/antderground.com\/it\/prodotto\/iridomyrmex-anceps\/","title":{"rendered":"Iridomyrmex anceps"},"content":{"rendered":"<p><strong>Nome scientifico:<\/strong> Iridomyrmex anceps<\/p>\n<p><strong>Classificazione tassonomica:<\/strong> Regno Animalia, Phylum Arthropoda, Classe Insecta, Ordine Hymenoptera, Famiglia Formicidae, Sottofamiglia Dolichoderinae, Genere Iridomyrmex.<\/p>\n<p><strong>Distribuzione geografica:<\/strong> Iridomyrmex anceps \u00e8 originaria dell&#8217;Australia. Si trova in diverse parti del paese, comprese le regioni costiere e le aree interne.<\/p>\n<p><strong>Caratteristiche fisiche:<\/strong> Iridomyrmex anceps \u00e8 una formica di piccole-medie dimensioni, con le operaie che solitamente misurano circa 4-6 mm di lunghezza. Il suo corpo \u00e8 di colore marrone rossastro e ha antenne lunghe e mandibole robuste. Ogni segmento del suo corpo \u00e8 coperto da uno strato sottile di peli.<\/p>\n<p><strong>Comportamento:<\/strong> Iridomyrmex anceps \u00e8 una formica territoriale e aggressiva. Difende la sua colonia e mostra comportamenti difensivi quando si sente minacciata. Sono generalmente onnivore e si nutrono di una variet\u00e0 di fonti alimentari, tra cui nettare, insetti morti e secrezioni degli insetti.<\/p>\n<p><strong>Stato di conservazione:<\/strong> Non ci sono informazioni specifiche disponibili sullo stato di conservazione di questa specie.<\/p>\n<p><strong>Note aggiuntive:<\/strong> Iridomyrmex anceps \u00e8 una formica comune in Australia e svolge un ruolo importante negli ecosistemi locali. Sono conosciute per il loro comportamento aggressivo e difensivo, e la loro presenza pu\u00f2 influenzare la struttura e la dinamica delle comunit\u00e0 di formiche nella loro area di distribuzione.<\/p>\n","protected":false},"excerpt":{"rendered":"<p>Nome scientifico: Iridomyrmex anceps Classificazione tassonomica: Regno Animalia, Phylum Arthropoda, Classe Insecta, Ordine Hymenoptera, Famiglia Formicidae, Sottofamiglia Dolichoderinae, Genere Iridomyrmex.<\/p>\n","protected":false},"featured_media":29142,"template":"","meta":[],"product_brand":[],"product_cat":[332,476],"product_tag":[],"class_list":{"0":"post-29013","1":"product","2":"type-product","3":"status-publish","4":"has-post-thumbnail","6":"product_cat-formiche","7":"product_cat-formiche-esotiche","9":"first","10":"outofstock","11":"shipping-taxable","12":"purchasable","13":"product-type-simple"},"yoast_head":"<!-- This site is optimized with the Yoast SEO plugin v27.3 - https:\/\/yoast.com\/product\/yoast-seo-wordpress\/ -->\n<title>Iridomyrmex anceps - ANTDERGROUND<\/title>\n<meta name=\"description\" content=\"Scopri la formica regina Iridomyrmex anceps, esplora il mondo della mirmecologia con Antderground, il tuo portale per i formicai. \/ Mirmecologia\" \/>\n<meta name=\"robots\" content=\"index, follow, max-snippet:-1, max-image-preview:large, max-video-preview:-1\" \/>\n<link rel=\"canonical\" href=\"https:\/\/antderground.com\/it\/prodotto\/iridomyrmex-anceps\/\" \/>\n<meta property=\"og:locale\" content=\"it_IT\" \/>\n<meta property=\"og:type\" content=\"article\" \/>\n<meta property=\"og:title\" content=\"Iridomyrmex anceps - ANTDERGROUND\" \/>\n<meta property=\"og:description\" content=\"Scopri la formica regina Iridomyrmex anceps, esplora il mondo della mirmecologia con Antderground, il tuo portale per i formicai. \/ Mirmecologia\" \/>\n<meta property=\"og:url\" content=\"https:\/\/antderground.com\/it\/prodotto\/iridomyrmex-anceps\/\" \/>\n<meta property=\"og:site_name\" content=\"ANTDERGROUND\" \/>\n<meta property=\"article:modified_time\" content=\"2023-06-23T13:52:04+00:00\" \/>\n<meta name=\"twitter:card\" content=\"summary_large_image\" \/>\n<meta name=\"twitter:label1\" content=\"Tempo di lettura stimato\" \/>\n\t<meta name=\"twitter:data1\" content=\"1 minuto\" \/>\n<script type=\"application\/ld+json\" class=\"yoast-schema-graph\">{\"@context\":\"https:\\\/\\\/schema.org\",\"@graph\":[{\"@type\":\"WebPage\",\"@id\":\"https:\\\/\\\/antderground.com\\\/it\\\/prodotto\\\/iridomyrmex-anceps\\\/\",\"url\":\"https:\\\/\\\/antderground.com\\\/it\\\/prodotto\\\/iridomyrmex-anceps\\\/\",\"name\":\"Iridomyrmex anceps - ANTDERGROUND\",\"isPartOf\":{\"@id\":\"https:\\\/\\\/antderground.com\\\/it\\\/#website\"},\"primaryImageOfPage\":{\"@id\":\"https:\\\/\\\/antderground.com\\\/it\\\/prodotto\\\/iridomyrmex-anceps\\\/#primaryimage\"},\"image\":{\"@id\":\"https:\\\/\\\/antderground.com\\\/it\\\/prodotto\\\/iridomyrmex-anceps\\\/#primaryimage\"},\"thumbnailUrl\":\"https:\\\/\\\/antderground.com\\\/wp-content\\\/uploads\\\/2023\\\/06\\\/Iridomyrmex-anceps.jpg\",\"datePublished\":\"2023-06-12T16:00:34+00:00\",\"dateModified\":\"2023-06-23T13:52:04+00:00\",\"description\":\"Scopri la formica regina Iridomyrmex anceps, esplora il mondo della mirmecologia con Antderground, il tuo portale per i formicai. \\\/ Mirmecologia\",\"breadcrumb\":{\"@id\":\"https:\\\/\\\/antderground.com\\\/it\\\/prodotto\\\/iridomyrmex-anceps\\\/#breadcrumb\"},\"inLanguage\":\"it-IT\",\"potentialAction\":[{\"@type\":\"ReadAction\",\"target\":[\"https:\\\/\\\/antderground.com\\\/it\\\/prodotto\\\/iridomyrmex-anceps\\\/\"]}]},{\"@type\":\"ImageObject\",\"inLanguage\":\"it-IT\",\"@id\":\"https:\\\/\\\/antderground.com\\\/it\\\/prodotto\\\/iridomyrmex-anceps\\\/#primaryimage\",\"url\":\"https:\\\/\\\/antderground.com\\\/wp-content\\\/uploads\\\/2023\\\/06\\\/Iridomyrmex-anceps.jpg\",\"contentUrl\":\"https:\\\/\\\/antderground.com\\\/wp-content\\\/uploads\\\/2023\\\/06\\\/Iridomyrmex-anceps.jpg\",\"width\":1417,\"height\":1417,\"caption\":\"Iridomyrmex anceps\"},{\"@type\":\"BreadcrumbList\",\"@id\":\"https:\\\/\\\/antderground.com\\\/it\\\/prodotto\\\/iridomyrmex-anceps\\\/#breadcrumb\",\"itemListElement\":[{\"@type\":\"ListItem\",\"position\":1,\"name\":\"Portada\",\"item\":\"https:\\\/\\\/antderground.com\\\/it\\\/\"},{\"@type\":\"ListItem\",\"position\":2,\"name\":\"Prodotti\",\"item\":\"https:\\\/\\\/antderground.com\\\/it\\\/prodotti\\\/\"},{\"@type\":\"ListItem\",\"position\":3,\"name\":\"Iridomyrmex anceps\"}]},{\"@type\":\"WebSite\",\"@id\":\"https:\\\/\\\/antderground.com\\\/it\\\/#website\",\"url\":\"https:\\\/\\\/antderground.com\\\/it\\\/\",\"name\":\"ANTDERGROUND\",\"description\":\"Tu tienda de hormigas, gran variedad de hormigueros acr\u00edlicos,madera,arena,3D y mas.. Pide tus hormigas gratis con tu pedido, somos expertos en hormigueros antifugas.\",\"publisher\":{\"@id\":\"https:\\\/\\\/antderground.com\\\/it\\\/#\\\/schema\\\/person\\\/0e322c505e84fe72c65e2f6d08f96b81\"},\"alternateName\":\"Antderground\",\"potentialAction\":[{\"@type\":\"SearchAction\",\"target\":{\"@type\":\"EntryPoint\",\"urlTemplate\":\"https:\\\/\\\/antderground.com\\\/it\\\/?s={search_term_string}\"},\"query-input\":{\"@type\":\"PropertyValueSpecification\",\"valueRequired\":true,\"valueName\":\"search_term_string\"}}],\"inLanguage\":\"it-IT\"},{\"@type\":[\"Person\",\"Organization\"],\"@id\":\"https:\\\/\\\/antderground.com\\\/it\\\/#\\\/schema\\\/person\\\/0e322c505e84fe72c65e2f6d08f96b81\",\"name\":\"Eric de Antderground\",\"image\":{\"@type\":\"ImageObject\",\"inLanguage\":\"it-IT\",\"@id\":\"https:\\\/\\\/secure.gravatar.com\\\/avatar\\\/c49a1b9f79216d1498cb73c1e85cd47f4465dda35f2a94c03790d491bd4423c3?s=96&d=mm&r=g\",\"url\":\"https:\\\/\\\/secure.gravatar.com\\\/avatar\\\/c49a1b9f79216d1498cb73c1e85cd47f4465dda35f2a94c03790d491bd4423c3?s=96&d=mm&r=g\",\"contentUrl\":\"https:\\\/\\\/secure.gravatar.com\\\/avatar\\\/c49a1b9f79216d1498cb73c1e85cd47f4465dda35f2a94c03790d491bd4423c3?s=96&d=mm&r=g\",\"caption\":\"Eric de Antderground\"},\"logo\":{\"@id\":\"https:\\\/\\\/secure.gravatar.com\\\/avatar\\\/c49a1b9f79216d1498cb73c1e85cd47f4465dda35f2a94c03790d491bd4423c3?s=96&d=mm&r=g\"},\"description\":\"Eric es el especialista y fundador de Antderground, con una amplia trayectoria en artr\u00f3podos y enfocado en la mirmecolog\u00eda y el dise\u00f1o de hormigueros artificiales. Su enfoque combina la innovaci\u00f3n t\u00e9cnica con el respeto por la biolog\u00eda de las hormigas, is\u00f3podos y otros, desarrollando sistemas de nidos modulares 3D y acr\u00edlicos que son referentes para aficionados y profesionales en toda Europa. Su objetivo es facilitar la cr\u00eda de hormigas y otros artr\u00f3podos mediante soluciones seguras y divulgaci\u00f3n de calidad.\",\"sameAs\":[\"https:\\\/\\\/antderground.com\\\/\",\"https:\\\/\\\/www.youtube.com\\\/channel\\\/UCio72z7TlbufkAthAJIJfPw\"]}]}<\/script>\n<!-- \/ Yoast SEO plugin. -->","yoast_head_json":{"title":"Iridomyrmex anceps - ANTDERGROUND","description":"Scopri la formica regina Iridomyrmex anceps, esplora il mondo della mirmecologia con Antderground, il tuo portale per i formicai. \/ Mirmecologia","robots":{"index":"index","follow":"follow","max-snippet":"max-snippet:-1","max-image-preview":"max-image-preview:large","max-video-preview":"max-video-preview:-1"},"canonical":"https:\/\/antderground.com\/it\/prodotto\/iridomyrmex-anceps\/","og_locale":"it_IT","og_type":"article","og_title":"Iridomyrmex anceps - ANTDERGROUND","og_description":"Scopri la formica regina Iridomyrmex anceps, esplora il mondo della mirmecologia con Antderground, il tuo portale per i formicai. \/ Mirmecologia","og_url":"https:\/\/antderground.com\/it\/prodotto\/iridomyrmex-anceps\/","og_site_name":"ANTDERGROUND","article_modified_time":"2023-06-23T13:52:04+00:00","twitter_card":"summary_large_image","twitter_misc":{"Tempo di lettura stimato":"1 minuto"},"schema":{"@context":"https:\/\/schema.org","@graph":[{"@type":"WebPage","@id":"https:\/\/antderground.com\/it\/prodotto\/iridomyrmex-anceps\/","url":"https:\/\/antderground.com\/it\/prodotto\/iridomyrmex-anceps\/","name":"Iridomyrmex anceps - ANTDERGROUND","isPartOf":{"@id":"https:\/\/antderground.com\/it\/#website"},"primaryImageOfPage":{"@id":"https:\/\/antderground.com\/it\/prodotto\/iridomyrmex-anceps\/#primaryimage"},"image":{"@id":"https:\/\/antderground.com\/it\/prodotto\/iridomyrmex-anceps\/#primaryimage"},"thumbnailUrl":"https:\/\/antderground.com\/wp-content\/uploads\/2023\/06\/Iridomyrmex-anceps.jpg","datePublished":"2023-06-12T16:00:34+00:00","dateModified":"2023-06-23T13:52:04+00:00","description":"Scopri la formica regina Iridomyrmex anceps, esplora il mondo della mirmecologia con Antderground, il tuo portale per i formicai. \/ Mirmecologia","breadcrumb":{"@id":"https:\/\/antderground.com\/it\/prodotto\/iridomyrmex-anceps\/#breadcrumb"},"inLanguage":"it-IT","potentialAction":[{"@type":"ReadAction","target":["https:\/\/antderground.com\/it\/prodotto\/iridomyrmex-anceps\/"]}]},{"@type":"ImageObject","inLanguage":"it-IT","@id":"https:\/\/antderground.com\/it\/prodotto\/iridomyrmex-anceps\/#primaryimage","url":"https:\/\/antderground.com\/wp-content\/uploads\/2023\/06\/Iridomyrmex-anceps.jpg","contentUrl":"https:\/\/antderground.com\/wp-content\/uploads\/2023\/06\/Iridomyrmex-anceps.jpg","width":1417,"height":1417,"caption":"Iridomyrmex anceps"},{"@type":"BreadcrumbList","@id":"https:\/\/antderground.com\/it\/prodotto\/iridomyrmex-anceps\/#breadcrumb","itemListElement":[{"@type":"ListItem","position":1,"name":"Portada","item":"https:\/\/antderground.com\/it\/"},{"@type":"ListItem","position":2,"name":"Prodotti","item":"https:\/\/antderground.com\/it\/prodotti\/"},{"@type":"ListItem","position":3,"name":"Iridomyrmex anceps"}]},{"@type":"WebSite","@id":"https:\/\/antderground.com\/it\/#website","url":"https:\/\/antderground.com\/it\/","name":"ANTDERGROUND","description":"Tu tienda de hormigas, gran variedad de hormigueros acr\u00edlicos,madera,arena,3D y mas.. Pide tus hormigas gratis con tu pedido, somos expertos en hormigueros antifugas.","publisher":{"@id":"https:\/\/antderground.com\/it\/#\/schema\/person\/0e322c505e84fe72c65e2f6d08f96b81"},"alternateName":"Antderground","potentialAction":[{"@type":"SearchAction","target":{"@type":"EntryPoint","urlTemplate":"https:\/\/antderground.com\/it\/?s={search_term_string}"},"query-input":{"@type":"PropertyValueSpecification","valueRequired":true,"valueName":"search_term_string"}}],"inLanguage":"it-IT"},{"@type":["Person","Organization"],"@id":"https:\/\/antderground.com\/it\/#\/schema\/person\/0e322c505e84fe72c65e2f6d08f96b81","name":"Eric de Antderground","image":{"@type":"ImageObject","inLanguage":"it-IT","@id":"https:\/\/secure.gravatar.com\/avatar\/c49a1b9f79216d1498cb73c1e85cd47f4465dda35f2a94c03790d491bd4423c3?s=96&d=mm&r=g","url":"https:\/\/secure.gravatar.com\/avatar\/c49a1b9f79216d1498cb73c1e85cd47f4465dda35f2a94c03790d491bd4423c3?s=96&d=mm&r=g","contentUrl":"https:\/\/secure.gravatar.com\/avatar\/c49a1b9f79216d1498cb73c1e85cd47f4465dda35f2a94c03790d491bd4423c3?s=96&d=mm&r=g","caption":"Eric de Antderground"},"logo":{"@id":"https:\/\/secure.gravatar.com\/avatar\/c49a1b9f79216d1498cb73c1e85cd47f4465dda35f2a94c03790d491bd4423c3?s=96&d=mm&r=g"},"description":"Eric es el especialista y fundador de Antderground, con una amplia trayectoria en artr\u00f3podos y enfocado en la mirmecolog\u00eda y el dise\u00f1o de hormigueros artificiales. Su enfoque combina la innovaci\u00f3n t\u00e9cnica con el respeto por la biolog\u00eda de las hormigas, is\u00f3podos y otros, desarrollando sistemas de nidos modulares 3D y acr\u00edlicos que son referentes para aficionados y profesionales en toda Europa. Su objetivo es facilitar la cr\u00eda de hormigas y otros artr\u00f3podos mediante soluciones seguras y divulgaci\u00f3n de calidad.","sameAs":["https:\/\/antderground.com\/","https:\/\/www.youtube.com\/channel\/UCio72z7TlbufkAthAJIJfPw"]}]}},"_links":{"self":[{"href":"https:\/\/antderground.com\/it\/wp-json\/wp\/v2\/product\/29013","targetHints":{"allow":["GET"]}}],"collection":[{"href":"https:\/\/antderground.com\/it\/wp-json\/wp\/v2\/product"}],"about":[{"href":"https:\/\/antderground.com\/it\/wp-json\/wp\/v2\/types\/product"}],"version-history":[{"count":0,"href":"https:\/\/antderground.com\/it\/wp-json\/wp\/v2\/product\/29013\/revisions"}],"wp:featuredmedia":[{"embeddable":true,"href":"https:\/\/antderground.com\/it\/wp-json\/wp\/v2\/media\/29142"}],"wp:attachment":[{"href":"https:\/\/antderground.com\/it\/wp-json\/wp\/v2\/media?parent=29013"}],"wp:term":[{"taxonomy":"product_brand","embeddable":true,"href":"https:\/\/antderground.com\/it\/wp-json\/wp\/v2\/product_brand?post=29013"},{"taxonomy":"product_cat","embeddable":true,"href":"https:\/\/antderground.com\/it\/wp-json\/wp\/v2\/product_cat?post=29013"},{"taxonomy":"product_tag","embeddable":true,"href":"https:\/\/antderground.com\/it\/wp-json\/wp\/v2\/product_tag?post=29013"}],"curies":[{"name":"wp","href":"https:\/\/api.w.org\/{rel}","templated":true}]}}