{"id":29030,"date":"2023-06-26T11:01:31","date_gmt":"2023-06-26T09:01:31","guid":{"rendered":"https:\/\/www.antderground.com\/producto\/camponotus-quadrisectus\/"},"modified":"2023-06-26T11:01:31","modified_gmt":"2023-06-26T09:01:31","slug":"camponotus-quadrisectus","status":"publish","type":"product","link":"https:\/\/antderground.com\/it\/prodotto\/camponotus-quadrisectus\/","title":{"rendered":"Camponotus\u00a0quadrisectus"},"content":{"rendered":"<p><strong>Nome scientifico<\/strong>: Camponotus quadrisectus<\/p>\n<p><strong>Classificazione tassonomica:<\/strong> Regno Animalia, Phylum Arthropoda, Classe Insecta, Ordine Hymenoptera, Famiglia Formicidae, Sottofamiglia Formicinae, Genere Camponotus.<\/p>\n<p><strong>Distribuzione geografica:<\/strong> Camponotus quadrisectus si trova principalmente nella regione asiatica, compresi paesi come l&#8217;Indonesia, la Malaysia, le Filippine e altre aree della regione.<\/p>\n<p><strong>Caratteristiche fisiche:<\/strong> Camponotus quadrisectus \u00e8 una formica di dimensioni medie, con le operaie che misurano circa 5-7 mm di lunghezza. Hanno un corpo robusto e il colore varia dal nero al marrone scuro. Le operaie hanno una testa grande rispetto al resto del corpo, antenne lunghe e mandibole forti.<\/p>\n<p><strong>Comportamento:<\/strong> Queste formiche sono principalmente diurne e si distinguono per il loro comportamento attivo nell&#8217;esplorazione. Costruiscono i loro nidi nel terreno e nei tronchi degli alberi e possono essere osservate sia in aree boschive che in ambienti urbani. Sono onnivore e si nutrono di varie fonti, tra cui nettare, insetti morti e secrezioni vegetali.<\/p>\n<p><strong>Stato di conservazione:<\/strong> Non sono disponibili informazioni specifiche sullo stato di conservazione di questa specie.<\/p>\n<p><strong>Note aggiuntive:<\/strong> Camponotus quadrisectus \u00e8 una specie comune nella regione asiatica e svolge un ruolo importante negli ecosistemi in cui si trova. Sono conosciute per la loro capacit\u00e0 di colonizzare habitat diversi e per il loro comportamento aggressivo quando si sentono minacciate.<\/p>\n","protected":false},"excerpt":{"rendered":"<p>Formica Regina<\/p>\n","protected":false},"featured_media":29128,"template":"","meta":[],"product_brand":[],"product_cat":[332,476],"product_tag":[],"class_list":{"0":"post-29030","1":"product","2":"type-product","3":"status-publish","4":"has-post-thumbnail","6":"product_cat-formiche","7":"product_cat-formiche-esotiche","9":"first","10":"outofstock","11":"sale","12":"shipping-taxable","13":"purchasable","14":"product-type-simple"},"yoast_head":"<!-- This site is optimized with the Yoast SEO plugin v27.3 - https:\/\/yoast.com\/product\/yoast-seo-wordpress\/ -->\n<title>Camponotus\u00a0quadrisectus - ANTDERGROUND<\/title>\n<meta name=\"description\" content=\"Nuova formica regina camponotus quadrisectus, una formica esotica ideale per il tuo formicaio o terrario artificiale. Scopri la mirmecologia.\" \/>\n<meta name=\"robots\" content=\"index, follow, max-snippet:-1, max-image-preview:large, max-video-preview:-1\" \/>\n<link rel=\"canonical\" href=\"https:\/\/antderground.com\/it\/prodotto\/camponotus-quadrisectus\/\" \/>\n<meta property=\"og:locale\" content=\"it_IT\" \/>\n<meta property=\"og:type\" content=\"article\" \/>\n<meta property=\"og:title\" content=\"Camponotus\u00a0quadrisectus - ANTDERGROUND\" \/>\n<meta property=\"og:description\" content=\"Nuova formica regina camponotus quadrisectus, una formica esotica ideale per il tuo formicaio o terrario artificiale. Scopri la mirmecologia.\" \/>\n<meta property=\"og:url\" content=\"https:\/\/antderground.com\/it\/prodotto\/camponotus-quadrisectus\/\" \/>\n<meta property=\"og:site_name\" content=\"ANTDERGROUND\" \/>\n<meta name=\"twitter:card\" content=\"summary_large_image\" \/>\n<meta name=\"twitter:label1\" content=\"Tempo di lettura stimato\" \/>\n\t<meta name=\"twitter:data1\" content=\"1 minuto\" \/>\n<script type=\"application\/ld+json\" class=\"yoast-schema-graph\">{\"@context\":\"https:\\\/\\\/schema.org\",\"@graph\":[{\"@type\":\"WebPage\",\"@id\":\"https:\\\/\\\/antderground.com\\\/it\\\/prodotto\\\/camponotus-quadrisectus\\\/\",\"url\":\"https:\\\/\\\/antderground.com\\\/it\\\/prodotto\\\/camponotus-quadrisectus\\\/\",\"name\":\"Camponotus\u00a0quadrisectus - ANTDERGROUND\",\"isPartOf\":{\"@id\":\"https:\\\/\\\/antderground.com\\\/it\\\/#website\"},\"primaryImageOfPage\":{\"@id\":\"https:\\\/\\\/antderground.com\\\/it\\\/prodotto\\\/camponotus-quadrisectus\\\/#primaryimage\"},\"image\":{\"@id\":\"https:\\\/\\\/antderground.com\\\/it\\\/prodotto\\\/camponotus-quadrisectus\\\/#primaryimage\"},\"thumbnailUrl\":\"https:\\\/\\\/antderground.com\\\/wp-content\\\/uploads\\\/2023\\\/06\\\/Camponotus-quadrisectus.jpg\",\"datePublished\":\"2023-06-26T09:01:31+00:00\",\"description\":\"Nuova formica regina camponotus quadrisectus, una formica esotica ideale per il tuo formicaio o terrario artificiale. Scopri la mirmecologia.\",\"breadcrumb\":{\"@id\":\"https:\\\/\\\/antderground.com\\\/it\\\/prodotto\\\/camponotus-quadrisectus\\\/#breadcrumb\"},\"inLanguage\":\"it-IT\",\"potentialAction\":[{\"@type\":\"ReadAction\",\"target\":[\"https:\\\/\\\/antderground.com\\\/it\\\/prodotto\\\/camponotus-quadrisectus\\\/\"]}]},{\"@type\":\"ImageObject\",\"inLanguage\":\"it-IT\",\"@id\":\"https:\\\/\\\/antderground.com\\\/it\\\/prodotto\\\/camponotus-quadrisectus\\\/#primaryimage\",\"url\":\"https:\\\/\\\/antderground.com\\\/wp-content\\\/uploads\\\/2023\\\/06\\\/Camponotus-quadrisectus.jpg\",\"contentUrl\":\"https:\\\/\\\/antderground.com\\\/wp-content\\\/uploads\\\/2023\\\/06\\\/Camponotus-quadrisectus.jpg\",\"width\":1417,\"height\":1417,\"caption\":\"Camponotus\u00a0quadrisectus\"},{\"@type\":\"BreadcrumbList\",\"@id\":\"https:\\\/\\\/antderground.com\\\/it\\\/prodotto\\\/camponotus-quadrisectus\\\/#breadcrumb\",\"itemListElement\":[{\"@type\":\"ListItem\",\"position\":1,\"name\":\"Portada\",\"item\":\"https:\\\/\\\/antderground.com\\\/it\\\/\"},{\"@type\":\"ListItem\",\"position\":2,\"name\":\"Prodotti\",\"item\":\"https:\\\/\\\/antderground.com\\\/it\\\/prodotti\\\/\"},{\"@type\":\"ListItem\",\"position\":3,\"name\":\"Camponotus\u00a0quadrisectus\"}]},{\"@type\":\"WebSite\",\"@id\":\"https:\\\/\\\/antderground.com\\\/it\\\/#website\",\"url\":\"https:\\\/\\\/antderground.com\\\/it\\\/\",\"name\":\"ANTDERGROUND\",\"description\":\"Tu tienda de hormigas, gran variedad de hormigueros acr\u00edlicos,madera,arena,3D y mas.. Pide tus hormigas gratis con tu pedido, somos expertos en hormigueros antifugas.\",\"publisher\":{\"@id\":\"https:\\\/\\\/antderground.com\\\/it\\\/#\\\/schema\\\/person\\\/0e322c505e84fe72c65e2f6d08f96b81\"},\"alternateName\":\"Antderground\",\"potentialAction\":[{\"@type\":\"SearchAction\",\"target\":{\"@type\":\"EntryPoint\",\"urlTemplate\":\"https:\\\/\\\/antderground.com\\\/it\\\/?s={search_term_string}\"},\"query-input\":{\"@type\":\"PropertyValueSpecification\",\"valueRequired\":true,\"valueName\":\"search_term_string\"}}],\"inLanguage\":\"it-IT\"},{\"@type\":[\"Person\",\"Organization\"],\"@id\":\"https:\\\/\\\/antderground.com\\\/it\\\/#\\\/schema\\\/person\\\/0e322c505e84fe72c65e2f6d08f96b81\",\"name\":\"Eric de Antderground\",\"image\":{\"@type\":\"ImageObject\",\"inLanguage\":\"it-IT\",\"@id\":\"https:\\\/\\\/secure.gravatar.com\\\/avatar\\\/c49a1b9f79216d1498cb73c1e85cd47f4465dda35f2a94c03790d491bd4423c3?s=96&d=mm&r=g\",\"url\":\"https:\\\/\\\/secure.gravatar.com\\\/avatar\\\/c49a1b9f79216d1498cb73c1e85cd47f4465dda35f2a94c03790d491bd4423c3?s=96&d=mm&r=g\",\"contentUrl\":\"https:\\\/\\\/secure.gravatar.com\\\/avatar\\\/c49a1b9f79216d1498cb73c1e85cd47f4465dda35f2a94c03790d491bd4423c3?s=96&d=mm&r=g\",\"caption\":\"Eric de Antderground\"},\"logo\":{\"@id\":\"https:\\\/\\\/secure.gravatar.com\\\/avatar\\\/c49a1b9f79216d1498cb73c1e85cd47f4465dda35f2a94c03790d491bd4423c3?s=96&d=mm&r=g\"},\"description\":\"Eric es el especialista y fundador de Antderground, con una amplia trayectoria en artr\u00f3podos y enfocado en la mirmecolog\u00eda y el dise\u00f1o de hormigueros artificiales. Su enfoque combina la innovaci\u00f3n t\u00e9cnica con el respeto por la biolog\u00eda de las hormigas, is\u00f3podos y otros, desarrollando sistemas de nidos modulares 3D y acr\u00edlicos que son referentes para aficionados y profesionales en toda Europa. Su objetivo es facilitar la cr\u00eda de hormigas y otros artr\u00f3podos mediante soluciones seguras y divulgaci\u00f3n de calidad.\",\"sameAs\":[\"https:\\\/\\\/antderground.com\\\/\",\"https:\\\/\\\/www.youtube.com\\\/channel\\\/UCio72z7TlbufkAthAJIJfPw\"]}]}<\/script>\n<!-- \/ Yoast SEO plugin. -->","yoast_head_json":{"title":"Camponotus\u00a0quadrisectus - ANTDERGROUND","description":"Nuova formica regina camponotus quadrisectus, una formica esotica ideale per il tuo formicaio o terrario artificiale. Scopri la mirmecologia.","robots":{"index":"index","follow":"follow","max-snippet":"max-snippet:-1","max-image-preview":"max-image-preview:large","max-video-preview":"max-video-preview:-1"},"canonical":"https:\/\/antderground.com\/it\/prodotto\/camponotus-quadrisectus\/","og_locale":"it_IT","og_type":"article","og_title":"Camponotus\u00a0quadrisectus - ANTDERGROUND","og_description":"Nuova formica regina camponotus quadrisectus, una formica esotica ideale per il tuo formicaio o terrario artificiale. Scopri la mirmecologia.","og_url":"https:\/\/antderground.com\/it\/prodotto\/camponotus-quadrisectus\/","og_site_name":"ANTDERGROUND","twitter_card":"summary_large_image","twitter_misc":{"Tempo di lettura stimato":"1 minuto"},"schema":{"@context":"https:\/\/schema.org","@graph":[{"@type":"WebPage","@id":"https:\/\/antderground.com\/it\/prodotto\/camponotus-quadrisectus\/","url":"https:\/\/antderground.com\/it\/prodotto\/camponotus-quadrisectus\/","name":"Camponotus\u00a0quadrisectus - ANTDERGROUND","isPartOf":{"@id":"https:\/\/antderground.com\/it\/#website"},"primaryImageOfPage":{"@id":"https:\/\/antderground.com\/it\/prodotto\/camponotus-quadrisectus\/#primaryimage"},"image":{"@id":"https:\/\/antderground.com\/it\/prodotto\/camponotus-quadrisectus\/#primaryimage"},"thumbnailUrl":"https:\/\/antderground.com\/wp-content\/uploads\/2023\/06\/Camponotus-quadrisectus.jpg","datePublished":"2023-06-26T09:01:31+00:00","description":"Nuova formica regina camponotus quadrisectus, una formica esotica ideale per il tuo formicaio o terrario artificiale. Scopri la mirmecologia.","breadcrumb":{"@id":"https:\/\/antderground.com\/it\/prodotto\/camponotus-quadrisectus\/#breadcrumb"},"inLanguage":"it-IT","potentialAction":[{"@type":"ReadAction","target":["https:\/\/antderground.com\/it\/prodotto\/camponotus-quadrisectus\/"]}]},{"@type":"ImageObject","inLanguage":"it-IT","@id":"https:\/\/antderground.com\/it\/prodotto\/camponotus-quadrisectus\/#primaryimage","url":"https:\/\/antderground.com\/wp-content\/uploads\/2023\/06\/Camponotus-quadrisectus.jpg","contentUrl":"https:\/\/antderground.com\/wp-content\/uploads\/2023\/06\/Camponotus-quadrisectus.jpg","width":1417,"height":1417,"caption":"Camponotus\u00a0quadrisectus"},{"@type":"BreadcrumbList","@id":"https:\/\/antderground.com\/it\/prodotto\/camponotus-quadrisectus\/#breadcrumb","itemListElement":[{"@type":"ListItem","position":1,"name":"Portada","item":"https:\/\/antderground.com\/it\/"},{"@type":"ListItem","position":2,"name":"Prodotti","item":"https:\/\/antderground.com\/it\/prodotti\/"},{"@type":"ListItem","position":3,"name":"Camponotus\u00a0quadrisectus"}]},{"@type":"WebSite","@id":"https:\/\/antderground.com\/it\/#website","url":"https:\/\/antderground.com\/it\/","name":"ANTDERGROUND","description":"Tu tienda de hormigas, gran variedad de hormigueros acr\u00edlicos,madera,arena,3D y mas.. Pide tus hormigas gratis con tu pedido, somos expertos en hormigueros antifugas.","publisher":{"@id":"https:\/\/antderground.com\/it\/#\/schema\/person\/0e322c505e84fe72c65e2f6d08f96b81"},"alternateName":"Antderground","potentialAction":[{"@type":"SearchAction","target":{"@type":"EntryPoint","urlTemplate":"https:\/\/antderground.com\/it\/?s={search_term_string}"},"query-input":{"@type":"PropertyValueSpecification","valueRequired":true,"valueName":"search_term_string"}}],"inLanguage":"it-IT"},{"@type":["Person","Organization"],"@id":"https:\/\/antderground.com\/it\/#\/schema\/person\/0e322c505e84fe72c65e2f6d08f96b81","name":"Eric de Antderground","image":{"@type":"ImageObject","inLanguage":"it-IT","@id":"https:\/\/secure.gravatar.com\/avatar\/c49a1b9f79216d1498cb73c1e85cd47f4465dda35f2a94c03790d491bd4423c3?s=96&d=mm&r=g","url":"https:\/\/secure.gravatar.com\/avatar\/c49a1b9f79216d1498cb73c1e85cd47f4465dda35f2a94c03790d491bd4423c3?s=96&d=mm&r=g","contentUrl":"https:\/\/secure.gravatar.com\/avatar\/c49a1b9f79216d1498cb73c1e85cd47f4465dda35f2a94c03790d491bd4423c3?s=96&d=mm&r=g","caption":"Eric de Antderground"},"logo":{"@id":"https:\/\/secure.gravatar.com\/avatar\/c49a1b9f79216d1498cb73c1e85cd47f4465dda35f2a94c03790d491bd4423c3?s=96&d=mm&r=g"},"description":"Eric es el especialista y fundador de Antderground, con una amplia trayectoria en artr\u00f3podos y enfocado en la mirmecolog\u00eda y el dise\u00f1o de hormigueros artificiales. Su enfoque combina la innovaci\u00f3n t\u00e9cnica con el respeto por la biolog\u00eda de las hormigas, is\u00f3podos y otros, desarrollando sistemas de nidos modulares 3D y acr\u00edlicos que son referentes para aficionados y profesionales en toda Europa. Su objetivo es facilitar la cr\u00eda de hormigas y otros artr\u00f3podos mediante soluciones seguras y divulgaci\u00f3n de calidad.","sameAs":["https:\/\/antderground.com\/","https:\/\/www.youtube.com\/channel\/UCio72z7TlbufkAthAJIJfPw"]}]}},"_links":{"self":[{"href":"https:\/\/antderground.com\/it\/wp-json\/wp\/v2\/product\/29030","targetHints":{"allow":["GET"]}}],"collection":[{"href":"https:\/\/antderground.com\/it\/wp-json\/wp\/v2\/product"}],"about":[{"href":"https:\/\/antderground.com\/it\/wp-json\/wp\/v2\/types\/product"}],"version-history":[{"count":0,"href":"https:\/\/antderground.com\/it\/wp-json\/wp\/v2\/product\/29030\/revisions"}],"wp:featuredmedia":[{"embeddable":true,"href":"https:\/\/antderground.com\/it\/wp-json\/wp\/v2\/media\/29128"}],"wp:attachment":[{"href":"https:\/\/antderground.com\/it\/wp-json\/wp\/v2\/media?parent=29030"}],"wp:term":[{"taxonomy":"product_brand","embeddable":true,"href":"https:\/\/antderground.com\/it\/wp-json\/wp\/v2\/product_brand?post=29030"},{"taxonomy":"product_cat","embeddable":true,"href":"https:\/\/antderground.com\/it\/wp-json\/wp\/v2\/product_cat?post=29030"},{"taxonomy":"product_tag","embeddable":true,"href":"https:\/\/antderground.com\/it\/wp-json\/wp\/v2\/product_tag?post=29030"}],"curies":[{"name":"wp","href":"https:\/\/api.w.org\/{rel}","templated":true}]}}