{"id":29491,"date":"2023-07-17T12:31:14","date_gmt":"2023-07-17T10:31:14","guid":{"rendered":"https:\/\/www.antderground.com\/producto\/larve-camole-del-miele-galleria-mellonella\/"},"modified":"2024-10-22T21:14:59","modified_gmt":"2024-10-22T19:14:59","slug":"larve-camole-del-miele-galleria-mellonella","status":"publish","type":"product","link":"https:\/\/antderground.com\/it\/prodotto\/larve-camole-del-miele-galleria-mellonella\/","title":{"rendered":"larve camole del miele (Galleria Mellonella)"},"content":{"rendered":"<p><strong>Nome scientifico:<\/strong> Galleria mellonella<\/p>\n<p><strong>Classificazione tassonomica:<\/strong> Regno Animalia, Phylum Arthropoda, Classe Insecta, Ordine Lepidoptera, Famiglia Pyralidae, Genere Galleria.<\/p>\n<p><strong>Distribuzione geografica:<\/strong> Il Bruco della cera (Galleria mellonella) \u00e8 originario dell&#8217;Europa, ma \u00e8 stato introdotto in molte altre parti del mondo, inclusi Nord e Sud America, Asia e Oceania.<\/p>\n<p><strong>Caratteristiche fisiche:<\/strong> Il Bruco della cera ha una lunghezza di circa 2,5-4 cm nella fase larvale. Il suo corpo \u00e8 di colore giallo-biancastro con la testa nera. Presenta un corpo segmentato con zampe e peli su ogni segmento.<\/p>\n<p><strong>Comportamento:<\/strong> Le larve del Bruco della cera si nutrono di materiali come la cera delle arnie e altri prodotti dell&#8217;apicoltura, tra cui polline, miele e larve di api.<\/p>\n<p><strong>Stato di conservazione:<\/strong> Non sono disponibili informazioni specifiche sullo stato di conservazione di Galleria mellonella, in quanto non \u00e8 una specie di particolare preoccupazione per la conservazione.<\/p>\n<p><strong>Note aggiuntive:<\/strong> Le larve del Bruco della cera vengono utilizzate nell&#8217;industria alimentare per animali come fonte di proteine per rettili, uccelli e altri animali. Sono anche ampiamente utilizzate nella ricerca scientifica, specialmente nei campi dell&#8217;immunologia e della genetica, grazie al loro sistema immunitario e alla facilit\u00e0 di allevamento in laboratorio.<\/p>\n","protected":false},"excerpt":{"rendered":"<p>Cibo vivo, ideale per le formiche, il larve camole del miele (Galleria Mellonella) \u00e8 un alimento molto utilizzato per insetti, rettili e anfibi. \u00c8 anche un alimento vivo molto utilizzato nel mondo della pesca.<\/p>\n","protected":false},"featured_media":29462,"template":"","meta":[],"product_brand":[],"product_cat":[348,665],"product_tag":[],"class_list":{"0":"post-29491","1":"product","2":"type-product","3":"status-publish","4":"has-post-thumbnail","6":"product_cat-alimentazione","7":"product_cat-cibo-vivo","9":"first","10":"outofstock","11":"shipping-taxable","12":"purchasable","13":"product-type-variable"},"yoast_head":"<!-- This site is optimized with the Yoast SEO plugin v27.3 - https:\/\/yoast.com\/product\/yoast-seo-wordpress\/ -->\n<title>larve camole del miele (Galleria Mellonella) - ANTDERGROUND<\/title>\n<meta name=\"description\" content=\"Cibo vivo, larve camole del miele (Galleria Mellonella) un alimento ideale per rettili, anfibi e insetti. Un alimento ideale per le formiche.\" \/>\n<meta name=\"robots\" content=\"index, follow, max-snippet:-1, max-image-preview:large, max-video-preview:-1\" \/>\n<link rel=\"canonical\" href=\"https:\/\/antderground.com\/it\/prodotto\/larve-camole-del-miele-galleria-mellonella\/\" \/>\n<meta property=\"og:locale\" content=\"it_IT\" \/>\n<meta property=\"og:type\" content=\"article\" \/>\n<meta property=\"og:title\" content=\"larve camole del miele (Galleria Mellonella) - ANTDERGROUND\" \/>\n<meta property=\"og:description\" content=\"Cibo vivo, larve camole del miele (Galleria Mellonella) un alimento ideale per rettili, anfibi e insetti. Un alimento ideale per le formiche.\" \/>\n<meta property=\"og:url\" content=\"https:\/\/antderground.com\/it\/prodotto\/larve-camole-del-miele-galleria-mellonella\/\" \/>\n<meta property=\"og:site_name\" content=\"ANTDERGROUND\" \/>\n<meta property=\"article:modified_time\" content=\"2024-10-22T19:14:59+00:00\" \/>\n<meta property=\"og:image\" content=\"https:\/\/antderground.com\/wp-content\/uploads\/2023\/07\/gusano-de-la-miel-Galleria-Mellonella.jpg\" \/>\n\t<meta property=\"og:image:width\" content=\"1417\" \/>\n\t<meta property=\"og:image:height\" content=\"1417\" \/>\n\t<meta property=\"og:image:type\" content=\"image\/jpeg\" \/>\n<meta name=\"twitter:card\" content=\"summary_large_image\" \/>\n<meta name=\"twitter:label1\" content=\"Tempo di lettura stimato\" \/>\n\t<meta name=\"twitter:data1\" content=\"1 minuto\" \/>\n<script type=\"application\/ld+json\" class=\"yoast-schema-graph\">{\"@context\":\"https:\\\/\\\/schema.org\",\"@graph\":[{\"@type\":\"WebPage\",\"@id\":\"https:\\\/\\\/antderground.com\\\/it\\\/prodotto\\\/larve-camole-del-miele-galleria-mellonella\\\/\",\"url\":\"https:\\\/\\\/antderground.com\\\/it\\\/prodotto\\\/larve-camole-del-miele-galleria-mellonella\\\/\",\"name\":\"larve camole del miele (Galleria Mellonella) - ANTDERGROUND\",\"isPartOf\":{\"@id\":\"https:\\\/\\\/antderground.com\\\/it\\\/#website\"},\"primaryImageOfPage\":{\"@id\":\"https:\\\/\\\/antderground.com\\\/it\\\/prodotto\\\/larve-camole-del-miele-galleria-mellonella\\\/#primaryimage\"},\"image\":{\"@id\":\"https:\\\/\\\/antderground.com\\\/it\\\/prodotto\\\/larve-camole-del-miele-galleria-mellonella\\\/#primaryimage\"},\"thumbnailUrl\":\"https:\\\/\\\/antderground.com\\\/wp-content\\\/uploads\\\/2023\\\/07\\\/gusano-de-la-miel-Galleria-Mellonella.jpg\",\"datePublished\":\"2023-07-17T10:31:14+00:00\",\"dateModified\":\"2024-10-22T19:14:59+00:00\",\"description\":\"Cibo vivo, larve camole del miele (Galleria Mellonella) un alimento ideale per rettili, anfibi e insetti. Un alimento ideale per le formiche.\",\"breadcrumb\":{\"@id\":\"https:\\\/\\\/antderground.com\\\/it\\\/prodotto\\\/larve-camole-del-miele-galleria-mellonella\\\/#breadcrumb\"},\"inLanguage\":\"it-IT\",\"potentialAction\":[{\"@type\":\"ReadAction\",\"target\":[\"https:\\\/\\\/antderground.com\\\/it\\\/prodotto\\\/larve-camole-del-miele-galleria-mellonella\\\/\"]}]},{\"@type\":\"ImageObject\",\"inLanguage\":\"it-IT\",\"@id\":\"https:\\\/\\\/antderground.com\\\/it\\\/prodotto\\\/larve-camole-del-miele-galleria-mellonella\\\/#primaryimage\",\"url\":\"https:\\\/\\\/antderground.com\\\/wp-content\\\/uploads\\\/2023\\\/07\\\/gusano-de-la-miel-Galleria-Mellonella.jpg\",\"contentUrl\":\"https:\\\/\\\/antderground.com\\\/wp-content\\\/uploads\\\/2023\\\/07\\\/gusano-de-la-miel-Galleria-Mellonella.jpg\",\"width\":1417,\"height\":1417,\"caption\":\"larve camole del miele (Galleria Mellonella)\"},{\"@type\":\"BreadcrumbList\",\"@id\":\"https:\\\/\\\/antderground.com\\\/it\\\/prodotto\\\/larve-camole-del-miele-galleria-mellonella\\\/#breadcrumb\",\"itemListElement\":[{\"@type\":\"ListItem\",\"position\":1,\"name\":\"Portada\",\"item\":\"https:\\\/\\\/antderground.com\\\/it\\\/\"},{\"@type\":\"ListItem\",\"position\":2,\"name\":\"Prodotti\",\"item\":\"https:\\\/\\\/antderground.com\\\/it\\\/prodotti\\\/\"},{\"@type\":\"ListItem\",\"position\":3,\"name\":\"larve camole del miele (Galleria Mellonella)\"}]},{\"@type\":\"WebSite\",\"@id\":\"https:\\\/\\\/antderground.com\\\/it\\\/#website\",\"url\":\"https:\\\/\\\/antderground.com\\\/it\\\/\",\"name\":\"ANTDERGROUND\",\"description\":\"Tu tienda de hormigas, gran variedad de hormigueros acr\u00edlicos,madera,arena,3D y mas.. Pide tus hormigas gratis con tu pedido, somos expertos en hormigueros antifugas.\",\"publisher\":{\"@id\":\"https:\\\/\\\/antderground.com\\\/it\\\/#\\\/schema\\\/person\\\/0e322c505e84fe72c65e2f6d08f96b81\"},\"alternateName\":\"Antderground\",\"potentialAction\":[{\"@type\":\"SearchAction\",\"target\":{\"@type\":\"EntryPoint\",\"urlTemplate\":\"https:\\\/\\\/antderground.com\\\/it\\\/?s={search_term_string}\"},\"query-input\":{\"@type\":\"PropertyValueSpecification\",\"valueRequired\":true,\"valueName\":\"search_term_string\"}}],\"inLanguage\":\"it-IT\"},{\"@type\":[\"Person\",\"Organization\"],\"@id\":\"https:\\\/\\\/antderground.com\\\/it\\\/#\\\/schema\\\/person\\\/0e322c505e84fe72c65e2f6d08f96b81\",\"name\":\"Eric de Antderground\",\"image\":{\"@type\":\"ImageObject\",\"inLanguage\":\"it-IT\",\"@id\":\"https:\\\/\\\/secure.gravatar.com\\\/avatar\\\/c49a1b9f79216d1498cb73c1e85cd47f4465dda35f2a94c03790d491bd4423c3?s=96&d=mm&r=g\",\"url\":\"https:\\\/\\\/secure.gravatar.com\\\/avatar\\\/c49a1b9f79216d1498cb73c1e85cd47f4465dda35f2a94c03790d491bd4423c3?s=96&d=mm&r=g\",\"contentUrl\":\"https:\\\/\\\/secure.gravatar.com\\\/avatar\\\/c49a1b9f79216d1498cb73c1e85cd47f4465dda35f2a94c03790d491bd4423c3?s=96&d=mm&r=g\",\"caption\":\"Eric de Antderground\"},\"logo\":{\"@id\":\"https:\\\/\\\/secure.gravatar.com\\\/avatar\\\/c49a1b9f79216d1498cb73c1e85cd47f4465dda35f2a94c03790d491bd4423c3?s=96&d=mm&r=g\"},\"description\":\"Eric es el especialista y fundador de Antderground, con una amplia trayectoria en artr\u00f3podos y enfocado en la mirmecolog\u00eda y el dise\u00f1o de hormigueros artificiales. Su enfoque combina la innovaci\u00f3n t\u00e9cnica con el respeto por la biolog\u00eda de las hormigas, is\u00f3podos y otros, desarrollando sistemas de nidos modulares 3D y acr\u00edlicos que son referentes para aficionados y profesionales en toda Europa. Su objetivo es facilitar la cr\u00eda de hormigas y otros artr\u00f3podos mediante soluciones seguras y divulgaci\u00f3n de calidad.\",\"sameAs\":[\"https:\\\/\\\/antderground.com\\\/\",\"https:\\\/\\\/www.youtube.com\\\/channel\\\/UCio72z7TlbufkAthAJIJfPw\"]}]}<\/script>\n<!-- \/ Yoast SEO plugin. -->","yoast_head_json":{"title":"larve camole del miele (Galleria Mellonella) - ANTDERGROUND","description":"Cibo vivo, larve camole del miele (Galleria Mellonella) un alimento ideale per rettili, anfibi e insetti. Un alimento ideale per le formiche.","robots":{"index":"index","follow":"follow","max-snippet":"max-snippet:-1","max-image-preview":"max-image-preview:large","max-video-preview":"max-video-preview:-1"},"canonical":"https:\/\/antderground.com\/it\/prodotto\/larve-camole-del-miele-galleria-mellonella\/","og_locale":"it_IT","og_type":"article","og_title":"larve camole del miele (Galleria Mellonella) - ANTDERGROUND","og_description":"Cibo vivo, larve camole del miele (Galleria Mellonella) un alimento ideale per rettili, anfibi e insetti. Un alimento ideale per le formiche.","og_url":"https:\/\/antderground.com\/it\/prodotto\/larve-camole-del-miele-galleria-mellonella\/","og_site_name":"ANTDERGROUND","article_modified_time":"2024-10-22T19:14:59+00:00","og_image":[{"width":1417,"height":1417,"url":"https:\/\/antderground.com\/wp-content\/uploads\/2023\/07\/gusano-de-la-miel-Galleria-Mellonella.jpg","type":"image\/jpeg"}],"twitter_card":"summary_large_image","twitter_misc":{"Tempo di lettura stimato":"1 minuto"},"schema":{"@context":"https:\/\/schema.org","@graph":[{"@type":"WebPage","@id":"https:\/\/antderground.com\/it\/prodotto\/larve-camole-del-miele-galleria-mellonella\/","url":"https:\/\/antderground.com\/it\/prodotto\/larve-camole-del-miele-galleria-mellonella\/","name":"larve camole del miele (Galleria Mellonella) - ANTDERGROUND","isPartOf":{"@id":"https:\/\/antderground.com\/it\/#website"},"primaryImageOfPage":{"@id":"https:\/\/antderground.com\/it\/prodotto\/larve-camole-del-miele-galleria-mellonella\/#primaryimage"},"image":{"@id":"https:\/\/antderground.com\/it\/prodotto\/larve-camole-del-miele-galleria-mellonella\/#primaryimage"},"thumbnailUrl":"https:\/\/antderground.com\/wp-content\/uploads\/2023\/07\/gusano-de-la-miel-Galleria-Mellonella.jpg","datePublished":"2023-07-17T10:31:14+00:00","dateModified":"2024-10-22T19:14:59+00:00","description":"Cibo vivo, larve camole del miele (Galleria Mellonella) un alimento ideale per rettili, anfibi e insetti. Un alimento ideale per le formiche.","breadcrumb":{"@id":"https:\/\/antderground.com\/it\/prodotto\/larve-camole-del-miele-galleria-mellonella\/#breadcrumb"},"inLanguage":"it-IT","potentialAction":[{"@type":"ReadAction","target":["https:\/\/antderground.com\/it\/prodotto\/larve-camole-del-miele-galleria-mellonella\/"]}]},{"@type":"ImageObject","inLanguage":"it-IT","@id":"https:\/\/antderground.com\/it\/prodotto\/larve-camole-del-miele-galleria-mellonella\/#primaryimage","url":"https:\/\/antderground.com\/wp-content\/uploads\/2023\/07\/gusano-de-la-miel-Galleria-Mellonella.jpg","contentUrl":"https:\/\/antderground.com\/wp-content\/uploads\/2023\/07\/gusano-de-la-miel-Galleria-Mellonella.jpg","width":1417,"height":1417,"caption":"larve camole del miele (Galleria Mellonella)"},{"@type":"BreadcrumbList","@id":"https:\/\/antderground.com\/it\/prodotto\/larve-camole-del-miele-galleria-mellonella\/#breadcrumb","itemListElement":[{"@type":"ListItem","position":1,"name":"Portada","item":"https:\/\/antderground.com\/it\/"},{"@type":"ListItem","position":2,"name":"Prodotti","item":"https:\/\/antderground.com\/it\/prodotti\/"},{"@type":"ListItem","position":3,"name":"larve camole del miele (Galleria Mellonella)"}]},{"@type":"WebSite","@id":"https:\/\/antderground.com\/it\/#website","url":"https:\/\/antderground.com\/it\/","name":"ANTDERGROUND","description":"Tu tienda de hormigas, gran variedad de hormigueros acr\u00edlicos,madera,arena,3D y mas.. Pide tus hormigas gratis con tu pedido, somos expertos en hormigueros antifugas.","publisher":{"@id":"https:\/\/antderground.com\/it\/#\/schema\/person\/0e322c505e84fe72c65e2f6d08f96b81"},"alternateName":"Antderground","potentialAction":[{"@type":"SearchAction","target":{"@type":"EntryPoint","urlTemplate":"https:\/\/antderground.com\/it\/?s={search_term_string}"},"query-input":{"@type":"PropertyValueSpecification","valueRequired":true,"valueName":"search_term_string"}}],"inLanguage":"it-IT"},{"@type":["Person","Organization"],"@id":"https:\/\/antderground.com\/it\/#\/schema\/person\/0e322c505e84fe72c65e2f6d08f96b81","name":"Eric de Antderground","image":{"@type":"ImageObject","inLanguage":"it-IT","@id":"https:\/\/secure.gravatar.com\/avatar\/c49a1b9f79216d1498cb73c1e85cd47f4465dda35f2a94c03790d491bd4423c3?s=96&d=mm&r=g","url":"https:\/\/secure.gravatar.com\/avatar\/c49a1b9f79216d1498cb73c1e85cd47f4465dda35f2a94c03790d491bd4423c3?s=96&d=mm&r=g","contentUrl":"https:\/\/secure.gravatar.com\/avatar\/c49a1b9f79216d1498cb73c1e85cd47f4465dda35f2a94c03790d491bd4423c3?s=96&d=mm&r=g","caption":"Eric de Antderground"},"logo":{"@id":"https:\/\/secure.gravatar.com\/avatar\/c49a1b9f79216d1498cb73c1e85cd47f4465dda35f2a94c03790d491bd4423c3?s=96&d=mm&r=g"},"description":"Eric es el especialista y fundador de Antderground, con una amplia trayectoria en artr\u00f3podos y enfocado en la mirmecolog\u00eda y el dise\u00f1o de hormigueros artificiales. Su enfoque combina la innovaci\u00f3n t\u00e9cnica con el respeto por la biolog\u00eda de las hormigas, is\u00f3podos y otros, desarrollando sistemas de nidos modulares 3D y acr\u00edlicos que son referentes para aficionados y profesionales en toda Europa. Su objetivo es facilitar la cr\u00eda de hormigas y otros artr\u00f3podos mediante soluciones seguras y divulgaci\u00f3n de calidad.","sameAs":["https:\/\/antderground.com\/","https:\/\/www.youtube.com\/channel\/UCio72z7TlbufkAthAJIJfPw"]}]}},"_links":{"self":[{"href":"https:\/\/antderground.com\/it\/wp-json\/wp\/v2\/product\/29491","targetHints":{"allow":["GET"]}}],"collection":[{"href":"https:\/\/antderground.com\/it\/wp-json\/wp\/v2\/product"}],"about":[{"href":"https:\/\/antderground.com\/it\/wp-json\/wp\/v2\/types\/product"}],"version-history":[{"count":0,"href":"https:\/\/antderground.com\/it\/wp-json\/wp\/v2\/product\/29491\/revisions"}],"wp:featuredmedia":[{"embeddable":true,"href":"https:\/\/antderground.com\/it\/wp-json\/wp\/v2\/media\/29462"}],"wp:attachment":[{"href":"https:\/\/antderground.com\/it\/wp-json\/wp\/v2\/media?parent=29491"}],"wp:term":[{"taxonomy":"product_brand","embeddable":true,"href":"https:\/\/antderground.com\/it\/wp-json\/wp\/v2\/product_brand?post=29491"},{"taxonomy":"product_cat","embeddable":true,"href":"https:\/\/antderground.com\/it\/wp-json\/wp\/v2\/product_cat?post=29491"},{"taxonomy":"product_tag","embeddable":true,"href":"https:\/\/antderground.com\/it\/wp-json\/wp\/v2\/product_tag?post=29491"}],"curies":[{"name":"wp","href":"https:\/\/api.w.org\/{rel}","templated":true}]}}