{"id":29909,"date":"2019-08-05T10:52:02","date_gmt":"2019-08-05T08:52:02","guid":{"rendered":"https:\/\/www.antderground.com\/producto\/camponotus-cruentatus\/"},"modified":"2025-08-23T11:34:44","modified_gmt":"2025-08-23T09:34:44","slug":"camponotus-cruentatus","status":"publish","type":"product","link":"https:\/\/antderground.com\/it\/prodotto\/camponotus-cruentatus\/","title":{"rendered":"Camponotus Cruentatus"},"content":{"rendered":"<ul>\n<li><strong>Nome scientifico:<\/strong> Camponotus cruentatus<\/li>\n<li><strong>Classificazione tassonomica:<\/strong>\n<ul>\n<li>Regno: Animalia<\/li>\n<li>Phylum: Arthropoda<\/li>\n<li>Classe: Insecta<\/li>\n<li>Ordine: Hymenoptera<\/li>\n<li>Famiglia: Formicidae<\/li>\n<li>Sottofamiglia: Formicinae<\/li>\n<li>Genere: Camponotus<\/li>\n<li>Specie: C. cruentatus<\/li>\n<\/ul>\n<\/li>\n<li><strong>Distribuzione geografica:<\/strong> Camponotus cruentatus si trova principalmente nel sud dell&#8217;Europa, in paesi come Spagna, Italia, Grecia e Turchia.<\/li>\n<li><strong>Caratteristiche fisiche:<\/strong> Le operaie di Camponotus cruentatus hanno dimensioni variabili, con lunghezze che vanno da 5 a 12 mm. Hanno un corpo robusto e una testa relativamente grande rispetto al corpo. Il colore del corpo pu\u00f2 variare, ma in genere hanno una tonalit\u00e0 rossastra o marrone scuro.<\/li>\n<li><strong>Comportamento:<\/strong> Camponotus cruentatus \u00e8 principalmente notturna, il che significa che \u00e8 pi\u00f9 attiva durante la notte. Sono formiche onnivore che si nutrono di nettare, succhi di frutta e occasionalmente insetti pi\u00f9 piccoli. Possono costruire i loro nidi nel legno in decomposizione, nelle fessure della corteccia degli alberi o nel terreno.<\/li>\n<li><strong>Stato di conservazione:<\/strong> Non ci sono informazioni specifiche disponibili sullo stato di conservazione di Camponotus cruentatus.<\/li>\n<li><strong>Note aggiuntive:<\/strong> Camponotus cruentatus \u00e8 nota per la sua colorazione distintiva e la sua dimensione relativamente grande. Questa specie pu\u00f2 essere considerata un insetto nocivo in alcune circostanze, in quanto pu\u00f2 danneggiare le strutture in legno. Nella natura, svolge un ruolo importante nella decomposizione della materia organica e nell&#8217;interazione con altre specie nel suo ecosistema.<\/li>\n<\/ul>\n","protected":false},"excerpt":{"rendered":"<p>Nome scientifico: Camponotus cruentatus Classificazione tassonomica: Regno: Animalia Phylum: Arthropoda Classe: Insecta Ordine: Hymenoptera Famiglia: Formicidae Sottofamiglia: Formicinae Genere: Camponotus<\/p>\n","protected":false},"featured_media":29438,"template":"","meta":[],"product_brand":[],"product_cat":[332,501],"product_tag":[],"class_list":{"0":"post-29909","1":"product","2":"type-product","3":"status-publish","4":"has-post-thumbnail","6":"product_cat-formiche","7":"product_cat-formiche-europee","9":"first","10":"outofstock","11":"shipping-taxable","12":"purchasable","13":"product-type-variable"},"yoast_head":"<!-- This site is optimized with the Yoast SEO plugin v27.4 - https:\/\/yoast.com\/product\/yoast-seo-wordpress\/ -->\n<title>Camponotus Cruentatus - ANTDERGROUND<\/title>\n<meta name=\"description\" content=\"Scopri la formica regina Camponotus cruentatus, una specie di formica ideale per iniziare con il tuo formicaio o terrario per formiche\" \/>\n<meta name=\"robots\" content=\"index, follow, max-snippet:-1, max-image-preview:large, max-video-preview:-1\" \/>\n<link rel=\"canonical\" href=\"https:\/\/antderground.com\/it\/prodotto\/camponotus-cruentatus\/\" \/>\n<meta property=\"og:locale\" content=\"it_IT\" \/>\n<meta property=\"og:type\" content=\"article\" \/>\n<meta property=\"og:title\" content=\"Camponotus Cruentatus - ANTDERGROUND\" \/>\n<meta property=\"og:description\" content=\"Scopri la formica regina Camponotus cruentatus, una specie di formica ideale per iniziare con il tuo formicaio o terrario per formiche\" \/>\n<meta property=\"og:url\" content=\"https:\/\/antderground.com\/it\/prodotto\/camponotus-cruentatus\/\" \/>\n<meta property=\"og:site_name\" content=\"ANTDERGROUND\" \/>\n<meta property=\"article:modified_time\" content=\"2025-08-23T09:34:44+00:00\" \/>\n<meta property=\"og:image\" content=\"https:\/\/antderground.com\/wp-content\/uploads\/2019\/08\/Imagen-de-WhatsApp-2023-07-05-a-las-17.00.40.jpg\" \/>\n\t<meta property=\"og:image:width\" content=\"1417\" \/>\n\t<meta property=\"og:image:height\" content=\"1417\" \/>\n\t<meta property=\"og:image:type\" content=\"image\/jpeg\" \/>\n<meta name=\"twitter:card\" content=\"summary_large_image\" \/>\n<meta name=\"twitter:label1\" content=\"Tempo di lettura stimato\" \/>\n\t<meta name=\"twitter:data1\" content=\"1 minuto\" \/>\n<script type=\"application\/ld+json\" class=\"yoast-schema-graph\">{\"@context\":\"https:\\\/\\\/schema.org\",\"@graph\":[{\"@type\":\"WebPage\",\"@id\":\"https:\\\/\\\/antderground.com\\\/it\\\/prodotto\\\/camponotus-cruentatus\\\/\",\"url\":\"https:\\\/\\\/antderground.com\\\/it\\\/prodotto\\\/camponotus-cruentatus\\\/\",\"name\":\"Camponotus Cruentatus - ANTDERGROUND\",\"isPartOf\":{\"@id\":\"https:\\\/\\\/antderground.com\\\/it\\\/#website\"},\"primaryImageOfPage\":{\"@id\":\"https:\\\/\\\/antderground.com\\\/it\\\/prodotto\\\/camponotus-cruentatus\\\/#primaryimage\"},\"image\":{\"@id\":\"https:\\\/\\\/antderground.com\\\/it\\\/prodotto\\\/camponotus-cruentatus\\\/#primaryimage\"},\"thumbnailUrl\":\"https:\\\/\\\/antderground.com\\\/wp-content\\\/uploads\\\/2019\\\/08\\\/Imagen-de-WhatsApp-2023-07-05-a-las-17.00.40.jpg\",\"datePublished\":\"2019-08-05T08:52:02+00:00\",\"dateModified\":\"2025-08-23T09:34:44+00:00\",\"description\":\"Scopri la formica regina Camponotus cruentatus, una specie di formica ideale per iniziare con il tuo formicaio o terrario per formiche\",\"breadcrumb\":{\"@id\":\"https:\\\/\\\/antderground.com\\\/it\\\/prodotto\\\/camponotus-cruentatus\\\/#breadcrumb\"},\"inLanguage\":\"it-IT\",\"potentialAction\":[{\"@type\":\"ReadAction\",\"target\":[\"https:\\\/\\\/antderground.com\\\/it\\\/prodotto\\\/camponotus-cruentatus\\\/\"]}]},{\"@type\":\"ImageObject\",\"inLanguage\":\"it-IT\",\"@id\":\"https:\\\/\\\/antderground.com\\\/it\\\/prodotto\\\/camponotus-cruentatus\\\/#primaryimage\",\"url\":\"https:\\\/\\\/antderground.com\\\/wp-content\\\/uploads\\\/2019\\\/08\\\/Imagen-de-WhatsApp-2023-07-05-a-las-17.00.40.jpg\",\"contentUrl\":\"https:\\\/\\\/antderground.com\\\/wp-content\\\/uploads\\\/2019\\\/08\\\/Imagen-de-WhatsApp-2023-07-05-a-las-17.00.40.jpg\",\"width\":1417,\"height\":1417,\"caption\":\"camponotus cruentatus\"},{\"@type\":\"BreadcrumbList\",\"@id\":\"https:\\\/\\\/antderground.com\\\/it\\\/prodotto\\\/camponotus-cruentatus\\\/#breadcrumb\",\"itemListElement\":[{\"@type\":\"ListItem\",\"position\":1,\"name\":\"Portada\",\"item\":\"https:\\\/\\\/antderground.com\\\/it\\\/\"},{\"@type\":\"ListItem\",\"position\":2,\"name\":\"Prodotti\",\"item\":\"https:\\\/\\\/antderground.com\\\/it\\\/prodotti\\\/\"},{\"@type\":\"ListItem\",\"position\":3,\"name\":\"Camponotus Cruentatus\"}]},{\"@type\":\"WebSite\",\"@id\":\"https:\\\/\\\/antderground.com\\\/it\\\/#website\",\"url\":\"https:\\\/\\\/antderground.com\\\/it\\\/\",\"name\":\"ANTDERGROUND\",\"description\":\"Tu tienda de hormigas, gran variedad de hormigueros acr\u00edlicos,madera,arena,3D y mas.. Pide tus hormigas gratis con tu pedido, somos expertos en hormigueros antifugas.\",\"publisher\":{\"@id\":\"https:\\\/\\\/antderground.com\\\/it\\\/#\\\/schema\\\/person\\\/0e322c505e84fe72c65e2f6d08f96b81\"},\"alternateName\":\"Antderground\",\"potentialAction\":[{\"@type\":\"SearchAction\",\"target\":{\"@type\":\"EntryPoint\",\"urlTemplate\":\"https:\\\/\\\/antderground.com\\\/it\\\/?s={search_term_string}\"},\"query-input\":{\"@type\":\"PropertyValueSpecification\",\"valueRequired\":true,\"valueName\":\"search_term_string\"}}],\"inLanguage\":\"it-IT\"},{\"@type\":[\"Person\",\"Organization\"],\"@id\":\"https:\\\/\\\/antderground.com\\\/it\\\/#\\\/schema\\\/person\\\/0e322c505e84fe72c65e2f6d08f96b81\",\"name\":\"Eric de Antderground\",\"image\":{\"@type\":\"ImageObject\",\"inLanguage\":\"it-IT\",\"@id\":\"https:\\\/\\\/secure.gravatar.com\\\/avatar\\\/c49a1b9f79216d1498cb73c1e85cd47f4465dda35f2a94c03790d491bd4423c3?s=96&d=mm&r=g\",\"url\":\"https:\\\/\\\/secure.gravatar.com\\\/avatar\\\/c49a1b9f79216d1498cb73c1e85cd47f4465dda35f2a94c03790d491bd4423c3?s=96&d=mm&r=g\",\"contentUrl\":\"https:\\\/\\\/secure.gravatar.com\\\/avatar\\\/c49a1b9f79216d1498cb73c1e85cd47f4465dda35f2a94c03790d491bd4423c3?s=96&d=mm&r=g\",\"caption\":\"Eric de Antderground\"},\"logo\":{\"@id\":\"https:\\\/\\\/secure.gravatar.com\\\/avatar\\\/c49a1b9f79216d1498cb73c1e85cd47f4465dda35f2a94c03790d491bd4423c3?s=96&d=mm&r=g\"},\"description\":\"Eric es el especialista y fundador de Antderground, con una amplia trayectoria en artr\u00f3podos y enfocado en la mirmecolog\u00eda y el dise\u00f1o de hormigueros artificiales. Su enfoque combina la innovaci\u00f3n t\u00e9cnica con el respeto por la biolog\u00eda de las hormigas, is\u00f3podos y otros, desarrollando sistemas de nidos modulares 3D y acr\u00edlicos que son referentes para aficionados y profesionales en toda Europa. Su objetivo es facilitar la cr\u00eda de hormigas y otros artr\u00f3podos mediante soluciones seguras y divulgaci\u00f3n de calidad.\",\"sameAs\":[\"https:\\\/\\\/antderground.com\\\/\",\"https:\\\/\\\/www.youtube.com\\\/channel\\\/UCio72z7TlbufkAthAJIJfPw\"]}]}<\/script>\n<!-- \/ Yoast SEO plugin. -->","yoast_head_json":{"title":"Camponotus Cruentatus - ANTDERGROUND","description":"Scopri la formica regina Camponotus cruentatus, una specie di formica ideale per iniziare con il tuo formicaio o terrario per formiche","robots":{"index":"index","follow":"follow","max-snippet":"max-snippet:-1","max-image-preview":"max-image-preview:large","max-video-preview":"max-video-preview:-1"},"canonical":"https:\/\/antderground.com\/it\/prodotto\/camponotus-cruentatus\/","og_locale":"it_IT","og_type":"article","og_title":"Camponotus Cruentatus - ANTDERGROUND","og_description":"Scopri la formica regina Camponotus cruentatus, una specie di formica ideale per iniziare con il tuo formicaio o terrario per formiche","og_url":"https:\/\/antderground.com\/it\/prodotto\/camponotus-cruentatus\/","og_site_name":"ANTDERGROUND","article_modified_time":"2025-08-23T09:34:44+00:00","og_image":[{"width":1417,"height":1417,"url":"https:\/\/antderground.com\/wp-content\/uploads\/2019\/08\/Imagen-de-WhatsApp-2023-07-05-a-las-17.00.40.jpg","type":"image\/jpeg"}],"twitter_card":"summary_large_image","twitter_misc":{"Tempo di lettura stimato":"1 minuto"},"schema":{"@context":"https:\/\/schema.org","@graph":[{"@type":"WebPage","@id":"https:\/\/antderground.com\/it\/prodotto\/camponotus-cruentatus\/","url":"https:\/\/antderground.com\/it\/prodotto\/camponotus-cruentatus\/","name":"Camponotus Cruentatus - ANTDERGROUND","isPartOf":{"@id":"https:\/\/antderground.com\/it\/#website"},"primaryImageOfPage":{"@id":"https:\/\/antderground.com\/it\/prodotto\/camponotus-cruentatus\/#primaryimage"},"image":{"@id":"https:\/\/antderground.com\/it\/prodotto\/camponotus-cruentatus\/#primaryimage"},"thumbnailUrl":"https:\/\/antderground.com\/wp-content\/uploads\/2019\/08\/Imagen-de-WhatsApp-2023-07-05-a-las-17.00.40.jpg","datePublished":"2019-08-05T08:52:02+00:00","dateModified":"2025-08-23T09:34:44+00:00","description":"Scopri la formica regina Camponotus cruentatus, una specie di formica ideale per iniziare con il tuo formicaio o terrario per formiche","breadcrumb":{"@id":"https:\/\/antderground.com\/it\/prodotto\/camponotus-cruentatus\/#breadcrumb"},"inLanguage":"it-IT","potentialAction":[{"@type":"ReadAction","target":["https:\/\/antderground.com\/it\/prodotto\/camponotus-cruentatus\/"]}]},{"@type":"ImageObject","inLanguage":"it-IT","@id":"https:\/\/antderground.com\/it\/prodotto\/camponotus-cruentatus\/#primaryimage","url":"https:\/\/antderground.com\/wp-content\/uploads\/2019\/08\/Imagen-de-WhatsApp-2023-07-05-a-las-17.00.40.jpg","contentUrl":"https:\/\/antderground.com\/wp-content\/uploads\/2019\/08\/Imagen-de-WhatsApp-2023-07-05-a-las-17.00.40.jpg","width":1417,"height":1417,"caption":"camponotus cruentatus"},{"@type":"BreadcrumbList","@id":"https:\/\/antderground.com\/it\/prodotto\/camponotus-cruentatus\/#breadcrumb","itemListElement":[{"@type":"ListItem","position":1,"name":"Portada","item":"https:\/\/antderground.com\/it\/"},{"@type":"ListItem","position":2,"name":"Prodotti","item":"https:\/\/antderground.com\/it\/prodotti\/"},{"@type":"ListItem","position":3,"name":"Camponotus Cruentatus"}]},{"@type":"WebSite","@id":"https:\/\/antderground.com\/it\/#website","url":"https:\/\/antderground.com\/it\/","name":"ANTDERGROUND","description":"Tu tienda de hormigas, gran variedad de hormigueros acr\u00edlicos,madera,arena,3D y mas.. Pide tus hormigas gratis con tu pedido, somos expertos en hormigueros antifugas.","publisher":{"@id":"https:\/\/antderground.com\/it\/#\/schema\/person\/0e322c505e84fe72c65e2f6d08f96b81"},"alternateName":"Antderground","potentialAction":[{"@type":"SearchAction","target":{"@type":"EntryPoint","urlTemplate":"https:\/\/antderground.com\/it\/?s={search_term_string}"},"query-input":{"@type":"PropertyValueSpecification","valueRequired":true,"valueName":"search_term_string"}}],"inLanguage":"it-IT"},{"@type":["Person","Organization"],"@id":"https:\/\/antderground.com\/it\/#\/schema\/person\/0e322c505e84fe72c65e2f6d08f96b81","name":"Eric de Antderground","image":{"@type":"ImageObject","inLanguage":"it-IT","@id":"https:\/\/secure.gravatar.com\/avatar\/c49a1b9f79216d1498cb73c1e85cd47f4465dda35f2a94c03790d491bd4423c3?s=96&d=mm&r=g","url":"https:\/\/secure.gravatar.com\/avatar\/c49a1b9f79216d1498cb73c1e85cd47f4465dda35f2a94c03790d491bd4423c3?s=96&d=mm&r=g","contentUrl":"https:\/\/secure.gravatar.com\/avatar\/c49a1b9f79216d1498cb73c1e85cd47f4465dda35f2a94c03790d491bd4423c3?s=96&d=mm&r=g","caption":"Eric de Antderground"},"logo":{"@id":"https:\/\/secure.gravatar.com\/avatar\/c49a1b9f79216d1498cb73c1e85cd47f4465dda35f2a94c03790d491bd4423c3?s=96&d=mm&r=g"},"description":"Eric es el especialista y fundador de Antderground, con una amplia trayectoria en artr\u00f3podos y enfocado en la mirmecolog\u00eda y el dise\u00f1o de hormigueros artificiales. Su enfoque combina la innovaci\u00f3n t\u00e9cnica con el respeto por la biolog\u00eda de las hormigas, is\u00f3podos y otros, desarrollando sistemas de nidos modulares 3D y acr\u00edlicos que son referentes para aficionados y profesionales en toda Europa. Su objetivo es facilitar la cr\u00eda de hormigas y otros artr\u00f3podos mediante soluciones seguras y divulgaci\u00f3n de calidad.","sameAs":["https:\/\/antderground.com\/","https:\/\/www.youtube.com\/channel\/UCio72z7TlbufkAthAJIJfPw"]}]}},"_links":{"self":[{"href":"https:\/\/antderground.com\/it\/wp-json\/wp\/v2\/product\/29909","targetHints":{"allow":["GET"]}}],"collection":[{"href":"https:\/\/antderground.com\/it\/wp-json\/wp\/v2\/product"}],"about":[{"href":"https:\/\/antderground.com\/it\/wp-json\/wp\/v2\/types\/product"}],"version-history":[{"count":0,"href":"https:\/\/antderground.com\/it\/wp-json\/wp\/v2\/product\/29909\/revisions"}],"wp:featuredmedia":[{"embeddable":true,"href":"https:\/\/antderground.com\/it\/wp-json\/wp\/v2\/media\/29438"}],"wp:attachment":[{"href":"https:\/\/antderground.com\/it\/wp-json\/wp\/v2\/media?parent=29909"}],"wp:term":[{"taxonomy":"product_brand","embeddable":true,"href":"https:\/\/antderground.com\/it\/wp-json\/wp\/v2\/product_brand?post=29909"},{"taxonomy":"product_cat","embeddable":true,"href":"https:\/\/antderground.com\/it\/wp-json\/wp\/v2\/product_cat?post=29909"},{"taxonomy":"product_tag","embeddable":true,"href":"https:\/\/antderground.com\/it\/wp-json\/wp\/v2\/product_tag?post=29909"}],"curies":[{"name":"wp","href":"https:\/\/api.w.org\/{rel}","templated":true}]}}