{"id":31107,"date":"2023-11-23T23:33:59","date_gmt":"2023-11-23T22:33:59","guid":{"rendered":"https:\/\/www.antderground.com\/producto\/kit-formicai-modulari-3d-xl\/"},"modified":"2023-11-23T23:33:59","modified_gmt":"2023-11-23T22:33:59","slug":"kit-formicai-modulari-3d-xl","status":"publish","type":"product","link":"https:\/\/antderground.com\/it\/prodotto\/kit-formicai-modulari-3d-xl\/","title":{"rendered":"Kit formicai modulari 3D (XL)"},"content":{"rendered":"<p>Se stai pensando di avere una grande colonia di formiche, questo kit di formicai modulari 3D \u00e8 perfetto per creare uno spazio autentico come un esperto in mirmecologia.<\/p>\n<h2>Informazioni dettagliate sul kit di formicai modulari 3D.<\/h2>\n<p>Come si commenta nella parte superiore, questo kit \u00e8 composto da:<\/p>\n<h4>(2) Formicai modulari 3D (10&#215;20):<\/h4>\n<p>Dimensioni: 10&#215;20<br \/>\nSerbatoi: (2) da 20 ml ciascuno.<br \/>\nColore: Bianco\/Giallo.<br \/>\nCoperchio: Incluso, colore Rosso.<br \/>\nModulare: S\u00ec.<br \/>\nPorte interne: 1.<br \/>\nPorte esterne: 6.<\/p>\n<h4>(1) Formicaio modulare 3D (10&#215;10):<\/h4>\n<p>Dimensioni: 10 cm x 10 cm.<br \/>\nTanica: 35 ml (nuovo sistema di connessione facile).<br \/>\nCamere\/galleria: diverse altezze.<br \/>\nColore: Bianco<br \/>\nCoperchio: incluso Colore rosso.<br \/>\nModulare: S\u00ec<\/p>\n<h4>(1) Scatola di foraggiamento<\/h4>\n<p>Dimensioni: 20x20x15(cm)<br \/>\nMateriale: Metacrilato\/PLA (3D)<br \/>\nConnessioni\/Ingressi: 8<br \/>\nModulare: s\u00ec<br \/>\nCopertura superiore: s\u00ec<br \/>\nVentilazione: Si parte superiore.<\/p>\n<p>&nbsp;<\/p>\n<h4>(5) Coperture rosse per formicai<\/h4>\n<h4>(6) Connettori modulari<\/h4>\n<p>&nbsp;<\/p>\n","protected":false},"excerpt":{"rendered":"<p>Un kit di formicai ideale per ospitare grandi colonie di formiche, goditi l&#8217;osservazione e la cura delle tue formiche in spazi ampi. Un&#8217;esperienza grandiosa! Un regno perfetto per le tue formiche!<\/p>\n<p><strong>Il kit contiene:<\/strong><br \/>\n(2) Formicai modulari 3D (10&#215;20).<br \/>\n(1) Hormiguero modular 3D (10&#215;10).<br \/>\n(1) Scatola di foraggiamento .<br \/>\n(5) Coperture rosse per formicai (6) Connettori modulari.<\/p>\n","protected":false},"featured_media":31094,"template":"","meta":[],"product_brand":[],"product_cat":[337,340],"product_tag":[],"class_list":{"0":"post-31107","1":"product","2":"type-product","3":"status-publish","4":"has-post-thumbnail","6":"product_cat-formicai","7":"product_cat-kit-formicaio","9":"first","10":"instock","11":"sale","12":"shipping-taxable","13":"purchasable","14":"product-type-simple"},"yoast_head":"<!-- This site is optimized with the Yoast SEO plugin v27.3 - https:\/\/yoast.com\/product\/yoast-seo-wordpress\/ -->\n<title>Kit formicai modulari 3D (XL) - ANTDERGROUND<\/title>\n<meta name=\"description\" content=\"Un kit completo di formicai modulari 3D collegati a una grande scatola di foraggiamento! Un fantastico kit per ospitare colonie di formiche! Un regno per le formiche.\" \/>\n<meta name=\"robots\" content=\"index, follow, max-snippet:-1, max-image-preview:large, max-video-preview:-1\" \/>\n<link rel=\"canonical\" href=\"https:\/\/antderground.com\/it\/prodotto\/kit-formicai-modulari-3d-xl\/\" \/>\n<meta property=\"og:locale\" content=\"it_IT\" \/>\n<meta property=\"og:type\" content=\"article\" \/>\n<meta property=\"og:title\" content=\"Kit formicai modulari 3D (XL) - ANTDERGROUND\" \/>\n<meta property=\"og:description\" content=\"Un kit completo di formicai modulari 3D collegati a una grande scatola di foraggiamento! Un fantastico kit per ospitare colonie di formiche! Un regno per le formiche.\" \/>\n<meta property=\"og:url\" content=\"https:\/\/antderground.com\/it\/prodotto\/kit-formicai-modulari-3d-xl\/\" \/>\n<meta property=\"og:site_name\" content=\"ANTDERGROUND\" \/>\n<meta property=\"og:image\" content=\"https:\/\/antderground.com\/wp-content\/uploads\/2023\/11\/Kit-Hormigueros-modulares-3D-XL.jpg\" \/>\n\t<meta property=\"og:image:width\" content=\"1335\" \/>\n\t<meta property=\"og:image:height\" content=\"1335\" \/>\n\t<meta property=\"og:image:type\" content=\"image\/jpeg\" \/>\n<meta name=\"twitter:card\" content=\"summary_large_image\" \/>\n<meta name=\"twitter:label1\" content=\"Tempo di lettura stimato\" \/>\n\t<meta name=\"twitter:data1\" content=\"1 minuto\" \/>\n<script type=\"application\/ld+json\" class=\"yoast-schema-graph\">{\"@context\":\"https:\\\/\\\/schema.org\",\"@graph\":[{\"@type\":\"WebPage\",\"@id\":\"https:\\\/\\\/antderground.com\\\/it\\\/prodotto\\\/kit-formicai-modulari-3d-xl\\\/\",\"url\":\"https:\\\/\\\/antderground.com\\\/it\\\/prodotto\\\/kit-formicai-modulari-3d-xl\\\/\",\"name\":\"Kit formicai modulari 3D (XL) - ANTDERGROUND\",\"isPartOf\":{\"@id\":\"https:\\\/\\\/antderground.com\\\/it\\\/#website\"},\"primaryImageOfPage\":{\"@id\":\"https:\\\/\\\/antderground.com\\\/it\\\/prodotto\\\/kit-formicai-modulari-3d-xl\\\/#primaryimage\"},\"image\":{\"@id\":\"https:\\\/\\\/antderground.com\\\/it\\\/prodotto\\\/kit-formicai-modulari-3d-xl\\\/#primaryimage\"},\"thumbnailUrl\":\"https:\\\/\\\/antderground.com\\\/wp-content\\\/uploads\\\/2023\\\/11\\\/Kit-Hormigueros-modulares-3D-XL.jpg\",\"datePublished\":\"2023-11-23T22:33:59+00:00\",\"description\":\"Un kit completo di formicai modulari 3D collegati a una grande scatola di foraggiamento! Un fantastico kit per ospitare colonie di formiche! Un regno per le formiche.\",\"breadcrumb\":{\"@id\":\"https:\\\/\\\/antderground.com\\\/it\\\/prodotto\\\/kit-formicai-modulari-3d-xl\\\/#breadcrumb\"},\"inLanguage\":\"it-IT\",\"potentialAction\":[{\"@type\":\"ReadAction\",\"target\":[\"https:\\\/\\\/antderground.com\\\/it\\\/prodotto\\\/kit-formicai-modulari-3d-xl\\\/\"]}]},{\"@type\":\"ImageObject\",\"inLanguage\":\"it-IT\",\"@id\":\"https:\\\/\\\/antderground.com\\\/it\\\/prodotto\\\/kit-formicai-modulari-3d-xl\\\/#primaryimage\",\"url\":\"https:\\\/\\\/antderground.com\\\/wp-content\\\/uploads\\\/2023\\\/11\\\/Kit-Hormigueros-modulares-3D-XL.jpg\",\"contentUrl\":\"https:\\\/\\\/antderground.com\\\/wp-content\\\/uploads\\\/2023\\\/11\\\/Kit-Hormigueros-modulares-3D-XL.jpg\",\"width\":1335,\"height\":1335,\"caption\":\"Kit formicai modulari 3D (XL)\"},{\"@type\":\"BreadcrumbList\",\"@id\":\"https:\\\/\\\/antderground.com\\\/it\\\/prodotto\\\/kit-formicai-modulari-3d-xl\\\/#breadcrumb\",\"itemListElement\":[{\"@type\":\"ListItem\",\"position\":1,\"name\":\"Portada\",\"item\":\"https:\\\/\\\/antderground.com\\\/it\\\/\"},{\"@type\":\"ListItem\",\"position\":2,\"name\":\"Prodotti\",\"item\":\"https:\\\/\\\/antderground.com\\\/it\\\/prodotti\\\/\"},{\"@type\":\"ListItem\",\"position\":3,\"name\":\"Kit formicai modulari 3D (XL)\"}]},{\"@type\":\"WebSite\",\"@id\":\"https:\\\/\\\/antderground.com\\\/it\\\/#website\",\"url\":\"https:\\\/\\\/antderground.com\\\/it\\\/\",\"name\":\"ANTDERGROUND\",\"description\":\"Tu tienda de hormigas, gran variedad de hormigueros acr\u00edlicos,madera,arena,3D y mas.. Pide tus hormigas gratis con tu pedido, somos expertos en hormigueros antifugas.\",\"publisher\":{\"@id\":\"https:\\\/\\\/antderground.com\\\/it\\\/#\\\/schema\\\/person\\\/0e322c505e84fe72c65e2f6d08f96b81\"},\"alternateName\":\"Antderground\",\"potentialAction\":[{\"@type\":\"SearchAction\",\"target\":{\"@type\":\"EntryPoint\",\"urlTemplate\":\"https:\\\/\\\/antderground.com\\\/it\\\/?s={search_term_string}\"},\"query-input\":{\"@type\":\"PropertyValueSpecification\",\"valueRequired\":true,\"valueName\":\"search_term_string\"}}],\"inLanguage\":\"it-IT\"},{\"@type\":[\"Person\",\"Organization\"],\"@id\":\"https:\\\/\\\/antderground.com\\\/it\\\/#\\\/schema\\\/person\\\/0e322c505e84fe72c65e2f6d08f96b81\",\"name\":\"Eric de Antderground\",\"image\":{\"@type\":\"ImageObject\",\"inLanguage\":\"it-IT\",\"@id\":\"https:\\\/\\\/secure.gravatar.com\\\/avatar\\\/c49a1b9f79216d1498cb73c1e85cd47f4465dda35f2a94c03790d491bd4423c3?s=96&d=mm&r=g\",\"url\":\"https:\\\/\\\/secure.gravatar.com\\\/avatar\\\/c49a1b9f79216d1498cb73c1e85cd47f4465dda35f2a94c03790d491bd4423c3?s=96&d=mm&r=g\",\"contentUrl\":\"https:\\\/\\\/secure.gravatar.com\\\/avatar\\\/c49a1b9f79216d1498cb73c1e85cd47f4465dda35f2a94c03790d491bd4423c3?s=96&d=mm&r=g\",\"caption\":\"Eric de Antderground\"},\"logo\":{\"@id\":\"https:\\\/\\\/secure.gravatar.com\\\/avatar\\\/c49a1b9f79216d1498cb73c1e85cd47f4465dda35f2a94c03790d491bd4423c3?s=96&d=mm&r=g\"},\"description\":\"Eric es el especialista y fundador de Antderground, con una amplia trayectoria en artr\u00f3podos y enfocado en la mirmecolog\u00eda y el dise\u00f1o de hormigueros artificiales. Su enfoque combina la innovaci\u00f3n t\u00e9cnica con el respeto por la biolog\u00eda de las hormigas, is\u00f3podos y otros, desarrollando sistemas de nidos modulares 3D y acr\u00edlicos que son referentes para aficionados y profesionales en toda Europa. Su objetivo es facilitar la cr\u00eda de hormigas y otros artr\u00f3podos mediante soluciones seguras y divulgaci\u00f3n de calidad.\",\"sameAs\":[\"https:\\\/\\\/antderground.com\\\/\",\"https:\\\/\\\/www.youtube.com\\\/channel\\\/UCio72z7TlbufkAthAJIJfPw\"]}]}<\/script>\n<!-- \/ Yoast SEO plugin. -->","yoast_head_json":{"title":"Kit formicai modulari 3D (XL) - ANTDERGROUND","description":"Un kit completo di formicai modulari 3D collegati a una grande scatola di foraggiamento! Un fantastico kit per ospitare colonie di formiche! Un regno per le formiche.","robots":{"index":"index","follow":"follow","max-snippet":"max-snippet:-1","max-image-preview":"max-image-preview:large","max-video-preview":"max-video-preview:-1"},"canonical":"https:\/\/antderground.com\/it\/prodotto\/kit-formicai-modulari-3d-xl\/","og_locale":"it_IT","og_type":"article","og_title":"Kit formicai modulari 3D (XL) - ANTDERGROUND","og_description":"Un kit completo di formicai modulari 3D collegati a una grande scatola di foraggiamento! Un fantastico kit per ospitare colonie di formiche! Un regno per le formiche.","og_url":"https:\/\/antderground.com\/it\/prodotto\/kit-formicai-modulari-3d-xl\/","og_site_name":"ANTDERGROUND","og_image":[{"width":1335,"height":1335,"url":"https:\/\/antderground.com\/wp-content\/uploads\/2023\/11\/Kit-Hormigueros-modulares-3D-XL.jpg","type":"image\/jpeg"}],"twitter_card":"summary_large_image","twitter_misc":{"Tempo di lettura stimato":"1 minuto"},"schema":{"@context":"https:\/\/schema.org","@graph":[{"@type":"WebPage","@id":"https:\/\/antderground.com\/it\/prodotto\/kit-formicai-modulari-3d-xl\/","url":"https:\/\/antderground.com\/it\/prodotto\/kit-formicai-modulari-3d-xl\/","name":"Kit formicai modulari 3D (XL) - ANTDERGROUND","isPartOf":{"@id":"https:\/\/antderground.com\/it\/#website"},"primaryImageOfPage":{"@id":"https:\/\/antderground.com\/it\/prodotto\/kit-formicai-modulari-3d-xl\/#primaryimage"},"image":{"@id":"https:\/\/antderground.com\/it\/prodotto\/kit-formicai-modulari-3d-xl\/#primaryimage"},"thumbnailUrl":"https:\/\/antderground.com\/wp-content\/uploads\/2023\/11\/Kit-Hormigueros-modulares-3D-XL.jpg","datePublished":"2023-11-23T22:33:59+00:00","description":"Un kit completo di formicai modulari 3D collegati a una grande scatola di foraggiamento! Un fantastico kit per ospitare colonie di formiche! Un regno per le formiche.","breadcrumb":{"@id":"https:\/\/antderground.com\/it\/prodotto\/kit-formicai-modulari-3d-xl\/#breadcrumb"},"inLanguage":"it-IT","potentialAction":[{"@type":"ReadAction","target":["https:\/\/antderground.com\/it\/prodotto\/kit-formicai-modulari-3d-xl\/"]}]},{"@type":"ImageObject","inLanguage":"it-IT","@id":"https:\/\/antderground.com\/it\/prodotto\/kit-formicai-modulari-3d-xl\/#primaryimage","url":"https:\/\/antderground.com\/wp-content\/uploads\/2023\/11\/Kit-Hormigueros-modulares-3D-XL.jpg","contentUrl":"https:\/\/antderground.com\/wp-content\/uploads\/2023\/11\/Kit-Hormigueros-modulares-3D-XL.jpg","width":1335,"height":1335,"caption":"Kit formicai modulari 3D (XL)"},{"@type":"BreadcrumbList","@id":"https:\/\/antderground.com\/it\/prodotto\/kit-formicai-modulari-3d-xl\/#breadcrumb","itemListElement":[{"@type":"ListItem","position":1,"name":"Portada","item":"https:\/\/antderground.com\/it\/"},{"@type":"ListItem","position":2,"name":"Prodotti","item":"https:\/\/antderground.com\/it\/prodotti\/"},{"@type":"ListItem","position":3,"name":"Kit formicai modulari 3D (XL)"}]},{"@type":"WebSite","@id":"https:\/\/antderground.com\/it\/#website","url":"https:\/\/antderground.com\/it\/","name":"ANTDERGROUND","description":"Tu tienda de hormigas, gran variedad de hormigueros acr\u00edlicos,madera,arena,3D y mas.. Pide tus hormigas gratis con tu pedido, somos expertos en hormigueros antifugas.","publisher":{"@id":"https:\/\/antderground.com\/it\/#\/schema\/person\/0e322c505e84fe72c65e2f6d08f96b81"},"alternateName":"Antderground","potentialAction":[{"@type":"SearchAction","target":{"@type":"EntryPoint","urlTemplate":"https:\/\/antderground.com\/it\/?s={search_term_string}"},"query-input":{"@type":"PropertyValueSpecification","valueRequired":true,"valueName":"search_term_string"}}],"inLanguage":"it-IT"},{"@type":["Person","Organization"],"@id":"https:\/\/antderground.com\/it\/#\/schema\/person\/0e322c505e84fe72c65e2f6d08f96b81","name":"Eric de Antderground","image":{"@type":"ImageObject","inLanguage":"it-IT","@id":"https:\/\/secure.gravatar.com\/avatar\/c49a1b9f79216d1498cb73c1e85cd47f4465dda35f2a94c03790d491bd4423c3?s=96&d=mm&r=g","url":"https:\/\/secure.gravatar.com\/avatar\/c49a1b9f79216d1498cb73c1e85cd47f4465dda35f2a94c03790d491bd4423c3?s=96&d=mm&r=g","contentUrl":"https:\/\/secure.gravatar.com\/avatar\/c49a1b9f79216d1498cb73c1e85cd47f4465dda35f2a94c03790d491bd4423c3?s=96&d=mm&r=g","caption":"Eric de Antderground"},"logo":{"@id":"https:\/\/secure.gravatar.com\/avatar\/c49a1b9f79216d1498cb73c1e85cd47f4465dda35f2a94c03790d491bd4423c3?s=96&d=mm&r=g"},"description":"Eric es el especialista y fundador de Antderground, con una amplia trayectoria en artr\u00f3podos y enfocado en la mirmecolog\u00eda y el dise\u00f1o de hormigueros artificiales. Su enfoque combina la innovaci\u00f3n t\u00e9cnica con el respeto por la biolog\u00eda de las hormigas, is\u00f3podos y otros, desarrollando sistemas de nidos modulares 3D y acr\u00edlicos que son referentes para aficionados y profesionales en toda Europa. Su objetivo es facilitar la cr\u00eda de hormigas y otros artr\u00f3podos mediante soluciones seguras y divulgaci\u00f3n de calidad.","sameAs":["https:\/\/antderground.com\/","https:\/\/www.youtube.com\/channel\/UCio72z7TlbufkAthAJIJfPw"]}]}},"_links":{"self":[{"href":"https:\/\/antderground.com\/it\/wp-json\/wp\/v2\/product\/31107","targetHints":{"allow":["GET"]}}],"collection":[{"href":"https:\/\/antderground.com\/it\/wp-json\/wp\/v2\/product"}],"about":[{"href":"https:\/\/antderground.com\/it\/wp-json\/wp\/v2\/types\/product"}],"version-history":[{"count":0,"href":"https:\/\/antderground.com\/it\/wp-json\/wp\/v2\/product\/31107\/revisions"}],"wp:featuredmedia":[{"embeddable":true,"href":"https:\/\/antderground.com\/it\/wp-json\/wp\/v2\/media\/31094"}],"wp:attachment":[{"href":"https:\/\/antderground.com\/it\/wp-json\/wp\/v2\/media?parent=31107"}],"wp:term":[{"taxonomy":"product_brand","embeddable":true,"href":"https:\/\/antderground.com\/it\/wp-json\/wp\/v2\/product_brand?post=31107"},{"taxonomy":"product_cat","embeddable":true,"href":"https:\/\/antderground.com\/it\/wp-json\/wp\/v2\/product_cat?post=31107"},{"taxonomy":"product_tag","embeddable":true,"href":"https:\/\/antderground.com\/it\/wp-json\/wp\/v2\/product_tag?post=31107"}],"curies":[{"name":"wp","href":"https:\/\/api.w.org\/{rel}","templated":true}]}}