{"id":31402,"date":"2023-12-11T11:54:07","date_gmt":"2023-12-11T10:54:07","guid":{"rendered":"https:\/\/www.antderground.com\/producto\/kit-modulare-3d-m\/"},"modified":"2023-12-11T11:54:07","modified_gmt":"2023-12-11T10:54:07","slug":"kit-modulare-3d-m","status":"publish","type":"product","link":"https:\/\/antderground.com\/it\/prodotto\/kit-modulare-3d-m\/","title":{"rendered":"Kit modulare 3D (M)"},"content":{"rendered":"<h2>Kit Modulare 3D (M): Esplora il Mondo Affascinante delle Formiche<\/h2>\n<h3>Introduzione<\/h3>\n<p>Immergiti nella mirmecologia con il nostro Kit Modulare 3D (M), perfetto per avviare colonie di formiche. Questo kit, completamente modulare, ti offre la libert\u00e0 di personalizzare ed espandere il tuo habitat secondo le tue preferenze.<\/p>\n<h3>Contenuto del Kit<\/h3>\n<p><strong>1. Scatola di foraggiamento 10&#215;20 (cm).<\/strong><\/p>\n<p>Inizia la tua avventura con una spaziosa Scatola di foraggiamento di 10&#215;20 cm, fornendo uno spazio sicuro per le attivit\u00e0 quotidiane delle tue formiche.<\/p>\n<p><strong>2. Formicaio Modulare 3D 10&#215;20 (cm).<\/strong><\/p>\n<p>Il cuore del tuo habitat \u00e8 il formicaio modulare 3D, progettato per ricreare le condizioni naturali ideali e favorire lo sviluppo della tua colonia.<\/p>\n<p><strong>3. Connettori Modulari.<\/strong><\/p>\n<p>La versatilit\u00e0 del kit risiede nei connettori modulari, che ti consentono di unire la Scatola di foraggiamento ed espandere il tuo habitat con facilit\u00e0.<\/p>\n<p><strong>4. Coperchio Rosso del Formicaio.<\/strong><\/p>\n<p>Garantisci la sicurezza delle tue formiche con il coperchio rosso appositamente progettato per il formicaio.<\/p>\n<h2>Conclusione<\/h2>\n<p>Esplora, impara e goditi il mondo affascinante delle formiche con il nostro Kit Modulare 3D (M). Crea un ambiente unico per le tue colonie e osserva come prosperano nel loro nuovo habitat. Benvenuto nella straordinaria comunit\u00e0 della mirmecologia!<\/p>\n","protected":false},"excerpt":{"rendered":"<p>Un kit modulare 3D taglia (Media) perfetto per iniziare ad avere colonie di formiche. Con il grande vantaggio di essere modulare e potersi ampliare a piacimento!!<\/p>\n<p><strong>La confezione contiene:<\/strong><br \/>\n1 Scatola di foraggiamento 10&#215;20 (cm).<br \/>\n1 formicaio modulare 3D 10&#215;20 (cm).<br \/>\n2 connettori modulari.<br \/>\n1 coperchio rosso.<\/p>\n","protected":false},"featured_media":31384,"template":"","meta":[],"product_brand":[],"product_cat":[337,340],"product_tag":[],"class_list":{"0":"post-31402","1":"product","2":"type-product","3":"status-publish","4":"has-post-thumbnail","6":"product_cat-formicai","7":"product_cat-kit-formicaio","9":"first","10":"instock","11":"sale","12":"shipping-taxable","13":"purchasable","14":"product-type-simple"},"yoast_head":"<!-- This site is optimized with the Yoast SEO plugin v27.4 - https:\/\/yoast.com\/product\/yoast-seo-wordpress\/ -->\n<title>Kit modulare 3D (M) | Formicaio 10x20 + Foraggiamento 10x20 - ANTDERGROUND<\/title>\n<meta name=\"description\" content=\"Sorprendente kit modulare 3D (M) composto da un formicaio 3D 10x20 e una scatola di foraggiamento 10x20. Perfetto per le vostre colonie di formiche!! Brutale!!! ;-)\" \/>\n<meta name=\"robots\" content=\"index, follow, max-snippet:-1, max-image-preview:large, max-video-preview:-1\" \/>\n<link rel=\"canonical\" href=\"https:\/\/antderground.com\/it\/prodotto\/kit-modulare-3d-m\/\" \/>\n<meta property=\"og:locale\" content=\"it_IT\" \/>\n<meta property=\"og:type\" content=\"article\" \/>\n<meta property=\"og:title\" content=\"Kit modulare 3D (M) | Formicaio 10x20 + Foraggiamento 10x20 - ANTDERGROUND\" \/>\n<meta property=\"og:description\" content=\"Sorprendente kit modulare 3D (M) composto da un formicaio 3D 10x20 e una scatola di foraggiamento 10x20. Perfetto per le vostre colonie di formiche!! Brutale!!! ;-)\" \/>\n<meta property=\"og:url\" content=\"https:\/\/antderground.com\/it\/prodotto\/kit-modulare-3d-m\/\" \/>\n<meta property=\"og:site_name\" content=\"ANTDERGROUND\" \/>\n<meta property=\"og:image\" content=\"https:\/\/antderground.com\/wp-content\/uploads\/2023\/12\/modular3d-mediano.jpg\" \/>\n\t<meta property=\"og:image:width\" content=\"1280\" \/>\n\t<meta property=\"og:image:height\" content=\"1280\" \/>\n\t<meta property=\"og:image:type\" content=\"image\/jpeg\" \/>\n<meta name=\"twitter:card\" content=\"summary_large_image\" \/>\n<meta name=\"twitter:label1\" content=\"Tempo di lettura stimato\" \/>\n\t<meta name=\"twitter:data1\" content=\"1 minuto\" \/>\n<script type=\"application\/ld+json\" class=\"yoast-schema-graph\">{\"@context\":\"https:\\\/\\\/schema.org\",\"@graph\":[{\"@type\":\"WebPage\",\"@id\":\"https:\\\/\\\/antderground.com\\\/it\\\/prodotto\\\/kit-modulare-3d-m\\\/\",\"url\":\"https:\\\/\\\/antderground.com\\\/it\\\/prodotto\\\/kit-modulare-3d-m\\\/\",\"name\":\"Kit modulare 3D (M) | Formicaio 10x20 + Foraggiamento 10x20 - ANTDERGROUND\",\"isPartOf\":{\"@id\":\"https:\\\/\\\/antderground.com\\\/it\\\/#website\"},\"primaryImageOfPage\":{\"@id\":\"https:\\\/\\\/antderground.com\\\/it\\\/prodotto\\\/kit-modulare-3d-m\\\/#primaryimage\"},\"image\":{\"@id\":\"https:\\\/\\\/antderground.com\\\/it\\\/prodotto\\\/kit-modulare-3d-m\\\/#primaryimage\"},\"thumbnailUrl\":\"https:\\\/\\\/antderground.com\\\/wp-content\\\/uploads\\\/2023\\\/12\\\/modular3d-mediano.jpg\",\"datePublished\":\"2023-12-11T10:54:07+00:00\",\"description\":\"Sorprendente kit modulare 3D (M) composto da un formicaio 3D 10x20 e una scatola di foraggiamento 10x20. Perfetto per le vostre colonie di formiche!! Brutale!!! ;-)\",\"breadcrumb\":{\"@id\":\"https:\\\/\\\/antderground.com\\\/it\\\/prodotto\\\/kit-modulare-3d-m\\\/#breadcrumb\"},\"inLanguage\":\"it-IT\",\"potentialAction\":[{\"@type\":\"ReadAction\",\"target\":[\"https:\\\/\\\/antderground.com\\\/it\\\/prodotto\\\/kit-modulare-3d-m\\\/\"]}]},{\"@type\":\"ImageObject\",\"inLanguage\":\"it-IT\",\"@id\":\"https:\\\/\\\/antderground.com\\\/it\\\/prodotto\\\/kit-modulare-3d-m\\\/#primaryimage\",\"url\":\"https:\\\/\\\/antderground.com\\\/wp-content\\\/uploads\\\/2023\\\/12\\\/modular3d-mediano.jpg\",\"contentUrl\":\"https:\\\/\\\/antderground.com\\\/wp-content\\\/uploads\\\/2023\\\/12\\\/modular3d-mediano.jpg\",\"width\":1280,\"height\":1280,\"caption\":\"Kit formicaio modulare 3D con scatola di foraggiamento 3D\"},{\"@type\":\"BreadcrumbList\",\"@id\":\"https:\\\/\\\/antderground.com\\\/it\\\/prodotto\\\/kit-modulare-3d-m\\\/#breadcrumb\",\"itemListElement\":[{\"@type\":\"ListItem\",\"position\":1,\"name\":\"Portada\",\"item\":\"https:\\\/\\\/antderground.com\\\/it\\\/\"},{\"@type\":\"ListItem\",\"position\":2,\"name\":\"Prodotti\",\"item\":\"https:\\\/\\\/antderground.com\\\/it\\\/prodotti\\\/\"},{\"@type\":\"ListItem\",\"position\":3,\"name\":\"Kit modulare 3D (M)\"}]},{\"@type\":\"WebSite\",\"@id\":\"https:\\\/\\\/antderground.com\\\/it\\\/#website\",\"url\":\"https:\\\/\\\/antderground.com\\\/it\\\/\",\"name\":\"ANTDERGROUND\",\"description\":\"Tu tienda de hormigas, gran variedad de hormigueros acr\u00edlicos,madera,arena,3D y mas.. Pide tus hormigas gratis con tu pedido, somos expertos en hormigueros antifugas.\",\"publisher\":{\"@id\":\"https:\\\/\\\/antderground.com\\\/it\\\/#\\\/schema\\\/person\\\/0e322c505e84fe72c65e2f6d08f96b81\"},\"alternateName\":\"Antderground\",\"potentialAction\":[{\"@type\":\"SearchAction\",\"target\":{\"@type\":\"EntryPoint\",\"urlTemplate\":\"https:\\\/\\\/antderground.com\\\/it\\\/?s={search_term_string}\"},\"query-input\":{\"@type\":\"PropertyValueSpecification\",\"valueRequired\":true,\"valueName\":\"search_term_string\"}}],\"inLanguage\":\"it-IT\"},{\"@type\":[\"Person\",\"Organization\"],\"@id\":\"https:\\\/\\\/antderground.com\\\/it\\\/#\\\/schema\\\/person\\\/0e322c505e84fe72c65e2f6d08f96b81\",\"name\":\"Eric de Antderground\",\"image\":{\"@type\":\"ImageObject\",\"inLanguage\":\"it-IT\",\"@id\":\"https:\\\/\\\/secure.gravatar.com\\\/avatar\\\/c49a1b9f79216d1498cb73c1e85cd47f4465dda35f2a94c03790d491bd4423c3?s=96&d=mm&r=g\",\"url\":\"https:\\\/\\\/secure.gravatar.com\\\/avatar\\\/c49a1b9f79216d1498cb73c1e85cd47f4465dda35f2a94c03790d491bd4423c3?s=96&d=mm&r=g\",\"contentUrl\":\"https:\\\/\\\/secure.gravatar.com\\\/avatar\\\/c49a1b9f79216d1498cb73c1e85cd47f4465dda35f2a94c03790d491bd4423c3?s=96&d=mm&r=g\",\"caption\":\"Eric de Antderground\"},\"logo\":{\"@id\":\"https:\\\/\\\/secure.gravatar.com\\\/avatar\\\/c49a1b9f79216d1498cb73c1e85cd47f4465dda35f2a94c03790d491bd4423c3?s=96&d=mm&r=g\"},\"description\":\"Eric es el especialista y fundador de Antderground, con una amplia trayectoria en artr\u00f3podos y enfocado en la mirmecolog\u00eda y el dise\u00f1o de hormigueros artificiales. Su enfoque combina la innovaci\u00f3n t\u00e9cnica con el respeto por la biolog\u00eda de las hormigas, is\u00f3podos y otros, desarrollando sistemas de nidos modulares 3D y acr\u00edlicos que son referentes para aficionados y profesionales en toda Europa. Su objetivo es facilitar la cr\u00eda de hormigas y otros artr\u00f3podos mediante soluciones seguras y divulgaci\u00f3n de calidad.\",\"sameAs\":[\"https:\\\/\\\/antderground.com\\\/\",\"https:\\\/\\\/www.youtube.com\\\/channel\\\/UCio72z7TlbufkAthAJIJfPw\"]}]}<\/script>\n<!-- \/ Yoast SEO plugin. -->","yoast_head_json":{"title":"Kit modulare 3D (M) | Formicaio 10x20 + Foraggiamento 10x20 - ANTDERGROUND","description":"Sorprendente kit modulare 3D (M) composto da un formicaio 3D 10x20 e una scatola di foraggiamento 10x20. Perfetto per le vostre colonie di formiche!! Brutale!!! ;-)","robots":{"index":"index","follow":"follow","max-snippet":"max-snippet:-1","max-image-preview":"max-image-preview:large","max-video-preview":"max-video-preview:-1"},"canonical":"https:\/\/antderground.com\/it\/prodotto\/kit-modulare-3d-m\/","og_locale":"it_IT","og_type":"article","og_title":"Kit modulare 3D (M) | Formicaio 10x20 + Foraggiamento 10x20 - ANTDERGROUND","og_description":"Sorprendente kit modulare 3D (M) composto da un formicaio 3D 10x20 e una scatola di foraggiamento 10x20. Perfetto per le vostre colonie di formiche!! Brutale!!! ;-)","og_url":"https:\/\/antderground.com\/it\/prodotto\/kit-modulare-3d-m\/","og_site_name":"ANTDERGROUND","og_image":[{"width":1280,"height":1280,"url":"https:\/\/antderground.com\/wp-content\/uploads\/2023\/12\/modular3d-mediano.jpg","type":"image\/jpeg"}],"twitter_card":"summary_large_image","twitter_misc":{"Tempo di lettura stimato":"1 minuto"},"schema":{"@context":"https:\/\/schema.org","@graph":[{"@type":"WebPage","@id":"https:\/\/antderground.com\/it\/prodotto\/kit-modulare-3d-m\/","url":"https:\/\/antderground.com\/it\/prodotto\/kit-modulare-3d-m\/","name":"Kit modulare 3D (M) | Formicaio 10x20 + Foraggiamento 10x20 - ANTDERGROUND","isPartOf":{"@id":"https:\/\/antderground.com\/it\/#website"},"primaryImageOfPage":{"@id":"https:\/\/antderground.com\/it\/prodotto\/kit-modulare-3d-m\/#primaryimage"},"image":{"@id":"https:\/\/antderground.com\/it\/prodotto\/kit-modulare-3d-m\/#primaryimage"},"thumbnailUrl":"https:\/\/antderground.com\/wp-content\/uploads\/2023\/12\/modular3d-mediano.jpg","datePublished":"2023-12-11T10:54:07+00:00","description":"Sorprendente kit modulare 3D (M) composto da un formicaio 3D 10x20 e una scatola di foraggiamento 10x20. Perfetto per le vostre colonie di formiche!! Brutale!!! ;-)","breadcrumb":{"@id":"https:\/\/antderground.com\/it\/prodotto\/kit-modulare-3d-m\/#breadcrumb"},"inLanguage":"it-IT","potentialAction":[{"@type":"ReadAction","target":["https:\/\/antderground.com\/it\/prodotto\/kit-modulare-3d-m\/"]}]},{"@type":"ImageObject","inLanguage":"it-IT","@id":"https:\/\/antderground.com\/it\/prodotto\/kit-modulare-3d-m\/#primaryimage","url":"https:\/\/antderground.com\/wp-content\/uploads\/2023\/12\/modular3d-mediano.jpg","contentUrl":"https:\/\/antderground.com\/wp-content\/uploads\/2023\/12\/modular3d-mediano.jpg","width":1280,"height":1280,"caption":"Kit formicaio modulare 3D con scatola di foraggiamento 3D"},{"@type":"BreadcrumbList","@id":"https:\/\/antderground.com\/it\/prodotto\/kit-modulare-3d-m\/#breadcrumb","itemListElement":[{"@type":"ListItem","position":1,"name":"Portada","item":"https:\/\/antderground.com\/it\/"},{"@type":"ListItem","position":2,"name":"Prodotti","item":"https:\/\/antderground.com\/it\/prodotti\/"},{"@type":"ListItem","position":3,"name":"Kit modulare 3D (M)"}]},{"@type":"WebSite","@id":"https:\/\/antderground.com\/it\/#website","url":"https:\/\/antderground.com\/it\/","name":"ANTDERGROUND","description":"Tu tienda de hormigas, gran variedad de hormigueros acr\u00edlicos,madera,arena,3D y mas.. Pide tus hormigas gratis con tu pedido, somos expertos en hormigueros antifugas.","publisher":{"@id":"https:\/\/antderground.com\/it\/#\/schema\/person\/0e322c505e84fe72c65e2f6d08f96b81"},"alternateName":"Antderground","potentialAction":[{"@type":"SearchAction","target":{"@type":"EntryPoint","urlTemplate":"https:\/\/antderground.com\/it\/?s={search_term_string}"},"query-input":{"@type":"PropertyValueSpecification","valueRequired":true,"valueName":"search_term_string"}}],"inLanguage":"it-IT"},{"@type":["Person","Organization"],"@id":"https:\/\/antderground.com\/it\/#\/schema\/person\/0e322c505e84fe72c65e2f6d08f96b81","name":"Eric de Antderground","image":{"@type":"ImageObject","inLanguage":"it-IT","@id":"https:\/\/secure.gravatar.com\/avatar\/c49a1b9f79216d1498cb73c1e85cd47f4465dda35f2a94c03790d491bd4423c3?s=96&d=mm&r=g","url":"https:\/\/secure.gravatar.com\/avatar\/c49a1b9f79216d1498cb73c1e85cd47f4465dda35f2a94c03790d491bd4423c3?s=96&d=mm&r=g","contentUrl":"https:\/\/secure.gravatar.com\/avatar\/c49a1b9f79216d1498cb73c1e85cd47f4465dda35f2a94c03790d491bd4423c3?s=96&d=mm&r=g","caption":"Eric de Antderground"},"logo":{"@id":"https:\/\/secure.gravatar.com\/avatar\/c49a1b9f79216d1498cb73c1e85cd47f4465dda35f2a94c03790d491bd4423c3?s=96&d=mm&r=g"},"description":"Eric es el especialista y fundador de Antderground, con una amplia trayectoria en artr\u00f3podos y enfocado en la mirmecolog\u00eda y el dise\u00f1o de hormigueros artificiales. Su enfoque combina la innovaci\u00f3n t\u00e9cnica con el respeto por la biolog\u00eda de las hormigas, is\u00f3podos y otros, desarrollando sistemas de nidos modulares 3D y acr\u00edlicos que son referentes para aficionados y profesionales en toda Europa. Su objetivo es facilitar la cr\u00eda de hormigas y otros artr\u00f3podos mediante soluciones seguras y divulgaci\u00f3n de calidad.","sameAs":["https:\/\/antderground.com\/","https:\/\/www.youtube.com\/channel\/UCio72z7TlbufkAthAJIJfPw"]}]}},"_links":{"self":[{"href":"https:\/\/antderground.com\/it\/wp-json\/wp\/v2\/product\/31402","targetHints":{"allow":["GET"]}}],"collection":[{"href":"https:\/\/antderground.com\/it\/wp-json\/wp\/v2\/product"}],"about":[{"href":"https:\/\/antderground.com\/it\/wp-json\/wp\/v2\/types\/product"}],"version-history":[{"count":0,"href":"https:\/\/antderground.com\/it\/wp-json\/wp\/v2\/product\/31402\/revisions"}],"wp:featuredmedia":[{"embeddable":true,"href":"https:\/\/antderground.com\/it\/wp-json\/wp\/v2\/media\/31384"}],"wp:attachment":[{"href":"https:\/\/antderground.com\/it\/wp-json\/wp\/v2\/media?parent=31402"}],"wp:term":[{"taxonomy":"product_brand","embeddable":true,"href":"https:\/\/antderground.com\/it\/wp-json\/wp\/v2\/product_brand?post=31402"},{"taxonomy":"product_cat","embeddable":true,"href":"https:\/\/antderground.com\/it\/wp-json\/wp\/v2\/product_cat?post=31402"},{"taxonomy":"product_tag","embeddable":true,"href":"https:\/\/antderground.com\/it\/wp-json\/wp\/v2\/product_tag?post=31402"}],"curies":[{"name":"wp","href":"https:\/\/api.w.org\/{rel}","templated":true}]}}