{"id":32581,"date":"2024-02-04T00:14:53","date_gmt":"2024-02-03T23:14:53","guid":{"rendered":"https:\/\/www.antderground.com\/producto\/camponotus-renggeri\/"},"modified":"2024-02-04T00:14:53","modified_gmt":"2024-02-03T23:14:53","slug":"camponotus-renggeri","status":"publish","type":"product","link":"https:\/\/antderground.com\/it\/prodotto\/camponotus-renggeri\/","title":{"rendered":"Camponotus renggeri"},"content":{"rendered":"<h2>Scheda tecnica della formica Camponotus renggeri<\/h2>\n<p><strong>Nome Scientifico:<\/strong> Camponotus renggeri<\/p>\n<p><strong>Nome Comune:<\/strong> Formica carpentiere<\/p>\n<p><strong>Classificazione Tassonomica:<\/strong><\/p>\n<ul>\n<li>Regno: Animalia<\/li>\n<li>Phylum: Arthropoda<\/li>\n<li>Classe: Insecta<\/li>\n<li>Ordine: Hymenoptera<\/li>\n<li>Famiglia: Formicidae<\/li>\n<li>Genere: Camponotus<\/li>\n<li>Specie: C. renggeri<\/li>\n<\/ul>\n<p><strong>Descrizione Morfologica:<\/strong><\/p>\n<ul>\n<li>Dimensioni: Variabili, tra 5 e 15 mm di lunghezza.<\/li>\n<li>Colore: Principalmente nero con alcune aree rossastre sull&#8217;addome.<\/li>\n<li>Corpo: Suddiviso in testa, torace e addome. La testa \u00e8 grande rispetto al resto del corpo. Le antenne sono lunghe e segmentate.<\/li>\n<li>Mandibole: Forti e robuste, utilizzate per manipolare il cibo e difendersi.<\/li>\n<li>Occhi: Ben sviluppati, di solito neri.<\/li>\n<\/ul>\n<p><strong>Habitat:<\/strong><\/p>\n<ul>\n<li>Foreste tropicali e subtropicali.<\/li>\n<li>Possono essere trovate sia in aree alberate che terrestri.<\/li>\n<li>Costruiscono i nidi nel legno in decomposizione, sotto la corteccia degli alberi o nel terreno.<\/li>\n<\/ul>\n<p><strong>Distribuzione Geografica:<\/strong><\/p>\n<ul>\n<li>Si trova principalmente in America del Sud, tra cui Brasile, Argentina, Paraguay e Uruguay.<\/li>\n<li>Sono state registrate anche popolazioni in regioni dell&#8217;America Centrale.<\/li>\n<\/ul>\n<p><strong>Alimentazione:<\/strong><\/p>\n<ul>\n<li>Sono onnivore, si nutrono di una vasta gamma di fonti, tra cui nettare, frutta, insetti morti e altri piccoli invertebrati.<\/li>\n<li>Possono stabilire relazioni di simbiosi con alcune specie di piante che forniscono nettare o protezione.<\/li>\n<\/ul>\n<p><strong>Comportamento:<\/strong><\/p>\n<ul>\n<li>Sono formiche sociali, organizzate in colonie con una gerarchia definita.<\/li>\n<li>Le colonie possono variare in dimensioni da alcune centinaia a diverse migliaia di individui.<\/li>\n<li>Mostrano comportamenti di ricerca sia diurni che notturni, a seconda dei fattori ambientali e della disponibilit\u00e0 di risorse.<\/li>\n<li>Comunicazione: Utilizzano una combinazione di feromoni e comunicazione tattile per coordinare le attivit\u00e0 all&#8217;interno della colonia.<\/li>\n<\/ul>\n<p><strong>Importanza Ecologica:<\/strong><\/p>\n<ul>\n<li>Come predatori e decompositori, svolgono un ruolo cruciale negli ecosistemi forestali controllando le popolazioni di insetti e contribuendo alla decomposizione della materia organica.<\/li>\n<li>Alcune specie di Camponotus possono anche essere importanti dispersori di semi.<\/li>\n<\/ul>\n","protected":false},"excerpt":{"rendered":"<p>Scopri la formica Camponotus renggeri! Una formica curiosa, esotica e perfetta per il tuo formicaio artificiale. Scoprili oggi!<\/p>\n","protected":false},"featured_media":32541,"template":"","meta":[],"product_brand":[],"product_cat":[332,476],"product_tag":[],"class_list":{"0":"post-32581","1":"product","2":"type-product","3":"status-publish","4":"has-post-thumbnail","6":"product_cat-formiche","7":"product_cat-formiche-esotiche","9":"first","10":"outofstock","11":"shipping-taxable","12":"purchasable","13":"product-type-variable"},"yoast_head":"<!-- This site is optimized with the Yoast SEO plugin v27.3 - https:\/\/yoast.com\/product\/yoast-seo-wordpress\/ -->\n<title>Camponotus renggeri | Formiche esotiche - ANTDERGROUND<\/title>\n<meta name=\"description\" content=\"Trova la formica Camponotus renggeri, una formica esotica. Scopri un&#039;ampia variet\u00e0 di informazioni sulle colonie di formiche.\" \/>\n<meta name=\"robots\" content=\"index, follow, max-snippet:-1, max-image-preview:large, max-video-preview:-1\" \/>\n<link rel=\"canonical\" href=\"https:\/\/antderground.com\/it\/prodotto\/camponotus-renggeri\/\" \/>\n<meta property=\"og:locale\" content=\"it_IT\" \/>\n<meta property=\"og:type\" content=\"article\" \/>\n<meta property=\"og:title\" content=\"Camponotus renggeri | Formiche esotiche - ANTDERGROUND\" \/>\n<meta property=\"og:description\" content=\"Trova la formica Camponotus renggeri, una formica esotica. Scopri un&#039;ampia variet\u00e0 di informazioni sulle colonie di formiche.\" \/>\n<meta property=\"og:url\" content=\"https:\/\/antderground.com\/it\/prodotto\/camponotus-renggeri\/\" \/>\n<meta property=\"og:site_name\" content=\"ANTDERGROUND\" \/>\n<meta property=\"og:image\" content=\"https:\/\/antderground.com\/wp-content\/uploads\/2024\/02\/Camponotus-renggeri.jpg\" \/>\n\t<meta property=\"og:image:width\" content=\"1280\" \/>\n\t<meta property=\"og:image:height\" content=\"1280\" \/>\n\t<meta property=\"og:image:type\" content=\"image\/jpeg\" \/>\n<meta name=\"twitter:card\" content=\"summary_large_image\" \/>\n<meta name=\"twitter:label1\" content=\"Tempo di lettura stimato\" \/>\n\t<meta name=\"twitter:data1\" content=\"1 minuto\" \/>\n<script type=\"application\/ld+json\" class=\"yoast-schema-graph\">{\"@context\":\"https:\\\/\\\/schema.org\",\"@graph\":[{\"@type\":\"WebPage\",\"@id\":\"https:\\\/\\\/antderground.com\\\/it\\\/prodotto\\\/camponotus-renggeri\\\/\",\"url\":\"https:\\\/\\\/antderground.com\\\/it\\\/prodotto\\\/camponotus-renggeri\\\/\",\"name\":\"Camponotus renggeri | Formiche esotiche - ANTDERGROUND\",\"isPartOf\":{\"@id\":\"https:\\\/\\\/antderground.com\\\/it\\\/#website\"},\"primaryImageOfPage\":{\"@id\":\"https:\\\/\\\/antderground.com\\\/it\\\/prodotto\\\/camponotus-renggeri\\\/#primaryimage\"},\"image\":{\"@id\":\"https:\\\/\\\/antderground.com\\\/it\\\/prodotto\\\/camponotus-renggeri\\\/#primaryimage\"},\"thumbnailUrl\":\"https:\\\/\\\/antderground.com\\\/wp-content\\\/uploads\\\/2024\\\/02\\\/Camponotus-renggeri.jpg\",\"datePublished\":\"2024-02-03T23:14:53+00:00\",\"description\":\"Trova la formica Camponotus renggeri, una formica esotica. Scopri un'ampia variet\u00e0 di informazioni sulle colonie di formiche.\",\"breadcrumb\":{\"@id\":\"https:\\\/\\\/antderground.com\\\/it\\\/prodotto\\\/camponotus-renggeri\\\/#breadcrumb\"},\"inLanguage\":\"it-IT\",\"potentialAction\":[{\"@type\":\"ReadAction\",\"target\":[\"https:\\\/\\\/antderground.com\\\/it\\\/prodotto\\\/camponotus-renggeri\\\/\"]}]},{\"@type\":\"ImageObject\",\"inLanguage\":\"it-IT\",\"@id\":\"https:\\\/\\\/antderground.com\\\/it\\\/prodotto\\\/camponotus-renggeri\\\/#primaryimage\",\"url\":\"https:\\\/\\\/antderground.com\\\/wp-content\\\/uploads\\\/2024\\\/02\\\/Camponotus-renggeri.jpg\",\"contentUrl\":\"https:\\\/\\\/antderground.com\\\/wp-content\\\/uploads\\\/2024\\\/02\\\/Camponotus-renggeri.jpg\",\"width\":1280,\"height\":1280,\"caption\":\"Camponotus renggeri\"},{\"@type\":\"BreadcrumbList\",\"@id\":\"https:\\\/\\\/antderground.com\\\/it\\\/prodotto\\\/camponotus-renggeri\\\/#breadcrumb\",\"itemListElement\":[{\"@type\":\"ListItem\",\"position\":1,\"name\":\"Portada\",\"item\":\"https:\\\/\\\/antderground.com\\\/it\\\/\"},{\"@type\":\"ListItem\",\"position\":2,\"name\":\"Prodotti\",\"item\":\"https:\\\/\\\/antderground.com\\\/it\\\/prodotti\\\/\"},{\"@type\":\"ListItem\",\"position\":3,\"name\":\"Camponotus renggeri\"}]},{\"@type\":\"WebSite\",\"@id\":\"https:\\\/\\\/antderground.com\\\/it\\\/#website\",\"url\":\"https:\\\/\\\/antderground.com\\\/it\\\/\",\"name\":\"ANTDERGROUND\",\"description\":\"Tu tienda de hormigas, gran variedad de hormigueros acr\u00edlicos,madera,arena,3D y mas.. Pide tus hormigas gratis con tu pedido, somos expertos en hormigueros antifugas.\",\"publisher\":{\"@id\":\"https:\\\/\\\/antderground.com\\\/it\\\/#\\\/schema\\\/person\\\/0e322c505e84fe72c65e2f6d08f96b81\"},\"alternateName\":\"Antderground\",\"potentialAction\":[{\"@type\":\"SearchAction\",\"target\":{\"@type\":\"EntryPoint\",\"urlTemplate\":\"https:\\\/\\\/antderground.com\\\/it\\\/?s={search_term_string}\"},\"query-input\":{\"@type\":\"PropertyValueSpecification\",\"valueRequired\":true,\"valueName\":\"search_term_string\"}}],\"inLanguage\":\"it-IT\"},{\"@type\":[\"Person\",\"Organization\"],\"@id\":\"https:\\\/\\\/antderground.com\\\/it\\\/#\\\/schema\\\/person\\\/0e322c505e84fe72c65e2f6d08f96b81\",\"name\":\"Eric de Antderground\",\"image\":{\"@type\":\"ImageObject\",\"inLanguage\":\"it-IT\",\"@id\":\"https:\\\/\\\/secure.gravatar.com\\\/avatar\\\/c49a1b9f79216d1498cb73c1e85cd47f4465dda35f2a94c03790d491bd4423c3?s=96&d=mm&r=g\",\"url\":\"https:\\\/\\\/secure.gravatar.com\\\/avatar\\\/c49a1b9f79216d1498cb73c1e85cd47f4465dda35f2a94c03790d491bd4423c3?s=96&d=mm&r=g\",\"contentUrl\":\"https:\\\/\\\/secure.gravatar.com\\\/avatar\\\/c49a1b9f79216d1498cb73c1e85cd47f4465dda35f2a94c03790d491bd4423c3?s=96&d=mm&r=g\",\"caption\":\"Eric de Antderground\"},\"logo\":{\"@id\":\"https:\\\/\\\/secure.gravatar.com\\\/avatar\\\/c49a1b9f79216d1498cb73c1e85cd47f4465dda35f2a94c03790d491bd4423c3?s=96&d=mm&r=g\"},\"description\":\"Eric es el especialista y fundador de Antderground, con una amplia trayectoria en artr\u00f3podos y enfocado en la mirmecolog\u00eda y el dise\u00f1o de hormigueros artificiales. Su enfoque combina la innovaci\u00f3n t\u00e9cnica con el respeto por la biolog\u00eda de las hormigas, is\u00f3podos y otros, desarrollando sistemas de nidos modulares 3D y acr\u00edlicos que son referentes para aficionados y profesionales en toda Europa. Su objetivo es facilitar la cr\u00eda de hormigas y otros artr\u00f3podos mediante soluciones seguras y divulgaci\u00f3n de calidad.\",\"sameAs\":[\"https:\\\/\\\/antderground.com\\\/\",\"https:\\\/\\\/www.youtube.com\\\/channel\\\/UCio72z7TlbufkAthAJIJfPw\"]}]}<\/script>\n<!-- \/ Yoast SEO plugin. -->","yoast_head_json":{"title":"Camponotus renggeri | Formiche esotiche - ANTDERGROUND","description":"Trova la formica Camponotus renggeri, una formica esotica. Scopri un'ampia variet\u00e0 di informazioni sulle colonie di formiche.","robots":{"index":"index","follow":"follow","max-snippet":"max-snippet:-1","max-image-preview":"max-image-preview:large","max-video-preview":"max-video-preview:-1"},"canonical":"https:\/\/antderground.com\/it\/prodotto\/camponotus-renggeri\/","og_locale":"it_IT","og_type":"article","og_title":"Camponotus renggeri | Formiche esotiche - ANTDERGROUND","og_description":"Trova la formica Camponotus renggeri, una formica esotica. Scopri un'ampia variet\u00e0 di informazioni sulle colonie di formiche.","og_url":"https:\/\/antderground.com\/it\/prodotto\/camponotus-renggeri\/","og_site_name":"ANTDERGROUND","og_image":[{"width":1280,"height":1280,"url":"https:\/\/antderground.com\/wp-content\/uploads\/2024\/02\/Camponotus-renggeri.jpg","type":"image\/jpeg"}],"twitter_card":"summary_large_image","twitter_misc":{"Tempo di lettura stimato":"1 minuto"},"schema":{"@context":"https:\/\/schema.org","@graph":[{"@type":"WebPage","@id":"https:\/\/antderground.com\/it\/prodotto\/camponotus-renggeri\/","url":"https:\/\/antderground.com\/it\/prodotto\/camponotus-renggeri\/","name":"Camponotus renggeri | Formiche esotiche - ANTDERGROUND","isPartOf":{"@id":"https:\/\/antderground.com\/it\/#website"},"primaryImageOfPage":{"@id":"https:\/\/antderground.com\/it\/prodotto\/camponotus-renggeri\/#primaryimage"},"image":{"@id":"https:\/\/antderground.com\/it\/prodotto\/camponotus-renggeri\/#primaryimage"},"thumbnailUrl":"https:\/\/antderground.com\/wp-content\/uploads\/2024\/02\/Camponotus-renggeri.jpg","datePublished":"2024-02-03T23:14:53+00:00","description":"Trova la formica Camponotus renggeri, una formica esotica. Scopri un'ampia variet\u00e0 di informazioni sulle colonie di formiche.","breadcrumb":{"@id":"https:\/\/antderground.com\/it\/prodotto\/camponotus-renggeri\/#breadcrumb"},"inLanguage":"it-IT","potentialAction":[{"@type":"ReadAction","target":["https:\/\/antderground.com\/it\/prodotto\/camponotus-renggeri\/"]}]},{"@type":"ImageObject","inLanguage":"it-IT","@id":"https:\/\/antderground.com\/it\/prodotto\/camponotus-renggeri\/#primaryimage","url":"https:\/\/antderground.com\/wp-content\/uploads\/2024\/02\/Camponotus-renggeri.jpg","contentUrl":"https:\/\/antderground.com\/wp-content\/uploads\/2024\/02\/Camponotus-renggeri.jpg","width":1280,"height":1280,"caption":"Camponotus renggeri"},{"@type":"BreadcrumbList","@id":"https:\/\/antderground.com\/it\/prodotto\/camponotus-renggeri\/#breadcrumb","itemListElement":[{"@type":"ListItem","position":1,"name":"Portada","item":"https:\/\/antderground.com\/it\/"},{"@type":"ListItem","position":2,"name":"Prodotti","item":"https:\/\/antderground.com\/it\/prodotti\/"},{"@type":"ListItem","position":3,"name":"Camponotus renggeri"}]},{"@type":"WebSite","@id":"https:\/\/antderground.com\/it\/#website","url":"https:\/\/antderground.com\/it\/","name":"ANTDERGROUND","description":"Tu tienda de hormigas, gran variedad de hormigueros acr\u00edlicos,madera,arena,3D y mas.. Pide tus hormigas gratis con tu pedido, somos expertos en hormigueros antifugas.","publisher":{"@id":"https:\/\/antderground.com\/it\/#\/schema\/person\/0e322c505e84fe72c65e2f6d08f96b81"},"alternateName":"Antderground","potentialAction":[{"@type":"SearchAction","target":{"@type":"EntryPoint","urlTemplate":"https:\/\/antderground.com\/it\/?s={search_term_string}"},"query-input":{"@type":"PropertyValueSpecification","valueRequired":true,"valueName":"search_term_string"}}],"inLanguage":"it-IT"},{"@type":["Person","Organization"],"@id":"https:\/\/antderground.com\/it\/#\/schema\/person\/0e322c505e84fe72c65e2f6d08f96b81","name":"Eric de Antderground","image":{"@type":"ImageObject","inLanguage":"it-IT","@id":"https:\/\/secure.gravatar.com\/avatar\/c49a1b9f79216d1498cb73c1e85cd47f4465dda35f2a94c03790d491bd4423c3?s=96&d=mm&r=g","url":"https:\/\/secure.gravatar.com\/avatar\/c49a1b9f79216d1498cb73c1e85cd47f4465dda35f2a94c03790d491bd4423c3?s=96&d=mm&r=g","contentUrl":"https:\/\/secure.gravatar.com\/avatar\/c49a1b9f79216d1498cb73c1e85cd47f4465dda35f2a94c03790d491bd4423c3?s=96&d=mm&r=g","caption":"Eric de Antderground"},"logo":{"@id":"https:\/\/secure.gravatar.com\/avatar\/c49a1b9f79216d1498cb73c1e85cd47f4465dda35f2a94c03790d491bd4423c3?s=96&d=mm&r=g"},"description":"Eric es el especialista y fundador de Antderground, con una amplia trayectoria en artr\u00f3podos y enfocado en la mirmecolog\u00eda y el dise\u00f1o de hormigueros artificiales. Su enfoque combina la innovaci\u00f3n t\u00e9cnica con el respeto por la biolog\u00eda de las hormigas, is\u00f3podos y otros, desarrollando sistemas de nidos modulares 3D y acr\u00edlicos que son referentes para aficionados y profesionales en toda Europa. Su objetivo es facilitar la cr\u00eda de hormigas y otros artr\u00f3podos mediante soluciones seguras y divulgaci\u00f3n de calidad.","sameAs":["https:\/\/antderground.com\/","https:\/\/www.youtube.com\/channel\/UCio72z7TlbufkAthAJIJfPw"]}]}},"_links":{"self":[{"href":"https:\/\/antderground.com\/it\/wp-json\/wp\/v2\/product\/32581","targetHints":{"allow":["GET"]}}],"collection":[{"href":"https:\/\/antderground.com\/it\/wp-json\/wp\/v2\/product"}],"about":[{"href":"https:\/\/antderground.com\/it\/wp-json\/wp\/v2\/types\/product"}],"version-history":[{"count":0,"href":"https:\/\/antderground.com\/it\/wp-json\/wp\/v2\/product\/32581\/revisions"}],"wp:featuredmedia":[{"embeddable":true,"href":"https:\/\/antderground.com\/it\/wp-json\/wp\/v2\/media\/32541"}],"wp:attachment":[{"href":"https:\/\/antderground.com\/it\/wp-json\/wp\/v2\/media?parent=32581"}],"wp:term":[{"taxonomy":"product_brand","embeddable":true,"href":"https:\/\/antderground.com\/it\/wp-json\/wp\/v2\/product_brand?post=32581"},{"taxonomy":"product_cat","embeddable":true,"href":"https:\/\/antderground.com\/it\/wp-json\/wp\/v2\/product_cat?post=32581"},{"taxonomy":"product_tag","embeddable":true,"href":"https:\/\/antderground.com\/it\/wp-json\/wp\/v2\/product_tag?post=32581"}],"curies":[{"name":"wp","href":"https:\/\/api.w.org\/{rel}","templated":true}]}}