{"id":32597,"date":"2024-02-04T00:50:59","date_gmt":"2024-02-03T23:50:59","guid":{"rendered":"https:\/\/www.antderground.com\/producto\/camponotus-substitutus\/"},"modified":"2024-02-04T00:50:59","modified_gmt":"2024-02-03T23:50:59","slug":"camponotus-substitutus","status":"publish","type":"product","link":"https:\/\/antderground.com\/it\/prodotto\/camponotus-substitutus\/","title":{"rendered":"Camponotus substitutus"},"content":{"rendered":"<h2>Scheda tecnica della formica (Camponotus substitutus)<\/h2>\n<p><strong>Nome scientifico:<\/strong> Camponotus substitutus<\/p>\n<p><strong>Classificazione tassonomica:<\/strong><\/p>\n<ul>\n<li>Regno: Animalia<\/li>\n<li>Phylum: Arthropoda<\/li>\n<li>Classe: Insecta<\/li>\n<li>Ordine: Hymenoptera<\/li>\n<li>Famiglia: Formicidae<\/li>\n<li>Genere: Camponotus<\/li>\n<\/ul>\n<p><strong>Distribuzione:<\/strong> Questa specie si trova principalmente nelle regioni tropicali e subtropicali dell&#8217;America, inclusi paesi come Brasile, Colombia, Venezuela, Ecuador e altre aree dell&#8217;America Centrale e del Sud.<\/p>\n<p><strong>Descrizione fisica:<\/strong><\/p>\n<ul>\n<li>Dimensioni: Le operaie di questa specie possono variare in dimensioni, ma in generale sono relativamente grandi, raggiungendo lunghezze di diversi centimetri. Le regine sono ancora pi\u00f9 grandi.<\/li>\n<li>Colore: Le operaie di Camponotus substitutus tendono ad essere di colore nero o marrone scuro, con alcune variazioni a seconda della posizione geografica.<\/li>\n<\/ul>\n<p><strong>Interazioni ecologiche:<\/strong><\/p>\n<ul>\n<li>Camponotus substitutus interagisce con una variet\u00e0 di altre specie nel suo habitat, inclusi piante, altri insetti e animali vertebrati.<\/li>\n<li>Le sue interazioni con le piante possono avere effetti sia positivi che negativi, a seconda della specie di pianta e delle condizioni specifiche dell&#8217;habitat.<\/li>\n<\/ul>\n<p>&nbsp;<\/p>\n","protected":false},"excerpt":{"rendered":"<p>Scheda tecnica della formica (Camponotus substitutus) Nome scientifico: Camponotus substitutus Classificazione tassonomica: Regno: Animalia Phylum: Arthropoda Classe: Insecta Ordine: Hymenoptera<\/p>\n","protected":false},"featured_media":32551,"template":"","meta":[],"product_brand":[],"product_cat":[332,476],"product_tag":[],"class_list":{"0":"post-32597","1":"product","2":"type-product","3":"status-publish","4":"has-post-thumbnail","6":"product_cat-formiche","7":"product_cat-formiche-esotiche","9":"first","10":"outofstock","11":"shipping-taxable","12":"purchasable","13":"product-type-variable"},"yoast_head":"<!-- This site is optimized with the Yoast SEO plugin v27.3 - https:\/\/yoast.com\/product\/yoast-seo-wordpress\/ -->\n<title>Camponotus substitutus | Formica esotica - ANTDERGROUND<\/title>\n<meta name=\"description\" content=\"Trova la nuova formica esotica Camponotus substitutus nota per essere una formica curiosa e visualizza come crea la propria colonia di formiche operaie.\" \/>\n<meta name=\"robots\" content=\"index, follow, max-snippet:-1, max-image-preview:large, max-video-preview:-1\" \/>\n<link rel=\"canonical\" href=\"https:\/\/antderground.com\/it\/prodotto\/camponotus-substitutus\/\" \/>\n<meta property=\"og:locale\" content=\"it_IT\" \/>\n<meta property=\"og:type\" content=\"article\" \/>\n<meta property=\"og:title\" content=\"Camponotus substitutus | Formica esotica - ANTDERGROUND\" \/>\n<meta property=\"og:description\" content=\"Trova la nuova formica esotica Camponotus substitutus nota per essere una formica curiosa e visualizza come crea la propria colonia di formiche operaie.\" \/>\n<meta property=\"og:url\" content=\"https:\/\/antderground.com\/it\/prodotto\/camponotus-substitutus\/\" \/>\n<meta property=\"og:site_name\" content=\"ANTDERGROUND\" \/>\n<meta property=\"og:image\" content=\"https:\/\/antderground.com\/wp-content\/uploads\/2024\/02\/camponotus-substitutus.jpg\" \/>\n\t<meta property=\"og:image:width\" content=\"1280\" \/>\n\t<meta property=\"og:image:height\" content=\"1280\" \/>\n\t<meta property=\"og:image:type\" content=\"image\/jpeg\" \/>\n<meta name=\"twitter:card\" content=\"summary_large_image\" \/>\n<meta name=\"twitter:label1\" content=\"Tempo di lettura stimato\" \/>\n\t<meta name=\"twitter:data1\" content=\"1 minuto\" \/>\n<script type=\"application\/ld+json\" class=\"yoast-schema-graph\">{\"@context\":\"https:\\\/\\\/schema.org\",\"@graph\":[{\"@type\":\"WebPage\",\"@id\":\"https:\\\/\\\/antderground.com\\\/it\\\/prodotto\\\/camponotus-substitutus\\\/\",\"url\":\"https:\\\/\\\/antderground.com\\\/it\\\/prodotto\\\/camponotus-substitutus\\\/\",\"name\":\"Camponotus substitutus | Formica esotica - ANTDERGROUND\",\"isPartOf\":{\"@id\":\"https:\\\/\\\/antderground.com\\\/it\\\/#website\"},\"primaryImageOfPage\":{\"@id\":\"https:\\\/\\\/antderground.com\\\/it\\\/prodotto\\\/camponotus-substitutus\\\/#primaryimage\"},\"image\":{\"@id\":\"https:\\\/\\\/antderground.com\\\/it\\\/prodotto\\\/camponotus-substitutus\\\/#primaryimage\"},\"thumbnailUrl\":\"https:\\\/\\\/antderground.com\\\/wp-content\\\/uploads\\\/2024\\\/02\\\/camponotus-substitutus.jpg\",\"datePublished\":\"2024-02-03T23:50:59+00:00\",\"description\":\"Trova la nuova formica esotica Camponotus substitutus nota per essere una formica curiosa e visualizza come crea la propria colonia di formiche operaie.\",\"breadcrumb\":{\"@id\":\"https:\\\/\\\/antderground.com\\\/it\\\/prodotto\\\/camponotus-substitutus\\\/#breadcrumb\"},\"inLanguage\":\"it-IT\",\"potentialAction\":[{\"@type\":\"ReadAction\",\"target\":[\"https:\\\/\\\/antderground.com\\\/it\\\/prodotto\\\/camponotus-substitutus\\\/\"]}]},{\"@type\":\"ImageObject\",\"inLanguage\":\"it-IT\",\"@id\":\"https:\\\/\\\/antderground.com\\\/it\\\/prodotto\\\/camponotus-substitutus\\\/#primaryimage\",\"url\":\"https:\\\/\\\/antderground.com\\\/wp-content\\\/uploads\\\/2024\\\/02\\\/camponotus-substitutus.jpg\",\"contentUrl\":\"https:\\\/\\\/antderground.com\\\/wp-content\\\/uploads\\\/2024\\\/02\\\/camponotus-substitutus.jpg\",\"width\":1280,\"height\":1280,\"caption\":\"Camponotus substitutus\"},{\"@type\":\"BreadcrumbList\",\"@id\":\"https:\\\/\\\/antderground.com\\\/it\\\/prodotto\\\/camponotus-substitutus\\\/#breadcrumb\",\"itemListElement\":[{\"@type\":\"ListItem\",\"position\":1,\"name\":\"Portada\",\"item\":\"https:\\\/\\\/antderground.com\\\/it\\\/\"},{\"@type\":\"ListItem\",\"position\":2,\"name\":\"Prodotti\",\"item\":\"https:\\\/\\\/antderground.com\\\/it\\\/prodotti\\\/\"},{\"@type\":\"ListItem\",\"position\":3,\"name\":\"Camponotus substitutus\"}]},{\"@type\":\"WebSite\",\"@id\":\"https:\\\/\\\/antderground.com\\\/it\\\/#website\",\"url\":\"https:\\\/\\\/antderground.com\\\/it\\\/\",\"name\":\"ANTDERGROUND\",\"description\":\"Tu tienda de hormigas, gran variedad de hormigueros acr\u00edlicos,madera,arena,3D y mas.. Pide tus hormigas gratis con tu pedido, somos expertos en hormigueros antifugas.\",\"publisher\":{\"@id\":\"https:\\\/\\\/antderground.com\\\/it\\\/#\\\/schema\\\/person\\\/0e322c505e84fe72c65e2f6d08f96b81\"},\"alternateName\":\"Antderground\",\"potentialAction\":[{\"@type\":\"SearchAction\",\"target\":{\"@type\":\"EntryPoint\",\"urlTemplate\":\"https:\\\/\\\/antderground.com\\\/it\\\/?s={search_term_string}\"},\"query-input\":{\"@type\":\"PropertyValueSpecification\",\"valueRequired\":true,\"valueName\":\"search_term_string\"}}],\"inLanguage\":\"it-IT\"},{\"@type\":[\"Person\",\"Organization\"],\"@id\":\"https:\\\/\\\/antderground.com\\\/it\\\/#\\\/schema\\\/person\\\/0e322c505e84fe72c65e2f6d08f96b81\",\"name\":\"Eric de Antderground\",\"image\":{\"@type\":\"ImageObject\",\"inLanguage\":\"it-IT\",\"@id\":\"https:\\\/\\\/secure.gravatar.com\\\/avatar\\\/c49a1b9f79216d1498cb73c1e85cd47f4465dda35f2a94c03790d491bd4423c3?s=96&d=mm&r=g\",\"url\":\"https:\\\/\\\/secure.gravatar.com\\\/avatar\\\/c49a1b9f79216d1498cb73c1e85cd47f4465dda35f2a94c03790d491bd4423c3?s=96&d=mm&r=g\",\"contentUrl\":\"https:\\\/\\\/secure.gravatar.com\\\/avatar\\\/c49a1b9f79216d1498cb73c1e85cd47f4465dda35f2a94c03790d491bd4423c3?s=96&d=mm&r=g\",\"caption\":\"Eric de Antderground\"},\"logo\":{\"@id\":\"https:\\\/\\\/secure.gravatar.com\\\/avatar\\\/c49a1b9f79216d1498cb73c1e85cd47f4465dda35f2a94c03790d491bd4423c3?s=96&d=mm&r=g\"},\"description\":\"Eric es el especialista y fundador de Antderground, con una amplia trayectoria en artr\u00f3podos y enfocado en la mirmecolog\u00eda y el dise\u00f1o de hormigueros artificiales. Su enfoque combina la innovaci\u00f3n t\u00e9cnica con el respeto por la biolog\u00eda de las hormigas, is\u00f3podos y otros, desarrollando sistemas de nidos modulares 3D y acr\u00edlicos que son referentes para aficionados y profesionales en toda Europa. Su objetivo es facilitar la cr\u00eda de hormigas y otros artr\u00f3podos mediante soluciones seguras y divulgaci\u00f3n de calidad.\",\"sameAs\":[\"https:\\\/\\\/antderground.com\\\/\",\"https:\\\/\\\/www.youtube.com\\\/channel\\\/UCio72z7TlbufkAthAJIJfPw\"]}]}<\/script>\n<!-- \/ Yoast SEO plugin. -->","yoast_head_json":{"title":"Camponotus substitutus | Formica esotica - ANTDERGROUND","description":"Trova la nuova formica esotica Camponotus substitutus nota per essere una formica curiosa e visualizza come crea la propria colonia di formiche operaie.","robots":{"index":"index","follow":"follow","max-snippet":"max-snippet:-1","max-image-preview":"max-image-preview:large","max-video-preview":"max-video-preview:-1"},"canonical":"https:\/\/antderground.com\/it\/prodotto\/camponotus-substitutus\/","og_locale":"it_IT","og_type":"article","og_title":"Camponotus substitutus | Formica esotica - ANTDERGROUND","og_description":"Trova la nuova formica esotica Camponotus substitutus nota per essere una formica curiosa e visualizza come crea la propria colonia di formiche operaie.","og_url":"https:\/\/antderground.com\/it\/prodotto\/camponotus-substitutus\/","og_site_name":"ANTDERGROUND","og_image":[{"width":1280,"height":1280,"url":"https:\/\/antderground.com\/wp-content\/uploads\/2024\/02\/camponotus-substitutus.jpg","type":"image\/jpeg"}],"twitter_card":"summary_large_image","twitter_misc":{"Tempo di lettura stimato":"1 minuto"},"schema":{"@context":"https:\/\/schema.org","@graph":[{"@type":"WebPage","@id":"https:\/\/antderground.com\/it\/prodotto\/camponotus-substitutus\/","url":"https:\/\/antderground.com\/it\/prodotto\/camponotus-substitutus\/","name":"Camponotus substitutus | Formica esotica - ANTDERGROUND","isPartOf":{"@id":"https:\/\/antderground.com\/it\/#website"},"primaryImageOfPage":{"@id":"https:\/\/antderground.com\/it\/prodotto\/camponotus-substitutus\/#primaryimage"},"image":{"@id":"https:\/\/antderground.com\/it\/prodotto\/camponotus-substitutus\/#primaryimage"},"thumbnailUrl":"https:\/\/antderground.com\/wp-content\/uploads\/2024\/02\/camponotus-substitutus.jpg","datePublished":"2024-02-03T23:50:59+00:00","description":"Trova la nuova formica esotica Camponotus substitutus nota per essere una formica curiosa e visualizza come crea la propria colonia di formiche operaie.","breadcrumb":{"@id":"https:\/\/antderground.com\/it\/prodotto\/camponotus-substitutus\/#breadcrumb"},"inLanguage":"it-IT","potentialAction":[{"@type":"ReadAction","target":["https:\/\/antderground.com\/it\/prodotto\/camponotus-substitutus\/"]}]},{"@type":"ImageObject","inLanguage":"it-IT","@id":"https:\/\/antderground.com\/it\/prodotto\/camponotus-substitutus\/#primaryimage","url":"https:\/\/antderground.com\/wp-content\/uploads\/2024\/02\/camponotus-substitutus.jpg","contentUrl":"https:\/\/antderground.com\/wp-content\/uploads\/2024\/02\/camponotus-substitutus.jpg","width":1280,"height":1280,"caption":"Camponotus substitutus"},{"@type":"BreadcrumbList","@id":"https:\/\/antderground.com\/it\/prodotto\/camponotus-substitutus\/#breadcrumb","itemListElement":[{"@type":"ListItem","position":1,"name":"Portada","item":"https:\/\/antderground.com\/it\/"},{"@type":"ListItem","position":2,"name":"Prodotti","item":"https:\/\/antderground.com\/it\/prodotti\/"},{"@type":"ListItem","position":3,"name":"Camponotus substitutus"}]},{"@type":"WebSite","@id":"https:\/\/antderground.com\/it\/#website","url":"https:\/\/antderground.com\/it\/","name":"ANTDERGROUND","description":"Tu tienda de hormigas, gran variedad de hormigueros acr\u00edlicos,madera,arena,3D y mas.. Pide tus hormigas gratis con tu pedido, somos expertos en hormigueros antifugas.","publisher":{"@id":"https:\/\/antderground.com\/it\/#\/schema\/person\/0e322c505e84fe72c65e2f6d08f96b81"},"alternateName":"Antderground","potentialAction":[{"@type":"SearchAction","target":{"@type":"EntryPoint","urlTemplate":"https:\/\/antderground.com\/it\/?s={search_term_string}"},"query-input":{"@type":"PropertyValueSpecification","valueRequired":true,"valueName":"search_term_string"}}],"inLanguage":"it-IT"},{"@type":["Person","Organization"],"@id":"https:\/\/antderground.com\/it\/#\/schema\/person\/0e322c505e84fe72c65e2f6d08f96b81","name":"Eric de Antderground","image":{"@type":"ImageObject","inLanguage":"it-IT","@id":"https:\/\/secure.gravatar.com\/avatar\/c49a1b9f79216d1498cb73c1e85cd47f4465dda35f2a94c03790d491bd4423c3?s=96&d=mm&r=g","url":"https:\/\/secure.gravatar.com\/avatar\/c49a1b9f79216d1498cb73c1e85cd47f4465dda35f2a94c03790d491bd4423c3?s=96&d=mm&r=g","contentUrl":"https:\/\/secure.gravatar.com\/avatar\/c49a1b9f79216d1498cb73c1e85cd47f4465dda35f2a94c03790d491bd4423c3?s=96&d=mm&r=g","caption":"Eric de Antderground"},"logo":{"@id":"https:\/\/secure.gravatar.com\/avatar\/c49a1b9f79216d1498cb73c1e85cd47f4465dda35f2a94c03790d491bd4423c3?s=96&d=mm&r=g"},"description":"Eric es el especialista y fundador de Antderground, con una amplia trayectoria en artr\u00f3podos y enfocado en la mirmecolog\u00eda y el dise\u00f1o de hormigueros artificiales. Su enfoque combina la innovaci\u00f3n t\u00e9cnica con el respeto por la biolog\u00eda de las hormigas, is\u00f3podos y otros, desarrollando sistemas de nidos modulares 3D y acr\u00edlicos que son referentes para aficionados y profesionales en toda Europa. Su objetivo es facilitar la cr\u00eda de hormigas y otros artr\u00f3podos mediante soluciones seguras y divulgaci\u00f3n de calidad.","sameAs":["https:\/\/antderground.com\/","https:\/\/www.youtube.com\/channel\/UCio72z7TlbufkAthAJIJfPw"]}]}},"_links":{"self":[{"href":"https:\/\/antderground.com\/it\/wp-json\/wp\/v2\/product\/32597","targetHints":{"allow":["GET"]}}],"collection":[{"href":"https:\/\/antderground.com\/it\/wp-json\/wp\/v2\/product"}],"about":[{"href":"https:\/\/antderground.com\/it\/wp-json\/wp\/v2\/types\/product"}],"version-history":[{"count":0,"href":"https:\/\/antderground.com\/it\/wp-json\/wp\/v2\/product\/32597\/revisions"}],"wp:featuredmedia":[{"embeddable":true,"href":"https:\/\/antderground.com\/it\/wp-json\/wp\/v2\/media\/32551"}],"wp:attachment":[{"href":"https:\/\/antderground.com\/it\/wp-json\/wp\/v2\/media?parent=32597"}],"wp:term":[{"taxonomy":"product_brand","embeddable":true,"href":"https:\/\/antderground.com\/it\/wp-json\/wp\/v2\/product_brand?post=32597"},{"taxonomy":"product_cat","embeddable":true,"href":"https:\/\/antderground.com\/it\/wp-json\/wp\/v2\/product_cat?post=32597"},{"taxonomy":"product_tag","embeddable":true,"href":"https:\/\/antderground.com\/it\/wp-json\/wp\/v2\/product_tag?post=32597"}],"curies":[{"name":"wp","href":"https:\/\/api.w.org\/{rel}","templated":true}]}}