{"id":33330,"date":"2024-03-26T17:12:51","date_gmt":"2024-03-26T16:12:51","guid":{"rendered":"https:\/\/www.antderground.com\/producto\/cubaris-panda-king\/"},"modified":"2026-02-20T16:20:14","modified_gmt":"2026-02-20T15:20:14","slug":"cubaris-panda-king","status":"publish","type":"product","link":"https:\/\/antderground.com\/it\/prodotto\/cubaris-panda-king\/","title":{"rendered":"Cubaris panda king"},"content":{"rendered":"<p><strong>Nome scientifico:<\/strong> Cubaris panda king<br \/>\n<strong>Nome comune:<\/strong> Cubaris panda king<br \/>\n<strong>Classificazione tassonomica:<\/strong><\/p>\n<p>Regno: Animalia<br \/>\nPhylum: Arthropoda<br \/>\nSubphylum: Crustacea<br \/>\nClasse: Malacostraca<br \/>\nOrdine: Isopoda<br \/>\nFamiglia: Cubaridae<br \/>\nGenere: Cubaris<br \/>\nSpecie: Cubaris panda king<br \/>\n<strong>Distribuzione:<\/strong> Questi isopodi si trovano principalmente in habitat tropicali e subtropicali, specialmente nelle zone dell&#8217;Asia come la Thailandia.<\/p>\n<p><strong>Descrizione fisica:<\/strong><\/p>\n<p>Dimensioni: I Cubaris panda king hanno dimensioni che di solito variano tra i 5 mm e i 13 mm di lunghezza.<br \/>\nColore: Generalmente di tonalit\u00e0 scure, con pattern che ricordano un panda, da cui il loro nome comune.<br \/>\nForma del corpo: Corpo ovale e appiattito dorsoventralmente, con sette paia di zampe.<br \/>\nHabitat: Di solito vivono in ambienti umidi e bui, come sotto le rocce, tronchi in decomposizione, lettiera di foglie o nelle grotte.<\/p>\n<p><strong>Dieta:<\/strong> Sono detritivori, il che significa che si nutrono principalmente di materia organica in decomposizione, come foglie morte, legno in decomposizione e altri detriti vegetali.<\/p>\n<p><strong>Comportamento:<\/strong> I Cubaris panda king sono noti per essere una specie sociale che tende a riunirsi in colonie. Sono notturni e trascorrono la maggior parte del tempo nascosti durante il giorno.<\/p>\n<p><strong>Riproduzione:<\/strong> Si riproducono per partenogenesi, un processo in cui le uova si sviluppano senza essere fecondate dai maschi. I piccoli passano attraverso diverse fasi di sviluppo prima di diventare adulti.<\/p>\n<p><strong>Importanza ecologica:<\/strong> I Cubaris panda king svolgono un ruolo importante nella decomposizione della materia organica negli ecosistemi, contribuendo al ciclo dei nutrienti e alla salute del suolo.<\/p>\n","protected":false},"excerpt":{"rendered":"<p>Scopri l&#8217;affascinante vita in miniatura con il Cubaris panda king! Guardiani dell&#8217;equilibrio ecologico del tuo terrario. Dai vita al tuo habitat con questi compagni adorabili e benefici!<\/p>\n","protected":false},"featured_media":33305,"template":"","meta":[],"product_brand":[],"product_cat":[481,487,720],"product_tag":[],"class_list":{"0":"post-33330","1":"product","2":"type-product","3":"status-publish","4":"has-post-thumbnail","6":"product_cat-artropodi","7":"product_cat-isopodi","8":"product_cat-cubaris","10":"first","11":"instock","12":"shipping-taxable","13":"purchasable","14":"product-type-variable"},"yoast_head":"<!-- This site is optimized with the Yoast SEO plugin v27.3 - https:\/\/yoast.com\/product\/yoast-seo-wordpress\/ -->\n<title>Cubaris panda king | Isopodi | insetti - ANTDERGROUND<\/title>\n<meta name=\"description\" content=\"La nuova variet\u00e0 di isopodi (Cubaris panda king) \u00e8 nota per il suo colore e per essere una delle pi\u00f9 belle della categoria isopodi (terrari).\" \/>\n<meta name=\"robots\" content=\"index, follow, max-snippet:-1, max-image-preview:large, max-video-preview:-1\" \/>\n<link rel=\"canonical\" href=\"https:\/\/antderground.com\/it\/prodotto\/cubaris-panda-king\/\" \/>\n<meta property=\"og:locale\" content=\"it_IT\" \/>\n<meta property=\"og:type\" content=\"article\" \/>\n<meta property=\"og:title\" content=\"Cubaris panda king | Isopodi | insetti - ANTDERGROUND\" \/>\n<meta property=\"og:description\" content=\"La nuova variet\u00e0 di isopodi (Cubaris panda king) \u00e8 nota per il suo colore e per essere una delle pi\u00f9 belle della categoria isopodi (terrari).\" \/>\n<meta property=\"og:url\" content=\"https:\/\/antderground.com\/it\/prodotto\/cubaris-panda-king\/\" \/>\n<meta property=\"og:site_name\" content=\"ANTDERGROUND\" \/>\n<meta property=\"article:modified_time\" content=\"2026-02-20T15:20:14+00:00\" \/>\n<meta property=\"og:image\" content=\"https:\/\/antderground.com\/wp-content\/uploads\/2024\/03\/Cubaris-panda-king.jpg\" \/>\n\t<meta property=\"og:image:width\" content=\"1826\" \/>\n\t<meta property=\"og:image:height\" content=\"1826\" \/>\n\t<meta property=\"og:image:type\" content=\"image\/jpeg\" \/>\n<meta name=\"twitter:card\" content=\"summary_large_image\" \/>\n<meta name=\"twitter:label1\" content=\"Tempo di lettura stimato\" \/>\n\t<meta name=\"twitter:data1\" content=\"1 minuto\" \/>\n<script type=\"application\/ld+json\" class=\"yoast-schema-graph\">{\"@context\":\"https:\\\/\\\/schema.org\",\"@graph\":[{\"@type\":\"WebPage\",\"@id\":\"https:\\\/\\\/antderground.com\\\/it\\\/prodotto\\\/cubaris-panda-king\\\/\",\"url\":\"https:\\\/\\\/antderground.com\\\/it\\\/prodotto\\\/cubaris-panda-king\\\/\",\"name\":\"Cubaris panda king | Isopodi | insetti - ANTDERGROUND\",\"isPartOf\":{\"@id\":\"https:\\\/\\\/antderground.com\\\/it\\\/#website\"},\"primaryImageOfPage\":{\"@id\":\"https:\\\/\\\/antderground.com\\\/it\\\/prodotto\\\/cubaris-panda-king\\\/#primaryimage\"},\"image\":{\"@id\":\"https:\\\/\\\/antderground.com\\\/it\\\/prodotto\\\/cubaris-panda-king\\\/#primaryimage\"},\"thumbnailUrl\":\"https:\\\/\\\/antderground.com\\\/wp-content\\\/uploads\\\/2024\\\/03\\\/Cubaris-panda-king.jpg\",\"datePublished\":\"2024-03-26T16:12:51+00:00\",\"dateModified\":\"2026-02-20T15:20:14+00:00\",\"description\":\"La nuova variet\u00e0 di isopodi (Cubaris panda king) \u00e8 nota per il suo colore e per essere una delle pi\u00f9 belle della categoria isopodi (terrari).\",\"breadcrumb\":{\"@id\":\"https:\\\/\\\/antderground.com\\\/it\\\/prodotto\\\/cubaris-panda-king\\\/#breadcrumb\"},\"inLanguage\":\"it-IT\",\"potentialAction\":[{\"@type\":\"ReadAction\",\"target\":[\"https:\\\/\\\/antderground.com\\\/it\\\/prodotto\\\/cubaris-panda-king\\\/\"]}]},{\"@type\":\"ImageObject\",\"inLanguage\":\"it-IT\",\"@id\":\"https:\\\/\\\/antderground.com\\\/it\\\/prodotto\\\/cubaris-panda-king\\\/#primaryimage\",\"url\":\"https:\\\/\\\/antderground.com\\\/wp-content\\\/uploads\\\/2024\\\/03\\\/Cubaris-panda-king.jpg\",\"contentUrl\":\"https:\\\/\\\/antderground.com\\\/wp-content\\\/uploads\\\/2024\\\/03\\\/Cubaris-panda-king.jpg\",\"width\":1826,\"height\":1826,\"caption\":\"Cubaris panda king\"},{\"@type\":\"BreadcrumbList\",\"@id\":\"https:\\\/\\\/antderground.com\\\/it\\\/prodotto\\\/cubaris-panda-king\\\/#breadcrumb\",\"itemListElement\":[{\"@type\":\"ListItem\",\"position\":1,\"name\":\"Portada\",\"item\":\"https:\\\/\\\/antderground.com\\\/it\\\/\"},{\"@type\":\"ListItem\",\"position\":2,\"name\":\"Prodotti\",\"item\":\"https:\\\/\\\/antderground.com\\\/it\\\/prodotti\\\/\"},{\"@type\":\"ListItem\",\"position\":3,\"name\":\"Cubaris panda king\"}]},{\"@type\":\"WebSite\",\"@id\":\"https:\\\/\\\/antderground.com\\\/it\\\/#website\",\"url\":\"https:\\\/\\\/antderground.com\\\/it\\\/\",\"name\":\"ANTDERGROUND\",\"description\":\"Tu tienda de hormigas, gran variedad de hormigueros acr\u00edlicos,madera,arena,3D y mas.. Pide tus hormigas gratis con tu pedido, somos expertos en hormigueros antifugas.\",\"publisher\":{\"@id\":\"https:\\\/\\\/antderground.com\\\/it\\\/#\\\/schema\\\/person\\\/0e322c505e84fe72c65e2f6d08f96b81\"},\"alternateName\":\"Antderground\",\"potentialAction\":[{\"@type\":\"SearchAction\",\"target\":{\"@type\":\"EntryPoint\",\"urlTemplate\":\"https:\\\/\\\/antderground.com\\\/it\\\/?s={search_term_string}\"},\"query-input\":{\"@type\":\"PropertyValueSpecification\",\"valueRequired\":true,\"valueName\":\"search_term_string\"}}],\"inLanguage\":\"it-IT\"},{\"@type\":[\"Person\",\"Organization\"],\"@id\":\"https:\\\/\\\/antderground.com\\\/it\\\/#\\\/schema\\\/person\\\/0e322c505e84fe72c65e2f6d08f96b81\",\"name\":\"Eric de Antderground\",\"image\":{\"@type\":\"ImageObject\",\"inLanguage\":\"it-IT\",\"@id\":\"https:\\\/\\\/secure.gravatar.com\\\/avatar\\\/c49a1b9f79216d1498cb73c1e85cd47f4465dda35f2a94c03790d491bd4423c3?s=96&d=mm&r=g\",\"url\":\"https:\\\/\\\/secure.gravatar.com\\\/avatar\\\/c49a1b9f79216d1498cb73c1e85cd47f4465dda35f2a94c03790d491bd4423c3?s=96&d=mm&r=g\",\"contentUrl\":\"https:\\\/\\\/secure.gravatar.com\\\/avatar\\\/c49a1b9f79216d1498cb73c1e85cd47f4465dda35f2a94c03790d491bd4423c3?s=96&d=mm&r=g\",\"caption\":\"Eric de Antderground\"},\"logo\":{\"@id\":\"https:\\\/\\\/secure.gravatar.com\\\/avatar\\\/c49a1b9f79216d1498cb73c1e85cd47f4465dda35f2a94c03790d491bd4423c3?s=96&d=mm&r=g\"},\"description\":\"Eric es el especialista y fundador de Antderground, con una amplia trayectoria en artr\u00f3podos y enfocado en la mirmecolog\u00eda y el dise\u00f1o de hormigueros artificiales. Su enfoque combina la innovaci\u00f3n t\u00e9cnica con el respeto por la biolog\u00eda de las hormigas, is\u00f3podos y otros, desarrollando sistemas de nidos modulares 3D y acr\u00edlicos que son referentes para aficionados y profesionales en toda Europa. Su objetivo es facilitar la cr\u00eda de hormigas y otros artr\u00f3podos mediante soluciones seguras y divulgaci\u00f3n de calidad.\",\"sameAs\":[\"https:\\\/\\\/antderground.com\\\/\",\"https:\\\/\\\/www.youtube.com\\\/channel\\\/UCio72z7TlbufkAthAJIJfPw\"]}]}<\/script>\n<!-- \/ Yoast SEO plugin. -->","yoast_head_json":{"title":"Cubaris panda king | Isopodi | insetti - ANTDERGROUND","description":"La nuova variet\u00e0 di isopodi (Cubaris panda king) \u00e8 nota per il suo colore e per essere una delle pi\u00f9 belle della categoria isopodi (terrari).","robots":{"index":"index","follow":"follow","max-snippet":"max-snippet:-1","max-image-preview":"max-image-preview:large","max-video-preview":"max-video-preview:-1"},"canonical":"https:\/\/antderground.com\/it\/prodotto\/cubaris-panda-king\/","og_locale":"it_IT","og_type":"article","og_title":"Cubaris panda king | Isopodi | insetti - ANTDERGROUND","og_description":"La nuova variet\u00e0 di isopodi (Cubaris panda king) \u00e8 nota per il suo colore e per essere una delle pi\u00f9 belle della categoria isopodi (terrari).","og_url":"https:\/\/antderground.com\/it\/prodotto\/cubaris-panda-king\/","og_site_name":"ANTDERGROUND","article_modified_time":"2026-02-20T15:20:14+00:00","og_image":[{"width":1826,"height":1826,"url":"https:\/\/antderground.com\/wp-content\/uploads\/2024\/03\/Cubaris-panda-king.jpg","type":"image\/jpeg"}],"twitter_card":"summary_large_image","twitter_misc":{"Tempo di lettura stimato":"1 minuto"},"schema":{"@context":"https:\/\/schema.org","@graph":[{"@type":"WebPage","@id":"https:\/\/antderground.com\/it\/prodotto\/cubaris-panda-king\/","url":"https:\/\/antderground.com\/it\/prodotto\/cubaris-panda-king\/","name":"Cubaris panda king | Isopodi | insetti - ANTDERGROUND","isPartOf":{"@id":"https:\/\/antderground.com\/it\/#website"},"primaryImageOfPage":{"@id":"https:\/\/antderground.com\/it\/prodotto\/cubaris-panda-king\/#primaryimage"},"image":{"@id":"https:\/\/antderground.com\/it\/prodotto\/cubaris-panda-king\/#primaryimage"},"thumbnailUrl":"https:\/\/antderground.com\/wp-content\/uploads\/2024\/03\/Cubaris-panda-king.jpg","datePublished":"2024-03-26T16:12:51+00:00","dateModified":"2026-02-20T15:20:14+00:00","description":"La nuova variet\u00e0 di isopodi (Cubaris panda king) \u00e8 nota per il suo colore e per essere una delle pi\u00f9 belle della categoria isopodi (terrari).","breadcrumb":{"@id":"https:\/\/antderground.com\/it\/prodotto\/cubaris-panda-king\/#breadcrumb"},"inLanguage":"it-IT","potentialAction":[{"@type":"ReadAction","target":["https:\/\/antderground.com\/it\/prodotto\/cubaris-panda-king\/"]}]},{"@type":"ImageObject","inLanguage":"it-IT","@id":"https:\/\/antderground.com\/it\/prodotto\/cubaris-panda-king\/#primaryimage","url":"https:\/\/antderground.com\/wp-content\/uploads\/2024\/03\/Cubaris-panda-king.jpg","contentUrl":"https:\/\/antderground.com\/wp-content\/uploads\/2024\/03\/Cubaris-panda-king.jpg","width":1826,"height":1826,"caption":"Cubaris panda king"},{"@type":"BreadcrumbList","@id":"https:\/\/antderground.com\/it\/prodotto\/cubaris-panda-king\/#breadcrumb","itemListElement":[{"@type":"ListItem","position":1,"name":"Portada","item":"https:\/\/antderground.com\/it\/"},{"@type":"ListItem","position":2,"name":"Prodotti","item":"https:\/\/antderground.com\/it\/prodotti\/"},{"@type":"ListItem","position":3,"name":"Cubaris panda king"}]},{"@type":"WebSite","@id":"https:\/\/antderground.com\/it\/#website","url":"https:\/\/antderground.com\/it\/","name":"ANTDERGROUND","description":"Tu tienda de hormigas, gran variedad de hormigueros acr\u00edlicos,madera,arena,3D y mas.. Pide tus hormigas gratis con tu pedido, somos expertos en hormigueros antifugas.","publisher":{"@id":"https:\/\/antderground.com\/it\/#\/schema\/person\/0e322c505e84fe72c65e2f6d08f96b81"},"alternateName":"Antderground","potentialAction":[{"@type":"SearchAction","target":{"@type":"EntryPoint","urlTemplate":"https:\/\/antderground.com\/it\/?s={search_term_string}"},"query-input":{"@type":"PropertyValueSpecification","valueRequired":true,"valueName":"search_term_string"}}],"inLanguage":"it-IT"},{"@type":["Person","Organization"],"@id":"https:\/\/antderground.com\/it\/#\/schema\/person\/0e322c505e84fe72c65e2f6d08f96b81","name":"Eric de Antderground","image":{"@type":"ImageObject","inLanguage":"it-IT","@id":"https:\/\/secure.gravatar.com\/avatar\/c49a1b9f79216d1498cb73c1e85cd47f4465dda35f2a94c03790d491bd4423c3?s=96&d=mm&r=g","url":"https:\/\/secure.gravatar.com\/avatar\/c49a1b9f79216d1498cb73c1e85cd47f4465dda35f2a94c03790d491bd4423c3?s=96&d=mm&r=g","contentUrl":"https:\/\/secure.gravatar.com\/avatar\/c49a1b9f79216d1498cb73c1e85cd47f4465dda35f2a94c03790d491bd4423c3?s=96&d=mm&r=g","caption":"Eric de Antderground"},"logo":{"@id":"https:\/\/secure.gravatar.com\/avatar\/c49a1b9f79216d1498cb73c1e85cd47f4465dda35f2a94c03790d491bd4423c3?s=96&d=mm&r=g"},"description":"Eric es el especialista y fundador de Antderground, con una amplia trayectoria en artr\u00f3podos y enfocado en la mirmecolog\u00eda y el dise\u00f1o de hormigueros artificiales. Su enfoque combina la innovaci\u00f3n t\u00e9cnica con el respeto por la biolog\u00eda de las hormigas, is\u00f3podos y otros, desarrollando sistemas de nidos modulares 3D y acr\u00edlicos que son referentes para aficionados y profesionales en toda Europa. Su objetivo es facilitar la cr\u00eda de hormigas y otros artr\u00f3podos mediante soluciones seguras y divulgaci\u00f3n de calidad.","sameAs":["https:\/\/antderground.com\/","https:\/\/www.youtube.com\/channel\/UCio72z7TlbufkAthAJIJfPw"]}]}},"_links":{"self":[{"href":"https:\/\/antderground.com\/it\/wp-json\/wp\/v2\/product\/33330","targetHints":{"allow":["GET"]}}],"collection":[{"href":"https:\/\/antderground.com\/it\/wp-json\/wp\/v2\/product"}],"about":[{"href":"https:\/\/antderground.com\/it\/wp-json\/wp\/v2\/types\/product"}],"version-history":[{"count":0,"href":"https:\/\/antderground.com\/it\/wp-json\/wp\/v2\/product\/33330\/revisions"}],"wp:featuredmedia":[{"embeddable":true,"href":"https:\/\/antderground.com\/it\/wp-json\/wp\/v2\/media\/33305"}],"wp:attachment":[{"href":"https:\/\/antderground.com\/it\/wp-json\/wp\/v2\/media?parent=33330"}],"wp:term":[{"taxonomy":"product_brand","embeddable":true,"href":"https:\/\/antderground.com\/it\/wp-json\/wp\/v2\/product_brand?post=33330"},{"taxonomy":"product_cat","embeddable":true,"href":"https:\/\/antderground.com\/it\/wp-json\/wp\/v2\/product_cat?post=33330"},{"taxonomy":"product_tag","embeddable":true,"href":"https:\/\/antderground.com\/it\/wp-json\/wp\/v2\/product_tag?post=33330"}],"curies":[{"name":"wp","href":"https:\/\/api.w.org\/{rel}","templated":true}]}}