{"id":34844,"date":"2019-08-02T22:42:23","date_gmt":"2019-08-02T20:42:23","guid":{"rendered":"https:\/\/www.antderground.com\/producto\/pheidole-pallidula\/"},"modified":"2024-10-20T11:22:27","modified_gmt":"2024-10-20T09:22:27","slug":"pheidole-pallidula","status":"publish","type":"product","link":"https:\/\/antderground.com\/it\/prodotto\/pheidole-pallidula\/","title":{"rendered":"Pheidole pallidula"},"content":{"rendered":"<p><strong>Nome scientifico: Pheidole pallidula<\/strong><\/p>\n<p><strong>Classe:<\/strong> Insecta<br \/>\n<strong>Ordine:<\/strong> Hymenoptera<br \/>\n<strong>Famiglia:<\/strong> Formicidae<br \/>\n<strong>Genere:<\/strong> Pheidole<br \/>\n<strong>Specie:<\/strong> pallidula<\/p>\n<p><strong>Caratteristiche morfologiche:<\/strong><\/p>\n<p><strong>Dimensioni:<\/strong> Le operaie hanno una dimensione di circa 2-4 mm, mentre le regine possono raggiungere fino a 7 mm.<br \/>\n<strong>Colore:<\/strong> Le operaie sono di colore marrone scuro a nero, con l&#8217;addome pi\u00f9 chiaro, mentre le regine possono avere tonalit\u00e0 pi\u00f9 chiare.<br \/>\n<strong>Corpo:<\/strong> Presentano una testa grande in proporzione al corpo, con torace e addome ben differenziati.<br \/>\n<strong>Antenne:<\/strong> Il numero di segmenti nelle antenne varia a seconda del tipo di casta, ma generalmente hanno 12 segmenti.<br \/>\n<strong>Occhi:<\/strong> Presentano occhi composti relativamente grandi.<\/p>\n<p><strong>Ciclo di vita:<\/strong><\/p>\n<p>La colonia \u00e8 composta da una o pi\u00f9 regine, operaie e larve.<br \/>\nLa regina \u00e8 l&#8217;unica femmina fertile della colonia ed \u00e8 responsabile della deposizione delle uova.<br \/>\nLe larve passano attraverso diversi stadi prima di diventare operaie adulte.<br \/>\nLe operaie si occupano di cercare cibo, prendersi cura delle larve e difendere la colonia.<\/p>\n<p><strong>Habitat e distribuzione:<\/strong><\/p>\n<p>La formica <strong>Pheidole pallidula<\/strong> \u00e8 originaria delle regioni mediterranee e si trova comunemente in Europa.<br \/>\nPreferisce habitat caldi e secchi, come campi agricoli, giardini, boschi e aree urbane.<br \/>\nPu\u00f2 costruire i suoi nidi sotto terra, in tronchi marci o in materiale vegetale in decomposizione.<\/p>\n<p><strong>Comportamento:<\/strong><\/p>\n<p>\u00c8 una specie onnivora, si nutre di una variet\u00e0 di fonti, tra cui insetti, nettare, semi e materia organica in decomposizione.<br \/>\nTutte le formiche che offriamo sono sottoposte a una quarantena per garantire che siano in buono stato, ed \u00e8 per questo che offriamo una garanzia quando si decide di acquistare una delle specie che offriamo da <strong>Antderground<\/strong>.<\/p>\n","protected":false},"excerpt":{"rendered":"<p>Scopri il potere della formica Pheidole pallidula: piccola ma potente, lavora instancabilmente per raggiungere grandi obiettivi. Rendilo parte del tuo nido oggi! \ud83d\udc1c\ud83d\udcaa<\/p>\n<p>&nbsp;<\/p>\n","protected":false},"featured_media":29431,"template":"","meta":[],"product_brand":[],"product_cat":[332,501],"product_tag":[],"class_list":{"0":"post-34844","1":"product","2":"type-product","3":"status-publish","4":"has-post-thumbnail","6":"product_cat-formiche","7":"product_cat-formiche-europee","9":"first","10":"instock","11":"shipping-taxable","12":"purchasable","13":"product-type-variable"},"yoast_head":"<!-- This site is optimized with the Yoast SEO plugin v27.3 - https:\/\/yoast.com\/product\/yoast-seo-wordpress\/ -->\n<title>Pheidole pallidula | Formica regina - ANTDERGROUND<\/title>\n<meta name=\"description\" content=\"Formica nativa Pheidole pallidula, scopri le sue caratteristiche e il suo stile di vita all&#039;interno di un formicaio artificiale. Esplora il mondo mirmecologico\" \/>\n<meta name=\"robots\" content=\"index, follow, max-snippet:-1, max-image-preview:large, max-video-preview:-1\" \/>\n<link rel=\"canonical\" href=\"https:\/\/antderground.com\/it\/prodotto\/pheidole-pallidula\/\" \/>\n<meta property=\"og:locale\" content=\"it_IT\" \/>\n<meta property=\"og:type\" content=\"article\" \/>\n<meta property=\"og:title\" content=\"Pheidole pallidula | Formica regina - ANTDERGROUND\" \/>\n<meta property=\"og:description\" content=\"Formica nativa Pheidole pallidula, scopri le sue caratteristiche e il suo stile di vita all&#039;interno di un formicaio artificiale. Esplora il mondo mirmecologico\" \/>\n<meta property=\"og:url\" content=\"https:\/\/antderground.com\/it\/prodotto\/pheidole-pallidula\/\" \/>\n<meta property=\"og:site_name\" content=\"ANTDERGROUND\" \/>\n<meta property=\"article:modified_time\" content=\"2024-10-20T09:22:27+00:00\" \/>\n<meta property=\"og:image\" content=\"https:\/\/antderground.com\/wp-content\/uploads\/2019\/08\/PHEIDOLE-PALLIDULA.jpg\" \/>\n\t<meta property=\"og:image:width\" content=\"1417\" \/>\n\t<meta property=\"og:image:height\" content=\"1417\" \/>\n\t<meta property=\"og:image:type\" content=\"image\/jpeg\" \/>\n<meta name=\"twitter:card\" content=\"summary_large_image\" \/>\n<meta name=\"twitter:label1\" content=\"Tempo di lettura stimato\" \/>\n\t<meta name=\"twitter:data1\" content=\"1 minuto\" \/>\n<script type=\"application\/ld+json\" class=\"yoast-schema-graph\">{\"@context\":\"https:\\\/\\\/schema.org\",\"@graph\":[{\"@type\":\"WebPage\",\"@id\":\"https:\\\/\\\/antderground.com\\\/it\\\/prodotto\\\/pheidole-pallidula\\\/\",\"url\":\"https:\\\/\\\/antderground.com\\\/it\\\/prodotto\\\/pheidole-pallidula\\\/\",\"name\":\"Pheidole pallidula | Formica regina - ANTDERGROUND\",\"isPartOf\":{\"@id\":\"https:\\\/\\\/antderground.com\\\/it\\\/#website\"},\"primaryImageOfPage\":{\"@id\":\"https:\\\/\\\/antderground.com\\\/it\\\/prodotto\\\/pheidole-pallidula\\\/#primaryimage\"},\"image\":{\"@id\":\"https:\\\/\\\/antderground.com\\\/it\\\/prodotto\\\/pheidole-pallidula\\\/#primaryimage\"},\"thumbnailUrl\":\"https:\\\/\\\/antderground.com\\\/wp-content\\\/uploads\\\/2019\\\/08\\\/PHEIDOLE-PALLIDULA.jpg\",\"datePublished\":\"2019-08-02T20:42:23+00:00\",\"dateModified\":\"2024-10-20T09:22:27+00:00\",\"description\":\"Formica nativa Pheidole pallidula, scopri le sue caratteristiche e il suo stile di vita all'interno di un formicaio artificiale. Esplora il mondo mirmecologico\",\"breadcrumb\":{\"@id\":\"https:\\\/\\\/antderground.com\\\/it\\\/prodotto\\\/pheidole-pallidula\\\/#breadcrumb\"},\"inLanguage\":\"it-IT\",\"potentialAction\":[{\"@type\":\"ReadAction\",\"target\":[\"https:\\\/\\\/antderground.com\\\/it\\\/prodotto\\\/pheidole-pallidula\\\/\"]}]},{\"@type\":\"ImageObject\",\"inLanguage\":\"it-IT\",\"@id\":\"https:\\\/\\\/antderground.com\\\/it\\\/prodotto\\\/pheidole-pallidula\\\/#primaryimage\",\"url\":\"https:\\\/\\\/antderground.com\\\/wp-content\\\/uploads\\\/2019\\\/08\\\/PHEIDOLE-PALLIDULA.jpg\",\"contentUrl\":\"https:\\\/\\\/antderground.com\\\/wp-content\\\/uploads\\\/2019\\\/08\\\/PHEIDOLE-PALLIDULA.jpg\",\"width\":1417,\"height\":1417,\"caption\":\"PHEIDOLE PALLIDULA\"},{\"@type\":\"BreadcrumbList\",\"@id\":\"https:\\\/\\\/antderground.com\\\/it\\\/prodotto\\\/pheidole-pallidula\\\/#breadcrumb\",\"itemListElement\":[{\"@type\":\"ListItem\",\"position\":1,\"name\":\"Portada\",\"item\":\"https:\\\/\\\/antderground.com\\\/it\\\/\"},{\"@type\":\"ListItem\",\"position\":2,\"name\":\"Prodotti\",\"item\":\"https:\\\/\\\/antderground.com\\\/it\\\/prodotti\\\/\"},{\"@type\":\"ListItem\",\"position\":3,\"name\":\"Pheidole pallidula\"}]},{\"@type\":\"WebSite\",\"@id\":\"https:\\\/\\\/antderground.com\\\/it\\\/#website\",\"url\":\"https:\\\/\\\/antderground.com\\\/it\\\/\",\"name\":\"ANTDERGROUND\",\"description\":\"Tu tienda de hormigas, gran variedad de hormigueros acr\u00edlicos,madera,arena,3D y mas.. Pide tus hormigas gratis con tu pedido, somos expertos en hormigueros antifugas.\",\"publisher\":{\"@id\":\"https:\\\/\\\/antderground.com\\\/it\\\/#\\\/schema\\\/person\\\/0e322c505e84fe72c65e2f6d08f96b81\"},\"alternateName\":\"Antderground\",\"potentialAction\":[{\"@type\":\"SearchAction\",\"target\":{\"@type\":\"EntryPoint\",\"urlTemplate\":\"https:\\\/\\\/antderground.com\\\/it\\\/?s={search_term_string}\"},\"query-input\":{\"@type\":\"PropertyValueSpecification\",\"valueRequired\":true,\"valueName\":\"search_term_string\"}}],\"inLanguage\":\"it-IT\"},{\"@type\":[\"Person\",\"Organization\"],\"@id\":\"https:\\\/\\\/antderground.com\\\/it\\\/#\\\/schema\\\/person\\\/0e322c505e84fe72c65e2f6d08f96b81\",\"name\":\"Eric de Antderground\",\"image\":{\"@type\":\"ImageObject\",\"inLanguage\":\"it-IT\",\"@id\":\"https:\\\/\\\/secure.gravatar.com\\\/avatar\\\/c49a1b9f79216d1498cb73c1e85cd47f4465dda35f2a94c03790d491bd4423c3?s=96&d=mm&r=g\",\"url\":\"https:\\\/\\\/secure.gravatar.com\\\/avatar\\\/c49a1b9f79216d1498cb73c1e85cd47f4465dda35f2a94c03790d491bd4423c3?s=96&d=mm&r=g\",\"contentUrl\":\"https:\\\/\\\/secure.gravatar.com\\\/avatar\\\/c49a1b9f79216d1498cb73c1e85cd47f4465dda35f2a94c03790d491bd4423c3?s=96&d=mm&r=g\",\"caption\":\"Eric de Antderground\"},\"logo\":{\"@id\":\"https:\\\/\\\/secure.gravatar.com\\\/avatar\\\/c49a1b9f79216d1498cb73c1e85cd47f4465dda35f2a94c03790d491bd4423c3?s=96&d=mm&r=g\"},\"description\":\"Eric es el especialista y fundador de Antderground, con una amplia trayectoria en artr\u00f3podos y enfocado en la mirmecolog\u00eda y el dise\u00f1o de hormigueros artificiales. Su enfoque combina la innovaci\u00f3n t\u00e9cnica con el respeto por la biolog\u00eda de las hormigas, is\u00f3podos y otros, desarrollando sistemas de nidos modulares 3D y acr\u00edlicos que son referentes para aficionados y profesionales en toda Europa. Su objetivo es facilitar la cr\u00eda de hormigas y otros artr\u00f3podos mediante soluciones seguras y divulgaci\u00f3n de calidad.\",\"sameAs\":[\"https:\\\/\\\/antderground.com\\\/\",\"https:\\\/\\\/www.youtube.com\\\/channel\\\/UCio72z7TlbufkAthAJIJfPw\"]}]}<\/script>\n<!-- \/ Yoast SEO plugin. -->","yoast_head_json":{"title":"Pheidole pallidula | Formica regina - ANTDERGROUND","description":"Formica nativa Pheidole pallidula, scopri le sue caratteristiche e il suo stile di vita all'interno di un formicaio artificiale. Esplora il mondo mirmecologico","robots":{"index":"index","follow":"follow","max-snippet":"max-snippet:-1","max-image-preview":"max-image-preview:large","max-video-preview":"max-video-preview:-1"},"canonical":"https:\/\/antderground.com\/it\/prodotto\/pheidole-pallidula\/","og_locale":"it_IT","og_type":"article","og_title":"Pheidole pallidula | Formica regina - ANTDERGROUND","og_description":"Formica nativa Pheidole pallidula, scopri le sue caratteristiche e il suo stile di vita all'interno di un formicaio artificiale. Esplora il mondo mirmecologico","og_url":"https:\/\/antderground.com\/it\/prodotto\/pheidole-pallidula\/","og_site_name":"ANTDERGROUND","article_modified_time":"2024-10-20T09:22:27+00:00","og_image":[{"width":1417,"height":1417,"url":"https:\/\/antderground.com\/wp-content\/uploads\/2019\/08\/PHEIDOLE-PALLIDULA.jpg","type":"image\/jpeg"}],"twitter_card":"summary_large_image","twitter_misc":{"Tempo di lettura stimato":"1 minuto"},"schema":{"@context":"https:\/\/schema.org","@graph":[{"@type":"WebPage","@id":"https:\/\/antderground.com\/it\/prodotto\/pheidole-pallidula\/","url":"https:\/\/antderground.com\/it\/prodotto\/pheidole-pallidula\/","name":"Pheidole pallidula | Formica regina - ANTDERGROUND","isPartOf":{"@id":"https:\/\/antderground.com\/it\/#website"},"primaryImageOfPage":{"@id":"https:\/\/antderground.com\/it\/prodotto\/pheidole-pallidula\/#primaryimage"},"image":{"@id":"https:\/\/antderground.com\/it\/prodotto\/pheidole-pallidula\/#primaryimage"},"thumbnailUrl":"https:\/\/antderground.com\/wp-content\/uploads\/2019\/08\/PHEIDOLE-PALLIDULA.jpg","datePublished":"2019-08-02T20:42:23+00:00","dateModified":"2024-10-20T09:22:27+00:00","description":"Formica nativa Pheidole pallidula, scopri le sue caratteristiche e il suo stile di vita all'interno di un formicaio artificiale. Esplora il mondo mirmecologico","breadcrumb":{"@id":"https:\/\/antderground.com\/it\/prodotto\/pheidole-pallidula\/#breadcrumb"},"inLanguage":"it-IT","potentialAction":[{"@type":"ReadAction","target":["https:\/\/antderground.com\/it\/prodotto\/pheidole-pallidula\/"]}]},{"@type":"ImageObject","inLanguage":"it-IT","@id":"https:\/\/antderground.com\/it\/prodotto\/pheidole-pallidula\/#primaryimage","url":"https:\/\/antderground.com\/wp-content\/uploads\/2019\/08\/PHEIDOLE-PALLIDULA.jpg","contentUrl":"https:\/\/antderground.com\/wp-content\/uploads\/2019\/08\/PHEIDOLE-PALLIDULA.jpg","width":1417,"height":1417,"caption":"PHEIDOLE PALLIDULA"},{"@type":"BreadcrumbList","@id":"https:\/\/antderground.com\/it\/prodotto\/pheidole-pallidula\/#breadcrumb","itemListElement":[{"@type":"ListItem","position":1,"name":"Portada","item":"https:\/\/antderground.com\/it\/"},{"@type":"ListItem","position":2,"name":"Prodotti","item":"https:\/\/antderground.com\/it\/prodotti\/"},{"@type":"ListItem","position":3,"name":"Pheidole pallidula"}]},{"@type":"WebSite","@id":"https:\/\/antderground.com\/it\/#website","url":"https:\/\/antderground.com\/it\/","name":"ANTDERGROUND","description":"Tu tienda de hormigas, gran variedad de hormigueros acr\u00edlicos,madera,arena,3D y mas.. Pide tus hormigas gratis con tu pedido, somos expertos en hormigueros antifugas.","publisher":{"@id":"https:\/\/antderground.com\/it\/#\/schema\/person\/0e322c505e84fe72c65e2f6d08f96b81"},"alternateName":"Antderground","potentialAction":[{"@type":"SearchAction","target":{"@type":"EntryPoint","urlTemplate":"https:\/\/antderground.com\/it\/?s={search_term_string}"},"query-input":{"@type":"PropertyValueSpecification","valueRequired":true,"valueName":"search_term_string"}}],"inLanguage":"it-IT"},{"@type":["Person","Organization"],"@id":"https:\/\/antderground.com\/it\/#\/schema\/person\/0e322c505e84fe72c65e2f6d08f96b81","name":"Eric de Antderground","image":{"@type":"ImageObject","inLanguage":"it-IT","@id":"https:\/\/secure.gravatar.com\/avatar\/c49a1b9f79216d1498cb73c1e85cd47f4465dda35f2a94c03790d491bd4423c3?s=96&d=mm&r=g","url":"https:\/\/secure.gravatar.com\/avatar\/c49a1b9f79216d1498cb73c1e85cd47f4465dda35f2a94c03790d491bd4423c3?s=96&d=mm&r=g","contentUrl":"https:\/\/secure.gravatar.com\/avatar\/c49a1b9f79216d1498cb73c1e85cd47f4465dda35f2a94c03790d491bd4423c3?s=96&d=mm&r=g","caption":"Eric de Antderground"},"logo":{"@id":"https:\/\/secure.gravatar.com\/avatar\/c49a1b9f79216d1498cb73c1e85cd47f4465dda35f2a94c03790d491bd4423c3?s=96&d=mm&r=g"},"description":"Eric es el especialista y fundador de Antderground, con una amplia trayectoria en artr\u00f3podos y enfocado en la mirmecolog\u00eda y el dise\u00f1o de hormigueros artificiales. Su enfoque combina la innovaci\u00f3n t\u00e9cnica con el respeto por la biolog\u00eda de las hormigas, is\u00f3podos y otros, desarrollando sistemas de nidos modulares 3D y acr\u00edlicos que son referentes para aficionados y profesionales en toda Europa. Su objetivo es facilitar la cr\u00eda de hormigas y otros artr\u00f3podos mediante soluciones seguras y divulgaci\u00f3n de calidad.","sameAs":["https:\/\/antderground.com\/","https:\/\/www.youtube.com\/channel\/UCio72z7TlbufkAthAJIJfPw"]}]}},"_links":{"self":[{"href":"https:\/\/antderground.com\/it\/wp-json\/wp\/v2\/product\/34844","targetHints":{"allow":["GET"]}}],"collection":[{"href":"https:\/\/antderground.com\/it\/wp-json\/wp\/v2\/product"}],"about":[{"href":"https:\/\/antderground.com\/it\/wp-json\/wp\/v2\/types\/product"}],"version-history":[{"count":0,"href":"https:\/\/antderground.com\/it\/wp-json\/wp\/v2\/product\/34844\/revisions"}],"wp:featuredmedia":[{"embeddable":true,"href":"https:\/\/antderground.com\/it\/wp-json\/wp\/v2\/media\/29431"}],"wp:attachment":[{"href":"https:\/\/antderground.com\/it\/wp-json\/wp\/v2\/media?parent=34844"}],"wp:term":[{"taxonomy":"product_brand","embeddable":true,"href":"https:\/\/antderground.com\/it\/wp-json\/wp\/v2\/product_brand?post=34844"},{"taxonomy":"product_cat","embeddable":true,"href":"https:\/\/antderground.com\/it\/wp-json\/wp\/v2\/product_cat?post=34844"},{"taxonomy":"product_tag","embeddable":true,"href":"https:\/\/antderground.com\/it\/wp-json\/wp\/v2\/product_tag?post=34844"}],"curies":[{"name":"wp","href":"https:\/\/api.w.org\/{rel}","templated":true}]}}