{"id":36560,"date":"2024-09-20T11:28:46","date_gmt":"2024-09-20T09:28:46","guid":{"rendered":"https:\/\/www.antderground.com\/producto\/formicaio-verticale-t-con-substrato\/"},"modified":"2024-09-20T13:52:19","modified_gmt":"2024-09-20T11:52:19","slug":"formicaio-verticale-t-con-substrato","status":"publish","type":"product","link":"https:\/\/antderground.com\/it\/prodotto\/formicaio-verticale-t-con-substrato\/","title":{"rendered":"Formicaio verticale T (con substrato)"},"content":{"rendered":"<h3>Formicaio Vertical Formato T: Fusione tra Formicaio e Zona di Foraggio<\/h3>\n<p><strong>Descrizione generale<\/strong><br \/>\nIl formicaio verticale in formato T \u00e8 una soluzione innovativa che combina in un unico design l&#8217;area del nido e quella di foraggio. Entrambe le aree sono collegate da un foro che consente un facile accesso delle formiche tra i due ambienti.<\/p>\n<p><strong>Zona del formicaio<\/strong><br \/>\nLa sezione del nido misura 15&#215;15 cm ed \u00e8 composta da substrato naturale. Ideale per consentire alle formiche di costruire le proprie gallerie, riproducendo un ambiente simile a quello che trovano in natura.<\/p>\n<p><strong>Zona di foraggio<\/strong><br \/>\nLo spazio di foraggio misura 6x18x8 cm. Qui le formiche possono cercare cibo, immagazzinare risorse ed esplorare in sicurezza.<\/p>\n<p><strong>Vantaggi del design<\/strong><\/p>\n<p><strong>Risparmio di spazio grazie al formato verticale<\/strong><br \/>\nQuesto design compatto \u00e8 perfetto per chi cerca di ottimizzare lo spazio. Essendo verticale, il formicaio non solo consente di ospitare una colonia di formiche in crescita, ma riduce anche la necessit\u00e0 di una superficie ampia, rendendolo un&#8217;opzione ideale per qualsiasi ambiente, come scrivanie o mensole.<\/p>\n<p><strong>Osservazione diretta delle formiche in entrambe le zone<\/strong><br \/>\nGrazie alla disposizione verticale e alla trasparenza del materiale, questo formicaio facilita l&#8217;osservazione sia nell&#8217;area del nido che in quella di foraggio. Gli utenti possono seguire da vicino le attivit\u00e0 delle formiche, dalla costruzione di tunnel nel substrato al loro comportamento nella raccolta e nell&#8217;immagazzinamento degli alimenti, rendendolo uno strumento educativo e di intrattenimento.<\/p>\n<p><strong>Ambiente naturale per lo sviluppo del formicaio<\/strong><br \/>\nLa zona del nido \u00e8 progettata con un substrato che consente alle formiche di scavare e costruire le proprie gallerie, ricreando il loro habitat naturale. Questo promuove il benessere della colonia e offre un&#8217;esperienza pi\u00f9 autentica sia per le formiche che per gli osservatori, incoraggiando il comportamento istintivo e sano della colonia.<\/p>\n","protected":false},"excerpt":{"rendered":"<p>Formicaio verticale in formato T con area nido (15&#215;15 cm) con substrato e foraggiamento (6x18x8 cm), ideale per l&#8217;osservazione e lo sviluppo naturale delle formiche. Unisce entrambe le aree attraverso uno spazio di accesso, consentendo un ambiente pratico e compatto.<\/p>\n<p><strong>Include:<\/strong><br \/>\n&#8211; Formicaio formato T.<br \/>\n&#8211; Substrato.<br \/>\n&#8211; Pipetta (per umidit\u00e0).<\/p>\n<p>*Dispone di una connessione per collegarsi ad un ulteriore formicaio o zona di alimentazione.<\/p>\n","protected":false},"featured_media":36552,"template":"","meta":[],"product_brand":[],"product_cat":[337,433,344],"product_tag":[],"class_list":{"0":"post-36560","1":"product","2":"type-product","3":"status-publish","4":"has-post-thumbnail","6":"product_cat-formicai","7":"product_cat-formicaio-3d","8":"product_cat-formicai-verticali","10":"first","11":"instock","12":"sale","13":"shipping-taxable","14":"purchasable","15":"product-type-simple"},"yoast_head":"<!-- This site is optimized with the Yoast SEO plugin v27.4 - https:\/\/yoast.com\/product\/yoast-seo-wordpress\/ -->\n<title>Formicaio verticale T (con substrato) | Mirmecologia - ANTDERGROUND<\/title>\n<meta name=\"description\" content=\"Formicaio verticale in formato T con substrato e foraggiamento. Design compatto ideale per coltivare e osservare le formiche. Acquista il tuo formicaio verticale\" \/>\n<meta name=\"robots\" content=\"index, follow, max-snippet:-1, max-image-preview:large, max-video-preview:-1\" \/>\n<link rel=\"canonical\" href=\"https:\/\/antderground.com\/it\/prodotto\/formicaio-verticale-t-con-substrato\/\" \/>\n<meta property=\"og:locale\" content=\"it_IT\" \/>\n<meta property=\"og:type\" content=\"article\" \/>\n<meta property=\"og:title\" content=\"Formicaio verticale T (con substrato) | Mirmecologia - ANTDERGROUND\" \/>\n<meta property=\"og:description\" content=\"Formicaio verticale in formato T con substrato e foraggiamento. Design compatto ideale per coltivare e osservare le formiche. Acquista il tuo formicaio verticale\" \/>\n<meta property=\"og:url\" content=\"https:\/\/antderground.com\/it\/prodotto\/formicaio-verticale-t-con-substrato\/\" \/>\n<meta property=\"og:site_name\" content=\"ANTDERGROUND\" \/>\n<meta property=\"article:modified_time\" content=\"2024-09-20T11:52:19+00:00\" \/>\n<meta property=\"og:image\" content=\"https:\/\/antderground.com\/wp-content\/uploads\/2024\/09\/hormiguero-version-T.jpg\" \/>\n\t<meta property=\"og:image:width\" content=\"1600\" \/>\n\t<meta property=\"og:image:height\" content=\"1600\" \/>\n\t<meta property=\"og:image:type\" content=\"image\/jpeg\" \/>\n<meta name=\"twitter:card\" content=\"summary_large_image\" \/>\n<meta name=\"twitter:label1\" content=\"Tempo di lettura stimato\" \/>\n\t<meta name=\"twitter:data1\" content=\"1 minuto\" \/>\n<script type=\"application\/ld+json\" class=\"yoast-schema-graph\">{\"@context\":\"https:\\\/\\\/schema.org\",\"@graph\":[{\"@type\":\"WebPage\",\"@id\":\"https:\\\/\\\/antderground.com\\\/it\\\/prodotto\\\/formicaio-verticale-t-con-substrato\\\/\",\"url\":\"https:\\\/\\\/antderground.com\\\/it\\\/prodotto\\\/formicaio-verticale-t-con-substrato\\\/\",\"name\":\"Formicaio verticale T (con substrato) | Mirmecologia - ANTDERGROUND\",\"isPartOf\":{\"@id\":\"https:\\\/\\\/antderground.com\\\/it\\\/#website\"},\"primaryImageOfPage\":{\"@id\":\"https:\\\/\\\/antderground.com\\\/it\\\/prodotto\\\/formicaio-verticale-t-con-substrato\\\/#primaryimage\"},\"image\":{\"@id\":\"https:\\\/\\\/antderground.com\\\/it\\\/prodotto\\\/formicaio-verticale-t-con-substrato\\\/#primaryimage\"},\"thumbnailUrl\":\"https:\\\/\\\/antderground.com\\\/wp-content\\\/uploads\\\/2024\\\/09\\\/hormiguero-version-T.jpg\",\"datePublished\":\"2024-09-20T09:28:46+00:00\",\"dateModified\":\"2024-09-20T11:52:19+00:00\",\"description\":\"Formicaio verticale in formato T con substrato e foraggiamento. Design compatto ideale per coltivare e osservare le formiche. Acquista il tuo formicaio verticale\",\"breadcrumb\":{\"@id\":\"https:\\\/\\\/antderground.com\\\/it\\\/prodotto\\\/formicaio-verticale-t-con-substrato\\\/#breadcrumb\"},\"inLanguage\":\"it-IT\",\"potentialAction\":[{\"@type\":\"ReadAction\",\"target\":[\"https:\\\/\\\/antderground.com\\\/it\\\/prodotto\\\/formicaio-verticale-t-con-substrato\\\/\"]}]},{\"@type\":\"ImageObject\",\"inLanguage\":\"it-IT\",\"@id\":\"https:\\\/\\\/antderground.com\\\/it\\\/prodotto\\\/formicaio-verticale-t-con-substrato\\\/#primaryimage\",\"url\":\"https:\\\/\\\/antderground.com\\\/wp-content\\\/uploads\\\/2024\\\/09\\\/hormiguero-version-T.jpg\",\"contentUrl\":\"https:\\\/\\\/antderground.com\\\/wp-content\\\/uploads\\\/2024\\\/09\\\/hormiguero-version-T.jpg\",\"width\":1600,\"height\":1600,\"caption\":\"Formicaio verticale T (con substrato)\"},{\"@type\":\"BreadcrumbList\",\"@id\":\"https:\\\/\\\/antderground.com\\\/it\\\/prodotto\\\/formicaio-verticale-t-con-substrato\\\/#breadcrumb\",\"itemListElement\":[{\"@type\":\"ListItem\",\"position\":1,\"name\":\"Portada\",\"item\":\"https:\\\/\\\/antderground.com\\\/it\\\/\"},{\"@type\":\"ListItem\",\"position\":2,\"name\":\"Prodotti\",\"item\":\"https:\\\/\\\/antderground.com\\\/it\\\/prodotti\\\/\"},{\"@type\":\"ListItem\",\"position\":3,\"name\":\"Formicaio verticale T (con substrato)\"}]},{\"@type\":\"WebSite\",\"@id\":\"https:\\\/\\\/antderground.com\\\/it\\\/#website\",\"url\":\"https:\\\/\\\/antderground.com\\\/it\\\/\",\"name\":\"ANTDERGROUND\",\"description\":\"Tu tienda de hormigas, gran variedad de hormigueros acr\u00edlicos,madera,arena,3D y mas.. Pide tus hormigas gratis con tu pedido, somos expertos en hormigueros antifugas.\",\"publisher\":{\"@id\":\"https:\\\/\\\/antderground.com\\\/it\\\/#\\\/schema\\\/person\\\/0e322c505e84fe72c65e2f6d08f96b81\"},\"alternateName\":\"Antderground\",\"potentialAction\":[{\"@type\":\"SearchAction\",\"target\":{\"@type\":\"EntryPoint\",\"urlTemplate\":\"https:\\\/\\\/antderground.com\\\/it\\\/?s={search_term_string}\"},\"query-input\":{\"@type\":\"PropertyValueSpecification\",\"valueRequired\":true,\"valueName\":\"search_term_string\"}}],\"inLanguage\":\"it-IT\"},{\"@type\":[\"Person\",\"Organization\"],\"@id\":\"https:\\\/\\\/antderground.com\\\/it\\\/#\\\/schema\\\/person\\\/0e322c505e84fe72c65e2f6d08f96b81\",\"name\":\"Eric de Antderground\",\"image\":{\"@type\":\"ImageObject\",\"inLanguage\":\"it-IT\",\"@id\":\"https:\\\/\\\/secure.gravatar.com\\\/avatar\\\/c49a1b9f79216d1498cb73c1e85cd47f4465dda35f2a94c03790d491bd4423c3?s=96&d=mm&r=g\",\"url\":\"https:\\\/\\\/secure.gravatar.com\\\/avatar\\\/c49a1b9f79216d1498cb73c1e85cd47f4465dda35f2a94c03790d491bd4423c3?s=96&d=mm&r=g\",\"contentUrl\":\"https:\\\/\\\/secure.gravatar.com\\\/avatar\\\/c49a1b9f79216d1498cb73c1e85cd47f4465dda35f2a94c03790d491bd4423c3?s=96&d=mm&r=g\",\"caption\":\"Eric de Antderground\"},\"logo\":{\"@id\":\"https:\\\/\\\/secure.gravatar.com\\\/avatar\\\/c49a1b9f79216d1498cb73c1e85cd47f4465dda35f2a94c03790d491bd4423c3?s=96&d=mm&r=g\"},\"description\":\"Eric es el especialista y fundador de Antderground, con una amplia trayectoria en artr\u00f3podos y enfocado en la mirmecolog\u00eda y el dise\u00f1o de hormigueros artificiales. Su enfoque combina la innovaci\u00f3n t\u00e9cnica con el respeto por la biolog\u00eda de las hormigas, is\u00f3podos y otros, desarrollando sistemas de nidos modulares 3D y acr\u00edlicos que son referentes para aficionados y profesionales en toda Europa. Su objetivo es facilitar la cr\u00eda de hormigas y otros artr\u00f3podos mediante soluciones seguras y divulgaci\u00f3n de calidad.\",\"sameAs\":[\"https:\\\/\\\/antderground.com\\\/\",\"https:\\\/\\\/www.youtube.com\\\/channel\\\/UCio72z7TlbufkAthAJIJfPw\"]}]}<\/script>\n<!-- \/ Yoast SEO plugin. -->","yoast_head_json":{"title":"Formicaio verticale T (con substrato) | Mirmecologia - ANTDERGROUND","description":"Formicaio verticale in formato T con substrato e foraggiamento. Design compatto ideale per coltivare e osservare le formiche. Acquista il tuo formicaio verticale","robots":{"index":"index","follow":"follow","max-snippet":"max-snippet:-1","max-image-preview":"max-image-preview:large","max-video-preview":"max-video-preview:-1"},"canonical":"https:\/\/antderground.com\/it\/prodotto\/formicaio-verticale-t-con-substrato\/","og_locale":"it_IT","og_type":"article","og_title":"Formicaio verticale T (con substrato) | Mirmecologia - ANTDERGROUND","og_description":"Formicaio verticale in formato T con substrato e foraggiamento. Design compatto ideale per coltivare e osservare le formiche. Acquista il tuo formicaio verticale","og_url":"https:\/\/antderground.com\/it\/prodotto\/formicaio-verticale-t-con-substrato\/","og_site_name":"ANTDERGROUND","article_modified_time":"2024-09-20T11:52:19+00:00","og_image":[{"width":1600,"height":1600,"url":"https:\/\/antderground.com\/wp-content\/uploads\/2024\/09\/hormiguero-version-T.jpg","type":"image\/jpeg"}],"twitter_card":"summary_large_image","twitter_misc":{"Tempo di lettura stimato":"1 minuto"},"schema":{"@context":"https:\/\/schema.org","@graph":[{"@type":"WebPage","@id":"https:\/\/antderground.com\/it\/prodotto\/formicaio-verticale-t-con-substrato\/","url":"https:\/\/antderground.com\/it\/prodotto\/formicaio-verticale-t-con-substrato\/","name":"Formicaio verticale T (con substrato) | Mirmecologia - ANTDERGROUND","isPartOf":{"@id":"https:\/\/antderground.com\/it\/#website"},"primaryImageOfPage":{"@id":"https:\/\/antderground.com\/it\/prodotto\/formicaio-verticale-t-con-substrato\/#primaryimage"},"image":{"@id":"https:\/\/antderground.com\/it\/prodotto\/formicaio-verticale-t-con-substrato\/#primaryimage"},"thumbnailUrl":"https:\/\/antderground.com\/wp-content\/uploads\/2024\/09\/hormiguero-version-T.jpg","datePublished":"2024-09-20T09:28:46+00:00","dateModified":"2024-09-20T11:52:19+00:00","description":"Formicaio verticale in formato T con substrato e foraggiamento. Design compatto ideale per coltivare e osservare le formiche. Acquista il tuo formicaio verticale","breadcrumb":{"@id":"https:\/\/antderground.com\/it\/prodotto\/formicaio-verticale-t-con-substrato\/#breadcrumb"},"inLanguage":"it-IT","potentialAction":[{"@type":"ReadAction","target":["https:\/\/antderground.com\/it\/prodotto\/formicaio-verticale-t-con-substrato\/"]}]},{"@type":"ImageObject","inLanguage":"it-IT","@id":"https:\/\/antderground.com\/it\/prodotto\/formicaio-verticale-t-con-substrato\/#primaryimage","url":"https:\/\/antderground.com\/wp-content\/uploads\/2024\/09\/hormiguero-version-T.jpg","contentUrl":"https:\/\/antderground.com\/wp-content\/uploads\/2024\/09\/hormiguero-version-T.jpg","width":1600,"height":1600,"caption":"Formicaio verticale T (con substrato)"},{"@type":"BreadcrumbList","@id":"https:\/\/antderground.com\/it\/prodotto\/formicaio-verticale-t-con-substrato\/#breadcrumb","itemListElement":[{"@type":"ListItem","position":1,"name":"Portada","item":"https:\/\/antderground.com\/it\/"},{"@type":"ListItem","position":2,"name":"Prodotti","item":"https:\/\/antderground.com\/it\/prodotti\/"},{"@type":"ListItem","position":3,"name":"Formicaio verticale T (con substrato)"}]},{"@type":"WebSite","@id":"https:\/\/antderground.com\/it\/#website","url":"https:\/\/antderground.com\/it\/","name":"ANTDERGROUND","description":"Tu tienda de hormigas, gran variedad de hormigueros acr\u00edlicos,madera,arena,3D y mas.. Pide tus hormigas gratis con tu pedido, somos expertos en hormigueros antifugas.","publisher":{"@id":"https:\/\/antderground.com\/it\/#\/schema\/person\/0e322c505e84fe72c65e2f6d08f96b81"},"alternateName":"Antderground","potentialAction":[{"@type":"SearchAction","target":{"@type":"EntryPoint","urlTemplate":"https:\/\/antderground.com\/it\/?s={search_term_string}"},"query-input":{"@type":"PropertyValueSpecification","valueRequired":true,"valueName":"search_term_string"}}],"inLanguage":"it-IT"},{"@type":["Person","Organization"],"@id":"https:\/\/antderground.com\/it\/#\/schema\/person\/0e322c505e84fe72c65e2f6d08f96b81","name":"Eric de Antderground","image":{"@type":"ImageObject","inLanguage":"it-IT","@id":"https:\/\/secure.gravatar.com\/avatar\/c49a1b9f79216d1498cb73c1e85cd47f4465dda35f2a94c03790d491bd4423c3?s=96&d=mm&r=g","url":"https:\/\/secure.gravatar.com\/avatar\/c49a1b9f79216d1498cb73c1e85cd47f4465dda35f2a94c03790d491bd4423c3?s=96&d=mm&r=g","contentUrl":"https:\/\/secure.gravatar.com\/avatar\/c49a1b9f79216d1498cb73c1e85cd47f4465dda35f2a94c03790d491bd4423c3?s=96&d=mm&r=g","caption":"Eric de Antderground"},"logo":{"@id":"https:\/\/secure.gravatar.com\/avatar\/c49a1b9f79216d1498cb73c1e85cd47f4465dda35f2a94c03790d491bd4423c3?s=96&d=mm&r=g"},"description":"Eric es el especialista y fundador de Antderground, con una amplia trayectoria en artr\u00f3podos y enfocado en la mirmecolog\u00eda y el dise\u00f1o de hormigueros artificiales. Su enfoque combina la innovaci\u00f3n t\u00e9cnica con el respeto por la biolog\u00eda de las hormigas, is\u00f3podos y otros, desarrollando sistemas de nidos modulares 3D y acr\u00edlicos que son referentes para aficionados y profesionales en toda Europa. Su objetivo es facilitar la cr\u00eda de hormigas y otros artr\u00f3podos mediante soluciones seguras y divulgaci\u00f3n de calidad.","sameAs":["https:\/\/antderground.com\/","https:\/\/www.youtube.com\/channel\/UCio72z7TlbufkAthAJIJfPw"]}]}},"_links":{"self":[{"href":"https:\/\/antderground.com\/it\/wp-json\/wp\/v2\/product\/36560","targetHints":{"allow":["GET"]}}],"collection":[{"href":"https:\/\/antderground.com\/it\/wp-json\/wp\/v2\/product"}],"about":[{"href":"https:\/\/antderground.com\/it\/wp-json\/wp\/v2\/types\/product"}],"version-history":[{"count":0,"href":"https:\/\/antderground.com\/it\/wp-json\/wp\/v2\/product\/36560\/revisions"}],"wp:featuredmedia":[{"embeddable":true,"href":"https:\/\/antderground.com\/it\/wp-json\/wp\/v2\/media\/36552"}],"wp:attachment":[{"href":"https:\/\/antderground.com\/it\/wp-json\/wp\/v2\/media?parent=36560"}],"wp:term":[{"taxonomy":"product_brand","embeddable":true,"href":"https:\/\/antderground.com\/it\/wp-json\/wp\/v2\/product_brand?post=36560"},{"taxonomy":"product_cat","embeddable":true,"href":"https:\/\/antderground.com\/it\/wp-json\/wp\/v2\/product_cat?post=36560"},{"taxonomy":"product_tag","embeddable":true,"href":"https:\/\/antderground.com\/it\/wp-json\/wp\/v2\/product_tag?post=36560"}],"curies":[{"name":"wp","href":"https:\/\/api.w.org\/{rel}","templated":true}]}}