{"id":40144,"date":"2024-11-29T21:14:17","date_gmt":"2024-11-29T20:14:17","guid":{"rendered":"https:\/\/www.antderground.com\/producto\/cubaris-murina-papaya\/"},"modified":"2024-11-29T21:14:17","modified_gmt":"2024-11-29T20:14:17","slug":"cubaris-murina-papaya","status":"publish","type":"product","link":"https:\/\/antderground.com\/it\/prodotto\/cubaris-murina-papaya\/","title":{"rendered":"Cubaris murina &#8220;Papaya&#8221;"},"content":{"rendered":"<h3 data-start=\"81\" data-end=\"130\"><strong data-start=\"85\" data-end=\"128\">Scheda Tecnica: Cubaris murina &#8220;Papaya&#8221;<\/strong><\/h3>\n<p data-start=\"132\" data-end=\"290\"><strong data-start=\"132\" data-end=\"148\">Nome comune:<\/strong> Isopode Papaya<br data-start=\"163\" data-end=\"166\" \/><strong data-start=\"166\" data-end=\"187\">Nome scientifico:<\/strong> <em data-start=\"188\" data-end=\"204\">Cubaris murina<\/em><br data-start=\"204\" data-end=\"207\" \/><strong data-start=\"207\" data-end=\"220\">Famiglia:<\/strong> Armadillidiidae<br data-start=\"236\" data-end=\"239\" \/><strong data-start=\"239\" data-end=\"251\">Origine:<\/strong> Thailandia, zone tropicali dell&#8217;Asia<\/p>\n<h4 data-start=\"292\" data-end=\"315\"><strong data-start=\"297\" data-end=\"313\">Descrizione:<\/strong><\/h4>\n<p data-start=\"316\" data-end=\"740\">Il <em data-start=\"319\" data-end=\"344\">Cubaris murina &#8220;Papaya&#8221;<\/em> \u00e8 un isopode appartenente alla famiglia degli Armadillidiidae, noto per i suoi colori vivaci e il carapace con sfumature arancioni e marroni, che ricordano il frutto della papaya. Il suo corpo segmentato \u00e8 protetto da un esoscheletro rigido che gli consente di arrotolarsi in una sfera come meccanismo di difesa. Questo isopode \u00e8 di piccole dimensioni, raggiungendo in et\u00e0 adulta circa 2-3 cm.<\/p>\n<h4 data-start=\"742\" data-end=\"761\"><strong data-start=\"747\" data-end=\"759\">Habitat:<\/strong><\/h4>\n<p data-start=\"762\" data-end=\"1112\">Il <em data-start=\"765\" data-end=\"790\">Cubaris murina &#8220;Papaya&#8221;<\/em> \u00e8 una specie terrestre che vive in terreni umidi e ombreggiati, tipici degli ecosistemi tropicali. Preferisce ambienti caldi e umidi, come quelli ricreati nei terrari ben allestiti. Pu\u00f2 essere allevato in condizioni simili a quelle di altri isopodi tropicali, con un substrato di terra umida, corteccia e foglie secche.<\/p>\n<h4 data-start=\"1114\" data-end=\"1147\"><strong data-start=\"1119\" data-end=\"1145\">Temperatura e Umidit\u00e0:<\/strong><\/h4>\n<ul data-start=\"1148\" data-end=\"1315\">\n<li data-start=\"1148\" data-end=\"1185\"><strong data-start=\"1150\" data-end=\"1166\">Temperatura:<\/strong> Tra 22\u00b0C e 28\u00b0C.<\/li>\n<li data-start=\"1186\" data-end=\"1315\"><strong data-start=\"1188\" data-end=\"1200\">Umidit\u00e0:<\/strong> Alta, intorno al 60-80%. \u00c8 importante mantenere il substrato costantemente umido, ma non eccessivamente bagnato.<\/li>\n<\/ul>\n<h4 data-start=\"1317\" data-end=\"1342\"><strong data-start=\"1322\" data-end=\"1340\">Alimentazione:<\/strong><\/h4>\n<p data-start=\"1343\" data-end=\"1575\">Onnivoro, si nutre di materia organica in decomposizione come foglie secche, legno marcio e residui di alimenti vegetali. Pu\u00f2 anche mangiare piccoli pezzi di frutta e verdura, ma con moderazione per evitare la formazione di muffe.<\/p>\n<h4 data-start=\"1577\" data-end=\"1601\"><strong data-start=\"1582\" data-end=\"1599\">Riproduzione:<\/strong><\/h4>\n<p data-start=\"1602\" data-end=\"1826\">Il <em data-start=\"1605\" data-end=\"1630\">Cubaris murina &#8220;Papaya&#8221;<\/em> ha un ciclo riproduttivo relativamente rapido. La femmina porta le uova in un marsupio fino alla nascita delle piccole larve, che emergono gi\u00e0 nella loro forma giovanile e crescono rapidamente.<\/p>\n<h4 data-start=\"1828\" data-end=\"1858\"><strong data-start=\"1833\" data-end=\"1856\">Cura e Allevamento:<\/strong><\/h4>\n<ul data-start=\"1859\" data-end=\"2257\">\n<li data-start=\"1859\" data-end=\"1962\"><strong data-start=\"1861\" data-end=\"1874\">Terrario:<\/strong> Deve avere spazio sufficiente e zone ombreggiate dove gli isopodi possano rifugiarsi.<\/li>\n<li data-start=\"1963\" data-end=\"2100\"><strong data-start=\"1965\" data-end=\"1979\">Substrato:<\/strong> Una miscela di terra, foglie secche e corteccia \u00e8 ideale per mantenere un\u2019umidit\u00e0 adeguata e offrire un\u2019area di scavo.<\/li>\n<li data-start=\"2101\" data-end=\"2257\"><strong data-start=\"2103\" data-end=\"2119\">Decorazioni:<\/strong> \u00c8 consigliabile aggiungere elementi naturali come pietre, pezzi di legno e piante vive o artificiali per ricreare un ambiente naturale.<\/li>\n<\/ul>\n<h4 data-start=\"2259\" data-end=\"2284\"><strong data-start=\"2264\" data-end=\"2282\">Comportamento:<\/strong><\/h4>\n<p data-start=\"2285\" data-end=\"2467\">Il <em data-start=\"2288\" data-end=\"2313\">Cubaris murina &#8220;Papaya&#8221;<\/em> \u00e8 un isopode tranquillo, ma in caso di minaccia pu\u00f2 assumere un comportamento difensivo arrotolandosi su s\u00e9 stesso. Generalmente \u00e8 pi\u00f9 attivo di notte.<\/p>\n<h4 data-start=\"2469\" data-end=\"2494\"><strong data-start=\"2474\" data-end=\"2492\">Compatibilit\u00e0:<\/strong><\/h4>\n<p data-start=\"2495\" data-end=\"2727\">Questa specie pu\u00f2 essere allevata in gruppo, ma \u00e8 importante che il terrario offra risorse sufficienti per evitare competizioni aggressive. Pu\u00f2 convivere con altre specie di isopodi, a patto che abbiano esigenze ambientali simili.<\/p>\n<h4 data-start=\"2729\" data-end=\"2749\"><strong data-start=\"2734\" data-end=\"2747\">Vantaggi:<\/strong><\/h4>\n<ul data-start=\"2750\" data-end=\"3100\">\n<li data-start=\"2750\" data-end=\"2871\"><strong data-start=\"2752\" data-end=\"2774\">Aspetto attraente:<\/strong> La sua colorazione arancione e marrone lo rende un esemplare molto affascinante per i terrari.<\/li>\n<li data-start=\"2872\" data-end=\"2985\"><strong data-start=\"2874\" data-end=\"2899\">Ottimo decompositore:<\/strong> Aiuta nel riciclo della materia organica, contribuendo alla salute dell&#8217;ecosistema.<\/li>\n<li data-start=\"2986\" data-end=\"3100\"><strong data-start=\"2988\" data-end=\"3011\">Facile da allevare:<\/strong> Richiede cure di base in un ambiente tropicale, quindi \u00e8 adatto anche ai principianti.<\/li>\n<\/ul>\n","protected":false},"excerpt":{"rendered":"<p>Il <em data-start=\"3\" data-end=\"28\">Cubaris murina &#8220;Papaya&#8221;<\/em> \u00e8 un isopode affascinante, con una colorazione arancione e marrone che lo rende unico. Perfetto per terrari tropicali, \u00e8 facile da allevare e aiuta a mantenere un ambiente sano decomponendo la materia organica. Una vera gemma per la tua collezione!<\/p>\n","protected":false},"featured_media":38360,"template":"","meta":[],"product_brand":[],"product_cat":[481,487,720],"product_tag":[],"class_list":{"0":"post-40144","1":"product","2":"type-product","3":"status-publish","4":"has-post-thumbnail","6":"product_cat-artropodi","7":"product_cat-isopodi","8":"product_cat-cubaris","10":"first","11":"outofstock","12":"shipping-taxable","13":"purchasable","14":"product-type-variable"},"yoast_head":"<!-- This site is optimized with the Yoast SEO plugin v27.4 - https:\/\/yoast.com\/product\/yoast-seo-wordpress\/ -->\n<title>Cubaris murina &quot;Papaya&quot; | Isopodi - ANTDERGROUND<\/title>\n<meta name=\"description\" content=\"Isopod Cubaris murina &quot;Papaya&quot;: colori vivaci, facile da curare e perfetto per i terrari tropicali. \ud83c\udf3f\ud83e\udde1 Aggiungi un tocco esotico al tuo terrario!\" \/>\n<meta name=\"robots\" content=\"index, follow, max-snippet:-1, max-image-preview:large, max-video-preview:-1\" \/>\n<link rel=\"canonical\" href=\"https:\/\/antderground.com\/it\/prodotto\/cubaris-murina-papaya\/\" \/>\n<meta property=\"og:locale\" content=\"it_IT\" \/>\n<meta property=\"og:type\" content=\"article\" \/>\n<meta property=\"og:title\" content=\"Cubaris murina &quot;Papaya&quot; | Isopodi - ANTDERGROUND\" \/>\n<meta property=\"og:description\" content=\"Isopod Cubaris murina &quot;Papaya&quot;: colori vivaci, facile da curare e perfetto per i terrari tropicali. \ud83c\udf3f\ud83e\udde1 Aggiungi un tocco esotico al tuo terrario!\" \/>\n<meta property=\"og:url\" content=\"https:\/\/antderground.com\/it\/prodotto\/cubaris-murina-papaya\/\" \/>\n<meta property=\"og:site_name\" content=\"ANTDERGROUND\" \/>\n<meta property=\"og:image\" content=\"https:\/\/antderground.com\/wp-content\/uploads\/2024\/11\/Cubaris-murina-papaya.jpg\" \/>\n\t<meta property=\"og:image:width\" content=\"2042\" \/>\n\t<meta property=\"og:image:height\" content=\"2042\" \/>\n\t<meta property=\"og:image:type\" content=\"image\/jpeg\" \/>\n<meta name=\"twitter:card\" content=\"summary_large_image\" \/>\n<meta name=\"twitter:label1\" content=\"Tempo di lettura stimato\" \/>\n\t<meta name=\"twitter:data1\" content=\"2 minuti\" \/>\n<script type=\"application\/ld+json\" class=\"yoast-schema-graph\">{\"@context\":\"https:\\\/\\\/schema.org\",\"@graph\":[{\"@type\":\"WebPage\",\"@id\":\"https:\\\/\\\/antderground.com\\\/it\\\/prodotto\\\/cubaris-murina-papaya\\\/\",\"url\":\"https:\\\/\\\/antderground.com\\\/it\\\/prodotto\\\/cubaris-murina-papaya\\\/\",\"name\":\"Cubaris murina \\\"Papaya\\\" | Isopodi - ANTDERGROUND\",\"isPartOf\":{\"@id\":\"https:\\\/\\\/antderground.com\\\/it\\\/#website\"},\"primaryImageOfPage\":{\"@id\":\"https:\\\/\\\/antderground.com\\\/it\\\/prodotto\\\/cubaris-murina-papaya\\\/#primaryimage\"},\"image\":{\"@id\":\"https:\\\/\\\/antderground.com\\\/it\\\/prodotto\\\/cubaris-murina-papaya\\\/#primaryimage\"},\"thumbnailUrl\":\"https:\\\/\\\/antderground.com\\\/wp-content\\\/uploads\\\/2024\\\/11\\\/Cubaris-murina-papaya.jpg\",\"datePublished\":\"2024-11-29T20:14:17+00:00\",\"description\":\"Isopod Cubaris murina \\\"Papaya\\\": colori vivaci, facile da curare e perfetto per i terrari tropicali. \ud83c\udf3f\ud83e\udde1 Aggiungi un tocco esotico al tuo terrario!\",\"breadcrumb\":{\"@id\":\"https:\\\/\\\/antderground.com\\\/it\\\/prodotto\\\/cubaris-murina-papaya\\\/#breadcrumb\"},\"inLanguage\":\"it-IT\",\"potentialAction\":[{\"@type\":\"ReadAction\",\"target\":[\"https:\\\/\\\/antderground.com\\\/it\\\/prodotto\\\/cubaris-murina-papaya\\\/\"]}]},{\"@type\":\"ImageObject\",\"inLanguage\":\"it-IT\",\"@id\":\"https:\\\/\\\/antderground.com\\\/it\\\/prodotto\\\/cubaris-murina-papaya\\\/#primaryimage\",\"url\":\"https:\\\/\\\/antderground.com\\\/wp-content\\\/uploads\\\/2024\\\/11\\\/Cubaris-murina-papaya.jpg\",\"contentUrl\":\"https:\\\/\\\/antderground.com\\\/wp-content\\\/uploads\\\/2024\\\/11\\\/Cubaris-murina-papaya.jpg\",\"width\":2042,\"height\":2042,\"caption\":\"Cubaris murina papaya\"},{\"@type\":\"BreadcrumbList\",\"@id\":\"https:\\\/\\\/antderground.com\\\/it\\\/prodotto\\\/cubaris-murina-papaya\\\/#breadcrumb\",\"itemListElement\":[{\"@type\":\"ListItem\",\"position\":1,\"name\":\"Portada\",\"item\":\"https:\\\/\\\/antderground.com\\\/it\\\/\"},{\"@type\":\"ListItem\",\"position\":2,\"name\":\"Prodotti\",\"item\":\"https:\\\/\\\/antderground.com\\\/it\\\/prodotti\\\/\"},{\"@type\":\"ListItem\",\"position\":3,\"name\":\"Cubaris murina &#8220;Papaya&#8221;\"}]},{\"@type\":\"WebSite\",\"@id\":\"https:\\\/\\\/antderground.com\\\/it\\\/#website\",\"url\":\"https:\\\/\\\/antderground.com\\\/it\\\/\",\"name\":\"ANTDERGROUND\",\"description\":\"Tu tienda de hormigas, gran variedad de hormigueros acr\u00edlicos,madera,arena,3D y mas.. Pide tus hormigas gratis con tu pedido, somos expertos en hormigueros antifugas.\",\"publisher\":{\"@id\":\"https:\\\/\\\/antderground.com\\\/it\\\/#\\\/schema\\\/person\\\/0e322c505e84fe72c65e2f6d08f96b81\"},\"alternateName\":\"Antderground\",\"potentialAction\":[{\"@type\":\"SearchAction\",\"target\":{\"@type\":\"EntryPoint\",\"urlTemplate\":\"https:\\\/\\\/antderground.com\\\/it\\\/?s={search_term_string}\"},\"query-input\":{\"@type\":\"PropertyValueSpecification\",\"valueRequired\":true,\"valueName\":\"search_term_string\"}}],\"inLanguage\":\"it-IT\"},{\"@type\":[\"Person\",\"Organization\"],\"@id\":\"https:\\\/\\\/antderground.com\\\/it\\\/#\\\/schema\\\/person\\\/0e322c505e84fe72c65e2f6d08f96b81\",\"name\":\"Eric de Antderground\",\"image\":{\"@type\":\"ImageObject\",\"inLanguage\":\"it-IT\",\"@id\":\"https:\\\/\\\/secure.gravatar.com\\\/avatar\\\/c49a1b9f79216d1498cb73c1e85cd47f4465dda35f2a94c03790d491bd4423c3?s=96&d=mm&r=g\",\"url\":\"https:\\\/\\\/secure.gravatar.com\\\/avatar\\\/c49a1b9f79216d1498cb73c1e85cd47f4465dda35f2a94c03790d491bd4423c3?s=96&d=mm&r=g\",\"contentUrl\":\"https:\\\/\\\/secure.gravatar.com\\\/avatar\\\/c49a1b9f79216d1498cb73c1e85cd47f4465dda35f2a94c03790d491bd4423c3?s=96&d=mm&r=g\",\"caption\":\"Eric de Antderground\"},\"logo\":{\"@id\":\"https:\\\/\\\/secure.gravatar.com\\\/avatar\\\/c49a1b9f79216d1498cb73c1e85cd47f4465dda35f2a94c03790d491bd4423c3?s=96&d=mm&r=g\"},\"description\":\"Eric es el especialista y fundador de Antderground, con una amplia trayectoria en artr\u00f3podos y enfocado en la mirmecolog\u00eda y el dise\u00f1o de hormigueros artificiales. Su enfoque combina la innovaci\u00f3n t\u00e9cnica con el respeto por la biolog\u00eda de las hormigas, is\u00f3podos y otros, desarrollando sistemas de nidos modulares 3D y acr\u00edlicos que son referentes para aficionados y profesionales en toda Europa. Su objetivo es facilitar la cr\u00eda de hormigas y otros artr\u00f3podos mediante soluciones seguras y divulgaci\u00f3n de calidad.\",\"sameAs\":[\"https:\\\/\\\/antderground.com\\\/\",\"https:\\\/\\\/www.youtube.com\\\/channel\\\/UCio72z7TlbufkAthAJIJfPw\"]}]}<\/script>\n<!-- \/ Yoast SEO plugin. -->","yoast_head_json":{"title":"Cubaris murina \"Papaya\" | Isopodi - ANTDERGROUND","description":"Isopod Cubaris murina \"Papaya\": colori vivaci, facile da curare e perfetto per i terrari tropicali. \ud83c\udf3f\ud83e\udde1 Aggiungi un tocco esotico al tuo terrario!","robots":{"index":"index","follow":"follow","max-snippet":"max-snippet:-1","max-image-preview":"max-image-preview:large","max-video-preview":"max-video-preview:-1"},"canonical":"https:\/\/antderground.com\/it\/prodotto\/cubaris-murina-papaya\/","og_locale":"it_IT","og_type":"article","og_title":"Cubaris murina \"Papaya\" | Isopodi - ANTDERGROUND","og_description":"Isopod Cubaris murina \"Papaya\": colori vivaci, facile da curare e perfetto per i terrari tropicali. \ud83c\udf3f\ud83e\udde1 Aggiungi un tocco esotico al tuo terrario!","og_url":"https:\/\/antderground.com\/it\/prodotto\/cubaris-murina-papaya\/","og_site_name":"ANTDERGROUND","og_image":[{"width":2042,"height":2042,"url":"https:\/\/antderground.com\/wp-content\/uploads\/2024\/11\/Cubaris-murina-papaya.jpg","type":"image\/jpeg"}],"twitter_card":"summary_large_image","twitter_misc":{"Tempo di lettura stimato":"2 minuti"},"schema":{"@context":"https:\/\/schema.org","@graph":[{"@type":"WebPage","@id":"https:\/\/antderground.com\/it\/prodotto\/cubaris-murina-papaya\/","url":"https:\/\/antderground.com\/it\/prodotto\/cubaris-murina-papaya\/","name":"Cubaris murina \"Papaya\" | Isopodi - ANTDERGROUND","isPartOf":{"@id":"https:\/\/antderground.com\/it\/#website"},"primaryImageOfPage":{"@id":"https:\/\/antderground.com\/it\/prodotto\/cubaris-murina-papaya\/#primaryimage"},"image":{"@id":"https:\/\/antderground.com\/it\/prodotto\/cubaris-murina-papaya\/#primaryimage"},"thumbnailUrl":"https:\/\/antderground.com\/wp-content\/uploads\/2024\/11\/Cubaris-murina-papaya.jpg","datePublished":"2024-11-29T20:14:17+00:00","description":"Isopod Cubaris murina \"Papaya\": colori vivaci, facile da curare e perfetto per i terrari tropicali. \ud83c\udf3f\ud83e\udde1 Aggiungi un tocco esotico al tuo terrario!","breadcrumb":{"@id":"https:\/\/antderground.com\/it\/prodotto\/cubaris-murina-papaya\/#breadcrumb"},"inLanguage":"it-IT","potentialAction":[{"@type":"ReadAction","target":["https:\/\/antderground.com\/it\/prodotto\/cubaris-murina-papaya\/"]}]},{"@type":"ImageObject","inLanguage":"it-IT","@id":"https:\/\/antderground.com\/it\/prodotto\/cubaris-murina-papaya\/#primaryimage","url":"https:\/\/antderground.com\/wp-content\/uploads\/2024\/11\/Cubaris-murina-papaya.jpg","contentUrl":"https:\/\/antderground.com\/wp-content\/uploads\/2024\/11\/Cubaris-murina-papaya.jpg","width":2042,"height":2042,"caption":"Cubaris murina papaya"},{"@type":"BreadcrumbList","@id":"https:\/\/antderground.com\/it\/prodotto\/cubaris-murina-papaya\/#breadcrumb","itemListElement":[{"@type":"ListItem","position":1,"name":"Portada","item":"https:\/\/antderground.com\/it\/"},{"@type":"ListItem","position":2,"name":"Prodotti","item":"https:\/\/antderground.com\/it\/prodotti\/"},{"@type":"ListItem","position":3,"name":"Cubaris murina &#8220;Papaya&#8221;"}]},{"@type":"WebSite","@id":"https:\/\/antderground.com\/it\/#website","url":"https:\/\/antderground.com\/it\/","name":"ANTDERGROUND","description":"Tu tienda de hormigas, gran variedad de hormigueros acr\u00edlicos,madera,arena,3D y mas.. Pide tus hormigas gratis con tu pedido, somos expertos en hormigueros antifugas.","publisher":{"@id":"https:\/\/antderground.com\/it\/#\/schema\/person\/0e322c505e84fe72c65e2f6d08f96b81"},"alternateName":"Antderground","potentialAction":[{"@type":"SearchAction","target":{"@type":"EntryPoint","urlTemplate":"https:\/\/antderground.com\/it\/?s={search_term_string}"},"query-input":{"@type":"PropertyValueSpecification","valueRequired":true,"valueName":"search_term_string"}}],"inLanguage":"it-IT"},{"@type":["Person","Organization"],"@id":"https:\/\/antderground.com\/it\/#\/schema\/person\/0e322c505e84fe72c65e2f6d08f96b81","name":"Eric de Antderground","image":{"@type":"ImageObject","inLanguage":"it-IT","@id":"https:\/\/secure.gravatar.com\/avatar\/c49a1b9f79216d1498cb73c1e85cd47f4465dda35f2a94c03790d491bd4423c3?s=96&d=mm&r=g","url":"https:\/\/secure.gravatar.com\/avatar\/c49a1b9f79216d1498cb73c1e85cd47f4465dda35f2a94c03790d491bd4423c3?s=96&d=mm&r=g","contentUrl":"https:\/\/secure.gravatar.com\/avatar\/c49a1b9f79216d1498cb73c1e85cd47f4465dda35f2a94c03790d491bd4423c3?s=96&d=mm&r=g","caption":"Eric de Antderground"},"logo":{"@id":"https:\/\/secure.gravatar.com\/avatar\/c49a1b9f79216d1498cb73c1e85cd47f4465dda35f2a94c03790d491bd4423c3?s=96&d=mm&r=g"},"description":"Eric es el especialista y fundador de Antderground, con una amplia trayectoria en artr\u00f3podos y enfocado en la mirmecolog\u00eda y el dise\u00f1o de hormigueros artificiales. Su enfoque combina la innovaci\u00f3n t\u00e9cnica con el respeto por la biolog\u00eda de las hormigas, is\u00f3podos y otros, desarrollando sistemas de nidos modulares 3D y acr\u00edlicos que son referentes para aficionados y profesionales en toda Europa. Su objetivo es facilitar la cr\u00eda de hormigas y otros artr\u00f3podos mediante soluciones seguras y divulgaci\u00f3n de calidad.","sameAs":["https:\/\/antderground.com\/","https:\/\/www.youtube.com\/channel\/UCio72z7TlbufkAthAJIJfPw"]}]}},"_links":{"self":[{"href":"https:\/\/antderground.com\/it\/wp-json\/wp\/v2\/product\/40144","targetHints":{"allow":["GET"]}}],"collection":[{"href":"https:\/\/antderground.com\/it\/wp-json\/wp\/v2\/product"}],"about":[{"href":"https:\/\/antderground.com\/it\/wp-json\/wp\/v2\/types\/product"}],"version-history":[{"count":0,"href":"https:\/\/antderground.com\/it\/wp-json\/wp\/v2\/product\/40144\/revisions"}],"wp:featuredmedia":[{"embeddable":true,"href":"https:\/\/antderground.com\/it\/wp-json\/wp\/v2\/media\/38360"}],"wp:attachment":[{"href":"https:\/\/antderground.com\/it\/wp-json\/wp\/v2\/media?parent=40144"}],"wp:term":[{"taxonomy":"product_brand","embeddable":true,"href":"https:\/\/antderground.com\/it\/wp-json\/wp\/v2\/product_brand?post=40144"},{"taxonomy":"product_cat","embeddable":true,"href":"https:\/\/antderground.com\/it\/wp-json\/wp\/v2\/product_cat?post=40144"},{"taxonomy":"product_tag","embeddable":true,"href":"https:\/\/antderground.com\/it\/wp-json\/wp\/v2\/product_tag?post=40144"}],"curies":[{"name":"wp","href":"https:\/\/api.w.org\/{rel}","templated":true}]}}