{"id":40208,"date":"2025-02-14T11:21:41","date_gmt":"2025-02-14T10:21:41","guid":{"rendered":"https:\/\/www.antderground.com\/producto\/davus-pentaloris\/"},"modified":"2025-02-14T11:21:41","modified_gmt":"2025-02-14T10:21:41","slug":"davus-pentaloris","status":"publish","type":"product","link":"https:\/\/antderground.com\/it\/prodotto\/davus-pentaloris\/","title":{"rendered":"Davus pentaloris"},"content":{"rendered":"<h3 data-start=\"42\" data-end=\"94\"><strong data-start=\"46\" data-end=\"92\">Scheda Tecnica: Tarantola Davus pentaloris<\/strong><\/h3>\n<p data-start=\"96\" data-end=\"371\"><strong data-start=\"96\" data-end=\"117\">Nome scientifico:<\/strong> <em data-start=\"118\" data-end=\"136\">Davus pentaloris<\/em><br data-start=\"136\" data-end=\"139\" \/><strong data-start=\"139\" data-end=\"155\">Nome comune:<\/strong> Tarantola Guatemalteca a Strisce Arancioni<br data-start=\"198\" data-end=\"201\" \/><strong data-start=\"201\" data-end=\"214\">Famiglia:<\/strong> Theraphosidae<br data-start=\"228\" data-end=\"231\" \/><strong data-start=\"231\" data-end=\"249\">Distribuzione:<\/strong> Guatemala e sud del Messico<br data-start=\"277\" data-end=\"280\" \/>\n<\/p>\n<h3 data-start=\"373\" data-end=\"395\"><strong data-start=\"377\" data-end=\"393\">Descrizione:<\/strong><\/h3>\n<p data-start=\"396\" data-end=\"651\">La <em data-start=\"399\" data-end=\"417\">Davus pentaloris<\/em> \u00e8 una tarantola di medie dimensioni con una colorazione sorprendente. Presenta un corpo scuro con zampe a strisce arancioni e nere, conferendole un aspetto distintivo. Il carapace ha spesso una tonalit\u00e0 marrone con riflessi dorati.<\/p>\n<h3 data-start=\"653\" data-end=\"674\"><strong data-start=\"657\" data-end=\"672\">Dimensioni:<\/strong><\/h3>\n<ul data-start=\"675\" data-end=\"763\">\n<li data-start=\"675\" data-end=\"718\">Maschi: fino a 10 cm di apertura alare.<\/li>\n<li data-start=\"719\" data-end=\"763\">Femmine: fino a 12 cm di apertura alare.<\/li>\n<\/ul>\n<h3 data-start=\"765\" data-end=\"795\"><strong data-start=\"769\" data-end=\"793\">Aspettativa di vita:<\/strong><\/h3>\n<ul data-start=\"796\" data-end=\"842\">\n<li data-start=\"796\" data-end=\"817\">Maschi: 3-4 anni.<\/li>\n<li data-start=\"818\" data-end=\"842\">Femmine: 10-12 anni.<\/li>\n<\/ul>\n<h3 data-start=\"844\" data-end=\"868\"><strong data-start=\"848\" data-end=\"866\">Comportamento:<\/strong><\/h3>\n<ul data-start=\"869\" data-end=\"1050\">\n<li data-start=\"869\" data-end=\"934\">Moderatamente difensiva, tende pi\u00f9 alla fuga che all\u2019attacco.<\/li>\n<li data-start=\"935\" data-end=\"995\">Pu\u00f2 rilasciare peli urticanti come meccanismo di difesa.<\/li>\n<li data-start=\"996\" data-end=\"1050\">\u00c8 semi-fossoria, quindi ama scavare e creare tane.<\/li>\n<\/ul>\n<h3 data-start=\"1052\" data-end=\"1088\"><strong data-start=\"1056\" data-end=\"1086\">Condizioni di allevamento:<\/strong><\/h3>\n<p data-start=\"1089\" data-end=\"1104\"><strong data-start=\"1089\" data-end=\"1102\">Terrario:<\/strong><\/p>\n<ul data-start=\"1105\" data-end=\"1354\">\n<li data-start=\"1105\" data-end=\"1140\">Dimensioni minime: 30x30x30 cm.<\/li>\n<li data-start=\"1141\" data-end=\"1243\">Substrato: torba, fibra di cocco o muschio con almeno 5-10 cm di profondit\u00e0 per favorire lo scavo.<\/li>\n<li data-start=\"1244\" data-end=\"1264\">Umidit\u00e0: 65-75%.<\/li>\n<li data-start=\"1265\" data-end=\"1290\">Temperatura: 22-26\u00b0C.<\/li>\n<li data-start=\"1291\" data-end=\"1354\">Ventilazione adeguata per prevenire la formazione di muffe.<\/li>\n<\/ul>\n<h3 data-start=\"1356\" data-end=\"1380\"><strong data-start=\"1360\" data-end=\"1378\">Alimentazione:<\/strong><\/h3>\n<ul data-start=\"1381\" data-end=\"1541\">\n<li data-start=\"1381\" data-end=\"1440\">Insetti: grilli, blatte, locuste e larve di tenebrione.<\/li>\n<li data-start=\"1441\" data-end=\"1541\">Si consiglia di nutrirla 1-2 volte a settimana in base alla dimensione e all&#8217;et\u00e0 dell&#8217;esemplare.<\/li>\n<\/ul>\n<h3 data-start=\"1543\" data-end=\"1566\"><strong data-start=\"1547\" data-end=\"1564\">Riproduzione:<\/strong><\/h3>\n<ul data-start=\"1567\" data-end=\"1765\">\n<li data-start=\"1567\" data-end=\"1644\">Il maschio deve essere introdotto con cautela nel terrario della femmina.<\/li>\n<li data-start=\"1645\" data-end=\"1721\">Dopo l\u2019accoppiamento, la femmina pu\u00f2 produrre un sacco con 100-200 uova.<\/li>\n<li data-start=\"1722\" data-end=\"1765\">La schiusa avviene tra 6 e 8 settimane.<\/li>\n<\/ul>\n<h3 data-start=\"1767\" data-end=\"1789\"><strong data-start=\"1771\" data-end=\"1787\">Precauzioni:<\/strong><\/h3>\n<ul data-start=\"1790\" data-end=\"1930\">\n<li data-start=\"1876\" data-end=\"1930\">Mantenere in un ambiente sicuro per evitare fughe.<\/li>\n<\/ul>\n<p data-start=\"1932\" data-end=\"2068\">La <em data-start=\"1935\" data-end=\"1953\">Davus pentaloris<\/em> \u00e8 una scelta eccellente per principianti e appassionati esperti grazie alla sua bellezza e facilit\u00e0 di gestione.<\/p>\n","protected":false},"excerpt":{"rendered":"<p>Scopri la <em data-start=\"2125\" data-end=\"2143\">Davus pentaloris<\/em>! \ud83d\udd77\ufe0f Una tarantola esotica dal contrasto nero-arancione, perfetta per appassionati. Facile da allevare, semi-fossoria e dal carattere moderato. Ideale per la tua collezione! \ud83c\udf3f\ud83d\udd25 #Tarantole #Esotici<\/p>\n","protected":false},"featured_media":40196,"template":"","meta":[],"product_brand":[],"product_cat":[481,587],"product_tag":[],"class_list":{"0":"post-40208","1":"product","2":"type-product","3":"status-publish","4":"has-post-thumbnail","6":"product_cat-artropodi","7":"product_cat-tarantole","9":"first","10":"outofstock","11":"sale","12":"shipping-taxable","13":"purchasable","14":"product-type-variable"},"yoast_head":"<!-- This site is optimized with the Yoast SEO plugin v27.4 - https:\/\/yoast.com\/product\/yoast-seo-wordpress\/ -->\n<title>Davus pentaloris | tarantole esotiche - ANTDERGROUND<\/title>\n<meta name=\"description\" content=\"Acquista la Davus pentaloris \ud83d\udd77\ufe0f, una tarantola esotica dai colori vivaci e di facile gestione. Perfetta per appassionati! \ud83c\udf3f\u2728\" \/>\n<meta name=\"robots\" content=\"index, follow, max-snippet:-1, max-image-preview:large, max-video-preview:-1\" \/>\n<link rel=\"canonical\" href=\"https:\/\/antderground.com\/it\/prodotto\/davus-pentaloris\/\" \/>\n<meta property=\"og:locale\" content=\"it_IT\" \/>\n<meta property=\"og:type\" content=\"article\" \/>\n<meta property=\"og:title\" content=\"Davus pentaloris | tarantole esotiche - ANTDERGROUND\" \/>\n<meta property=\"og:description\" content=\"Acquista la Davus pentaloris \ud83d\udd77\ufe0f, una tarantola esotica dai colori vivaci e di facile gestione. Perfetta per appassionati! \ud83c\udf3f\u2728\" \/>\n<meta property=\"og:url\" content=\"https:\/\/antderground.com\/it\/prodotto\/davus-pentaloris\/\" \/>\n<meta property=\"og:site_name\" content=\"ANTDERGROUND\" \/>\n<meta property=\"og:image\" content=\"https:\/\/antderground.com\/wp-content\/uploads\/2025\/02\/davus-pentaloris.jpeg\" \/>\n\t<meta property=\"og:image:width\" content=\"1600\" \/>\n\t<meta property=\"og:image:height\" content=\"1600\" \/>\n\t<meta property=\"og:image:type\" content=\"image\/jpeg\" \/>\n<meta name=\"twitter:card\" content=\"summary_large_image\" \/>\n<meta name=\"twitter:label1\" content=\"Tempo di lettura stimato\" \/>\n\t<meta name=\"twitter:data1\" content=\"1 minuto\" \/>\n<script type=\"application\/ld+json\" class=\"yoast-schema-graph\">{\"@context\":\"https:\\\/\\\/schema.org\",\"@graph\":[{\"@type\":\"WebPage\",\"@id\":\"https:\\\/\\\/antderground.com\\\/it\\\/prodotto\\\/davus-pentaloris\\\/\",\"url\":\"https:\\\/\\\/antderground.com\\\/it\\\/prodotto\\\/davus-pentaloris\\\/\",\"name\":\"Davus pentaloris | tarantole esotiche - ANTDERGROUND\",\"isPartOf\":{\"@id\":\"https:\\\/\\\/antderground.com\\\/it\\\/#website\"},\"primaryImageOfPage\":{\"@id\":\"https:\\\/\\\/antderground.com\\\/it\\\/prodotto\\\/davus-pentaloris\\\/#primaryimage\"},\"image\":{\"@id\":\"https:\\\/\\\/antderground.com\\\/it\\\/prodotto\\\/davus-pentaloris\\\/#primaryimage\"},\"thumbnailUrl\":\"https:\\\/\\\/antderground.com\\\/wp-content\\\/uploads\\\/2025\\\/02\\\/davus-pentaloris.jpeg\",\"datePublished\":\"2025-02-14T10:21:41+00:00\",\"description\":\"Acquista la Davus pentaloris \ud83d\udd77\ufe0f, una tarantola esotica dai colori vivaci e di facile gestione. Perfetta per appassionati! \ud83c\udf3f\u2728\",\"breadcrumb\":{\"@id\":\"https:\\\/\\\/antderground.com\\\/it\\\/prodotto\\\/davus-pentaloris\\\/#breadcrumb\"},\"inLanguage\":\"it-IT\",\"potentialAction\":[{\"@type\":\"ReadAction\",\"target\":[\"https:\\\/\\\/antderground.com\\\/it\\\/prodotto\\\/davus-pentaloris\\\/\"]}]},{\"@type\":\"ImageObject\",\"inLanguage\":\"it-IT\",\"@id\":\"https:\\\/\\\/antderground.com\\\/it\\\/prodotto\\\/davus-pentaloris\\\/#primaryimage\",\"url\":\"https:\\\/\\\/antderground.com\\\/wp-content\\\/uploads\\\/2025\\\/02\\\/davus-pentaloris.jpeg\",\"contentUrl\":\"https:\\\/\\\/antderground.com\\\/wp-content\\\/uploads\\\/2025\\\/02\\\/davus-pentaloris.jpeg\",\"width\":1600,\"height\":1600,\"caption\":\"davus pentaloris\"},{\"@type\":\"BreadcrumbList\",\"@id\":\"https:\\\/\\\/antderground.com\\\/it\\\/prodotto\\\/davus-pentaloris\\\/#breadcrumb\",\"itemListElement\":[{\"@type\":\"ListItem\",\"position\":1,\"name\":\"Portada\",\"item\":\"https:\\\/\\\/antderground.com\\\/it\\\/\"},{\"@type\":\"ListItem\",\"position\":2,\"name\":\"Prodotti\",\"item\":\"https:\\\/\\\/antderground.com\\\/it\\\/prodotti\\\/\"},{\"@type\":\"ListItem\",\"position\":3,\"name\":\"Davus pentaloris\"}]},{\"@type\":\"WebSite\",\"@id\":\"https:\\\/\\\/antderground.com\\\/it\\\/#website\",\"url\":\"https:\\\/\\\/antderground.com\\\/it\\\/\",\"name\":\"ANTDERGROUND\",\"description\":\"Tu tienda de hormigas, gran variedad de hormigueros acr\u00edlicos,madera,arena,3D y mas.. Pide tus hormigas gratis con tu pedido, somos expertos en hormigueros antifugas.\",\"publisher\":{\"@id\":\"https:\\\/\\\/antderground.com\\\/it\\\/#\\\/schema\\\/person\\\/0e322c505e84fe72c65e2f6d08f96b81\"},\"alternateName\":\"Antderground\",\"potentialAction\":[{\"@type\":\"SearchAction\",\"target\":{\"@type\":\"EntryPoint\",\"urlTemplate\":\"https:\\\/\\\/antderground.com\\\/it\\\/?s={search_term_string}\"},\"query-input\":{\"@type\":\"PropertyValueSpecification\",\"valueRequired\":true,\"valueName\":\"search_term_string\"}}],\"inLanguage\":\"it-IT\"},{\"@type\":[\"Person\",\"Organization\"],\"@id\":\"https:\\\/\\\/antderground.com\\\/it\\\/#\\\/schema\\\/person\\\/0e322c505e84fe72c65e2f6d08f96b81\",\"name\":\"Eric de Antderground\",\"image\":{\"@type\":\"ImageObject\",\"inLanguage\":\"it-IT\",\"@id\":\"https:\\\/\\\/secure.gravatar.com\\\/avatar\\\/c49a1b9f79216d1498cb73c1e85cd47f4465dda35f2a94c03790d491bd4423c3?s=96&d=mm&r=g\",\"url\":\"https:\\\/\\\/secure.gravatar.com\\\/avatar\\\/c49a1b9f79216d1498cb73c1e85cd47f4465dda35f2a94c03790d491bd4423c3?s=96&d=mm&r=g\",\"contentUrl\":\"https:\\\/\\\/secure.gravatar.com\\\/avatar\\\/c49a1b9f79216d1498cb73c1e85cd47f4465dda35f2a94c03790d491bd4423c3?s=96&d=mm&r=g\",\"caption\":\"Eric de Antderground\"},\"logo\":{\"@id\":\"https:\\\/\\\/secure.gravatar.com\\\/avatar\\\/c49a1b9f79216d1498cb73c1e85cd47f4465dda35f2a94c03790d491bd4423c3?s=96&d=mm&r=g\"},\"description\":\"Eric es el especialista y fundador de Antderground, con una amplia trayectoria en artr\u00f3podos y enfocado en la mirmecolog\u00eda y el dise\u00f1o de hormigueros artificiales. Su enfoque combina la innovaci\u00f3n t\u00e9cnica con el respeto por la biolog\u00eda de las hormigas, is\u00f3podos y otros, desarrollando sistemas de nidos modulares 3D y acr\u00edlicos que son referentes para aficionados y profesionales en toda Europa. Su objetivo es facilitar la cr\u00eda de hormigas y otros artr\u00f3podos mediante soluciones seguras y divulgaci\u00f3n de calidad.\",\"sameAs\":[\"https:\\\/\\\/antderground.com\\\/\",\"https:\\\/\\\/www.youtube.com\\\/channel\\\/UCio72z7TlbufkAthAJIJfPw\"]}]}<\/script>\n<!-- \/ Yoast SEO plugin. -->","yoast_head_json":{"title":"Davus pentaloris | tarantole esotiche - ANTDERGROUND","description":"Acquista la Davus pentaloris \ud83d\udd77\ufe0f, una tarantola esotica dai colori vivaci e di facile gestione. Perfetta per appassionati! \ud83c\udf3f\u2728","robots":{"index":"index","follow":"follow","max-snippet":"max-snippet:-1","max-image-preview":"max-image-preview:large","max-video-preview":"max-video-preview:-1"},"canonical":"https:\/\/antderground.com\/it\/prodotto\/davus-pentaloris\/","og_locale":"it_IT","og_type":"article","og_title":"Davus pentaloris | tarantole esotiche - ANTDERGROUND","og_description":"Acquista la Davus pentaloris \ud83d\udd77\ufe0f, una tarantola esotica dai colori vivaci e di facile gestione. Perfetta per appassionati! \ud83c\udf3f\u2728","og_url":"https:\/\/antderground.com\/it\/prodotto\/davus-pentaloris\/","og_site_name":"ANTDERGROUND","og_image":[{"width":1600,"height":1600,"url":"https:\/\/antderground.com\/wp-content\/uploads\/2025\/02\/davus-pentaloris.jpeg","type":"image\/jpeg"}],"twitter_card":"summary_large_image","twitter_misc":{"Tempo di lettura stimato":"1 minuto"},"schema":{"@context":"https:\/\/schema.org","@graph":[{"@type":"WebPage","@id":"https:\/\/antderground.com\/it\/prodotto\/davus-pentaloris\/","url":"https:\/\/antderground.com\/it\/prodotto\/davus-pentaloris\/","name":"Davus pentaloris | tarantole esotiche - ANTDERGROUND","isPartOf":{"@id":"https:\/\/antderground.com\/it\/#website"},"primaryImageOfPage":{"@id":"https:\/\/antderground.com\/it\/prodotto\/davus-pentaloris\/#primaryimage"},"image":{"@id":"https:\/\/antderground.com\/it\/prodotto\/davus-pentaloris\/#primaryimage"},"thumbnailUrl":"https:\/\/antderground.com\/wp-content\/uploads\/2025\/02\/davus-pentaloris.jpeg","datePublished":"2025-02-14T10:21:41+00:00","description":"Acquista la Davus pentaloris \ud83d\udd77\ufe0f, una tarantola esotica dai colori vivaci e di facile gestione. Perfetta per appassionati! \ud83c\udf3f\u2728","breadcrumb":{"@id":"https:\/\/antderground.com\/it\/prodotto\/davus-pentaloris\/#breadcrumb"},"inLanguage":"it-IT","potentialAction":[{"@type":"ReadAction","target":["https:\/\/antderground.com\/it\/prodotto\/davus-pentaloris\/"]}]},{"@type":"ImageObject","inLanguage":"it-IT","@id":"https:\/\/antderground.com\/it\/prodotto\/davus-pentaloris\/#primaryimage","url":"https:\/\/antderground.com\/wp-content\/uploads\/2025\/02\/davus-pentaloris.jpeg","contentUrl":"https:\/\/antderground.com\/wp-content\/uploads\/2025\/02\/davus-pentaloris.jpeg","width":1600,"height":1600,"caption":"davus pentaloris"},{"@type":"BreadcrumbList","@id":"https:\/\/antderground.com\/it\/prodotto\/davus-pentaloris\/#breadcrumb","itemListElement":[{"@type":"ListItem","position":1,"name":"Portada","item":"https:\/\/antderground.com\/it\/"},{"@type":"ListItem","position":2,"name":"Prodotti","item":"https:\/\/antderground.com\/it\/prodotti\/"},{"@type":"ListItem","position":3,"name":"Davus pentaloris"}]},{"@type":"WebSite","@id":"https:\/\/antderground.com\/it\/#website","url":"https:\/\/antderground.com\/it\/","name":"ANTDERGROUND","description":"Tu tienda de hormigas, gran variedad de hormigueros acr\u00edlicos,madera,arena,3D y mas.. Pide tus hormigas gratis con tu pedido, somos expertos en hormigueros antifugas.","publisher":{"@id":"https:\/\/antderground.com\/it\/#\/schema\/person\/0e322c505e84fe72c65e2f6d08f96b81"},"alternateName":"Antderground","potentialAction":[{"@type":"SearchAction","target":{"@type":"EntryPoint","urlTemplate":"https:\/\/antderground.com\/it\/?s={search_term_string}"},"query-input":{"@type":"PropertyValueSpecification","valueRequired":true,"valueName":"search_term_string"}}],"inLanguage":"it-IT"},{"@type":["Person","Organization"],"@id":"https:\/\/antderground.com\/it\/#\/schema\/person\/0e322c505e84fe72c65e2f6d08f96b81","name":"Eric de Antderground","image":{"@type":"ImageObject","inLanguage":"it-IT","@id":"https:\/\/secure.gravatar.com\/avatar\/c49a1b9f79216d1498cb73c1e85cd47f4465dda35f2a94c03790d491bd4423c3?s=96&d=mm&r=g","url":"https:\/\/secure.gravatar.com\/avatar\/c49a1b9f79216d1498cb73c1e85cd47f4465dda35f2a94c03790d491bd4423c3?s=96&d=mm&r=g","contentUrl":"https:\/\/secure.gravatar.com\/avatar\/c49a1b9f79216d1498cb73c1e85cd47f4465dda35f2a94c03790d491bd4423c3?s=96&d=mm&r=g","caption":"Eric de Antderground"},"logo":{"@id":"https:\/\/secure.gravatar.com\/avatar\/c49a1b9f79216d1498cb73c1e85cd47f4465dda35f2a94c03790d491bd4423c3?s=96&d=mm&r=g"},"description":"Eric es el especialista y fundador de Antderground, con una amplia trayectoria en artr\u00f3podos y enfocado en la mirmecolog\u00eda y el dise\u00f1o de hormigueros artificiales. Su enfoque combina la innovaci\u00f3n t\u00e9cnica con el respeto por la biolog\u00eda de las hormigas, is\u00f3podos y otros, desarrollando sistemas de nidos modulares 3D y acr\u00edlicos que son referentes para aficionados y profesionales en toda Europa. Su objetivo es facilitar la cr\u00eda de hormigas y otros artr\u00f3podos mediante soluciones seguras y divulgaci\u00f3n de calidad.","sameAs":["https:\/\/antderground.com\/","https:\/\/www.youtube.com\/channel\/UCio72z7TlbufkAthAJIJfPw"]}]}},"_links":{"self":[{"href":"https:\/\/antderground.com\/it\/wp-json\/wp\/v2\/product\/40208","targetHints":{"allow":["GET"]}}],"collection":[{"href":"https:\/\/antderground.com\/it\/wp-json\/wp\/v2\/product"}],"about":[{"href":"https:\/\/antderground.com\/it\/wp-json\/wp\/v2\/types\/product"}],"version-history":[{"count":0,"href":"https:\/\/antderground.com\/it\/wp-json\/wp\/v2\/product\/40208\/revisions"}],"wp:featuredmedia":[{"embeddable":true,"href":"https:\/\/antderground.com\/it\/wp-json\/wp\/v2\/media\/40196"}],"wp:attachment":[{"href":"https:\/\/antderground.com\/it\/wp-json\/wp\/v2\/media?parent=40208"}],"wp:term":[{"taxonomy":"product_brand","embeddable":true,"href":"https:\/\/antderground.com\/it\/wp-json\/wp\/v2\/product_brand?post=40208"},{"taxonomy":"product_cat","embeddable":true,"href":"https:\/\/antderground.com\/it\/wp-json\/wp\/v2\/product_cat?post=40208"},{"taxonomy":"product_tag","embeddable":true,"href":"https:\/\/antderground.com\/it\/wp-json\/wp\/v2\/product_tag?post=40208"}],"curies":[{"name":"wp","href":"https:\/\/api.w.org\/{rel}","templated":true}]}}