{"id":40541,"date":"2025-02-24T15:28:46","date_gmt":"2025-02-24T14:28:46","guid":{"rendered":"https:\/\/www.antderground.com\/producto\/cubaris-panda-king-white\/"},"modified":"2026-02-16T01:27:09","modified_gmt":"2026-02-16T00:27:09","slug":"cubaris-panda-king-white","status":"publish","type":"product","link":"https:\/\/antderground.com\/it\/prodotto\/cubaris-panda-king-white\/","title":{"rendered":"Cubaris panda King &#8220;White&#8221;"},"content":{"rendered":"<h3 data-start=\"0\" data-end=\"77\"><strong data-start=\"4\" data-end=\"75\">Scheda tecnica<\/strong><\/h3>\n<p data-start=\"0\" data-end=\"77\"><strong data-start=\"84\" data-end=\"105\">Nome scientifico:<\/strong> Cubaris sp. &#8220;Panda King White&#8221;<\/p>\n<p data-start=\"141\" data-end=\"189\"><strong data-start=\"146\" data-end=\"162\">Nome comune:<\/strong> Cubaris Panda King White<\/p>\n<h4 data-start=\"190\" data-end=\"217\"><strong data-start=\"195\" data-end=\"215\">Classificazione:<\/strong><\/h4>\n<ul data-start=\"218\" data-end=\"352\">\n<li data-start=\"218\" data-end=\"241\"><strong data-start=\"220\" data-end=\"230\">Regno:<\/strong> Animalia<\/li>\n<li data-start=\"242\" data-end=\"268\"><strong data-start=\"244\" data-end=\"255\">Phylum:<\/strong> Arthropoda<\/li>\n<li data-start=\"269\" data-end=\"297\"><strong data-start=\"271\" data-end=\"282\">Classe:<\/strong> Malacostraca<\/li>\n<li data-start=\"298\" data-end=\"321\"><strong data-start=\"300\" data-end=\"311\">Ordine:<\/strong> Isopoda<\/li>\n<li data-start=\"322\" data-end=\"352\"><strong data-start=\"324\" data-end=\"337\">Famiglia:<\/strong> Armadillidae<\/li>\n<\/ul>\n<h4 data-start=\"354\" data-end=\"389\"><strong data-start=\"359\" data-end=\"387\">Origine e distribuzione:<\/strong><\/h4>\n<p data-start=\"390\" data-end=\"540\">Questo isopode \u00e8 originario delle regioni tropicali del sud-est asiatico, dove vive in suoli umidi e in decomposizione all&#8217;interno di foreste dense.<\/p>\n<h4 data-start=\"542\" data-end=\"564\"><strong data-start=\"547\" data-end=\"562\">Morfologia:<\/strong><\/h4>\n<ul data-start=\"565\" data-end=\"779\">\n<li data-start=\"565\" data-end=\"606\"><strong data-start=\"567\" data-end=\"589\">Dimensione adulta:<\/strong> Tra 1,5 e 2 cm<\/li>\n<li data-start=\"607\" data-end=\"677\"><strong data-start=\"609\" data-end=\"625\">Colorazione:<\/strong> Bianco con motivi scuri ben definiti sul carapace<\/li>\n<li data-start=\"678\" data-end=\"779\"><strong data-start=\"680\" data-end=\"703\">Struttura corporea:<\/strong> Segmentato, con capacit\u00e0 di arrotolarsi a sfera come meccanismo di difesa<\/li>\n<\/ul>\n<h4 data-start=\"781\" data-end=\"818\"><strong data-start=\"786\" data-end=\"816\">Condizioni di allevamento:<\/strong><\/h4>\n<ul data-start=\"819\" data-end=\"1140\">\n<li data-start=\"819\" data-end=\"862\"><strong data-start=\"821\" data-end=\"844\">Temperatura ideale:<\/strong> Tra 22\u00b0C e 26\u00b0C<\/li>\n<li data-start=\"863\" data-end=\"902\"><strong data-start=\"865\" data-end=\"886\">Umidit\u00e0 relativa:<\/strong> Tra 70% e 80%<\/li>\n<li data-start=\"903\" data-end=\"1007\"><strong data-start=\"905\" data-end=\"919\">Substrato:<\/strong> Miscela di fibra di cocco, foglie secche, legno in decomposizione e muschio di sfagno<\/li>\n<li data-start=\"1008\" data-end=\"1081\"><strong data-start=\"1010\" data-end=\"1027\">Ventilazione:<\/strong> Moderata, evitando un ambiente eccessivamente secco<\/li>\n<li data-start=\"1082\" data-end=\"1140\"><strong data-start=\"1084\" data-end=\"1095\">Rifugi:<\/strong> Tronchi, cortecce e pietre per nascondersi<\/li>\n<\/ul>\n<h4 data-start=\"1142\" data-end=\"1167\"><strong data-start=\"1147\" data-end=\"1165\">Alimentazione:<\/strong><\/h4>\n<ul data-start=\"1168\" data-end=\"1381\">\n<li data-start=\"1168\" data-end=\"1242\">Materia vegetale in decomposizione (foglie secche, corteccia, muschio)<\/li>\n<li data-start=\"1243\" data-end=\"1289\">Legno in decomposizione ricco di cellulosa<\/li>\n<li data-start=\"1290\" data-end=\"1381\">Integratori proteici come mangime per pesci, calcio in polvere e gusci d&#8217;uovo triturati<\/li>\n<\/ul>\n<h4 data-start=\"1383\" data-end=\"1420\"><strong data-start=\"1388\" data-end=\"1418\">Comportamento e socialit\u00e0:<\/strong><\/h4>\n<ul data-start=\"1421\" data-end=\"1623\">\n<li data-start=\"1421\" data-end=\"1479\">Specie gregaria, preferisce vivere in colonie numerose<\/li>\n<li data-start=\"1480\" data-end=\"1535\">Attivo nella ricerca del cibo, soprattutto di notte<\/li>\n<li data-start=\"1536\" data-end=\"1623\">Il suo comportamento di scavo aiuta l&#8217;aerazione del substrato nei terrari bioattivi<\/li>\n<\/ul>\n<h4 data-start=\"1625\" data-end=\"1649\"><strong data-start=\"1630\" data-end=\"1647\">Riproduzione:<\/strong><\/h4>\n<ul data-start=\"1650\" data-end=\"1898\">\n<li data-start=\"1650\" data-end=\"1751\">Riproduzione ovovivipara, i piccoli nascono gi\u00e0 sviluppati all&#8217;interno del marsupio della femmina<\/li>\n<li data-start=\"1752\" data-end=\"1797\">Raggiungono la maturit\u00e0 in circa 4-6 mesi<\/li>\n<li data-start=\"1798\" data-end=\"1898\">Si consiglia di mantenere un gruppo iniziale di almeno 10 individui per favorire la riproduzione<\/li>\n<\/ul>\n<h4 data-start=\"1900\" data-end=\"1937\"><strong data-start=\"1905\" data-end=\"1935\">Difficolt\u00e0 di allevamento:<\/strong><\/h4>\n<ul data-start=\"1938\" data-end=\"2072\">\n<li data-start=\"1938\" data-end=\"2012\">Livello medio, richiede monitoraggio costante di umidit\u00e0 e temperatura<\/li>\n<li data-start=\"2013\" data-end=\"2072\">Ideale per progetti di bioattivit\u00e0 in terrari tropicali<\/li>\n<\/ul>\n<h4 data-start=\"2074\" data-end=\"2113\"><strong data-start=\"2079\" data-end=\"2111\">Ruolo nei terrari bioattivi:<\/strong><\/h4>\n<ul data-start=\"2114\" data-end=\"2373\">\n<li data-start=\"2114\" data-end=\"2192\">Contribuisce al ciclo di decomposizione della materia organica nei terrari<\/li>\n<li data-start=\"2193\" data-end=\"2276\">Aiuta a mantenere l&#8217;equilibrio dell&#8217;ecosistema consumando resti di cibo e muffe<\/li>\n<li data-start=\"2277\" data-end=\"2373\">Compatibile con diverse specie di rettili, anfibi e altri invertebrati nei terrari tropicali<\/li>\n<\/ul>\n<h4 data-start=\"2375\" data-end=\"2410\"><strong data-start=\"2380\" data-end=\"2408\">Osservazioni aggiuntive:<\/strong><\/h4>\n<p data-start=\"2411\" data-end=\"2661\">Il <em data-start=\"2414\" data-end=\"2440\">Cubaris Panda King White<\/em> \u00e8 una variante del <a href=\"https:\/\/antderground.com\/it\/prodotto\/cubaris-panda-king\/\"><em data-start=\"2460\" data-end=\"2480\">Cubaris Panda King<\/em><\/a>, caratterizzata da una tonalit\u00e0 bianca pi\u00f9 marcata. La sua colorazione e i suoi motivi lo rendono un isopode molto apprezzato da collezionisti ed esperti di ecosistemi bioattivi.<\/p>\n","protected":false},"excerpt":{"rendered":"<p>\ud83d\udc3c\u2728 Il <em data-start=\"2738\" data-end=\"2764\">Cubaris Panda King White<\/em> \u00e8 una rarit\u00e0 esotica per il tuo terrario! Con il suo elegante colore bianco e i motivi scuri, \u00e8 perfetto per sistemi bioattivi. Facile da allevare e molto attivo, porter\u00e0 vita nel tuo ecosistema \ud83c\udf3f\ud83d\udd2c<\/p>\n","protected":false},"featured_media":40516,"template":"","meta":[],"product_brand":[],"product_cat":[481,487,720],"product_tag":[],"class_list":{"0":"post-40541","1":"product","2":"type-product","3":"status-publish","4":"has-post-thumbnail","6":"product_cat-artropodi","7":"product_cat-isopodi","8":"product_cat-cubaris","10":"first","11":"instock","12":"sale","13":"shipping-taxable","14":"purchasable","15":"product-type-variable"},"yoast_head":"<!-- This site is optimized with the Yoast SEO plugin v27.4 - https:\/\/yoast.com\/product\/yoast-seo-wordpress\/ -->\n<title>Cubaris panda King &quot;White&quot; | Isopode esotico - ANTDERGROUND<\/title>\n<meta name=\"description\" content=\"\ud83d\udc3c\u2744\ufe0f Scopri il Cubaris Panda King White, un isopode esotico dal colore bianco perfetto per terrari bioattivi. Aggiungilo ora al tuo ecosistema! \ud83c\udf31\u2728\" \/>\n<meta name=\"robots\" content=\"index, follow, max-snippet:-1, max-image-preview:large, max-video-preview:-1\" \/>\n<link rel=\"canonical\" href=\"https:\/\/antderground.com\/it\/prodotto\/cubaris-panda-king-white\/\" \/>\n<meta property=\"og:locale\" content=\"it_IT\" \/>\n<meta property=\"og:type\" content=\"article\" \/>\n<meta property=\"og:title\" content=\"Cubaris panda King &quot;White&quot; | Isopode esotico - ANTDERGROUND\" \/>\n<meta property=\"og:description\" content=\"\ud83d\udc3c\u2744\ufe0f Scopri il Cubaris Panda King White, un isopode esotico dal colore bianco perfetto per terrari bioattivi. Aggiungilo ora al tuo ecosistema! \ud83c\udf31\u2728\" \/>\n<meta property=\"og:url\" content=\"https:\/\/antderground.com\/it\/prodotto\/cubaris-panda-king-white\/\" \/>\n<meta property=\"og:site_name\" content=\"ANTDERGROUND\" \/>\n<meta property=\"article:modified_time\" content=\"2026-02-16T00:27:09+00:00\" \/>\n<meta property=\"og:image\" content=\"https:\/\/antderground.com\/wp-content\/uploads\/2025\/02\/Cubaris-panda-King-22White22.jpeg\" \/>\n\t<meta property=\"og:image:width\" content=\"1400\" \/>\n\t<meta property=\"og:image:height\" content=\"1400\" \/>\n\t<meta property=\"og:image:type\" content=\"image\/jpeg\" \/>\n<meta name=\"twitter:card\" content=\"summary_large_image\" \/>\n<meta name=\"twitter:label1\" content=\"Tempo di lettura stimato\" \/>\n\t<meta name=\"twitter:data1\" content=\"2 minuti\" \/>\n<script type=\"application\/ld+json\" class=\"yoast-schema-graph\">{\"@context\":\"https:\\\/\\\/schema.org\",\"@graph\":[{\"@type\":\"WebPage\",\"@id\":\"https:\\\/\\\/antderground.com\\\/it\\\/prodotto\\\/cubaris-panda-king-white\\\/\",\"url\":\"https:\\\/\\\/antderground.com\\\/it\\\/prodotto\\\/cubaris-panda-king-white\\\/\",\"name\":\"Cubaris panda King \\\"White\\\" | Isopode esotico - ANTDERGROUND\",\"isPartOf\":{\"@id\":\"https:\\\/\\\/antderground.com\\\/it\\\/#website\"},\"primaryImageOfPage\":{\"@id\":\"https:\\\/\\\/antderground.com\\\/it\\\/prodotto\\\/cubaris-panda-king-white\\\/#primaryimage\"},\"image\":{\"@id\":\"https:\\\/\\\/antderground.com\\\/it\\\/prodotto\\\/cubaris-panda-king-white\\\/#primaryimage\"},\"thumbnailUrl\":\"https:\\\/\\\/antderground.com\\\/wp-content\\\/uploads\\\/2025\\\/02\\\/Cubaris-panda-King-22White22.jpeg\",\"datePublished\":\"2025-02-24T14:28:46+00:00\",\"dateModified\":\"2026-02-16T00:27:09+00:00\",\"description\":\"\ud83d\udc3c\u2744\ufe0f Scopri il Cubaris Panda King White, un isopode esotico dal colore bianco perfetto per terrari bioattivi. Aggiungilo ora al tuo ecosistema! \ud83c\udf31\u2728\",\"breadcrumb\":{\"@id\":\"https:\\\/\\\/antderground.com\\\/it\\\/prodotto\\\/cubaris-panda-king-white\\\/#breadcrumb\"},\"inLanguage\":\"it-IT\",\"potentialAction\":[{\"@type\":\"ReadAction\",\"target\":[\"https:\\\/\\\/antderground.com\\\/it\\\/prodotto\\\/cubaris-panda-king-white\\\/\"]}]},{\"@type\":\"ImageObject\",\"inLanguage\":\"it-IT\",\"@id\":\"https:\\\/\\\/antderground.com\\\/it\\\/prodotto\\\/cubaris-panda-king-white\\\/#primaryimage\",\"url\":\"https:\\\/\\\/antderground.com\\\/wp-content\\\/uploads\\\/2025\\\/02\\\/Cubaris-panda-King-22White22.jpeg\",\"contentUrl\":\"https:\\\/\\\/antderground.com\\\/wp-content\\\/uploads\\\/2025\\\/02\\\/Cubaris-panda-King-22White22.jpeg\",\"width\":1400,\"height\":1400,\"caption\":\"Cubaris panda King \\\"White\\\"\"},{\"@type\":\"BreadcrumbList\",\"@id\":\"https:\\\/\\\/antderground.com\\\/it\\\/prodotto\\\/cubaris-panda-king-white\\\/#breadcrumb\",\"itemListElement\":[{\"@type\":\"ListItem\",\"position\":1,\"name\":\"Portada\",\"item\":\"https:\\\/\\\/antderground.com\\\/it\\\/\"},{\"@type\":\"ListItem\",\"position\":2,\"name\":\"Prodotti\",\"item\":\"https:\\\/\\\/antderground.com\\\/it\\\/prodotti\\\/\"},{\"@type\":\"ListItem\",\"position\":3,\"name\":\"Cubaris panda King &#8220;White&#8221;\"}]},{\"@type\":\"WebSite\",\"@id\":\"https:\\\/\\\/antderground.com\\\/it\\\/#website\",\"url\":\"https:\\\/\\\/antderground.com\\\/it\\\/\",\"name\":\"ANTDERGROUND\",\"description\":\"Tu tienda de hormigas, gran variedad de hormigueros acr\u00edlicos,madera,arena,3D y mas.. Pide tus hormigas gratis con tu pedido, somos expertos en hormigueros antifugas.\",\"publisher\":{\"@id\":\"https:\\\/\\\/antderground.com\\\/it\\\/#\\\/schema\\\/person\\\/0e322c505e84fe72c65e2f6d08f96b81\"},\"alternateName\":\"Antderground\",\"potentialAction\":[{\"@type\":\"SearchAction\",\"target\":{\"@type\":\"EntryPoint\",\"urlTemplate\":\"https:\\\/\\\/antderground.com\\\/it\\\/?s={search_term_string}\"},\"query-input\":{\"@type\":\"PropertyValueSpecification\",\"valueRequired\":true,\"valueName\":\"search_term_string\"}}],\"inLanguage\":\"it-IT\"},{\"@type\":[\"Person\",\"Organization\"],\"@id\":\"https:\\\/\\\/antderground.com\\\/it\\\/#\\\/schema\\\/person\\\/0e322c505e84fe72c65e2f6d08f96b81\",\"name\":\"Eric de Antderground\",\"image\":{\"@type\":\"ImageObject\",\"inLanguage\":\"it-IT\",\"@id\":\"https:\\\/\\\/secure.gravatar.com\\\/avatar\\\/c49a1b9f79216d1498cb73c1e85cd47f4465dda35f2a94c03790d491bd4423c3?s=96&d=mm&r=g\",\"url\":\"https:\\\/\\\/secure.gravatar.com\\\/avatar\\\/c49a1b9f79216d1498cb73c1e85cd47f4465dda35f2a94c03790d491bd4423c3?s=96&d=mm&r=g\",\"contentUrl\":\"https:\\\/\\\/secure.gravatar.com\\\/avatar\\\/c49a1b9f79216d1498cb73c1e85cd47f4465dda35f2a94c03790d491bd4423c3?s=96&d=mm&r=g\",\"caption\":\"Eric de Antderground\"},\"logo\":{\"@id\":\"https:\\\/\\\/secure.gravatar.com\\\/avatar\\\/c49a1b9f79216d1498cb73c1e85cd47f4465dda35f2a94c03790d491bd4423c3?s=96&d=mm&r=g\"},\"description\":\"Eric es el especialista y fundador de Antderground, con una amplia trayectoria en artr\u00f3podos y enfocado en la mirmecolog\u00eda y el dise\u00f1o de hormigueros artificiales. Su enfoque combina la innovaci\u00f3n t\u00e9cnica con el respeto por la biolog\u00eda de las hormigas, is\u00f3podos y otros, desarrollando sistemas de nidos modulares 3D y acr\u00edlicos que son referentes para aficionados y profesionales en toda Europa. Su objetivo es facilitar la cr\u00eda de hormigas y otros artr\u00f3podos mediante soluciones seguras y divulgaci\u00f3n de calidad.\",\"sameAs\":[\"https:\\\/\\\/antderground.com\\\/\",\"https:\\\/\\\/www.youtube.com\\\/channel\\\/UCio72z7TlbufkAthAJIJfPw\"]}]}<\/script>\n<!-- \/ Yoast SEO plugin. -->","yoast_head_json":{"title":"Cubaris panda King \"White\" | Isopode esotico - ANTDERGROUND","description":"\ud83d\udc3c\u2744\ufe0f Scopri il Cubaris Panda King White, un isopode esotico dal colore bianco perfetto per terrari bioattivi. Aggiungilo ora al tuo ecosistema! \ud83c\udf31\u2728","robots":{"index":"index","follow":"follow","max-snippet":"max-snippet:-1","max-image-preview":"max-image-preview:large","max-video-preview":"max-video-preview:-1"},"canonical":"https:\/\/antderground.com\/it\/prodotto\/cubaris-panda-king-white\/","og_locale":"it_IT","og_type":"article","og_title":"Cubaris panda King \"White\" | Isopode esotico - ANTDERGROUND","og_description":"\ud83d\udc3c\u2744\ufe0f Scopri il Cubaris Panda King White, un isopode esotico dal colore bianco perfetto per terrari bioattivi. Aggiungilo ora al tuo ecosistema! \ud83c\udf31\u2728","og_url":"https:\/\/antderground.com\/it\/prodotto\/cubaris-panda-king-white\/","og_site_name":"ANTDERGROUND","article_modified_time":"2026-02-16T00:27:09+00:00","og_image":[{"width":1400,"height":1400,"url":"https:\/\/antderground.com\/wp-content\/uploads\/2025\/02\/Cubaris-panda-King-22White22.jpeg","type":"image\/jpeg"}],"twitter_card":"summary_large_image","twitter_misc":{"Tempo di lettura stimato":"2 minuti"},"schema":{"@context":"https:\/\/schema.org","@graph":[{"@type":"WebPage","@id":"https:\/\/antderground.com\/it\/prodotto\/cubaris-panda-king-white\/","url":"https:\/\/antderground.com\/it\/prodotto\/cubaris-panda-king-white\/","name":"Cubaris panda King \"White\" | Isopode esotico - ANTDERGROUND","isPartOf":{"@id":"https:\/\/antderground.com\/it\/#website"},"primaryImageOfPage":{"@id":"https:\/\/antderground.com\/it\/prodotto\/cubaris-panda-king-white\/#primaryimage"},"image":{"@id":"https:\/\/antderground.com\/it\/prodotto\/cubaris-panda-king-white\/#primaryimage"},"thumbnailUrl":"https:\/\/antderground.com\/wp-content\/uploads\/2025\/02\/Cubaris-panda-King-22White22.jpeg","datePublished":"2025-02-24T14:28:46+00:00","dateModified":"2026-02-16T00:27:09+00:00","description":"\ud83d\udc3c\u2744\ufe0f Scopri il Cubaris Panda King White, un isopode esotico dal colore bianco perfetto per terrari bioattivi. Aggiungilo ora al tuo ecosistema! \ud83c\udf31\u2728","breadcrumb":{"@id":"https:\/\/antderground.com\/it\/prodotto\/cubaris-panda-king-white\/#breadcrumb"},"inLanguage":"it-IT","potentialAction":[{"@type":"ReadAction","target":["https:\/\/antderground.com\/it\/prodotto\/cubaris-panda-king-white\/"]}]},{"@type":"ImageObject","inLanguage":"it-IT","@id":"https:\/\/antderground.com\/it\/prodotto\/cubaris-panda-king-white\/#primaryimage","url":"https:\/\/antderground.com\/wp-content\/uploads\/2025\/02\/Cubaris-panda-King-22White22.jpeg","contentUrl":"https:\/\/antderground.com\/wp-content\/uploads\/2025\/02\/Cubaris-panda-King-22White22.jpeg","width":1400,"height":1400,"caption":"Cubaris panda King \"White\""},{"@type":"BreadcrumbList","@id":"https:\/\/antderground.com\/it\/prodotto\/cubaris-panda-king-white\/#breadcrumb","itemListElement":[{"@type":"ListItem","position":1,"name":"Portada","item":"https:\/\/antderground.com\/it\/"},{"@type":"ListItem","position":2,"name":"Prodotti","item":"https:\/\/antderground.com\/it\/prodotti\/"},{"@type":"ListItem","position":3,"name":"Cubaris panda King &#8220;White&#8221;"}]},{"@type":"WebSite","@id":"https:\/\/antderground.com\/it\/#website","url":"https:\/\/antderground.com\/it\/","name":"ANTDERGROUND","description":"Tu tienda de hormigas, gran variedad de hormigueros acr\u00edlicos,madera,arena,3D y mas.. Pide tus hormigas gratis con tu pedido, somos expertos en hormigueros antifugas.","publisher":{"@id":"https:\/\/antderground.com\/it\/#\/schema\/person\/0e322c505e84fe72c65e2f6d08f96b81"},"alternateName":"Antderground","potentialAction":[{"@type":"SearchAction","target":{"@type":"EntryPoint","urlTemplate":"https:\/\/antderground.com\/it\/?s={search_term_string}"},"query-input":{"@type":"PropertyValueSpecification","valueRequired":true,"valueName":"search_term_string"}}],"inLanguage":"it-IT"},{"@type":["Person","Organization"],"@id":"https:\/\/antderground.com\/it\/#\/schema\/person\/0e322c505e84fe72c65e2f6d08f96b81","name":"Eric de Antderground","image":{"@type":"ImageObject","inLanguage":"it-IT","@id":"https:\/\/secure.gravatar.com\/avatar\/c49a1b9f79216d1498cb73c1e85cd47f4465dda35f2a94c03790d491bd4423c3?s=96&d=mm&r=g","url":"https:\/\/secure.gravatar.com\/avatar\/c49a1b9f79216d1498cb73c1e85cd47f4465dda35f2a94c03790d491bd4423c3?s=96&d=mm&r=g","contentUrl":"https:\/\/secure.gravatar.com\/avatar\/c49a1b9f79216d1498cb73c1e85cd47f4465dda35f2a94c03790d491bd4423c3?s=96&d=mm&r=g","caption":"Eric de Antderground"},"logo":{"@id":"https:\/\/secure.gravatar.com\/avatar\/c49a1b9f79216d1498cb73c1e85cd47f4465dda35f2a94c03790d491bd4423c3?s=96&d=mm&r=g"},"description":"Eric es el especialista y fundador de Antderground, con una amplia trayectoria en artr\u00f3podos y enfocado en la mirmecolog\u00eda y el dise\u00f1o de hormigueros artificiales. Su enfoque combina la innovaci\u00f3n t\u00e9cnica con el respeto por la biolog\u00eda de las hormigas, is\u00f3podos y otros, desarrollando sistemas de nidos modulares 3D y acr\u00edlicos que son referentes para aficionados y profesionales en toda Europa. Su objetivo es facilitar la cr\u00eda de hormigas y otros artr\u00f3podos mediante soluciones seguras y divulgaci\u00f3n de calidad.","sameAs":["https:\/\/antderground.com\/","https:\/\/www.youtube.com\/channel\/UCio72z7TlbufkAthAJIJfPw"]}]}},"_links":{"self":[{"href":"https:\/\/antderground.com\/it\/wp-json\/wp\/v2\/product\/40541","targetHints":{"allow":["GET"]}}],"collection":[{"href":"https:\/\/antderground.com\/it\/wp-json\/wp\/v2\/product"}],"about":[{"href":"https:\/\/antderground.com\/it\/wp-json\/wp\/v2\/types\/product"}],"version-history":[{"count":0,"href":"https:\/\/antderground.com\/it\/wp-json\/wp\/v2\/product\/40541\/revisions"}],"wp:featuredmedia":[{"embeddable":true,"href":"https:\/\/antderground.com\/it\/wp-json\/wp\/v2\/media\/40516"}],"wp:attachment":[{"href":"https:\/\/antderground.com\/it\/wp-json\/wp\/v2\/media?parent=40541"}],"wp:term":[{"taxonomy":"product_brand","embeddable":true,"href":"https:\/\/antderground.com\/it\/wp-json\/wp\/v2\/product_brand?post=40541"},{"taxonomy":"product_cat","embeddable":true,"href":"https:\/\/antderground.com\/it\/wp-json\/wp\/v2\/product_cat?post=40541"},{"taxonomy":"product_tag","embeddable":true,"href":"https:\/\/antderground.com\/it\/wp-json\/wp\/v2\/product_tag?post=40541"}],"curies":[{"name":"wp","href":"https:\/\/api.w.org\/{rel}","templated":true}]}}