{"id":40621,"date":"2024-10-25T12:33:01","date_gmt":"2024-10-25T10:33:01","guid":{"rendered":"https:\/\/www.antderground.com\/producto\/barattolo-di-vetro-con-tappo-in-sughero-4l\/"},"modified":"2024-10-25T12:33:01","modified_gmt":"2024-10-25T10:33:01","slug":"barattolo-di-vetro-con-tappo-in-sughero-4l","status":"publish","type":"product","link":"https:\/\/antderground.com\/it\/prodotto\/barattolo-di-vetro-con-tappo-in-sughero-4l\/","title":{"rendered":"Barattolo di vetro con tappo in sughero (4L)"},"content":{"rendered":"<p data-start=\"99\" data-end=\"381\">Questo elegante barattolo di vetro con tappo in sughero \u00e8 perfetto per chi desidera creare il proprio terrario eterno o un habitat ideale per isopodi. Il suo design accattivante lo rende un elemento decorativo versatile, adatto a qualsiasi ambiente.<\/p>\n<p data-start=\"383\" data-end=\"404\"><strong data-start=\"383\" data-end=\"402\">Caratteristiche<\/strong><\/p>\n<ul data-start=\"405\" data-end=\"478\">\n<li data-start=\"405\" data-end=\"427\"><strong data-start=\"407\" data-end=\"419\">Altezza:<\/strong> 25 cm<\/li>\n<li data-start=\"428\" data-end=\"452\"><strong data-start=\"430\" data-end=\"444\">Larghezza:<\/strong> 16 cm<\/li>\n<li data-start=\"453\" data-end=\"478\"><strong data-start=\"455\" data-end=\"468\">Capacit\u00e0:<\/strong> 4 litri<\/li>\n<\/ul>\n<p data-start=\"480\" data-end=\"850\"><strong data-start=\"480\" data-end=\"496\">Usi multipli<\/strong><br data-start=\"496\" data-end=\"499\" \/>Oltre a essere un&#8217;ottima scelta per terrari, questo barattolo pu\u00f2 essere utilizzato per conservare vari oggetti, dalle spezie ai piccoli articoli di uso quotidiano. La sua estetica e funzionalit\u00e0 lo rendono un complemento ideale per la tua casa. Scopri la versatilit\u00e0 di questo bellissimo barattolo e aggiungi un tocco speciale alla tua decorazione!<\/p>\n","protected":false},"excerpt":{"rendered":"<p data-start=\"47\" data-end=\"331\">Trasforma il tuo spazio con questo affascinante barattolo di vetro con tappo in sughero. Ideale per un terrario eterno o una casa per isopodi, il suo bellissimo design ti permette anche di usarlo per conservare qualsiasi oggetto. Aggiungi un tocco speciale alla tua decorazione!<\/p>\n<p data-start=\"333\" data-end=\"354\"><strong data-start=\"333\" data-end=\"352\">Caratteristiche<\/strong><\/p>\n<ul data-start=\"355\" data-end=\"488\">\n<li data-start=\"355\" data-end=\"377\"><strong data-start=\"357\" data-end=\"369\">Altezza:<\/strong> 25 cm<\/li>\n<li data-start=\"378\" data-end=\"402\"><strong data-start=\"380\" data-end=\"394\">Larghezza:<\/strong> 16 cm<\/li>\n<li data-start=\"403\" data-end=\"428\"><strong data-start=\"405\" data-end=\"418\">Capacit\u00e0:<\/strong> 4 litri<\/li>\n<li data-start=\"429\" data-end=\"453\"><strong data-start=\"431\" data-end=\"445\">Materiale:<\/strong> Vetro<\/li>\n<li data-start=\"454\" data-end=\"488\"><strong data-start=\"456\" data-end=\"469\">Chiusura:<\/strong> Tappo in sughero<\/li>\n<\/ul>\n","protected":false},"featured_media":37570,"template":"","meta":[],"product_brand":[],"product_cat":[625],"product_tag":[],"class_list":{"0":"post-40621","1":"product","2":"type-product","3":"status-publish","4":"has-post-thumbnail","6":"product_cat-terrari-eterni","8":"first","9":"instock","10":"shipping-taxable","11":"purchasable","12":"product-type-simple"},"yoast_head":"<!-- This site is optimized with the Yoast SEO plugin v27.4 - https:\/\/yoast.com\/product\/yoast-seo-wordpress\/ -->\n<title>Barattolo di vetro con tappo in sughero (4L) - ANTDERGROUND<\/title>\n<meta name=\"description\" content=\"Barattolo di vetro con tappo di sughero, ideale per terrari eterni e isopodi. Perfetto anche come contenitore e come elegante decorazione.\" \/>\n<meta name=\"robots\" content=\"index, follow, max-snippet:-1, max-image-preview:large, max-video-preview:-1\" \/>\n<link rel=\"canonical\" href=\"https:\/\/antderground.com\/it\/prodotto\/barattolo-di-vetro-con-tappo-in-sughero-4l\/\" \/>\n<meta property=\"og:locale\" content=\"it_IT\" \/>\n<meta property=\"og:type\" content=\"article\" \/>\n<meta property=\"og:title\" content=\"Barattolo di vetro con tappo in sughero (4L) - ANTDERGROUND\" \/>\n<meta property=\"og:description\" content=\"Barattolo di vetro con tappo di sughero, ideale per terrari eterni e isopodi. Perfetto anche come contenitore e come elegante decorazione.\" \/>\n<meta property=\"og:url\" content=\"https:\/\/antderground.com\/it\/prodotto\/barattolo-di-vetro-con-tappo-in-sughero-4l\/\" \/>\n<meta property=\"og:site_name\" content=\"ANTDERGROUND\" \/>\n<meta property=\"og:image\" content=\"https:\/\/antderground.com\/wp-content\/uploads\/2024\/10\/Tarro-de-vidrio-4l-con-tapon-de-corcho.jpeg\" \/>\n\t<meta property=\"og:image:width\" content=\"1417\" \/>\n\t<meta property=\"og:image:height\" content=\"1417\" \/>\n\t<meta property=\"og:image:type\" content=\"image\/jpeg\" \/>\n<meta name=\"twitter:card\" content=\"summary_large_image\" \/>\n<script type=\"application\/ld+json\" class=\"yoast-schema-graph\">{\"@context\":\"https:\\\/\\\/schema.org\",\"@graph\":[{\"@type\":\"WebPage\",\"@id\":\"https:\\\/\\\/antderground.com\\\/it\\\/prodotto\\\/barattolo-di-vetro-con-tappo-in-sughero-4l\\\/\",\"url\":\"https:\\\/\\\/antderground.com\\\/it\\\/prodotto\\\/barattolo-di-vetro-con-tappo-in-sughero-4l\\\/\",\"name\":\"Barattolo di vetro con tappo in sughero (4L) - ANTDERGROUND\",\"isPartOf\":{\"@id\":\"https:\\\/\\\/antderground.com\\\/it\\\/#website\"},\"primaryImageOfPage\":{\"@id\":\"https:\\\/\\\/antderground.com\\\/it\\\/prodotto\\\/barattolo-di-vetro-con-tappo-in-sughero-4l\\\/#primaryimage\"},\"image\":{\"@id\":\"https:\\\/\\\/antderground.com\\\/it\\\/prodotto\\\/barattolo-di-vetro-con-tappo-in-sughero-4l\\\/#primaryimage\"},\"thumbnailUrl\":\"https:\\\/\\\/antderground.com\\\/wp-content\\\/uploads\\\/2024\\\/10\\\/Tarro-de-vidrio-4l-con-tapon-de-corcho.jpeg\",\"datePublished\":\"2024-10-25T10:33:01+00:00\",\"description\":\"Barattolo di vetro con tappo di sughero, ideale per terrari eterni e isopodi. Perfetto anche come contenitore e come elegante decorazione.\",\"breadcrumb\":{\"@id\":\"https:\\\/\\\/antderground.com\\\/it\\\/prodotto\\\/barattolo-di-vetro-con-tappo-in-sughero-4l\\\/#breadcrumb\"},\"inLanguage\":\"it-IT\",\"potentialAction\":[{\"@type\":\"ReadAction\",\"target\":[\"https:\\\/\\\/antderground.com\\\/it\\\/prodotto\\\/barattolo-di-vetro-con-tappo-in-sughero-4l\\\/\"]}]},{\"@type\":\"ImageObject\",\"inLanguage\":\"it-IT\",\"@id\":\"https:\\\/\\\/antderground.com\\\/it\\\/prodotto\\\/barattolo-di-vetro-con-tappo-in-sughero-4l\\\/#primaryimage\",\"url\":\"https:\\\/\\\/antderground.com\\\/wp-content\\\/uploads\\\/2024\\\/10\\\/Tarro-de-vidrio-4l-con-tapon-de-corcho.jpeg\",\"contentUrl\":\"https:\\\/\\\/antderground.com\\\/wp-content\\\/uploads\\\/2024\\\/10\\\/Tarro-de-vidrio-4l-con-tapon-de-corcho.jpeg\",\"width\":1417,\"height\":1417,\"caption\":\"Barattolo di vetro con tappo in sughero (4L)\"},{\"@type\":\"BreadcrumbList\",\"@id\":\"https:\\\/\\\/antderground.com\\\/it\\\/prodotto\\\/barattolo-di-vetro-con-tappo-in-sughero-4l\\\/#breadcrumb\",\"itemListElement\":[{\"@type\":\"ListItem\",\"position\":1,\"name\":\"Portada\",\"item\":\"https:\\\/\\\/antderground.com\\\/it\\\/\"},{\"@type\":\"ListItem\",\"position\":2,\"name\":\"Prodotti\",\"item\":\"https:\\\/\\\/antderground.com\\\/it\\\/prodotti\\\/\"},{\"@type\":\"ListItem\",\"position\":3,\"name\":\"Barattolo di vetro con tappo in sughero (4L)\"}]},{\"@type\":\"WebSite\",\"@id\":\"https:\\\/\\\/antderground.com\\\/it\\\/#website\",\"url\":\"https:\\\/\\\/antderground.com\\\/it\\\/\",\"name\":\"ANTDERGROUND\",\"description\":\"Tu tienda de hormigas, gran variedad de hormigueros acr\u00edlicos,madera,arena,3D y mas.. Pide tus hormigas gratis con tu pedido, somos expertos en hormigueros antifugas.\",\"publisher\":{\"@id\":\"https:\\\/\\\/antderground.com\\\/it\\\/#\\\/schema\\\/person\\\/0e322c505e84fe72c65e2f6d08f96b81\"},\"alternateName\":\"Antderground\",\"potentialAction\":[{\"@type\":\"SearchAction\",\"target\":{\"@type\":\"EntryPoint\",\"urlTemplate\":\"https:\\\/\\\/antderground.com\\\/it\\\/?s={search_term_string}\"},\"query-input\":{\"@type\":\"PropertyValueSpecification\",\"valueRequired\":true,\"valueName\":\"search_term_string\"}}],\"inLanguage\":\"it-IT\"},{\"@type\":[\"Person\",\"Organization\"],\"@id\":\"https:\\\/\\\/antderground.com\\\/it\\\/#\\\/schema\\\/person\\\/0e322c505e84fe72c65e2f6d08f96b81\",\"name\":\"Eric de Antderground\",\"image\":{\"@type\":\"ImageObject\",\"inLanguage\":\"it-IT\",\"@id\":\"https:\\\/\\\/secure.gravatar.com\\\/avatar\\\/c49a1b9f79216d1498cb73c1e85cd47f4465dda35f2a94c03790d491bd4423c3?s=96&d=mm&r=g\",\"url\":\"https:\\\/\\\/secure.gravatar.com\\\/avatar\\\/c49a1b9f79216d1498cb73c1e85cd47f4465dda35f2a94c03790d491bd4423c3?s=96&d=mm&r=g\",\"contentUrl\":\"https:\\\/\\\/secure.gravatar.com\\\/avatar\\\/c49a1b9f79216d1498cb73c1e85cd47f4465dda35f2a94c03790d491bd4423c3?s=96&d=mm&r=g\",\"caption\":\"Eric de Antderground\"},\"logo\":{\"@id\":\"https:\\\/\\\/secure.gravatar.com\\\/avatar\\\/c49a1b9f79216d1498cb73c1e85cd47f4465dda35f2a94c03790d491bd4423c3?s=96&d=mm&r=g\"},\"description\":\"Eric es el especialista y fundador de Antderground, con una amplia trayectoria en artr\u00f3podos y enfocado en la mirmecolog\u00eda y el dise\u00f1o de hormigueros artificiales. Su enfoque combina la innovaci\u00f3n t\u00e9cnica con el respeto por la biolog\u00eda de las hormigas, is\u00f3podos y otros, desarrollando sistemas de nidos modulares 3D y acr\u00edlicos que son referentes para aficionados y profesionales en toda Europa. Su objetivo es facilitar la cr\u00eda de hormigas y otros artr\u00f3podos mediante soluciones seguras y divulgaci\u00f3n de calidad.\",\"sameAs\":[\"https:\\\/\\\/antderground.com\\\/\",\"https:\\\/\\\/www.youtube.com\\\/channel\\\/UCio72z7TlbufkAthAJIJfPw\"]}]}<\/script>\n<!-- \/ Yoast SEO plugin. -->","yoast_head_json":{"title":"Barattolo di vetro con tappo in sughero (4L) - ANTDERGROUND","description":"Barattolo di vetro con tappo di sughero, ideale per terrari eterni e isopodi. Perfetto anche come contenitore e come elegante decorazione.","robots":{"index":"index","follow":"follow","max-snippet":"max-snippet:-1","max-image-preview":"max-image-preview:large","max-video-preview":"max-video-preview:-1"},"canonical":"https:\/\/antderground.com\/it\/prodotto\/barattolo-di-vetro-con-tappo-in-sughero-4l\/","og_locale":"it_IT","og_type":"article","og_title":"Barattolo di vetro con tappo in sughero (4L) - ANTDERGROUND","og_description":"Barattolo di vetro con tappo di sughero, ideale per terrari eterni e isopodi. Perfetto anche come contenitore e come elegante decorazione.","og_url":"https:\/\/antderground.com\/it\/prodotto\/barattolo-di-vetro-con-tappo-in-sughero-4l\/","og_site_name":"ANTDERGROUND","og_image":[{"width":1417,"height":1417,"url":"https:\/\/antderground.com\/wp-content\/uploads\/2024\/10\/Tarro-de-vidrio-4l-con-tapon-de-corcho.jpeg","type":"image\/jpeg"}],"twitter_card":"summary_large_image","schema":{"@context":"https:\/\/schema.org","@graph":[{"@type":"WebPage","@id":"https:\/\/antderground.com\/it\/prodotto\/barattolo-di-vetro-con-tappo-in-sughero-4l\/","url":"https:\/\/antderground.com\/it\/prodotto\/barattolo-di-vetro-con-tappo-in-sughero-4l\/","name":"Barattolo di vetro con tappo in sughero (4L) - ANTDERGROUND","isPartOf":{"@id":"https:\/\/antderground.com\/it\/#website"},"primaryImageOfPage":{"@id":"https:\/\/antderground.com\/it\/prodotto\/barattolo-di-vetro-con-tappo-in-sughero-4l\/#primaryimage"},"image":{"@id":"https:\/\/antderground.com\/it\/prodotto\/barattolo-di-vetro-con-tappo-in-sughero-4l\/#primaryimage"},"thumbnailUrl":"https:\/\/antderground.com\/wp-content\/uploads\/2024\/10\/Tarro-de-vidrio-4l-con-tapon-de-corcho.jpeg","datePublished":"2024-10-25T10:33:01+00:00","description":"Barattolo di vetro con tappo di sughero, ideale per terrari eterni e isopodi. Perfetto anche come contenitore e come elegante decorazione.","breadcrumb":{"@id":"https:\/\/antderground.com\/it\/prodotto\/barattolo-di-vetro-con-tappo-in-sughero-4l\/#breadcrumb"},"inLanguage":"it-IT","potentialAction":[{"@type":"ReadAction","target":["https:\/\/antderground.com\/it\/prodotto\/barattolo-di-vetro-con-tappo-in-sughero-4l\/"]}]},{"@type":"ImageObject","inLanguage":"it-IT","@id":"https:\/\/antderground.com\/it\/prodotto\/barattolo-di-vetro-con-tappo-in-sughero-4l\/#primaryimage","url":"https:\/\/antderground.com\/wp-content\/uploads\/2024\/10\/Tarro-de-vidrio-4l-con-tapon-de-corcho.jpeg","contentUrl":"https:\/\/antderground.com\/wp-content\/uploads\/2024\/10\/Tarro-de-vidrio-4l-con-tapon-de-corcho.jpeg","width":1417,"height":1417,"caption":"Barattolo di vetro con tappo in sughero (4L)"},{"@type":"BreadcrumbList","@id":"https:\/\/antderground.com\/it\/prodotto\/barattolo-di-vetro-con-tappo-in-sughero-4l\/#breadcrumb","itemListElement":[{"@type":"ListItem","position":1,"name":"Portada","item":"https:\/\/antderground.com\/it\/"},{"@type":"ListItem","position":2,"name":"Prodotti","item":"https:\/\/antderground.com\/it\/prodotti\/"},{"@type":"ListItem","position":3,"name":"Barattolo di vetro con tappo in sughero (4L)"}]},{"@type":"WebSite","@id":"https:\/\/antderground.com\/it\/#website","url":"https:\/\/antderground.com\/it\/","name":"ANTDERGROUND","description":"Tu tienda de hormigas, gran variedad de hormigueros acr\u00edlicos,madera,arena,3D y mas.. Pide tus hormigas gratis con tu pedido, somos expertos en hormigueros antifugas.","publisher":{"@id":"https:\/\/antderground.com\/it\/#\/schema\/person\/0e322c505e84fe72c65e2f6d08f96b81"},"alternateName":"Antderground","potentialAction":[{"@type":"SearchAction","target":{"@type":"EntryPoint","urlTemplate":"https:\/\/antderground.com\/it\/?s={search_term_string}"},"query-input":{"@type":"PropertyValueSpecification","valueRequired":true,"valueName":"search_term_string"}}],"inLanguage":"it-IT"},{"@type":["Person","Organization"],"@id":"https:\/\/antderground.com\/it\/#\/schema\/person\/0e322c505e84fe72c65e2f6d08f96b81","name":"Eric de Antderground","image":{"@type":"ImageObject","inLanguage":"it-IT","@id":"https:\/\/secure.gravatar.com\/avatar\/c49a1b9f79216d1498cb73c1e85cd47f4465dda35f2a94c03790d491bd4423c3?s=96&d=mm&r=g","url":"https:\/\/secure.gravatar.com\/avatar\/c49a1b9f79216d1498cb73c1e85cd47f4465dda35f2a94c03790d491bd4423c3?s=96&d=mm&r=g","contentUrl":"https:\/\/secure.gravatar.com\/avatar\/c49a1b9f79216d1498cb73c1e85cd47f4465dda35f2a94c03790d491bd4423c3?s=96&d=mm&r=g","caption":"Eric de Antderground"},"logo":{"@id":"https:\/\/secure.gravatar.com\/avatar\/c49a1b9f79216d1498cb73c1e85cd47f4465dda35f2a94c03790d491bd4423c3?s=96&d=mm&r=g"},"description":"Eric es el especialista y fundador de Antderground, con una amplia trayectoria en artr\u00f3podos y enfocado en la mirmecolog\u00eda y el dise\u00f1o de hormigueros artificiales. Su enfoque combina la innovaci\u00f3n t\u00e9cnica con el respeto por la biolog\u00eda de las hormigas, is\u00f3podos y otros, desarrollando sistemas de nidos modulares 3D y acr\u00edlicos que son referentes para aficionados y profesionales en toda Europa. Su objetivo es facilitar la cr\u00eda de hormigas y otros artr\u00f3podos mediante soluciones seguras y divulgaci\u00f3n de calidad.","sameAs":["https:\/\/antderground.com\/","https:\/\/www.youtube.com\/channel\/UCio72z7TlbufkAthAJIJfPw"]}]}},"_links":{"self":[{"href":"https:\/\/antderground.com\/it\/wp-json\/wp\/v2\/product\/40621","targetHints":{"allow":["GET"]}}],"collection":[{"href":"https:\/\/antderground.com\/it\/wp-json\/wp\/v2\/product"}],"about":[{"href":"https:\/\/antderground.com\/it\/wp-json\/wp\/v2\/types\/product"}],"version-history":[{"count":0,"href":"https:\/\/antderground.com\/it\/wp-json\/wp\/v2\/product\/40621\/revisions"}],"wp:featuredmedia":[{"embeddable":true,"href":"https:\/\/antderground.com\/it\/wp-json\/wp\/v2\/media\/37570"}],"wp:attachment":[{"href":"https:\/\/antderground.com\/it\/wp-json\/wp\/v2\/media?parent=40621"}],"wp:term":[{"taxonomy":"product_brand","embeddable":true,"href":"https:\/\/antderground.com\/it\/wp-json\/wp\/v2\/product_brand?post=40621"},{"taxonomy":"product_cat","embeddable":true,"href":"https:\/\/antderground.com\/it\/wp-json\/wp\/v2\/product_cat?post=40621"},{"taxonomy":"product_tag","embeddable":true,"href":"https:\/\/antderground.com\/it\/wp-json\/wp\/v2\/product_tag?post=40621"}],"curies":[{"name":"wp","href":"https:\/\/api.w.org\/{rel}","templated":true}]}}