{"id":40736,"date":"2025-03-04T11:22:02","date_gmt":"2025-03-04T10:22:02","guid":{"rendered":"https:\/\/www.antderground.com\/producto\/cubaris-murina-salmon-martinique\/"},"modified":"2025-03-04T11:22:02","modified_gmt":"2025-03-04T10:22:02","slug":"cubaris-murina-salmon-martinique","status":"publish","type":"product","link":"https:\/\/antderground.com\/it\/prodotto\/cubaris-murina-salmon-martinique\/","title":{"rendered":"Cubaris murina &#8220;Salmon Martinique&#8221;"},"content":{"rendered":"<p data-start=\"2398\" data-end=\"2794\"><strong data-start=\"2398\" data-end=\"2419\">Nome scientifico:<\/strong> Cubaris murina &#8220;Salmon Martinique&#8221;<br data-start=\"2454\" data-end=\"2457\" \/><strong data-start=\"2457\" data-end=\"2473\">Nome comune:<\/strong> Isopode Cubaris murina &#8220;Salmon Martinique&#8221;<br data-start=\"2516\" data-end=\"2519\" \/><strong data-start=\"2519\" data-end=\"2532\">Famiglia:<\/strong> Armadillidae<br data-start=\"2545\" data-end=\"2548\" \/><strong data-start=\"2548\" data-end=\"2560\">Origine:<\/strong> Isola della Martinica, Caraibi<br data-start=\"2591\" data-end=\"2594\" \/><strong data-start=\"2594\" data-end=\"2616\">Dimensione adulta:<\/strong> Circa 1 &#8211; 1,5 cm<br data-start=\"2633\" data-end=\"2636\" \/><strong data-start=\"2636\" data-end=\"2652\">Colorazione:<\/strong> Toni dal salmone chiaro all\u2019arancione con leggere variazioni tra individui.<br data-start=\"2728\" data-end=\"2731\" \/><strong data-start=\"2731\" data-end=\"2755\">Aspettativa di vita:<\/strong> 1,5 &#8211; 3 anni in condizioni ottimali.<\/p>\n<h3 data-start=\"2796\" data-end=\"2828\"><strong data-start=\"2800\" data-end=\"2826\">Habitat e manutenzione<\/strong><\/h3>\n<p data-start=\"2829\" data-end=\"2852\"><strong data-start=\"2829\" data-end=\"2850\">Tipo di terrario:<\/strong><\/p>\n<ul data-start=\"2853\" data-end=\"2986\">\n<li data-start=\"2853\" data-end=\"2908\">Terrario umido o semi-umido con buona ventilazione.<\/li>\n<li data-start=\"2909\" data-end=\"2986\">Substrato consigliato: fibra di cocco, muschio di sfagno e foglie secche.<\/li>\n<\/ul>\n<p data-start=\"2988\" data-end=\"3002\"><strong data-start=\"2988\" data-end=\"3000\">Umidit\u00e0:<\/strong><\/p>\n<ul data-start=\"3003\" data-end=\"3075\">\n<li data-start=\"3003\" data-end=\"3075\">70 % &#8211; 85 %, con una zona umida e una pi\u00f9 asciutta per l\u2019equilibrio.<\/li>\n<\/ul>\n<p data-start=\"3077\" data-end=\"3095\"><strong data-start=\"3077\" data-end=\"3093\">Temperatura:<\/strong><\/p>\n<ul data-start=\"3096\" data-end=\"3200\">\n<li data-start=\"3096\" data-end=\"3116\">Tra 22\u00b0C e 26\u00b0C.<\/li>\n<li data-start=\"3117\" data-end=\"3200\">Non tollera temperature estreme sotto i 18\u00b0C o sopra i 28\u00b0C per lunghi periodi.<\/li>\n<\/ul>\n<p data-start=\"3202\" data-end=\"3222\"><strong data-start=\"3202\" data-end=\"3220\">Illuminazione:<\/strong><\/p>\n<ul data-start=\"3223\" data-end=\"3277\">\n<li data-start=\"3223\" data-end=\"3277\">Luce indiretta, senza esposizione diretta al sole.<\/li>\n<\/ul>\n<h3 data-start=\"3279\" data-end=\"3302\"><strong data-start=\"3283\" data-end=\"3300\">Alimentazione<\/strong><\/h3>\n<ul data-start=\"3303\" data-end=\"3539\">\n<li data-start=\"3303\" data-end=\"3379\">Materiale organico in decomposizione (foglie secche, legno marcescente).<\/li>\n<li data-start=\"3380\" data-end=\"3462\">Integratori: frutta, verdura e calcio (ossa di seppia, gusci d\u2019uovo macinati).<\/li>\n<li data-start=\"3463\" data-end=\"3539\">Aggiunta occasionale di proteine (pesce essiccato, larve di coleotteri).<\/li>\n<\/ul>\n<h3 data-start=\"3541\" data-end=\"3579\"><strong data-start=\"3545\" data-end=\"3577\">Comportamento e riproduzione<\/strong><\/h3>\n<p data-start=\"3580\" data-end=\"3596\"><strong data-start=\"3580\" data-end=\"3594\">Socialit\u00e0:<\/strong><\/p>\n<ul data-start=\"3597\" data-end=\"3714\">\n<li data-start=\"3597\" data-end=\"3647\">Specie gregaria, preferisce vivere in colonia.<\/li>\n<li data-start=\"3648\" data-end=\"3714\">Relativamente attivo e pi\u00f9 visibile rispetto ad altri Cubaris.<\/li>\n<\/ul>\n<p data-start=\"3716\" data-end=\"3735\"><strong data-start=\"3716\" data-end=\"3733\">Riproduzione:<\/strong><\/p>\n<ul data-start=\"3736\" data-end=\"3901\">\n<li data-start=\"3736\" data-end=\"3790\">Ciclo riproduttivo continuo in condizioni stabili.<\/li>\n<li data-start=\"3791\" data-end=\"3866\">La femmina porta le uova nella sua sacca incubatrice fino alla schiusa.<\/li>\n<li data-start=\"3867\" data-end=\"3901\">Crescita moderata dei piccoli.<\/li>\n<\/ul>\n<h3 data-start=\"3903\" data-end=\"3928\"><strong data-start=\"3907\" data-end=\"3926\">Note aggiuntive<\/strong><\/h3>\n<ul data-start=\"3929\" data-end=\"4082\">\n<li data-start=\"3929\" data-end=\"3979\">Ideale per principianti ed esperti di isopodi.<\/li>\n<li data-start=\"3980\" data-end=\"4032\">Adatto a terrari bioattivi tropicali e paludari.<\/li>\n<li data-start=\"4033\" data-end=\"4082\">Il suo colore unico lo rende molto ricercato.<\/li>\n<\/ul>\n","protected":false},"excerpt":{"rendered":"<p>Scopri il <strong data-start=\"4129\" data-end=\"4167\">Cubaris murina &#8220;Salmon Martinique&#8221;<\/strong>, un isopode esotico dai toni salmone unici. Ideale per bioattivi e collezioni. Facile da allevare, si adatta bene ai terrari umidi. Porta colore e biodiversit\u00e0 al tuo habitat!<\/p>\n","protected":false},"featured_media":40723,"template":"","meta":[],"product_brand":[],"product_cat":[481,487,720],"product_tag":[],"class_list":{"0":"post-40736","1":"product","2":"type-product","3":"status-publish","4":"has-post-thumbnail","6":"product_cat-artropodi","7":"product_cat-isopodi","8":"product_cat-cubaris","10":"first","11":"instock","12":"shipping-taxable","13":"purchasable","14":"product-type-variable"},"yoast_head":"<!-- This site is optimized with the Yoast SEO plugin v27.4 - https:\/\/yoast.com\/product\/yoast-seo-wordpress\/ -->\n<title>Cubaris murina &quot;Salmon Martinique&quot; | isopodi - ANTDERGROUND<\/title>\n<meta name=\"description\" content=\"\ud83d\udc1c Aggiungi colore al tuo terrario con il Cubaris murina &quot;Salmon Martinique&quot;! Isopode esotico perfetto per bioattivi. \ud83c\udf3f\" \/>\n<meta name=\"robots\" content=\"index, follow, max-snippet:-1, max-image-preview:large, max-video-preview:-1\" \/>\n<link rel=\"canonical\" href=\"https:\/\/antderground.com\/it\/prodotto\/cubaris-murina-salmon-martinique\/\" \/>\n<meta property=\"og:locale\" content=\"it_IT\" \/>\n<meta property=\"og:type\" content=\"article\" \/>\n<meta property=\"og:title\" content=\"Cubaris murina &quot;Salmon Martinique&quot; | isopodi - ANTDERGROUND\" \/>\n<meta property=\"og:description\" content=\"\ud83d\udc1c Aggiungi colore al tuo terrario con il Cubaris murina &quot;Salmon Martinique&quot;! Isopode esotico perfetto per bioattivi. \ud83c\udf3f\" \/>\n<meta property=\"og:url\" content=\"https:\/\/antderground.com\/it\/prodotto\/cubaris-murina-salmon-martinique\/\" \/>\n<meta property=\"og:site_name\" content=\"ANTDERGROUND\" \/>\n<meta property=\"og:image\" content=\"https:\/\/antderground.com\/wp-content\/uploads\/2025\/03\/Cubaris-murina-22Salmon-Martinique22.jpg\" \/>\n\t<meta property=\"og:image:width\" content=\"1400\" \/>\n\t<meta property=\"og:image:height\" content=\"1400\" \/>\n\t<meta property=\"og:image:type\" content=\"image\/jpeg\" \/>\n<meta name=\"twitter:card\" content=\"summary_large_image\" \/>\n<meta name=\"twitter:label1\" content=\"Tempo di lettura stimato\" \/>\n\t<meta name=\"twitter:data1\" content=\"1 minuto\" \/>\n<script type=\"application\/ld+json\" class=\"yoast-schema-graph\">{\"@context\":\"https:\\\/\\\/schema.org\",\"@graph\":[{\"@type\":\"WebPage\",\"@id\":\"https:\\\/\\\/antderground.com\\\/it\\\/prodotto\\\/cubaris-murina-salmon-martinique\\\/\",\"url\":\"https:\\\/\\\/antderground.com\\\/it\\\/prodotto\\\/cubaris-murina-salmon-martinique\\\/\",\"name\":\"Cubaris murina \\\"Salmon Martinique\\\" | isopodi - ANTDERGROUND\",\"isPartOf\":{\"@id\":\"https:\\\/\\\/antderground.com\\\/it\\\/#website\"},\"primaryImageOfPage\":{\"@id\":\"https:\\\/\\\/antderground.com\\\/it\\\/prodotto\\\/cubaris-murina-salmon-martinique\\\/#primaryimage\"},\"image\":{\"@id\":\"https:\\\/\\\/antderground.com\\\/it\\\/prodotto\\\/cubaris-murina-salmon-martinique\\\/#primaryimage\"},\"thumbnailUrl\":\"https:\\\/\\\/antderground.com\\\/wp-content\\\/uploads\\\/2025\\\/03\\\/Cubaris-murina-22Salmon-Martinique22.jpg\",\"datePublished\":\"2025-03-04T10:22:02+00:00\",\"description\":\"\ud83d\udc1c Aggiungi colore al tuo terrario con il Cubaris murina \\\"Salmon Martinique\\\"! Isopode esotico perfetto per bioattivi. \ud83c\udf3f\",\"breadcrumb\":{\"@id\":\"https:\\\/\\\/antderground.com\\\/it\\\/prodotto\\\/cubaris-murina-salmon-martinique\\\/#breadcrumb\"},\"inLanguage\":\"it-IT\",\"potentialAction\":[{\"@type\":\"ReadAction\",\"target\":[\"https:\\\/\\\/antderground.com\\\/it\\\/prodotto\\\/cubaris-murina-salmon-martinique\\\/\"]}]},{\"@type\":\"ImageObject\",\"inLanguage\":\"it-IT\",\"@id\":\"https:\\\/\\\/antderground.com\\\/it\\\/prodotto\\\/cubaris-murina-salmon-martinique\\\/#primaryimage\",\"url\":\"https:\\\/\\\/antderground.com\\\/wp-content\\\/uploads\\\/2025\\\/03\\\/Cubaris-murina-22Salmon-Martinique22.jpg\",\"contentUrl\":\"https:\\\/\\\/antderground.com\\\/wp-content\\\/uploads\\\/2025\\\/03\\\/Cubaris-murina-22Salmon-Martinique22.jpg\",\"width\":1400,\"height\":1400,\"caption\":\"Cubaris murina Salmon Martinique\"},{\"@type\":\"BreadcrumbList\",\"@id\":\"https:\\\/\\\/antderground.com\\\/it\\\/prodotto\\\/cubaris-murina-salmon-martinique\\\/#breadcrumb\",\"itemListElement\":[{\"@type\":\"ListItem\",\"position\":1,\"name\":\"Portada\",\"item\":\"https:\\\/\\\/antderground.com\\\/it\\\/\"},{\"@type\":\"ListItem\",\"position\":2,\"name\":\"Prodotti\",\"item\":\"https:\\\/\\\/antderground.com\\\/it\\\/prodotti\\\/\"},{\"@type\":\"ListItem\",\"position\":3,\"name\":\"Cubaris murina &#8220;Salmon Martinique&#8221;\"}]},{\"@type\":\"WebSite\",\"@id\":\"https:\\\/\\\/antderground.com\\\/it\\\/#website\",\"url\":\"https:\\\/\\\/antderground.com\\\/it\\\/\",\"name\":\"ANTDERGROUND\",\"description\":\"Tu tienda de hormigas, gran variedad de hormigueros acr\u00edlicos,madera,arena,3D y mas.. Pide tus hormigas gratis con tu pedido, somos expertos en hormigueros antifugas.\",\"publisher\":{\"@id\":\"https:\\\/\\\/antderground.com\\\/it\\\/#\\\/schema\\\/person\\\/0e322c505e84fe72c65e2f6d08f96b81\"},\"alternateName\":\"Antderground\",\"potentialAction\":[{\"@type\":\"SearchAction\",\"target\":{\"@type\":\"EntryPoint\",\"urlTemplate\":\"https:\\\/\\\/antderground.com\\\/it\\\/?s={search_term_string}\"},\"query-input\":{\"@type\":\"PropertyValueSpecification\",\"valueRequired\":true,\"valueName\":\"search_term_string\"}}],\"inLanguage\":\"it-IT\"},{\"@type\":[\"Person\",\"Organization\"],\"@id\":\"https:\\\/\\\/antderground.com\\\/it\\\/#\\\/schema\\\/person\\\/0e322c505e84fe72c65e2f6d08f96b81\",\"name\":\"Eric de Antderground\",\"image\":{\"@type\":\"ImageObject\",\"inLanguage\":\"it-IT\",\"@id\":\"https:\\\/\\\/secure.gravatar.com\\\/avatar\\\/c49a1b9f79216d1498cb73c1e85cd47f4465dda35f2a94c03790d491bd4423c3?s=96&d=mm&r=g\",\"url\":\"https:\\\/\\\/secure.gravatar.com\\\/avatar\\\/c49a1b9f79216d1498cb73c1e85cd47f4465dda35f2a94c03790d491bd4423c3?s=96&d=mm&r=g\",\"contentUrl\":\"https:\\\/\\\/secure.gravatar.com\\\/avatar\\\/c49a1b9f79216d1498cb73c1e85cd47f4465dda35f2a94c03790d491bd4423c3?s=96&d=mm&r=g\",\"caption\":\"Eric de Antderground\"},\"logo\":{\"@id\":\"https:\\\/\\\/secure.gravatar.com\\\/avatar\\\/c49a1b9f79216d1498cb73c1e85cd47f4465dda35f2a94c03790d491bd4423c3?s=96&d=mm&r=g\"},\"description\":\"Eric es el especialista y fundador de Antderground, con una amplia trayectoria en artr\u00f3podos y enfocado en la mirmecolog\u00eda y el dise\u00f1o de hormigueros artificiales. Su enfoque combina la innovaci\u00f3n t\u00e9cnica con el respeto por la biolog\u00eda de las hormigas, is\u00f3podos y otros, desarrollando sistemas de nidos modulares 3D y acr\u00edlicos que son referentes para aficionados y profesionales en toda Europa. Su objetivo es facilitar la cr\u00eda de hormigas y otros artr\u00f3podos mediante soluciones seguras y divulgaci\u00f3n de calidad.\",\"sameAs\":[\"https:\\\/\\\/antderground.com\\\/\",\"https:\\\/\\\/www.youtube.com\\\/channel\\\/UCio72z7TlbufkAthAJIJfPw\"]}]}<\/script>\n<!-- \/ Yoast SEO plugin. -->","yoast_head_json":{"title":"Cubaris murina \"Salmon Martinique\" | isopodi - ANTDERGROUND","description":"\ud83d\udc1c Aggiungi colore al tuo terrario con il Cubaris murina \"Salmon Martinique\"! Isopode esotico perfetto per bioattivi. \ud83c\udf3f","robots":{"index":"index","follow":"follow","max-snippet":"max-snippet:-1","max-image-preview":"max-image-preview:large","max-video-preview":"max-video-preview:-1"},"canonical":"https:\/\/antderground.com\/it\/prodotto\/cubaris-murina-salmon-martinique\/","og_locale":"it_IT","og_type":"article","og_title":"Cubaris murina \"Salmon Martinique\" | isopodi - ANTDERGROUND","og_description":"\ud83d\udc1c Aggiungi colore al tuo terrario con il Cubaris murina \"Salmon Martinique\"! Isopode esotico perfetto per bioattivi. \ud83c\udf3f","og_url":"https:\/\/antderground.com\/it\/prodotto\/cubaris-murina-salmon-martinique\/","og_site_name":"ANTDERGROUND","og_image":[{"width":1400,"height":1400,"url":"https:\/\/antderground.com\/wp-content\/uploads\/2025\/03\/Cubaris-murina-22Salmon-Martinique22.jpg","type":"image\/jpeg"}],"twitter_card":"summary_large_image","twitter_misc":{"Tempo di lettura stimato":"1 minuto"},"schema":{"@context":"https:\/\/schema.org","@graph":[{"@type":"WebPage","@id":"https:\/\/antderground.com\/it\/prodotto\/cubaris-murina-salmon-martinique\/","url":"https:\/\/antderground.com\/it\/prodotto\/cubaris-murina-salmon-martinique\/","name":"Cubaris murina \"Salmon Martinique\" | isopodi - ANTDERGROUND","isPartOf":{"@id":"https:\/\/antderground.com\/it\/#website"},"primaryImageOfPage":{"@id":"https:\/\/antderground.com\/it\/prodotto\/cubaris-murina-salmon-martinique\/#primaryimage"},"image":{"@id":"https:\/\/antderground.com\/it\/prodotto\/cubaris-murina-salmon-martinique\/#primaryimage"},"thumbnailUrl":"https:\/\/antderground.com\/wp-content\/uploads\/2025\/03\/Cubaris-murina-22Salmon-Martinique22.jpg","datePublished":"2025-03-04T10:22:02+00:00","description":"\ud83d\udc1c Aggiungi colore al tuo terrario con il Cubaris murina \"Salmon Martinique\"! Isopode esotico perfetto per bioattivi. \ud83c\udf3f","breadcrumb":{"@id":"https:\/\/antderground.com\/it\/prodotto\/cubaris-murina-salmon-martinique\/#breadcrumb"},"inLanguage":"it-IT","potentialAction":[{"@type":"ReadAction","target":["https:\/\/antderground.com\/it\/prodotto\/cubaris-murina-salmon-martinique\/"]}]},{"@type":"ImageObject","inLanguage":"it-IT","@id":"https:\/\/antderground.com\/it\/prodotto\/cubaris-murina-salmon-martinique\/#primaryimage","url":"https:\/\/antderground.com\/wp-content\/uploads\/2025\/03\/Cubaris-murina-22Salmon-Martinique22.jpg","contentUrl":"https:\/\/antderground.com\/wp-content\/uploads\/2025\/03\/Cubaris-murina-22Salmon-Martinique22.jpg","width":1400,"height":1400,"caption":"Cubaris murina Salmon Martinique"},{"@type":"BreadcrumbList","@id":"https:\/\/antderground.com\/it\/prodotto\/cubaris-murina-salmon-martinique\/#breadcrumb","itemListElement":[{"@type":"ListItem","position":1,"name":"Portada","item":"https:\/\/antderground.com\/it\/"},{"@type":"ListItem","position":2,"name":"Prodotti","item":"https:\/\/antderground.com\/it\/prodotti\/"},{"@type":"ListItem","position":3,"name":"Cubaris murina &#8220;Salmon Martinique&#8221;"}]},{"@type":"WebSite","@id":"https:\/\/antderground.com\/it\/#website","url":"https:\/\/antderground.com\/it\/","name":"ANTDERGROUND","description":"Tu tienda de hormigas, gran variedad de hormigueros acr\u00edlicos,madera,arena,3D y mas.. Pide tus hormigas gratis con tu pedido, somos expertos en hormigueros antifugas.","publisher":{"@id":"https:\/\/antderground.com\/it\/#\/schema\/person\/0e322c505e84fe72c65e2f6d08f96b81"},"alternateName":"Antderground","potentialAction":[{"@type":"SearchAction","target":{"@type":"EntryPoint","urlTemplate":"https:\/\/antderground.com\/it\/?s={search_term_string}"},"query-input":{"@type":"PropertyValueSpecification","valueRequired":true,"valueName":"search_term_string"}}],"inLanguage":"it-IT"},{"@type":["Person","Organization"],"@id":"https:\/\/antderground.com\/it\/#\/schema\/person\/0e322c505e84fe72c65e2f6d08f96b81","name":"Eric de Antderground","image":{"@type":"ImageObject","inLanguage":"it-IT","@id":"https:\/\/secure.gravatar.com\/avatar\/c49a1b9f79216d1498cb73c1e85cd47f4465dda35f2a94c03790d491bd4423c3?s=96&d=mm&r=g","url":"https:\/\/secure.gravatar.com\/avatar\/c49a1b9f79216d1498cb73c1e85cd47f4465dda35f2a94c03790d491bd4423c3?s=96&d=mm&r=g","contentUrl":"https:\/\/secure.gravatar.com\/avatar\/c49a1b9f79216d1498cb73c1e85cd47f4465dda35f2a94c03790d491bd4423c3?s=96&d=mm&r=g","caption":"Eric de Antderground"},"logo":{"@id":"https:\/\/secure.gravatar.com\/avatar\/c49a1b9f79216d1498cb73c1e85cd47f4465dda35f2a94c03790d491bd4423c3?s=96&d=mm&r=g"},"description":"Eric es el especialista y fundador de Antderground, con una amplia trayectoria en artr\u00f3podos y enfocado en la mirmecolog\u00eda y el dise\u00f1o de hormigueros artificiales. Su enfoque combina la innovaci\u00f3n t\u00e9cnica con el respeto por la biolog\u00eda de las hormigas, is\u00f3podos y otros, desarrollando sistemas de nidos modulares 3D y acr\u00edlicos que son referentes para aficionados y profesionales en toda Europa. Su objetivo es facilitar la cr\u00eda de hormigas y otros artr\u00f3podos mediante soluciones seguras y divulgaci\u00f3n de calidad.","sameAs":["https:\/\/antderground.com\/","https:\/\/www.youtube.com\/channel\/UCio72z7TlbufkAthAJIJfPw"]}]}},"_links":{"self":[{"href":"https:\/\/antderground.com\/it\/wp-json\/wp\/v2\/product\/40736","targetHints":{"allow":["GET"]}}],"collection":[{"href":"https:\/\/antderground.com\/it\/wp-json\/wp\/v2\/product"}],"about":[{"href":"https:\/\/antderground.com\/it\/wp-json\/wp\/v2\/types\/product"}],"version-history":[{"count":0,"href":"https:\/\/antderground.com\/it\/wp-json\/wp\/v2\/product\/40736\/revisions"}],"wp:featuredmedia":[{"embeddable":true,"href":"https:\/\/antderground.com\/it\/wp-json\/wp\/v2\/media\/40723"}],"wp:attachment":[{"href":"https:\/\/antderground.com\/it\/wp-json\/wp\/v2\/media?parent=40736"}],"wp:term":[{"taxonomy":"product_brand","embeddable":true,"href":"https:\/\/antderground.com\/it\/wp-json\/wp\/v2\/product_brand?post=40736"},{"taxonomy":"product_cat","embeddable":true,"href":"https:\/\/antderground.com\/it\/wp-json\/wp\/v2\/product_cat?post=40736"},{"taxonomy":"product_tag","embeddable":true,"href":"https:\/\/antderground.com\/it\/wp-json\/wp\/v2\/product_tag?post=40736"}],"curies":[{"name":"wp","href":"https:\/\/api.w.org\/{rel}","templated":true}]}}