{"id":41086,"date":"2025-03-10T11:44:39","date_gmt":"2025-03-10T10:44:39","guid":{"rendered":"https:\/\/www.antderground.com\/producto\/griglia-di-ventilazione-per-terrari-e-contenitori\/"},"modified":"2025-03-10T11:44:39","modified_gmt":"2025-03-10T10:44:39","slug":"griglia-di-ventilazione-per-terrari-e-contenitori","status":"publish","type":"product","link":"https:\/\/antderground.com\/it\/prodotto\/griglia-di-ventilazione-per-terrari-e-contenitori\/","title":{"rendered":"Griglia di ventilazione per terrari e contenitori"},"content":{"rendered":"","protected":false},"excerpt":{"rendered":"<p data-start=\"1283\" data-end=\"1580\">Ottimizza la ventilazione del tuo terrario o contenitore con questa griglia di ventilazione di alta qualit\u00e0. Il suo design con filetto da 38 mm e diametro esterno da 50 mm consente un&#8217;installazione sicura in diversi tipi di recipienti. Di colore nero, offre un&#8217;estetica discreta e professionale.<\/p>\n<p data-start=\"1582\" data-end=\"1603\"><strong data-start=\"1586\" data-end=\"1601\">Dimensioni:<\/strong><\/p>\n<ul data-start=\"1604\" data-end=\"1658\">\n<li data-start=\"1604\" data-end=\"1635\"><strong data-start=\"1606\" data-end=\"1627\">Diametro esterno:<\/strong> 50 mm<\/li>\n<li data-start=\"1636\" data-end=\"1658\"><strong data-start=\"1638\" data-end=\"1650\">Filetto:<\/strong> 38 mm<\/li>\n<\/ul>\n<p data-start=\"1660\" data-end=\"1677\"><strong data-start=\"1664\" data-end=\"1675\">Colore:<\/strong><\/p>\n<ul data-start=\"1678\" data-end=\"1686\">\n<li data-start=\"1678\" data-end=\"1686\">Nero<\/li>\n<\/ul>\n<p data-start=\"1688\" data-end=\"1707\"><strong data-start=\"1692\" data-end=\"1705\">Vantaggi:<\/strong><\/p>\n<p data-start=\"1708\" data-end=\"2070\">\u2705 <strong data-start=\"1710\" data-end=\"1748\">Migliora la circolazione dell&#8217;aria<\/strong>, evitando l&#8217;accumulo eccessivo di umidit\u00e0 e favorendo un ambiente sano.<br data-start=\"1820\" data-end=\"1823\" \/>\u2705 <strong data-start=\"1825\" data-end=\"1849\">Materiale resistente<\/strong>, ideale per ambienti con elevata umidit\u00e0 o temperature variabili.<br data-start=\"1915\" data-end=\"1918\" \/>\u2705 <strong data-start=\"1920\" data-end=\"1948\">Non adatta alle formiche<\/strong>, poich\u00e9 la rete non \u00e8 abbastanza fine da trattenerle, ma perfetta per rettili, anfibi e insetti di maggiori dimensioni.<\/p>\n<p data-start=\"2072\" data-end=\"2163\">Perfetta per garantire un flusso d&#8217;aria ottimale in terrari e contenitori di allevamento.<\/p>\n","protected":false},"featured_media":40928,"template":"","meta":[],"product_brand":[],"product_cat":[339,426],"product_tag":[],"class_list":{"0":"post-41086","1":"product","2":"type-product","3":"status-publish","4":"has-post-thumbnail","6":"product_cat-accessori","7":"product_cat-terrari","9":"first","10":"instock","11":"shipping-taxable","12":"purchasable","13":"product-type-simple"},"yoast_head":"<!-- This site is optimized with the Yoast SEO plugin v27.4 - https:\/\/yoast.com\/product\/yoast-seo-wordpress\/ -->\n<title>Griglia di ventilazione per terrari e contenitori - ANTDERGROUND<\/title>\n<meta name=\"description\" content=\"Griglia di ventilazione nera (50 mm, filetto 38 mm) per terrari e contenitori. Migliora la circolazione dell&#039;aria \ud83c\udf3f Non adatta alle formiche! \ud83d\udeab\ud83d\udc1c\" \/>\n<meta name=\"robots\" content=\"index, follow, max-snippet:-1, max-image-preview:large, max-video-preview:-1\" \/>\n<link rel=\"canonical\" href=\"https:\/\/antderground.com\/it\/prodotto\/griglia-di-ventilazione-per-terrari-e-contenitori\/\" \/>\n<meta property=\"og:locale\" content=\"it_IT\" \/>\n<meta property=\"og:type\" content=\"article\" \/>\n<meta property=\"og:title\" content=\"Griglia di ventilazione per terrari e contenitori - ANTDERGROUND\" \/>\n<meta property=\"og:description\" content=\"Griglia di ventilazione nera (50 mm, filetto 38 mm) per terrari e contenitori. Migliora la circolazione dell&#039;aria \ud83c\udf3f Non adatta alle formiche! \ud83d\udeab\ud83d\udc1c\" \/>\n<meta property=\"og:url\" content=\"https:\/\/antderground.com\/it\/prodotto\/griglia-di-ventilazione-per-terrari-e-contenitori\/\" \/>\n<meta property=\"og:site_name\" content=\"ANTDERGROUND\" \/>\n<meta property=\"og:image\" content=\"https:\/\/antderground.com\/wp-content\/uploads\/2025\/03\/Rejilla-de-ventilacion-para-terrarios-y-tuppers-1.jpeg\" \/>\n\t<meta property=\"og:image:width\" content=\"1600\" \/>\n\t<meta property=\"og:image:height\" content=\"1600\" \/>\n\t<meta property=\"og:image:type\" content=\"image\/jpeg\" \/>\n<meta name=\"twitter:card\" content=\"summary_large_image\" \/>\n<script type=\"application\/ld+json\" class=\"yoast-schema-graph\">{\"@context\":\"https:\\\/\\\/schema.org\",\"@graph\":[{\"@type\":\"WebPage\",\"@id\":\"https:\\\/\\\/antderground.com\\\/it\\\/prodotto\\\/griglia-di-ventilazione-per-terrari-e-contenitori\\\/\",\"url\":\"https:\\\/\\\/antderground.com\\\/it\\\/prodotto\\\/griglia-di-ventilazione-per-terrari-e-contenitori\\\/\",\"name\":\"Griglia di ventilazione per terrari e contenitori - ANTDERGROUND\",\"isPartOf\":{\"@id\":\"https:\\\/\\\/antderground.com\\\/it\\\/#website\"},\"primaryImageOfPage\":{\"@id\":\"https:\\\/\\\/antderground.com\\\/it\\\/prodotto\\\/griglia-di-ventilazione-per-terrari-e-contenitori\\\/#primaryimage\"},\"image\":{\"@id\":\"https:\\\/\\\/antderground.com\\\/it\\\/prodotto\\\/griglia-di-ventilazione-per-terrari-e-contenitori\\\/#primaryimage\"},\"thumbnailUrl\":\"https:\\\/\\\/antderground.com\\\/wp-content\\\/uploads\\\/2025\\\/03\\\/Rejilla-de-ventilacion-para-terrarios-y-tuppers-1.jpeg\",\"datePublished\":\"2025-03-10T10:44:39+00:00\",\"description\":\"Griglia di ventilazione nera (50 mm, filetto 38 mm) per terrari e contenitori. Migliora la circolazione dell'aria \ud83c\udf3f Non adatta alle formiche! \ud83d\udeab\ud83d\udc1c\",\"breadcrumb\":{\"@id\":\"https:\\\/\\\/antderground.com\\\/it\\\/prodotto\\\/griglia-di-ventilazione-per-terrari-e-contenitori\\\/#breadcrumb\"},\"inLanguage\":\"it-IT\",\"potentialAction\":[{\"@type\":\"ReadAction\",\"target\":[\"https:\\\/\\\/antderground.com\\\/it\\\/prodotto\\\/griglia-di-ventilazione-per-terrari-e-contenitori\\\/\"]}]},{\"@type\":\"ImageObject\",\"inLanguage\":\"it-IT\",\"@id\":\"https:\\\/\\\/antderground.com\\\/it\\\/prodotto\\\/griglia-di-ventilazione-per-terrari-e-contenitori\\\/#primaryimage\",\"url\":\"https:\\\/\\\/antderground.com\\\/wp-content\\\/uploads\\\/2025\\\/03\\\/Rejilla-de-ventilacion-para-terrarios-y-tuppers-1.jpeg\",\"contentUrl\":\"https:\\\/\\\/antderground.com\\\/wp-content\\\/uploads\\\/2025\\\/03\\\/Rejilla-de-ventilacion-para-terrarios-y-tuppers-1.jpeg\",\"width\":1600,\"height\":1600,\"caption\":\"Rejilla de ventilacion para terrarios y tuppers 1\"},{\"@type\":\"BreadcrumbList\",\"@id\":\"https:\\\/\\\/antderground.com\\\/it\\\/prodotto\\\/griglia-di-ventilazione-per-terrari-e-contenitori\\\/#breadcrumb\",\"itemListElement\":[{\"@type\":\"ListItem\",\"position\":1,\"name\":\"Portada\",\"item\":\"https:\\\/\\\/antderground.com\\\/it\\\/\"},{\"@type\":\"ListItem\",\"position\":2,\"name\":\"Prodotti\",\"item\":\"https:\\\/\\\/antderground.com\\\/it\\\/prodotti\\\/\"},{\"@type\":\"ListItem\",\"position\":3,\"name\":\"Griglia di ventilazione per terrari e contenitori\"}]},{\"@type\":\"WebSite\",\"@id\":\"https:\\\/\\\/antderground.com\\\/it\\\/#website\",\"url\":\"https:\\\/\\\/antderground.com\\\/it\\\/\",\"name\":\"ANTDERGROUND\",\"description\":\"Tu tienda de hormigas, gran variedad de hormigueros acr\u00edlicos,madera,arena,3D y mas.. Pide tus hormigas gratis con tu pedido, somos expertos en hormigueros antifugas.\",\"publisher\":{\"@id\":\"https:\\\/\\\/antderground.com\\\/it\\\/#\\\/schema\\\/person\\\/0e322c505e84fe72c65e2f6d08f96b81\"},\"alternateName\":\"Antderground\",\"potentialAction\":[{\"@type\":\"SearchAction\",\"target\":{\"@type\":\"EntryPoint\",\"urlTemplate\":\"https:\\\/\\\/antderground.com\\\/it\\\/?s={search_term_string}\"},\"query-input\":{\"@type\":\"PropertyValueSpecification\",\"valueRequired\":true,\"valueName\":\"search_term_string\"}}],\"inLanguage\":\"it-IT\"},{\"@type\":[\"Person\",\"Organization\"],\"@id\":\"https:\\\/\\\/antderground.com\\\/it\\\/#\\\/schema\\\/person\\\/0e322c505e84fe72c65e2f6d08f96b81\",\"name\":\"Eric de Antderground\",\"image\":{\"@type\":\"ImageObject\",\"inLanguage\":\"it-IT\",\"@id\":\"https:\\\/\\\/secure.gravatar.com\\\/avatar\\\/c49a1b9f79216d1498cb73c1e85cd47f4465dda35f2a94c03790d491bd4423c3?s=96&d=mm&r=g\",\"url\":\"https:\\\/\\\/secure.gravatar.com\\\/avatar\\\/c49a1b9f79216d1498cb73c1e85cd47f4465dda35f2a94c03790d491bd4423c3?s=96&d=mm&r=g\",\"contentUrl\":\"https:\\\/\\\/secure.gravatar.com\\\/avatar\\\/c49a1b9f79216d1498cb73c1e85cd47f4465dda35f2a94c03790d491bd4423c3?s=96&d=mm&r=g\",\"caption\":\"Eric de Antderground\"},\"logo\":{\"@id\":\"https:\\\/\\\/secure.gravatar.com\\\/avatar\\\/c49a1b9f79216d1498cb73c1e85cd47f4465dda35f2a94c03790d491bd4423c3?s=96&d=mm&r=g\"},\"description\":\"Eric es el especialista y fundador de Antderground, con una amplia trayectoria en artr\u00f3podos y enfocado en la mirmecolog\u00eda y el dise\u00f1o de hormigueros artificiales. Su enfoque combina la innovaci\u00f3n t\u00e9cnica con el respeto por la biolog\u00eda de las hormigas, is\u00f3podos y otros, desarrollando sistemas de nidos modulares 3D y acr\u00edlicos que son referentes para aficionados y profesionales en toda Europa. Su objetivo es facilitar la cr\u00eda de hormigas y otros artr\u00f3podos mediante soluciones seguras y divulgaci\u00f3n de calidad.\",\"sameAs\":[\"https:\\\/\\\/antderground.com\\\/\",\"https:\\\/\\\/www.youtube.com\\\/channel\\\/UCio72z7TlbufkAthAJIJfPw\"]}]}<\/script>\n<!-- \/ Yoast SEO plugin. -->","yoast_head_json":{"title":"Griglia di ventilazione per terrari e contenitori - ANTDERGROUND","description":"Griglia di ventilazione nera (50 mm, filetto 38 mm) per terrari e contenitori. Migliora la circolazione dell'aria \ud83c\udf3f Non adatta alle formiche! \ud83d\udeab\ud83d\udc1c","robots":{"index":"index","follow":"follow","max-snippet":"max-snippet:-1","max-image-preview":"max-image-preview:large","max-video-preview":"max-video-preview:-1"},"canonical":"https:\/\/antderground.com\/it\/prodotto\/griglia-di-ventilazione-per-terrari-e-contenitori\/","og_locale":"it_IT","og_type":"article","og_title":"Griglia di ventilazione per terrari e contenitori - ANTDERGROUND","og_description":"Griglia di ventilazione nera (50 mm, filetto 38 mm) per terrari e contenitori. Migliora la circolazione dell'aria \ud83c\udf3f Non adatta alle formiche! \ud83d\udeab\ud83d\udc1c","og_url":"https:\/\/antderground.com\/it\/prodotto\/griglia-di-ventilazione-per-terrari-e-contenitori\/","og_site_name":"ANTDERGROUND","og_image":[{"width":1600,"height":1600,"url":"https:\/\/antderground.com\/wp-content\/uploads\/2025\/03\/Rejilla-de-ventilacion-para-terrarios-y-tuppers-1.jpeg","type":"image\/jpeg"}],"twitter_card":"summary_large_image","schema":{"@context":"https:\/\/schema.org","@graph":[{"@type":"WebPage","@id":"https:\/\/antderground.com\/it\/prodotto\/griglia-di-ventilazione-per-terrari-e-contenitori\/","url":"https:\/\/antderground.com\/it\/prodotto\/griglia-di-ventilazione-per-terrari-e-contenitori\/","name":"Griglia di ventilazione per terrari e contenitori - ANTDERGROUND","isPartOf":{"@id":"https:\/\/antderground.com\/it\/#website"},"primaryImageOfPage":{"@id":"https:\/\/antderground.com\/it\/prodotto\/griglia-di-ventilazione-per-terrari-e-contenitori\/#primaryimage"},"image":{"@id":"https:\/\/antderground.com\/it\/prodotto\/griglia-di-ventilazione-per-terrari-e-contenitori\/#primaryimage"},"thumbnailUrl":"https:\/\/antderground.com\/wp-content\/uploads\/2025\/03\/Rejilla-de-ventilacion-para-terrarios-y-tuppers-1.jpeg","datePublished":"2025-03-10T10:44:39+00:00","description":"Griglia di ventilazione nera (50 mm, filetto 38 mm) per terrari e contenitori. Migliora la circolazione dell'aria \ud83c\udf3f Non adatta alle formiche! \ud83d\udeab\ud83d\udc1c","breadcrumb":{"@id":"https:\/\/antderground.com\/it\/prodotto\/griglia-di-ventilazione-per-terrari-e-contenitori\/#breadcrumb"},"inLanguage":"it-IT","potentialAction":[{"@type":"ReadAction","target":["https:\/\/antderground.com\/it\/prodotto\/griglia-di-ventilazione-per-terrari-e-contenitori\/"]}]},{"@type":"ImageObject","inLanguage":"it-IT","@id":"https:\/\/antderground.com\/it\/prodotto\/griglia-di-ventilazione-per-terrari-e-contenitori\/#primaryimage","url":"https:\/\/antderground.com\/wp-content\/uploads\/2025\/03\/Rejilla-de-ventilacion-para-terrarios-y-tuppers-1.jpeg","contentUrl":"https:\/\/antderground.com\/wp-content\/uploads\/2025\/03\/Rejilla-de-ventilacion-para-terrarios-y-tuppers-1.jpeg","width":1600,"height":1600,"caption":"Rejilla de ventilacion para terrarios y tuppers 1"},{"@type":"BreadcrumbList","@id":"https:\/\/antderground.com\/it\/prodotto\/griglia-di-ventilazione-per-terrari-e-contenitori\/#breadcrumb","itemListElement":[{"@type":"ListItem","position":1,"name":"Portada","item":"https:\/\/antderground.com\/it\/"},{"@type":"ListItem","position":2,"name":"Prodotti","item":"https:\/\/antderground.com\/it\/prodotti\/"},{"@type":"ListItem","position":3,"name":"Griglia di ventilazione per terrari e contenitori"}]},{"@type":"WebSite","@id":"https:\/\/antderground.com\/it\/#website","url":"https:\/\/antderground.com\/it\/","name":"ANTDERGROUND","description":"Tu tienda de hormigas, gran variedad de hormigueros acr\u00edlicos,madera,arena,3D y mas.. Pide tus hormigas gratis con tu pedido, somos expertos en hormigueros antifugas.","publisher":{"@id":"https:\/\/antderground.com\/it\/#\/schema\/person\/0e322c505e84fe72c65e2f6d08f96b81"},"alternateName":"Antderground","potentialAction":[{"@type":"SearchAction","target":{"@type":"EntryPoint","urlTemplate":"https:\/\/antderground.com\/it\/?s={search_term_string}"},"query-input":{"@type":"PropertyValueSpecification","valueRequired":true,"valueName":"search_term_string"}}],"inLanguage":"it-IT"},{"@type":["Person","Organization"],"@id":"https:\/\/antderground.com\/it\/#\/schema\/person\/0e322c505e84fe72c65e2f6d08f96b81","name":"Eric de Antderground","image":{"@type":"ImageObject","inLanguage":"it-IT","@id":"https:\/\/secure.gravatar.com\/avatar\/c49a1b9f79216d1498cb73c1e85cd47f4465dda35f2a94c03790d491bd4423c3?s=96&d=mm&r=g","url":"https:\/\/secure.gravatar.com\/avatar\/c49a1b9f79216d1498cb73c1e85cd47f4465dda35f2a94c03790d491bd4423c3?s=96&d=mm&r=g","contentUrl":"https:\/\/secure.gravatar.com\/avatar\/c49a1b9f79216d1498cb73c1e85cd47f4465dda35f2a94c03790d491bd4423c3?s=96&d=mm&r=g","caption":"Eric de Antderground"},"logo":{"@id":"https:\/\/secure.gravatar.com\/avatar\/c49a1b9f79216d1498cb73c1e85cd47f4465dda35f2a94c03790d491bd4423c3?s=96&d=mm&r=g"},"description":"Eric es el especialista y fundador de Antderground, con una amplia trayectoria en artr\u00f3podos y enfocado en la mirmecolog\u00eda y el dise\u00f1o de hormigueros artificiales. Su enfoque combina la innovaci\u00f3n t\u00e9cnica con el respeto por la biolog\u00eda de las hormigas, is\u00f3podos y otros, desarrollando sistemas de nidos modulares 3D y acr\u00edlicos que son referentes para aficionados y profesionales en toda Europa. Su objetivo es facilitar la cr\u00eda de hormigas y otros artr\u00f3podos mediante soluciones seguras y divulgaci\u00f3n de calidad.","sameAs":["https:\/\/antderground.com\/","https:\/\/www.youtube.com\/channel\/UCio72z7TlbufkAthAJIJfPw"]}]}},"_links":{"self":[{"href":"https:\/\/antderground.com\/it\/wp-json\/wp\/v2\/product\/41086","targetHints":{"allow":["GET"]}}],"collection":[{"href":"https:\/\/antderground.com\/it\/wp-json\/wp\/v2\/product"}],"about":[{"href":"https:\/\/antderground.com\/it\/wp-json\/wp\/v2\/types\/product"}],"version-history":[{"count":0,"href":"https:\/\/antderground.com\/it\/wp-json\/wp\/v2\/product\/41086\/revisions"}],"wp:featuredmedia":[{"embeddable":true,"href":"https:\/\/antderground.com\/it\/wp-json\/wp\/v2\/media\/40928"}],"wp:attachment":[{"href":"https:\/\/antderground.com\/it\/wp-json\/wp\/v2\/media?parent=41086"}],"wp:term":[{"taxonomy":"product_brand","embeddable":true,"href":"https:\/\/antderground.com\/it\/wp-json\/wp\/v2\/product_brand?post=41086"},{"taxonomy":"product_cat","embeddable":true,"href":"https:\/\/antderground.com\/it\/wp-json\/wp\/v2\/product_cat?post=41086"},{"taxonomy":"product_tag","embeddable":true,"href":"https:\/\/antderground.com\/it\/wp-json\/wp\/v2\/product_tag?post=41086"}],"curies":[{"name":"wp","href":"https:\/\/api.w.org\/{rel}","templated":true}]}}