{"id":41176,"date":"2025-03-21T16:33:02","date_gmt":"2025-03-21T15:33:02","guid":{"rendered":"https:\/\/www.antderground.com\/producto\/grammostola-rosea-red\/"},"modified":"2025-03-21T16:33:02","modified_gmt":"2025-03-21T15:33:02","slug":"grammostola-rosea-red","status":"publish","type":"product","link":"https:\/\/antderground.com\/it\/prodotto\/grammostola-rosea-red\/","title":{"rendered":"Grammostola rosea &#8220;Red&#8221;"},"content":{"rendered":"<h4 class=\"\" data-start=\"34\" data-end=\"84\"><strong data-start=\"39\" data-end=\"82\">Scheda tecnica: Grammostola rosea &#8220;Red&#8221;<\/strong><\/h4>\n<p class=\"\" data-start=\"85\" data-end=\"247\"><strong data-start=\"85\" data-end=\"101\">Nome comune:<\/strong> Tarantola cilena rossa<br data-start=\"124\" data-end=\"127\" \/><strong data-start=\"127\" data-end=\"148\">Nome scientifico:<\/strong> <em data-start=\"149\" data-end=\"168\">Grammostola rosea<\/em> &#8220;Red&#8221;<br data-start=\"174\" data-end=\"177\" \/><strong data-start=\"177\" data-end=\"190\">Famiglia:<\/strong> Theraphosidae<br data-start=\"204\" data-end=\"207\" \/><strong data-start=\"207\" data-end=\"219\">Origine:<\/strong> Cile, Argentina e Bolivia<\/p>\n<h3 class=\"\" data-start=\"249\" data-end=\"270\"><strong data-start=\"253\" data-end=\"268\">Descrizione<\/strong><\/h3>\n<p class=\"\" data-start=\"271\" data-end=\"596\">La <em data-start=\"274\" data-end=\"293\">Grammostola rosea<\/em> &#8220;Red&#8221; \u00e8 una variante della tarantola cilena, caratterizzata da una colorazione rossa pi\u00f9 intensa rispetto alla forma classica. Il suo corpo \u00e8 ricoperto di fini peli che variano tra tonalit\u00e0 di rosso, marrone e arancione. \u00c8 una specie robusta e longeva, con un\u2019apertura delle zampe tra i 12 e i 15 cm.<\/p>\n<h3 class=\"\" data-start=\"598\" data-end=\"621\"><strong data-start=\"602\" data-end=\"619\">Comportamento<\/strong><\/h3>\n<p class=\"\" data-start=\"622\" data-end=\"894\">Tarantola terrestre dal temperamento generalmente calmo e docile, ma pu\u00f2 mostrare occasionalmente atteggiamenti aggressivi. \u00c8 poco attiva e pu\u00f2 rimanere a lungo senza nutrirsi. Raramente utilizza i suoi peli urticanti e preferisce l\u2019intimidazione passiva per difendersi.<\/p>\n<h3 class=\"\" data-start=\"896\" data-end=\"927\"><strong data-start=\"900\" data-end=\"925\">Esigenze del terrario<\/strong><\/h3>\n<ul data-start=\"928\" data-end=\"1220\">\n<li class=\"\" data-start=\"928\" data-end=\"966\">\n<p class=\"\" data-start=\"930\" data-end=\"966\"><strong data-start=\"930\" data-end=\"945\">Dimensioni:<\/strong> Minimo 30x30x30 cm<\/p>\n<\/li>\n<li class=\"\" data-start=\"967\" data-end=\"1041\">\n<p class=\"\" data-start=\"969\" data-end=\"1041\"><strong data-start=\"969\" data-end=\"983\">Substrato:<\/strong> Torba, fibra di cocco o muschio (5-10 cm di profondit\u00e0)<\/p>\n<\/li>\n<li class=\"\" data-start=\"1042\" data-end=\"1065\">\n<p class=\"\" data-start=\"1044\" data-end=\"1065\"><strong data-start=\"1044\" data-end=\"1056\">Umidit\u00e0:<\/strong> 50-70%<\/p>\n<\/li>\n<li class=\"\" data-start=\"1066\" data-end=\"1094\">\n<p class=\"\" data-start=\"1068\" data-end=\"1094\"><strong data-start=\"1068\" data-end=\"1084\">Temperatura:<\/strong> 22-26\u00b0C<\/p>\n<\/li>\n<li class=\"\" data-start=\"1095\" data-end=\"1154\">\n<p class=\"\" data-start=\"1097\" data-end=\"1154\"><strong data-start=\"1097\" data-end=\"1113\">Decorazioni:<\/strong> Rami, nascondigli e piante artificiali<\/p>\n<\/li>\n<li class=\"\" data-start=\"1155\" data-end=\"1220\">\n<p class=\"\" data-start=\"1157\" data-end=\"1220\"><strong data-start=\"1157\" data-end=\"1175\">Illuminazione:<\/strong> Nessuna illuminazione specifica necessaria<\/p>\n<\/li>\n<\/ul>\n<h3 class=\"\" data-start=\"1222\" data-end=\"1245\"><strong data-start=\"1226\" data-end=\"1243\">Alimentazione<\/strong><\/h3>\n<p class=\"\" data-start=\"1246\" data-end=\"1409\">Si nutre di insetti vivi come grilli, blatte, cavallette e occasionalmente piccoli topi per gli esemplari adulti. La frequenza di alimentazione dipende dall\u2019et\u00e0:<\/p>\n<ul data-start=\"1410\" data-end=\"1504\">\n<li class=\"\" data-start=\"1410\" data-end=\"1448\">\n<p class=\"\" data-start=\"1412\" data-end=\"1448\"><strong data-start=\"1412\" data-end=\"1424\">Giovani:<\/strong> 2-3 volte a settimana<\/p>\n<\/li>\n<li class=\"\" data-start=\"1449\" data-end=\"1504\">\n<p class=\"\" data-start=\"1451\" data-end=\"1504\"><strong data-start=\"1451\" data-end=\"1462\">Adulti:<\/strong> 1 volta a settimana o ogni 10-15 giorni<\/p>\n<\/li>\n<\/ul>\n<h3 class=\"\" data-start=\"1506\" data-end=\"1528\"><strong data-start=\"1510\" data-end=\"1526\">Riproduzione<\/strong><\/h3>\n<p class=\"\" data-start=\"1529\" data-end=\"1689\">L\u2019accoppiamento deve avvenire con cautela a causa del rischio di cannibalismo. La femmina pu\u00f2 deporre tra 100 e 500 uova, che si schiudono dopo 6-8 settimane.<\/p>\n<h3 class=\"\" data-start=\"1691\" data-end=\"1710\"><strong data-start=\"1695\" data-end=\"1708\">Tossicit\u00e0<\/strong><\/h3>\n<p class=\"\" data-start=\"1711\" data-end=\"1852\">Il veleno ha una bassa pericolosit\u00e0 per l\u2019uomo, simile a una puntura d\u2019ape. Tuttavia, soggetti sensibili possono avere reazioni allergiche.<\/p>\n<h3 class=\"\" data-start=\"1854\" data-end=\"1868\"><strong data-start=\"1858\" data-end=\"1866\">Note<\/strong><\/h3>\n<ul data-start=\"1869\" data-end=\"2093\">\n<li class=\"\" data-start=\"1869\" data-end=\"1927\">\n<p class=\"\" data-start=\"1871\" data-end=\"1927\">Evitare manipolazioni frequenti per ridurre lo stress.<\/p>\n<\/li>\n<li class=\"\" data-start=\"1928\" data-end=\"2006\">\n<p class=\"\" data-start=\"1930\" data-end=\"2006\">Pu\u00f2 rimanere per lunghi periodi senza nutrirsi senza rischi per la salute.<\/p>\n<\/li>\n<li class=\"\" data-start=\"2007\" data-end=\"2093\">\n<p class=\"\" data-start=\"2009\" data-end=\"2093\">Perfetta per i principianti grazie alla sua resistenza e alla facile manutenzione.<\/p>\n<\/li>\n<\/ul>\n","protected":false},"excerpt":{"rendered":"<p>Scopri la <em data-start=\"2320\" data-end=\"2339\">Grammostola rosea<\/em> &#8220;Red&#8221;, una tarantola affascinante dal temperamento calmo e dalla bellezza ipnotica. Ideale per i principianti, \u00e8 resistente e facile da mantenere. Il suo colore rosso intenso la rende unica. Aggiungila alla tua collezione!<\/p>\n","protected":false},"featured_media":41145,"template":"","meta":[],"product_brand":[],"product_cat":[481,587],"product_tag":[],"class_list":{"0":"post-41176","1":"product","2":"type-product","3":"status-publish","4":"has-post-thumbnail","6":"product_cat-artropodi","7":"product_cat-tarantole","9":"first","10":"outofstock","11":"shipping-taxable","12":"purchasable","13":"product-type-variable"},"yoast_head":"<!-- This site is optimized with the Yoast SEO plugin v27.3 - https:\/\/yoast.com\/product\/yoast-seo-wordpress\/ -->\n<title>Grammostola rosea &quot;Red&quot; | Tarantola esotica - ANTDERGROUND<\/title>\n<meta name=\"description\" content=\"Scopri la Grammostola rosea &quot;Red&quot; \ud83d\udd77\ufe0f, una tarantola esotica, resistente e affascinante. Perfetta per gli amanti degli aracnidi! \ud83c\udf3f\" \/>\n<meta name=\"robots\" content=\"index, follow, max-snippet:-1, max-image-preview:large, max-video-preview:-1\" \/>\n<link rel=\"canonical\" href=\"https:\/\/antderground.com\/it\/prodotto\/grammostola-rosea-red\/\" \/>\n<meta property=\"og:locale\" content=\"it_IT\" \/>\n<meta property=\"og:type\" content=\"article\" \/>\n<meta property=\"og:title\" content=\"Grammostola rosea &quot;Red&quot; | Tarantola esotica - ANTDERGROUND\" \/>\n<meta property=\"og:description\" content=\"Scopri la Grammostola rosea &quot;Red&quot; \ud83d\udd77\ufe0f, una tarantola esotica, resistente e affascinante. Perfetta per gli amanti degli aracnidi! \ud83c\udf3f\" \/>\n<meta property=\"og:url\" content=\"https:\/\/antderground.com\/it\/prodotto\/grammostola-rosea-red\/\" \/>\n<meta property=\"og:site_name\" content=\"ANTDERGROUND\" \/>\n<meta property=\"og:image\" content=\"https:\/\/antderground.com\/wp-content\/uploads\/2025\/03\/Grammostola-rosea-22red22.jpeg\" \/>\n\t<meta property=\"og:image:width\" content=\"1600\" \/>\n\t<meta property=\"og:image:height\" content=\"1600\" \/>\n\t<meta property=\"og:image:type\" content=\"image\/jpeg\" \/>\n<meta name=\"twitter:card\" content=\"summary_large_image\" \/>\n<meta name=\"twitter:label1\" content=\"Tempo di lettura stimato\" \/>\n\t<meta name=\"twitter:data1\" content=\"1 minuto\" \/>\n<script type=\"application\/ld+json\" class=\"yoast-schema-graph\">{\"@context\":\"https:\\\/\\\/schema.org\",\"@graph\":[{\"@type\":\"WebPage\",\"@id\":\"https:\\\/\\\/antderground.com\\\/it\\\/prodotto\\\/grammostola-rosea-red\\\/\",\"url\":\"https:\\\/\\\/antderground.com\\\/it\\\/prodotto\\\/grammostola-rosea-red\\\/\",\"name\":\"Grammostola rosea \\\"Red\\\" | Tarantola esotica - ANTDERGROUND\",\"isPartOf\":{\"@id\":\"https:\\\/\\\/antderground.com\\\/it\\\/#website\"},\"primaryImageOfPage\":{\"@id\":\"https:\\\/\\\/antderground.com\\\/it\\\/prodotto\\\/grammostola-rosea-red\\\/#primaryimage\"},\"image\":{\"@id\":\"https:\\\/\\\/antderground.com\\\/it\\\/prodotto\\\/grammostola-rosea-red\\\/#primaryimage\"},\"thumbnailUrl\":\"https:\\\/\\\/antderground.com\\\/wp-content\\\/uploads\\\/2025\\\/03\\\/Grammostola-rosea-22red22.jpeg\",\"datePublished\":\"2025-03-21T15:33:02+00:00\",\"description\":\"Scopri la Grammostola rosea \\\"Red\\\" \ud83d\udd77\ufe0f, una tarantola esotica, resistente e affascinante. Perfetta per gli amanti degli aracnidi! \ud83c\udf3f\",\"breadcrumb\":{\"@id\":\"https:\\\/\\\/antderground.com\\\/it\\\/prodotto\\\/grammostola-rosea-red\\\/#breadcrumb\"},\"inLanguage\":\"it-IT\",\"potentialAction\":[{\"@type\":\"ReadAction\",\"target\":[\"https:\\\/\\\/antderground.com\\\/it\\\/prodotto\\\/grammostola-rosea-red\\\/\"]}]},{\"@type\":\"ImageObject\",\"inLanguage\":\"it-IT\",\"@id\":\"https:\\\/\\\/antderground.com\\\/it\\\/prodotto\\\/grammostola-rosea-red\\\/#primaryimage\",\"url\":\"https:\\\/\\\/antderground.com\\\/wp-content\\\/uploads\\\/2025\\\/03\\\/Grammostola-rosea-22red22.jpeg\",\"contentUrl\":\"https:\\\/\\\/antderground.com\\\/wp-content\\\/uploads\\\/2025\\\/03\\\/Grammostola-rosea-22red22.jpeg\",\"width\":1600,\"height\":1600,\"caption\":\"Grammostola rosea red\"},{\"@type\":\"BreadcrumbList\",\"@id\":\"https:\\\/\\\/antderground.com\\\/it\\\/prodotto\\\/grammostola-rosea-red\\\/#breadcrumb\",\"itemListElement\":[{\"@type\":\"ListItem\",\"position\":1,\"name\":\"Portada\",\"item\":\"https:\\\/\\\/antderground.com\\\/it\\\/\"},{\"@type\":\"ListItem\",\"position\":2,\"name\":\"Prodotti\",\"item\":\"https:\\\/\\\/antderground.com\\\/it\\\/prodotti\\\/\"},{\"@type\":\"ListItem\",\"position\":3,\"name\":\"Grammostola rosea &#8220;Red&#8221;\"}]},{\"@type\":\"WebSite\",\"@id\":\"https:\\\/\\\/antderground.com\\\/it\\\/#website\",\"url\":\"https:\\\/\\\/antderground.com\\\/it\\\/\",\"name\":\"ANTDERGROUND\",\"description\":\"Tu tienda de hormigas, gran variedad de hormigueros acr\u00edlicos,madera,arena,3D y mas.. Pide tus hormigas gratis con tu pedido, somos expertos en hormigueros antifugas.\",\"publisher\":{\"@id\":\"https:\\\/\\\/antderground.com\\\/it\\\/#\\\/schema\\\/person\\\/0e322c505e84fe72c65e2f6d08f96b81\"},\"alternateName\":\"Antderground\",\"potentialAction\":[{\"@type\":\"SearchAction\",\"target\":{\"@type\":\"EntryPoint\",\"urlTemplate\":\"https:\\\/\\\/antderground.com\\\/it\\\/?s={search_term_string}\"},\"query-input\":{\"@type\":\"PropertyValueSpecification\",\"valueRequired\":true,\"valueName\":\"search_term_string\"}}],\"inLanguage\":\"it-IT\"},{\"@type\":[\"Person\",\"Organization\"],\"@id\":\"https:\\\/\\\/antderground.com\\\/it\\\/#\\\/schema\\\/person\\\/0e322c505e84fe72c65e2f6d08f96b81\",\"name\":\"Eric de Antderground\",\"image\":{\"@type\":\"ImageObject\",\"inLanguage\":\"it-IT\",\"@id\":\"https:\\\/\\\/secure.gravatar.com\\\/avatar\\\/c49a1b9f79216d1498cb73c1e85cd47f4465dda35f2a94c03790d491bd4423c3?s=96&d=mm&r=g\",\"url\":\"https:\\\/\\\/secure.gravatar.com\\\/avatar\\\/c49a1b9f79216d1498cb73c1e85cd47f4465dda35f2a94c03790d491bd4423c3?s=96&d=mm&r=g\",\"contentUrl\":\"https:\\\/\\\/secure.gravatar.com\\\/avatar\\\/c49a1b9f79216d1498cb73c1e85cd47f4465dda35f2a94c03790d491bd4423c3?s=96&d=mm&r=g\",\"caption\":\"Eric de Antderground\"},\"logo\":{\"@id\":\"https:\\\/\\\/secure.gravatar.com\\\/avatar\\\/c49a1b9f79216d1498cb73c1e85cd47f4465dda35f2a94c03790d491bd4423c3?s=96&d=mm&r=g\"},\"description\":\"Eric es el especialista y fundador de Antderground, con una amplia trayectoria en artr\u00f3podos y enfocado en la mirmecolog\u00eda y el dise\u00f1o de hormigueros artificiales. Su enfoque combina la innovaci\u00f3n t\u00e9cnica con el respeto por la biolog\u00eda de las hormigas, is\u00f3podos y otros, desarrollando sistemas de nidos modulares 3D y acr\u00edlicos que son referentes para aficionados y profesionales en toda Europa. Su objetivo es facilitar la cr\u00eda de hormigas y otros artr\u00f3podos mediante soluciones seguras y divulgaci\u00f3n de calidad.\",\"sameAs\":[\"https:\\\/\\\/antderground.com\\\/\",\"https:\\\/\\\/www.youtube.com\\\/channel\\\/UCio72z7TlbufkAthAJIJfPw\"]}]}<\/script>\n<!-- \/ Yoast SEO plugin. -->","yoast_head_json":{"title":"Grammostola rosea \"Red\" | Tarantola esotica - ANTDERGROUND","description":"Scopri la Grammostola rosea \"Red\" \ud83d\udd77\ufe0f, una tarantola esotica, resistente e affascinante. Perfetta per gli amanti degli aracnidi! \ud83c\udf3f","robots":{"index":"index","follow":"follow","max-snippet":"max-snippet:-1","max-image-preview":"max-image-preview:large","max-video-preview":"max-video-preview:-1"},"canonical":"https:\/\/antderground.com\/it\/prodotto\/grammostola-rosea-red\/","og_locale":"it_IT","og_type":"article","og_title":"Grammostola rosea \"Red\" | Tarantola esotica - ANTDERGROUND","og_description":"Scopri la Grammostola rosea \"Red\" \ud83d\udd77\ufe0f, una tarantola esotica, resistente e affascinante. Perfetta per gli amanti degli aracnidi! \ud83c\udf3f","og_url":"https:\/\/antderground.com\/it\/prodotto\/grammostola-rosea-red\/","og_site_name":"ANTDERGROUND","og_image":[{"width":1600,"height":1600,"url":"https:\/\/antderground.com\/wp-content\/uploads\/2025\/03\/Grammostola-rosea-22red22.jpeg","type":"image\/jpeg"}],"twitter_card":"summary_large_image","twitter_misc":{"Tempo di lettura stimato":"1 minuto"},"schema":{"@context":"https:\/\/schema.org","@graph":[{"@type":"WebPage","@id":"https:\/\/antderground.com\/it\/prodotto\/grammostola-rosea-red\/","url":"https:\/\/antderground.com\/it\/prodotto\/grammostola-rosea-red\/","name":"Grammostola rosea \"Red\" | Tarantola esotica - ANTDERGROUND","isPartOf":{"@id":"https:\/\/antderground.com\/it\/#website"},"primaryImageOfPage":{"@id":"https:\/\/antderground.com\/it\/prodotto\/grammostola-rosea-red\/#primaryimage"},"image":{"@id":"https:\/\/antderground.com\/it\/prodotto\/grammostola-rosea-red\/#primaryimage"},"thumbnailUrl":"https:\/\/antderground.com\/wp-content\/uploads\/2025\/03\/Grammostola-rosea-22red22.jpeg","datePublished":"2025-03-21T15:33:02+00:00","description":"Scopri la Grammostola rosea \"Red\" \ud83d\udd77\ufe0f, una tarantola esotica, resistente e affascinante. Perfetta per gli amanti degli aracnidi! \ud83c\udf3f","breadcrumb":{"@id":"https:\/\/antderground.com\/it\/prodotto\/grammostola-rosea-red\/#breadcrumb"},"inLanguage":"it-IT","potentialAction":[{"@type":"ReadAction","target":["https:\/\/antderground.com\/it\/prodotto\/grammostola-rosea-red\/"]}]},{"@type":"ImageObject","inLanguage":"it-IT","@id":"https:\/\/antderground.com\/it\/prodotto\/grammostola-rosea-red\/#primaryimage","url":"https:\/\/antderground.com\/wp-content\/uploads\/2025\/03\/Grammostola-rosea-22red22.jpeg","contentUrl":"https:\/\/antderground.com\/wp-content\/uploads\/2025\/03\/Grammostola-rosea-22red22.jpeg","width":1600,"height":1600,"caption":"Grammostola rosea red"},{"@type":"BreadcrumbList","@id":"https:\/\/antderground.com\/it\/prodotto\/grammostola-rosea-red\/#breadcrumb","itemListElement":[{"@type":"ListItem","position":1,"name":"Portada","item":"https:\/\/antderground.com\/it\/"},{"@type":"ListItem","position":2,"name":"Prodotti","item":"https:\/\/antderground.com\/it\/prodotti\/"},{"@type":"ListItem","position":3,"name":"Grammostola rosea &#8220;Red&#8221;"}]},{"@type":"WebSite","@id":"https:\/\/antderground.com\/it\/#website","url":"https:\/\/antderground.com\/it\/","name":"ANTDERGROUND","description":"Tu tienda de hormigas, gran variedad de hormigueros acr\u00edlicos,madera,arena,3D y mas.. Pide tus hormigas gratis con tu pedido, somos expertos en hormigueros antifugas.","publisher":{"@id":"https:\/\/antderground.com\/it\/#\/schema\/person\/0e322c505e84fe72c65e2f6d08f96b81"},"alternateName":"Antderground","potentialAction":[{"@type":"SearchAction","target":{"@type":"EntryPoint","urlTemplate":"https:\/\/antderground.com\/it\/?s={search_term_string}"},"query-input":{"@type":"PropertyValueSpecification","valueRequired":true,"valueName":"search_term_string"}}],"inLanguage":"it-IT"},{"@type":["Person","Organization"],"@id":"https:\/\/antderground.com\/it\/#\/schema\/person\/0e322c505e84fe72c65e2f6d08f96b81","name":"Eric de Antderground","image":{"@type":"ImageObject","inLanguage":"it-IT","@id":"https:\/\/secure.gravatar.com\/avatar\/c49a1b9f79216d1498cb73c1e85cd47f4465dda35f2a94c03790d491bd4423c3?s=96&d=mm&r=g","url":"https:\/\/secure.gravatar.com\/avatar\/c49a1b9f79216d1498cb73c1e85cd47f4465dda35f2a94c03790d491bd4423c3?s=96&d=mm&r=g","contentUrl":"https:\/\/secure.gravatar.com\/avatar\/c49a1b9f79216d1498cb73c1e85cd47f4465dda35f2a94c03790d491bd4423c3?s=96&d=mm&r=g","caption":"Eric de Antderground"},"logo":{"@id":"https:\/\/secure.gravatar.com\/avatar\/c49a1b9f79216d1498cb73c1e85cd47f4465dda35f2a94c03790d491bd4423c3?s=96&d=mm&r=g"},"description":"Eric es el especialista y fundador de Antderground, con una amplia trayectoria en artr\u00f3podos y enfocado en la mirmecolog\u00eda y el dise\u00f1o de hormigueros artificiales. Su enfoque combina la innovaci\u00f3n t\u00e9cnica con el respeto por la biolog\u00eda de las hormigas, is\u00f3podos y otros, desarrollando sistemas de nidos modulares 3D y acr\u00edlicos que son referentes para aficionados y profesionales en toda Europa. Su objetivo es facilitar la cr\u00eda de hormigas y otros artr\u00f3podos mediante soluciones seguras y divulgaci\u00f3n de calidad.","sameAs":["https:\/\/antderground.com\/","https:\/\/www.youtube.com\/channel\/UCio72z7TlbufkAthAJIJfPw"]}]}},"_links":{"self":[{"href":"https:\/\/antderground.com\/it\/wp-json\/wp\/v2\/product\/41176","targetHints":{"allow":["GET"]}}],"collection":[{"href":"https:\/\/antderground.com\/it\/wp-json\/wp\/v2\/product"}],"about":[{"href":"https:\/\/antderground.com\/it\/wp-json\/wp\/v2\/types\/product"}],"version-history":[{"count":0,"href":"https:\/\/antderground.com\/it\/wp-json\/wp\/v2\/product\/41176\/revisions"}],"wp:featuredmedia":[{"embeddable":true,"href":"https:\/\/antderground.com\/it\/wp-json\/wp\/v2\/media\/41145"}],"wp:attachment":[{"href":"https:\/\/antderground.com\/it\/wp-json\/wp\/v2\/media?parent=41176"}],"wp:term":[{"taxonomy":"product_brand","embeddable":true,"href":"https:\/\/antderground.com\/it\/wp-json\/wp\/v2\/product_brand?post=41176"},{"taxonomy":"product_cat","embeddable":true,"href":"https:\/\/antderground.com\/it\/wp-json\/wp\/v2\/product_cat?post=41176"},{"taxonomy":"product_tag","embeddable":true,"href":"https:\/\/antderground.com\/it\/wp-json\/wp\/v2\/product_tag?post=41176"}],"curies":[{"name":"wp","href":"https:\/\/api.w.org\/{rel}","templated":true}]}}